{"id":1118,"date":"2021-02-08T13:31:53","date_gmt":"2021-02-08T13:31:53","guid":{"rendered":"https:\/\/legandgo.com\/product\/bike-stand\/"},"modified":"2026-03-10T11:15:50","modified_gmt":"2026-03-10T09:15:50","slug":"bike-stand","status":"publish","type":"product","link":"https:\/\/legandgo.com\/fr\/shop\/accessories-fr\/bike-stand\/","title":{"rendered":"Support \u00e0 v\u00e9lo"},"content":{"rendered":"<p style=\"font-weight: 400;\">L\u00e9ger, lisse, naturel.<\/p>\n<p style=\"font-weight: 400;\">Fabriqu\u00e9 exclusivement pour les v\u00e9los Leg&amp;Go, notre support en bois de bouleau occupe un espace minimal tout en aidant votre enfant \u00e0 d\u00e9velopper une petite habitude du quotidien : ranger son v\u00e9lo pr\u00e9f\u00e9r\u00e9 apr\u00e8s une journ\u00e9e de balade. Facile \u00e0 utiliser pour les plus petits, il garde votre int\u00e9rieur plus ordonn\u00e9 et votre v\u00e9lo pr\u00eat pour la prochaine aventure.<\/p>\n<p style=\"font-weight: 400;\"><strong>Explorez davantage ci-dessous.<\/strong><\/p>\n","protected":false},"excerpt":{"rendered":"<p>L\u00e9ger, lisse, naturel. Fabriqu\u00e9 exclusivement pour les v\u00e9los Leg&amp;Go, notre support en bois de bouleau occupe un espace minimal tout en aidant votre enfant \u00e0 d\u00e9velopper une petite habitude du quotidien : ranger son v\u00e9lo pr\u00e9f\u00e9r\u00e9 apr\u00e8s une journ\u00e9e de balade. Facile \u00e0 utiliser pour les plus petits, il garde votre int\u00e9rieur plus ordonn\u00e9 et<a class=\"excerpt-read-more\" href=\"https:\/\/legandgo.com\/fr\/shop\/accessories-fr\/bike-stand\/\" title=\"ReadSupport \u00e0 v\u00e9lo\">&#8230; Read more &raquo;<\/a><\/p>\n","protected":false},"featured_media":1120,"comment_status":"closed","ping_status":"closed","template":"","meta":{"_acf_changed":false,"inline_featured_image":false,"footnotes":""},"product_brand":[],"product_cat":[1310,86],"product_tag":[1661,1662,1663],"class_list":{"0":"post-1118","1":"product","2":"type-product","3":"status-publish","4":"has-post-thumbnail","6":"product_cat-draisiennes-et-plus","7":"product_cat-accessories-fr","8":"product_tag-draisienne","9":"product_tag-draisienne-a-pedale","10":"product_tag-velo-dapprentissage","11":"product_shipping_class-accessories-shipping-fr","13":"first","14":"instock","15":"sale","16":"purchasable","17":"product-type-simple"},"bundled_by":[],"bundle_stock_status":"instock","bundle_stock_quantity":null,"bundle_virtual":false,"bundle_layout":"","bundle_add_to_cart_form_location":"","bundle_editable_in_cart":false,"bundle_sold_individually_context":"","bundle_item_grouping":"","bundle_min_size":"","bundle_max_size":"","bundle_price":[],"bundled_items":[],"bundle_sell_ids":[],"acf":[],"yoast_head":"<!-- This site is optimized with the Yoast SEO plugin v25.9 - https:\/\/yoast.com\/wordpress\/plugins\/seo\/ -->\n<title>Support \u00e0 v\u00e9lo &#183; leg&amp;go<\/title>\n<meta name=\"description\" content=\"Support v\u00e9lo en bois de bouleau, l\u00e9ger et compact, con\u00e7u pour les v\u00e9los leg&amp;go. Facile \u00e0 installer sans outils, id\u00e9al pour garder votre int\u00e9rieur bien organis\u00e9.\" \/>\n<meta name=\"robots\" content=\"index, follow, max-snippet:-1, max-image-preview:large, max-video-preview:-1\" \/>\n<link rel=\"canonical\" href=\"https:\/\/legandgo.com\/fr\/shop\/accessories-fr\/bike-stand\/\" \/>\n<meta property=\"og:locale\" content=\"fr_FR\" \/>\n<meta property=\"og:type\" content=\"article\" \/>\n<meta property=\"og:title\" content=\"Support \u00e0 v\u00e9lo &#183; leg&amp;go\" \/>\n<meta property=\"og:description\" content=\"Support v\u00e9lo en bois de bouleau, l\u00e9ger et compact, con\u00e7u pour les v\u00e9los leg&amp;go. Facile \u00e0 installer sans outils, id\u00e9al pour garder votre int\u00e9rieur bien organis\u00e9.\" \/>\n<meta property=\"og:url\" content=\"https:\/\/legandgo.com\/fr\/shop\/accessories-fr\/bike-stand\/\" \/>\n<meta property=\"og:site_name\" content=\"leg&amp;go\" \/>\n<meta property=\"article:publisher\" content=\"https:\/\/www.facebook.com\/legandgo\" \/>\n<meta property=\"article:modified_time\" content=\"2026-03-10T09:15:50+00:00\" \/>\n<meta property=\"og:image\" content=\"https:\/\/legandgo.com\/wp-content\/uploads\/2021\/02\/Kaspars-Filips-Dobrovolskis-T.28216717-01082-2_720x720px-1.jpg\" \/>\n\t<meta property=\"og:image:width\" content=\"720\" \/>\n\t<meta property=\"og:image:height\" content=\"720\" \/>\n\t<meta property=\"og:image:type\" content=\"image\/jpeg\" \/>\n<meta name=\"twitter:card\" content=\"summary_large_image\" \/>\n<script type=\"application\/ld+json\" class=\"yoast-schema-graph\">{\"@context\":\"https:\/\/schema.org\",\"@graph\":[{\"@type\":\"WebPage\",\"@id\":\"https:\/\/legandgo.com\/fr\/shop\/accessories-fr\/bike-stand\/\",\"url\":\"https:\/\/legandgo.com\/fr\/shop\/accessories-fr\/bike-stand\/\",\"name\":\"Support \u00e0 v\u00e9lo &#183; leg&amp;go\",\"isPartOf\":{\"@id\":\"https:\/\/legandgo.com\/fr\/#website\"},\"primaryImageOfPage\":{\"@id\":\"https:\/\/legandgo.com\/fr\/shop\/accessories-fr\/bike-stand\/#primaryimage\"},\"image\":{\"@id\":\"https:\/\/legandgo.com\/fr\/shop\/accessories-fr\/bike-stand\/#primaryimage\"},\"thumbnailUrl\":\"https:\/\/legandgo.com\/wp-content\/uploads\/2021\/02\/Kaspars-Filips-Dobrovolskis-T.28216717-01082-2_720x720px-1.jpg\",\"datePublished\":\"2021-02-08T13:31:53+00:00\",\"dateModified\":\"2026-03-10T09:15:50+00:00\",\"description\":\"Support v\u00e9lo en bois de bouleau, l\u00e9ger et compact, con\u00e7u pour les v\u00e9los leg&go. Facile \u00e0 installer sans outils, id\u00e9al pour garder votre int\u00e9rieur bien organis\u00e9.\",\"breadcrumb\":{\"@id\":\"https:\/\/legandgo.com\/fr\/shop\/accessories-fr\/bike-stand\/#breadcrumb\"},\"inLanguage\":\"fr-FR\",\"potentialAction\":[{\"@type\":\"ReadAction\",\"target\":[\"https:\/\/legandgo.com\/fr\/shop\/accessories-fr\/bike-stand\/\"]}]},{\"@type\":\"ImageObject\",\"inLanguage\":\"fr-FR\",\"@id\":\"https:\/\/legandgo.com\/fr\/shop\/accessories-fr\/bike-stand\/#primaryimage\",\"url\":\"https:\/\/legandgo.com\/wp-content\/uploads\/2021\/02\/Kaspars-Filips-Dobrovolskis-T.28216717-01082-2_720x720px-1.jpg\",\"contentUrl\":\"https:\/\/legandgo.com\/wp-content\/uploads\/2021\/02\/Kaspars-Filips-Dobrovolskis-T.28216717-01082-2_720x720px-1.jpg\",\"width\":720,\"height\":720},{\"@type\":\"BreadcrumbList\",\"@id\":\"https:\/\/legandgo.com\/fr\/shop\/accessories-fr\/bike-stand\/#breadcrumb\",\"itemListElement\":[{\"@type\":\"ListItem\",\"position\":1,\"name\":\"Home\",\"item\":\"https:\/\/legandgo.com\/fr\/\"},{\"@type\":\"ListItem\",\"position\":2,\"name\":\"Shop\",\"item\":\"https:\/\/legandgo.com\/fr\/shop\/\"},{\"@type\":\"ListItem\",\"position\":3,\"name\":\"Support \u00e0 v\u00e9lo\"}]},{\"@type\":\"WebSite\",\"@id\":\"https:\/\/legandgo.com\/fr\/#website\",\"url\":\"https:\/\/legandgo.com\/fr\/\",\"name\":\"leg&amp;go\",\"description\":\"\",\"publisher\":{\"@id\":\"https:\/\/legandgo.com\/fr\/#organization\"},\"potentialAction\":[{\"@type\":\"SearchAction\",\"target\":{\"@type\":\"EntryPoint\",\"urlTemplate\":\"https:\/\/legandgo.com\/fr\/?s={search_term_string}\"},\"query-input\":{\"@type\":\"PropertyValueSpecification\",\"valueRequired\":true,\"valueName\":\"search_term_string\"}}],\"inLanguage\":\"fr-FR\"},{\"@type\":\"Organization\",\"@id\":\"https:\/\/legandgo.com\/fr\/#organization\",\"name\":\"leg&go bike\",\"url\":\"https:\/\/legandgo.com\/fr\/\",\"logo\":{\"@type\":\"ImageObject\",\"inLanguage\":\"fr-FR\",\"@id\":\"https:\/\/legandgo.com\/fr\/#\/schema\/logo\/image\/\",\"url\":\"https:\/\/legandgo.com\/wp-content\/uploads\/2021\/03\/logorf.png\",\"contentUrl\":\"https:\/\/legandgo.com\/wp-content\/uploads\/2021\/03\/logorf.png\",\"width\":675,\"height\":216,\"caption\":\"leg&go bike\"},\"image\":{\"@id\":\"https:\/\/legandgo.com\/fr\/#\/schema\/logo\/image\/\"},\"sameAs\":[\"https:\/\/www.facebook.com\/legandgo\",\"https:\/\/www.instagram.com\/legandgo\/\",\"https:\/\/www.linkedin.com\/company\/legandgo\/\",\"https:\/\/www.pinterest.com\/legandgo\/\",\"https:\/\/www.youtube.com\/channel\/UC_FBzWPmKWE0g7fcR4Xdfuw\/\"]}]}<\/script>\n<!-- \/ Yoast SEO plugin. -->","yoast_head_json":{"title":"Support \u00e0 v\u00e9lo &#183; leg&amp;go","description":"Support v\u00e9lo en bois de bouleau, l\u00e9ger et compact, con\u00e7u pour les v\u00e9los leg&go. Facile \u00e0 installer sans outils, id\u00e9al pour garder votre int\u00e9rieur bien organis\u00e9.","robots":{"index":"index","follow":"follow","max-snippet":"max-snippet:-1","max-image-preview":"max-image-preview:large","max-video-preview":"max-video-preview:-1"},"canonical":"https:\/\/legandgo.com\/fr\/shop\/accessories-fr\/bike-stand\/","og_locale":"fr_FR","og_type":"article","og_title":"Support \u00e0 v\u00e9lo &#183; leg&amp;go","og_description":"Support v\u00e9lo en bois de bouleau, l\u00e9ger et compact, con\u00e7u pour les v\u00e9los leg&go. Facile \u00e0 installer sans outils, id\u00e9al pour garder votre int\u00e9rieur bien organis\u00e9.","og_url":"https:\/\/legandgo.com\/fr\/shop\/accessories-fr\/bike-stand\/","og_site_name":"leg&amp;go","article_publisher":"https:\/\/www.facebook.com\/legandgo","article_modified_time":"2026-03-10T09:15:50+00:00","og_image":[{"width":720,"height":720,"url":"https:\/\/legandgo.com\/wp-content\/uploads\/2021\/02\/Kaspars-Filips-Dobrovolskis-T.28216717-01082-2_720x720px-1.jpg","type":"image\/jpeg"}],"twitter_card":"summary_large_image","schema":{"@context":"https:\/\/schema.org","@graph":[{"@type":"WebPage","@id":"https:\/\/legandgo.com\/fr\/shop\/accessories-fr\/bike-stand\/","url":"https:\/\/legandgo.com\/fr\/shop\/accessories-fr\/bike-stand\/","name":"Support \u00e0 v\u00e9lo &#183; leg&amp;go","isPartOf":{"@id":"https:\/\/legandgo.com\/fr\/#website"},"primaryImageOfPage":{"@id":"https:\/\/legandgo.com\/fr\/shop\/accessories-fr\/bike-stand\/#primaryimage"},"image":{"@id":"https:\/\/legandgo.com\/fr\/shop\/accessories-fr\/bike-stand\/#primaryimage"},"thumbnailUrl":"https:\/\/legandgo.com\/wp-content\/uploads\/2021\/02\/Kaspars-Filips-Dobrovolskis-T.28216717-01082-2_720x720px-1.jpg","datePublished":"2021-02-08T13:31:53+00:00","dateModified":"2026-03-10T09:15:50+00:00","description":"Support v\u00e9lo en bois de bouleau, l\u00e9ger et compact, con\u00e7u pour les v\u00e9los leg&go. Facile \u00e0 installer sans outils, id\u00e9al pour garder votre int\u00e9rieur bien organis\u00e9.","breadcrumb":{"@id":"https:\/\/legandgo.com\/fr\/shop\/accessories-fr\/bike-stand\/#breadcrumb"},"inLanguage":"fr-FR","potentialAction":[{"@type":"ReadAction","target":["https:\/\/legandgo.com\/fr\/shop\/accessories-fr\/bike-stand\/"]}]},{"@type":"ImageObject","inLanguage":"fr-FR","@id":"https:\/\/legandgo.com\/fr\/shop\/accessories-fr\/bike-stand\/#primaryimage","url":"https:\/\/legandgo.com\/wp-content\/uploads\/2021\/02\/Kaspars-Filips-Dobrovolskis-T.28216717-01082-2_720x720px-1.jpg","contentUrl":"https:\/\/legandgo.com\/wp-content\/uploads\/2021\/02\/Kaspars-Filips-Dobrovolskis-T.28216717-01082-2_720x720px-1.jpg","width":720,"height":720},{"@type":"BreadcrumbList","@id":"https:\/\/legandgo.com\/fr\/shop\/accessories-fr\/bike-stand\/#breadcrumb","itemListElement":[{"@type":"ListItem","position":1,"name":"Home","item":"https:\/\/legandgo.com\/fr\/"},{"@type":"ListItem","position":2,"name":"Shop","item":"https:\/\/legandgo.com\/fr\/shop\/"},{"@type":"ListItem","position":3,"name":"Support \u00e0 v\u00e9lo"}]},{"@type":"WebSite","@id":"https:\/\/legandgo.com\/fr\/#website","url":"https:\/\/legandgo.com\/fr\/","name":"leg&amp;go","description":"","publisher":{"@id":"https:\/\/legandgo.com\/fr\/#organization"},"potentialAction":[{"@type":"SearchAction","target":{"@type":"EntryPoint","urlTemplate":"https:\/\/legandgo.com\/fr\/?s={search_term_string}"},"query-input":{"@type":"PropertyValueSpecification","valueRequired":true,"valueName":"search_term_string"}}],"inLanguage":"fr-FR"},{"@type":"Organization","@id":"https:\/\/legandgo.com\/fr\/#organization","name":"leg&go bike","url":"https:\/\/legandgo.com\/fr\/","logo":{"@type":"ImageObject","inLanguage":"fr-FR","@id":"https:\/\/legandgo.com\/fr\/#\/schema\/logo\/image\/","url":"https:\/\/legandgo.com\/wp-content\/uploads\/2021\/03\/logorf.png","contentUrl":"https:\/\/legandgo.com\/wp-content\/uploads\/2021\/03\/logorf.png","width":675,"height":216,"caption":"leg&go bike"},"image":{"@id":"https:\/\/legandgo.com\/fr\/#\/schema\/logo\/image\/"},"sameAs":["https:\/\/www.facebook.com\/legandgo","https:\/\/www.instagram.com\/legandgo\/","https:\/\/www.linkedin.com\/company\/legandgo\/","https:\/\/www.pinterest.com\/legandgo\/","https:\/\/www.youtube.com\/channel\/UC_FBzWPmKWE0g7fcR4Xdfuw\/"]}]}},"_links":{"self":[{"href":"https:\/\/legandgo.com\/fr\/wp-json\/wp\/v2\/product\/1118","targetHints":{"allow":["GET"]}}],"collection":[{"href":"https:\/\/legandgo.com\/fr\/wp-json\/wp\/v2\/product"}],"about":[{"href":"https:\/\/legandgo.com\/fr\/wp-json\/wp\/v2\/types\/product"}],"replies":[{"embeddable":true,"href":"https:\/\/legandgo.com\/fr\/wp-json\/wp\/v2\/comments?post=1118"}],"version-history":[{"count":14,"href":"https:\/\/legandgo.com\/fr\/wp-json\/wp\/v2\/product\/1118\/revisions"}],"predecessor-version":[{"id":54018,"href":"https:\/\/legandgo.com\/fr\/wp-json\/wp\/v2\/product\/1118\/revisions\/54018"}],"wp:featuredmedia":[{"embeddable":true,"href":"https:\/\/legandgo.com\/fr\/wp-json\/wp\/v2\/media\/1120"}],"wp:attachment":[{"href":"https:\/\/legandgo.com\/fr\/wp-json\/wp\/v2\/media?parent=1118"}],"wp:term":[{"taxonomy":"product_brand","embeddable":true,"href":"https:\/\/legandgo.com\/fr\/wp-json\/wp\/v2\/product_brand?post=1118"},{"taxonomy":"product_cat","embeddable":true,"href":"https:\/\/legandgo.com\/fr\/wp-json\/wp\/v2\/product_cat?post=1118"},{"taxonomy":"product_tag","embeddable":true,"href":"https:\/\/legandgo.com\/fr\/wp-json\/wp\/v2\/product_tag?post=1118"}],"curies":[{"name":"wp","href":"https:\/\/api.w.org\/{rel}","templated":true}]}}