{"id":1140,"date":"2021-02-08T13:31:18","date_gmt":"2021-02-08T13:31:18","guid":{"rendered":"https:\/\/legandgo.com\/product\/bike-lights\/"},"modified":"2026-03-10T11:16:15","modified_gmt":"2026-03-10T09:16:15","slug":"bike-lights","status":"publish","type":"product","link":"https:\/\/legandgo.com\/fr\/shop\/accessories-fr\/bike-lights\/","title":{"rendered":"\u00c9clairages de v\u00e9lo"},"content":{"rendered":"<p style=\"font-weight: 400;\">Pour les petites aventures qui ne s\u2019arr\u00eatent pas au coucher du soleil.<\/p>\n<p style=\"font-weight: 400;\">Parfois, rouler est tout simplement trop amusant pour s\u2019arr\u00eater. Pour les aventures du soir ou les trajets le long de routes plus fr\u00e9quent\u00e9es, nos lumi\u00e8res de v\u00e9lo aident votre petit rider \u00e0 rester visible et en s\u00e9curit\u00e9. Con\u00e7ues avec soin gr\u00e2ce \u00e0 des optiques grand angle, elles se distinguent clairement dans la circulation tout en conservant une esth\u00e9tique \u00e9pur\u00e9e et minimaliste.<\/p>\n<p style=\"font-weight: 400;\"><strong>Explorez davantage ci-dessous.<\/strong><\/p>\n","protected":false},"excerpt":{"rendered":"<p>Pour les petites aventures qui ne s\u2019arr\u00eatent pas au coucher du soleil. Parfois, rouler est tout simplement trop amusant pour s\u2019arr\u00eater. Pour les aventures du soir ou les trajets le long de routes plus fr\u00e9quent\u00e9es, nos lumi\u00e8res de v\u00e9lo aident votre petit rider \u00e0 rester visible et en s\u00e9curit\u00e9. Con\u00e7ues avec soin gr\u00e2ce \u00e0 des<a class=\"excerpt-read-more\" href=\"https:\/\/legandgo.com\/fr\/shop\/accessories-fr\/bike-lights\/\" title=\"Read\u00c9clairages de v\u00e9lo\">&#8230; Read more &raquo;<\/a><\/p>\n","protected":false},"featured_media":1142,"comment_status":"closed","ping_status":"closed","template":"","meta":{"_acf_changed":false,"inline_featured_image":false,"footnotes":""},"product_brand":[],"product_cat":[1310,86],"product_tag":[1661,1662,1663],"class_list":{"0":"post-1140","1":"product","2":"type-product","3":"status-publish","4":"has-post-thumbnail","6":"product_cat-draisiennes-et-plus","7":"product_cat-accessories-fr","8":"product_tag-draisienne","9":"product_tag-draisienne-a-pedale","10":"product_tag-velo-dapprentissage","11":"product_shipping_class-accessories-shipping-fr","13":"first","14":"instock","15":"purchasable","16":"product-type-simple"},"bundled_by":[],"bundle_stock_status":"instock","bundle_stock_quantity":null,"bundle_virtual":false,"bundle_layout":"","bundle_add_to_cart_form_location":"","bundle_editable_in_cart":false,"bundle_sold_individually_context":"","bundle_item_grouping":"","bundle_min_size":"","bundle_max_size":"","bundle_price":[],"bundled_items":[],"bundle_sell_ids":[],"acf":[],"yoast_head":"<!-- This site is optimized with the Yoast SEO plugin v25.9 - https:\/\/yoast.com\/wordpress\/plugins\/seo\/ -->\n<title>\u00c9clairages de v\u00e9lo &#183; leg&amp;go<\/title>\n<meta name=\"description\" content=\"Lumi\u00e8res de v\u00e9lo avec optiques grand angle pour une haute visibilit\u00e9 de jour comme de nuit. Trois modes d\u2019\u00e9clairage, fixation en silicone et design minimaliste.\" \/>\n<meta name=\"robots\" content=\"index, follow, max-snippet:-1, max-image-preview:large, max-video-preview:-1\" \/>\n<link rel=\"canonical\" href=\"https:\/\/legandgo.com\/fr\/shop\/accessories-fr\/bike-lights\/\" \/>\n<meta property=\"og:locale\" content=\"fr_FR\" \/>\n<meta property=\"og:type\" content=\"article\" \/>\n<meta property=\"og:title\" content=\"\u00c9clairages de v\u00e9lo &#183; leg&amp;go\" \/>\n<meta property=\"og:description\" content=\"Lumi\u00e8res de v\u00e9lo avec optiques grand angle pour une haute visibilit\u00e9 de jour comme de nuit. Trois modes d\u2019\u00e9clairage, fixation en silicone et design minimaliste.\" \/>\n<meta property=\"og:url\" content=\"https:\/\/legandgo.com\/fr\/shop\/accessories-fr\/bike-lights\/\" \/>\n<meta property=\"og:site_name\" content=\"leg&amp;go\" \/>\n<meta property=\"article:publisher\" content=\"https:\/\/www.facebook.com\/legandgo\" \/>\n<meta property=\"article:modified_time\" content=\"2026-03-10T09:16:15+00:00\" \/>\n<meta property=\"og:image\" content=\"https:\/\/legandgo.com\/wp-content\/uploads\/2021\/02\/kinder-bike-lights.jpg\" \/>\n\t<meta property=\"og:image:width\" content=\"720\" \/>\n\t<meta property=\"og:image:height\" content=\"720\" \/>\n\t<meta property=\"og:image:type\" content=\"image\/jpeg\" \/>\n<meta name=\"twitter:card\" content=\"summary_large_image\" \/>\n<script type=\"application\/ld+json\" class=\"yoast-schema-graph\">{\"@context\":\"https:\/\/schema.org\",\"@graph\":[{\"@type\":\"WebPage\",\"@id\":\"https:\/\/legandgo.com\/fr\/shop\/accessories-fr\/bike-lights\/\",\"url\":\"https:\/\/legandgo.com\/fr\/shop\/accessories-fr\/bike-lights\/\",\"name\":\"\u00c9clairages de v\u00e9lo &#183; leg&amp;go\",\"isPartOf\":{\"@id\":\"https:\/\/legandgo.com\/fr\/#website\"},\"primaryImageOfPage\":{\"@id\":\"https:\/\/legandgo.com\/fr\/shop\/accessories-fr\/bike-lights\/#primaryimage\"},\"image\":{\"@id\":\"https:\/\/legandgo.com\/fr\/shop\/accessories-fr\/bike-lights\/#primaryimage\"},\"thumbnailUrl\":\"https:\/\/legandgo.com\/wp-content\/uploads\/2021\/02\/kinder-bike-lights.jpg\",\"datePublished\":\"2021-02-08T13:31:18+00:00\",\"dateModified\":\"2026-03-10T09:16:15+00:00\",\"description\":\"Lumi\u00e8res de v\u00e9lo avec optiques grand angle pour une haute visibilit\u00e9 de jour comme de nuit. Trois modes d\u2019\u00e9clairage, fixation en silicone et design minimaliste.\",\"breadcrumb\":{\"@id\":\"https:\/\/legandgo.com\/fr\/shop\/accessories-fr\/bike-lights\/#breadcrumb\"},\"inLanguage\":\"fr-FR\",\"potentialAction\":[{\"@type\":\"ReadAction\",\"target\":[\"https:\/\/legandgo.com\/fr\/shop\/accessories-fr\/bike-lights\/\"]}]},{\"@type\":\"ImageObject\",\"inLanguage\":\"fr-FR\",\"@id\":\"https:\/\/legandgo.com\/fr\/shop\/accessories-fr\/bike-lights\/#primaryimage\",\"url\":\"https:\/\/legandgo.com\/wp-content\/uploads\/2021\/02\/kinder-bike-lights.jpg\",\"contentUrl\":\"https:\/\/legandgo.com\/wp-content\/uploads\/2021\/02\/kinder-bike-lights.jpg\",\"width\":720,\"height\":720},{\"@type\":\"BreadcrumbList\",\"@id\":\"https:\/\/legandgo.com\/fr\/shop\/accessories-fr\/bike-lights\/#breadcrumb\",\"itemListElement\":[{\"@type\":\"ListItem\",\"position\":1,\"name\":\"Home\",\"item\":\"https:\/\/legandgo.com\/fr\/\"},{\"@type\":\"ListItem\",\"position\":2,\"name\":\"Shop\",\"item\":\"https:\/\/legandgo.com\/fr\/shop\/\"},{\"@type\":\"ListItem\",\"position\":3,\"name\":\"\u00c9clairages de v\u00e9lo\"}]},{\"@type\":\"WebSite\",\"@id\":\"https:\/\/legandgo.com\/fr\/#website\",\"url\":\"https:\/\/legandgo.com\/fr\/\",\"name\":\"leg&amp;go\",\"description\":\"\",\"publisher\":{\"@id\":\"https:\/\/legandgo.com\/fr\/#organization\"},\"potentialAction\":[{\"@type\":\"SearchAction\",\"target\":{\"@type\":\"EntryPoint\",\"urlTemplate\":\"https:\/\/legandgo.com\/fr\/?s={search_term_string}\"},\"query-input\":{\"@type\":\"PropertyValueSpecification\",\"valueRequired\":true,\"valueName\":\"search_term_string\"}}],\"inLanguage\":\"fr-FR\"},{\"@type\":\"Organization\",\"@id\":\"https:\/\/legandgo.com\/fr\/#organization\",\"name\":\"leg&go bike\",\"url\":\"https:\/\/legandgo.com\/fr\/\",\"logo\":{\"@type\":\"ImageObject\",\"inLanguage\":\"fr-FR\",\"@id\":\"https:\/\/legandgo.com\/fr\/#\/schema\/logo\/image\/\",\"url\":\"https:\/\/legandgo.com\/wp-content\/uploads\/2021\/03\/logorf.png\",\"contentUrl\":\"https:\/\/legandgo.com\/wp-content\/uploads\/2021\/03\/logorf.png\",\"width\":675,\"height\":216,\"caption\":\"leg&go bike\"},\"image\":{\"@id\":\"https:\/\/legandgo.com\/fr\/#\/schema\/logo\/image\/\"},\"sameAs\":[\"https:\/\/www.facebook.com\/legandgo\",\"https:\/\/www.instagram.com\/legandgo\/\",\"https:\/\/www.linkedin.com\/company\/legandgo\/\",\"https:\/\/www.pinterest.com\/legandgo\/\",\"https:\/\/www.youtube.com\/channel\/UC_FBzWPmKWE0g7fcR4Xdfuw\/\"]}]}<\/script>\n<!-- \/ Yoast SEO plugin. -->","yoast_head_json":{"title":"\u00c9clairages de v\u00e9lo &#183; leg&amp;go","description":"Lumi\u00e8res de v\u00e9lo avec optiques grand angle pour une haute visibilit\u00e9 de jour comme de nuit. Trois modes d\u2019\u00e9clairage, fixation en silicone et design minimaliste.","robots":{"index":"index","follow":"follow","max-snippet":"max-snippet:-1","max-image-preview":"max-image-preview:large","max-video-preview":"max-video-preview:-1"},"canonical":"https:\/\/legandgo.com\/fr\/shop\/accessories-fr\/bike-lights\/","og_locale":"fr_FR","og_type":"article","og_title":"\u00c9clairages de v\u00e9lo &#183; leg&amp;go","og_description":"Lumi\u00e8res de v\u00e9lo avec optiques grand angle pour une haute visibilit\u00e9 de jour comme de nuit. Trois modes d\u2019\u00e9clairage, fixation en silicone et design minimaliste.","og_url":"https:\/\/legandgo.com\/fr\/shop\/accessories-fr\/bike-lights\/","og_site_name":"leg&amp;go","article_publisher":"https:\/\/www.facebook.com\/legandgo","article_modified_time":"2026-03-10T09:16:15+00:00","og_image":[{"width":720,"height":720,"url":"https:\/\/legandgo.com\/wp-content\/uploads\/2021\/02\/kinder-bike-lights.jpg","type":"image\/jpeg"}],"twitter_card":"summary_large_image","schema":{"@context":"https:\/\/schema.org","@graph":[{"@type":"WebPage","@id":"https:\/\/legandgo.com\/fr\/shop\/accessories-fr\/bike-lights\/","url":"https:\/\/legandgo.com\/fr\/shop\/accessories-fr\/bike-lights\/","name":"\u00c9clairages de v\u00e9lo &#183; leg&amp;go","isPartOf":{"@id":"https:\/\/legandgo.com\/fr\/#website"},"primaryImageOfPage":{"@id":"https:\/\/legandgo.com\/fr\/shop\/accessories-fr\/bike-lights\/#primaryimage"},"image":{"@id":"https:\/\/legandgo.com\/fr\/shop\/accessories-fr\/bike-lights\/#primaryimage"},"thumbnailUrl":"https:\/\/legandgo.com\/wp-content\/uploads\/2021\/02\/kinder-bike-lights.jpg","datePublished":"2021-02-08T13:31:18+00:00","dateModified":"2026-03-10T09:16:15+00:00","description":"Lumi\u00e8res de v\u00e9lo avec optiques grand angle pour une haute visibilit\u00e9 de jour comme de nuit. Trois modes d\u2019\u00e9clairage, fixation en silicone et design minimaliste.","breadcrumb":{"@id":"https:\/\/legandgo.com\/fr\/shop\/accessories-fr\/bike-lights\/#breadcrumb"},"inLanguage":"fr-FR","potentialAction":[{"@type":"ReadAction","target":["https:\/\/legandgo.com\/fr\/shop\/accessories-fr\/bike-lights\/"]}]},{"@type":"ImageObject","inLanguage":"fr-FR","@id":"https:\/\/legandgo.com\/fr\/shop\/accessories-fr\/bike-lights\/#primaryimage","url":"https:\/\/legandgo.com\/wp-content\/uploads\/2021\/02\/kinder-bike-lights.jpg","contentUrl":"https:\/\/legandgo.com\/wp-content\/uploads\/2021\/02\/kinder-bike-lights.jpg","width":720,"height":720},{"@type":"BreadcrumbList","@id":"https:\/\/legandgo.com\/fr\/shop\/accessories-fr\/bike-lights\/#breadcrumb","itemListElement":[{"@type":"ListItem","position":1,"name":"Home","item":"https:\/\/legandgo.com\/fr\/"},{"@type":"ListItem","position":2,"name":"Shop","item":"https:\/\/legandgo.com\/fr\/shop\/"},{"@type":"ListItem","position":3,"name":"\u00c9clairages de v\u00e9lo"}]},{"@type":"WebSite","@id":"https:\/\/legandgo.com\/fr\/#website","url":"https:\/\/legandgo.com\/fr\/","name":"leg&amp;go","description":"","publisher":{"@id":"https:\/\/legandgo.com\/fr\/#organization"},"potentialAction":[{"@type":"SearchAction","target":{"@type":"EntryPoint","urlTemplate":"https:\/\/legandgo.com\/fr\/?s={search_term_string}"},"query-input":{"@type":"PropertyValueSpecification","valueRequired":true,"valueName":"search_term_string"}}],"inLanguage":"fr-FR"},{"@type":"Organization","@id":"https:\/\/legandgo.com\/fr\/#organization","name":"leg&go bike","url":"https:\/\/legandgo.com\/fr\/","logo":{"@type":"ImageObject","inLanguage":"fr-FR","@id":"https:\/\/legandgo.com\/fr\/#\/schema\/logo\/image\/","url":"https:\/\/legandgo.com\/wp-content\/uploads\/2021\/03\/logorf.png","contentUrl":"https:\/\/legandgo.com\/wp-content\/uploads\/2021\/03\/logorf.png","width":675,"height":216,"caption":"leg&go bike"},"image":{"@id":"https:\/\/legandgo.com\/fr\/#\/schema\/logo\/image\/"},"sameAs":["https:\/\/www.facebook.com\/legandgo","https:\/\/www.instagram.com\/legandgo\/","https:\/\/www.linkedin.com\/company\/legandgo\/","https:\/\/www.pinterest.com\/legandgo\/","https:\/\/www.youtube.com\/channel\/UC_FBzWPmKWE0g7fcR4Xdfuw\/"]}]}},"_links":{"self":[{"href":"https:\/\/legandgo.com\/fr\/wp-json\/wp\/v2\/product\/1140","targetHints":{"allow":["GET"]}}],"collection":[{"href":"https:\/\/legandgo.com\/fr\/wp-json\/wp\/v2\/product"}],"about":[{"href":"https:\/\/legandgo.com\/fr\/wp-json\/wp\/v2\/types\/product"}],"replies":[{"embeddable":true,"href":"https:\/\/legandgo.com\/fr\/wp-json\/wp\/v2\/comments?post=1140"}],"version-history":[{"count":16,"href":"https:\/\/legandgo.com\/fr\/wp-json\/wp\/v2\/product\/1140\/revisions"}],"predecessor-version":[{"id":54020,"href":"https:\/\/legandgo.com\/fr\/wp-json\/wp\/v2\/product\/1140\/revisions\/54020"}],"wp:featuredmedia":[{"embeddable":true,"href":"https:\/\/legandgo.com\/fr\/wp-json\/wp\/v2\/media\/1142"}],"wp:attachment":[{"href":"https:\/\/legandgo.com\/fr\/wp-json\/wp\/v2\/media?parent=1140"}],"wp:term":[{"taxonomy":"product_brand","embeddable":true,"href":"https:\/\/legandgo.com\/fr\/wp-json\/wp\/v2\/product_brand?post=1140"},{"taxonomy":"product_cat","embeddable":true,"href":"https:\/\/legandgo.com\/fr\/wp-json\/wp\/v2\/product_cat?post=1140"},{"taxonomy":"product_tag","embeddable":true,"href":"https:\/\/legandgo.com\/fr\/wp-json\/wp\/v2\/product_tag?post=1140"}],"curies":[{"name":"wp","href":"https:\/\/api.w.org\/{rel}","templated":true}]}}