{"id":1259,"date":"2021-02-03T16:46:05","date_gmt":"2021-02-03T16:46:05","guid":{"rendered":"https:\/\/legandgo.com\/product\/downhill-bike\/"},"modified":"2026-03-10T11:16:51","modified_gmt":"2026-03-10T09:16:51","slug":"downhill-bike","status":"publish","type":"product","link":"https:\/\/legandgo.com\/fr\/shop\/add-ons-fr\/downhill-bike\/","title":{"rendered":"Module v\u00e9lo tout terrain"},"content":{"rendered":"<p style=\"font-weight: 400;\">Con\u00e7u pour les petits amateurs de sensations fortes, le module Downhill Bike combine un repose-pieds, un frein et un esprit d\u2019aventure dans un design soigneusement pens\u00e9. Il aide les enfants \u00e0 rouler avec davantage de confiance tout en apprenant \u00e0 g\u00e9rer leur vitesse naturellement.<\/p>\n<p style=\"font-weight: 400;\">Il transforme la draisienne en une exp\u00e9rience de descente passionnante \u2014 id\u00e9ale pour les enfants qui aiment la vitesse tout en b\u00e9n\u00e9ficiant de stabilit\u00e9 et de contr\u00f4le.<\/p>\n<p style=\"font-weight: 400;\"><strong>Veuillez noter<\/strong> : la Balance Bike 3in1 doit \u00eatre achet\u00e9e s\u00e9par\u00e9ment. Le module Downhill Bike est compatible uniquement avec la leg&amp;go Balance Bike 3in1.<\/p>\n<p style=\"font-weight: 400;\"><strong>D\u00e9couvrez-en davantage ci-dessous.<\/strong><\/p>\n","protected":false},"excerpt":{"rendered":"<p>Con\u00e7u pour les petits amateurs de sensations fortes, le module Downhill Bike combine un repose-pieds, un frein et un esprit d\u2019aventure dans un design soigneusement pens\u00e9. Il aide les enfants \u00e0 rouler avec davantage de confiance tout en apprenant \u00e0 g\u00e9rer leur vitesse naturellement. Il transforme la draisienne en une exp\u00e9rience de descente passionnante \u2014<a class=\"excerpt-read-more\" href=\"https:\/\/legandgo.com\/fr\/shop\/add-ons-fr\/downhill-bike\/\" title=\"ReadModule v\u00e9lo tout terrain\">&#8230; Read more &raquo;<\/a><\/p>\n","protected":false},"featured_media":9758,"comment_status":"closed","ping_status":"closed","template":"","meta":{"_acf_changed":false,"inline_featured_image":false,"footnotes":""},"product_brand":[],"product_cat":[1310,93],"product_tag":[1726,1718,1722,1714,1710],"class_list":{"0":"post-1259","1":"product","2":"type-product","3":"status-publish","4":"has-post-thumbnail","6":"product_cat-draisiennes-et-plus","7":"product_cat-add-ons-fr","8":"product_tag-leg-go-2","9":"product_tag-leg-and-go","10":"product_tag-leg-go","11":"product_tag-leggo","12":"product_tag-legandgo","13":"product_shipping_class-toys-shipping-fr","15":"first","16":"instock","17":"purchasable","18":"product-type-simple"},"bundled_by":["48640","50849"],"bundle_stock_status":"instock","bundle_stock_quantity":null,"bundle_virtual":false,"bundle_layout":"","bundle_add_to_cart_form_location":"","bundle_editable_in_cart":false,"bundle_sold_individually_context":"","bundle_item_grouping":"","bundle_min_size":"","bundle_max_size":"","bundle_price":[],"bundled_items":[],"bundle_sell_ids":[],"acf":[],"yoast_head":"<!-- This site is optimized with the Yoast SEO plugin v25.9 - https:\/\/yoast.com\/wordpress\/plugins\/seo\/ -->\n<title>Module v\u00e9lo tout terrain &#183; leg&amp;go<\/title>\n<meta name=\"description\" content=\"Accessoire de descente pour la draisienne en bois leg&amp;go 3-en-1 permettant de transformer la draisienne en v\u00e9lo de descente pour les tout-petits.\" \/>\n<meta name=\"robots\" content=\"index, follow, max-snippet:-1, max-image-preview:large, max-video-preview:-1\" \/>\n<link rel=\"canonical\" href=\"https:\/\/legandgo.com\/fr\/shop\/add-ons-fr\/downhill-bike\/\" \/>\n<meta property=\"og:locale\" content=\"fr_FR\" \/>\n<meta property=\"og:type\" content=\"article\" \/>\n<meta property=\"og:title\" content=\"Module v\u00e9lo tout terrain &#183; leg&amp;go\" \/>\n<meta property=\"og:description\" content=\"Accessoire de descente pour la draisienne en bois leg&amp;go 3-en-1 permettant de transformer la draisienne en v\u00e9lo de descente pour les tout-petits.\" \/>\n<meta property=\"og:url\" content=\"https:\/\/legandgo.com\/fr\/shop\/add-ons-fr\/downhill-bike\/\" \/>\n<meta property=\"og:site_name\" content=\"leg&amp;go\" \/>\n<meta property=\"article:publisher\" content=\"https:\/\/www.facebook.com\/legandgo\" \/>\n<meta property=\"article:modified_time\" content=\"2026-03-10T09:16:51+00:00\" \/>\n<meta property=\"og:image\" content=\"https:\/\/legandgo.com\/wp-content\/uploads\/2021\/02\/Downhill_add-on.jpg\" \/>\n\t<meta property=\"og:image:width\" content=\"750\" \/>\n\t<meta property=\"og:image:height\" content=\"749\" \/>\n\t<meta property=\"og:image:type\" content=\"image\/jpeg\" \/>\n<meta name=\"twitter:card\" content=\"summary_large_image\" \/>\n<meta name=\"twitter:label1\" content=\"Dur\u00e9e de lecture estim\u00e9e\" \/>\n\t<meta name=\"twitter:data1\" content=\"1 minute\" \/>\n<script type=\"application\/ld+json\" class=\"yoast-schema-graph\">{\"@context\":\"https:\/\/schema.org\",\"@graph\":[{\"@type\":\"WebPage\",\"@id\":\"https:\/\/legandgo.com\/fr\/shop\/add-ons-fr\/downhill-bike\/\",\"url\":\"https:\/\/legandgo.com\/fr\/shop\/add-ons-fr\/downhill-bike\/\",\"name\":\"Module v\u00e9lo tout terrain &#183; leg&amp;go\",\"isPartOf\":{\"@id\":\"https:\/\/legandgo.com\/fr\/#website\"},\"primaryImageOfPage\":{\"@id\":\"https:\/\/legandgo.com\/fr\/shop\/add-ons-fr\/downhill-bike\/#primaryimage\"},\"image\":{\"@id\":\"https:\/\/legandgo.com\/fr\/shop\/add-ons-fr\/downhill-bike\/#primaryimage\"},\"thumbnailUrl\":\"https:\/\/legandgo.com\/wp-content\/uploads\/2021\/02\/Downhill_add-on.jpg\",\"datePublished\":\"2021-02-03T16:46:05+00:00\",\"dateModified\":\"2026-03-10T09:16:51+00:00\",\"description\":\"Accessoire de descente pour la draisienne en bois leg&go 3-en-1 permettant de transformer la draisienne en v\u00e9lo de descente pour les tout-petits.\",\"breadcrumb\":{\"@id\":\"https:\/\/legandgo.com\/fr\/shop\/add-ons-fr\/downhill-bike\/#breadcrumb\"},\"inLanguage\":\"fr-FR\",\"potentialAction\":[{\"@type\":\"ReadAction\",\"target\":[\"https:\/\/legandgo.com\/fr\/shop\/add-ons-fr\/downhill-bike\/\"]}]},{\"@type\":\"ImageObject\",\"inLanguage\":\"fr-FR\",\"@id\":\"https:\/\/legandgo.com\/fr\/shop\/add-ons-fr\/downhill-bike\/#primaryimage\",\"url\":\"https:\/\/legandgo.com\/wp-content\/uploads\/2021\/02\/Downhill_add-on.jpg\",\"contentUrl\":\"https:\/\/legandgo.com\/wp-content\/uploads\/2021\/02\/Downhill_add-on.jpg\",\"width\":750,\"height\":749},{\"@type\":\"BreadcrumbList\",\"@id\":\"https:\/\/legandgo.com\/fr\/shop\/add-ons-fr\/downhill-bike\/#breadcrumb\",\"itemListElement\":[{\"@type\":\"ListItem\",\"position\":1,\"name\":\"Home\",\"item\":\"https:\/\/legandgo.com\/fr\/\"},{\"@type\":\"ListItem\",\"position\":2,\"name\":\"Shop\",\"item\":\"https:\/\/legandgo.com\/fr\/shop\/\"},{\"@type\":\"ListItem\",\"position\":3,\"name\":\"Module v\u00e9lo tout terrain\"}]},{\"@type\":\"WebSite\",\"@id\":\"https:\/\/legandgo.com\/fr\/#website\",\"url\":\"https:\/\/legandgo.com\/fr\/\",\"name\":\"leg&amp;go\",\"description\":\"\",\"publisher\":{\"@id\":\"https:\/\/legandgo.com\/fr\/#organization\"},\"potentialAction\":[{\"@type\":\"SearchAction\",\"target\":{\"@type\":\"EntryPoint\",\"urlTemplate\":\"https:\/\/legandgo.com\/fr\/?s={search_term_string}\"},\"query-input\":{\"@type\":\"PropertyValueSpecification\",\"valueRequired\":true,\"valueName\":\"search_term_string\"}}],\"inLanguage\":\"fr-FR\"},{\"@type\":\"Organization\",\"@id\":\"https:\/\/legandgo.com\/fr\/#organization\",\"name\":\"leg&go bike\",\"url\":\"https:\/\/legandgo.com\/fr\/\",\"logo\":{\"@type\":\"ImageObject\",\"inLanguage\":\"fr-FR\",\"@id\":\"https:\/\/legandgo.com\/fr\/#\/schema\/logo\/image\/\",\"url\":\"https:\/\/legandgo.com\/wp-content\/uploads\/2021\/03\/logorf.png\",\"contentUrl\":\"https:\/\/legandgo.com\/wp-content\/uploads\/2021\/03\/logorf.png\",\"width\":675,\"height\":216,\"caption\":\"leg&go bike\"},\"image\":{\"@id\":\"https:\/\/legandgo.com\/fr\/#\/schema\/logo\/image\/\"},\"sameAs\":[\"https:\/\/www.facebook.com\/legandgo\",\"https:\/\/www.instagram.com\/legandgo\/\",\"https:\/\/www.linkedin.com\/company\/legandgo\/\",\"https:\/\/www.pinterest.com\/legandgo\/\",\"https:\/\/www.youtube.com\/channel\/UC_FBzWPmKWE0g7fcR4Xdfuw\/\"]}]}<\/script>\n<!-- \/ Yoast SEO plugin. -->","yoast_head_json":{"title":"Module v\u00e9lo tout terrain &#183; leg&amp;go","description":"Accessoire de descente pour la draisienne en bois leg&go 3-en-1 permettant de transformer la draisienne en v\u00e9lo de descente pour les tout-petits.","robots":{"index":"index","follow":"follow","max-snippet":"max-snippet:-1","max-image-preview":"max-image-preview:large","max-video-preview":"max-video-preview:-1"},"canonical":"https:\/\/legandgo.com\/fr\/shop\/add-ons-fr\/downhill-bike\/","og_locale":"fr_FR","og_type":"article","og_title":"Module v\u00e9lo tout terrain &#183; leg&amp;go","og_description":"Accessoire de descente pour la draisienne en bois leg&go 3-en-1 permettant de transformer la draisienne en v\u00e9lo de descente pour les tout-petits.","og_url":"https:\/\/legandgo.com\/fr\/shop\/add-ons-fr\/downhill-bike\/","og_site_name":"leg&amp;go","article_publisher":"https:\/\/www.facebook.com\/legandgo","article_modified_time":"2026-03-10T09:16:51+00:00","og_image":[{"width":750,"height":749,"url":"https:\/\/legandgo.com\/wp-content\/uploads\/2021\/02\/Downhill_add-on.jpg","type":"image\/jpeg"}],"twitter_card":"summary_large_image","twitter_misc":{"Dur\u00e9e de lecture estim\u00e9e":"1 minute"},"schema":{"@context":"https:\/\/schema.org","@graph":[{"@type":"WebPage","@id":"https:\/\/legandgo.com\/fr\/shop\/add-ons-fr\/downhill-bike\/","url":"https:\/\/legandgo.com\/fr\/shop\/add-ons-fr\/downhill-bike\/","name":"Module v\u00e9lo tout terrain &#183; leg&amp;go","isPartOf":{"@id":"https:\/\/legandgo.com\/fr\/#website"},"primaryImageOfPage":{"@id":"https:\/\/legandgo.com\/fr\/shop\/add-ons-fr\/downhill-bike\/#primaryimage"},"image":{"@id":"https:\/\/legandgo.com\/fr\/shop\/add-ons-fr\/downhill-bike\/#primaryimage"},"thumbnailUrl":"https:\/\/legandgo.com\/wp-content\/uploads\/2021\/02\/Downhill_add-on.jpg","datePublished":"2021-02-03T16:46:05+00:00","dateModified":"2026-03-10T09:16:51+00:00","description":"Accessoire de descente pour la draisienne en bois leg&go 3-en-1 permettant de transformer la draisienne en v\u00e9lo de descente pour les tout-petits.","breadcrumb":{"@id":"https:\/\/legandgo.com\/fr\/shop\/add-ons-fr\/downhill-bike\/#breadcrumb"},"inLanguage":"fr-FR","potentialAction":[{"@type":"ReadAction","target":["https:\/\/legandgo.com\/fr\/shop\/add-ons-fr\/downhill-bike\/"]}]},{"@type":"ImageObject","inLanguage":"fr-FR","@id":"https:\/\/legandgo.com\/fr\/shop\/add-ons-fr\/downhill-bike\/#primaryimage","url":"https:\/\/legandgo.com\/wp-content\/uploads\/2021\/02\/Downhill_add-on.jpg","contentUrl":"https:\/\/legandgo.com\/wp-content\/uploads\/2021\/02\/Downhill_add-on.jpg","width":750,"height":749},{"@type":"BreadcrumbList","@id":"https:\/\/legandgo.com\/fr\/shop\/add-ons-fr\/downhill-bike\/#breadcrumb","itemListElement":[{"@type":"ListItem","position":1,"name":"Home","item":"https:\/\/legandgo.com\/fr\/"},{"@type":"ListItem","position":2,"name":"Shop","item":"https:\/\/legandgo.com\/fr\/shop\/"},{"@type":"ListItem","position":3,"name":"Module v\u00e9lo tout terrain"}]},{"@type":"WebSite","@id":"https:\/\/legandgo.com\/fr\/#website","url":"https:\/\/legandgo.com\/fr\/","name":"leg&amp;go","description":"","publisher":{"@id":"https:\/\/legandgo.com\/fr\/#organization"},"potentialAction":[{"@type":"SearchAction","target":{"@type":"EntryPoint","urlTemplate":"https:\/\/legandgo.com\/fr\/?s={search_term_string}"},"query-input":{"@type":"PropertyValueSpecification","valueRequired":true,"valueName":"search_term_string"}}],"inLanguage":"fr-FR"},{"@type":"Organization","@id":"https:\/\/legandgo.com\/fr\/#organization","name":"leg&go bike","url":"https:\/\/legandgo.com\/fr\/","logo":{"@type":"ImageObject","inLanguage":"fr-FR","@id":"https:\/\/legandgo.com\/fr\/#\/schema\/logo\/image\/","url":"https:\/\/legandgo.com\/wp-content\/uploads\/2021\/03\/logorf.png","contentUrl":"https:\/\/legandgo.com\/wp-content\/uploads\/2021\/03\/logorf.png","width":675,"height":216,"caption":"leg&go bike"},"image":{"@id":"https:\/\/legandgo.com\/fr\/#\/schema\/logo\/image\/"},"sameAs":["https:\/\/www.facebook.com\/legandgo","https:\/\/www.instagram.com\/legandgo\/","https:\/\/www.linkedin.com\/company\/legandgo\/","https:\/\/www.pinterest.com\/legandgo\/","https:\/\/www.youtube.com\/channel\/UC_FBzWPmKWE0g7fcR4Xdfuw\/"]}]}},"_links":{"self":[{"href":"https:\/\/legandgo.com\/fr\/wp-json\/wp\/v2\/product\/1259","targetHints":{"allow":["GET"]}}],"collection":[{"href":"https:\/\/legandgo.com\/fr\/wp-json\/wp\/v2\/product"}],"about":[{"href":"https:\/\/legandgo.com\/fr\/wp-json\/wp\/v2\/types\/product"}],"replies":[{"embeddable":true,"href":"https:\/\/legandgo.com\/fr\/wp-json\/wp\/v2\/comments?post=1259"}],"version-history":[{"count":8,"href":"https:\/\/legandgo.com\/fr\/wp-json\/wp\/v2\/product\/1259\/revisions"}],"predecessor-version":[{"id":51709,"href":"https:\/\/legandgo.com\/fr\/wp-json\/wp\/v2\/product\/1259\/revisions\/51709"}],"wp:featuredmedia":[{"embeddable":true,"href":"https:\/\/legandgo.com\/fr\/wp-json\/wp\/v2\/media\/9758"}],"wp:attachment":[{"href":"https:\/\/legandgo.com\/fr\/wp-json\/wp\/v2\/media?parent=1259"}],"wp:term":[{"taxonomy":"product_brand","embeddable":true,"href":"https:\/\/legandgo.com\/fr\/wp-json\/wp\/v2\/product_brand?post=1259"},{"taxonomy":"product_cat","embeddable":true,"href":"https:\/\/legandgo.com\/fr\/wp-json\/wp\/v2\/product_cat?post=1259"},{"taxonomy":"product_tag","embeddable":true,"href":"https:\/\/legandgo.com\/fr\/wp-json\/wp\/v2\/product_tag?post=1259"}],"curies":[{"name":"wp","href":"https:\/\/api.w.org\/{rel}","templated":true}]}}