{"id":1263,"date":"2021-02-03T16:39:39","date_gmt":"2021-02-03T16:39:39","guid":{"rendered":"https:\/\/legandgo.com\/product\/tricycle\/"},"modified":"2026-04-16T10:35:46","modified_gmt":"2026-04-16T08:35:46","slug":"tricycle","status":"publish","type":"product","link":"https:\/\/legandgo.com\/fr\/shop\/add-ons-fr\/tricycle\/","title":{"rendered":"Module Tricycle"},"content":{"rendered":"<p style=\"font-weight: 400;\">Une mani\u00e8re stable et ludique d\u2019introduire le p\u00e9dalage \u2014 parfaite pour les petits cyclistes qui d\u00e9butent ou qui b\u00e9n\u00e9ficieraient d\u2019un soutien suppl\u00e9mentaire pour gagner en confiance.<\/p>\n<p style=\"font-weight: 400;\">Encourage le mouvement naturel, la coordination et une autonomie croissante. Un coffre de rangement arri\u00e8re intelligemment int\u00e9gr\u00e9 permet aux enfants d\u2019emporter leurs jouets pr\u00e9f\u00e9r\u00e9s pour la balade.<\/p>\n<p style=\"font-weight: 400;\"><strong>Veuillez noter<\/strong> : le leg&amp;go Balance Bike 3in1 doit \u00eatre achet\u00e9 s\u00e9par\u00e9ment. Le module Tricycle est compatible uniquement avec le leg&amp;go Balance Bike 3in1.<\/p>\n<p style=\"font-weight: 400;\"><strong>D\u00e9couvrez-en davantage ci-dessous.<\/strong><\/p>\n","protected":false},"excerpt":{"rendered":"<p>Une mani\u00e8re stable et ludique d\u2019introduire le p\u00e9dalage \u2014 parfaite pour les petits cyclistes qui d\u00e9butent ou qui b\u00e9n\u00e9ficieraient d\u2019un soutien suppl\u00e9mentaire pour gagner en confiance. Encourage le mouvement naturel, la coordination et une autonomie croissante. Un coffre de rangement arri\u00e8re intelligemment int\u00e9gr\u00e9 permet aux enfants d\u2019emporter leurs jouets pr\u00e9f\u00e9r\u00e9s pour la balade. Veuillez noter<a class=\"excerpt-read-more\" href=\"https:\/\/legandgo.com\/fr\/shop\/add-ons-fr\/tricycle\/\" title=\"ReadModule Tricycle\">&#8230; Read more &raquo;<\/a><\/p>\n","protected":false},"featured_media":9749,"comment_status":"closed","ping_status":"closed","template":"","meta":{"_acf_changed":false,"inline_featured_image":false,"footnotes":""},"product_brand":[],"product_cat":[1310,93],"product_tag":[1726,1718,1722,1714,1710],"class_list":{"0":"post-1263","1":"product","2":"type-product","3":"status-publish","4":"has-post-thumbnail","6":"product_cat-draisiennes-et-plus","7":"product_cat-add-ons-fr","8":"product_tag-leg-go-2","9":"product_tag-leg-and-go","10":"product_tag-leg-go","11":"product_tag-leggo","12":"product_tag-legandgo","13":"product_shipping_class-toys-shipping-fr","15":"first","16":"instock","17":"purchasable","18":"product-type-simple"},"bundled_by":["50849"],"bundle_stock_status":"instock","bundle_stock_quantity":null,"bundle_virtual":false,"bundle_layout":"","bundle_add_to_cart_form_location":"","bundle_editable_in_cart":false,"bundle_sold_individually_context":"","bundle_item_grouping":"","bundle_min_size":"","bundle_max_size":"","bundle_price":[],"bundled_items":[],"bundle_sell_ids":[],"acf":[],"yoast_head":"<!-- This site is optimized with the Yoast SEO plugin v25.9 - https:\/\/yoast.com\/wordpress\/plugins\/seo\/ -->\n<title>Module Tricycle &#183; leg&amp;go<\/title>\n<meta name=\"description\" content=\"Accessoire pour tricycle leg&amp;go qui transforme un v\u00e9lo d&#039;\u00e9quilibre en bois 3-en-1 en tricycle en bois.\" \/>\n<meta name=\"robots\" content=\"index, follow, max-snippet:-1, max-image-preview:large, max-video-preview:-1\" \/>\n<link rel=\"canonical\" href=\"https:\/\/legandgo.com\/fr\/shop\/add-ons-fr\/tricycle\/\" \/>\n<meta property=\"og:locale\" content=\"fr_FR\" \/>\n<meta property=\"og:type\" content=\"article\" \/>\n<meta property=\"og:title\" content=\"Module Tricycle &#183; leg&amp;go\" \/>\n<meta property=\"og:description\" content=\"Accessoire pour tricycle leg&amp;go qui transforme un v\u00e9lo d&#039;\u00e9quilibre en bois 3-en-1 en tricycle en bois.\" \/>\n<meta property=\"og:url\" content=\"https:\/\/legandgo.com\/fr\/shop\/add-ons-fr\/tricycle\/\" \/>\n<meta property=\"og:site_name\" content=\"leg&amp;go\" \/>\n<meta property=\"article:publisher\" content=\"https:\/\/www.facebook.com\/legandgo\" \/>\n<meta property=\"article:modified_time\" content=\"2026-04-16T08:35:46+00:00\" \/>\n<meta property=\"og:image\" content=\"https:\/\/legandgo.com\/wp-content\/uploads\/2021\/02\/Ticycle_add-on.jpg\" \/>\n\t<meta property=\"og:image:width\" content=\"750\" \/>\n\t<meta property=\"og:image:height\" content=\"750\" \/>\n\t<meta property=\"og:image:type\" content=\"image\/jpeg\" \/>\n<meta name=\"twitter:card\" content=\"summary_large_image\" \/>\n<script type=\"application\/ld+json\" class=\"yoast-schema-graph\">{\"@context\":\"https:\/\/schema.org\",\"@graph\":[{\"@type\":\"WebPage\",\"@id\":\"https:\/\/legandgo.com\/fr\/shop\/add-ons-fr\/tricycle\/\",\"url\":\"https:\/\/legandgo.com\/fr\/shop\/add-ons-fr\/tricycle\/\",\"name\":\"Module Tricycle &#183; leg&amp;go\",\"isPartOf\":{\"@id\":\"https:\/\/legandgo.com\/fr\/#website\"},\"primaryImageOfPage\":{\"@id\":\"https:\/\/legandgo.com\/fr\/shop\/add-ons-fr\/tricycle\/#primaryimage\"},\"image\":{\"@id\":\"https:\/\/legandgo.com\/fr\/shop\/add-ons-fr\/tricycle\/#primaryimage\"},\"thumbnailUrl\":\"https:\/\/legandgo.com\/wp-content\/uploads\/2021\/02\/Ticycle_add-on.jpg\",\"datePublished\":\"2021-02-03T16:39:39+00:00\",\"dateModified\":\"2026-04-16T08:35:46+00:00\",\"description\":\"Accessoire pour tricycle leg&go qui transforme un v\u00e9lo d'\u00e9quilibre en bois 3-en-1 en tricycle en bois.\",\"breadcrumb\":{\"@id\":\"https:\/\/legandgo.com\/fr\/shop\/add-ons-fr\/tricycle\/#breadcrumb\"},\"inLanguage\":\"fr-FR\",\"potentialAction\":[{\"@type\":\"ReadAction\",\"target\":[\"https:\/\/legandgo.com\/fr\/shop\/add-ons-fr\/tricycle\/\"]}]},{\"@type\":\"ImageObject\",\"inLanguage\":\"fr-FR\",\"@id\":\"https:\/\/legandgo.com\/fr\/shop\/add-ons-fr\/tricycle\/#primaryimage\",\"url\":\"https:\/\/legandgo.com\/wp-content\/uploads\/2021\/02\/Ticycle_add-on.jpg\",\"contentUrl\":\"https:\/\/legandgo.com\/wp-content\/uploads\/2021\/02\/Ticycle_add-on.jpg\",\"width\":750,\"height\":750},{\"@type\":\"BreadcrumbList\",\"@id\":\"https:\/\/legandgo.com\/fr\/shop\/add-ons-fr\/tricycle\/#breadcrumb\",\"itemListElement\":[{\"@type\":\"ListItem\",\"position\":1,\"name\":\"Home\",\"item\":\"https:\/\/legandgo.com\/fr\/\"},{\"@type\":\"ListItem\",\"position\":2,\"name\":\"Shop\",\"item\":\"https:\/\/legandgo.com\/fr\/shop\/\"},{\"@type\":\"ListItem\",\"position\":3,\"name\":\"Module Tricycle\"}]},{\"@type\":\"WebSite\",\"@id\":\"https:\/\/legandgo.com\/fr\/#website\",\"url\":\"https:\/\/legandgo.com\/fr\/\",\"name\":\"leg&amp;go\",\"description\":\"\",\"publisher\":{\"@id\":\"https:\/\/legandgo.com\/fr\/#organization\"},\"potentialAction\":[{\"@type\":\"SearchAction\",\"target\":{\"@type\":\"EntryPoint\",\"urlTemplate\":\"https:\/\/legandgo.com\/fr\/?s={search_term_string}\"},\"query-input\":{\"@type\":\"PropertyValueSpecification\",\"valueRequired\":true,\"valueName\":\"search_term_string\"}}],\"inLanguage\":\"fr-FR\"},{\"@type\":\"Organization\",\"@id\":\"https:\/\/legandgo.com\/fr\/#organization\",\"name\":\"leg&go bike\",\"url\":\"https:\/\/legandgo.com\/fr\/\",\"logo\":{\"@type\":\"ImageObject\",\"inLanguage\":\"fr-FR\",\"@id\":\"https:\/\/legandgo.com\/fr\/#\/schema\/logo\/image\/\",\"url\":\"https:\/\/legandgo.com\/wp-content\/uploads\/2021\/03\/logorf.png\",\"contentUrl\":\"https:\/\/legandgo.com\/wp-content\/uploads\/2021\/03\/logorf.png\",\"width\":675,\"height\":216,\"caption\":\"leg&go bike\"},\"image\":{\"@id\":\"https:\/\/legandgo.com\/fr\/#\/schema\/logo\/image\/\"},\"sameAs\":[\"https:\/\/www.facebook.com\/legandgo\",\"https:\/\/www.instagram.com\/legandgo\/\",\"https:\/\/www.linkedin.com\/company\/legandgo\/\",\"https:\/\/www.pinterest.com\/legandgo\/\",\"https:\/\/www.youtube.com\/channel\/UC_FBzWPmKWE0g7fcR4Xdfuw\/\"]}]}<\/script>\n<!-- \/ Yoast SEO plugin. -->","yoast_head_json":{"title":"Module Tricycle &#183; leg&amp;go","description":"Accessoire pour tricycle leg&go qui transforme un v\u00e9lo d'\u00e9quilibre en bois 3-en-1 en tricycle en bois.","robots":{"index":"index","follow":"follow","max-snippet":"max-snippet:-1","max-image-preview":"max-image-preview:large","max-video-preview":"max-video-preview:-1"},"canonical":"https:\/\/legandgo.com\/fr\/shop\/add-ons-fr\/tricycle\/","og_locale":"fr_FR","og_type":"article","og_title":"Module Tricycle &#183; leg&amp;go","og_description":"Accessoire pour tricycle leg&go qui transforme un v\u00e9lo d'\u00e9quilibre en bois 3-en-1 en tricycle en bois.","og_url":"https:\/\/legandgo.com\/fr\/shop\/add-ons-fr\/tricycle\/","og_site_name":"leg&amp;go","article_publisher":"https:\/\/www.facebook.com\/legandgo","article_modified_time":"2026-04-16T08:35:46+00:00","og_image":[{"width":750,"height":750,"url":"https:\/\/legandgo.com\/wp-content\/uploads\/2021\/02\/Ticycle_add-on.jpg","type":"image\/jpeg"}],"twitter_card":"summary_large_image","schema":{"@context":"https:\/\/schema.org","@graph":[{"@type":"WebPage","@id":"https:\/\/legandgo.com\/fr\/shop\/add-ons-fr\/tricycle\/","url":"https:\/\/legandgo.com\/fr\/shop\/add-ons-fr\/tricycle\/","name":"Module Tricycle &#183; leg&amp;go","isPartOf":{"@id":"https:\/\/legandgo.com\/fr\/#website"},"primaryImageOfPage":{"@id":"https:\/\/legandgo.com\/fr\/shop\/add-ons-fr\/tricycle\/#primaryimage"},"image":{"@id":"https:\/\/legandgo.com\/fr\/shop\/add-ons-fr\/tricycle\/#primaryimage"},"thumbnailUrl":"https:\/\/legandgo.com\/wp-content\/uploads\/2021\/02\/Ticycle_add-on.jpg","datePublished":"2021-02-03T16:39:39+00:00","dateModified":"2026-04-16T08:35:46+00:00","description":"Accessoire pour tricycle leg&go qui transforme un v\u00e9lo d'\u00e9quilibre en bois 3-en-1 en tricycle en bois.","breadcrumb":{"@id":"https:\/\/legandgo.com\/fr\/shop\/add-ons-fr\/tricycle\/#breadcrumb"},"inLanguage":"fr-FR","potentialAction":[{"@type":"ReadAction","target":["https:\/\/legandgo.com\/fr\/shop\/add-ons-fr\/tricycle\/"]}]},{"@type":"ImageObject","inLanguage":"fr-FR","@id":"https:\/\/legandgo.com\/fr\/shop\/add-ons-fr\/tricycle\/#primaryimage","url":"https:\/\/legandgo.com\/wp-content\/uploads\/2021\/02\/Ticycle_add-on.jpg","contentUrl":"https:\/\/legandgo.com\/wp-content\/uploads\/2021\/02\/Ticycle_add-on.jpg","width":750,"height":750},{"@type":"BreadcrumbList","@id":"https:\/\/legandgo.com\/fr\/shop\/add-ons-fr\/tricycle\/#breadcrumb","itemListElement":[{"@type":"ListItem","position":1,"name":"Home","item":"https:\/\/legandgo.com\/fr\/"},{"@type":"ListItem","position":2,"name":"Shop","item":"https:\/\/legandgo.com\/fr\/shop\/"},{"@type":"ListItem","position":3,"name":"Module Tricycle"}]},{"@type":"WebSite","@id":"https:\/\/legandgo.com\/fr\/#website","url":"https:\/\/legandgo.com\/fr\/","name":"leg&amp;go","description":"","publisher":{"@id":"https:\/\/legandgo.com\/fr\/#organization"},"potentialAction":[{"@type":"SearchAction","target":{"@type":"EntryPoint","urlTemplate":"https:\/\/legandgo.com\/fr\/?s={search_term_string}"},"query-input":{"@type":"PropertyValueSpecification","valueRequired":true,"valueName":"search_term_string"}}],"inLanguage":"fr-FR"},{"@type":"Organization","@id":"https:\/\/legandgo.com\/fr\/#organization","name":"leg&go bike","url":"https:\/\/legandgo.com\/fr\/","logo":{"@type":"ImageObject","inLanguage":"fr-FR","@id":"https:\/\/legandgo.com\/fr\/#\/schema\/logo\/image\/","url":"https:\/\/legandgo.com\/wp-content\/uploads\/2021\/03\/logorf.png","contentUrl":"https:\/\/legandgo.com\/wp-content\/uploads\/2021\/03\/logorf.png","width":675,"height":216,"caption":"leg&go bike"},"image":{"@id":"https:\/\/legandgo.com\/fr\/#\/schema\/logo\/image\/"},"sameAs":["https:\/\/www.facebook.com\/legandgo","https:\/\/www.instagram.com\/legandgo\/","https:\/\/www.linkedin.com\/company\/legandgo\/","https:\/\/www.pinterest.com\/legandgo\/","https:\/\/www.youtube.com\/channel\/UC_FBzWPmKWE0g7fcR4Xdfuw\/"]}]}},"_links":{"self":[{"href":"https:\/\/legandgo.com\/fr\/wp-json\/wp\/v2\/product\/1263","targetHints":{"allow":["GET"]}}],"collection":[{"href":"https:\/\/legandgo.com\/fr\/wp-json\/wp\/v2\/product"}],"about":[{"href":"https:\/\/legandgo.com\/fr\/wp-json\/wp\/v2\/types\/product"}],"replies":[{"embeddable":true,"href":"https:\/\/legandgo.com\/fr\/wp-json\/wp\/v2\/comments?post=1263"}],"version-history":[{"count":15,"href":"https:\/\/legandgo.com\/fr\/wp-json\/wp\/v2\/product\/1263\/revisions"}],"predecessor-version":[{"id":51702,"href":"https:\/\/legandgo.com\/fr\/wp-json\/wp\/v2\/product\/1263\/revisions\/51702"}],"wp:featuredmedia":[{"embeddable":true,"href":"https:\/\/legandgo.com\/fr\/wp-json\/wp\/v2\/media\/9749"}],"wp:attachment":[{"href":"https:\/\/legandgo.com\/fr\/wp-json\/wp\/v2\/media?parent=1263"}],"wp:term":[{"taxonomy":"product_brand","embeddable":true,"href":"https:\/\/legandgo.com\/fr\/wp-json\/wp\/v2\/product_brand?post=1263"},{"taxonomy":"product_cat","embeddable":true,"href":"https:\/\/legandgo.com\/fr\/wp-json\/wp\/v2\/product_cat?post=1263"},{"taxonomy":"product_tag","embeddable":true,"href":"https:\/\/legandgo.com\/fr\/wp-json\/wp\/v2\/product_tag?post=1263"}],"curies":[{"name":"wp","href":"https:\/\/api.w.org\/{rel}","templated":true}]}}