{"id":1266,"date":"2021-02-03T16:38:40","date_gmt":"2021-02-03T16:38:40","guid":{"rendered":"https:\/\/legandgo.com\/product\/pedal-bike\/"},"modified":"2026-04-16T10:35:51","modified_gmt":"2026-04-16T08:35:51","slug":"pedales-pour-draisienne-3en1","status":"publish","type":"product","link":"https:\/\/legandgo.com\/fr\/shop\/add-ons-fr\/pedales-pour-draisienne-3en1\/","title":{"rendered":"Kit de p\u00e9dales pour la Draisienne 3en1"},"content":{"rendered":"<p style=\"font-weight: 400;\">La fa\u00e7on la plus naturelle de passer \u00e0 un premier v\u00e9lo \u00e0 p\u00e9dales.<\/p>\n<p style=\"font-weight: 400;\">Fixez simplement les p\u00e9dales \u00e0 votre leg&amp;go Balance Bike 3in1 et regardez votre enfant passer d\u2019un \u00e9quilibre assur\u00e9 \u00e0 un p\u00e9dalage sans effort.<\/p>\n<p style=\"font-weight: 400;\">Familier, intuitif et con\u00e7u pour que cette derni\u00e8re \u00e9tape soit simple.<\/p>\n<p style=\"font-weight: 400;\">Veuillez noter : le Pedal Bike Add-on n\u2019inclut pas le Balance Bike et doit \u00eatre achet\u00e9 s\u00e9par\u00e9ment. Il est con\u00e7u exclusivement pour \u00eatre utilis\u00e9 avec le leg&amp;go Balance Bike 3in1.<\/p>\n<p style=\"font-weight: 400;\"><strong>D\u00e9couvrez-en plus ci-dessous.<\/strong><\/p>\n","protected":false},"excerpt":{"rendered":"<p>La fa\u00e7on la plus naturelle de passer \u00e0 un premier v\u00e9lo \u00e0 p\u00e9dales. Fixez simplement les p\u00e9dales \u00e0 votre leg&amp;go Balance Bike 3in1 et regardez votre enfant passer d\u2019un \u00e9quilibre assur\u00e9 \u00e0 un p\u00e9dalage sans effort. Familier, intuitif et con\u00e7u pour que cette derni\u00e8re \u00e9tape soit simple. Veuillez noter : le Pedal Bike Add-on n\u2019inclut<a class=\"excerpt-read-more\" href=\"https:\/\/legandgo.com\/fr\/shop\/add-ons-fr\/pedales-pour-draisienne-3en1\/\" title=\"ReadKit de p\u00e9dales pour la Draisienne 3en1\">&#8230; Read more &raquo;<\/a><\/p>\n","protected":false},"featured_media":9752,"comment_status":"closed","ping_status":"closed","template":"","meta":{"_acf_changed":false,"inline_featured_image":false,"footnotes":""},"product_brand":[],"product_cat":[1310,93],"product_tag":[1726,1718,1722,1714,1710],"class_list":{"0":"post-1266","1":"product","2":"type-product","3":"status-publish","4":"has-post-thumbnail","6":"product_cat-draisiennes-et-plus","7":"product_cat-add-ons-fr","8":"product_tag-leg-go-2","9":"product_tag-leg-and-go","10":"product_tag-leg-go","11":"product_tag-leggo","12":"product_tag-legandgo","13":"product_shipping_class-toys-shipping-fr","15":"first","16":"instock","17":"purchasable","18":"product-type-simple"},"bundled_by":["48640","50849"],"bundle_stock_status":"instock","bundle_stock_quantity":null,"bundle_virtual":false,"bundle_layout":"","bundle_add_to_cart_form_location":"","bundle_editable_in_cart":false,"bundle_sold_individually_context":"","bundle_item_grouping":"","bundle_min_size":"","bundle_max_size":"","bundle_price":[],"bundled_items":[],"bundle_sell_ids":[],"acf":[],"yoast_head":"<!-- This site is optimized with the Yoast SEO plugin v25.9 - https:\/\/yoast.com\/wordpress\/plugins\/seo\/ -->\n<title>Kit de p\u00e9dales pour la Draisienne 3en1 &#183; leg&amp;go<\/title>\n<meta name=\"description\" content=\"Transformez votre draisienne leg&amp;go 3 en 1 en un premier v\u00e9lo \u00e0 p\u00e9dales l\u00e9ger et intuitif. Con\u00e7u pour une transition naturelle vers le p\u00e9dalage, il accompagne votre enfant vers une conduite s\u00fbre et confiante.\" \/>\n<meta name=\"robots\" content=\"index, follow, max-snippet:-1, max-image-preview:large, max-video-preview:-1\" \/>\n<link rel=\"canonical\" href=\"https:\/\/legandgo.com\/fr\/shop\/add-ons-fr\/pedales-pour-draisienne-3en1\/\" \/>\n<meta property=\"og:locale\" content=\"fr_FR\" \/>\n<meta property=\"og:type\" content=\"article\" \/>\n<meta property=\"og:title\" content=\"Kit de p\u00e9dales pour la Draisienne 3en1 &#183; leg&amp;go\" \/>\n<meta property=\"og:description\" content=\"Transformez votre draisienne leg&amp;go 3 en 1 en un premier v\u00e9lo \u00e0 p\u00e9dales l\u00e9ger et intuitif. Con\u00e7u pour une transition naturelle vers le p\u00e9dalage, il accompagne votre enfant vers une conduite s\u00fbre et confiante.\" \/>\n<meta property=\"og:url\" content=\"https:\/\/legandgo.com\/fr\/shop\/add-ons-fr\/pedales-pour-draisienne-3en1\/\" \/>\n<meta property=\"og:site_name\" content=\"leg&amp;go\" \/>\n<meta property=\"article:publisher\" content=\"https:\/\/www.facebook.com\/legandgo\" \/>\n<meta property=\"article:modified_time\" content=\"2026-04-16T08:35:51+00:00\" \/>\n<meta property=\"og:image\" content=\"https:\/\/legandgo.com\/wp-content\/uploads\/2021\/02\/Pedal-Bike_add-on.jpg\" \/>\n\t<meta property=\"og:image:width\" content=\"750\" \/>\n\t<meta property=\"og:image:height\" content=\"750\" \/>\n\t<meta property=\"og:image:type\" content=\"image\/jpeg\" \/>\n<meta name=\"twitter:card\" content=\"summary_large_image\" \/>\n<script type=\"application\/ld+json\" class=\"yoast-schema-graph\">{\"@context\":\"https:\/\/schema.org\",\"@graph\":[{\"@type\":\"WebPage\",\"@id\":\"https:\/\/legandgo.com\/fr\/shop\/add-ons-fr\/pedales-pour-draisienne-3en1\/\",\"url\":\"https:\/\/legandgo.com\/fr\/shop\/add-ons-fr\/pedales-pour-draisienne-3en1\/\",\"name\":\"Kit de p\u00e9dales pour la Draisienne 3en1 &#183; leg&amp;go\",\"isPartOf\":{\"@id\":\"https:\/\/legandgo.com\/fr\/#website\"},\"primaryImageOfPage\":{\"@id\":\"https:\/\/legandgo.com\/fr\/shop\/add-ons-fr\/pedales-pour-draisienne-3en1\/#primaryimage\"},\"image\":{\"@id\":\"https:\/\/legandgo.com\/fr\/shop\/add-ons-fr\/pedales-pour-draisienne-3en1\/#primaryimage\"},\"thumbnailUrl\":\"https:\/\/legandgo.com\/wp-content\/uploads\/2021\/02\/Pedal-Bike_add-on.jpg\",\"datePublished\":\"2021-02-03T16:38:40+00:00\",\"dateModified\":\"2026-04-16T08:35:51+00:00\",\"description\":\"Transformez votre draisienne leg&go 3 en 1 en un premier v\u00e9lo \u00e0 p\u00e9dales l\u00e9ger et intuitif. Con\u00e7u pour une transition naturelle vers le p\u00e9dalage, il accompagne votre enfant vers une conduite s\u00fbre et confiante.\",\"breadcrumb\":{\"@id\":\"https:\/\/legandgo.com\/fr\/shop\/add-ons-fr\/pedales-pour-draisienne-3en1\/#breadcrumb\"},\"inLanguage\":\"fr-FR\",\"potentialAction\":[{\"@type\":\"ReadAction\",\"target\":[\"https:\/\/legandgo.com\/fr\/shop\/add-ons-fr\/pedales-pour-draisienne-3en1\/\"]}]},{\"@type\":\"ImageObject\",\"inLanguage\":\"fr-FR\",\"@id\":\"https:\/\/legandgo.com\/fr\/shop\/add-ons-fr\/pedales-pour-draisienne-3en1\/#primaryimage\",\"url\":\"https:\/\/legandgo.com\/wp-content\/uploads\/2021\/02\/Pedal-Bike_add-on.jpg\",\"contentUrl\":\"https:\/\/legandgo.com\/wp-content\/uploads\/2021\/02\/Pedal-Bike_add-on.jpg\",\"width\":750,\"height\":750},{\"@type\":\"BreadcrumbList\",\"@id\":\"https:\/\/legandgo.com\/fr\/shop\/add-ons-fr\/pedales-pour-draisienne-3en1\/#breadcrumb\",\"itemListElement\":[{\"@type\":\"ListItem\",\"position\":1,\"name\":\"Home\",\"item\":\"https:\/\/legandgo.com\/fr\/\"},{\"@type\":\"ListItem\",\"position\":2,\"name\":\"Shop\",\"item\":\"https:\/\/legandgo.com\/fr\/shop\/\"},{\"@type\":\"ListItem\",\"position\":3,\"name\":\"Kit de p\u00e9dales pour la Draisienne 3en1\"}]},{\"@type\":\"WebSite\",\"@id\":\"https:\/\/legandgo.com\/fr\/#website\",\"url\":\"https:\/\/legandgo.com\/fr\/\",\"name\":\"leg&amp;go\",\"description\":\"\",\"publisher\":{\"@id\":\"https:\/\/legandgo.com\/fr\/#organization\"},\"potentialAction\":[{\"@type\":\"SearchAction\",\"target\":{\"@type\":\"EntryPoint\",\"urlTemplate\":\"https:\/\/legandgo.com\/fr\/?s={search_term_string}\"},\"query-input\":{\"@type\":\"PropertyValueSpecification\",\"valueRequired\":true,\"valueName\":\"search_term_string\"}}],\"inLanguage\":\"fr-FR\"},{\"@type\":\"Organization\",\"@id\":\"https:\/\/legandgo.com\/fr\/#organization\",\"name\":\"leg&go bike\",\"url\":\"https:\/\/legandgo.com\/fr\/\",\"logo\":{\"@type\":\"ImageObject\",\"inLanguage\":\"fr-FR\",\"@id\":\"https:\/\/legandgo.com\/fr\/#\/schema\/logo\/image\/\",\"url\":\"https:\/\/legandgo.com\/wp-content\/uploads\/2021\/03\/logorf.png\",\"contentUrl\":\"https:\/\/legandgo.com\/wp-content\/uploads\/2021\/03\/logorf.png\",\"width\":675,\"height\":216,\"caption\":\"leg&go bike\"},\"image\":{\"@id\":\"https:\/\/legandgo.com\/fr\/#\/schema\/logo\/image\/\"},\"sameAs\":[\"https:\/\/www.facebook.com\/legandgo\",\"https:\/\/www.instagram.com\/legandgo\/\",\"https:\/\/www.linkedin.com\/company\/legandgo\/\",\"https:\/\/www.pinterest.com\/legandgo\/\",\"https:\/\/www.youtube.com\/channel\/UC_FBzWPmKWE0g7fcR4Xdfuw\/\"]}]}<\/script>\n<!-- \/ Yoast SEO plugin. -->","yoast_head_json":{"title":"Kit de p\u00e9dales pour la Draisienne 3en1 &#183; leg&amp;go","description":"Transformez votre draisienne leg&go 3 en 1 en un premier v\u00e9lo \u00e0 p\u00e9dales l\u00e9ger et intuitif. Con\u00e7u pour une transition naturelle vers le p\u00e9dalage, il accompagne votre enfant vers une conduite s\u00fbre et confiante.","robots":{"index":"index","follow":"follow","max-snippet":"max-snippet:-1","max-image-preview":"max-image-preview:large","max-video-preview":"max-video-preview:-1"},"canonical":"https:\/\/legandgo.com\/fr\/shop\/add-ons-fr\/pedales-pour-draisienne-3en1\/","og_locale":"fr_FR","og_type":"article","og_title":"Kit de p\u00e9dales pour la Draisienne 3en1 &#183; leg&amp;go","og_description":"Transformez votre draisienne leg&go 3 en 1 en un premier v\u00e9lo \u00e0 p\u00e9dales l\u00e9ger et intuitif. Con\u00e7u pour une transition naturelle vers le p\u00e9dalage, il accompagne votre enfant vers une conduite s\u00fbre et confiante.","og_url":"https:\/\/legandgo.com\/fr\/shop\/add-ons-fr\/pedales-pour-draisienne-3en1\/","og_site_name":"leg&amp;go","article_publisher":"https:\/\/www.facebook.com\/legandgo","article_modified_time":"2026-04-16T08:35:51+00:00","og_image":[{"width":750,"height":750,"url":"https:\/\/legandgo.com\/wp-content\/uploads\/2021\/02\/Pedal-Bike_add-on.jpg","type":"image\/jpeg"}],"twitter_card":"summary_large_image","schema":{"@context":"https:\/\/schema.org","@graph":[{"@type":"WebPage","@id":"https:\/\/legandgo.com\/fr\/shop\/add-ons-fr\/pedales-pour-draisienne-3en1\/","url":"https:\/\/legandgo.com\/fr\/shop\/add-ons-fr\/pedales-pour-draisienne-3en1\/","name":"Kit de p\u00e9dales pour la Draisienne 3en1 &#183; leg&amp;go","isPartOf":{"@id":"https:\/\/legandgo.com\/fr\/#website"},"primaryImageOfPage":{"@id":"https:\/\/legandgo.com\/fr\/shop\/add-ons-fr\/pedales-pour-draisienne-3en1\/#primaryimage"},"image":{"@id":"https:\/\/legandgo.com\/fr\/shop\/add-ons-fr\/pedales-pour-draisienne-3en1\/#primaryimage"},"thumbnailUrl":"https:\/\/legandgo.com\/wp-content\/uploads\/2021\/02\/Pedal-Bike_add-on.jpg","datePublished":"2021-02-03T16:38:40+00:00","dateModified":"2026-04-16T08:35:51+00:00","description":"Transformez votre draisienne leg&go 3 en 1 en un premier v\u00e9lo \u00e0 p\u00e9dales l\u00e9ger et intuitif. Con\u00e7u pour une transition naturelle vers le p\u00e9dalage, il accompagne votre enfant vers une conduite s\u00fbre et confiante.","breadcrumb":{"@id":"https:\/\/legandgo.com\/fr\/shop\/add-ons-fr\/pedales-pour-draisienne-3en1\/#breadcrumb"},"inLanguage":"fr-FR","potentialAction":[{"@type":"ReadAction","target":["https:\/\/legandgo.com\/fr\/shop\/add-ons-fr\/pedales-pour-draisienne-3en1\/"]}]},{"@type":"ImageObject","inLanguage":"fr-FR","@id":"https:\/\/legandgo.com\/fr\/shop\/add-ons-fr\/pedales-pour-draisienne-3en1\/#primaryimage","url":"https:\/\/legandgo.com\/wp-content\/uploads\/2021\/02\/Pedal-Bike_add-on.jpg","contentUrl":"https:\/\/legandgo.com\/wp-content\/uploads\/2021\/02\/Pedal-Bike_add-on.jpg","width":750,"height":750},{"@type":"BreadcrumbList","@id":"https:\/\/legandgo.com\/fr\/shop\/add-ons-fr\/pedales-pour-draisienne-3en1\/#breadcrumb","itemListElement":[{"@type":"ListItem","position":1,"name":"Home","item":"https:\/\/legandgo.com\/fr\/"},{"@type":"ListItem","position":2,"name":"Shop","item":"https:\/\/legandgo.com\/fr\/shop\/"},{"@type":"ListItem","position":3,"name":"Kit de p\u00e9dales pour la Draisienne 3en1"}]},{"@type":"WebSite","@id":"https:\/\/legandgo.com\/fr\/#website","url":"https:\/\/legandgo.com\/fr\/","name":"leg&amp;go","description":"","publisher":{"@id":"https:\/\/legandgo.com\/fr\/#organization"},"potentialAction":[{"@type":"SearchAction","target":{"@type":"EntryPoint","urlTemplate":"https:\/\/legandgo.com\/fr\/?s={search_term_string}"},"query-input":{"@type":"PropertyValueSpecification","valueRequired":true,"valueName":"search_term_string"}}],"inLanguage":"fr-FR"},{"@type":"Organization","@id":"https:\/\/legandgo.com\/fr\/#organization","name":"leg&go bike","url":"https:\/\/legandgo.com\/fr\/","logo":{"@type":"ImageObject","inLanguage":"fr-FR","@id":"https:\/\/legandgo.com\/fr\/#\/schema\/logo\/image\/","url":"https:\/\/legandgo.com\/wp-content\/uploads\/2021\/03\/logorf.png","contentUrl":"https:\/\/legandgo.com\/wp-content\/uploads\/2021\/03\/logorf.png","width":675,"height":216,"caption":"leg&go bike"},"image":{"@id":"https:\/\/legandgo.com\/fr\/#\/schema\/logo\/image\/"},"sameAs":["https:\/\/www.facebook.com\/legandgo","https:\/\/www.instagram.com\/legandgo\/","https:\/\/www.linkedin.com\/company\/legandgo\/","https:\/\/www.pinterest.com\/legandgo\/","https:\/\/www.youtube.com\/channel\/UC_FBzWPmKWE0g7fcR4Xdfuw\/"]}]}},"_links":{"self":[{"href":"https:\/\/legandgo.com\/fr\/wp-json\/wp\/v2\/product\/1266","targetHints":{"allow":["GET"]}}],"collection":[{"href":"https:\/\/legandgo.com\/fr\/wp-json\/wp\/v2\/product"}],"about":[{"href":"https:\/\/legandgo.com\/fr\/wp-json\/wp\/v2\/types\/product"}],"replies":[{"embeddable":true,"href":"https:\/\/legandgo.com\/fr\/wp-json\/wp\/v2\/comments?post=1266"}],"version-history":[{"count":29,"href":"https:\/\/legandgo.com\/fr\/wp-json\/wp\/v2\/product\/1266\/revisions"}],"predecessor-version":[{"id":51689,"href":"https:\/\/legandgo.com\/fr\/wp-json\/wp\/v2\/product\/1266\/revisions\/51689"}],"wp:featuredmedia":[{"embeddable":true,"href":"https:\/\/legandgo.com\/fr\/wp-json\/wp\/v2\/media\/9752"}],"wp:attachment":[{"href":"https:\/\/legandgo.com\/fr\/wp-json\/wp\/v2\/media?parent=1266"}],"wp:term":[{"taxonomy":"product_brand","embeddable":true,"href":"https:\/\/legandgo.com\/fr\/wp-json\/wp\/v2\/product_brand?post=1266"},{"taxonomy":"product_cat","embeddable":true,"href":"https:\/\/legandgo.com\/fr\/wp-json\/wp\/v2\/product_cat?post=1266"},{"taxonomy":"product_tag","embeddable":true,"href":"https:\/\/legandgo.com\/fr\/wp-json\/wp\/v2\/product_tag?post=1266"}],"curies":[{"name":"wp","href":"https:\/\/api.w.org\/{rel}","templated":true}]}}