{"id":1268,"date":"2021-02-03T16:37:48","date_gmt":"2021-02-03T16:37:48","guid":{"rendered":"https:\/\/legandgo.com\/product\/rocking-elephant\/"},"modified":"2026-03-10T11:17:51","modified_gmt":"2026-03-10T09:17:51","slug":"rocking-elephant","status":"publish","type":"product","link":"https:\/\/legandgo.com\/fr\/shop\/add-ons-fr\/rocking-elephant\/","title":{"rendered":"Module \u00e9l\u00e9phant \u00e0 bascule"},"content":{"rendered":"<p style=\"font-weight: 400;\">Le module Rocking Elephant transforme votre leg&amp;go Balance Bike 3in1 en un jouet \u00e0 bascule doux, permettant aux b\u00e9b\u00e9s de d\u00e9couvrir le mouvement et l\u2019\u00e9quilibre d\u00e8s qu\u2019ils peuvent s\u2019asseoir.<\/p>\n<p style=\"font-weight: 400;\">S\u00e9curisant, apaisant et con\u00e7u pour soutenir le d\u00e9veloppement gr\u00e2ce \u00e0 un mouvement naturel.<\/p>\n<p style=\"font-weight: 400;\">Veuillez noter : le Balance Bike 3in1 doit \u00eatre achet\u00e9 s\u00e9par\u00e9ment. Con\u00e7u exclusivement pour \u00eatre utilis\u00e9 avec le leg&amp;go Balance Bike 3in1.<\/p>\n<p style=\"font-weight: 400;\"><strong>D\u00e9couvrez-en plus ci-dessous.<\/strong><\/p>\n","protected":false},"excerpt":{"rendered":"<p>Le module Rocking Elephant transforme votre leg&amp;go Balance Bike 3in1 en un jouet \u00e0 bascule doux, permettant aux b\u00e9b\u00e9s de d\u00e9couvrir le mouvement et l\u2019\u00e9quilibre d\u00e8s qu\u2019ils peuvent s\u2019asseoir. S\u00e9curisant, apaisant et con\u00e7u pour soutenir le d\u00e9veloppement gr\u00e2ce \u00e0 un mouvement naturel. Veuillez noter : le Balance Bike 3in1 doit \u00eatre achet\u00e9 s\u00e9par\u00e9ment. Con\u00e7u exclusivement<a class=\"excerpt-read-more\" href=\"https:\/\/legandgo.com\/fr\/shop\/add-ons-fr\/rocking-elephant\/\" title=\"ReadModule \u00e9l\u00e9phant \u00e0 bascule\">&#8230; Read more &raquo;<\/a><\/p>\n","protected":false},"featured_media":8915,"comment_status":"closed","ping_status":"closed","template":"","meta":{"_acf_changed":false,"inline_featured_image":false,"footnotes":""},"product_brand":[],"product_cat":[1310,93],"product_tag":[1726,1718,1722,1714,1710],"class_list":{"0":"post-1268","1":"product","2":"type-product","3":"status-publish","4":"has-post-thumbnail","6":"product_cat-draisiennes-et-plus","7":"product_cat-add-ons-fr","8":"product_tag-leg-go-2","9":"product_tag-leg-and-go","10":"product_tag-leg-go","11":"product_tag-leggo","12":"product_tag-legandgo","13":"product_shipping_class-toys-shipping-fr","14":"pa_color-white-fr","15":"pa_color-gray-fr","16":"pa_color-pink-fr","18":"first","19":"instock","20":"purchasable","21":"product-type-variable","22":"has-default-attributes"},"bundled_by":["48640","50849"],"bundle_stock_status":"instock","bundle_stock_quantity":null,"bundle_virtual":false,"bundle_layout":"","bundle_add_to_cart_form_location":"","bundle_editable_in_cart":false,"bundle_sold_individually_context":"","bundle_item_grouping":"","bundle_min_size":"","bundle_max_size":"","bundle_price":[],"bundled_items":[],"bundle_sell_ids":[],"acf":[],"yoast_head":"<!-- This site is optimized with the Yoast SEO plugin v25.9 - https:\/\/yoast.com\/wordpress\/plugins\/seo\/ -->\n<title>Module \u00e9l\u00e9phant \u00e0 bascule &#183; leg&amp;go<\/title>\n<meta name=\"description\" content=\"Leg&amp;go rocking elephant add on that transforms leg&amp;go wooden balance bike 3-in1 for toddlers into rocking elephant product.\" \/>\n<meta name=\"robots\" content=\"index, follow, max-snippet:-1, max-image-preview:large, max-video-preview:-1\" \/>\n<link rel=\"canonical\" href=\"https:\/\/legandgo.com\/fr\/shop\/add-ons-fr\/rocking-elephant\/\" \/>\n<meta property=\"og:locale\" content=\"fr_FR\" \/>\n<meta property=\"og:type\" content=\"article\" \/>\n<meta property=\"og:title\" content=\"Module \u00e9l\u00e9phant \u00e0 bascule &#183; leg&amp;go\" \/>\n<meta property=\"og:description\" content=\"Leg&amp;go rocking elephant add on that transforms leg&amp;go wooden balance bike 3-in1 for toddlers into rocking elephant product.\" \/>\n<meta property=\"og:url\" content=\"https:\/\/legandgo.com\/fr\/shop\/add-ons-fr\/rocking-elephant\/\" \/>\n<meta property=\"og:site_name\" content=\"leg&amp;go\" \/>\n<meta property=\"article:publisher\" content=\"https:\/\/www.facebook.com\/legandgo\" \/>\n<meta property=\"article:modified_time\" content=\"2026-03-10T09:17:51+00:00\" \/>\n<meta property=\"og:image\" content=\"https:\/\/legandgo.com\/wp-content\/uploads\/2021\/02\/Rocking-Elephant_add-on-gray.jpg\" \/>\n\t<meta property=\"og:image:width\" content=\"300\" \/>\n\t<meta property=\"og:image:height\" content=\"300\" \/>\n\t<meta property=\"og:image:type\" content=\"image\/jpeg\" \/>\n<meta name=\"twitter:card\" content=\"summary_large_image\" \/>\n<script type=\"application\/ld+json\" class=\"yoast-schema-graph\">{\"@context\":\"https:\/\/schema.org\",\"@graph\":[{\"@type\":\"WebPage\",\"@id\":\"https:\/\/legandgo.com\/fr\/shop\/add-ons-fr\/rocking-elephant\/\",\"url\":\"https:\/\/legandgo.com\/fr\/shop\/add-ons-fr\/rocking-elephant\/\",\"name\":\"Module \u00e9l\u00e9phant \u00e0 bascule &#183; leg&amp;go\",\"isPartOf\":{\"@id\":\"https:\/\/legandgo.com\/fr\/#website\"},\"primaryImageOfPage\":{\"@id\":\"https:\/\/legandgo.com\/fr\/shop\/add-ons-fr\/rocking-elephant\/#primaryimage\"},\"image\":{\"@id\":\"https:\/\/legandgo.com\/fr\/shop\/add-ons-fr\/rocking-elephant\/#primaryimage\"},\"thumbnailUrl\":\"https:\/\/legandgo.com\/wp-content\/uploads\/2021\/02\/Rocking-Elephant_add-on-gray.jpg\",\"datePublished\":\"2021-02-03T16:37:48+00:00\",\"dateModified\":\"2026-03-10T09:17:51+00:00\",\"description\":\"Leg&go rocking elephant add on that transforms leg&go wooden balance bike 3-in1 for toddlers into rocking elephant product.\",\"breadcrumb\":{\"@id\":\"https:\/\/legandgo.com\/fr\/shop\/add-ons-fr\/rocking-elephant\/#breadcrumb\"},\"inLanguage\":\"fr-FR\",\"potentialAction\":[{\"@type\":\"ReadAction\",\"target\":[\"https:\/\/legandgo.com\/fr\/shop\/add-ons-fr\/rocking-elephant\/\"]}]},{\"@type\":\"ImageObject\",\"inLanguage\":\"fr-FR\",\"@id\":\"https:\/\/legandgo.com\/fr\/shop\/add-ons-fr\/rocking-elephant\/#primaryimage\",\"url\":\"https:\/\/legandgo.com\/wp-content\/uploads\/2021\/02\/Rocking-Elephant_add-on-gray.jpg\",\"contentUrl\":\"https:\/\/legandgo.com\/wp-content\/uploads\/2021\/02\/Rocking-Elephant_add-on-gray.jpg\",\"width\":300,\"height\":300},{\"@type\":\"BreadcrumbList\",\"@id\":\"https:\/\/legandgo.com\/fr\/shop\/add-ons-fr\/rocking-elephant\/#breadcrumb\",\"itemListElement\":[{\"@type\":\"ListItem\",\"position\":1,\"name\":\"Home\",\"item\":\"https:\/\/legandgo.com\/fr\/\"},{\"@type\":\"ListItem\",\"position\":2,\"name\":\"Shop\",\"item\":\"https:\/\/legandgo.com\/fr\/shop\/\"},{\"@type\":\"ListItem\",\"position\":3,\"name\":\"Module \u00e9l\u00e9phant \u00e0 bascule\"}]},{\"@type\":\"WebSite\",\"@id\":\"https:\/\/legandgo.com\/fr\/#website\",\"url\":\"https:\/\/legandgo.com\/fr\/\",\"name\":\"leg&amp;go\",\"description\":\"\",\"publisher\":{\"@id\":\"https:\/\/legandgo.com\/fr\/#organization\"},\"potentialAction\":[{\"@type\":\"SearchAction\",\"target\":{\"@type\":\"EntryPoint\",\"urlTemplate\":\"https:\/\/legandgo.com\/fr\/?s={search_term_string}\"},\"query-input\":{\"@type\":\"PropertyValueSpecification\",\"valueRequired\":true,\"valueName\":\"search_term_string\"}}],\"inLanguage\":\"fr-FR\"},{\"@type\":\"Organization\",\"@id\":\"https:\/\/legandgo.com\/fr\/#organization\",\"name\":\"leg&go bike\",\"url\":\"https:\/\/legandgo.com\/fr\/\",\"logo\":{\"@type\":\"ImageObject\",\"inLanguage\":\"fr-FR\",\"@id\":\"https:\/\/legandgo.com\/fr\/#\/schema\/logo\/image\/\",\"url\":\"https:\/\/legandgo.com\/wp-content\/uploads\/2021\/03\/logorf.png\",\"contentUrl\":\"https:\/\/legandgo.com\/wp-content\/uploads\/2021\/03\/logorf.png\",\"width\":675,\"height\":216,\"caption\":\"leg&go bike\"},\"image\":{\"@id\":\"https:\/\/legandgo.com\/fr\/#\/schema\/logo\/image\/\"},\"sameAs\":[\"https:\/\/www.facebook.com\/legandgo\",\"https:\/\/www.instagram.com\/legandgo\/\",\"https:\/\/www.linkedin.com\/company\/legandgo\/\",\"https:\/\/www.pinterest.com\/legandgo\/\",\"https:\/\/www.youtube.com\/channel\/UC_FBzWPmKWE0g7fcR4Xdfuw\/\"]}]}<\/script>\n<!-- \/ Yoast SEO plugin. -->","yoast_head_json":{"title":"Module \u00e9l\u00e9phant \u00e0 bascule &#183; leg&amp;go","description":"Leg&go rocking elephant add on that transforms leg&go wooden balance bike 3-in1 for toddlers into rocking elephant product.","robots":{"index":"index","follow":"follow","max-snippet":"max-snippet:-1","max-image-preview":"max-image-preview:large","max-video-preview":"max-video-preview:-1"},"canonical":"https:\/\/legandgo.com\/fr\/shop\/add-ons-fr\/rocking-elephant\/","og_locale":"fr_FR","og_type":"article","og_title":"Module \u00e9l\u00e9phant \u00e0 bascule &#183; leg&amp;go","og_description":"Leg&go rocking elephant add on that transforms leg&go wooden balance bike 3-in1 for toddlers into rocking elephant product.","og_url":"https:\/\/legandgo.com\/fr\/shop\/add-ons-fr\/rocking-elephant\/","og_site_name":"leg&amp;go","article_publisher":"https:\/\/www.facebook.com\/legandgo","article_modified_time":"2026-03-10T09:17:51+00:00","og_image":[{"width":300,"height":300,"url":"https:\/\/legandgo.com\/wp-content\/uploads\/2021\/02\/Rocking-Elephant_add-on-gray.jpg","type":"image\/jpeg"}],"twitter_card":"summary_large_image","schema":{"@context":"https:\/\/schema.org","@graph":[{"@type":"WebPage","@id":"https:\/\/legandgo.com\/fr\/shop\/add-ons-fr\/rocking-elephant\/","url":"https:\/\/legandgo.com\/fr\/shop\/add-ons-fr\/rocking-elephant\/","name":"Module \u00e9l\u00e9phant \u00e0 bascule &#183; leg&amp;go","isPartOf":{"@id":"https:\/\/legandgo.com\/fr\/#website"},"primaryImageOfPage":{"@id":"https:\/\/legandgo.com\/fr\/shop\/add-ons-fr\/rocking-elephant\/#primaryimage"},"image":{"@id":"https:\/\/legandgo.com\/fr\/shop\/add-ons-fr\/rocking-elephant\/#primaryimage"},"thumbnailUrl":"https:\/\/legandgo.com\/wp-content\/uploads\/2021\/02\/Rocking-Elephant_add-on-gray.jpg","datePublished":"2021-02-03T16:37:48+00:00","dateModified":"2026-03-10T09:17:51+00:00","description":"Leg&go rocking elephant add on that transforms leg&go wooden balance bike 3-in1 for toddlers into rocking elephant product.","breadcrumb":{"@id":"https:\/\/legandgo.com\/fr\/shop\/add-ons-fr\/rocking-elephant\/#breadcrumb"},"inLanguage":"fr-FR","potentialAction":[{"@type":"ReadAction","target":["https:\/\/legandgo.com\/fr\/shop\/add-ons-fr\/rocking-elephant\/"]}]},{"@type":"ImageObject","inLanguage":"fr-FR","@id":"https:\/\/legandgo.com\/fr\/shop\/add-ons-fr\/rocking-elephant\/#primaryimage","url":"https:\/\/legandgo.com\/wp-content\/uploads\/2021\/02\/Rocking-Elephant_add-on-gray.jpg","contentUrl":"https:\/\/legandgo.com\/wp-content\/uploads\/2021\/02\/Rocking-Elephant_add-on-gray.jpg","width":300,"height":300},{"@type":"BreadcrumbList","@id":"https:\/\/legandgo.com\/fr\/shop\/add-ons-fr\/rocking-elephant\/#breadcrumb","itemListElement":[{"@type":"ListItem","position":1,"name":"Home","item":"https:\/\/legandgo.com\/fr\/"},{"@type":"ListItem","position":2,"name":"Shop","item":"https:\/\/legandgo.com\/fr\/shop\/"},{"@type":"ListItem","position":3,"name":"Module \u00e9l\u00e9phant \u00e0 bascule"}]},{"@type":"WebSite","@id":"https:\/\/legandgo.com\/fr\/#website","url":"https:\/\/legandgo.com\/fr\/","name":"leg&amp;go","description":"","publisher":{"@id":"https:\/\/legandgo.com\/fr\/#organization"},"potentialAction":[{"@type":"SearchAction","target":{"@type":"EntryPoint","urlTemplate":"https:\/\/legandgo.com\/fr\/?s={search_term_string}"},"query-input":{"@type":"PropertyValueSpecification","valueRequired":true,"valueName":"search_term_string"}}],"inLanguage":"fr-FR"},{"@type":"Organization","@id":"https:\/\/legandgo.com\/fr\/#organization","name":"leg&go bike","url":"https:\/\/legandgo.com\/fr\/","logo":{"@type":"ImageObject","inLanguage":"fr-FR","@id":"https:\/\/legandgo.com\/fr\/#\/schema\/logo\/image\/","url":"https:\/\/legandgo.com\/wp-content\/uploads\/2021\/03\/logorf.png","contentUrl":"https:\/\/legandgo.com\/wp-content\/uploads\/2021\/03\/logorf.png","width":675,"height":216,"caption":"leg&go bike"},"image":{"@id":"https:\/\/legandgo.com\/fr\/#\/schema\/logo\/image\/"},"sameAs":["https:\/\/www.facebook.com\/legandgo","https:\/\/www.instagram.com\/legandgo\/","https:\/\/www.linkedin.com\/company\/legandgo\/","https:\/\/www.pinterest.com\/legandgo\/","https:\/\/www.youtube.com\/channel\/UC_FBzWPmKWE0g7fcR4Xdfuw\/"]}]}},"_links":{"self":[{"href":"https:\/\/legandgo.com\/fr\/wp-json\/wp\/v2\/product\/1268","targetHints":{"allow":["GET"]}}],"collection":[{"href":"https:\/\/legandgo.com\/fr\/wp-json\/wp\/v2\/product"}],"about":[{"href":"https:\/\/legandgo.com\/fr\/wp-json\/wp\/v2\/types\/product"}],"replies":[{"embeddable":true,"href":"https:\/\/legandgo.com\/fr\/wp-json\/wp\/v2\/comments?post=1268"}],"version-history":[{"count":16,"href":"https:\/\/legandgo.com\/fr\/wp-json\/wp\/v2\/product\/1268\/revisions"}],"predecessor-version":[{"id":54023,"href":"https:\/\/legandgo.com\/fr\/wp-json\/wp\/v2\/product\/1268\/revisions\/54023"}],"wp:featuredmedia":[{"embeddable":true,"href":"https:\/\/legandgo.com\/fr\/wp-json\/wp\/v2\/media\/8915"}],"wp:attachment":[{"href":"https:\/\/legandgo.com\/fr\/wp-json\/wp\/v2\/media?parent=1268"}],"wp:term":[{"taxonomy":"product_brand","embeddable":true,"href":"https:\/\/legandgo.com\/fr\/wp-json\/wp\/v2\/product_brand?post=1268"},{"taxonomy":"product_cat","embeddable":true,"href":"https:\/\/legandgo.com\/fr\/wp-json\/wp\/v2\/product_cat?post=1268"},{"taxonomy":"product_tag","embeddable":true,"href":"https:\/\/legandgo.com\/fr\/wp-json\/wp\/v2\/product_tag?post=1268"}],"curies":[{"name":"wp","href":"https:\/\/api.w.org\/{rel}","templated":true}]}}