{"id":1277,"date":"2020-08-31T07:51:31","date_gmt":"2020-08-31T07:51:31","guid":{"rendered":"https:\/\/legandgo.com\/product\/balance-bike-3in1\/"},"modified":"2026-03-10T11:18:30","modified_gmt":"2026-03-10T09:18:30","slug":"balance-bike-3in1","status":"publish","type":"product","link":"https:\/\/legandgo.com\/fr\/shop\/draisienne3en1\/balance-bike-3in1\/","title":{"rendered":"Draisienne 3-en-1"},"content":{"rendered":"<p style=\"font-weight: 400;\">Tout ce qu\u2019un premier v\u00e9lo devrait \u00eatre !<\/p>\n<p style=\"font-weight: 400;\">1 minute et aucun outil \u2013 c\u2019est tout ce qu\u2019il faut pour transformer votre Balance Bike 3-en-1, de la version b\u00e9b\u00e9 tr\u00e8s basse \u00e0 une configuration beaucoup plus haute ou plus dynamique.<\/p>\n<p style=\"font-weight: 400;\">Vous cherchez un compagnon rassurant sur lequel votre enfant peut toujours compter ? Vous l\u2019avez trouv\u00e9.<\/p>\n<p style=\"font-weight: 400;\"><strong>D\u00e9couvrez plus de fonctionnalit\u00e9s ci-dessous.<\/strong><\/p>\n","protected":false},"excerpt":{"rendered":"<p>Tout ce qu\u2019un premier v\u00e9lo devrait \u00eatre ! 1 minute et aucun outil \u2013 c\u2019est tout ce qu\u2019il faut pour transformer votre Balance Bike 3-en-1, de la version b\u00e9b\u00e9 tr\u00e8s basse \u00e0 une configuration beaucoup plus haute ou plus dynamique. Vous cherchez un compagnon rassurant sur lequel votre enfant peut toujours compter ? Vous l\u2019avez<a class=\"excerpt-read-more\" href=\"https:\/\/legandgo.com\/fr\/shop\/draisienne3en1\/balance-bike-3in1\/\" title=\"ReadDraisienne 3-en-1\">&#8230; Read more &raquo;<\/a><\/p>\n","protected":false},"featured_media":11428,"comment_status":"open","ping_status":"closed","template":"","meta":{"_acf_changed":false,"inline_featured_image":false,"footnotes":""},"product_brand":[],"product_cat":[1310,95],"product_tag":[1726,1718,1722,1714,1710],"class_list":{"0":"post-1277","1":"product","2":"type-product","3":"status-publish","4":"has-post-thumbnail","6":"product_cat-draisiennes-et-plus","7":"product_cat-draisienne3en1","8":"product_tag-leg-go-2","9":"product_tag-leg-and-go","10":"product_tag-leg-go","11":"product_tag-leggo","12":"product_tag-legandgo","13":"product_shipping_class-bike-shipping-fr","15":"first","16":"instock","17":"purchasable","18":"product-type-simple"},"bundled_by":[],"bundle_stock_status":"instock","bundle_stock_quantity":null,"bundle_virtual":false,"bundle_layout":"","bundle_add_to_cart_form_location":"","bundle_editable_in_cart":false,"bundle_sold_individually_context":"","bundle_item_grouping":"","bundle_min_size":"","bundle_max_size":"","bundle_price":[],"bundled_items":[],"bundle_sell_ids":[],"acf":[],"yoast_head":"<!-- This site is optimized with the Yoast SEO plugin v25.9 - https:\/\/yoast.com\/wordpress\/plugins\/seo\/ -->\n<title>Draisienne 3-en-1 &#183; leg&amp;go<\/title>\n<meta name=\"description\" content=\"D\u00e9couvrez la draisienne 3 en 1 leg&amp;go, un v\u00e9lo \u00e9volutif en bois con\u00e7u pour grandir avec votre enfant. L\u00e9g\u00e8re, durable et transformable, elle accompagne chaque \u00e9tape, de l\u2019\u00e9quilibre aux premi\u00e8res aventures \u00e0 v\u00e9lo.\" \/>\n<meta name=\"robots\" content=\"index, follow, max-snippet:-1, max-image-preview:large, max-video-preview:-1\" \/>\n<link rel=\"canonical\" href=\"https:\/\/legandgo.com\/fr\/shop\/draisienne3en1\/balance-bike-3in1\/\" \/>\n<meta property=\"og:locale\" content=\"fr_FR\" \/>\n<meta property=\"og:type\" content=\"article\" \/>\n<meta property=\"og:title\" content=\"Draisienne 3-en-1 &#183; leg&amp;go\" \/>\n<meta property=\"og:description\" content=\"D\u00e9couvrez la draisienne 3 en 1 leg&amp;go, un v\u00e9lo \u00e9volutif en bois con\u00e7u pour grandir avec votre enfant. L\u00e9g\u00e8re, durable et transformable, elle accompagne chaque \u00e9tape, de l\u2019\u00e9quilibre aux premi\u00e8res aventures \u00e0 v\u00e9lo.\" \/>\n<meta property=\"og:url\" content=\"https:\/\/legandgo.com\/fr\/shop\/draisienne3en1\/balance-bike-3in1\/\" \/>\n<meta property=\"og:site_name\" content=\"leg&amp;go\" \/>\n<meta property=\"article:publisher\" content=\"https:\/\/www.facebook.com\/legandgo\" \/>\n<meta property=\"article:modified_time\" content=\"2026-03-10T09:18:30+00:00\" \/>\n<meta property=\"og:image\" content=\"https:\/\/legandgo.com\/wp-content\/uploads\/2020\/08\/3in1_Balance_bike_1000x1000.jpg\" \/>\n\t<meta property=\"og:image:width\" content=\"1000\" \/>\n\t<meta property=\"og:image:height\" content=\"1000\" \/>\n\t<meta property=\"og:image:type\" content=\"image\/jpeg\" \/>\n<meta name=\"twitter:card\" content=\"summary_large_image\" \/>\n<script type=\"application\/ld+json\" class=\"yoast-schema-graph\">{\"@context\":\"https:\/\/schema.org\",\"@graph\":[{\"@type\":\"WebPage\",\"@id\":\"https:\/\/legandgo.com\/fr\/shop\/draisienne3en1\/balance-bike-3in1\/\",\"url\":\"https:\/\/legandgo.com\/fr\/shop\/draisienne3en1\/balance-bike-3in1\/\",\"name\":\"Draisienne 3-en-1 &#183; leg&amp;go\",\"isPartOf\":{\"@id\":\"https:\/\/legandgo.com\/fr\/#website\"},\"primaryImageOfPage\":{\"@id\":\"https:\/\/legandgo.com\/fr\/shop\/draisienne3en1\/balance-bike-3in1\/#primaryimage\"},\"image\":{\"@id\":\"https:\/\/legandgo.com\/fr\/shop\/draisienne3en1\/balance-bike-3in1\/#primaryimage\"},\"thumbnailUrl\":\"https:\/\/legandgo.com\/wp-content\/uploads\/2020\/08\/3in1_Balance_bike_1000x1000.jpg\",\"datePublished\":\"2020-08-31T07:51:31+00:00\",\"dateModified\":\"2026-03-10T09:18:30+00:00\",\"description\":\"D\u00e9couvrez la draisienne 3 en 1 leg&go, un v\u00e9lo \u00e9volutif en bois con\u00e7u pour grandir avec votre enfant. L\u00e9g\u00e8re, durable et transformable, elle accompagne chaque \u00e9tape, de l\u2019\u00e9quilibre aux premi\u00e8res aventures \u00e0 v\u00e9lo.\",\"breadcrumb\":{\"@id\":\"https:\/\/legandgo.com\/fr\/shop\/draisienne3en1\/balance-bike-3in1\/#breadcrumb\"},\"inLanguage\":\"fr-FR\",\"potentialAction\":[{\"@type\":\"ReadAction\",\"target\":[\"https:\/\/legandgo.com\/fr\/shop\/draisienne3en1\/balance-bike-3in1\/\"]}]},{\"@type\":\"ImageObject\",\"inLanguage\":\"fr-FR\",\"@id\":\"https:\/\/legandgo.com\/fr\/shop\/draisienne3en1\/balance-bike-3in1\/#primaryimage\",\"url\":\"https:\/\/legandgo.com\/wp-content\/uploads\/2020\/08\/3in1_Balance_bike_1000x1000.jpg\",\"contentUrl\":\"https:\/\/legandgo.com\/wp-content\/uploads\/2020\/08\/3in1_Balance_bike_1000x1000.jpg\",\"width\":1000,\"height\":1000},{\"@type\":\"BreadcrumbList\",\"@id\":\"https:\/\/legandgo.com\/fr\/shop\/draisienne3en1\/balance-bike-3in1\/#breadcrumb\",\"itemListElement\":[{\"@type\":\"ListItem\",\"position\":1,\"name\":\"Home\",\"item\":\"https:\/\/legandgo.com\/fr\/\"},{\"@type\":\"ListItem\",\"position\":2,\"name\":\"Shop\",\"item\":\"https:\/\/legandgo.com\/fr\/shop\/\"},{\"@type\":\"ListItem\",\"position\":3,\"name\":\"Draisienne 3-en-1\"}]},{\"@type\":\"WebSite\",\"@id\":\"https:\/\/legandgo.com\/fr\/#website\",\"url\":\"https:\/\/legandgo.com\/fr\/\",\"name\":\"leg&amp;go\",\"description\":\"\",\"publisher\":{\"@id\":\"https:\/\/legandgo.com\/fr\/#organization\"},\"potentialAction\":[{\"@type\":\"SearchAction\",\"target\":{\"@type\":\"EntryPoint\",\"urlTemplate\":\"https:\/\/legandgo.com\/fr\/?s={search_term_string}\"},\"query-input\":{\"@type\":\"PropertyValueSpecification\",\"valueRequired\":true,\"valueName\":\"search_term_string\"}}],\"inLanguage\":\"fr-FR\"},{\"@type\":\"Organization\",\"@id\":\"https:\/\/legandgo.com\/fr\/#organization\",\"name\":\"leg&go bike\",\"url\":\"https:\/\/legandgo.com\/fr\/\",\"logo\":{\"@type\":\"ImageObject\",\"inLanguage\":\"fr-FR\",\"@id\":\"https:\/\/legandgo.com\/fr\/#\/schema\/logo\/image\/\",\"url\":\"https:\/\/legandgo.com\/wp-content\/uploads\/2021\/03\/logorf.png\",\"contentUrl\":\"https:\/\/legandgo.com\/wp-content\/uploads\/2021\/03\/logorf.png\",\"width\":675,\"height\":216,\"caption\":\"leg&go bike\"},\"image\":{\"@id\":\"https:\/\/legandgo.com\/fr\/#\/schema\/logo\/image\/\"},\"sameAs\":[\"https:\/\/www.facebook.com\/legandgo\",\"https:\/\/www.instagram.com\/legandgo\/\",\"https:\/\/www.linkedin.com\/company\/legandgo\/\",\"https:\/\/www.pinterest.com\/legandgo\/\",\"https:\/\/www.youtube.com\/channel\/UC_FBzWPmKWE0g7fcR4Xdfuw\/\"]}]}<\/script>\n<!-- \/ Yoast SEO plugin. -->","yoast_head_json":{"title":"Draisienne 3-en-1 &#183; leg&amp;go","description":"D\u00e9couvrez la draisienne 3 en 1 leg&go, un v\u00e9lo \u00e9volutif en bois con\u00e7u pour grandir avec votre enfant. L\u00e9g\u00e8re, durable et transformable, elle accompagne chaque \u00e9tape, de l\u2019\u00e9quilibre aux premi\u00e8res aventures \u00e0 v\u00e9lo.","robots":{"index":"index","follow":"follow","max-snippet":"max-snippet:-1","max-image-preview":"max-image-preview:large","max-video-preview":"max-video-preview:-1"},"canonical":"https:\/\/legandgo.com\/fr\/shop\/draisienne3en1\/balance-bike-3in1\/","og_locale":"fr_FR","og_type":"article","og_title":"Draisienne 3-en-1 &#183; leg&amp;go","og_description":"D\u00e9couvrez la draisienne 3 en 1 leg&go, un v\u00e9lo \u00e9volutif en bois con\u00e7u pour grandir avec votre enfant. L\u00e9g\u00e8re, durable et transformable, elle accompagne chaque \u00e9tape, de l\u2019\u00e9quilibre aux premi\u00e8res aventures \u00e0 v\u00e9lo.","og_url":"https:\/\/legandgo.com\/fr\/shop\/draisienne3en1\/balance-bike-3in1\/","og_site_name":"leg&amp;go","article_publisher":"https:\/\/www.facebook.com\/legandgo","article_modified_time":"2026-03-10T09:18:30+00:00","og_image":[{"width":1000,"height":1000,"url":"https:\/\/legandgo.com\/wp-content\/uploads\/2020\/08\/3in1_Balance_bike_1000x1000.jpg","type":"image\/jpeg"}],"twitter_card":"summary_large_image","schema":{"@context":"https:\/\/schema.org","@graph":[{"@type":"WebPage","@id":"https:\/\/legandgo.com\/fr\/shop\/draisienne3en1\/balance-bike-3in1\/","url":"https:\/\/legandgo.com\/fr\/shop\/draisienne3en1\/balance-bike-3in1\/","name":"Draisienne 3-en-1 &#183; leg&amp;go","isPartOf":{"@id":"https:\/\/legandgo.com\/fr\/#website"},"primaryImageOfPage":{"@id":"https:\/\/legandgo.com\/fr\/shop\/draisienne3en1\/balance-bike-3in1\/#primaryimage"},"image":{"@id":"https:\/\/legandgo.com\/fr\/shop\/draisienne3en1\/balance-bike-3in1\/#primaryimage"},"thumbnailUrl":"https:\/\/legandgo.com\/wp-content\/uploads\/2020\/08\/3in1_Balance_bike_1000x1000.jpg","datePublished":"2020-08-31T07:51:31+00:00","dateModified":"2026-03-10T09:18:30+00:00","description":"D\u00e9couvrez la draisienne 3 en 1 leg&go, un v\u00e9lo \u00e9volutif en bois con\u00e7u pour grandir avec votre enfant. L\u00e9g\u00e8re, durable et transformable, elle accompagne chaque \u00e9tape, de l\u2019\u00e9quilibre aux premi\u00e8res aventures \u00e0 v\u00e9lo.","breadcrumb":{"@id":"https:\/\/legandgo.com\/fr\/shop\/draisienne3en1\/balance-bike-3in1\/#breadcrumb"},"inLanguage":"fr-FR","potentialAction":[{"@type":"ReadAction","target":["https:\/\/legandgo.com\/fr\/shop\/draisienne3en1\/balance-bike-3in1\/"]}]},{"@type":"ImageObject","inLanguage":"fr-FR","@id":"https:\/\/legandgo.com\/fr\/shop\/draisienne3en1\/balance-bike-3in1\/#primaryimage","url":"https:\/\/legandgo.com\/wp-content\/uploads\/2020\/08\/3in1_Balance_bike_1000x1000.jpg","contentUrl":"https:\/\/legandgo.com\/wp-content\/uploads\/2020\/08\/3in1_Balance_bike_1000x1000.jpg","width":1000,"height":1000},{"@type":"BreadcrumbList","@id":"https:\/\/legandgo.com\/fr\/shop\/draisienne3en1\/balance-bike-3in1\/#breadcrumb","itemListElement":[{"@type":"ListItem","position":1,"name":"Home","item":"https:\/\/legandgo.com\/fr\/"},{"@type":"ListItem","position":2,"name":"Shop","item":"https:\/\/legandgo.com\/fr\/shop\/"},{"@type":"ListItem","position":3,"name":"Draisienne 3-en-1"}]},{"@type":"WebSite","@id":"https:\/\/legandgo.com\/fr\/#website","url":"https:\/\/legandgo.com\/fr\/","name":"leg&amp;go","description":"","publisher":{"@id":"https:\/\/legandgo.com\/fr\/#organization"},"potentialAction":[{"@type":"SearchAction","target":{"@type":"EntryPoint","urlTemplate":"https:\/\/legandgo.com\/fr\/?s={search_term_string}"},"query-input":{"@type":"PropertyValueSpecification","valueRequired":true,"valueName":"search_term_string"}}],"inLanguage":"fr-FR"},{"@type":"Organization","@id":"https:\/\/legandgo.com\/fr\/#organization","name":"leg&go bike","url":"https:\/\/legandgo.com\/fr\/","logo":{"@type":"ImageObject","inLanguage":"fr-FR","@id":"https:\/\/legandgo.com\/fr\/#\/schema\/logo\/image\/","url":"https:\/\/legandgo.com\/wp-content\/uploads\/2021\/03\/logorf.png","contentUrl":"https:\/\/legandgo.com\/wp-content\/uploads\/2021\/03\/logorf.png","width":675,"height":216,"caption":"leg&go bike"},"image":{"@id":"https:\/\/legandgo.com\/fr\/#\/schema\/logo\/image\/"},"sameAs":["https:\/\/www.facebook.com\/legandgo","https:\/\/www.instagram.com\/legandgo\/","https:\/\/www.linkedin.com\/company\/legandgo\/","https:\/\/www.pinterest.com\/legandgo\/","https:\/\/www.youtube.com\/channel\/UC_FBzWPmKWE0g7fcR4Xdfuw\/"]}]}},"_links":{"self":[{"href":"https:\/\/legandgo.com\/fr\/wp-json\/wp\/v2\/product\/1277","targetHints":{"allow":["GET"]}}],"collection":[{"href":"https:\/\/legandgo.com\/fr\/wp-json\/wp\/v2\/product"}],"about":[{"href":"https:\/\/legandgo.com\/fr\/wp-json\/wp\/v2\/types\/product"}],"replies":[{"embeddable":true,"href":"https:\/\/legandgo.com\/fr\/wp-json\/wp\/v2\/comments?post=1277"}],"version-history":[{"count":15,"href":"https:\/\/legandgo.com\/fr\/wp-json\/wp\/v2\/product\/1277\/revisions"}],"predecessor-version":[{"id":51526,"href":"https:\/\/legandgo.com\/fr\/wp-json\/wp\/v2\/product\/1277\/revisions\/51526"}],"wp:featuredmedia":[{"embeddable":true,"href":"https:\/\/legandgo.com\/fr\/wp-json\/wp\/v2\/media\/11428"}],"wp:attachment":[{"href":"https:\/\/legandgo.com\/fr\/wp-json\/wp\/v2\/media?parent=1277"}],"wp:term":[{"taxonomy":"product_brand","embeddable":true,"href":"https:\/\/legandgo.com\/fr\/wp-json\/wp\/v2\/product_brand?post=1277"},{"taxonomy":"product_cat","embeddable":true,"href":"https:\/\/legandgo.com\/fr\/wp-json\/wp\/v2\/product_cat?post=1277"},{"taxonomy":"product_tag","embeddable":true,"href":"https:\/\/legandgo.com\/fr\/wp-json\/wp\/v2\/product_tag?post=1277"}],"curies":[{"name":"wp","href":"https:\/\/api.w.org\/{rel}","templated":true}]}}