{"id":23617,"date":"2024-04-24T11:36:01","date_gmt":"2024-04-24T09:36:01","guid":{"rendered":"https:\/\/legandgo.com\/?post_type=product&#038;p=23617"},"modified":"2026-03-05T17:52:51","modified_gmt":"2026-03-05T15:52:51","slug":"stabilisateurs-supplementaires-pour-la-tour-educative","status":"publish","type":"product","link":"https:\/\/legandgo.com\/fr\/shop\/tour-dapprentissage-pliable\/stabilisateurs-supplementaires-pour-la-tour-educative\/","title":{"rendered":"Stabilisateurs suppl\u00e9mentaires pour la Tour \u00e9ducative pliable (Lot de 2)"},"content":{"rendered":"<p>Am\u00e9liorez la stabilit\u00e9 de la <strong>tour d&#8217;apprentissage pliable avec rail amovible<\/strong> en ajoutant des stabilisateurs &#8211; un \u00e9l\u00e9ment de s\u00e9curit\u00e9 essentiel. Ces stabilisateurs sont conseill\u00e9s lorsque la tour d&#8217;aide est transform\u00e9e en espace libre.<\/p>\n<p>Lorsqu&#8217;elle est positionn\u00e9e contre une surface, il n&#8217;est pas n\u00e9cessaire de les utiliser.<\/p>\n<p>Dimensions :<\/p>\n<ul>\n<li>Hauteur : 8,5 cm \/ 3,3\u2033.<\/li>\n<li>Longueur : 12,5 cm \/ 4,9\u2033.<\/li>\n<li>Profondeur : 1,5 cm \/ 0,16\u2033.<\/li>\n<\/ul>\n<p>&nbsp;<\/p>\n<p>Remarque : Ces stabilisateurs sont compatibles uniquement avec la <strong>Tour \u00e9ducative pliable avec le rail de s\u00e9curit\u00e9 amovible leg&amp;go<\/strong> et ne sont pas compatibles avec d\u2019autres mod\u00e8les.<\/p>\n","protected":false},"excerpt":{"rendered":"<p>Am\u00e9liorez la stabilit\u00e9 de la tour d&#8217;apprentissage pliable avec rail amovible en ajoutant des stabilisateurs &#8211; un \u00e9l\u00e9ment de s\u00e9curit\u00e9 essentiel. Ces stabilisateurs sont conseill\u00e9s lorsque la tour d&#8217;aide est transform\u00e9e en espace libre. Lorsqu&#8217;elle est positionn\u00e9e contre une surface, il n&#8217;est pas n\u00e9cessaire de les utiliser. Dimensions : Hauteur : 8,5 cm \/ 3,3\u2033.<a class=\"excerpt-read-more\" href=\"https:\/\/legandgo.com\/fr\/shop\/tour-dapprentissage-pliable\/stabilisateurs-supplementaires-pour-la-tour-educative\/\" title=\"ReadStabilisateurs suppl\u00e9mentaires pour la Tour \u00e9ducative pliable (Lot de 2)\">&#8230; Read more &raquo;<\/a><\/p>\n","protected":false},"featured_media":48463,"comment_status":"closed","ping_status":"closed","template":"","meta":{"_acf_changed":false,"inline_featured_image":false,"footnotes":""},"product_brand":[],"product_cat":[1314,247],"product_tag":[1362,1360,1361,1352,1365,1598,1599,1603,1595,1592,1596,1591,1601,1602,1597,1604,1590,1594,1593,1605,1600],"class_list":{"0":"post-23617","1":"product","2":"type-product","3":"status-publish","4":"has-post-thumbnail","6":"product_cat-meubles","7":"product_cat-tour-dapprentissage-pliable","8":"product_tag-collapsible-learning-tower","9":"product_tag-foldable-learning-tower","10":"product_tag-folding-learning-tower","11":"product_tag-learning-tower","12":"product_tag-learning-tower-foldable","13":"product_tag-torre-de-aprendizaje-montessori","14":"product_tag-tour-apprentissage","15":"product_tag-tour-d-apprentissage","16":"product_tag-tour-d-observation-pliable","17":"product_tag-tour-dapprentissage","18":"product_tag-tour-dapprentissage-enfant","19":"product_tag-tour-dapprentissage-pliable","20":"product_tag-tour-dobservation","21":"product_tag-tour-dobservation-bebe-pliable","22":"product_tag-tour-dobservation-enfant-pliable","23":"product_tag-tour-dobservation-montessori-pliable","24":"product_tag-tour-dobservation-pliable","25":"product_tag-tour-dobservation-pliante","26":"product_tag-tour-montessori-pliable","27":"product_tag-tour-observation-bebe","28":"product_tag-tour-observation-pliable","29":"product_shipping_class-stabilizers-shipping","31":"first","32":"instock","33":"purchasable","34":"product-type-simple"},"bundled_by":[],"bundle_stock_status":"instock","bundle_stock_quantity":null,"bundle_virtual":false,"bundle_layout":"","bundle_add_to_cart_form_location":"","bundle_editable_in_cart":false,"bundle_sold_individually_context":"","bundle_item_grouping":"","bundle_min_size":"","bundle_max_size":"","bundle_price":[],"bundled_items":[],"bundle_sell_ids":[],"acf":[],"yoast_head":"<!-- This site is optimized with the Yoast SEO plugin v25.9 - https:\/\/yoast.com\/wordpress\/plugins\/seo\/ -->\n<title>Stabilisateurs suppl\u00e9mentaires pour la Tour \u00e9ducative pliable<\/title>\n<meta name=\"description\" content=\"Stabilisateurs en bois pour la tour \u00e9ducative pliable. Ajoutez plus de stabilit\u00e9 et de s\u00e9curit\u00e9, avec un design rabattable pour un rangement facile quand ils ne sont pas n\u00e9cessaires.\" \/>\n<meta name=\"robots\" content=\"index, follow, max-snippet:-1, max-image-preview:large, max-video-preview:-1\" \/>\n<link rel=\"canonical\" href=\"https:\/\/legandgo.com\/fr\/shop\/tour-dapprentissage-pliable\/stabilisateurs-supplementaires-pour-la-tour-educative\/\" \/>\n<meta property=\"og:locale\" content=\"fr_FR\" \/>\n<meta property=\"og:type\" content=\"article\" \/>\n<meta property=\"og:title\" content=\"Stabilisateurs suppl\u00e9mentaires pour la Tour \u00e9ducative pliable\" \/>\n<meta property=\"og:description\" content=\"Stabilisateurs en bois pour la tour \u00e9ducative pliable. Ajoutez plus de stabilit\u00e9 et de s\u00e9curit\u00e9, avec un design rabattable pour un rangement facile quand ils ne sont pas n\u00e9cessaires.\" \/>\n<meta property=\"og:url\" content=\"https:\/\/legandgo.com\/fr\/shop\/tour-dapprentissage-pliable\/stabilisateurs-supplementaires-pour-la-tour-educative\/\" \/>\n<meta property=\"og:site_name\" content=\"leg&amp;go\" \/>\n<meta property=\"article:publisher\" content=\"https:\/\/www.facebook.com\/legandgo\" \/>\n<meta property=\"article:modified_time\" content=\"2026-03-05T15:52:51+00:00\" \/>\n<meta property=\"og:image\" content=\"https:\/\/legandgo.com\/wp-content\/uploads\/2024\/04\/Stabilizers-for-Foldable-Learning-Tower-scaled.jpg\" \/>\n\t<meta property=\"og:image:width\" content=\"2560\" \/>\n\t<meta property=\"og:image:height\" content=\"2560\" \/>\n\t<meta property=\"og:image:type\" content=\"image\/jpeg\" \/>\n<meta name=\"twitter:card\" content=\"summary_large_image\" \/>\n<script type=\"application\/ld+json\" class=\"yoast-schema-graph\">{\"@context\":\"https:\/\/schema.org\",\"@graph\":[{\"@type\":\"WebPage\",\"@id\":\"https:\/\/legandgo.com\/fr\/shop\/tour-dapprentissage-pliable\/stabilisateurs-supplementaires-pour-la-tour-educative\/\",\"url\":\"https:\/\/legandgo.com\/fr\/shop\/tour-dapprentissage-pliable\/stabilisateurs-supplementaires-pour-la-tour-educative\/\",\"name\":\"Stabilisateurs suppl\u00e9mentaires pour la Tour \u00e9ducative pliable\",\"isPartOf\":{\"@id\":\"https:\/\/legandgo.com\/fr\/#website\"},\"primaryImageOfPage\":{\"@id\":\"https:\/\/legandgo.com\/fr\/shop\/tour-dapprentissage-pliable\/stabilisateurs-supplementaires-pour-la-tour-educative\/#primaryimage\"},\"image\":{\"@id\":\"https:\/\/legandgo.com\/fr\/shop\/tour-dapprentissage-pliable\/stabilisateurs-supplementaires-pour-la-tour-educative\/#primaryimage\"},\"thumbnailUrl\":\"https:\/\/legandgo.com\/wp-content\/uploads\/2024\/04\/Stabilizers-for-Foldable-Learning-Tower-scaled.jpg\",\"datePublished\":\"2024-04-24T09:36:01+00:00\",\"dateModified\":\"2026-03-05T15:52:51+00:00\",\"description\":\"Stabilisateurs en bois pour la tour \u00e9ducative pliable. Ajoutez plus de stabilit\u00e9 et de s\u00e9curit\u00e9, avec un design rabattable pour un rangement facile quand ils ne sont pas n\u00e9cessaires.\",\"breadcrumb\":{\"@id\":\"https:\/\/legandgo.com\/fr\/shop\/tour-dapprentissage-pliable\/stabilisateurs-supplementaires-pour-la-tour-educative\/#breadcrumb\"},\"inLanguage\":\"fr-FR\",\"potentialAction\":[{\"@type\":\"ReadAction\",\"target\":[\"https:\/\/legandgo.com\/fr\/shop\/tour-dapprentissage-pliable\/stabilisateurs-supplementaires-pour-la-tour-educative\/\"]}]},{\"@type\":\"ImageObject\",\"inLanguage\":\"fr-FR\",\"@id\":\"https:\/\/legandgo.com\/fr\/shop\/tour-dapprentissage-pliable\/stabilisateurs-supplementaires-pour-la-tour-educative\/#primaryimage\",\"url\":\"https:\/\/legandgo.com\/wp-content\/uploads\/2024\/04\/Stabilizers-for-Foldable-Learning-Tower-scaled.jpg\",\"contentUrl\":\"https:\/\/legandgo.com\/wp-content\/uploads\/2024\/04\/Stabilizers-for-Foldable-Learning-Tower-scaled.jpg\",\"width\":2560,\"height\":2560,\"caption\":\"Wooden stabilizers for foldable learning tower \u2013 set of two support panels with grip knobs.\"},{\"@type\":\"BreadcrumbList\",\"@id\":\"https:\/\/legandgo.com\/fr\/shop\/tour-dapprentissage-pliable\/stabilisateurs-supplementaires-pour-la-tour-educative\/#breadcrumb\",\"itemListElement\":[{\"@type\":\"ListItem\",\"position\":1,\"name\":\"Home\",\"item\":\"https:\/\/legandgo.com\/fr\/\"},{\"@type\":\"ListItem\",\"position\":2,\"name\":\"Shop\",\"item\":\"https:\/\/legandgo.com\/fr\/shop\/\"},{\"@type\":\"ListItem\",\"position\":3,\"name\":\"Stabilisateurs suppl\u00e9mentaires pour la Tour \u00e9ducative pliable (Lot de 2)\"}]},{\"@type\":\"WebSite\",\"@id\":\"https:\/\/legandgo.com\/fr\/#website\",\"url\":\"https:\/\/legandgo.com\/fr\/\",\"name\":\"leg&amp;go\",\"description\":\"\",\"publisher\":{\"@id\":\"https:\/\/legandgo.com\/fr\/#organization\"},\"potentialAction\":[{\"@type\":\"SearchAction\",\"target\":{\"@type\":\"EntryPoint\",\"urlTemplate\":\"https:\/\/legandgo.com\/fr\/?s={search_term_string}\"},\"query-input\":{\"@type\":\"PropertyValueSpecification\",\"valueRequired\":true,\"valueName\":\"search_term_string\"}}],\"inLanguage\":\"fr-FR\"},{\"@type\":\"Organization\",\"@id\":\"https:\/\/legandgo.com\/fr\/#organization\",\"name\":\"leg&go bike\",\"url\":\"https:\/\/legandgo.com\/fr\/\",\"logo\":{\"@type\":\"ImageObject\",\"inLanguage\":\"fr-FR\",\"@id\":\"https:\/\/legandgo.com\/fr\/#\/schema\/logo\/image\/\",\"url\":\"https:\/\/legandgo.com\/wp-content\/uploads\/2021\/03\/logorf.png\",\"contentUrl\":\"https:\/\/legandgo.com\/wp-content\/uploads\/2021\/03\/logorf.png\",\"width\":675,\"height\":216,\"caption\":\"leg&go bike\"},\"image\":{\"@id\":\"https:\/\/legandgo.com\/fr\/#\/schema\/logo\/image\/\"},\"sameAs\":[\"https:\/\/www.facebook.com\/legandgo\",\"https:\/\/www.instagram.com\/legandgo\/\",\"https:\/\/www.linkedin.com\/company\/legandgo\/\",\"https:\/\/www.pinterest.com\/legandgo\/\",\"https:\/\/www.youtube.com\/channel\/UC_FBzWPmKWE0g7fcR4Xdfuw\/\"]}]}<\/script>\n<!-- \/ Yoast SEO plugin. -->","yoast_head_json":{"title":"Stabilisateurs suppl\u00e9mentaires pour la Tour \u00e9ducative pliable","description":"Stabilisateurs en bois pour la tour \u00e9ducative pliable. Ajoutez plus de stabilit\u00e9 et de s\u00e9curit\u00e9, avec un design rabattable pour un rangement facile quand ils ne sont pas n\u00e9cessaires.","robots":{"index":"index","follow":"follow","max-snippet":"max-snippet:-1","max-image-preview":"max-image-preview:large","max-video-preview":"max-video-preview:-1"},"canonical":"https:\/\/legandgo.com\/fr\/shop\/tour-dapprentissage-pliable\/stabilisateurs-supplementaires-pour-la-tour-educative\/","og_locale":"fr_FR","og_type":"article","og_title":"Stabilisateurs suppl\u00e9mentaires pour la Tour \u00e9ducative pliable","og_description":"Stabilisateurs en bois pour la tour \u00e9ducative pliable. Ajoutez plus de stabilit\u00e9 et de s\u00e9curit\u00e9, avec un design rabattable pour un rangement facile quand ils ne sont pas n\u00e9cessaires.","og_url":"https:\/\/legandgo.com\/fr\/shop\/tour-dapprentissage-pliable\/stabilisateurs-supplementaires-pour-la-tour-educative\/","og_site_name":"leg&amp;go","article_publisher":"https:\/\/www.facebook.com\/legandgo","article_modified_time":"2026-03-05T15:52:51+00:00","og_image":[{"width":2560,"height":2560,"url":"https:\/\/legandgo.com\/wp-content\/uploads\/2024\/04\/Stabilizers-for-Foldable-Learning-Tower-scaled.jpg","type":"image\/jpeg"}],"twitter_card":"summary_large_image","schema":{"@context":"https:\/\/schema.org","@graph":[{"@type":"WebPage","@id":"https:\/\/legandgo.com\/fr\/shop\/tour-dapprentissage-pliable\/stabilisateurs-supplementaires-pour-la-tour-educative\/","url":"https:\/\/legandgo.com\/fr\/shop\/tour-dapprentissage-pliable\/stabilisateurs-supplementaires-pour-la-tour-educative\/","name":"Stabilisateurs suppl\u00e9mentaires pour la Tour \u00e9ducative pliable","isPartOf":{"@id":"https:\/\/legandgo.com\/fr\/#website"},"primaryImageOfPage":{"@id":"https:\/\/legandgo.com\/fr\/shop\/tour-dapprentissage-pliable\/stabilisateurs-supplementaires-pour-la-tour-educative\/#primaryimage"},"image":{"@id":"https:\/\/legandgo.com\/fr\/shop\/tour-dapprentissage-pliable\/stabilisateurs-supplementaires-pour-la-tour-educative\/#primaryimage"},"thumbnailUrl":"https:\/\/legandgo.com\/wp-content\/uploads\/2024\/04\/Stabilizers-for-Foldable-Learning-Tower-scaled.jpg","datePublished":"2024-04-24T09:36:01+00:00","dateModified":"2026-03-05T15:52:51+00:00","description":"Stabilisateurs en bois pour la tour \u00e9ducative pliable. Ajoutez plus de stabilit\u00e9 et de s\u00e9curit\u00e9, avec un design rabattable pour un rangement facile quand ils ne sont pas n\u00e9cessaires.","breadcrumb":{"@id":"https:\/\/legandgo.com\/fr\/shop\/tour-dapprentissage-pliable\/stabilisateurs-supplementaires-pour-la-tour-educative\/#breadcrumb"},"inLanguage":"fr-FR","potentialAction":[{"@type":"ReadAction","target":["https:\/\/legandgo.com\/fr\/shop\/tour-dapprentissage-pliable\/stabilisateurs-supplementaires-pour-la-tour-educative\/"]}]},{"@type":"ImageObject","inLanguage":"fr-FR","@id":"https:\/\/legandgo.com\/fr\/shop\/tour-dapprentissage-pliable\/stabilisateurs-supplementaires-pour-la-tour-educative\/#primaryimage","url":"https:\/\/legandgo.com\/wp-content\/uploads\/2024\/04\/Stabilizers-for-Foldable-Learning-Tower-scaled.jpg","contentUrl":"https:\/\/legandgo.com\/wp-content\/uploads\/2024\/04\/Stabilizers-for-Foldable-Learning-Tower-scaled.jpg","width":2560,"height":2560,"caption":"Wooden stabilizers for foldable learning tower \u2013 set of two support panels with grip knobs."},{"@type":"BreadcrumbList","@id":"https:\/\/legandgo.com\/fr\/shop\/tour-dapprentissage-pliable\/stabilisateurs-supplementaires-pour-la-tour-educative\/#breadcrumb","itemListElement":[{"@type":"ListItem","position":1,"name":"Home","item":"https:\/\/legandgo.com\/fr\/"},{"@type":"ListItem","position":2,"name":"Shop","item":"https:\/\/legandgo.com\/fr\/shop\/"},{"@type":"ListItem","position":3,"name":"Stabilisateurs suppl\u00e9mentaires pour la Tour \u00e9ducative pliable (Lot de 2)"}]},{"@type":"WebSite","@id":"https:\/\/legandgo.com\/fr\/#website","url":"https:\/\/legandgo.com\/fr\/","name":"leg&amp;go","description":"","publisher":{"@id":"https:\/\/legandgo.com\/fr\/#organization"},"potentialAction":[{"@type":"SearchAction","target":{"@type":"EntryPoint","urlTemplate":"https:\/\/legandgo.com\/fr\/?s={search_term_string}"},"query-input":{"@type":"PropertyValueSpecification","valueRequired":true,"valueName":"search_term_string"}}],"inLanguage":"fr-FR"},{"@type":"Organization","@id":"https:\/\/legandgo.com\/fr\/#organization","name":"leg&go bike","url":"https:\/\/legandgo.com\/fr\/","logo":{"@type":"ImageObject","inLanguage":"fr-FR","@id":"https:\/\/legandgo.com\/fr\/#\/schema\/logo\/image\/","url":"https:\/\/legandgo.com\/wp-content\/uploads\/2021\/03\/logorf.png","contentUrl":"https:\/\/legandgo.com\/wp-content\/uploads\/2021\/03\/logorf.png","width":675,"height":216,"caption":"leg&go bike"},"image":{"@id":"https:\/\/legandgo.com\/fr\/#\/schema\/logo\/image\/"},"sameAs":["https:\/\/www.facebook.com\/legandgo","https:\/\/www.instagram.com\/legandgo\/","https:\/\/www.linkedin.com\/company\/legandgo\/","https:\/\/www.pinterest.com\/legandgo\/","https:\/\/www.youtube.com\/channel\/UC_FBzWPmKWE0g7fcR4Xdfuw\/"]}]}},"_links":{"self":[{"href":"https:\/\/legandgo.com\/fr\/wp-json\/wp\/v2\/product\/23617","targetHints":{"allow":["GET"]}}],"collection":[{"href":"https:\/\/legandgo.com\/fr\/wp-json\/wp\/v2\/product"}],"about":[{"href":"https:\/\/legandgo.com\/fr\/wp-json\/wp\/v2\/types\/product"}],"replies":[{"embeddable":true,"href":"https:\/\/legandgo.com\/fr\/wp-json\/wp\/v2\/comments?post=23617"}],"version-history":[{"count":8,"href":"https:\/\/legandgo.com\/fr\/wp-json\/wp\/v2\/product\/23617\/revisions"}],"predecessor-version":[{"id":53607,"href":"https:\/\/legandgo.com\/fr\/wp-json\/wp\/v2\/product\/23617\/revisions\/53607"}],"wp:featuredmedia":[{"embeddable":true,"href":"https:\/\/legandgo.com\/fr\/wp-json\/wp\/v2\/media\/48463"}],"wp:attachment":[{"href":"https:\/\/legandgo.com\/fr\/wp-json\/wp\/v2\/media?parent=23617"}],"wp:term":[{"taxonomy":"product_brand","embeddable":true,"href":"https:\/\/legandgo.com\/fr\/wp-json\/wp\/v2\/product_brand?post=23617"},{"taxonomy":"product_cat","embeddable":true,"href":"https:\/\/legandgo.com\/fr\/wp-json\/wp\/v2\/product_cat?post=23617"},{"taxonomy":"product_tag","embeddable":true,"href":"https:\/\/legandgo.com\/fr\/wp-json\/wp\/v2\/product_tag?post=23617"}],"curies":[{"name":"wp","href":"https:\/\/api.w.org\/{rel}","templated":true}]}}