{"id":24264,"date":"2024-05-27T16:14:02","date_gmt":"2024-05-27T14:14:02","guid":{"rendered":"https:\/\/legandgo.com\/?post_type=product&#038;p=24264"},"modified":"2026-03-22T17:35:28","modified_gmt":"2026-03-22T15:35:28","slug":"etagere-flottante","status":"publish","type":"product","link":"https:\/\/legandgo.com\/fr\/shop\/meubles-pour-enfants\/etagere-flottante\/","title":{"rendered":"\u00c9tag\u00e8re murale flottante en bois avec sangles en cuir"},"content":{"rendered":"<p style=\"font-weight: 400;\">Notre \u00e9tag\u00e8re murale en bois avec sangles en cuir associe des lignes contemporaines \u00e9pur\u00e9es \u00e0 une sensation chaleureuse et cosy, ce qui en fait un ajout naturel \u00e0 une chambre, un salon, une chambre d\u2019enfant ou une cuisine.<\/p>\n<p style=\"font-weight: 400;\">Fabriqu\u00e9e en pin massif et associ\u00e9e \u00e0 des sangles en cuir naturel de couleur camel clair, elle apporte une texture douce ainsi qu\u2019une palette de couleurs chaleureuse et \u00e9l\u00e9gante \u00e0 n\u2019importe quel mur.<\/p>\n<p style=\"font-weight: 400;\">Disponible en trois tailles : 60cm, 70cm et 90cm.<\/p>\n<p style=\"font-weight: 400;\"><strong>D\u00e9couvrez-en plus ci-dessous.<\/strong><\/p>\n","protected":false},"excerpt":{"rendered":"<p>Notre \u00e9tag\u00e8re murale en bois avec sangles en cuir associe des lignes contemporaines \u00e9pur\u00e9es \u00e0 une sensation chaleureuse et cosy, ce qui en fait un ajout naturel \u00e0 une chambre, un salon, une chambre d\u2019enfant ou une cuisine. Fabriqu\u00e9e en pin massif et associ\u00e9e \u00e0 des sangles en cuir naturel de couleur camel clair, elle<a class=\"excerpt-read-more\" href=\"https:\/\/legandgo.com\/fr\/shop\/meubles-pour-enfants\/etagere-flottante\/\" title=\"Read\u00c9tag\u00e8re murale flottante en bois avec sangles en cuir\">&#8230; Read more &raquo;<\/a><\/p>\n","protected":false},"featured_media":24404,"comment_status":"closed","ping_status":"closed","template":"","meta":{"_acf_changed":false,"inline_featured_image":false,"footnotes":""},"product_brand":[],"product_cat":[1314,406],"product_tag":[],"class_list":{"0":"post-24264","1":"product","2":"type-product","3":"status-publish","4":"has-post-thumbnail","6":"product_cat-meubles","7":"product_cat-meubles-pour-enfants","8":"product_shipping_class-floating-shelf-fr","10":"first","11":"outofstock","12":"purchasable","13":"product-type-variable"},"bundled_by":[],"bundle_stock_status":"outofstock","bundle_stock_quantity":null,"bundle_virtual":false,"bundle_layout":"","bundle_add_to_cart_form_location":"","bundle_editable_in_cart":false,"bundle_sold_individually_context":"","bundle_item_grouping":"","bundle_min_size":"","bundle_max_size":"","bundle_price":[],"bundled_items":[],"bundle_sell_ids":[],"acf":[],"yoast_head":"<!-- This site is optimized with the Yoast SEO plugin v25.9 - https:\/\/yoast.com\/wordpress\/plugins\/seo\/ -->\n<title>\u00c9tag\u00e8re murale flottante en bois avec sangles en cuir<\/title>\n<meta name=\"description\" content=\"\u00c9tag\u00e8re murale flottante en bois avec sangles en cuir, fabriqu\u00e9e en pin massif. \u00c9tag\u00e8re \u00e9l\u00e9gante pour livres, plantes et d\u00e9coration dans toutes les pi\u00e8ces.\" \/>\n<meta name=\"robots\" content=\"index, follow, max-snippet:-1, max-image-preview:large, max-video-preview:-1\" \/>\n<link rel=\"canonical\" href=\"https:\/\/legandgo.com\/fr\/shop\/meubles-pour-enfants\/etagere-flottante\/\" \/>\n<meta property=\"og:locale\" content=\"fr_FR\" \/>\n<meta property=\"og:type\" content=\"article\" \/>\n<meta property=\"og:title\" content=\"\u00c9tag\u00e8re murale flottante en bois avec sangles en cuir\" \/>\n<meta property=\"og:description\" content=\"\u00c9tag\u00e8re murale flottante en bois avec sangles en cuir, fabriqu\u00e9e en pin massif. \u00c9tag\u00e8re \u00e9l\u00e9gante pour livres, plantes et d\u00e9coration dans toutes les pi\u00e8ces.\" \/>\n<meta property=\"og:url\" content=\"https:\/\/legandgo.com\/fr\/shop\/meubles-pour-enfants\/etagere-flottante\/\" \/>\n<meta property=\"og:site_name\" content=\"leg&amp;go\" \/>\n<meta property=\"article:publisher\" content=\"https:\/\/www.facebook.com\/legandgo\" \/>\n<meta property=\"article:modified_time\" content=\"2026-03-22T15:35:28+00:00\" \/>\n<meta property=\"og:image\" content=\"https:\/\/legandgo.com\/wp-content\/uploads\/2024\/05\/shelf.jpg\" \/>\n\t<meta property=\"og:image:width\" content=\"600\" \/>\n\t<meta property=\"og:image:height\" content=\"600\" \/>\n\t<meta property=\"og:image:type\" content=\"image\/jpeg\" \/>\n<meta name=\"twitter:card\" content=\"summary_large_image\" \/>\n<script type=\"application\/ld+json\" class=\"yoast-schema-graph\">{\"@context\":\"https:\/\/schema.org\",\"@graph\":[{\"@type\":\"WebPage\",\"@id\":\"https:\/\/legandgo.com\/fr\/shop\/meubles-pour-enfants\/etagere-flottante\/\",\"url\":\"https:\/\/legandgo.com\/fr\/shop\/meubles-pour-enfants\/etagere-flottante\/\",\"name\":\"\u00c9tag\u00e8re murale flottante en bois avec sangles en cuir\",\"isPartOf\":{\"@id\":\"https:\/\/legandgo.com\/fr\/#website\"},\"primaryImageOfPage\":{\"@id\":\"https:\/\/legandgo.com\/fr\/shop\/meubles-pour-enfants\/etagere-flottante\/#primaryimage\"},\"image\":{\"@id\":\"https:\/\/legandgo.com\/fr\/shop\/meubles-pour-enfants\/etagere-flottante\/#primaryimage\"},\"thumbnailUrl\":\"https:\/\/legandgo.com\/wp-content\/uploads\/2024\/05\/shelf.jpg\",\"datePublished\":\"2024-05-27T14:14:02+00:00\",\"dateModified\":\"2026-03-22T15:35:28+00:00\",\"description\":\"\u00c9tag\u00e8re murale flottante en bois avec sangles en cuir, fabriqu\u00e9e en pin massif. \u00c9tag\u00e8re \u00e9l\u00e9gante pour livres, plantes et d\u00e9coration dans toutes les pi\u00e8ces.\",\"breadcrumb\":{\"@id\":\"https:\/\/legandgo.com\/fr\/shop\/meubles-pour-enfants\/etagere-flottante\/#breadcrumb\"},\"inLanguage\":\"fr-FR\",\"potentialAction\":[{\"@type\":\"ReadAction\",\"target\":[\"https:\/\/legandgo.com\/fr\/shop\/meubles-pour-enfants\/etagere-flottante\/\"]}]},{\"@type\":\"ImageObject\",\"inLanguage\":\"fr-FR\",\"@id\":\"https:\/\/legandgo.com\/fr\/shop\/meubles-pour-enfants\/etagere-flottante\/#primaryimage\",\"url\":\"https:\/\/legandgo.com\/wp-content\/uploads\/2024\/05\/shelf.jpg\",\"contentUrl\":\"https:\/\/legandgo.com\/wp-content\/uploads\/2024\/05\/shelf.jpg\",\"width\":600,\"height\":600},{\"@type\":\"BreadcrumbList\",\"@id\":\"https:\/\/legandgo.com\/fr\/shop\/meubles-pour-enfants\/etagere-flottante\/#breadcrumb\",\"itemListElement\":[{\"@type\":\"ListItem\",\"position\":1,\"name\":\"Home\",\"item\":\"https:\/\/legandgo.com\/fr\/\"},{\"@type\":\"ListItem\",\"position\":2,\"name\":\"Shop\",\"item\":\"https:\/\/legandgo.com\/fr\/shop\/\"},{\"@type\":\"ListItem\",\"position\":3,\"name\":\"\u00c9tag\u00e8re murale flottante en bois avec sangles en cuir\"}]},{\"@type\":\"WebSite\",\"@id\":\"https:\/\/legandgo.com\/fr\/#website\",\"url\":\"https:\/\/legandgo.com\/fr\/\",\"name\":\"leg&amp;go\",\"description\":\"\",\"publisher\":{\"@id\":\"https:\/\/legandgo.com\/fr\/#organization\"},\"potentialAction\":[{\"@type\":\"SearchAction\",\"target\":{\"@type\":\"EntryPoint\",\"urlTemplate\":\"https:\/\/legandgo.com\/fr\/?s={search_term_string}\"},\"query-input\":{\"@type\":\"PropertyValueSpecification\",\"valueRequired\":true,\"valueName\":\"search_term_string\"}}],\"inLanguage\":\"fr-FR\"},{\"@type\":\"Organization\",\"@id\":\"https:\/\/legandgo.com\/fr\/#organization\",\"name\":\"leg&go bike\",\"url\":\"https:\/\/legandgo.com\/fr\/\",\"logo\":{\"@type\":\"ImageObject\",\"inLanguage\":\"fr-FR\",\"@id\":\"https:\/\/legandgo.com\/fr\/#\/schema\/logo\/image\/\",\"url\":\"https:\/\/legandgo.com\/wp-content\/uploads\/2021\/03\/logorf.png\",\"contentUrl\":\"https:\/\/legandgo.com\/wp-content\/uploads\/2021\/03\/logorf.png\",\"width\":675,\"height\":216,\"caption\":\"leg&go bike\"},\"image\":{\"@id\":\"https:\/\/legandgo.com\/fr\/#\/schema\/logo\/image\/\"},\"sameAs\":[\"https:\/\/www.facebook.com\/legandgo\",\"https:\/\/www.instagram.com\/legandgo\/\",\"https:\/\/www.linkedin.com\/company\/legandgo\/\",\"https:\/\/www.pinterest.com\/legandgo\/\",\"https:\/\/www.youtube.com\/channel\/UC_FBzWPmKWE0g7fcR4Xdfuw\/\"]}]}<\/script>\n<!-- \/ Yoast SEO plugin. -->","yoast_head_json":{"title":"\u00c9tag\u00e8re murale flottante en bois avec sangles en cuir","description":"\u00c9tag\u00e8re murale flottante en bois avec sangles en cuir, fabriqu\u00e9e en pin massif. \u00c9tag\u00e8re \u00e9l\u00e9gante pour livres, plantes et d\u00e9coration dans toutes les pi\u00e8ces.","robots":{"index":"index","follow":"follow","max-snippet":"max-snippet:-1","max-image-preview":"max-image-preview:large","max-video-preview":"max-video-preview:-1"},"canonical":"https:\/\/legandgo.com\/fr\/shop\/meubles-pour-enfants\/etagere-flottante\/","og_locale":"fr_FR","og_type":"article","og_title":"\u00c9tag\u00e8re murale flottante en bois avec sangles en cuir","og_description":"\u00c9tag\u00e8re murale flottante en bois avec sangles en cuir, fabriqu\u00e9e en pin massif. \u00c9tag\u00e8re \u00e9l\u00e9gante pour livres, plantes et d\u00e9coration dans toutes les pi\u00e8ces.","og_url":"https:\/\/legandgo.com\/fr\/shop\/meubles-pour-enfants\/etagere-flottante\/","og_site_name":"leg&amp;go","article_publisher":"https:\/\/www.facebook.com\/legandgo","article_modified_time":"2026-03-22T15:35:28+00:00","og_image":[{"width":600,"height":600,"url":"https:\/\/legandgo.com\/wp-content\/uploads\/2024\/05\/shelf.jpg","type":"image\/jpeg"}],"twitter_card":"summary_large_image","schema":{"@context":"https:\/\/schema.org","@graph":[{"@type":"WebPage","@id":"https:\/\/legandgo.com\/fr\/shop\/meubles-pour-enfants\/etagere-flottante\/","url":"https:\/\/legandgo.com\/fr\/shop\/meubles-pour-enfants\/etagere-flottante\/","name":"\u00c9tag\u00e8re murale flottante en bois avec sangles en cuir","isPartOf":{"@id":"https:\/\/legandgo.com\/fr\/#website"},"primaryImageOfPage":{"@id":"https:\/\/legandgo.com\/fr\/shop\/meubles-pour-enfants\/etagere-flottante\/#primaryimage"},"image":{"@id":"https:\/\/legandgo.com\/fr\/shop\/meubles-pour-enfants\/etagere-flottante\/#primaryimage"},"thumbnailUrl":"https:\/\/legandgo.com\/wp-content\/uploads\/2024\/05\/shelf.jpg","datePublished":"2024-05-27T14:14:02+00:00","dateModified":"2026-03-22T15:35:28+00:00","description":"\u00c9tag\u00e8re murale flottante en bois avec sangles en cuir, fabriqu\u00e9e en pin massif. \u00c9tag\u00e8re \u00e9l\u00e9gante pour livres, plantes et d\u00e9coration dans toutes les pi\u00e8ces.","breadcrumb":{"@id":"https:\/\/legandgo.com\/fr\/shop\/meubles-pour-enfants\/etagere-flottante\/#breadcrumb"},"inLanguage":"fr-FR","potentialAction":[{"@type":"ReadAction","target":["https:\/\/legandgo.com\/fr\/shop\/meubles-pour-enfants\/etagere-flottante\/"]}]},{"@type":"ImageObject","inLanguage":"fr-FR","@id":"https:\/\/legandgo.com\/fr\/shop\/meubles-pour-enfants\/etagere-flottante\/#primaryimage","url":"https:\/\/legandgo.com\/wp-content\/uploads\/2024\/05\/shelf.jpg","contentUrl":"https:\/\/legandgo.com\/wp-content\/uploads\/2024\/05\/shelf.jpg","width":600,"height":600},{"@type":"BreadcrumbList","@id":"https:\/\/legandgo.com\/fr\/shop\/meubles-pour-enfants\/etagere-flottante\/#breadcrumb","itemListElement":[{"@type":"ListItem","position":1,"name":"Home","item":"https:\/\/legandgo.com\/fr\/"},{"@type":"ListItem","position":2,"name":"Shop","item":"https:\/\/legandgo.com\/fr\/shop\/"},{"@type":"ListItem","position":3,"name":"\u00c9tag\u00e8re murale flottante en bois avec sangles en cuir"}]},{"@type":"WebSite","@id":"https:\/\/legandgo.com\/fr\/#website","url":"https:\/\/legandgo.com\/fr\/","name":"leg&amp;go","description":"","publisher":{"@id":"https:\/\/legandgo.com\/fr\/#organization"},"potentialAction":[{"@type":"SearchAction","target":{"@type":"EntryPoint","urlTemplate":"https:\/\/legandgo.com\/fr\/?s={search_term_string}"},"query-input":{"@type":"PropertyValueSpecification","valueRequired":true,"valueName":"search_term_string"}}],"inLanguage":"fr-FR"},{"@type":"Organization","@id":"https:\/\/legandgo.com\/fr\/#organization","name":"leg&go bike","url":"https:\/\/legandgo.com\/fr\/","logo":{"@type":"ImageObject","inLanguage":"fr-FR","@id":"https:\/\/legandgo.com\/fr\/#\/schema\/logo\/image\/","url":"https:\/\/legandgo.com\/wp-content\/uploads\/2021\/03\/logorf.png","contentUrl":"https:\/\/legandgo.com\/wp-content\/uploads\/2021\/03\/logorf.png","width":675,"height":216,"caption":"leg&go bike"},"image":{"@id":"https:\/\/legandgo.com\/fr\/#\/schema\/logo\/image\/"},"sameAs":["https:\/\/www.facebook.com\/legandgo","https:\/\/www.instagram.com\/legandgo\/","https:\/\/www.linkedin.com\/company\/legandgo\/","https:\/\/www.pinterest.com\/legandgo\/","https:\/\/www.youtube.com\/channel\/UC_FBzWPmKWE0g7fcR4Xdfuw\/"]}]}},"_links":{"self":[{"href":"https:\/\/legandgo.com\/fr\/wp-json\/wp\/v2\/product\/24264","targetHints":{"allow":["GET"]}}],"collection":[{"href":"https:\/\/legandgo.com\/fr\/wp-json\/wp\/v2\/product"}],"about":[{"href":"https:\/\/legandgo.com\/fr\/wp-json\/wp\/v2\/types\/product"}],"replies":[{"embeddable":true,"href":"https:\/\/legandgo.com\/fr\/wp-json\/wp\/v2\/comments?post=24264"}],"version-history":[{"count":23,"href":"https:\/\/legandgo.com\/fr\/wp-json\/wp\/v2\/product\/24264\/revisions"}],"predecessor-version":[{"id":51087,"href":"https:\/\/legandgo.com\/fr\/wp-json\/wp\/v2\/product\/24264\/revisions\/51087"}],"wp:featuredmedia":[{"embeddable":true,"href":"https:\/\/legandgo.com\/fr\/wp-json\/wp\/v2\/media\/24404"}],"wp:attachment":[{"href":"https:\/\/legandgo.com\/fr\/wp-json\/wp\/v2\/media?parent=24264"}],"wp:term":[{"taxonomy":"product_brand","embeddable":true,"href":"https:\/\/legandgo.com\/fr\/wp-json\/wp\/v2\/product_brand?post=24264"},{"taxonomy":"product_cat","embeddable":true,"href":"https:\/\/legandgo.com\/fr\/wp-json\/wp\/v2\/product_cat?post=24264"},{"taxonomy":"product_tag","embeddable":true,"href":"https:\/\/legandgo.com\/fr\/wp-json\/wp\/v2\/product_tag?post=24264"}],"curies":[{"name":"wp","href":"https:\/\/api.w.org\/{rel}","templated":true}]}}