{"id":2719,"date":"2021-05-27T09:43:42","date_gmt":"2021-05-27T07:43:42","guid":{"rendered":"https:\/\/legandgo.com\/product\/triangle-swedish-wall\/"},"modified":"2026-04-19T17:35:44","modified_gmt":"2026-04-19T15:35:44","slug":"triangle-swedish-wall","status":"publish","type":"product","link":"https:\/\/legandgo.com\/fr\/shop\/toys-fr\/triangle-swedish-wall\/","title":{"rendered":"Triangle &amp; Mur su\u00e9dois 2en1"},"content":{"rendered":"<p style=\"font-weight: 400;\">Un triangle Pikler au design \u00e9l\u00e9gant qui se transforme en espalier su\u00e9dois, cr\u00e9ant un espace d\u2019escalade int\u00e9rieur polyvalent pour les enfants d\u2019environ 6 mois \u00e0 7 ans.<\/p>\n<p style=\"font-weight: 400;\">Deux configurations : Mode triangle et mode mur. Passez d&#8217;un mode \u00e0 l&#8217;autre en une minute environ, sans installation compliqu\u00e9e. Disponible en trois couleurs. Poids maximal : 50 kg.   <\/p>\n<p style=\"font-weight: 400;\"><strong>D\u00e9couvrez-en plus ci-dessous. <\/strong><\/p>\n","protected":false},"excerpt":{"rendered":"<p>Un triangle Pikler au design \u00e9l\u00e9gant qui se transforme en espalier su\u00e9dois, cr\u00e9ant un espace d\u2019escalade int\u00e9rieur polyvalent pour les enfants d\u2019environ 6 mois \u00e0 7 ans. Deux configurations : Mode triangle et mode mur. Passez d&#8217;un mode \u00e0 l&#8217;autre en une minute environ, sans installation compliqu\u00e9e. Disponible en trois couleurs. Poids maximal : 50<a class=\"excerpt-read-more\" href=\"https:\/\/legandgo.com\/fr\/shop\/toys-fr\/triangle-swedish-wall\/\" title=\"ReadTriangle &amp; Mur su\u00e9dois 2en1\">&#8230; Read more &raquo;<\/a><\/p>\n","protected":false},"featured_media":11028,"comment_status":"closed","ping_status":"closed","template":"","meta":{"_acf_changed":false,"inline_featured_image":false,"footnotes":""},"product_brand":[],"product_cat":[55],"product_tag":[1726,1718,1722,1714,1710,1735,1734],"class_list":{"0":"post-2719","1":"product","2":"type-product","3":"status-publish","4":"has-post-thumbnail","6":"product_cat-toys-fr","7":"product_tag-leg-go-2","8":"product_tag-leg-and-go","9":"product_tag-leg-go","10":"product_tag-leggo","11":"product_tag-legandgo","12":"product_tag-triangle-de-pikler","13":"product_tag-triangle-pikler","14":"pa_color-type-colorful-fr","15":"pa_color-type-natural-wood-fr","16":"pa_color-type-pastel-fr","18":"first","19":"outofstock","20":"sale","21":"purchasable","22":"product-type-variable","23":"has-default-attributes"},"bundled_by":["2723"],"bundle_stock_status":"outofstock","bundle_stock_quantity":null,"bundle_virtual":false,"bundle_layout":"","bundle_add_to_cart_form_location":"","bundle_editable_in_cart":false,"bundle_sold_individually_context":"","bundle_item_grouping":"","bundle_min_size":"","bundle_max_size":"","bundle_price":[],"bundled_items":[],"bundle_sell_ids":[],"acf":[],"yoast_head":"<!-- This site is optimized with the Yoast SEO plugin v25.9 - https:\/\/yoast.com\/wordpress\/plugins\/seo\/ -->\n<title>Triangle \/ Mur su\u00e9dois 2-en-1 pour enfants<\/title>\n<meta name=\"description\" content=\"Triangle d\u2019escalade convertible qui se transforme en espalier su\u00e9dois. Jouet d\u2019escalade int\u00e9rieur 2-en-1 pour enfants, favorisant le mouvement et la motricit\u00e9.\" \/>\n<meta name=\"robots\" content=\"index, follow, max-snippet:-1, max-image-preview:large, max-video-preview:-1\" \/>\n<link rel=\"canonical\" href=\"https:\/\/legandgo.com\/fr\/shop\/toys-fr\/triangle-swedish-wall\/\" \/>\n<meta property=\"og:locale\" content=\"fr_FR\" \/>\n<meta property=\"og:type\" content=\"article\" \/>\n<meta property=\"og:title\" content=\"Triangle \/ Mur su\u00e9dois 2-en-1 pour enfants\" \/>\n<meta property=\"og:description\" content=\"Triangle d\u2019escalade convertible qui se transforme en espalier su\u00e9dois. Jouet d\u2019escalade int\u00e9rieur 2-en-1 pour enfants, favorisant le mouvement et la motricit\u00e9.\" \/>\n<meta property=\"og:url\" content=\"https:\/\/legandgo.com\/fr\/shop\/toys-fr\/triangle-swedish-wall\/\" \/>\n<meta property=\"og:site_name\" content=\"leg&amp;go\" \/>\n<meta property=\"article:publisher\" content=\"https:\/\/www.facebook.com\/legandgo\" \/>\n<meta property=\"article:modified_time\" content=\"2026-04-19T15:35:44+00:00\" \/>\n<meta property=\"og:image\" content=\"https:\/\/legandgo.com\/wp-content\/uploads\/2021\/05\/leggo-legandgo-pikler-triangle-set-swedish-wall.jpg\" \/>\n\t<meta property=\"og:image:width\" content=\"800\" \/>\n\t<meta property=\"og:image:height\" content=\"800\" \/>\n\t<meta property=\"og:image:type\" content=\"image\/jpeg\" \/>\n<meta name=\"twitter:card\" content=\"summary_large_image\" \/>\n<script type=\"application\/ld+json\" class=\"yoast-schema-graph\">{\"@context\":\"https:\/\/schema.org\",\"@graph\":[{\"@type\":\"WebPage\",\"@id\":\"https:\/\/legandgo.com\/fr\/shop\/toys-fr\/triangle-swedish-wall\/\",\"url\":\"https:\/\/legandgo.com\/fr\/shop\/toys-fr\/triangle-swedish-wall\/\",\"name\":\"Triangle \/ Mur su\u00e9dois 2-en-1 pour enfants\",\"isPartOf\":{\"@id\":\"https:\/\/legandgo.com\/fr\/#website\"},\"primaryImageOfPage\":{\"@id\":\"https:\/\/legandgo.com\/fr\/shop\/toys-fr\/triangle-swedish-wall\/#primaryimage\"},\"image\":{\"@id\":\"https:\/\/legandgo.com\/fr\/shop\/toys-fr\/triangle-swedish-wall\/#primaryimage\"},\"thumbnailUrl\":\"https:\/\/legandgo.com\/wp-content\/uploads\/2021\/05\/leggo-legandgo-pikler-triangle-set-swedish-wall.jpg\",\"datePublished\":\"2021-05-27T07:43:42+00:00\",\"dateModified\":\"2026-04-19T15:35:44+00:00\",\"description\":\"Triangle d\u2019escalade convertible qui se transforme en espalier su\u00e9dois. Jouet d\u2019escalade int\u00e9rieur 2-en-1 pour enfants, favorisant le mouvement et la motricit\u00e9.\",\"breadcrumb\":{\"@id\":\"https:\/\/legandgo.com\/fr\/shop\/toys-fr\/triangle-swedish-wall\/#breadcrumb\"},\"inLanguage\":\"fr-FR\",\"potentialAction\":[{\"@type\":\"ReadAction\",\"target\":[\"https:\/\/legandgo.com\/fr\/shop\/toys-fr\/triangle-swedish-wall\/\"]}]},{\"@type\":\"ImageObject\",\"inLanguage\":\"fr-FR\",\"@id\":\"https:\/\/legandgo.com\/fr\/shop\/toys-fr\/triangle-swedish-wall\/#primaryimage\",\"url\":\"https:\/\/legandgo.com\/wp-content\/uploads\/2021\/05\/leggo-legandgo-pikler-triangle-set-swedish-wall.jpg\",\"contentUrl\":\"https:\/\/legandgo.com\/wp-content\/uploads\/2021\/05\/leggo-legandgo-pikler-triangle-set-swedish-wall.jpg\",\"width\":800,\"height\":800},{\"@type\":\"BreadcrumbList\",\"@id\":\"https:\/\/legandgo.com\/fr\/shop\/toys-fr\/triangle-swedish-wall\/#breadcrumb\",\"itemListElement\":[{\"@type\":\"ListItem\",\"position\":1,\"name\":\"Home\",\"item\":\"https:\/\/legandgo.com\/fr\/\"},{\"@type\":\"ListItem\",\"position\":2,\"name\":\"Shop\",\"item\":\"https:\/\/legandgo.com\/fr\/shop\/\"},{\"@type\":\"ListItem\",\"position\":3,\"name\":\"Triangle &amp; Mur su\u00e9dois 2en1\"}]},{\"@type\":\"WebSite\",\"@id\":\"https:\/\/legandgo.com\/fr\/#website\",\"url\":\"https:\/\/legandgo.com\/fr\/\",\"name\":\"leg&amp;go\",\"description\":\"\",\"publisher\":{\"@id\":\"https:\/\/legandgo.com\/fr\/#organization\"},\"potentialAction\":[{\"@type\":\"SearchAction\",\"target\":{\"@type\":\"EntryPoint\",\"urlTemplate\":\"https:\/\/legandgo.com\/fr\/?s={search_term_string}\"},\"query-input\":{\"@type\":\"PropertyValueSpecification\",\"valueRequired\":true,\"valueName\":\"search_term_string\"}}],\"inLanguage\":\"fr-FR\"},{\"@type\":\"Organization\",\"@id\":\"https:\/\/legandgo.com\/fr\/#organization\",\"name\":\"leg&go bike\",\"url\":\"https:\/\/legandgo.com\/fr\/\",\"logo\":{\"@type\":\"ImageObject\",\"inLanguage\":\"fr-FR\",\"@id\":\"https:\/\/legandgo.com\/fr\/#\/schema\/logo\/image\/\",\"url\":\"https:\/\/legandgo.com\/wp-content\/uploads\/2021\/03\/logorf.png\",\"contentUrl\":\"https:\/\/legandgo.com\/wp-content\/uploads\/2021\/03\/logorf.png\",\"width\":675,\"height\":216,\"caption\":\"leg&go bike\"},\"image\":{\"@id\":\"https:\/\/legandgo.com\/fr\/#\/schema\/logo\/image\/\"},\"sameAs\":[\"https:\/\/www.facebook.com\/legandgo\",\"https:\/\/www.instagram.com\/legandgo\/\",\"https:\/\/www.linkedin.com\/company\/legandgo\/\",\"https:\/\/www.pinterest.com\/legandgo\/\",\"https:\/\/www.youtube.com\/channel\/UC_FBzWPmKWE0g7fcR4Xdfuw\/\"]}]}<\/script>\n<!-- \/ Yoast SEO plugin. -->","yoast_head_json":{"title":"Triangle \/ Mur su\u00e9dois 2-en-1 pour enfants","description":"Triangle d\u2019escalade convertible qui se transforme en espalier su\u00e9dois. Jouet d\u2019escalade int\u00e9rieur 2-en-1 pour enfants, favorisant le mouvement et la motricit\u00e9.","robots":{"index":"index","follow":"follow","max-snippet":"max-snippet:-1","max-image-preview":"max-image-preview:large","max-video-preview":"max-video-preview:-1"},"canonical":"https:\/\/legandgo.com\/fr\/shop\/toys-fr\/triangle-swedish-wall\/","og_locale":"fr_FR","og_type":"article","og_title":"Triangle \/ Mur su\u00e9dois 2-en-1 pour enfants","og_description":"Triangle d\u2019escalade convertible qui se transforme en espalier su\u00e9dois. Jouet d\u2019escalade int\u00e9rieur 2-en-1 pour enfants, favorisant le mouvement et la motricit\u00e9.","og_url":"https:\/\/legandgo.com\/fr\/shop\/toys-fr\/triangle-swedish-wall\/","og_site_name":"leg&amp;go","article_publisher":"https:\/\/www.facebook.com\/legandgo","article_modified_time":"2026-04-19T15:35:44+00:00","og_image":[{"width":800,"height":800,"url":"https:\/\/legandgo.com\/wp-content\/uploads\/2021\/05\/leggo-legandgo-pikler-triangle-set-swedish-wall.jpg","type":"image\/jpeg"}],"twitter_card":"summary_large_image","schema":{"@context":"https:\/\/schema.org","@graph":[{"@type":"WebPage","@id":"https:\/\/legandgo.com\/fr\/shop\/toys-fr\/triangle-swedish-wall\/","url":"https:\/\/legandgo.com\/fr\/shop\/toys-fr\/triangle-swedish-wall\/","name":"Triangle \/ Mur su\u00e9dois 2-en-1 pour enfants","isPartOf":{"@id":"https:\/\/legandgo.com\/fr\/#website"},"primaryImageOfPage":{"@id":"https:\/\/legandgo.com\/fr\/shop\/toys-fr\/triangle-swedish-wall\/#primaryimage"},"image":{"@id":"https:\/\/legandgo.com\/fr\/shop\/toys-fr\/triangle-swedish-wall\/#primaryimage"},"thumbnailUrl":"https:\/\/legandgo.com\/wp-content\/uploads\/2021\/05\/leggo-legandgo-pikler-triangle-set-swedish-wall.jpg","datePublished":"2021-05-27T07:43:42+00:00","dateModified":"2026-04-19T15:35:44+00:00","description":"Triangle d\u2019escalade convertible qui se transforme en espalier su\u00e9dois. Jouet d\u2019escalade int\u00e9rieur 2-en-1 pour enfants, favorisant le mouvement et la motricit\u00e9.","breadcrumb":{"@id":"https:\/\/legandgo.com\/fr\/shop\/toys-fr\/triangle-swedish-wall\/#breadcrumb"},"inLanguage":"fr-FR","potentialAction":[{"@type":"ReadAction","target":["https:\/\/legandgo.com\/fr\/shop\/toys-fr\/triangle-swedish-wall\/"]}]},{"@type":"ImageObject","inLanguage":"fr-FR","@id":"https:\/\/legandgo.com\/fr\/shop\/toys-fr\/triangle-swedish-wall\/#primaryimage","url":"https:\/\/legandgo.com\/wp-content\/uploads\/2021\/05\/leggo-legandgo-pikler-triangle-set-swedish-wall.jpg","contentUrl":"https:\/\/legandgo.com\/wp-content\/uploads\/2021\/05\/leggo-legandgo-pikler-triangle-set-swedish-wall.jpg","width":800,"height":800},{"@type":"BreadcrumbList","@id":"https:\/\/legandgo.com\/fr\/shop\/toys-fr\/triangle-swedish-wall\/#breadcrumb","itemListElement":[{"@type":"ListItem","position":1,"name":"Home","item":"https:\/\/legandgo.com\/fr\/"},{"@type":"ListItem","position":2,"name":"Shop","item":"https:\/\/legandgo.com\/fr\/shop\/"},{"@type":"ListItem","position":3,"name":"Triangle &amp; Mur su\u00e9dois 2en1"}]},{"@type":"WebSite","@id":"https:\/\/legandgo.com\/fr\/#website","url":"https:\/\/legandgo.com\/fr\/","name":"leg&amp;go","description":"","publisher":{"@id":"https:\/\/legandgo.com\/fr\/#organization"},"potentialAction":[{"@type":"SearchAction","target":{"@type":"EntryPoint","urlTemplate":"https:\/\/legandgo.com\/fr\/?s={search_term_string}"},"query-input":{"@type":"PropertyValueSpecification","valueRequired":true,"valueName":"search_term_string"}}],"inLanguage":"fr-FR"},{"@type":"Organization","@id":"https:\/\/legandgo.com\/fr\/#organization","name":"leg&go bike","url":"https:\/\/legandgo.com\/fr\/","logo":{"@type":"ImageObject","inLanguage":"fr-FR","@id":"https:\/\/legandgo.com\/fr\/#\/schema\/logo\/image\/","url":"https:\/\/legandgo.com\/wp-content\/uploads\/2021\/03\/logorf.png","contentUrl":"https:\/\/legandgo.com\/wp-content\/uploads\/2021\/03\/logorf.png","width":675,"height":216,"caption":"leg&go bike"},"image":{"@id":"https:\/\/legandgo.com\/fr\/#\/schema\/logo\/image\/"},"sameAs":["https:\/\/www.facebook.com\/legandgo","https:\/\/www.instagram.com\/legandgo\/","https:\/\/www.linkedin.com\/company\/legandgo\/","https:\/\/www.pinterest.com\/legandgo\/","https:\/\/www.youtube.com\/channel\/UC_FBzWPmKWE0g7fcR4Xdfuw\/"]}]}},"_links":{"self":[{"href":"https:\/\/legandgo.com\/fr\/wp-json\/wp\/v2\/product\/2719","targetHints":{"allow":["GET"]}}],"collection":[{"href":"https:\/\/legandgo.com\/fr\/wp-json\/wp\/v2\/product"}],"about":[{"href":"https:\/\/legandgo.com\/fr\/wp-json\/wp\/v2\/types\/product"}],"replies":[{"embeddable":true,"href":"https:\/\/legandgo.com\/fr\/wp-json\/wp\/v2\/comments?post=2719"}],"version-history":[{"count":9,"href":"https:\/\/legandgo.com\/fr\/wp-json\/wp\/v2\/product\/2719\/revisions"}],"predecessor-version":[{"id":54359,"href":"https:\/\/legandgo.com\/fr\/wp-json\/wp\/v2\/product\/2719\/revisions\/54359"}],"wp:featuredmedia":[{"embeddable":true,"href":"https:\/\/legandgo.com\/fr\/wp-json\/wp\/v2\/media\/11028"}],"wp:attachment":[{"href":"https:\/\/legandgo.com\/fr\/wp-json\/wp\/v2\/media?parent=2719"}],"wp:term":[{"taxonomy":"product_brand","embeddable":true,"href":"https:\/\/legandgo.com\/fr\/wp-json\/wp\/v2\/product_brand?post=2719"},{"taxonomy":"product_cat","embeddable":true,"href":"https:\/\/legandgo.com\/fr\/wp-json\/wp\/v2\/product_cat?post=2719"},{"taxonomy":"product_tag","embeddable":true,"href":"https:\/\/legandgo.com\/fr\/wp-json\/wp\/v2\/product_tag?post=2719"}],"curies":[{"name":"wp","href":"https:\/\/api.w.org\/{rel}","templated":true}]}}