{"id":2723,"date":"2021-05-21T14:53:05","date_gmt":"2021-05-21T12:53:05","guid":{"rendered":"https:\/\/legandgo.com\/product\/swedish-wall-and-triangle-climber-set-2in1\/"},"modified":"2026-04-05T17:35:46","modified_gmt":"2026-04-05T15:35:46","slug":"ensemble-triangle-escalade-mur-suedois","status":"publish","type":"product","link":"https:\/\/legandgo.com\/fr\/shop\/toys-fr\/ensemble-triangle-escalade-mur-suedois\/","title":{"rendered":"Ensemble de murs et de triangles su\u00e9dois 2en1 + add-ons"},"content":{"rendered":"<p style=\"font-weight: 400;\">Un triangle Pikler magnifiquement con\u00e7u qui se transforme en mur su\u00e9dois, cr\u00e9ant un espace d&#8217;escalade int\u00e9rieur polyvalent pour les enfants de 6 mois \u00e0 7 ans environ.<\/p>\n<p style=\"font-weight: 400;\">Deux configurations : Mode triangle et mode mur. Passez d&#8217;un mode \u00e0 l&#8217;autre en une minute environ, sans installation compliqu\u00e9e.<\/p>\n<p style=\"font-weight: 400;\">Disponible en trois couleurs. Les accessoires optionnels comprennent une rampe\/un toboggan, une planche d&#8217;\u00e9quilibre et une table et une chaise. Poids maximum pour le triangle\/mur su\u00e9dois : 50 kg.<\/p>\n<p style=\"font-weight: 400;\"><strong>D\u00e9couvrir plus ci dessous.<\/strong><\/p>\n","protected":false},"excerpt":{"rendered":"<p>Un triangle Pikler magnifiquement con\u00e7u qui se transforme en mur su\u00e9dois, cr\u00e9ant un espace d&#8217;escalade int\u00e9rieur polyvalent pour les enfants de 6 mois \u00e0 7 ans environ. Deux configurations : Mode triangle et mode mur. Passez d&#8217;un mode \u00e0 l&#8217;autre en une minute environ, sans installation compliqu\u00e9e. Disponible en trois couleurs. Les accessoires optionnels comprennent<a class=\"excerpt-read-more\" href=\"https:\/\/legandgo.com\/fr\/shop\/toys-fr\/ensemble-triangle-escalade-mur-suedois\/\" title=\"ReadEnsemble de murs et de triangles su\u00e9dois 2en1 + add-ons\">&#8230; Read more &raquo;<\/a><\/p>\n","protected":false},"featured_media":11022,"comment_status":"closed","ping_status":"closed","template":"","meta":{"_acf_changed":false,"inline_featured_image":false,"footnotes":""},"product_brand":[],"product_cat":[1318,55],"product_tag":[1735,1734],"class_list":{"0":"post-2723","1":"product","2":"type-product","3":"status-publish","4":"has-post-thumbnail","6":"product_cat-categorie-de-jouets","7":"product_cat-toys-fr","8":"product_tag-triangle-de-pikler","9":"product_tag-triangle-pikler","10":"product_shipping_class-climbers-shipping-fr","12":"first","13":"instock","14":"purchasable","15":"product-type-woosb"},"bundled_by":[],"bundle_stock_status":"instock","bundle_stock_quantity":null,"bundle_virtual":false,"bundle_layout":"","bundle_add_to_cart_form_location":"","bundle_editable_in_cart":false,"bundle_sold_individually_context":"","bundle_item_grouping":"","bundle_min_size":"","bundle_max_size":"","bundle_price":[],"bundled_items":[],"bundle_sell_ids":[],"acf":[],"yoast_head":"<!-- This site is optimized with the Yoast SEO plugin v25.9 - https:\/\/yoast.com\/wordpress\/plugins\/seo\/ -->\n<title>Ensemble de murs et de triangles su\u00e9dois 2en1 + add-ons &#183; leg&amp;go<\/title>\n<meta name=\"description\" content=\"Encouragez le jeu actif avec le triangle leg&amp;go Pikler et le mur su\u00e9dois 2 en 1. Passez facilement d&#039;un mode \u00e0 l&#039;autre sans outil suppl\u00e9mentaire.\" \/>\n<meta name=\"robots\" content=\"index, follow, max-snippet:-1, max-image-preview:large, max-video-preview:-1\" \/>\n<link rel=\"canonical\" href=\"https:\/\/legandgo.com\/fr\/shop\/toys-fr\/ensemble-triangle-escalade-mur-suedois\/\" \/>\n<meta property=\"og:locale\" content=\"fr_FR\" \/>\n<meta property=\"og:type\" content=\"article\" \/>\n<meta property=\"og:title\" content=\"Ensemble de murs et de triangles su\u00e9dois 2en1 + add-ons &#183; leg&amp;go\" \/>\n<meta property=\"og:description\" content=\"Encouragez le jeu actif avec le triangle leg&amp;go Pikler et le mur su\u00e9dois 2 en 1. Passez facilement d&#039;un mode \u00e0 l&#039;autre sans outil suppl\u00e9mentaire.\" \/>\n<meta property=\"og:url\" content=\"https:\/\/legandgo.com\/fr\/shop\/toys-fr\/ensemble-triangle-escalade-mur-suedois\/\" \/>\n<meta property=\"og:site_name\" content=\"leg&amp;go\" \/>\n<meta property=\"article:publisher\" content=\"https:\/\/www.facebook.com\/legandgo\" \/>\n<meta property=\"article:modified_time\" content=\"2026-04-05T15:35:46+00:00\" \/>\n<meta property=\"og:image\" content=\"https:\/\/legandgo.com\/wp-content\/uploads\/2021\/05\/leggo-legandgo-climbing-triangle-wall-set.jpg\" \/>\n\t<meta property=\"og:image:width\" content=\"800\" \/>\n\t<meta property=\"og:image:height\" content=\"800\" \/>\n\t<meta property=\"og:image:type\" content=\"image\/jpeg\" \/>\n<meta name=\"twitter:card\" content=\"summary_large_image\" \/>\n<script type=\"application\/ld+json\" class=\"yoast-schema-graph\">{\"@context\":\"https:\/\/schema.org\",\"@graph\":[{\"@type\":\"WebPage\",\"@id\":\"https:\/\/legandgo.com\/fr\/shop\/toys-fr\/ensemble-triangle-escalade-mur-suedois\/\",\"url\":\"https:\/\/legandgo.com\/fr\/shop\/toys-fr\/ensemble-triangle-escalade-mur-suedois\/\",\"name\":\"Ensemble de murs et de triangles su\u00e9dois 2en1 + add-ons &#183; leg&amp;go\",\"isPartOf\":{\"@id\":\"https:\/\/legandgo.com\/fr\/#website\"},\"primaryImageOfPage\":{\"@id\":\"https:\/\/legandgo.com\/fr\/shop\/toys-fr\/ensemble-triangle-escalade-mur-suedois\/#primaryimage\"},\"image\":{\"@id\":\"https:\/\/legandgo.com\/fr\/shop\/toys-fr\/ensemble-triangle-escalade-mur-suedois\/#primaryimage\"},\"thumbnailUrl\":\"https:\/\/legandgo.com\/wp-content\/uploads\/2021\/05\/leggo-legandgo-climbing-triangle-wall-set.jpg\",\"datePublished\":\"2021-05-21T12:53:05+00:00\",\"dateModified\":\"2026-04-05T15:35:46+00:00\",\"description\":\"Encouragez le jeu actif avec le triangle leg&go Pikler et le mur su\u00e9dois 2 en 1. Passez facilement d'un mode \u00e0 l'autre sans outil suppl\u00e9mentaire.\",\"breadcrumb\":{\"@id\":\"https:\/\/legandgo.com\/fr\/shop\/toys-fr\/ensemble-triangle-escalade-mur-suedois\/#breadcrumb\"},\"inLanguage\":\"fr-FR\",\"potentialAction\":[{\"@type\":\"ReadAction\",\"target\":[\"https:\/\/legandgo.com\/fr\/shop\/toys-fr\/ensemble-triangle-escalade-mur-suedois\/\"]}]},{\"@type\":\"ImageObject\",\"inLanguage\":\"fr-FR\",\"@id\":\"https:\/\/legandgo.com\/fr\/shop\/toys-fr\/ensemble-triangle-escalade-mur-suedois\/#primaryimage\",\"url\":\"https:\/\/legandgo.com\/wp-content\/uploads\/2021\/05\/leggo-legandgo-climbing-triangle-wall-set.jpg\",\"contentUrl\":\"https:\/\/legandgo.com\/wp-content\/uploads\/2021\/05\/leggo-legandgo-climbing-triangle-wall-set.jpg\",\"width\":800,\"height\":800},{\"@type\":\"BreadcrumbList\",\"@id\":\"https:\/\/legandgo.com\/fr\/shop\/toys-fr\/ensemble-triangle-escalade-mur-suedois\/#breadcrumb\",\"itemListElement\":[{\"@type\":\"ListItem\",\"position\":1,\"name\":\"Home\",\"item\":\"https:\/\/legandgo.com\/fr\/\"},{\"@type\":\"ListItem\",\"position\":2,\"name\":\"Shop\",\"item\":\"https:\/\/legandgo.com\/fr\/shop\/\"},{\"@type\":\"ListItem\",\"position\":3,\"name\":\"Ensemble de murs et de triangles su\u00e9dois 2en1 + add-ons\"}]},{\"@type\":\"WebSite\",\"@id\":\"https:\/\/legandgo.com\/fr\/#website\",\"url\":\"https:\/\/legandgo.com\/fr\/\",\"name\":\"leg&amp;go\",\"description\":\"\",\"publisher\":{\"@id\":\"https:\/\/legandgo.com\/fr\/#organization\"},\"potentialAction\":[{\"@type\":\"SearchAction\",\"target\":{\"@type\":\"EntryPoint\",\"urlTemplate\":\"https:\/\/legandgo.com\/fr\/?s={search_term_string}\"},\"query-input\":{\"@type\":\"PropertyValueSpecification\",\"valueRequired\":true,\"valueName\":\"search_term_string\"}}],\"inLanguage\":\"fr-FR\"},{\"@type\":\"Organization\",\"@id\":\"https:\/\/legandgo.com\/fr\/#organization\",\"name\":\"leg&go bike\",\"url\":\"https:\/\/legandgo.com\/fr\/\",\"logo\":{\"@type\":\"ImageObject\",\"inLanguage\":\"fr-FR\",\"@id\":\"https:\/\/legandgo.com\/fr\/#\/schema\/logo\/image\/\",\"url\":\"https:\/\/legandgo.com\/wp-content\/uploads\/2021\/03\/logorf.png\",\"contentUrl\":\"https:\/\/legandgo.com\/wp-content\/uploads\/2021\/03\/logorf.png\",\"width\":675,\"height\":216,\"caption\":\"leg&go bike\"},\"image\":{\"@id\":\"https:\/\/legandgo.com\/fr\/#\/schema\/logo\/image\/\"},\"sameAs\":[\"https:\/\/www.facebook.com\/legandgo\",\"https:\/\/www.instagram.com\/legandgo\/\",\"https:\/\/www.linkedin.com\/company\/legandgo\/\",\"https:\/\/www.pinterest.com\/legandgo\/\",\"https:\/\/www.youtube.com\/channel\/UC_FBzWPmKWE0g7fcR4Xdfuw\/\"]}]}<\/script>\n<!-- \/ Yoast SEO plugin. -->","yoast_head_json":{"title":"Ensemble de murs et de triangles su\u00e9dois 2en1 + add-ons &#183; leg&amp;go","description":"Encouragez le jeu actif avec le triangle leg&go Pikler et le mur su\u00e9dois 2 en 1. Passez facilement d'un mode \u00e0 l'autre sans outil suppl\u00e9mentaire.","robots":{"index":"index","follow":"follow","max-snippet":"max-snippet:-1","max-image-preview":"max-image-preview:large","max-video-preview":"max-video-preview:-1"},"canonical":"https:\/\/legandgo.com\/fr\/shop\/toys-fr\/ensemble-triangle-escalade-mur-suedois\/","og_locale":"fr_FR","og_type":"article","og_title":"Ensemble de murs et de triangles su\u00e9dois 2en1 + add-ons &#183; leg&amp;go","og_description":"Encouragez le jeu actif avec le triangle leg&go Pikler et le mur su\u00e9dois 2 en 1. Passez facilement d'un mode \u00e0 l'autre sans outil suppl\u00e9mentaire.","og_url":"https:\/\/legandgo.com\/fr\/shop\/toys-fr\/ensemble-triangle-escalade-mur-suedois\/","og_site_name":"leg&amp;go","article_publisher":"https:\/\/www.facebook.com\/legandgo","article_modified_time":"2026-04-05T15:35:46+00:00","og_image":[{"width":800,"height":800,"url":"https:\/\/legandgo.com\/wp-content\/uploads\/2021\/05\/leggo-legandgo-climbing-triangle-wall-set.jpg","type":"image\/jpeg"}],"twitter_card":"summary_large_image","schema":{"@context":"https:\/\/schema.org","@graph":[{"@type":"WebPage","@id":"https:\/\/legandgo.com\/fr\/shop\/toys-fr\/ensemble-triangle-escalade-mur-suedois\/","url":"https:\/\/legandgo.com\/fr\/shop\/toys-fr\/ensemble-triangle-escalade-mur-suedois\/","name":"Ensemble de murs et de triangles su\u00e9dois 2en1 + add-ons &#183; leg&amp;go","isPartOf":{"@id":"https:\/\/legandgo.com\/fr\/#website"},"primaryImageOfPage":{"@id":"https:\/\/legandgo.com\/fr\/shop\/toys-fr\/ensemble-triangle-escalade-mur-suedois\/#primaryimage"},"image":{"@id":"https:\/\/legandgo.com\/fr\/shop\/toys-fr\/ensemble-triangle-escalade-mur-suedois\/#primaryimage"},"thumbnailUrl":"https:\/\/legandgo.com\/wp-content\/uploads\/2021\/05\/leggo-legandgo-climbing-triangle-wall-set.jpg","datePublished":"2021-05-21T12:53:05+00:00","dateModified":"2026-04-05T15:35:46+00:00","description":"Encouragez le jeu actif avec le triangle leg&go Pikler et le mur su\u00e9dois 2 en 1. Passez facilement d'un mode \u00e0 l'autre sans outil suppl\u00e9mentaire.","breadcrumb":{"@id":"https:\/\/legandgo.com\/fr\/shop\/toys-fr\/ensemble-triangle-escalade-mur-suedois\/#breadcrumb"},"inLanguage":"fr-FR","potentialAction":[{"@type":"ReadAction","target":["https:\/\/legandgo.com\/fr\/shop\/toys-fr\/ensemble-triangle-escalade-mur-suedois\/"]}]},{"@type":"ImageObject","inLanguage":"fr-FR","@id":"https:\/\/legandgo.com\/fr\/shop\/toys-fr\/ensemble-triangle-escalade-mur-suedois\/#primaryimage","url":"https:\/\/legandgo.com\/wp-content\/uploads\/2021\/05\/leggo-legandgo-climbing-triangle-wall-set.jpg","contentUrl":"https:\/\/legandgo.com\/wp-content\/uploads\/2021\/05\/leggo-legandgo-climbing-triangle-wall-set.jpg","width":800,"height":800},{"@type":"BreadcrumbList","@id":"https:\/\/legandgo.com\/fr\/shop\/toys-fr\/ensemble-triangle-escalade-mur-suedois\/#breadcrumb","itemListElement":[{"@type":"ListItem","position":1,"name":"Home","item":"https:\/\/legandgo.com\/fr\/"},{"@type":"ListItem","position":2,"name":"Shop","item":"https:\/\/legandgo.com\/fr\/shop\/"},{"@type":"ListItem","position":3,"name":"Ensemble de murs et de triangles su\u00e9dois 2en1 + add-ons"}]},{"@type":"WebSite","@id":"https:\/\/legandgo.com\/fr\/#website","url":"https:\/\/legandgo.com\/fr\/","name":"leg&amp;go","description":"","publisher":{"@id":"https:\/\/legandgo.com\/fr\/#organization"},"potentialAction":[{"@type":"SearchAction","target":{"@type":"EntryPoint","urlTemplate":"https:\/\/legandgo.com\/fr\/?s={search_term_string}"},"query-input":{"@type":"PropertyValueSpecification","valueRequired":true,"valueName":"search_term_string"}}],"inLanguage":"fr-FR"},{"@type":"Organization","@id":"https:\/\/legandgo.com\/fr\/#organization","name":"leg&go bike","url":"https:\/\/legandgo.com\/fr\/","logo":{"@type":"ImageObject","inLanguage":"fr-FR","@id":"https:\/\/legandgo.com\/fr\/#\/schema\/logo\/image\/","url":"https:\/\/legandgo.com\/wp-content\/uploads\/2021\/03\/logorf.png","contentUrl":"https:\/\/legandgo.com\/wp-content\/uploads\/2021\/03\/logorf.png","width":675,"height":216,"caption":"leg&go bike"},"image":{"@id":"https:\/\/legandgo.com\/fr\/#\/schema\/logo\/image\/"},"sameAs":["https:\/\/www.facebook.com\/legandgo","https:\/\/www.instagram.com\/legandgo\/","https:\/\/www.linkedin.com\/company\/legandgo\/","https:\/\/www.pinterest.com\/legandgo\/","https:\/\/www.youtube.com\/channel\/UC_FBzWPmKWE0g7fcR4Xdfuw\/"]}]}},"_links":{"self":[{"href":"https:\/\/legandgo.com\/fr\/wp-json\/wp\/v2\/product\/2723","targetHints":{"allow":["GET"]}}],"collection":[{"href":"https:\/\/legandgo.com\/fr\/wp-json\/wp\/v2\/product"}],"about":[{"href":"https:\/\/legandgo.com\/fr\/wp-json\/wp\/v2\/types\/product"}],"replies":[{"embeddable":true,"href":"https:\/\/legandgo.com\/fr\/wp-json\/wp\/v2\/comments?post=2723"}],"version-history":[{"count":39,"href":"https:\/\/legandgo.com\/fr\/wp-json\/wp\/v2\/product\/2723\/revisions"}],"predecessor-version":[{"id":63233,"href":"https:\/\/legandgo.com\/fr\/wp-json\/wp\/v2\/product\/2723\/revisions\/63233"}],"wp:featuredmedia":[{"embeddable":true,"href":"https:\/\/legandgo.com\/fr\/wp-json\/wp\/v2\/media\/11022"}],"wp:attachment":[{"href":"https:\/\/legandgo.com\/fr\/wp-json\/wp\/v2\/media?parent=2723"}],"wp:term":[{"taxonomy":"product_brand","embeddable":true,"href":"https:\/\/legandgo.com\/fr\/wp-json\/wp\/v2\/product_brand?post=2723"},{"taxonomy":"product_cat","embeddable":true,"href":"https:\/\/legandgo.com\/fr\/wp-json\/wp\/v2\/product_cat?post=2723"},{"taxonomy":"product_tag","embeddable":true,"href":"https:\/\/legandgo.com\/fr\/wp-json\/wp\/v2\/product_tag?post=2723"}],"curies":[{"name":"wp","href":"https:\/\/api.w.org\/{rel}","templated":true}]}}