{"id":2725,"date":"2021-03-12T16:18:11","date_gmt":"2021-03-12T14:18:11","guid":{"rendered":"https:\/\/legandgo.com\/product\/triangle-climber-set-copy\/"},"modified":"2026-03-19T09:12:03","modified_gmt":"2026-03-19T07:12:03","slug":"ensemble-triangle-descalade-pikler","status":"publish","type":"product","link":"https:\/\/legandgo.com\/fr\/shop\/toys-fr\/ensemble-triangle-descalade-pikler\/","title":{"rendered":"Ensemble Triangle d\u2019escalade Pikler"},"content":{"rendered":"<p style=\"font-weight: 400;\">Assembl\u00e9 avec soin pour favoriser l\u2019escalade, l\u2019\u00e9quilibre et le jeu ouvert, le Triangle Climber Set cr\u00e9e un environnement naturel o\u00f9 les enfants peuvent explorer leurs capacit\u00e9s physiques avec confiance.<\/p>\n<p style=\"font-weight: 400;\">Centr\u00e9 autour du Triangle de Pikler et compl\u00e9t\u00e9 par une rampe toboggan et une planche d\u2019\u00e9quilibre, cet ensemble polyvalent encourage la d\u00e9couverte autonome tout en s\u2019adaptant naturellement \u00e0 chaque \u00e9tape du d\u00e9veloppement.<\/p>\n<p style=\"font-weight: 400;\">Utilisez les \u00e9l\u00e9ments ensemble pour une exp\u00e9rience de mouvement plus riche, ou s\u00e9par\u00e9ment \u00e0 mesure que votre enfant grandit.<\/p>\n<p style=\"font-weight: 400;\"><strong>D\u00e9couvrez-en davantage ci-dessous.<\/strong><\/p>\n","protected":false},"excerpt":{"rendered":"<p>Assembl\u00e9 avec soin pour favoriser l\u2019escalade, l\u2019\u00e9quilibre et le jeu ouvert, le Triangle Climber Set cr\u00e9e un environnement naturel o\u00f9 les enfants peuvent explorer leurs capacit\u00e9s physiques avec confiance. Centr\u00e9 autour du Triangle de Pikler et compl\u00e9t\u00e9 par une rampe toboggan et une planche d\u2019\u00e9quilibre, cet ensemble polyvalent encourage la d\u00e9couverte autonome tout en s\u2019adaptant<a class=\"excerpt-read-more\" href=\"https:\/\/legandgo.com\/fr\/shop\/toys-fr\/ensemble-triangle-descalade-pikler\/\" title=\"ReadEnsemble Triangle d\u2019escalade Pikler\">&#8230; Read more &raquo;<\/a><\/p>\n","protected":false},"featured_media":11025,"comment_status":"closed","ping_status":"closed","template":"","meta":{"_acf_changed":false,"inline_featured_image":false,"footnotes":""},"product_brand":[],"product_cat":[1318,55],"product_tag":[1726,1718,1722,1714,1710,1735,1734],"class_list":{"0":"post-2725","1":"product","2":"type-product","3":"status-publish","4":"has-post-thumbnail","6":"product_cat-categorie-de-jouets","7":"product_cat-toys-fr","8":"product_tag-leg-go-2","9":"product_tag-leg-and-go","10":"product_tag-leg-go","11":"product_tag-leggo","12":"product_tag-legandgo","13":"product_tag-triangle-de-pikler","14":"product_tag-triangle-pikler","15":"product_shipping_class-climbers-shipping-fr","17":"first","18":"instock","19":"purchasable","20":"product-type-woosb"},"bundled_by":[],"bundle_stock_status":"instock","bundle_stock_quantity":null,"bundle_virtual":false,"bundle_layout":"","bundle_add_to_cart_form_location":"","bundle_editable_in_cart":false,"bundle_sold_individually_context":"","bundle_item_grouping":"","bundle_min_size":"","bundle_max_size":"","bundle_price":[],"bundled_items":[],"bundle_sell_ids":[],"acf":[],"yoast_head":"<!-- This site is optimized with the Yoast SEO plugin v25.9 - https:\/\/yoast.com\/wordpress\/plugins\/seo\/ -->\n<title>Ensemble Triangle d\u2019escalade Pikler &#183; leg&amp;go<\/title>\n<meta name=\"description\" content=\"Triangle d&#039;escalade en bois Leg&amp;go avec rampe \u00e0 deux c\u00f4t\u00e9s. Convient aux enfants de 2 \u00e0 5 ans.\" \/>\n<meta name=\"robots\" content=\"index, follow, max-snippet:-1, max-image-preview:large, max-video-preview:-1\" \/>\n<link rel=\"canonical\" href=\"https:\/\/legandgo.com\/fr\/shop\/toys-fr\/ensemble-triangle-descalade-pikler\/\" \/>\n<meta property=\"og:locale\" content=\"fr_FR\" \/>\n<meta property=\"og:type\" content=\"article\" \/>\n<meta property=\"og:title\" content=\"Ensemble Triangle d\u2019escalade Pikler &#183; leg&amp;go\" \/>\n<meta property=\"og:description\" content=\"Triangle d&#039;escalade en bois Leg&amp;go avec rampe \u00e0 deux c\u00f4t\u00e9s. Convient aux enfants de 2 \u00e0 5 ans.\" \/>\n<meta property=\"og:url\" content=\"https:\/\/legandgo.com\/fr\/shop\/toys-fr\/ensemble-triangle-descalade-pikler\/\" \/>\n<meta property=\"og:site_name\" content=\"leg&amp;go\" \/>\n<meta property=\"article:publisher\" content=\"https:\/\/www.facebook.com\/legandgo\" \/>\n<meta property=\"article:modified_time\" content=\"2026-03-19T07:12:03+00:00\" \/>\n<meta property=\"og:image\" content=\"https:\/\/legandgo.com\/wp-content\/uploads\/2021\/05\/leggo-legandgo-climbing-triangle-set.jpg\" \/>\n\t<meta property=\"og:image:width\" content=\"800\" \/>\n\t<meta property=\"og:image:height\" content=\"800\" \/>\n\t<meta property=\"og:image:type\" content=\"image\/jpeg\" \/>\n<meta name=\"twitter:card\" content=\"summary_large_image\" \/>\n<script type=\"application\/ld+json\" class=\"yoast-schema-graph\">{\"@context\":\"https:\/\/schema.org\",\"@graph\":[{\"@type\":\"WebPage\",\"@id\":\"https:\/\/legandgo.com\/fr\/shop\/toys-fr\/ensemble-triangle-descalade-pikler\/\",\"url\":\"https:\/\/legandgo.com\/fr\/shop\/toys-fr\/ensemble-triangle-descalade-pikler\/\",\"name\":\"Ensemble Triangle d\u2019escalade Pikler &#183; leg&amp;go\",\"isPartOf\":{\"@id\":\"https:\/\/legandgo.com\/fr\/#website\"},\"primaryImageOfPage\":{\"@id\":\"https:\/\/legandgo.com\/fr\/shop\/toys-fr\/ensemble-triangle-descalade-pikler\/#primaryimage\"},\"image\":{\"@id\":\"https:\/\/legandgo.com\/fr\/shop\/toys-fr\/ensemble-triangle-descalade-pikler\/#primaryimage\"},\"thumbnailUrl\":\"https:\/\/legandgo.com\/wp-content\/uploads\/2021\/05\/leggo-legandgo-climbing-triangle-set.jpg\",\"datePublished\":\"2021-03-12T14:18:11+00:00\",\"dateModified\":\"2026-03-19T07:12:03+00:00\",\"description\":\"Triangle d'escalade en bois Leg&go avec rampe \u00e0 deux c\u00f4t\u00e9s. Convient aux enfants de 2 \u00e0 5 ans.\",\"breadcrumb\":{\"@id\":\"https:\/\/legandgo.com\/fr\/shop\/toys-fr\/ensemble-triangle-descalade-pikler\/#breadcrumb\"},\"inLanguage\":\"fr-FR\",\"potentialAction\":[{\"@type\":\"ReadAction\",\"target\":[\"https:\/\/legandgo.com\/fr\/shop\/toys-fr\/ensemble-triangle-descalade-pikler\/\"]}]},{\"@type\":\"ImageObject\",\"inLanguage\":\"fr-FR\",\"@id\":\"https:\/\/legandgo.com\/fr\/shop\/toys-fr\/ensemble-triangle-descalade-pikler\/#primaryimage\",\"url\":\"https:\/\/legandgo.com\/wp-content\/uploads\/2021\/05\/leggo-legandgo-climbing-triangle-set.jpg\",\"contentUrl\":\"https:\/\/legandgo.com\/wp-content\/uploads\/2021\/05\/leggo-legandgo-climbing-triangle-set.jpg\",\"width\":800,\"height\":800},{\"@type\":\"BreadcrumbList\",\"@id\":\"https:\/\/legandgo.com\/fr\/shop\/toys-fr\/ensemble-triangle-descalade-pikler\/#breadcrumb\",\"itemListElement\":[{\"@type\":\"ListItem\",\"position\":1,\"name\":\"Home\",\"item\":\"https:\/\/legandgo.com\/fr\/\"},{\"@type\":\"ListItem\",\"position\":2,\"name\":\"Shop\",\"item\":\"https:\/\/legandgo.com\/fr\/shop\/\"},{\"@type\":\"ListItem\",\"position\":3,\"name\":\"Ensemble Triangle d\u2019escalade Pikler\"}]},{\"@type\":\"WebSite\",\"@id\":\"https:\/\/legandgo.com\/fr\/#website\",\"url\":\"https:\/\/legandgo.com\/fr\/\",\"name\":\"leg&amp;go\",\"description\":\"\",\"publisher\":{\"@id\":\"https:\/\/legandgo.com\/fr\/#organization\"},\"potentialAction\":[{\"@type\":\"SearchAction\",\"target\":{\"@type\":\"EntryPoint\",\"urlTemplate\":\"https:\/\/legandgo.com\/fr\/?s={search_term_string}\"},\"query-input\":{\"@type\":\"PropertyValueSpecification\",\"valueRequired\":true,\"valueName\":\"search_term_string\"}}],\"inLanguage\":\"fr-FR\"},{\"@type\":\"Organization\",\"@id\":\"https:\/\/legandgo.com\/fr\/#organization\",\"name\":\"leg&go bike\",\"url\":\"https:\/\/legandgo.com\/fr\/\",\"logo\":{\"@type\":\"ImageObject\",\"inLanguage\":\"fr-FR\",\"@id\":\"https:\/\/legandgo.com\/fr\/#\/schema\/logo\/image\/\",\"url\":\"https:\/\/legandgo.com\/wp-content\/uploads\/2021\/03\/logorf.png\",\"contentUrl\":\"https:\/\/legandgo.com\/wp-content\/uploads\/2021\/03\/logorf.png\",\"width\":675,\"height\":216,\"caption\":\"leg&go bike\"},\"image\":{\"@id\":\"https:\/\/legandgo.com\/fr\/#\/schema\/logo\/image\/\"},\"sameAs\":[\"https:\/\/www.facebook.com\/legandgo\",\"https:\/\/www.instagram.com\/legandgo\/\",\"https:\/\/www.linkedin.com\/company\/legandgo\/\",\"https:\/\/www.pinterest.com\/legandgo\/\",\"https:\/\/www.youtube.com\/channel\/UC_FBzWPmKWE0g7fcR4Xdfuw\/\"]}]}<\/script>\n<!-- \/ Yoast SEO plugin. -->","yoast_head_json":{"title":"Ensemble Triangle d\u2019escalade Pikler &#183; leg&amp;go","description":"Triangle d'escalade en bois Leg&go avec rampe \u00e0 deux c\u00f4t\u00e9s. Convient aux enfants de 2 \u00e0 5 ans.","robots":{"index":"index","follow":"follow","max-snippet":"max-snippet:-1","max-image-preview":"max-image-preview:large","max-video-preview":"max-video-preview:-1"},"canonical":"https:\/\/legandgo.com\/fr\/shop\/toys-fr\/ensemble-triangle-descalade-pikler\/","og_locale":"fr_FR","og_type":"article","og_title":"Ensemble Triangle d\u2019escalade Pikler &#183; leg&amp;go","og_description":"Triangle d'escalade en bois Leg&go avec rampe \u00e0 deux c\u00f4t\u00e9s. Convient aux enfants de 2 \u00e0 5 ans.","og_url":"https:\/\/legandgo.com\/fr\/shop\/toys-fr\/ensemble-triangle-descalade-pikler\/","og_site_name":"leg&amp;go","article_publisher":"https:\/\/www.facebook.com\/legandgo","article_modified_time":"2026-03-19T07:12:03+00:00","og_image":[{"width":800,"height":800,"url":"https:\/\/legandgo.com\/wp-content\/uploads\/2021\/05\/leggo-legandgo-climbing-triangle-set.jpg","type":"image\/jpeg"}],"twitter_card":"summary_large_image","schema":{"@context":"https:\/\/schema.org","@graph":[{"@type":"WebPage","@id":"https:\/\/legandgo.com\/fr\/shop\/toys-fr\/ensemble-triangle-descalade-pikler\/","url":"https:\/\/legandgo.com\/fr\/shop\/toys-fr\/ensemble-triangle-descalade-pikler\/","name":"Ensemble Triangle d\u2019escalade Pikler &#183; leg&amp;go","isPartOf":{"@id":"https:\/\/legandgo.com\/fr\/#website"},"primaryImageOfPage":{"@id":"https:\/\/legandgo.com\/fr\/shop\/toys-fr\/ensemble-triangle-descalade-pikler\/#primaryimage"},"image":{"@id":"https:\/\/legandgo.com\/fr\/shop\/toys-fr\/ensemble-triangle-descalade-pikler\/#primaryimage"},"thumbnailUrl":"https:\/\/legandgo.com\/wp-content\/uploads\/2021\/05\/leggo-legandgo-climbing-triangle-set.jpg","datePublished":"2021-03-12T14:18:11+00:00","dateModified":"2026-03-19T07:12:03+00:00","description":"Triangle d'escalade en bois Leg&go avec rampe \u00e0 deux c\u00f4t\u00e9s. Convient aux enfants de 2 \u00e0 5 ans.","breadcrumb":{"@id":"https:\/\/legandgo.com\/fr\/shop\/toys-fr\/ensemble-triangle-descalade-pikler\/#breadcrumb"},"inLanguage":"fr-FR","potentialAction":[{"@type":"ReadAction","target":["https:\/\/legandgo.com\/fr\/shop\/toys-fr\/ensemble-triangle-descalade-pikler\/"]}]},{"@type":"ImageObject","inLanguage":"fr-FR","@id":"https:\/\/legandgo.com\/fr\/shop\/toys-fr\/ensemble-triangle-descalade-pikler\/#primaryimage","url":"https:\/\/legandgo.com\/wp-content\/uploads\/2021\/05\/leggo-legandgo-climbing-triangle-set.jpg","contentUrl":"https:\/\/legandgo.com\/wp-content\/uploads\/2021\/05\/leggo-legandgo-climbing-triangle-set.jpg","width":800,"height":800},{"@type":"BreadcrumbList","@id":"https:\/\/legandgo.com\/fr\/shop\/toys-fr\/ensemble-triangle-descalade-pikler\/#breadcrumb","itemListElement":[{"@type":"ListItem","position":1,"name":"Home","item":"https:\/\/legandgo.com\/fr\/"},{"@type":"ListItem","position":2,"name":"Shop","item":"https:\/\/legandgo.com\/fr\/shop\/"},{"@type":"ListItem","position":3,"name":"Ensemble Triangle d\u2019escalade Pikler"}]},{"@type":"WebSite","@id":"https:\/\/legandgo.com\/fr\/#website","url":"https:\/\/legandgo.com\/fr\/","name":"leg&amp;go","description":"","publisher":{"@id":"https:\/\/legandgo.com\/fr\/#organization"},"potentialAction":[{"@type":"SearchAction","target":{"@type":"EntryPoint","urlTemplate":"https:\/\/legandgo.com\/fr\/?s={search_term_string}"},"query-input":{"@type":"PropertyValueSpecification","valueRequired":true,"valueName":"search_term_string"}}],"inLanguage":"fr-FR"},{"@type":"Organization","@id":"https:\/\/legandgo.com\/fr\/#organization","name":"leg&go bike","url":"https:\/\/legandgo.com\/fr\/","logo":{"@type":"ImageObject","inLanguage":"fr-FR","@id":"https:\/\/legandgo.com\/fr\/#\/schema\/logo\/image\/","url":"https:\/\/legandgo.com\/wp-content\/uploads\/2021\/03\/logorf.png","contentUrl":"https:\/\/legandgo.com\/wp-content\/uploads\/2021\/03\/logorf.png","width":675,"height":216,"caption":"leg&go bike"},"image":{"@id":"https:\/\/legandgo.com\/fr\/#\/schema\/logo\/image\/"},"sameAs":["https:\/\/www.facebook.com\/legandgo","https:\/\/www.instagram.com\/legandgo\/","https:\/\/www.linkedin.com\/company\/legandgo\/","https:\/\/www.pinterest.com\/legandgo\/","https:\/\/www.youtube.com\/channel\/UC_FBzWPmKWE0g7fcR4Xdfuw\/"]}]}},"_links":{"self":[{"href":"https:\/\/legandgo.com\/fr\/wp-json\/wp\/v2\/product\/2725","targetHints":{"allow":["GET"]}}],"collection":[{"href":"https:\/\/legandgo.com\/fr\/wp-json\/wp\/v2\/product"}],"about":[{"href":"https:\/\/legandgo.com\/fr\/wp-json\/wp\/v2\/types\/product"}],"replies":[{"embeddable":true,"href":"https:\/\/legandgo.com\/fr\/wp-json\/wp\/v2\/comments?post=2725"}],"version-history":[{"count":35,"href":"https:\/\/legandgo.com\/fr\/wp-json\/wp\/v2\/product\/2725\/revisions"}],"predecessor-version":[{"id":52339,"href":"https:\/\/legandgo.com\/fr\/wp-json\/wp\/v2\/product\/2725\/revisions\/52339"}],"wp:featuredmedia":[{"embeddable":true,"href":"https:\/\/legandgo.com\/fr\/wp-json\/wp\/v2\/media\/11025"}],"wp:attachment":[{"href":"https:\/\/legandgo.com\/fr\/wp-json\/wp\/v2\/media?parent=2725"}],"wp:term":[{"taxonomy":"product_brand","embeddable":true,"href":"https:\/\/legandgo.com\/fr\/wp-json\/wp\/v2\/product_brand?post=2725"},{"taxonomy":"product_cat","embeddable":true,"href":"https:\/\/legandgo.com\/fr\/wp-json\/wp\/v2\/product_cat?post=2725"},{"taxonomy":"product_tag","embeddable":true,"href":"https:\/\/legandgo.com\/fr\/wp-json\/wp\/v2\/product_tag?post=2725"}],"curies":[{"name":"wp","href":"https:\/\/api.w.org\/{rel}","templated":true}]}}