{"id":2727,"date":"2021-03-10T19:33:46","date_gmt":"2021-03-10T17:33:46","guid":{"rendered":"https:\/\/legandgo.com\/product\/triangle\/"},"modified":"2026-04-19T17:35:41","modified_gmt":"2026-04-19T15:35:41","slug":"triangle","status":"publish","type":"product","link":"https:\/\/legandgo.com\/fr\/shop\/toys-fr\/triangle\/","title":{"rendered":"Triangle de Pikler"},"content":{"rendered":"<p style=\"font-weight: 400;\">Con\u00e7u avec soin pour soutenir le mouvement naturel d\u00e8s l\u2019\u00e2ge de 6 mois, le Triangle de Pikler cr\u00e9e un espace s\u00e9curis\u00e9 o\u00f9 les enfants peuvent explorer, grimper et d\u00e9velopper leur confiance en toute autonomie.<\/p>\n<p style=\"font-weight: 400;\">Inspir\u00e9 par la philosophie de d\u00e9veloppement d\u2019Emmi Pikler, il encourage la d\u00e9couverte autonome et permet aux enfants de progresser \u00e0 leur propre rythme, en d\u00e9veloppant force, coordination et conscience corporelle par le mouvement.<\/p>\n<p style=\"font-weight: 400;\"><strong>D\u00e9couvrez-en plus ci-dessous.<\/strong><\/p>\n","protected":false},"excerpt":{"rendered":"<p>Con\u00e7u avec soin pour soutenir le mouvement naturel d\u00e8s l\u2019\u00e2ge de 6 mois, le Triangle de Pikler cr\u00e9e un espace s\u00e9curis\u00e9 o\u00f9 les enfants peuvent explorer, grimper et d\u00e9velopper leur confiance en toute autonomie. Inspir\u00e9 par la philosophie de d\u00e9veloppement d\u2019Emmi Pikler, il encourage la d\u00e9couverte autonome et permet aux enfants de progresser \u00e0 leur<a class=\"excerpt-read-more\" href=\"https:\/\/legandgo.com\/fr\/shop\/toys-fr\/triangle\/\" title=\"ReadTriangle de Pikler\">&#8230; Read more &raquo;<\/a><\/p>\n","protected":false},"featured_media":49336,"comment_status":"closed","ping_status":"closed","template":"","meta":{"_acf_changed":false,"inline_featured_image":false,"footnotes":""},"product_brand":[],"product_cat":[55],"product_tag":[1726,1718,1722,1714,1710,1735,1734],"class_list":{"0":"post-2727","1":"product","2":"type-product","3":"status-publish","4":"has-post-thumbnail","6":"product_cat-toys-fr","7":"product_tag-leg-go-2","8":"product_tag-leg-and-go","9":"product_tag-leg-go","10":"product_tag-leggo","11":"product_tag-legandgo","12":"product_tag-triangle-de-pikler","13":"product_tag-triangle-pikler","14":"pa_color-type-colorful-fr","15":"pa_color-type-natural-wood-fr","16":"pa_color-type-pastel-fr","18":"first","19":"outofstock","20":"sale","21":"purchasable","22":"product-type-variable","23":"has-default-attributes"},"bundled_by":["2725"],"bundle_stock_status":"outofstock","bundle_stock_quantity":null,"bundle_virtual":false,"bundle_layout":"","bundle_add_to_cart_form_location":"","bundle_editable_in_cart":false,"bundle_sold_individually_context":"","bundle_item_grouping":"","bundle_min_size":"","bundle_max_size":"","bundle_price":[],"bundled_items":[],"bundle_sell_ids":[],"acf":[],"yoast_head":"<!-- This site is optimized with the Yoast SEO plugin v25.9 - https:\/\/yoast.com\/wordpress\/plugins\/seo\/ -->\n<title>Triangle d\u2019escalade en bois pour enfants \u2013 jouet d\u2019escalade d\u2019int\u00e9rieur<\/title>\n<meta name=\"description\" content=\"Triangle d\u2019escalade en bois pour enfants qui favorise le jeu actif, l\u2019\u00e9quilibre et la motricit\u00e9. Jouet d\u2019escalade int\u00e9rieur s\u00fbr et robuste pour tout-petits et jeunes enfants.\" \/>\n<meta name=\"robots\" content=\"index, follow, max-snippet:-1, max-image-preview:large, max-video-preview:-1\" \/>\n<link rel=\"canonical\" href=\"https:\/\/legandgo.com\/fr\/shop\/toys-fr\/triangle\/\" \/>\n<meta property=\"og:locale\" content=\"fr_FR\" \/>\n<meta property=\"og:type\" content=\"article\" \/>\n<meta property=\"og:title\" content=\"Triangle d\u2019escalade en bois pour enfants \u2013 jouet d\u2019escalade d\u2019int\u00e9rieur\" \/>\n<meta property=\"og:description\" content=\"Triangle d\u2019escalade en bois pour enfants qui favorise le jeu actif, l\u2019\u00e9quilibre et la motricit\u00e9. Jouet d\u2019escalade int\u00e9rieur s\u00fbr et robuste pour tout-petits et jeunes enfants.\" \/>\n<meta property=\"og:url\" content=\"https:\/\/legandgo.com\/fr\/shop\/toys-fr\/triangle\/\" \/>\n<meta property=\"og:site_name\" content=\"leg&amp;go\" \/>\n<meta property=\"article:publisher\" content=\"https:\/\/www.facebook.com\/legandgo\" \/>\n<meta property=\"article:modified_time\" content=\"2026-04-19T15:35:41+00:00\" \/>\n<meta property=\"og:image\" content=\"https:\/\/legandgo.com\/wp-content\/uploads\/2021\/03\/leggo-legandgo-climbing-triangle-natural-white-background-7-1.jpg\" \/>\n\t<meta property=\"og:image:width\" content=\"2400\" \/>\n\t<meta property=\"og:image:height\" content=\"2400\" \/>\n\t<meta property=\"og:image:type\" content=\"image\/jpeg\" \/>\n<meta name=\"twitter:card\" content=\"summary_large_image\" \/>\n<script type=\"application\/ld+json\" class=\"yoast-schema-graph\">{\"@context\":\"https:\/\/schema.org\",\"@graph\":[{\"@type\":\"WebPage\",\"@id\":\"https:\/\/legandgo.com\/fr\/shop\/toys-fr\/triangle\/\",\"url\":\"https:\/\/legandgo.com\/fr\/shop\/toys-fr\/triangle\/\",\"name\":\"Triangle d\u2019escalade en bois pour enfants \u2013 jouet d\u2019escalade d\u2019int\u00e9rieur\",\"isPartOf\":{\"@id\":\"https:\/\/legandgo.com\/fr\/#website\"},\"primaryImageOfPage\":{\"@id\":\"https:\/\/legandgo.com\/fr\/shop\/toys-fr\/triangle\/#primaryimage\"},\"image\":{\"@id\":\"https:\/\/legandgo.com\/fr\/shop\/toys-fr\/triangle\/#primaryimage\"},\"thumbnailUrl\":\"https:\/\/legandgo.com\/wp-content\/uploads\/2021\/03\/leggo-legandgo-climbing-triangle-natural-white-background-7-1.jpg\",\"datePublished\":\"2021-03-10T17:33:46+00:00\",\"dateModified\":\"2026-04-19T15:35:41+00:00\",\"description\":\"Triangle d\u2019escalade en bois pour enfants qui favorise le jeu actif, l\u2019\u00e9quilibre et la motricit\u00e9. Jouet d\u2019escalade int\u00e9rieur s\u00fbr et robuste pour tout-petits et jeunes enfants.\",\"breadcrumb\":{\"@id\":\"https:\/\/legandgo.com\/fr\/shop\/toys-fr\/triangle\/#breadcrumb\"},\"inLanguage\":\"fr-FR\",\"potentialAction\":[{\"@type\":\"ReadAction\",\"target\":[\"https:\/\/legandgo.com\/fr\/shop\/toys-fr\/triangle\/\"]}]},{\"@type\":\"ImageObject\",\"inLanguage\":\"fr-FR\",\"@id\":\"https:\/\/legandgo.com\/fr\/shop\/toys-fr\/triangle\/#primaryimage\",\"url\":\"https:\/\/legandgo.com\/wp-content\/uploads\/2021\/03\/leggo-legandgo-climbing-triangle-natural-white-background-7-1.jpg\",\"contentUrl\":\"https:\/\/legandgo.com\/wp-content\/uploads\/2021\/03\/leggo-legandgo-climbing-triangle-natural-white-background-7-1.jpg\",\"width\":2400,\"height\":2400,\"caption\":\"Natural wood Pikler triangle climber for safe indoor climbing and active play\"},{\"@type\":\"BreadcrumbList\",\"@id\":\"https:\/\/legandgo.com\/fr\/shop\/toys-fr\/triangle\/#breadcrumb\",\"itemListElement\":[{\"@type\":\"ListItem\",\"position\":1,\"name\":\"Home\",\"item\":\"https:\/\/legandgo.com\/fr\/\"},{\"@type\":\"ListItem\",\"position\":2,\"name\":\"Shop\",\"item\":\"https:\/\/legandgo.com\/fr\/shop\/\"},{\"@type\":\"ListItem\",\"position\":3,\"name\":\"Triangle de Pikler\"}]},{\"@type\":\"WebSite\",\"@id\":\"https:\/\/legandgo.com\/fr\/#website\",\"url\":\"https:\/\/legandgo.com\/fr\/\",\"name\":\"leg&amp;go\",\"description\":\"\",\"publisher\":{\"@id\":\"https:\/\/legandgo.com\/fr\/#organization\"},\"potentialAction\":[{\"@type\":\"SearchAction\",\"target\":{\"@type\":\"EntryPoint\",\"urlTemplate\":\"https:\/\/legandgo.com\/fr\/?s={search_term_string}\"},\"query-input\":{\"@type\":\"PropertyValueSpecification\",\"valueRequired\":true,\"valueName\":\"search_term_string\"}}],\"inLanguage\":\"fr-FR\"},{\"@type\":\"Organization\",\"@id\":\"https:\/\/legandgo.com\/fr\/#organization\",\"name\":\"leg&go bike\",\"url\":\"https:\/\/legandgo.com\/fr\/\",\"logo\":{\"@type\":\"ImageObject\",\"inLanguage\":\"fr-FR\",\"@id\":\"https:\/\/legandgo.com\/fr\/#\/schema\/logo\/image\/\",\"url\":\"https:\/\/legandgo.com\/wp-content\/uploads\/2021\/03\/logorf.png\",\"contentUrl\":\"https:\/\/legandgo.com\/wp-content\/uploads\/2021\/03\/logorf.png\",\"width\":675,\"height\":216,\"caption\":\"leg&go bike\"},\"image\":{\"@id\":\"https:\/\/legandgo.com\/fr\/#\/schema\/logo\/image\/\"},\"sameAs\":[\"https:\/\/www.facebook.com\/legandgo\",\"https:\/\/www.instagram.com\/legandgo\/\",\"https:\/\/www.linkedin.com\/company\/legandgo\/\",\"https:\/\/www.pinterest.com\/legandgo\/\",\"https:\/\/www.youtube.com\/channel\/UC_FBzWPmKWE0g7fcR4Xdfuw\/\"]}]}<\/script>\n<!-- \/ Yoast SEO plugin. -->","yoast_head_json":{"title":"Triangle d\u2019escalade en bois pour enfants \u2013 jouet d\u2019escalade d\u2019int\u00e9rieur","description":"Triangle d\u2019escalade en bois pour enfants qui favorise le jeu actif, l\u2019\u00e9quilibre et la motricit\u00e9. Jouet d\u2019escalade int\u00e9rieur s\u00fbr et robuste pour tout-petits et jeunes enfants.","robots":{"index":"index","follow":"follow","max-snippet":"max-snippet:-1","max-image-preview":"max-image-preview:large","max-video-preview":"max-video-preview:-1"},"canonical":"https:\/\/legandgo.com\/fr\/shop\/toys-fr\/triangle\/","og_locale":"fr_FR","og_type":"article","og_title":"Triangle d\u2019escalade en bois pour enfants \u2013 jouet d\u2019escalade d\u2019int\u00e9rieur","og_description":"Triangle d\u2019escalade en bois pour enfants qui favorise le jeu actif, l\u2019\u00e9quilibre et la motricit\u00e9. Jouet d\u2019escalade int\u00e9rieur s\u00fbr et robuste pour tout-petits et jeunes enfants.","og_url":"https:\/\/legandgo.com\/fr\/shop\/toys-fr\/triangle\/","og_site_name":"leg&amp;go","article_publisher":"https:\/\/www.facebook.com\/legandgo","article_modified_time":"2026-04-19T15:35:41+00:00","og_image":[{"width":2400,"height":2400,"url":"https:\/\/legandgo.com\/wp-content\/uploads\/2021\/03\/leggo-legandgo-climbing-triangle-natural-white-background-7-1.jpg","type":"image\/jpeg"}],"twitter_card":"summary_large_image","schema":{"@context":"https:\/\/schema.org","@graph":[{"@type":"WebPage","@id":"https:\/\/legandgo.com\/fr\/shop\/toys-fr\/triangle\/","url":"https:\/\/legandgo.com\/fr\/shop\/toys-fr\/triangle\/","name":"Triangle d\u2019escalade en bois pour enfants \u2013 jouet d\u2019escalade d\u2019int\u00e9rieur","isPartOf":{"@id":"https:\/\/legandgo.com\/fr\/#website"},"primaryImageOfPage":{"@id":"https:\/\/legandgo.com\/fr\/shop\/toys-fr\/triangle\/#primaryimage"},"image":{"@id":"https:\/\/legandgo.com\/fr\/shop\/toys-fr\/triangle\/#primaryimage"},"thumbnailUrl":"https:\/\/legandgo.com\/wp-content\/uploads\/2021\/03\/leggo-legandgo-climbing-triangle-natural-white-background-7-1.jpg","datePublished":"2021-03-10T17:33:46+00:00","dateModified":"2026-04-19T15:35:41+00:00","description":"Triangle d\u2019escalade en bois pour enfants qui favorise le jeu actif, l\u2019\u00e9quilibre et la motricit\u00e9. Jouet d\u2019escalade int\u00e9rieur s\u00fbr et robuste pour tout-petits et jeunes enfants.","breadcrumb":{"@id":"https:\/\/legandgo.com\/fr\/shop\/toys-fr\/triangle\/#breadcrumb"},"inLanguage":"fr-FR","potentialAction":[{"@type":"ReadAction","target":["https:\/\/legandgo.com\/fr\/shop\/toys-fr\/triangle\/"]}]},{"@type":"ImageObject","inLanguage":"fr-FR","@id":"https:\/\/legandgo.com\/fr\/shop\/toys-fr\/triangle\/#primaryimage","url":"https:\/\/legandgo.com\/wp-content\/uploads\/2021\/03\/leggo-legandgo-climbing-triangle-natural-white-background-7-1.jpg","contentUrl":"https:\/\/legandgo.com\/wp-content\/uploads\/2021\/03\/leggo-legandgo-climbing-triangle-natural-white-background-7-1.jpg","width":2400,"height":2400,"caption":"Natural wood Pikler triangle climber for safe indoor climbing and active play"},{"@type":"BreadcrumbList","@id":"https:\/\/legandgo.com\/fr\/shop\/toys-fr\/triangle\/#breadcrumb","itemListElement":[{"@type":"ListItem","position":1,"name":"Home","item":"https:\/\/legandgo.com\/fr\/"},{"@type":"ListItem","position":2,"name":"Shop","item":"https:\/\/legandgo.com\/fr\/shop\/"},{"@type":"ListItem","position":3,"name":"Triangle de Pikler"}]},{"@type":"WebSite","@id":"https:\/\/legandgo.com\/fr\/#website","url":"https:\/\/legandgo.com\/fr\/","name":"leg&amp;go","description":"","publisher":{"@id":"https:\/\/legandgo.com\/fr\/#organization"},"potentialAction":[{"@type":"SearchAction","target":{"@type":"EntryPoint","urlTemplate":"https:\/\/legandgo.com\/fr\/?s={search_term_string}"},"query-input":{"@type":"PropertyValueSpecification","valueRequired":true,"valueName":"search_term_string"}}],"inLanguage":"fr-FR"},{"@type":"Organization","@id":"https:\/\/legandgo.com\/fr\/#organization","name":"leg&go bike","url":"https:\/\/legandgo.com\/fr\/","logo":{"@type":"ImageObject","inLanguage":"fr-FR","@id":"https:\/\/legandgo.com\/fr\/#\/schema\/logo\/image\/","url":"https:\/\/legandgo.com\/wp-content\/uploads\/2021\/03\/logorf.png","contentUrl":"https:\/\/legandgo.com\/wp-content\/uploads\/2021\/03\/logorf.png","width":675,"height":216,"caption":"leg&go bike"},"image":{"@id":"https:\/\/legandgo.com\/fr\/#\/schema\/logo\/image\/"},"sameAs":["https:\/\/www.facebook.com\/legandgo","https:\/\/www.instagram.com\/legandgo\/","https:\/\/www.linkedin.com\/company\/legandgo\/","https:\/\/www.pinterest.com\/legandgo\/","https:\/\/www.youtube.com\/channel\/UC_FBzWPmKWE0g7fcR4Xdfuw\/"]}]}},"_links":{"self":[{"href":"https:\/\/legandgo.com\/fr\/wp-json\/wp\/v2\/product\/2727","targetHints":{"allow":["GET"]}}],"collection":[{"href":"https:\/\/legandgo.com\/fr\/wp-json\/wp\/v2\/product"}],"about":[{"href":"https:\/\/legandgo.com\/fr\/wp-json\/wp\/v2\/types\/product"}],"replies":[{"embeddable":true,"href":"https:\/\/legandgo.com\/fr\/wp-json\/wp\/v2\/comments?post=2727"}],"version-history":[{"count":6,"href":"https:\/\/legandgo.com\/fr\/wp-json\/wp\/v2\/product\/2727\/revisions"}],"predecessor-version":[{"id":51857,"href":"https:\/\/legandgo.com\/fr\/wp-json\/wp\/v2\/product\/2727\/revisions\/51857"}],"wp:featuredmedia":[{"embeddable":true,"href":"https:\/\/legandgo.com\/fr\/wp-json\/wp\/v2\/media\/49336"}],"wp:attachment":[{"href":"https:\/\/legandgo.com\/fr\/wp-json\/wp\/v2\/media?parent=2727"}],"wp:term":[{"taxonomy":"product_brand","embeddable":true,"href":"https:\/\/legandgo.com\/fr\/wp-json\/wp\/v2\/product_brand?post=2727"},{"taxonomy":"product_cat","embeddable":true,"href":"https:\/\/legandgo.com\/fr\/wp-json\/wp\/v2\/product_cat?post=2727"},{"taxonomy":"product_tag","embeddable":true,"href":"https:\/\/legandgo.com\/fr\/wp-json\/wp\/v2\/product_tag?post=2727"}],"curies":[{"name":"wp","href":"https:\/\/api.w.org\/{rel}","templated":true}]}}