{"id":2731,"date":"2021-03-10T19:29:24","date_gmt":"2021-03-10T17:29:24","guid":{"rendered":"https:\/\/legandgo.com\/product\/ramp\/"},"modified":"2026-03-19T10:37:59","modified_gmt":"2026-03-19T08:37:59","slug":"rampe","status":"publish","type":"product","link":"https:\/\/legandgo.com\/fr\/shop\/toys-fr\/rampe\/","title":{"rendered":"Rampe d\u2019escalade &amp; Toboggan 2en1"},"content":{"rendered":"<p style=\"font-weight: 400;\">Un ajout simple qui ouvre de nouvelles fa\u00e7ons de grimper, glisser et explorer. Con\u00e7ue pour s\u2019associer parfaitement au Mur su\u00e9dois et Triangle d\u2019escalade, la rampe introduit un d\u00e9fi en douceur tout en soutenant l\u2019\u00e9quilibre, la coordination et un mouvement assur\u00e9.<\/p>\n<p style=\"font-weight: 400;\">Retournez-la pour transformer la rampe d\u2019escalade en un toboggan lisse, apportant de la vari\u00e9t\u00e9 au jeu quotidien sans ajouter de complexit\u00e9.<\/p>\n<p style=\"font-weight: 400;\">Veuillez noter: Le Mur su\u00e9dois et Triangle d\u2019escalade Set 2en1 n\u2019est pas inclus et doit \u00eatre achet\u00e9 s\u00e9par\u00e9ment.<\/p>\n<p><strong>Explorez ci-dessous.<\/strong><\/p>\n","protected":false},"excerpt":{"rendered":"<p>Un ajout simple qui ouvre de nouvelles fa\u00e7ons de grimper, glisser et explorer. Con\u00e7ue pour s\u2019associer parfaitement au Mur su\u00e9dois et Triangle d\u2019escalade, la rampe introduit un d\u00e9fi en douceur tout en soutenant l\u2019\u00e9quilibre, la coordination et un mouvement assur\u00e9. Retournez-la pour transformer la rampe d\u2019escalade en un toboggan lisse, apportant de la vari\u00e9t\u00e9 au<a class=\"excerpt-read-more\" href=\"https:\/\/legandgo.com\/fr\/shop\/toys-fr\/rampe\/\" title=\"ReadRampe d\u2019escalade &amp; Toboggan 2en1\">&#8230; Read more &raquo;<\/a><\/p>\n","protected":false},"featured_media":1709,"comment_status":"closed","ping_status":"closed","template":"","meta":{"_acf_changed":false,"inline_featured_image":false,"footnotes":""},"product_brand":[],"product_cat":[55],"product_tag":[1735,1734],"class_list":{"0":"post-2731","1":"product","2":"type-product","3":"status-publish","4":"has-post-thumbnail","6":"product_cat-toys-fr","7":"product_tag-triangle-de-pikler","8":"product_tag-triangle-pikler","9":"product_shipping_class-climbers-shipping-fr","10":"pa_color-type-white-mdf","11":"pa_color-type-colorful-fr","12":"pa_color-type-natural-wood-fr","13":"pa_color-type-pastel-fr","15":"first","16":"instock","17":"sale","18":"purchasable","19":"product-type-variable","20":"has-default-attributes"},"bundled_by":["2725","2723"],"bundle_stock_status":"instock","bundle_stock_quantity":null,"bundle_virtual":false,"bundle_layout":"","bundle_add_to_cart_form_location":"","bundle_editable_in_cart":false,"bundle_sold_individually_context":"","bundle_item_grouping":"","bundle_min_size":"","bundle_max_size":"","bundle_price":[],"bundled_items":[],"bundle_sell_ids":[],"acf":[],"yoast_head":"<!-- This site is optimized with the Yoast SEO plugin v25.9 - https:\/\/yoast.com\/wordpress\/plugins\/seo\/ -->\n<title>Rampe d\u2019escalade en bois pour triangle Pikler &amp; Mur su\u00e9dois<\/title>\n<meta name=\"description\" content=\"Rampe d\u2019escalade Montessori en bois pour triangle Pikler et mur su\u00e9dois. Favorise l\u2019\u00e9quilibre, le mouvement et le jeu actif en int\u00e9rieur pour enfants.\" \/>\n<meta name=\"robots\" content=\"index, follow, max-snippet:-1, max-image-preview:large, max-video-preview:-1\" \/>\n<link rel=\"canonical\" href=\"https:\/\/legandgo.com\/fr\/shop\/toys-fr\/rampe\/\" \/>\n<meta property=\"og:locale\" content=\"fr_FR\" \/>\n<meta property=\"og:type\" content=\"article\" \/>\n<meta property=\"og:title\" content=\"Rampe d\u2019escalade en bois pour triangle Pikler &amp; Mur su\u00e9dois\" \/>\n<meta property=\"og:description\" content=\"Rampe d\u2019escalade Montessori en bois pour triangle Pikler et mur su\u00e9dois. Favorise l\u2019\u00e9quilibre, le mouvement et le jeu actif en int\u00e9rieur pour enfants.\" \/>\n<meta property=\"og:url\" content=\"https:\/\/legandgo.com\/fr\/shop\/toys-fr\/rampe\/\" \/>\n<meta property=\"og:site_name\" content=\"leg&amp;go\" \/>\n<meta property=\"article:publisher\" content=\"https:\/\/www.facebook.com\/legandgo\" \/>\n<meta property=\"article:modified_time\" content=\"2026-03-19T08:37:59+00:00\" \/>\n<meta property=\"og:image\" content=\"https:\/\/legandgo.com\/wp-content\/uploads\/2021\/03\/slidkalninjs_1_720x720px.jpg\" \/>\n\t<meta property=\"og:image:width\" content=\"720\" \/>\n\t<meta property=\"og:image:height\" content=\"720\" \/>\n\t<meta property=\"og:image:type\" content=\"image\/jpeg\" \/>\n<meta name=\"twitter:card\" content=\"summary_large_image\" \/>\n<script type=\"application\/ld+json\" class=\"yoast-schema-graph\">{\"@context\":\"https:\/\/schema.org\",\"@graph\":[{\"@type\":\"WebPage\",\"@id\":\"https:\/\/legandgo.com\/fr\/shop\/toys-fr\/rampe\/\",\"url\":\"https:\/\/legandgo.com\/fr\/shop\/toys-fr\/rampe\/\",\"name\":\"Rampe d\u2019escalade en bois pour triangle Pikler & Mur su\u00e9dois\",\"isPartOf\":{\"@id\":\"https:\/\/legandgo.com\/fr\/#website\"},\"primaryImageOfPage\":{\"@id\":\"https:\/\/legandgo.com\/fr\/shop\/toys-fr\/rampe\/#primaryimage\"},\"image\":{\"@id\":\"https:\/\/legandgo.com\/fr\/shop\/toys-fr\/rampe\/#primaryimage\"},\"thumbnailUrl\":\"https:\/\/legandgo.com\/wp-content\/uploads\/2021\/03\/slidkalninjs_1_720x720px.jpg\",\"datePublished\":\"2021-03-10T17:29:24+00:00\",\"dateModified\":\"2026-03-19T08:37:59+00:00\",\"description\":\"Rampe d\u2019escalade Montessori en bois pour triangle Pikler et mur su\u00e9dois. Favorise l\u2019\u00e9quilibre, le mouvement et le jeu actif en int\u00e9rieur pour enfants.\",\"breadcrumb\":{\"@id\":\"https:\/\/legandgo.com\/fr\/shop\/toys-fr\/rampe\/#breadcrumb\"},\"inLanguage\":\"fr-FR\",\"potentialAction\":[{\"@type\":\"ReadAction\",\"target\":[\"https:\/\/legandgo.com\/fr\/shop\/toys-fr\/rampe\/\"]}]},{\"@type\":\"ImageObject\",\"inLanguage\":\"fr-FR\",\"@id\":\"https:\/\/legandgo.com\/fr\/shop\/toys-fr\/rampe\/#primaryimage\",\"url\":\"https:\/\/legandgo.com\/wp-content\/uploads\/2021\/03\/slidkalninjs_1_720x720px.jpg\",\"contentUrl\":\"https:\/\/legandgo.com\/wp-content\/uploads\/2021\/03\/slidkalninjs_1_720x720px.jpg\",\"width\":720,\"height\":720},{\"@type\":\"BreadcrumbList\",\"@id\":\"https:\/\/legandgo.com\/fr\/shop\/toys-fr\/rampe\/#breadcrumb\",\"itemListElement\":[{\"@type\":\"ListItem\",\"position\":1,\"name\":\"Home\",\"item\":\"https:\/\/legandgo.com\/fr\/\"},{\"@type\":\"ListItem\",\"position\":2,\"name\":\"Shop\",\"item\":\"https:\/\/legandgo.com\/fr\/shop\/\"},{\"@type\":\"ListItem\",\"position\":3,\"name\":\"Rampe d\u2019escalade &amp; Toboggan 2en1\"}]},{\"@type\":\"WebSite\",\"@id\":\"https:\/\/legandgo.com\/fr\/#website\",\"url\":\"https:\/\/legandgo.com\/fr\/\",\"name\":\"leg&amp;go\",\"description\":\"\",\"publisher\":{\"@id\":\"https:\/\/legandgo.com\/fr\/#organization\"},\"potentialAction\":[{\"@type\":\"SearchAction\",\"target\":{\"@type\":\"EntryPoint\",\"urlTemplate\":\"https:\/\/legandgo.com\/fr\/?s={search_term_string}\"},\"query-input\":{\"@type\":\"PropertyValueSpecification\",\"valueRequired\":true,\"valueName\":\"search_term_string\"}}],\"inLanguage\":\"fr-FR\"},{\"@type\":\"Organization\",\"@id\":\"https:\/\/legandgo.com\/fr\/#organization\",\"name\":\"leg&go bike\",\"url\":\"https:\/\/legandgo.com\/fr\/\",\"logo\":{\"@type\":\"ImageObject\",\"inLanguage\":\"fr-FR\",\"@id\":\"https:\/\/legandgo.com\/fr\/#\/schema\/logo\/image\/\",\"url\":\"https:\/\/legandgo.com\/wp-content\/uploads\/2021\/03\/logorf.png\",\"contentUrl\":\"https:\/\/legandgo.com\/wp-content\/uploads\/2021\/03\/logorf.png\",\"width\":675,\"height\":216,\"caption\":\"leg&go bike\"},\"image\":{\"@id\":\"https:\/\/legandgo.com\/fr\/#\/schema\/logo\/image\/\"},\"sameAs\":[\"https:\/\/www.facebook.com\/legandgo\",\"https:\/\/www.instagram.com\/legandgo\/\",\"https:\/\/www.linkedin.com\/company\/legandgo\/\",\"https:\/\/www.pinterest.com\/legandgo\/\",\"https:\/\/www.youtube.com\/channel\/UC_FBzWPmKWE0g7fcR4Xdfuw\/\"]}]}<\/script>\n<!-- \/ Yoast SEO plugin. -->","yoast_head_json":{"title":"Rampe d\u2019escalade en bois pour triangle Pikler & Mur su\u00e9dois","description":"Rampe d\u2019escalade Montessori en bois pour triangle Pikler et mur su\u00e9dois. Favorise l\u2019\u00e9quilibre, le mouvement et le jeu actif en int\u00e9rieur pour enfants.","robots":{"index":"index","follow":"follow","max-snippet":"max-snippet:-1","max-image-preview":"max-image-preview:large","max-video-preview":"max-video-preview:-1"},"canonical":"https:\/\/legandgo.com\/fr\/shop\/toys-fr\/rampe\/","og_locale":"fr_FR","og_type":"article","og_title":"Rampe d\u2019escalade en bois pour triangle Pikler & Mur su\u00e9dois","og_description":"Rampe d\u2019escalade Montessori en bois pour triangle Pikler et mur su\u00e9dois. Favorise l\u2019\u00e9quilibre, le mouvement et le jeu actif en int\u00e9rieur pour enfants.","og_url":"https:\/\/legandgo.com\/fr\/shop\/toys-fr\/rampe\/","og_site_name":"leg&amp;go","article_publisher":"https:\/\/www.facebook.com\/legandgo","article_modified_time":"2026-03-19T08:37:59+00:00","og_image":[{"width":720,"height":720,"url":"https:\/\/legandgo.com\/wp-content\/uploads\/2021\/03\/slidkalninjs_1_720x720px.jpg","type":"image\/jpeg"}],"twitter_card":"summary_large_image","schema":{"@context":"https:\/\/schema.org","@graph":[{"@type":"WebPage","@id":"https:\/\/legandgo.com\/fr\/shop\/toys-fr\/rampe\/","url":"https:\/\/legandgo.com\/fr\/shop\/toys-fr\/rampe\/","name":"Rampe d\u2019escalade en bois pour triangle Pikler & Mur su\u00e9dois","isPartOf":{"@id":"https:\/\/legandgo.com\/fr\/#website"},"primaryImageOfPage":{"@id":"https:\/\/legandgo.com\/fr\/shop\/toys-fr\/rampe\/#primaryimage"},"image":{"@id":"https:\/\/legandgo.com\/fr\/shop\/toys-fr\/rampe\/#primaryimage"},"thumbnailUrl":"https:\/\/legandgo.com\/wp-content\/uploads\/2021\/03\/slidkalninjs_1_720x720px.jpg","datePublished":"2021-03-10T17:29:24+00:00","dateModified":"2026-03-19T08:37:59+00:00","description":"Rampe d\u2019escalade Montessori en bois pour triangle Pikler et mur su\u00e9dois. Favorise l\u2019\u00e9quilibre, le mouvement et le jeu actif en int\u00e9rieur pour enfants.","breadcrumb":{"@id":"https:\/\/legandgo.com\/fr\/shop\/toys-fr\/rampe\/#breadcrumb"},"inLanguage":"fr-FR","potentialAction":[{"@type":"ReadAction","target":["https:\/\/legandgo.com\/fr\/shop\/toys-fr\/rampe\/"]}]},{"@type":"ImageObject","inLanguage":"fr-FR","@id":"https:\/\/legandgo.com\/fr\/shop\/toys-fr\/rampe\/#primaryimage","url":"https:\/\/legandgo.com\/wp-content\/uploads\/2021\/03\/slidkalninjs_1_720x720px.jpg","contentUrl":"https:\/\/legandgo.com\/wp-content\/uploads\/2021\/03\/slidkalninjs_1_720x720px.jpg","width":720,"height":720},{"@type":"BreadcrumbList","@id":"https:\/\/legandgo.com\/fr\/shop\/toys-fr\/rampe\/#breadcrumb","itemListElement":[{"@type":"ListItem","position":1,"name":"Home","item":"https:\/\/legandgo.com\/fr\/"},{"@type":"ListItem","position":2,"name":"Shop","item":"https:\/\/legandgo.com\/fr\/shop\/"},{"@type":"ListItem","position":3,"name":"Rampe d\u2019escalade &amp; Toboggan 2en1"}]},{"@type":"WebSite","@id":"https:\/\/legandgo.com\/fr\/#website","url":"https:\/\/legandgo.com\/fr\/","name":"leg&amp;go","description":"","publisher":{"@id":"https:\/\/legandgo.com\/fr\/#organization"},"potentialAction":[{"@type":"SearchAction","target":{"@type":"EntryPoint","urlTemplate":"https:\/\/legandgo.com\/fr\/?s={search_term_string}"},"query-input":{"@type":"PropertyValueSpecification","valueRequired":true,"valueName":"search_term_string"}}],"inLanguage":"fr-FR"},{"@type":"Organization","@id":"https:\/\/legandgo.com\/fr\/#organization","name":"leg&go bike","url":"https:\/\/legandgo.com\/fr\/","logo":{"@type":"ImageObject","inLanguage":"fr-FR","@id":"https:\/\/legandgo.com\/fr\/#\/schema\/logo\/image\/","url":"https:\/\/legandgo.com\/wp-content\/uploads\/2021\/03\/logorf.png","contentUrl":"https:\/\/legandgo.com\/wp-content\/uploads\/2021\/03\/logorf.png","width":675,"height":216,"caption":"leg&go bike"},"image":{"@id":"https:\/\/legandgo.com\/fr\/#\/schema\/logo\/image\/"},"sameAs":["https:\/\/www.facebook.com\/legandgo","https:\/\/www.instagram.com\/legandgo\/","https:\/\/www.linkedin.com\/company\/legandgo\/","https:\/\/www.pinterest.com\/legandgo\/","https:\/\/www.youtube.com\/channel\/UC_FBzWPmKWE0g7fcR4Xdfuw\/"]}]}},"_links":{"self":[{"href":"https:\/\/legandgo.com\/fr\/wp-json\/wp\/v2\/product\/2731","targetHints":{"allow":["GET"]}}],"collection":[{"href":"https:\/\/legandgo.com\/fr\/wp-json\/wp\/v2\/product"}],"about":[{"href":"https:\/\/legandgo.com\/fr\/wp-json\/wp\/v2\/types\/product"}],"replies":[{"embeddable":true,"href":"https:\/\/legandgo.com\/fr\/wp-json\/wp\/v2\/comments?post=2731"}],"version-history":[{"count":7,"href":"https:\/\/legandgo.com\/fr\/wp-json\/wp\/v2\/product\/2731\/revisions"}],"predecessor-version":[{"id":54280,"href":"https:\/\/legandgo.com\/fr\/wp-json\/wp\/v2\/product\/2731\/revisions\/54280"}],"wp:featuredmedia":[{"embeddable":true,"href":"https:\/\/legandgo.com\/fr\/wp-json\/wp\/v2\/media\/1709"}],"wp:attachment":[{"href":"https:\/\/legandgo.com\/fr\/wp-json\/wp\/v2\/media?parent=2731"}],"wp:term":[{"taxonomy":"product_brand","embeddable":true,"href":"https:\/\/legandgo.com\/fr\/wp-json\/wp\/v2\/product_brand?post=2731"},{"taxonomy":"product_cat","embeddable":true,"href":"https:\/\/legandgo.com\/fr\/wp-json\/wp\/v2\/product_cat?post=2731"},{"taxonomy":"product_tag","embeddable":true,"href":"https:\/\/legandgo.com\/fr\/wp-json\/wp\/v2\/product_tag?post=2731"}],"curies":[{"name":"wp","href":"https:\/\/api.w.org\/{rel}","templated":true}]}}