{"id":28308,"date":"2024-09-25T14:04:52","date_gmt":"2024-09-25T12:04:52","guid":{"rendered":"https:\/\/legandgo.com\/?post_type=product&#038;p=28308"},"modified":"2026-03-09T11:46:35","modified_gmt":"2026-03-09T09:46:35","slug":"exercise-balance-board","status":"publish","type":"product","link":"https:\/\/legandgo.com\/fr\/shop\/toys-fr\/exercise-balance-board\/","title":{"rendered":"Ensemble de planches d\u2019exercice"},"content":{"rendered":"<p style=\"font-weight: 400;\">Deux planches. Une exp\u00e9rience de mouvement compl\u00e8te.<\/p>\n<p style=\"font-weight: 400;\">Con\u00e7ues pour soutenir la force, la stabilit\u00e9 et un entra\u00eenement dynamique, nos planches d\u2019\u00e9quilibre d\u2019exercice invitent le mouvement dans la vie quotidienne.<\/p>\n<p style=\"font-weight: 400;\">Que vous d\u00e9veloppiez votre confiance ou exploriez un travail d\u2019\u00e9quilibre plus avanc\u00e9, chaque planche offre une exp\u00e9rience distincte tout en partageant le m\u00eame engagement envers un design r\u00e9fl\u00e9chi et une qualit\u00e9 durable.<\/p>\n<p style=\"font-weight: 400;\">Combinez les deux pour cr\u00e9er un environnement d\u2019entra\u00eenement plus polyvalent \u00e0 la maison.<\/p>\n<p style=\"font-weight: 400;\"><strong>D\u00e9couvrez-en plus ci-dessous.<\/strong><\/p>\n","protected":false},"excerpt":{"rendered":"<p>Deux planches. Une exp\u00e9rience de mouvement compl\u00e8te. Con\u00e7ues pour soutenir la force, la stabilit\u00e9 et un entra\u00eenement dynamique, nos planches d\u2019\u00e9quilibre d\u2019exercice invitent le mouvement dans la vie quotidienne. Que vous d\u00e9veloppiez votre confiance ou exploriez un travail d\u2019\u00e9quilibre plus avanc\u00e9, chaque planche offre une exp\u00e9rience distincte tout en partageant le m\u00eame engagement envers un<a class=\"excerpt-read-more\" href=\"https:\/\/legandgo.com\/fr\/shop\/toys-fr\/exercise-balance-board\/\" title=\"ReadEnsemble de planches d\u2019exercice\">&#8230; Read more &raquo;<\/a><\/p>\n","protected":false},"featured_media":52086,"comment_status":"closed","ping_status":"closed","template":"","meta":{"_acf_changed":false,"inline_featured_image":false,"footnotes":""},"product_brand":[],"product_cat":[55,539],"product_tag":[1392,1391,1401,1405,1410,1403,1397,1393,1402,1398,1399,1409,1649,540,1647,1646,1648,1400,1404,1407,1406,1396,1394,1395,1408],"class_list":{"0":"post-28308","1":"product","2":"type-product","3":"status-publish","4":"has-post-thumbnail","6":"product_cat-toys-fr","7":"product_cat-planche-dequilibre","8":"product_tag-a-balance-board","9":"product_tag-balance-board","10":"product_tag-balance-board-decathlon","11":"product_tag-balance-board-for-standing-desk","12":"product_tag-balance-wooden-board","13":"product_tag-balancing-board-decathlon","14":"product_tag-board-balance-surf","15":"product_tag-board-for-balance","16":"product_tag-board-roller","17":"product_tag-exercise-balance-board","18":"product_tag-exercise-wobble-board","19":"product_tag-fit-board","20":"product_tag-planche-d-equilibre","21":"product_tag-planche-dequilibre","22":"product_tag-planche-dequilibre-adulte","23":"product_tag-planche-equilibre","24":"product_tag-plateau-dequilibre","25":"product_tag-roller-board","26":"product_tag-roller-boarding","27":"product_tag-standing-balance-board-for-desk","28":"product_tag-standing-desk-wobble-board","29":"product_tag-surf-balance-board","30":"product_tag-wobble-board","31":"product_tag-wobble-board-balance-board","32":"product_tag-wooden-balance-board","33":"product_shipping_class-balance-board-w-roll_m","35":"first","36":"instock","37":"purchasable","38":"product-type-woosb"},"bundled_by":[],"bundle_stock_status":"instock","bundle_stock_quantity":null,"bundle_virtual":false,"bundle_layout":"","bundle_add_to_cart_form_location":"","bundle_editable_in_cart":false,"bundle_sold_individually_context":"","bundle_item_grouping":"","bundle_min_size":"","bundle_max_size":"","bundle_price":[],"bundled_items":[],"bundle_sell_ids":[],"acf":[],"yoast_head":"<!-- This site is optimized with the Yoast SEO plugin v25.9 - https:\/\/yoast.com\/wordpress\/plugins\/seo\/ -->\n<title>Ensemble de planches d\u2019exercice &#183; leg&amp;go<\/title>\n<meta name=\"description\" content=\"V\u00e9lo d\u2019\u00e9quilibre en bois avec un rouleau en li\u00e8ge. Parfait pour s\u2019entra\u00eener \u00e0 l\u2019\u00e9quilibre et faire de l\u2019exercice \u00e0 la maison. Id\u00e9al aussi bien pour les enfants que pour les adultes.\" \/>\n<meta name=\"robots\" content=\"index, follow, max-snippet:-1, max-image-preview:large, max-video-preview:-1\" \/>\n<link rel=\"canonical\" href=\"https:\/\/legandgo.com\/fr\/shop\/toys-fr\/exercise-balance-board\/\" \/>\n<meta property=\"og:locale\" content=\"fr_FR\" \/>\n<meta property=\"og:type\" content=\"article\" \/>\n<meta property=\"og:title\" content=\"Ensemble de planches d\u2019exercice &#183; leg&amp;go\" \/>\n<meta property=\"og:description\" content=\"V\u00e9lo d\u2019\u00e9quilibre en bois avec un rouleau en li\u00e8ge. Parfait pour s\u2019entra\u00eener \u00e0 l\u2019\u00e9quilibre et faire de l\u2019exercice \u00e0 la maison. Id\u00e9al aussi bien pour les enfants que pour les adultes.\" \/>\n<meta property=\"og:url\" content=\"https:\/\/legandgo.com\/fr\/shop\/toys-fr\/exercise-balance-board\/\" \/>\n<meta property=\"og:site_name\" content=\"leg&amp;go\" \/>\n<meta property=\"article:publisher\" content=\"https:\/\/www.facebook.com\/legandgo\" \/>\n<meta property=\"article:modified_time\" content=\"2026-03-09T09:46:35+00:00\" \/>\n<meta property=\"og:image\" content=\"https:\/\/legandgo.com\/wp-content\/uploads\/2024\/09\/exercise-board-set.png\" \/>\n\t<meta property=\"og:image:width\" content=\"2560\" \/>\n\t<meta property=\"og:image:height\" content=\"2560\" \/>\n\t<meta property=\"og:image:type\" content=\"image\/png\" \/>\n<meta name=\"twitter:card\" content=\"summary_large_image\" \/>\n<script type=\"application\/ld+json\" class=\"yoast-schema-graph\">{\"@context\":\"https:\/\/schema.org\",\"@graph\":[{\"@type\":\"WebPage\",\"@id\":\"https:\/\/legandgo.com\/fr\/shop\/toys-fr\/exercise-balance-board\/\",\"url\":\"https:\/\/legandgo.com\/fr\/shop\/toys-fr\/exercise-balance-board\/\",\"name\":\"Ensemble de planches d\u2019exercice &#183; leg&amp;go\",\"isPartOf\":{\"@id\":\"https:\/\/legandgo.com\/fr\/#website\"},\"primaryImageOfPage\":{\"@id\":\"https:\/\/legandgo.com\/fr\/shop\/toys-fr\/exercise-balance-board\/#primaryimage\"},\"image\":{\"@id\":\"https:\/\/legandgo.com\/fr\/shop\/toys-fr\/exercise-balance-board\/#primaryimage\"},\"thumbnailUrl\":\"https:\/\/legandgo.com\/wp-content\/uploads\/2024\/09\/exercise-board-set.png\",\"datePublished\":\"2024-09-25T12:04:52+00:00\",\"dateModified\":\"2026-03-09T09:46:35+00:00\",\"description\":\"V\u00e9lo d\u2019\u00e9quilibre en bois avec un rouleau en li\u00e8ge. Parfait pour s\u2019entra\u00eener \u00e0 l\u2019\u00e9quilibre et faire de l\u2019exercice \u00e0 la maison. Id\u00e9al aussi bien pour les enfants que pour les adultes.\",\"breadcrumb\":{\"@id\":\"https:\/\/legandgo.com\/fr\/shop\/toys-fr\/exercise-balance-board\/#breadcrumb\"},\"inLanguage\":\"fr-FR\",\"potentialAction\":[{\"@type\":\"ReadAction\",\"target\":[\"https:\/\/legandgo.com\/fr\/shop\/toys-fr\/exercise-balance-board\/\"]}]},{\"@type\":\"ImageObject\",\"inLanguage\":\"fr-FR\",\"@id\":\"https:\/\/legandgo.com\/fr\/shop\/toys-fr\/exercise-balance-board\/#primaryimage\",\"url\":\"https:\/\/legandgo.com\/wp-content\/uploads\/2024\/09\/exercise-board-set.png\",\"contentUrl\":\"https:\/\/legandgo.com\/wp-content\/uploads\/2024\/09\/exercise-board-set.png\",\"width\":2560,\"height\":2560},{\"@type\":\"BreadcrumbList\",\"@id\":\"https:\/\/legandgo.com\/fr\/shop\/toys-fr\/exercise-balance-board\/#breadcrumb\",\"itemListElement\":[{\"@type\":\"ListItem\",\"position\":1,\"name\":\"Home\",\"item\":\"https:\/\/legandgo.com\/fr\/\"},{\"@type\":\"ListItem\",\"position\":2,\"name\":\"Shop\",\"item\":\"https:\/\/legandgo.com\/fr\/shop\/\"},{\"@type\":\"ListItem\",\"position\":3,\"name\":\"Ensemble de planches d\u2019exercice\"}]},{\"@type\":\"WebSite\",\"@id\":\"https:\/\/legandgo.com\/fr\/#website\",\"url\":\"https:\/\/legandgo.com\/fr\/\",\"name\":\"leg&amp;go\",\"description\":\"\",\"publisher\":{\"@id\":\"https:\/\/legandgo.com\/fr\/#organization\"},\"potentialAction\":[{\"@type\":\"SearchAction\",\"target\":{\"@type\":\"EntryPoint\",\"urlTemplate\":\"https:\/\/legandgo.com\/fr\/?s={search_term_string}\"},\"query-input\":{\"@type\":\"PropertyValueSpecification\",\"valueRequired\":true,\"valueName\":\"search_term_string\"}}],\"inLanguage\":\"fr-FR\"},{\"@type\":\"Organization\",\"@id\":\"https:\/\/legandgo.com\/fr\/#organization\",\"name\":\"leg&go bike\",\"url\":\"https:\/\/legandgo.com\/fr\/\",\"logo\":{\"@type\":\"ImageObject\",\"inLanguage\":\"fr-FR\",\"@id\":\"https:\/\/legandgo.com\/fr\/#\/schema\/logo\/image\/\",\"url\":\"https:\/\/legandgo.com\/wp-content\/uploads\/2021\/03\/logorf.png\",\"contentUrl\":\"https:\/\/legandgo.com\/wp-content\/uploads\/2021\/03\/logorf.png\",\"width\":675,\"height\":216,\"caption\":\"leg&go bike\"},\"image\":{\"@id\":\"https:\/\/legandgo.com\/fr\/#\/schema\/logo\/image\/\"},\"sameAs\":[\"https:\/\/www.facebook.com\/legandgo\",\"https:\/\/www.instagram.com\/legandgo\/\",\"https:\/\/www.linkedin.com\/company\/legandgo\/\",\"https:\/\/www.pinterest.com\/legandgo\/\",\"https:\/\/www.youtube.com\/channel\/UC_FBzWPmKWE0g7fcR4Xdfuw\/\"]}]}<\/script>\n<!-- \/ Yoast SEO plugin. -->","yoast_head_json":{"title":"Ensemble de planches d\u2019exercice &#183; leg&amp;go","description":"V\u00e9lo d\u2019\u00e9quilibre en bois avec un rouleau en li\u00e8ge. Parfait pour s\u2019entra\u00eener \u00e0 l\u2019\u00e9quilibre et faire de l\u2019exercice \u00e0 la maison. Id\u00e9al aussi bien pour les enfants que pour les adultes.","robots":{"index":"index","follow":"follow","max-snippet":"max-snippet:-1","max-image-preview":"max-image-preview:large","max-video-preview":"max-video-preview:-1"},"canonical":"https:\/\/legandgo.com\/fr\/shop\/toys-fr\/exercise-balance-board\/","og_locale":"fr_FR","og_type":"article","og_title":"Ensemble de planches d\u2019exercice &#183; leg&amp;go","og_description":"V\u00e9lo d\u2019\u00e9quilibre en bois avec un rouleau en li\u00e8ge. Parfait pour s\u2019entra\u00eener \u00e0 l\u2019\u00e9quilibre et faire de l\u2019exercice \u00e0 la maison. Id\u00e9al aussi bien pour les enfants que pour les adultes.","og_url":"https:\/\/legandgo.com\/fr\/shop\/toys-fr\/exercise-balance-board\/","og_site_name":"leg&amp;go","article_publisher":"https:\/\/www.facebook.com\/legandgo","article_modified_time":"2026-03-09T09:46:35+00:00","og_image":[{"width":2560,"height":2560,"url":"https:\/\/legandgo.com\/wp-content\/uploads\/2024\/09\/exercise-board-set.png","type":"image\/png"}],"twitter_card":"summary_large_image","schema":{"@context":"https:\/\/schema.org","@graph":[{"@type":"WebPage","@id":"https:\/\/legandgo.com\/fr\/shop\/toys-fr\/exercise-balance-board\/","url":"https:\/\/legandgo.com\/fr\/shop\/toys-fr\/exercise-balance-board\/","name":"Ensemble de planches d\u2019exercice &#183; leg&amp;go","isPartOf":{"@id":"https:\/\/legandgo.com\/fr\/#website"},"primaryImageOfPage":{"@id":"https:\/\/legandgo.com\/fr\/shop\/toys-fr\/exercise-balance-board\/#primaryimage"},"image":{"@id":"https:\/\/legandgo.com\/fr\/shop\/toys-fr\/exercise-balance-board\/#primaryimage"},"thumbnailUrl":"https:\/\/legandgo.com\/wp-content\/uploads\/2024\/09\/exercise-board-set.png","datePublished":"2024-09-25T12:04:52+00:00","dateModified":"2026-03-09T09:46:35+00:00","description":"V\u00e9lo d\u2019\u00e9quilibre en bois avec un rouleau en li\u00e8ge. Parfait pour s\u2019entra\u00eener \u00e0 l\u2019\u00e9quilibre et faire de l\u2019exercice \u00e0 la maison. Id\u00e9al aussi bien pour les enfants que pour les adultes.","breadcrumb":{"@id":"https:\/\/legandgo.com\/fr\/shop\/toys-fr\/exercise-balance-board\/#breadcrumb"},"inLanguage":"fr-FR","potentialAction":[{"@type":"ReadAction","target":["https:\/\/legandgo.com\/fr\/shop\/toys-fr\/exercise-balance-board\/"]}]},{"@type":"ImageObject","inLanguage":"fr-FR","@id":"https:\/\/legandgo.com\/fr\/shop\/toys-fr\/exercise-balance-board\/#primaryimage","url":"https:\/\/legandgo.com\/wp-content\/uploads\/2024\/09\/exercise-board-set.png","contentUrl":"https:\/\/legandgo.com\/wp-content\/uploads\/2024\/09\/exercise-board-set.png","width":2560,"height":2560},{"@type":"BreadcrumbList","@id":"https:\/\/legandgo.com\/fr\/shop\/toys-fr\/exercise-balance-board\/#breadcrumb","itemListElement":[{"@type":"ListItem","position":1,"name":"Home","item":"https:\/\/legandgo.com\/fr\/"},{"@type":"ListItem","position":2,"name":"Shop","item":"https:\/\/legandgo.com\/fr\/shop\/"},{"@type":"ListItem","position":3,"name":"Ensemble de planches d\u2019exercice"}]},{"@type":"WebSite","@id":"https:\/\/legandgo.com\/fr\/#website","url":"https:\/\/legandgo.com\/fr\/","name":"leg&amp;go","description":"","publisher":{"@id":"https:\/\/legandgo.com\/fr\/#organization"},"potentialAction":[{"@type":"SearchAction","target":{"@type":"EntryPoint","urlTemplate":"https:\/\/legandgo.com\/fr\/?s={search_term_string}"},"query-input":{"@type":"PropertyValueSpecification","valueRequired":true,"valueName":"search_term_string"}}],"inLanguage":"fr-FR"},{"@type":"Organization","@id":"https:\/\/legandgo.com\/fr\/#organization","name":"leg&go bike","url":"https:\/\/legandgo.com\/fr\/","logo":{"@type":"ImageObject","inLanguage":"fr-FR","@id":"https:\/\/legandgo.com\/fr\/#\/schema\/logo\/image\/","url":"https:\/\/legandgo.com\/wp-content\/uploads\/2021\/03\/logorf.png","contentUrl":"https:\/\/legandgo.com\/wp-content\/uploads\/2021\/03\/logorf.png","width":675,"height":216,"caption":"leg&go bike"},"image":{"@id":"https:\/\/legandgo.com\/fr\/#\/schema\/logo\/image\/"},"sameAs":["https:\/\/www.facebook.com\/legandgo","https:\/\/www.instagram.com\/legandgo\/","https:\/\/www.linkedin.com\/company\/legandgo\/","https:\/\/www.pinterest.com\/legandgo\/","https:\/\/www.youtube.com\/channel\/UC_FBzWPmKWE0g7fcR4Xdfuw\/"]}]}},"_links":{"self":[{"href":"https:\/\/legandgo.com\/fr\/wp-json\/wp\/v2\/product\/28308","targetHints":{"allow":["GET"]}}],"collection":[{"href":"https:\/\/legandgo.com\/fr\/wp-json\/wp\/v2\/product"}],"about":[{"href":"https:\/\/legandgo.com\/fr\/wp-json\/wp\/v2\/types\/product"}],"replies":[{"embeddable":true,"href":"https:\/\/legandgo.com\/fr\/wp-json\/wp\/v2\/comments?post=28308"}],"version-history":[{"count":23,"href":"https:\/\/legandgo.com\/fr\/wp-json\/wp\/v2\/product\/28308\/revisions"}],"predecessor-version":[{"id":52109,"href":"https:\/\/legandgo.com\/fr\/wp-json\/wp\/v2\/product\/28308\/revisions\/52109"}],"wp:featuredmedia":[{"embeddable":true,"href":"https:\/\/legandgo.com\/fr\/wp-json\/wp\/v2\/media\/52086"}],"wp:attachment":[{"href":"https:\/\/legandgo.com\/fr\/wp-json\/wp\/v2\/media?parent=28308"}],"wp:term":[{"taxonomy":"product_brand","embeddable":true,"href":"https:\/\/legandgo.com\/fr\/wp-json\/wp\/v2\/product_brand?post=28308"},{"taxonomy":"product_cat","embeddable":true,"href":"https:\/\/legandgo.com\/fr\/wp-json\/wp\/v2\/product_cat?post=28308"},{"taxonomy":"product_tag","embeddable":true,"href":"https:\/\/legandgo.com\/fr\/wp-json\/wp\/v2\/product_tag?post=28308"}],"curies":[{"name":"wp","href":"https:\/\/api.w.org\/{rel}","templated":true}]}}