{"id":29691,"date":"2024-09-27T15:06:55","date_gmt":"2024-09-27T13:06:55","guid":{"rendered":"https:\/\/legandgo.com\/shop\/non%20class\u00e9\/assortiment-de-jeu-en-mousse-creativity\/"},"modified":"2026-03-19T09:47:05","modified_gmt":"2026-03-19T07:47:05","slug":"assortiment-de-jeu-en-mousse-creativity","status":"publish","type":"product","link":"https:\/\/legandgo.com\/fr\/shop\/blocs-mousse\/assortiment-de-jeu-en-mousse-creativity\/","title":{"rendered":"Assortiment de jeu en mousse &#8211; Creativity"},"content":{"rendered":"<p>Ce jeu en mousse offrira la toile de fond pour la cr\u00e9ativit\u00e9 de votre enfant. Avec ses diff\u00e9rentes formes et tailles, il offrira des possibilit\u00e9s infinies de jeu imaginatif, de construction et d\u2019exploration. Regardez votre enfant transformer ses id\u00e9es en cr\u00e9ations tangibles, en am\u00e9liorant activement ses comp\u00e9tences en mati\u00e8re de r\u00e9solution de probl\u00e8mes, de raisonnement spatial et d\u2019esprit critique. C\u2019est une fa\u00e7on amusante d\u2019apprendre tout en jouant.   <\/p>\n<p><strong>D\u00e9couvrez plus de fonctionnalit\u00e9s ci-dessous.<\/strong><\/p>\n","protected":false},"excerpt":{"rendered":"<p>Ce jeu en mousse offrira la toile de fond pour la cr\u00e9ativit\u00e9 de votre enfant. Avec ses diff\u00e9rentes formes et tailles, il offrira des possibilit\u00e9s infinies de jeu imaginatif, de construction et d\u2019exploration. Regardez votre enfant transformer ses id\u00e9es en cr\u00e9ations tangibles, en am\u00e9liorant activement ses comp\u00e9tences en mati\u00e8re de r\u00e9solution de probl\u00e8mes, de raisonnement<a class=\"excerpt-read-more\" href=\"https:\/\/legandgo.com\/fr\/shop\/blocs-mousse\/assortiment-de-jeu-en-mousse-creativity\/\" title=\"ReadAssortiment de jeu en mousse &#8211; Creativity\">&#8230; Read more &raquo;<\/a><\/p>\n","protected":false},"featured_media":29006,"comment_status":"closed","ping_status":"closed","template":"","meta":{"_acf_changed":false,"inline_featured_image":false,"footnotes":""},"product_brand":[],"product_cat":[1318,556],"product_tag":[595,589,593,591,594,590,588,587,592],"class_list":{"0":"post-29691","1":"product","2":"type-product","3":"status-publish","4":"has-post-thumbnail","6":"product_cat-categorie-de-jouets","7":"product_cat-blocs-mousse","8":"product_tag-bloc-construction-mousse-xxl","9":"product_tag-bloc-de-mousse-fr","10":"product_tag-bloc-de-mousse-bebe-fr","11":"product_tag-bloc-en-mousse-fr","12":"product_tag-bloc-mousse-motricite-fr","13":"product_tag-blocs-de-construction-en-mousse","14":"product_tag-blocs-mousse-fr","15":"product_tag-mousse-bloc-bebe","16":"product_tag-mousse-en-bloc-fr","17":"product_shipping_class-soft-blocks-fr","18":"pa_color-type-colorful-fr","19":"pa_color-type-lumiere-multicolore","20":"pa_color-type-pastel-fr","21":"pa_color-type-blanc","22":"pa_color-type-gris-blanc","24":"first","25":"instock","26":"sale","27":"purchasable","28":"product-type-variable","29":"has-default-attributes"},"bundled_by":[],"bundle_stock_status":"instock","bundle_stock_quantity":null,"bundle_virtual":false,"bundle_layout":"","bundle_add_to_cart_form_location":"","bundle_editable_in_cart":false,"bundle_sold_individually_context":"","bundle_item_grouping":"","bundle_min_size":"","bundle_max_size":"","bundle_price":[],"bundled_items":[],"bundle_sell_ids":[],"acf":[],"yoast_head":"<!-- This site is optimized with the Yoast SEO plugin v25.9 - https:\/\/yoast.com\/wordpress\/plugins\/seo\/ -->\n<title>Assortiment de jeu en mousse - Creativity &#183; leg&amp;go<\/title>\n<meta name=\"description\" content=\"Set de blocs mousse d\u2019escalade pour tout-petits, transformant \u043b\u044e\u0431\u043e\u0439 espace en aire de jeu pour enfants de 1 \u00e0 5 ans.\" \/>\n<meta name=\"robots\" content=\"index, follow, max-snippet:-1, max-image-preview:large, max-video-preview:-1\" \/>\n<link rel=\"canonical\" href=\"https:\/\/legandgo.com\/fr\/shop\/blocs-mousse\/assortiment-de-jeu-en-mousse-creativity\/\" \/>\n<meta property=\"og:locale\" content=\"fr_FR\" \/>\n<meta property=\"og:type\" content=\"article\" \/>\n<meta property=\"og:title\" content=\"Assortiment de jeu en mousse - Creativity &#183; leg&amp;go\" \/>\n<meta property=\"og:description\" content=\"Set de blocs mousse d\u2019escalade pour tout-petits, transformant \u043b\u044e\u0431\u043e\u0439 espace en aire de jeu pour enfants de 1 \u00e0 5 ans.\" \/>\n<meta property=\"og:url\" content=\"https:\/\/legandgo.com\/fr\/shop\/blocs-mousse\/assortiment-de-jeu-en-mousse-creativity\/\" \/>\n<meta property=\"og:site_name\" content=\"leg&amp;go\" \/>\n<meta property=\"article:publisher\" content=\"https:\/\/www.facebook.com\/legandgo\" \/>\n<meta property=\"article:modified_time\" content=\"2026-03-19T07:47:05+00:00\" \/>\n<meta property=\"og:image\" content=\"https:\/\/legandgo.com\/wp-content\/uploads\/2024\/09\/soft-blocks-play-creativity-pastel-icon.jpg\" \/>\n\t<meta property=\"og:image:width\" content=\"600\" \/>\n\t<meta property=\"og:image:height\" content=\"600\" \/>\n\t<meta property=\"og:image:type\" content=\"image\/jpeg\" \/>\n<meta name=\"twitter:card\" content=\"summary_large_image\" \/>\n<script type=\"application\/ld+json\" class=\"yoast-schema-graph\">{\"@context\":\"https:\/\/schema.org\",\"@graph\":[{\"@type\":\"WebPage\",\"@id\":\"https:\/\/legandgo.com\/fr\/shop\/blocs-mousse\/assortiment-de-jeu-en-mousse-creativity\/\",\"url\":\"https:\/\/legandgo.com\/fr\/shop\/blocs-mousse\/assortiment-de-jeu-en-mousse-creativity\/\",\"name\":\"Assortiment de jeu en mousse - Creativity &#183; leg&amp;go\",\"isPartOf\":{\"@id\":\"https:\/\/legandgo.com\/fr\/#website\"},\"primaryImageOfPage\":{\"@id\":\"https:\/\/legandgo.com\/fr\/shop\/blocs-mousse\/assortiment-de-jeu-en-mousse-creativity\/#primaryimage\"},\"image\":{\"@id\":\"https:\/\/legandgo.com\/fr\/shop\/blocs-mousse\/assortiment-de-jeu-en-mousse-creativity\/#primaryimage\"},\"thumbnailUrl\":\"https:\/\/legandgo.com\/wp-content\/uploads\/2024\/09\/soft-blocks-play-creativity-pastel-icon.jpg\",\"datePublished\":\"2024-09-27T13:06:55+00:00\",\"dateModified\":\"2026-03-19T07:47:05+00:00\",\"description\":\"Set de blocs mousse d\u2019escalade pour tout-petits, transformant \u043b\u044e\u0431\u043e\u0439 espace en aire de jeu pour enfants de 1 \u00e0 5 ans.\",\"breadcrumb\":{\"@id\":\"https:\/\/legandgo.com\/fr\/shop\/blocs-mousse\/assortiment-de-jeu-en-mousse-creativity\/#breadcrumb\"},\"inLanguage\":\"fr-FR\",\"potentialAction\":[{\"@type\":\"ReadAction\",\"target\":[\"https:\/\/legandgo.com\/fr\/shop\/blocs-mousse\/assortiment-de-jeu-en-mousse-creativity\/\"]}]},{\"@type\":\"ImageObject\",\"inLanguage\":\"fr-FR\",\"@id\":\"https:\/\/legandgo.com\/fr\/shop\/blocs-mousse\/assortiment-de-jeu-en-mousse-creativity\/#primaryimage\",\"url\":\"https:\/\/legandgo.com\/wp-content\/uploads\/2024\/09\/soft-blocks-play-creativity-pastel-icon.jpg\",\"contentUrl\":\"https:\/\/legandgo.com\/wp-content\/uploads\/2024\/09\/soft-blocks-play-creativity-pastel-icon.jpg\",\"width\":600,\"height\":600},{\"@type\":\"BreadcrumbList\",\"@id\":\"https:\/\/legandgo.com\/fr\/shop\/blocs-mousse\/assortiment-de-jeu-en-mousse-creativity\/#breadcrumb\",\"itemListElement\":[{\"@type\":\"ListItem\",\"position\":1,\"name\":\"Home\",\"item\":\"https:\/\/legandgo.com\/fr\/\"},{\"@type\":\"ListItem\",\"position\":2,\"name\":\"Shop\",\"item\":\"https:\/\/legandgo.com\/fr\/shop\/\"},{\"@type\":\"ListItem\",\"position\":3,\"name\":\"Assortiment de jeu en mousse &#8211; Creativity\"}]},{\"@type\":\"WebSite\",\"@id\":\"https:\/\/legandgo.com\/fr\/#website\",\"url\":\"https:\/\/legandgo.com\/fr\/\",\"name\":\"leg&amp;go\",\"description\":\"\",\"publisher\":{\"@id\":\"https:\/\/legandgo.com\/fr\/#organization\"},\"potentialAction\":[{\"@type\":\"SearchAction\",\"target\":{\"@type\":\"EntryPoint\",\"urlTemplate\":\"https:\/\/legandgo.com\/fr\/?s={search_term_string}\"},\"query-input\":{\"@type\":\"PropertyValueSpecification\",\"valueRequired\":true,\"valueName\":\"search_term_string\"}}],\"inLanguage\":\"fr-FR\"},{\"@type\":\"Organization\",\"@id\":\"https:\/\/legandgo.com\/fr\/#organization\",\"name\":\"leg&go bike\",\"url\":\"https:\/\/legandgo.com\/fr\/\",\"logo\":{\"@type\":\"ImageObject\",\"inLanguage\":\"fr-FR\",\"@id\":\"https:\/\/legandgo.com\/fr\/#\/schema\/logo\/image\/\",\"url\":\"https:\/\/legandgo.com\/wp-content\/uploads\/2021\/03\/logorf.png\",\"contentUrl\":\"https:\/\/legandgo.com\/wp-content\/uploads\/2021\/03\/logorf.png\",\"width\":675,\"height\":216,\"caption\":\"leg&go bike\"},\"image\":{\"@id\":\"https:\/\/legandgo.com\/fr\/#\/schema\/logo\/image\/\"},\"sameAs\":[\"https:\/\/www.facebook.com\/legandgo\",\"https:\/\/www.instagram.com\/legandgo\/\",\"https:\/\/www.linkedin.com\/company\/legandgo\/\",\"https:\/\/www.pinterest.com\/legandgo\/\",\"https:\/\/www.youtube.com\/channel\/UC_FBzWPmKWE0g7fcR4Xdfuw\/\"]}]}<\/script>\n<!-- \/ Yoast SEO plugin. -->","yoast_head_json":{"title":"Assortiment de jeu en mousse - Creativity &#183; leg&amp;go","description":"Set de blocs mousse d\u2019escalade pour tout-petits, transformant \u043b\u044e\u0431\u043e\u0439 espace en aire de jeu pour enfants de 1 \u00e0 5 ans.","robots":{"index":"index","follow":"follow","max-snippet":"max-snippet:-1","max-image-preview":"max-image-preview:large","max-video-preview":"max-video-preview:-1"},"canonical":"https:\/\/legandgo.com\/fr\/shop\/blocs-mousse\/assortiment-de-jeu-en-mousse-creativity\/","og_locale":"fr_FR","og_type":"article","og_title":"Assortiment de jeu en mousse - Creativity &#183; leg&amp;go","og_description":"Set de blocs mousse d\u2019escalade pour tout-petits, transformant \u043b\u044e\u0431\u043e\u0439 espace en aire de jeu pour enfants de 1 \u00e0 5 ans.","og_url":"https:\/\/legandgo.com\/fr\/shop\/blocs-mousse\/assortiment-de-jeu-en-mousse-creativity\/","og_site_name":"leg&amp;go","article_publisher":"https:\/\/www.facebook.com\/legandgo","article_modified_time":"2026-03-19T07:47:05+00:00","og_image":[{"width":600,"height":600,"url":"https:\/\/legandgo.com\/wp-content\/uploads\/2024\/09\/soft-blocks-play-creativity-pastel-icon.jpg","type":"image\/jpeg"}],"twitter_card":"summary_large_image","schema":{"@context":"https:\/\/schema.org","@graph":[{"@type":"WebPage","@id":"https:\/\/legandgo.com\/fr\/shop\/blocs-mousse\/assortiment-de-jeu-en-mousse-creativity\/","url":"https:\/\/legandgo.com\/fr\/shop\/blocs-mousse\/assortiment-de-jeu-en-mousse-creativity\/","name":"Assortiment de jeu en mousse - Creativity &#183; leg&amp;go","isPartOf":{"@id":"https:\/\/legandgo.com\/fr\/#website"},"primaryImageOfPage":{"@id":"https:\/\/legandgo.com\/fr\/shop\/blocs-mousse\/assortiment-de-jeu-en-mousse-creativity\/#primaryimage"},"image":{"@id":"https:\/\/legandgo.com\/fr\/shop\/blocs-mousse\/assortiment-de-jeu-en-mousse-creativity\/#primaryimage"},"thumbnailUrl":"https:\/\/legandgo.com\/wp-content\/uploads\/2024\/09\/soft-blocks-play-creativity-pastel-icon.jpg","datePublished":"2024-09-27T13:06:55+00:00","dateModified":"2026-03-19T07:47:05+00:00","description":"Set de blocs mousse d\u2019escalade pour tout-petits, transformant \u043b\u044e\u0431\u043e\u0439 espace en aire de jeu pour enfants de 1 \u00e0 5 ans.","breadcrumb":{"@id":"https:\/\/legandgo.com\/fr\/shop\/blocs-mousse\/assortiment-de-jeu-en-mousse-creativity\/#breadcrumb"},"inLanguage":"fr-FR","potentialAction":[{"@type":"ReadAction","target":["https:\/\/legandgo.com\/fr\/shop\/blocs-mousse\/assortiment-de-jeu-en-mousse-creativity\/"]}]},{"@type":"ImageObject","inLanguage":"fr-FR","@id":"https:\/\/legandgo.com\/fr\/shop\/blocs-mousse\/assortiment-de-jeu-en-mousse-creativity\/#primaryimage","url":"https:\/\/legandgo.com\/wp-content\/uploads\/2024\/09\/soft-blocks-play-creativity-pastel-icon.jpg","contentUrl":"https:\/\/legandgo.com\/wp-content\/uploads\/2024\/09\/soft-blocks-play-creativity-pastel-icon.jpg","width":600,"height":600},{"@type":"BreadcrumbList","@id":"https:\/\/legandgo.com\/fr\/shop\/blocs-mousse\/assortiment-de-jeu-en-mousse-creativity\/#breadcrumb","itemListElement":[{"@type":"ListItem","position":1,"name":"Home","item":"https:\/\/legandgo.com\/fr\/"},{"@type":"ListItem","position":2,"name":"Shop","item":"https:\/\/legandgo.com\/fr\/shop\/"},{"@type":"ListItem","position":3,"name":"Assortiment de jeu en mousse &#8211; Creativity"}]},{"@type":"WebSite","@id":"https:\/\/legandgo.com\/fr\/#website","url":"https:\/\/legandgo.com\/fr\/","name":"leg&amp;go","description":"","publisher":{"@id":"https:\/\/legandgo.com\/fr\/#organization"},"potentialAction":[{"@type":"SearchAction","target":{"@type":"EntryPoint","urlTemplate":"https:\/\/legandgo.com\/fr\/?s={search_term_string}"},"query-input":{"@type":"PropertyValueSpecification","valueRequired":true,"valueName":"search_term_string"}}],"inLanguage":"fr-FR"},{"@type":"Organization","@id":"https:\/\/legandgo.com\/fr\/#organization","name":"leg&go bike","url":"https:\/\/legandgo.com\/fr\/","logo":{"@type":"ImageObject","inLanguage":"fr-FR","@id":"https:\/\/legandgo.com\/fr\/#\/schema\/logo\/image\/","url":"https:\/\/legandgo.com\/wp-content\/uploads\/2021\/03\/logorf.png","contentUrl":"https:\/\/legandgo.com\/wp-content\/uploads\/2021\/03\/logorf.png","width":675,"height":216,"caption":"leg&go bike"},"image":{"@id":"https:\/\/legandgo.com\/fr\/#\/schema\/logo\/image\/"},"sameAs":["https:\/\/www.facebook.com\/legandgo","https:\/\/www.instagram.com\/legandgo\/","https:\/\/www.linkedin.com\/company\/legandgo\/","https:\/\/www.pinterest.com\/legandgo\/","https:\/\/www.youtube.com\/channel\/UC_FBzWPmKWE0g7fcR4Xdfuw\/"]}]}},"_links":{"self":[{"href":"https:\/\/legandgo.com\/fr\/wp-json\/wp\/v2\/product\/29691","targetHints":{"allow":["GET"]}}],"collection":[{"href":"https:\/\/legandgo.com\/fr\/wp-json\/wp\/v2\/product"}],"about":[{"href":"https:\/\/legandgo.com\/fr\/wp-json\/wp\/v2\/types\/product"}],"replies":[{"embeddable":true,"href":"https:\/\/legandgo.com\/fr\/wp-json\/wp\/v2\/comments?post=29691"}],"version-history":[{"count":26,"href":"https:\/\/legandgo.com\/fr\/wp-json\/wp\/v2\/product\/29691\/revisions"}],"predecessor-version":[{"id":54413,"href":"https:\/\/legandgo.com\/fr\/wp-json\/wp\/v2\/product\/29691\/revisions\/54413"}],"wp:featuredmedia":[{"embeddable":true,"href":"https:\/\/legandgo.com\/fr\/wp-json\/wp\/v2\/media\/29006"}],"wp:attachment":[{"href":"https:\/\/legandgo.com\/fr\/wp-json\/wp\/v2\/media?parent=29691"}],"wp:term":[{"taxonomy":"product_brand","embeddable":true,"href":"https:\/\/legandgo.com\/fr\/wp-json\/wp\/v2\/product_brand?post=29691"},{"taxonomy":"product_cat","embeddable":true,"href":"https:\/\/legandgo.com\/fr\/wp-json\/wp\/v2\/product_cat?post=29691"},{"taxonomy":"product_tag","embeddable":true,"href":"https:\/\/legandgo.com\/fr\/wp-json\/wp\/v2\/product_tag?post=29691"}],"curies":[{"name":"wp","href":"https:\/\/api.w.org\/{rel}","templated":true}]}}