{"id":29742,"date":"2024-09-27T14:20:27","date_gmt":"2024-09-27T12:20:27","guid":{"rendered":"https:\/\/legandgo.com\/shop\/non%20class\u00e9\/assortiment-de-jeu-en-mousse-corner-climber\/"},"modified":"2026-02-12T13:29:13","modified_gmt":"2026-02-12T11:29:13","slug":"assortiment-de-jeu-en-mousse-corner-climber","status":"publish","type":"product","link":"https:\/\/legandgo.com\/fr\/shop\/blocs-mousse\/assortiment-de-jeu-en-mousse-corner-climber\/","title":{"rendered":"Assortiment de jeu en mousse &#8211; Corner Climber"},"content":{"rendered":"<p>Notre ensemble Corner Climber est con\u00e7u pour favoriser la motricit\u00e9 globale, l\u2019\u00e9quilibre, la coordination et le d\u00e9veloppement de la force au fur et \u00e0 mesure que votre enfant explore ce terrain de jeu moelleux. Con\u00e7u pour r\u00e9sister \u00e0 des jeux dynamiques, le jeu Corner Climber est durable et con\u00e7u pour offrir des heures d\u2019exploration et de divertissement actif. <\/p>\n<p><strong>D\u00e9couvrez plus de fonctionnalit\u00e9s ci-dessous.<\/strong><\/p>\n","protected":false},"excerpt":{"rendered":"<p>Notre ensemble Corner Climber est con\u00e7u pour favoriser la motricit\u00e9 globale, l\u2019\u00e9quilibre, la coordination et le d\u00e9veloppement de la force au fur et \u00e0 mesure que votre enfant explore ce terrain de jeu moelleux. Con\u00e7u pour r\u00e9sister \u00e0 des jeux dynamiques, le jeu Corner Climber est durable et con\u00e7u pour offrir des heures d\u2019exploration et<a class=\"excerpt-read-more\" href=\"https:\/\/legandgo.com\/fr\/shop\/blocs-mousse\/assortiment-de-jeu-en-mousse-corner-climber\/\" title=\"ReadAssortiment de jeu en mousse &#8211; Corner Climber\">&#8230; Read more &raquo;<\/a><\/p>\n","protected":false},"featured_media":51476,"comment_status":"closed","ping_status":"closed","template":"","meta":{"_acf_changed":false,"inline_featured_image":false,"footnotes":""},"product_brand":[],"product_cat":[1318,556],"product_tag":[595,589,593,591,594,590,588,587,592],"class_list":{"0":"post-29742","1":"product","2":"type-product","3":"status-publish","4":"has-post-thumbnail","6":"product_cat-categorie-de-jouets","7":"product_cat-blocs-mousse","8":"product_tag-bloc-construction-mousse-xxl","9":"product_tag-bloc-de-mousse-fr","10":"product_tag-bloc-de-mousse-bebe-fr","11":"product_tag-bloc-en-mousse-fr","12":"product_tag-bloc-mousse-motricite-fr","13":"product_tag-blocs-de-construction-en-mousse","14":"product_tag-blocs-mousse-fr","15":"product_tag-mousse-bloc-bebe","16":"product_tag-mousse-en-bloc-fr","17":"product_shipping_class-soft-blocks-fr","18":"pa_color-type-beige-rose","19":"pa_color-type-beige-turquoise-fr","20":"pa_color-type-colorful-fr","21":"pa_color-type-pastel-fr","22":"pa_color-type-blanc","24":"first","25":"instock","26":"sale","27":"purchasable","28":"product-type-variable"},"bundled_by":[],"bundle_stock_status":"instock","bundle_stock_quantity":null,"bundle_virtual":false,"bundle_layout":"","bundle_add_to_cart_form_location":"","bundle_editable_in_cart":false,"bundle_sold_individually_context":"","bundle_item_grouping":"","bundle_min_size":"","bundle_max_size":"","bundle_price":[],"bundled_items":[],"bundle_sell_ids":[],"acf":[],"yoast_head":"<!-- This site is optimized with the Yoast SEO plugin v25.9 - https:\/\/yoast.com\/wordpress\/plugins\/seo\/ -->\n<title>Assortiment de jeu en mousse - Corner Climber &#183; leg&amp;go<\/title>\n<meta name=\"description\" content=\"Set de blocs mousse d\u2019escalade pour tout-petits, transformant \u043b\u044e\u0431\u043e\u0439 espace en aire de jeu pour enfants de 1 \u00e0 5 ans.\" \/>\n<meta name=\"robots\" content=\"index, follow, max-snippet:-1, max-image-preview:large, max-video-preview:-1\" \/>\n<link rel=\"canonical\" href=\"https:\/\/legandgo.com\/fr\/shop\/blocs-mousse\/assortiment-de-jeu-en-mousse-corner-climber\/\" \/>\n<meta property=\"og:locale\" content=\"fr_FR\" \/>\n<meta property=\"og:type\" content=\"article\" \/>\n<meta property=\"og:title\" content=\"Assortiment de jeu en mousse - Corner Climber &#183; leg&amp;go\" \/>\n<meta property=\"og:description\" content=\"Set de blocs mousse d\u2019escalade pour tout-petits, transformant \u043b\u044e\u0431\u043e\u0439 espace en aire de jeu pour enfants de 1 \u00e0 5 ans.\" \/>\n<meta property=\"og:url\" content=\"https:\/\/legandgo.com\/fr\/shop\/blocs-mousse\/assortiment-de-jeu-en-mousse-corner-climber\/\" \/>\n<meta property=\"og:site_name\" content=\"leg&amp;go\" \/>\n<meta property=\"article:publisher\" content=\"https:\/\/www.facebook.com\/legandgo\" \/>\n<meta property=\"article:modified_time\" content=\"2026-02-12T11:29:13+00:00\" \/>\n<meta property=\"og:image\" content=\"https:\/\/legandgo.com\/wp-content\/uploads\/2024\/09\/soft-play-blocks-beige-turquoise.jpg\" \/>\n\t<meta property=\"og:image:width\" content=\"2284\" \/>\n\t<meta property=\"og:image:height\" content=\"1528\" \/>\n\t<meta property=\"og:image:type\" content=\"image\/jpeg\" \/>\n<meta name=\"twitter:card\" content=\"summary_large_image\" \/>\n<script type=\"application\/ld+json\" class=\"yoast-schema-graph\">{\"@context\":\"https:\/\/schema.org\",\"@graph\":[{\"@type\":\"WebPage\",\"@id\":\"https:\/\/legandgo.com\/fr\/shop\/blocs-mousse\/assortiment-de-jeu-en-mousse-corner-climber\/\",\"url\":\"https:\/\/legandgo.com\/fr\/shop\/blocs-mousse\/assortiment-de-jeu-en-mousse-corner-climber\/\",\"name\":\"Assortiment de jeu en mousse - Corner Climber &#183; leg&amp;go\",\"isPartOf\":{\"@id\":\"https:\/\/legandgo.com\/fr\/#website\"},\"primaryImageOfPage\":{\"@id\":\"https:\/\/legandgo.com\/fr\/shop\/blocs-mousse\/assortiment-de-jeu-en-mousse-corner-climber\/#primaryimage\"},\"image\":{\"@id\":\"https:\/\/legandgo.com\/fr\/shop\/blocs-mousse\/assortiment-de-jeu-en-mousse-corner-climber\/#primaryimage\"},\"thumbnailUrl\":\"https:\/\/legandgo.com\/wp-content\/uploads\/2024\/09\/corner-climber-beige-turquoise1.jpg\",\"datePublished\":\"2024-09-27T12:20:27+00:00\",\"dateModified\":\"2026-02-12T11:29:13+00:00\",\"description\":\"Set de blocs mousse d\u2019escalade pour tout-petits, transformant \u043b\u044e\u0431\u043e\u0439 espace en aire de jeu pour enfants de 1 \u00e0 5 ans.\",\"breadcrumb\":{\"@id\":\"https:\/\/legandgo.com\/fr\/shop\/blocs-mousse\/assortiment-de-jeu-en-mousse-corner-climber\/#breadcrumb\"},\"inLanguage\":\"fr-FR\",\"potentialAction\":[{\"@type\":\"ReadAction\",\"target\":[\"https:\/\/legandgo.com\/fr\/shop\/blocs-mousse\/assortiment-de-jeu-en-mousse-corner-climber\/\"]}]},{\"@type\":\"ImageObject\",\"inLanguage\":\"fr-FR\",\"@id\":\"https:\/\/legandgo.com\/fr\/shop\/blocs-mousse\/assortiment-de-jeu-en-mousse-corner-climber\/#primaryimage\",\"url\":\"https:\/\/legandgo.com\/wp-content\/uploads\/2024\/09\/corner-climber-beige-turquoise1.jpg\",\"contentUrl\":\"https:\/\/legandgo.com\/wp-content\/uploads\/2024\/09\/corner-climber-beige-turquoise1.jpg\",\"width\":1080,\"height\":1080},{\"@type\":\"BreadcrumbList\",\"@id\":\"https:\/\/legandgo.com\/fr\/shop\/blocs-mousse\/assortiment-de-jeu-en-mousse-corner-climber\/#breadcrumb\",\"itemListElement\":[{\"@type\":\"ListItem\",\"position\":1,\"name\":\"Home\",\"item\":\"https:\/\/legandgo.com\/fr\/\"},{\"@type\":\"ListItem\",\"position\":2,\"name\":\"Shop\",\"item\":\"https:\/\/legandgo.com\/fr\/shop\/\"},{\"@type\":\"ListItem\",\"position\":3,\"name\":\"Assortiment de jeu en mousse &#8211; Corner Climber\"}]},{\"@type\":\"WebSite\",\"@id\":\"https:\/\/legandgo.com\/fr\/#website\",\"url\":\"https:\/\/legandgo.com\/fr\/\",\"name\":\"leg&amp;go\",\"description\":\"\",\"publisher\":{\"@id\":\"https:\/\/legandgo.com\/fr\/#organization\"},\"potentialAction\":[{\"@type\":\"SearchAction\",\"target\":{\"@type\":\"EntryPoint\",\"urlTemplate\":\"https:\/\/legandgo.com\/fr\/?s={search_term_string}\"},\"query-input\":{\"@type\":\"PropertyValueSpecification\",\"valueRequired\":true,\"valueName\":\"search_term_string\"}}],\"inLanguage\":\"fr-FR\"},{\"@type\":\"Organization\",\"@id\":\"https:\/\/legandgo.com\/fr\/#organization\",\"name\":\"leg&go bike\",\"url\":\"https:\/\/legandgo.com\/fr\/\",\"logo\":{\"@type\":\"ImageObject\",\"inLanguage\":\"fr-FR\",\"@id\":\"https:\/\/legandgo.com\/fr\/#\/schema\/logo\/image\/\",\"url\":\"https:\/\/legandgo.com\/wp-content\/uploads\/2021\/03\/logorf.png\",\"contentUrl\":\"https:\/\/legandgo.com\/wp-content\/uploads\/2021\/03\/logorf.png\",\"width\":675,\"height\":216,\"caption\":\"leg&go bike\"},\"image\":{\"@id\":\"https:\/\/legandgo.com\/fr\/#\/schema\/logo\/image\/\"},\"sameAs\":[\"https:\/\/www.facebook.com\/legandgo\",\"https:\/\/www.instagram.com\/legandgo\/\",\"https:\/\/www.linkedin.com\/company\/legandgo\/\",\"https:\/\/www.pinterest.com\/legandgo\/\",\"https:\/\/www.youtube.com\/channel\/UC_FBzWPmKWE0g7fcR4Xdfuw\/\"]}]}<\/script>\n<!-- \/ Yoast SEO plugin. -->","yoast_head_json":{"title":"Assortiment de jeu en mousse - Corner Climber &#183; leg&amp;go","description":"Set de blocs mousse d\u2019escalade pour tout-petits, transformant \u043b\u044e\u0431\u043e\u0439 espace en aire de jeu pour enfants de 1 \u00e0 5 ans.","robots":{"index":"index","follow":"follow","max-snippet":"max-snippet:-1","max-image-preview":"max-image-preview:large","max-video-preview":"max-video-preview:-1"},"canonical":"https:\/\/legandgo.com\/fr\/shop\/blocs-mousse\/assortiment-de-jeu-en-mousse-corner-climber\/","og_locale":"fr_FR","og_type":"article","og_title":"Assortiment de jeu en mousse - Corner Climber &#183; leg&amp;go","og_description":"Set de blocs mousse d\u2019escalade pour tout-petits, transformant \u043b\u044e\u0431\u043e\u0439 espace en aire de jeu pour enfants de 1 \u00e0 5 ans.","og_url":"https:\/\/legandgo.com\/fr\/shop\/blocs-mousse\/assortiment-de-jeu-en-mousse-corner-climber\/","og_site_name":"leg&amp;go","article_publisher":"https:\/\/www.facebook.com\/legandgo","article_modified_time":"2026-02-12T11:29:13+00:00","og_image":[{"width":2284,"height":1528,"url":"https:\/\/legandgo.com\/wp-content\/uploads\/2024\/09\/soft-play-blocks-beige-turquoise.jpg","type":"image\/jpeg"}],"twitter_card":"summary_large_image","schema":{"@context":"https:\/\/schema.org","@graph":[{"@type":"WebPage","@id":"https:\/\/legandgo.com\/fr\/shop\/blocs-mousse\/assortiment-de-jeu-en-mousse-corner-climber\/","url":"https:\/\/legandgo.com\/fr\/shop\/blocs-mousse\/assortiment-de-jeu-en-mousse-corner-climber\/","name":"Assortiment de jeu en mousse - Corner Climber &#183; leg&amp;go","isPartOf":{"@id":"https:\/\/legandgo.com\/fr\/#website"},"primaryImageOfPage":{"@id":"https:\/\/legandgo.com\/fr\/shop\/blocs-mousse\/assortiment-de-jeu-en-mousse-corner-climber\/#primaryimage"},"image":{"@id":"https:\/\/legandgo.com\/fr\/shop\/blocs-mousse\/assortiment-de-jeu-en-mousse-corner-climber\/#primaryimage"},"thumbnailUrl":"https:\/\/legandgo.com\/wp-content\/uploads\/2024\/09\/corner-climber-beige-turquoise1.jpg","datePublished":"2024-09-27T12:20:27+00:00","dateModified":"2026-02-12T11:29:13+00:00","description":"Set de blocs mousse d\u2019escalade pour tout-petits, transformant \u043b\u044e\u0431\u043e\u0439 espace en aire de jeu pour enfants de 1 \u00e0 5 ans.","breadcrumb":{"@id":"https:\/\/legandgo.com\/fr\/shop\/blocs-mousse\/assortiment-de-jeu-en-mousse-corner-climber\/#breadcrumb"},"inLanguage":"fr-FR","potentialAction":[{"@type":"ReadAction","target":["https:\/\/legandgo.com\/fr\/shop\/blocs-mousse\/assortiment-de-jeu-en-mousse-corner-climber\/"]}]},{"@type":"ImageObject","inLanguage":"fr-FR","@id":"https:\/\/legandgo.com\/fr\/shop\/blocs-mousse\/assortiment-de-jeu-en-mousse-corner-climber\/#primaryimage","url":"https:\/\/legandgo.com\/wp-content\/uploads\/2024\/09\/corner-climber-beige-turquoise1.jpg","contentUrl":"https:\/\/legandgo.com\/wp-content\/uploads\/2024\/09\/corner-climber-beige-turquoise1.jpg","width":1080,"height":1080},{"@type":"BreadcrumbList","@id":"https:\/\/legandgo.com\/fr\/shop\/blocs-mousse\/assortiment-de-jeu-en-mousse-corner-climber\/#breadcrumb","itemListElement":[{"@type":"ListItem","position":1,"name":"Home","item":"https:\/\/legandgo.com\/fr\/"},{"@type":"ListItem","position":2,"name":"Shop","item":"https:\/\/legandgo.com\/fr\/shop\/"},{"@type":"ListItem","position":3,"name":"Assortiment de jeu en mousse &#8211; Corner Climber"}]},{"@type":"WebSite","@id":"https:\/\/legandgo.com\/fr\/#website","url":"https:\/\/legandgo.com\/fr\/","name":"leg&amp;go","description":"","publisher":{"@id":"https:\/\/legandgo.com\/fr\/#organization"},"potentialAction":[{"@type":"SearchAction","target":{"@type":"EntryPoint","urlTemplate":"https:\/\/legandgo.com\/fr\/?s={search_term_string}"},"query-input":{"@type":"PropertyValueSpecification","valueRequired":true,"valueName":"search_term_string"}}],"inLanguage":"fr-FR"},{"@type":"Organization","@id":"https:\/\/legandgo.com\/fr\/#organization","name":"leg&go bike","url":"https:\/\/legandgo.com\/fr\/","logo":{"@type":"ImageObject","inLanguage":"fr-FR","@id":"https:\/\/legandgo.com\/fr\/#\/schema\/logo\/image\/","url":"https:\/\/legandgo.com\/wp-content\/uploads\/2021\/03\/logorf.png","contentUrl":"https:\/\/legandgo.com\/wp-content\/uploads\/2021\/03\/logorf.png","width":675,"height":216,"caption":"leg&go bike"},"image":{"@id":"https:\/\/legandgo.com\/fr\/#\/schema\/logo\/image\/"},"sameAs":["https:\/\/www.facebook.com\/legandgo","https:\/\/www.instagram.com\/legandgo\/","https:\/\/www.linkedin.com\/company\/legandgo\/","https:\/\/www.pinterest.com\/legandgo\/","https:\/\/www.youtube.com\/channel\/UC_FBzWPmKWE0g7fcR4Xdfuw\/"]}]}},"_links":{"self":[{"href":"https:\/\/legandgo.com\/fr\/wp-json\/wp\/v2\/product\/29742","targetHints":{"allow":["GET"]}}],"collection":[{"href":"https:\/\/legandgo.com\/fr\/wp-json\/wp\/v2\/product"}],"about":[{"href":"https:\/\/legandgo.com\/fr\/wp-json\/wp\/v2\/types\/product"}],"replies":[{"embeddable":true,"href":"https:\/\/legandgo.com\/fr\/wp-json\/wp\/v2\/comments?post=29742"}],"version-history":[{"count":21,"href":"https:\/\/legandgo.com\/fr\/wp-json\/wp\/v2\/product\/29742\/revisions"}],"predecessor-version":[{"id":51533,"href":"https:\/\/legandgo.com\/fr\/wp-json\/wp\/v2\/product\/29742\/revisions\/51533"}],"wp:featuredmedia":[{"embeddable":true,"href":"https:\/\/legandgo.com\/fr\/wp-json\/wp\/v2\/media\/51476"}],"wp:attachment":[{"href":"https:\/\/legandgo.com\/fr\/wp-json\/wp\/v2\/media?parent=29742"}],"wp:term":[{"taxonomy":"product_brand","embeddable":true,"href":"https:\/\/legandgo.com\/fr\/wp-json\/wp\/v2\/product_brand?post=29742"},{"taxonomy":"product_cat","embeddable":true,"href":"https:\/\/legandgo.com\/fr\/wp-json\/wp\/v2\/product_cat?post=29742"},{"taxonomy":"product_tag","embeddable":true,"href":"https:\/\/legandgo.com\/fr\/wp-json\/wp\/v2\/product_tag?post=29742"}],"curies":[{"name":"wp","href":"https:\/\/api.w.org\/{rel}","templated":true}]}}