{"id":3498,"date":"2021-07-29T12:27:52","date_gmt":"2021-07-29T10:27:52","guid":{"rendered":"https:\/\/legandgo.com\/product\/bike-bell-knog-knog-oi-classic-large\/"},"modified":"2026-05-11T09:02:55","modified_gmt":"2026-05-11T07:02:55","slug":"bike-bell-knog-knog-oi-classic-large","status":"publish","type":"product","link":"https:\/\/legandgo.com\/fr\/shop\/accessories-fr\/bike-bell-knog-knog-oi-classic-large\/","title":{"rendered":"Sonnette \u00e0 v\u00e9lo Knog"},"content":{"rendered":"<p style=\"font-weight: 400;\">S\u2019amuser tout en roulant en toute s\u00e9curit\u00e9 est toujours notre priorit\u00e9 absolue.<\/p>\n<p style=\"font-weight: 400;\">Pour la meilleure exp\u00e9rience \u00e0 v\u00e9lo, votre petit cycliste doit non seulement \u00eatre vu, mais aussi entendu. La sonnette Knog Oi Classic est parfaitement adapt\u00e9e \u00e0 nos v\u00e9los et offre un son aussi clair et agr\u00e9able qu\u2019un doux carillon.<\/p>\n<p style=\"font-weight: 400;\"><strong>Explorez davantage ci-dessous.<\/strong><\/p>\n","protected":false},"excerpt":{"rendered":"<p>S\u2019amuser tout en roulant en toute s\u00e9curit\u00e9 est toujours notre priorit\u00e9 absolue. Pour la meilleure exp\u00e9rience \u00e0 v\u00e9lo, votre petit cycliste doit non seulement \u00eatre vu, mais aussi entendu. La sonnette Knog Oi Classic est parfaitement adapt\u00e9e \u00e0 nos v\u00e9los et offre un son aussi clair et agr\u00e9able qu\u2019un doux carillon. Explorez davantage ci-dessous.<\/p>\n","protected":false},"featured_media":3351,"comment_status":"closed","ping_status":"closed","template":"","meta":{"_acf_changed":false,"inline_featured_image":false,"footnotes":""},"product_brand":[],"product_cat":[1310,86],"product_tag":[1661,1662,1663],"class_list":{"0":"post-3498","1":"product","2":"type-product","3":"status-publish","4":"has-post-thumbnail","6":"product_cat-draisiennes-et-plus","7":"product_cat-accessories-fr","8":"product_tag-draisienne","9":"product_tag-draisienne-a-pedale","10":"product_tag-velo-dapprentissage","11":"product_shipping_class-accessories-shipping-fr","13":"first","14":"instock","15":"purchasable","16":"product-type-simple"},"bundled_by":[],"bundle_stock_status":"instock","bundle_stock_quantity":null,"bundle_virtual":false,"bundle_layout":"","bundle_add_to_cart_form_location":"","bundle_editable_in_cart":false,"bundle_sold_individually_context":"","bundle_item_grouping":"","bundle_min_size":"","bundle_max_size":"","bundle_price":[],"bundled_items":[],"bundle_sell_ids":[],"acf":[],"yoast_head":"<!-- This site is optimized with the Yoast SEO plugin v25.9 - https:\/\/yoast.com\/wordpress\/plugins\/seo\/ -->\n<title>Sonnette \u00e0 v\u00e9lo Knog &#183; leg&amp;go<\/title>\n<meta name=\"description\" content=\"Sonnette v\u00e9lo Knog Oi Classic au design \u00e9l\u00e9gant avec un son clair pour plus de s\u00e9curit\u00e9 \u00e0 chaque sortie. Compatible avec les guidons de 23,8 \u00e0 31,8 mm, id\u00e9ale pour les v\u00e9los leg&amp;go.\" \/>\n<meta name=\"robots\" content=\"index, follow, max-snippet:-1, max-image-preview:large, max-video-preview:-1\" \/>\n<link rel=\"canonical\" href=\"https:\/\/legandgo.com\/fr\/shop\/accessories-fr\/bike-bell-knog-knog-oi-classic-large\/\" \/>\n<meta property=\"og:locale\" content=\"fr_FR\" \/>\n<meta property=\"og:type\" content=\"article\" \/>\n<meta property=\"og:title\" content=\"Sonnette \u00e0 v\u00e9lo Knog &#183; leg&amp;go\" \/>\n<meta property=\"og:description\" content=\"Sonnette v\u00e9lo Knog Oi Classic au design \u00e9l\u00e9gant avec un son clair pour plus de s\u00e9curit\u00e9 \u00e0 chaque sortie. Compatible avec les guidons de 23,8 \u00e0 31,8 mm, id\u00e9ale pour les v\u00e9los leg&amp;go.\" \/>\n<meta property=\"og:url\" content=\"https:\/\/legandgo.com\/fr\/shop\/accessories-fr\/bike-bell-knog-knog-oi-classic-large\/\" \/>\n<meta property=\"og:site_name\" content=\"leg&amp;go\" \/>\n<meta property=\"article:publisher\" content=\"https:\/\/www.facebook.com\/legandgo\" \/>\n<meta property=\"article:modified_time\" content=\"2026-05-11T07:02:55+00:00\" \/>\n<meta property=\"og:image\" content=\"https:\/\/legandgo.com\/wp-content\/uploads\/2021\/07\/legandgo-knog-bell.jpg\" \/>\n\t<meta property=\"og:image:width\" content=\"660\" \/>\n\t<meta property=\"og:image:height\" content=\"660\" \/>\n\t<meta property=\"og:image:type\" content=\"image\/jpeg\" \/>\n<meta name=\"twitter:card\" content=\"summary_large_image\" \/>\n<script type=\"application\/ld+json\" class=\"yoast-schema-graph\">{\"@context\":\"https:\/\/schema.org\",\"@graph\":[{\"@type\":\"WebPage\",\"@id\":\"https:\/\/legandgo.com\/fr\/shop\/accessories-fr\/bike-bell-knog-knog-oi-classic-large\/\",\"url\":\"https:\/\/legandgo.com\/fr\/shop\/accessories-fr\/bike-bell-knog-knog-oi-classic-large\/\",\"name\":\"Sonnette \u00e0 v\u00e9lo Knog &#183; leg&amp;go\",\"isPartOf\":{\"@id\":\"https:\/\/legandgo.com\/fr\/#website\"},\"primaryImageOfPage\":{\"@id\":\"https:\/\/legandgo.com\/fr\/shop\/accessories-fr\/bike-bell-knog-knog-oi-classic-large\/#primaryimage\"},\"image\":{\"@id\":\"https:\/\/legandgo.com\/fr\/shop\/accessories-fr\/bike-bell-knog-knog-oi-classic-large\/#primaryimage\"},\"thumbnailUrl\":\"https:\/\/legandgo.com\/wp-content\/uploads\/2021\/07\/legandgo-knog-bell.jpg\",\"datePublished\":\"2021-07-29T10:27:52+00:00\",\"dateModified\":\"2026-05-11T07:02:55+00:00\",\"description\":\"Sonnette v\u00e9lo Knog Oi Classic au design \u00e9l\u00e9gant avec un son clair pour plus de s\u00e9curit\u00e9 \u00e0 chaque sortie. Compatible avec les guidons de 23,8 \u00e0 31,8 mm, id\u00e9ale pour les v\u00e9los leg&go.\",\"breadcrumb\":{\"@id\":\"https:\/\/legandgo.com\/fr\/shop\/accessories-fr\/bike-bell-knog-knog-oi-classic-large\/#breadcrumb\"},\"inLanguage\":\"fr-FR\",\"potentialAction\":[{\"@type\":\"ReadAction\",\"target\":[\"https:\/\/legandgo.com\/fr\/shop\/accessories-fr\/bike-bell-knog-knog-oi-classic-large\/\"]}]},{\"@type\":\"ImageObject\",\"inLanguage\":\"fr-FR\",\"@id\":\"https:\/\/legandgo.com\/fr\/shop\/accessories-fr\/bike-bell-knog-knog-oi-classic-large\/#primaryimage\",\"url\":\"https:\/\/legandgo.com\/wp-content\/uploads\/2021\/07\/legandgo-knog-bell.jpg\",\"contentUrl\":\"https:\/\/legandgo.com\/wp-content\/uploads\/2021\/07\/legandgo-knog-bell.jpg\",\"width\":660,\"height\":660},{\"@type\":\"BreadcrumbList\",\"@id\":\"https:\/\/legandgo.com\/fr\/shop\/accessories-fr\/bike-bell-knog-knog-oi-classic-large\/#breadcrumb\",\"itemListElement\":[{\"@type\":\"ListItem\",\"position\":1,\"name\":\"Home\",\"item\":\"https:\/\/legandgo.com\/fr\/\"},{\"@type\":\"ListItem\",\"position\":2,\"name\":\"Shop\",\"item\":\"https:\/\/legandgo.com\/fr\/shop\/\"},{\"@type\":\"ListItem\",\"position\":3,\"name\":\"Sonnette \u00e0 v\u00e9lo Knog\"}]},{\"@type\":\"WebSite\",\"@id\":\"https:\/\/legandgo.com\/fr\/#website\",\"url\":\"https:\/\/legandgo.com\/fr\/\",\"name\":\"leg&amp;go\",\"description\":\"\",\"publisher\":{\"@id\":\"https:\/\/legandgo.com\/fr\/#organization\"},\"potentialAction\":[{\"@type\":\"SearchAction\",\"target\":{\"@type\":\"EntryPoint\",\"urlTemplate\":\"https:\/\/legandgo.com\/fr\/?s={search_term_string}\"},\"query-input\":{\"@type\":\"PropertyValueSpecification\",\"valueRequired\":true,\"valueName\":\"search_term_string\"}}],\"inLanguage\":\"fr-FR\"},{\"@type\":\"Organization\",\"@id\":\"https:\/\/legandgo.com\/fr\/#organization\",\"name\":\"leg&go bike\",\"url\":\"https:\/\/legandgo.com\/fr\/\",\"logo\":{\"@type\":\"ImageObject\",\"inLanguage\":\"fr-FR\",\"@id\":\"https:\/\/legandgo.com\/fr\/#\/schema\/logo\/image\/\",\"url\":\"https:\/\/legandgo.com\/wp-content\/uploads\/2021\/03\/logorf.png\",\"contentUrl\":\"https:\/\/legandgo.com\/wp-content\/uploads\/2021\/03\/logorf.png\",\"width\":675,\"height\":216,\"caption\":\"leg&go bike\"},\"image\":{\"@id\":\"https:\/\/legandgo.com\/fr\/#\/schema\/logo\/image\/\"},\"sameAs\":[\"https:\/\/www.facebook.com\/legandgo\",\"https:\/\/www.instagram.com\/legandgo\/\",\"https:\/\/www.linkedin.com\/company\/legandgo\/\",\"https:\/\/www.pinterest.com\/legandgo\/\",\"https:\/\/www.youtube.com\/channel\/UC_FBzWPmKWE0g7fcR4Xdfuw\/\"]}]}<\/script>\n<!-- \/ Yoast SEO plugin. -->","yoast_head_json":{"title":"Sonnette \u00e0 v\u00e9lo Knog &#183; leg&amp;go","description":"Sonnette v\u00e9lo Knog Oi Classic au design \u00e9l\u00e9gant avec un son clair pour plus de s\u00e9curit\u00e9 \u00e0 chaque sortie. Compatible avec les guidons de 23,8 \u00e0 31,8 mm, id\u00e9ale pour les v\u00e9los leg&go.","robots":{"index":"index","follow":"follow","max-snippet":"max-snippet:-1","max-image-preview":"max-image-preview:large","max-video-preview":"max-video-preview:-1"},"canonical":"https:\/\/legandgo.com\/fr\/shop\/accessories-fr\/bike-bell-knog-knog-oi-classic-large\/","og_locale":"fr_FR","og_type":"article","og_title":"Sonnette \u00e0 v\u00e9lo Knog &#183; leg&amp;go","og_description":"Sonnette v\u00e9lo Knog Oi Classic au design \u00e9l\u00e9gant avec un son clair pour plus de s\u00e9curit\u00e9 \u00e0 chaque sortie. Compatible avec les guidons de 23,8 \u00e0 31,8 mm, id\u00e9ale pour les v\u00e9los leg&go.","og_url":"https:\/\/legandgo.com\/fr\/shop\/accessories-fr\/bike-bell-knog-knog-oi-classic-large\/","og_site_name":"leg&amp;go","article_publisher":"https:\/\/www.facebook.com\/legandgo","article_modified_time":"2026-05-11T07:02:55+00:00","og_image":[{"width":660,"height":660,"url":"https:\/\/legandgo.com\/wp-content\/uploads\/2021\/07\/legandgo-knog-bell.jpg","type":"image\/jpeg"}],"twitter_card":"summary_large_image","schema":{"@context":"https:\/\/schema.org","@graph":[{"@type":"WebPage","@id":"https:\/\/legandgo.com\/fr\/shop\/accessories-fr\/bike-bell-knog-knog-oi-classic-large\/","url":"https:\/\/legandgo.com\/fr\/shop\/accessories-fr\/bike-bell-knog-knog-oi-classic-large\/","name":"Sonnette \u00e0 v\u00e9lo Knog &#183; leg&amp;go","isPartOf":{"@id":"https:\/\/legandgo.com\/fr\/#website"},"primaryImageOfPage":{"@id":"https:\/\/legandgo.com\/fr\/shop\/accessories-fr\/bike-bell-knog-knog-oi-classic-large\/#primaryimage"},"image":{"@id":"https:\/\/legandgo.com\/fr\/shop\/accessories-fr\/bike-bell-knog-knog-oi-classic-large\/#primaryimage"},"thumbnailUrl":"https:\/\/legandgo.com\/wp-content\/uploads\/2021\/07\/legandgo-knog-bell.jpg","datePublished":"2021-07-29T10:27:52+00:00","dateModified":"2026-05-11T07:02:55+00:00","description":"Sonnette v\u00e9lo Knog Oi Classic au design \u00e9l\u00e9gant avec un son clair pour plus de s\u00e9curit\u00e9 \u00e0 chaque sortie. Compatible avec les guidons de 23,8 \u00e0 31,8 mm, id\u00e9ale pour les v\u00e9los leg&go.","breadcrumb":{"@id":"https:\/\/legandgo.com\/fr\/shop\/accessories-fr\/bike-bell-knog-knog-oi-classic-large\/#breadcrumb"},"inLanguage":"fr-FR","potentialAction":[{"@type":"ReadAction","target":["https:\/\/legandgo.com\/fr\/shop\/accessories-fr\/bike-bell-knog-knog-oi-classic-large\/"]}]},{"@type":"ImageObject","inLanguage":"fr-FR","@id":"https:\/\/legandgo.com\/fr\/shop\/accessories-fr\/bike-bell-knog-knog-oi-classic-large\/#primaryimage","url":"https:\/\/legandgo.com\/wp-content\/uploads\/2021\/07\/legandgo-knog-bell.jpg","contentUrl":"https:\/\/legandgo.com\/wp-content\/uploads\/2021\/07\/legandgo-knog-bell.jpg","width":660,"height":660},{"@type":"BreadcrumbList","@id":"https:\/\/legandgo.com\/fr\/shop\/accessories-fr\/bike-bell-knog-knog-oi-classic-large\/#breadcrumb","itemListElement":[{"@type":"ListItem","position":1,"name":"Home","item":"https:\/\/legandgo.com\/fr\/"},{"@type":"ListItem","position":2,"name":"Shop","item":"https:\/\/legandgo.com\/fr\/shop\/"},{"@type":"ListItem","position":3,"name":"Sonnette \u00e0 v\u00e9lo Knog"}]},{"@type":"WebSite","@id":"https:\/\/legandgo.com\/fr\/#website","url":"https:\/\/legandgo.com\/fr\/","name":"leg&amp;go","description":"","publisher":{"@id":"https:\/\/legandgo.com\/fr\/#organization"},"potentialAction":[{"@type":"SearchAction","target":{"@type":"EntryPoint","urlTemplate":"https:\/\/legandgo.com\/fr\/?s={search_term_string}"},"query-input":{"@type":"PropertyValueSpecification","valueRequired":true,"valueName":"search_term_string"}}],"inLanguage":"fr-FR"},{"@type":"Organization","@id":"https:\/\/legandgo.com\/fr\/#organization","name":"leg&go bike","url":"https:\/\/legandgo.com\/fr\/","logo":{"@type":"ImageObject","inLanguage":"fr-FR","@id":"https:\/\/legandgo.com\/fr\/#\/schema\/logo\/image\/","url":"https:\/\/legandgo.com\/wp-content\/uploads\/2021\/03\/logorf.png","contentUrl":"https:\/\/legandgo.com\/wp-content\/uploads\/2021\/03\/logorf.png","width":675,"height":216,"caption":"leg&go bike"},"image":{"@id":"https:\/\/legandgo.com\/fr\/#\/schema\/logo\/image\/"},"sameAs":["https:\/\/www.facebook.com\/legandgo","https:\/\/www.instagram.com\/legandgo\/","https:\/\/www.linkedin.com\/company\/legandgo\/","https:\/\/www.pinterest.com\/legandgo\/","https:\/\/www.youtube.com\/channel\/UC_FBzWPmKWE0g7fcR4Xdfuw\/"]}]}},"_links":{"self":[{"href":"https:\/\/legandgo.com\/fr\/wp-json\/wp\/v2\/product\/3498","targetHints":{"allow":["GET"]}}],"collection":[{"href":"https:\/\/legandgo.com\/fr\/wp-json\/wp\/v2\/product"}],"about":[{"href":"https:\/\/legandgo.com\/fr\/wp-json\/wp\/v2\/types\/product"}],"replies":[{"embeddable":true,"href":"https:\/\/legandgo.com\/fr\/wp-json\/wp\/v2\/comments?post=3498"}],"version-history":[{"count":23,"href":"https:\/\/legandgo.com\/fr\/wp-json\/wp\/v2\/product\/3498\/revisions"}],"predecessor-version":[{"id":54021,"href":"https:\/\/legandgo.com\/fr\/wp-json\/wp\/v2\/product\/3498\/revisions\/54021"}],"wp:featuredmedia":[{"embeddable":true,"href":"https:\/\/legandgo.com\/fr\/wp-json\/wp\/v2\/media\/3351"}],"wp:attachment":[{"href":"https:\/\/legandgo.com\/fr\/wp-json\/wp\/v2\/media?parent=3498"}],"wp:term":[{"taxonomy":"product_brand","embeddable":true,"href":"https:\/\/legandgo.com\/fr\/wp-json\/wp\/v2\/product_brand?post=3498"},{"taxonomy":"product_cat","embeddable":true,"href":"https:\/\/legandgo.com\/fr\/wp-json\/wp\/v2\/product_cat?post=3498"},{"taxonomy":"product_tag","embeddable":true,"href":"https:\/\/legandgo.com\/fr\/wp-json\/wp\/v2\/product_tag?post=3498"}],"curies":[{"name":"wp","href":"https:\/\/api.w.org\/{rel}","templated":true}]}}