{"id":35819,"date":"2025-01-27T10:23:01","date_gmt":"2025-01-27T08:23:01","guid":{"rendered":"https:\/\/legandgo.com\/?post_type=product&#038;p=35819"},"modified":"2026-02-19T16:14:33","modified_gmt":"2026-02-19T14:14:33","slug":"piscine-a-balles","status":"publish","type":"product","link":"https:\/\/legandgo.com\/fr\/shop\/blocs-mousse\/piscine-a-balles\/","title":{"rendered":"Piscine \u00e0 Balles en Mousse"},"content":{"rendered":"<p>Une Piscine \u00e0 Balles pour enfants qui stimule les sens du toucher, de la vue et de la perception corporelle de l\u2019enfant, favorisant ainsi son d\u00e9veloppement sensoriel. Elle est con\u00e7ue pour accueillir 500 balles rebondissantes afin d\u2019offrir aux b\u00e9b\u00e9s, aux enfants en bas \u00e2ge et aux enfants plus \u00e2g\u00e9s une exp\u00e9rience ludique optimale.<\/p>\n<p>Con\u00e7ue pour les enfants de 1 an et plus, la piscine balles b\u00e9b\u00e9 a des c\u00f4t\u00e9s peu profonds pour que votre b\u00e9b\u00e9 puisse y grimper en toute autonomie.  <\/p>\n<p><strong>Explorez davantage ci-dessous.<\/strong><\/p>\n","protected":false},"excerpt":{"rendered":"<p>Une Piscine \u00e0 Balles pour enfants qui stimule les sens du toucher, de la vue et de la perception corporelle de l\u2019enfant, favorisant ainsi son d\u00e9veloppement sensoriel. Elle est con\u00e7ue pour accueillir 500 balles rebondissantes afin d\u2019offrir aux b\u00e9b\u00e9s, aux enfants en bas \u00e2ge et aux enfants plus \u00e2g\u00e9s une exp\u00e9rience ludique optimale. Con\u00e7ue pour<a class=\"excerpt-read-more\" href=\"https:\/\/legandgo.com\/fr\/shop\/blocs-mousse\/piscine-a-balles\/\" title=\"ReadPiscine \u00e0 Balles en Mousse\">&#8230; Read more &raquo;<\/a><\/p>\n","protected":false},"featured_media":52613,"comment_status":"closed","ping_status":"closed","template":"","meta":{"_acf_changed":false,"inline_featured_image":false,"footnotes":""},"product_brand":[],"product_cat":[1318,556],"product_tag":[1427,1430,1426,1428,1435,1429,1434,1433,1431,1432],"class_list":{"0":"post-35819","1":"product","2":"type-product","3":"status-publish","4":"has-post-thumbnail","6":"product_cat-categorie-de-jouets","7":"product_cat-blocs-mousse","8":"product_tag-ball-pit-for-kids","9":"product_tag-indoor-soft-play","10":"product_tag-play-ball-pit","11":"product_tag-play-pool","12":"product_tag-soft-ball-set","13":"product_tag-soft-play","14":"product_tag-soft-play-ball-set","15":"product_tag-soft-play-set","16":"product_tag-toddler-play-pool","17":"product_tag-toddler-play-set","18":"product_shipping_class-soft-blocks-fr","20":"first","21":"outofstock","22":"purchasable","23":"product-type-simple"},"bundled_by":[],"bundle_stock_status":"outofstock","bundle_stock_quantity":null,"bundle_virtual":false,"bundle_layout":"","bundle_add_to_cart_form_location":"","bundle_editable_in_cart":false,"bundle_sold_individually_context":"","bundle_item_grouping":"","bundle_min_size":"","bundle_max_size":"","bundle_price":[],"bundled_items":[],"bundle_sell_ids":[],"acf":[],"yoast_head":"<!-- This site is optimized with the Yoast SEO plugin v25.9 - https:\/\/yoast.com\/wordpress\/plugins\/seo\/ -->\n<title>Piscine \u00e0 Balles en Mousse Premium pour Enfants<\/title>\n<meta name=\"description\" content=\"Piscine \u00e0 balles en mousse pour enfants de 1 \u00e0 7 ans. Espace de jeu int\u00e9rieur s\u00fbr favorisant l\u2019activit\u00e9 et le d\u00e9veloppement sensoriel.\" \/>\n<meta name=\"robots\" content=\"index, follow, max-snippet:-1, max-image-preview:large, max-video-preview:-1\" \/>\n<link rel=\"canonical\" href=\"https:\/\/legandgo.com\/fr\/shop\/blocs-mousse\/piscine-a-balles\/\" \/>\n<meta property=\"og:locale\" content=\"fr_FR\" \/>\n<meta property=\"og:type\" content=\"article\" \/>\n<meta property=\"og:title\" content=\"Piscine \u00e0 Balles en Mousse Premium pour Enfants\" \/>\n<meta property=\"og:description\" content=\"Piscine \u00e0 balles en mousse pour enfants de 1 \u00e0 7 ans. Espace de jeu int\u00e9rieur s\u00fbr favorisant l\u2019activit\u00e9 et le d\u00e9veloppement sensoriel.\" \/>\n<meta property=\"og:url\" content=\"https:\/\/legandgo.com\/fr\/shop\/blocs-mousse\/piscine-a-balles\/\" \/>\n<meta property=\"og:site_name\" content=\"leg&amp;go\" \/>\n<meta property=\"article:publisher\" content=\"https:\/\/www.facebook.com\/legandgo\" \/>\n<meta property=\"article:modified_time\" content=\"2026-02-19T14:14:33+00:00\" \/>\n<meta property=\"og:image\" content=\"https:\/\/legandgo.com\/wp-content\/uploads\/2025\/01\/Ballpit_1.jpg\" \/>\n\t<meta property=\"og:image:width\" content=\"1080\" \/>\n\t<meta property=\"og:image:height\" content=\"1080\" \/>\n\t<meta property=\"og:image:type\" content=\"image\/jpeg\" \/>\n<meta name=\"twitter:card\" content=\"summary_large_image\" \/>\n<script type=\"application\/ld+json\" class=\"yoast-schema-graph\">{\"@context\":\"https:\/\/schema.org\",\"@graph\":[{\"@type\":\"WebPage\",\"@id\":\"https:\/\/legandgo.com\/fr\/shop\/blocs-mousse\/piscine-a-balles\/\",\"url\":\"https:\/\/legandgo.com\/fr\/shop\/blocs-mousse\/piscine-a-balles\/\",\"name\":\"Piscine \u00e0 Balles en Mousse Premium pour Enfants\",\"isPartOf\":{\"@id\":\"https:\/\/legandgo.com\/fr\/#website\"},\"primaryImageOfPage\":{\"@id\":\"https:\/\/legandgo.com\/fr\/shop\/blocs-mousse\/piscine-a-balles\/#primaryimage\"},\"image\":{\"@id\":\"https:\/\/legandgo.com\/fr\/shop\/blocs-mousse\/piscine-a-balles\/#primaryimage\"},\"thumbnailUrl\":\"https:\/\/legandgo.com\/wp-content\/uploads\/2025\/01\/Ballpit_1.jpg\",\"datePublished\":\"2025-01-27T08:23:01+00:00\",\"dateModified\":\"2026-02-19T14:14:33+00:00\",\"description\":\"Piscine \u00e0 balles en mousse pour enfants de 1 \u00e0 7 ans. Espace de jeu int\u00e9rieur s\u00fbr favorisant l\u2019activit\u00e9 et le d\u00e9veloppement sensoriel.\",\"breadcrumb\":{\"@id\":\"https:\/\/legandgo.com\/fr\/shop\/blocs-mousse\/piscine-a-balles\/#breadcrumb\"},\"inLanguage\":\"fr-FR\",\"potentialAction\":[{\"@type\":\"ReadAction\",\"target\":[\"https:\/\/legandgo.com\/fr\/shop\/blocs-mousse\/piscine-a-balles\/\"]}]},{\"@type\":\"ImageObject\",\"inLanguage\":\"fr-FR\",\"@id\":\"https:\/\/legandgo.com\/fr\/shop\/blocs-mousse\/piscine-a-balles\/#primaryimage\",\"url\":\"https:\/\/legandgo.com\/wp-content\/uploads\/2025\/01\/Ballpit_1.jpg\",\"contentUrl\":\"https:\/\/legandgo.com\/wp-content\/uploads\/2025\/01\/Ballpit_1.jpg\",\"width\":1080,\"height\":1080},{\"@type\":\"BreadcrumbList\",\"@id\":\"https:\/\/legandgo.com\/fr\/shop\/blocs-mousse\/piscine-a-balles\/#breadcrumb\",\"itemListElement\":[{\"@type\":\"ListItem\",\"position\":1,\"name\":\"Home\",\"item\":\"https:\/\/legandgo.com\/fr\/\"},{\"@type\":\"ListItem\",\"position\":2,\"name\":\"Shop\",\"item\":\"https:\/\/legandgo.com\/fr\/shop\/\"},{\"@type\":\"ListItem\",\"position\":3,\"name\":\"Piscine \u00e0 Balles en Mousse\"}]},{\"@type\":\"WebSite\",\"@id\":\"https:\/\/legandgo.com\/fr\/#website\",\"url\":\"https:\/\/legandgo.com\/fr\/\",\"name\":\"leg&amp;go\",\"description\":\"\",\"publisher\":{\"@id\":\"https:\/\/legandgo.com\/fr\/#organization\"},\"potentialAction\":[{\"@type\":\"SearchAction\",\"target\":{\"@type\":\"EntryPoint\",\"urlTemplate\":\"https:\/\/legandgo.com\/fr\/?s={search_term_string}\"},\"query-input\":{\"@type\":\"PropertyValueSpecification\",\"valueRequired\":true,\"valueName\":\"search_term_string\"}}],\"inLanguage\":\"fr-FR\"},{\"@type\":\"Organization\",\"@id\":\"https:\/\/legandgo.com\/fr\/#organization\",\"name\":\"leg&go bike\",\"url\":\"https:\/\/legandgo.com\/fr\/\",\"logo\":{\"@type\":\"ImageObject\",\"inLanguage\":\"fr-FR\",\"@id\":\"https:\/\/legandgo.com\/fr\/#\/schema\/logo\/image\/\",\"url\":\"https:\/\/legandgo.com\/wp-content\/uploads\/2021\/03\/logorf.png\",\"contentUrl\":\"https:\/\/legandgo.com\/wp-content\/uploads\/2021\/03\/logorf.png\",\"width\":675,\"height\":216,\"caption\":\"leg&go bike\"},\"image\":{\"@id\":\"https:\/\/legandgo.com\/fr\/#\/schema\/logo\/image\/\"},\"sameAs\":[\"https:\/\/www.facebook.com\/legandgo\",\"https:\/\/www.instagram.com\/legandgo\/\",\"https:\/\/www.linkedin.com\/company\/legandgo\/\",\"https:\/\/www.pinterest.com\/legandgo\/\",\"https:\/\/www.youtube.com\/channel\/UC_FBzWPmKWE0g7fcR4Xdfuw\/\"]}]}<\/script>\n<!-- \/ Yoast SEO plugin. -->","yoast_head_json":{"title":"Piscine \u00e0 Balles en Mousse Premium pour Enfants","description":"Piscine \u00e0 balles en mousse pour enfants de 1 \u00e0 7 ans. Espace de jeu int\u00e9rieur s\u00fbr favorisant l\u2019activit\u00e9 et le d\u00e9veloppement sensoriel.","robots":{"index":"index","follow":"follow","max-snippet":"max-snippet:-1","max-image-preview":"max-image-preview:large","max-video-preview":"max-video-preview:-1"},"canonical":"https:\/\/legandgo.com\/fr\/shop\/blocs-mousse\/piscine-a-balles\/","og_locale":"fr_FR","og_type":"article","og_title":"Piscine \u00e0 Balles en Mousse Premium pour Enfants","og_description":"Piscine \u00e0 balles en mousse pour enfants de 1 \u00e0 7 ans. Espace de jeu int\u00e9rieur s\u00fbr favorisant l\u2019activit\u00e9 et le d\u00e9veloppement sensoriel.","og_url":"https:\/\/legandgo.com\/fr\/shop\/blocs-mousse\/piscine-a-balles\/","og_site_name":"leg&amp;go","article_publisher":"https:\/\/www.facebook.com\/legandgo","article_modified_time":"2026-02-19T14:14:33+00:00","og_image":[{"width":1080,"height":1080,"url":"https:\/\/legandgo.com\/wp-content\/uploads\/2025\/01\/Ballpit_1.jpg","type":"image\/jpeg"}],"twitter_card":"summary_large_image","schema":{"@context":"https:\/\/schema.org","@graph":[{"@type":"WebPage","@id":"https:\/\/legandgo.com\/fr\/shop\/blocs-mousse\/piscine-a-balles\/","url":"https:\/\/legandgo.com\/fr\/shop\/blocs-mousse\/piscine-a-balles\/","name":"Piscine \u00e0 Balles en Mousse Premium pour Enfants","isPartOf":{"@id":"https:\/\/legandgo.com\/fr\/#website"},"primaryImageOfPage":{"@id":"https:\/\/legandgo.com\/fr\/shop\/blocs-mousse\/piscine-a-balles\/#primaryimage"},"image":{"@id":"https:\/\/legandgo.com\/fr\/shop\/blocs-mousse\/piscine-a-balles\/#primaryimage"},"thumbnailUrl":"https:\/\/legandgo.com\/wp-content\/uploads\/2025\/01\/Ballpit_1.jpg","datePublished":"2025-01-27T08:23:01+00:00","dateModified":"2026-02-19T14:14:33+00:00","description":"Piscine \u00e0 balles en mousse pour enfants de 1 \u00e0 7 ans. Espace de jeu int\u00e9rieur s\u00fbr favorisant l\u2019activit\u00e9 et le d\u00e9veloppement sensoriel.","breadcrumb":{"@id":"https:\/\/legandgo.com\/fr\/shop\/blocs-mousse\/piscine-a-balles\/#breadcrumb"},"inLanguage":"fr-FR","potentialAction":[{"@type":"ReadAction","target":["https:\/\/legandgo.com\/fr\/shop\/blocs-mousse\/piscine-a-balles\/"]}]},{"@type":"ImageObject","inLanguage":"fr-FR","@id":"https:\/\/legandgo.com\/fr\/shop\/blocs-mousse\/piscine-a-balles\/#primaryimage","url":"https:\/\/legandgo.com\/wp-content\/uploads\/2025\/01\/Ballpit_1.jpg","contentUrl":"https:\/\/legandgo.com\/wp-content\/uploads\/2025\/01\/Ballpit_1.jpg","width":1080,"height":1080},{"@type":"BreadcrumbList","@id":"https:\/\/legandgo.com\/fr\/shop\/blocs-mousse\/piscine-a-balles\/#breadcrumb","itemListElement":[{"@type":"ListItem","position":1,"name":"Home","item":"https:\/\/legandgo.com\/fr\/"},{"@type":"ListItem","position":2,"name":"Shop","item":"https:\/\/legandgo.com\/fr\/shop\/"},{"@type":"ListItem","position":3,"name":"Piscine \u00e0 Balles en Mousse"}]},{"@type":"WebSite","@id":"https:\/\/legandgo.com\/fr\/#website","url":"https:\/\/legandgo.com\/fr\/","name":"leg&amp;go","description":"","publisher":{"@id":"https:\/\/legandgo.com\/fr\/#organization"},"potentialAction":[{"@type":"SearchAction","target":{"@type":"EntryPoint","urlTemplate":"https:\/\/legandgo.com\/fr\/?s={search_term_string}"},"query-input":{"@type":"PropertyValueSpecification","valueRequired":true,"valueName":"search_term_string"}}],"inLanguage":"fr-FR"},{"@type":"Organization","@id":"https:\/\/legandgo.com\/fr\/#organization","name":"leg&go bike","url":"https:\/\/legandgo.com\/fr\/","logo":{"@type":"ImageObject","inLanguage":"fr-FR","@id":"https:\/\/legandgo.com\/fr\/#\/schema\/logo\/image\/","url":"https:\/\/legandgo.com\/wp-content\/uploads\/2021\/03\/logorf.png","contentUrl":"https:\/\/legandgo.com\/wp-content\/uploads\/2021\/03\/logorf.png","width":675,"height":216,"caption":"leg&go bike"},"image":{"@id":"https:\/\/legandgo.com\/fr\/#\/schema\/logo\/image\/"},"sameAs":["https:\/\/www.facebook.com\/legandgo","https:\/\/www.instagram.com\/legandgo\/","https:\/\/www.linkedin.com\/company\/legandgo\/","https:\/\/www.pinterest.com\/legandgo\/","https:\/\/www.youtube.com\/channel\/UC_FBzWPmKWE0g7fcR4Xdfuw\/"]}]}},"_links":{"self":[{"href":"https:\/\/legandgo.com\/fr\/wp-json\/wp\/v2\/product\/35819","targetHints":{"allow":["GET"]}}],"collection":[{"href":"https:\/\/legandgo.com\/fr\/wp-json\/wp\/v2\/product"}],"about":[{"href":"https:\/\/legandgo.com\/fr\/wp-json\/wp\/v2\/types\/product"}],"replies":[{"embeddable":true,"href":"https:\/\/legandgo.com\/fr\/wp-json\/wp\/v2\/comments?post=35819"}],"version-history":[{"count":15,"href":"https:\/\/legandgo.com\/fr\/wp-json\/wp\/v2\/product\/35819\/revisions"}],"predecessor-version":[{"id":52686,"href":"https:\/\/legandgo.com\/fr\/wp-json\/wp\/v2\/product\/35819\/revisions\/52686"}],"wp:featuredmedia":[{"embeddable":true,"href":"https:\/\/legandgo.com\/fr\/wp-json\/wp\/v2\/media\/52613"}],"wp:attachment":[{"href":"https:\/\/legandgo.com\/fr\/wp-json\/wp\/v2\/media?parent=35819"}],"wp:term":[{"taxonomy":"product_brand","embeddable":true,"href":"https:\/\/legandgo.com\/fr\/wp-json\/wp\/v2\/product_brand?post=35819"},{"taxonomy":"product_cat","embeddable":true,"href":"https:\/\/legandgo.com\/fr\/wp-json\/wp\/v2\/product_cat?post=35819"},{"taxonomy":"product_tag","embeddable":true,"href":"https:\/\/legandgo.com\/fr\/wp-json\/wp\/v2\/product_tag?post=35819"}],"curies":[{"name":"wp","href":"https:\/\/api.w.org\/{rel}","templated":true}]}}