{"id":37036,"date":"2025-03-20T17:55:40","date_gmt":"2025-03-20T15:55:40","guid":{"rendered":"https:\/\/legandgo.com\/?post_type=product&#038;p=37036"},"modified":"2026-02-20T19:55:24","modified_gmt":"2026-02-20T17:55:24","slug":"pouf-ours","status":"publish","type":"product","link":"https:\/\/legandgo.com\/fr\/shop\/meubles-pour-enfants\/pouf-ours\/","title":{"rendered":"Pouf Ours"},"content":{"rendered":"<p style=\"font-weight: 400;\">Le Pouf Ours Wigiwama est soigneusement con\u00e7u pour les petits qui aiment avoir leur propre coin rien qu\u2019\u00e0 eux. L\u00e9ger et facile \u00e0 d\u00e9placer, il passe sans effort de la chambre au salon, du coin lecture \u00e0 l\u2019espace de jeu. <\/p>\n<p style=\"font-weight: 400;\">Sa texture douce en tissu teddy, sa forme d\u00e9licatement enveloppante et ses adorables petites oreilles le rendent irr\u00e9sistible, aussi bien pour jouer que pour se reposer. Parfait pour lire, se d\u00e9tendre et profiter de moments calmes apr\u00e8s une journ\u00e9e bien remplie. <\/p>\n<p style=\"font-weight: 400;\"><strong>Explorez davantage ci-dessous.<\/strong><\/p>\n","protected":false},"excerpt":{"rendered":"<p><br data-mce-bogus=\"1\"><\/p>\n","protected":false},"featured_media":37118,"comment_status":"closed","ping_status":"closed","template":"","meta":{"_acf_changed":false,"inline_featured_image":false,"footnotes":""},"product_brand":[],"product_cat":[1314,1248,406],"product_tag":[749,743,740,747,744,741,1249,751,750,748,745,742,1250,746,752],"class_list":{"0":"post-37036","1":"product","2":"type-product","3":"status-publish","4":"has-post-thumbnail","6":"product_cat-meubles","7":"product_cat-pouf-ours","8":"product_cat-meubles-pour-enfants","9":"product_tag-beanbag-chair-fr","10":"product_tag-canape-pour-enfant","11":"product_tag-canape-pour-enfants-fr","12":"product_tag-canapes-play","13":"product_tag-canapes-pour-enfants","14":"product_tag-childrens-sofa-fr","15":"product_tag-childrens-sofa-beds","16":"product_tag-kids-beanbag-fr","17":"product_tag-kids-beanbag-chair-fr","18":"product_tag-kids-canape","19":"product_tag-mobilier-de-jeu-souple","20":"product_tag-play-canape","21":"product_tag-playroom-sofa","22":"product_tag-sieges-pour-enfants","23":"product_tag-toddler-beanbag-fr","24":"product_shipping_class-beanbags-cushions-shipping-fr","25":"pa_color-blanc-creme","26":"pa_color-biscuit-fr","27":"pa_color-erable","28":"pa_color-goyave","30":"first","31":"instock","32":"purchasable","33":"product-type-variable"},"bundled_by":[],"bundle_stock_status":"instock","bundle_stock_quantity":null,"bundle_virtual":false,"bundle_layout":"","bundle_add_to_cart_form_location":"","bundle_editable_in_cart":false,"bundle_sold_individually_context":"","bundle_item_grouping":"","bundle_min_size":"","bundle_max_size":"","bundle_price":[],"bundled_items":[],"bundle_sell_ids":[],"acf":[],"yoast_head":"<!-- This site is optimized with the Yoast SEO plugin v25.9 - https:\/\/yoast.com\/wordpress\/plugins\/seo\/ -->\n<title>Pouf Ours &#183; leg&amp;go<\/title>\n<meta name=\"description\" content=\"Pouf Ours pour enfants en tissu teddy doux. L\u00e9ger, confortable et certifi\u00e9 OEKO TEX. Id\u00e9al pour lire, jouer et se d\u00e9tendre dans la chambre.\" \/>\n<meta name=\"robots\" content=\"index, follow, max-snippet:-1, max-image-preview:large, max-video-preview:-1\" \/>\n<link rel=\"canonical\" href=\"https:\/\/legandgo.com\/fr\/shop\/meubles-pour-enfants\/pouf-ours\/\" \/>\n<meta property=\"og:locale\" content=\"fr_FR\" \/>\n<meta property=\"og:type\" content=\"article\" \/>\n<meta property=\"og:title\" content=\"Pouf Ours &#183; leg&amp;go\" \/>\n<meta property=\"og:description\" content=\"Pouf Ours pour enfants en tissu teddy doux. L\u00e9ger, confortable et certifi\u00e9 OEKO TEX. Id\u00e9al pour lire, jouer et se d\u00e9tendre dans la chambre.\" \/>\n<meta property=\"og:url\" content=\"https:\/\/legandgo.com\/fr\/shop\/meubles-pour-enfants\/pouf-ours\/\" \/>\n<meta property=\"og:site_name\" content=\"leg&amp;go\" \/>\n<meta property=\"article:publisher\" content=\"https:\/\/www.facebook.com\/legandgo\" \/>\n<meta property=\"article:modified_time\" content=\"2026-02-20T17:55:24+00:00\" \/>\n<meta property=\"og:image\" content=\"https:\/\/legandgo.com\/wp-content\/uploads\/2025\/03\/beanbag-icon.jpg\" \/>\n\t<meta property=\"og:image:width\" content=\"900\" \/>\n\t<meta property=\"og:image:height\" content=\"900\" \/>\n\t<meta property=\"og:image:type\" content=\"image\/jpeg\" \/>\n<meta name=\"twitter:card\" content=\"summary_large_image\" \/>\n<script type=\"application\/ld+json\" class=\"yoast-schema-graph\">{\"@context\":\"https:\/\/schema.org\",\"@graph\":[{\"@type\":\"WebPage\",\"@id\":\"https:\/\/legandgo.com\/fr\/shop\/meubles-pour-enfants\/pouf-ours\/\",\"url\":\"https:\/\/legandgo.com\/fr\/shop\/meubles-pour-enfants\/pouf-ours\/\",\"name\":\"Pouf Ours &#183; leg&amp;go\",\"isPartOf\":{\"@id\":\"https:\/\/legandgo.com\/fr\/#website\"},\"primaryImageOfPage\":{\"@id\":\"https:\/\/legandgo.com\/fr\/shop\/meubles-pour-enfants\/pouf-ours\/#primaryimage\"},\"image\":{\"@id\":\"https:\/\/legandgo.com\/fr\/shop\/meubles-pour-enfants\/pouf-ours\/#primaryimage\"},\"thumbnailUrl\":\"https:\/\/legandgo.com\/wp-content\/uploads\/2025\/03\/beanbag-icon.jpg\",\"datePublished\":\"2025-03-20T15:55:40+00:00\",\"dateModified\":\"2026-02-20T17:55:24+00:00\",\"description\":\"Pouf Ours pour enfants en tissu teddy doux. L\u00e9ger, confortable et certifi\u00e9 OEKO TEX. Id\u00e9al pour lire, jouer et se d\u00e9tendre dans la chambre.\",\"breadcrumb\":{\"@id\":\"https:\/\/legandgo.com\/fr\/shop\/meubles-pour-enfants\/pouf-ours\/#breadcrumb\"},\"inLanguage\":\"fr-FR\",\"potentialAction\":[{\"@type\":\"ReadAction\",\"target\":[\"https:\/\/legandgo.com\/fr\/shop\/meubles-pour-enfants\/pouf-ours\/\"]}]},{\"@type\":\"ImageObject\",\"inLanguage\":\"fr-FR\",\"@id\":\"https:\/\/legandgo.com\/fr\/shop\/meubles-pour-enfants\/pouf-ours\/#primaryimage\",\"url\":\"https:\/\/legandgo.com\/wp-content\/uploads\/2025\/03\/beanbag-icon.jpg\",\"contentUrl\":\"https:\/\/legandgo.com\/wp-content\/uploads\/2025\/03\/beanbag-icon.jpg\",\"width\":900,\"height\":900,\"caption\":\"Beanbag\"},{\"@type\":\"BreadcrumbList\",\"@id\":\"https:\/\/legandgo.com\/fr\/shop\/meubles-pour-enfants\/pouf-ours\/#breadcrumb\",\"itemListElement\":[{\"@type\":\"ListItem\",\"position\":1,\"name\":\"Home\",\"item\":\"https:\/\/legandgo.com\/fr\/\"},{\"@type\":\"ListItem\",\"position\":2,\"name\":\"Shop\",\"item\":\"https:\/\/legandgo.com\/fr\/shop\/\"},{\"@type\":\"ListItem\",\"position\":3,\"name\":\"Pouf Ours\"}]},{\"@type\":\"WebSite\",\"@id\":\"https:\/\/legandgo.com\/fr\/#website\",\"url\":\"https:\/\/legandgo.com\/fr\/\",\"name\":\"leg&amp;go\",\"description\":\"\",\"publisher\":{\"@id\":\"https:\/\/legandgo.com\/fr\/#organization\"},\"potentialAction\":[{\"@type\":\"SearchAction\",\"target\":{\"@type\":\"EntryPoint\",\"urlTemplate\":\"https:\/\/legandgo.com\/fr\/?s={search_term_string}\"},\"query-input\":{\"@type\":\"PropertyValueSpecification\",\"valueRequired\":true,\"valueName\":\"search_term_string\"}}],\"inLanguage\":\"fr-FR\"},{\"@type\":\"Organization\",\"@id\":\"https:\/\/legandgo.com\/fr\/#organization\",\"name\":\"leg&go bike\",\"url\":\"https:\/\/legandgo.com\/fr\/\",\"logo\":{\"@type\":\"ImageObject\",\"inLanguage\":\"fr-FR\",\"@id\":\"https:\/\/legandgo.com\/fr\/#\/schema\/logo\/image\/\",\"url\":\"https:\/\/legandgo.com\/wp-content\/uploads\/2021\/03\/logorf.png\",\"contentUrl\":\"https:\/\/legandgo.com\/wp-content\/uploads\/2021\/03\/logorf.png\",\"width\":675,\"height\":216,\"caption\":\"leg&go bike\"},\"image\":{\"@id\":\"https:\/\/legandgo.com\/fr\/#\/schema\/logo\/image\/\"},\"sameAs\":[\"https:\/\/www.facebook.com\/legandgo\",\"https:\/\/www.instagram.com\/legandgo\/\",\"https:\/\/www.linkedin.com\/company\/legandgo\/\",\"https:\/\/www.pinterest.com\/legandgo\/\",\"https:\/\/www.youtube.com\/channel\/UC_FBzWPmKWE0g7fcR4Xdfuw\/\"]}]}<\/script>\n<!-- \/ Yoast SEO plugin. -->","yoast_head_json":{"title":"Pouf Ours &#183; leg&amp;go","description":"Pouf Ours pour enfants en tissu teddy doux. L\u00e9ger, confortable et certifi\u00e9 OEKO TEX. Id\u00e9al pour lire, jouer et se d\u00e9tendre dans la chambre.","robots":{"index":"index","follow":"follow","max-snippet":"max-snippet:-1","max-image-preview":"max-image-preview:large","max-video-preview":"max-video-preview:-1"},"canonical":"https:\/\/legandgo.com\/fr\/shop\/meubles-pour-enfants\/pouf-ours\/","og_locale":"fr_FR","og_type":"article","og_title":"Pouf Ours &#183; leg&amp;go","og_description":"Pouf Ours pour enfants en tissu teddy doux. L\u00e9ger, confortable et certifi\u00e9 OEKO TEX. Id\u00e9al pour lire, jouer et se d\u00e9tendre dans la chambre.","og_url":"https:\/\/legandgo.com\/fr\/shop\/meubles-pour-enfants\/pouf-ours\/","og_site_name":"leg&amp;go","article_publisher":"https:\/\/www.facebook.com\/legandgo","article_modified_time":"2026-02-20T17:55:24+00:00","og_image":[{"width":900,"height":900,"url":"https:\/\/legandgo.com\/wp-content\/uploads\/2025\/03\/beanbag-icon.jpg","type":"image\/jpeg"}],"twitter_card":"summary_large_image","schema":{"@context":"https:\/\/schema.org","@graph":[{"@type":"WebPage","@id":"https:\/\/legandgo.com\/fr\/shop\/meubles-pour-enfants\/pouf-ours\/","url":"https:\/\/legandgo.com\/fr\/shop\/meubles-pour-enfants\/pouf-ours\/","name":"Pouf Ours &#183; leg&amp;go","isPartOf":{"@id":"https:\/\/legandgo.com\/fr\/#website"},"primaryImageOfPage":{"@id":"https:\/\/legandgo.com\/fr\/shop\/meubles-pour-enfants\/pouf-ours\/#primaryimage"},"image":{"@id":"https:\/\/legandgo.com\/fr\/shop\/meubles-pour-enfants\/pouf-ours\/#primaryimage"},"thumbnailUrl":"https:\/\/legandgo.com\/wp-content\/uploads\/2025\/03\/beanbag-icon.jpg","datePublished":"2025-03-20T15:55:40+00:00","dateModified":"2026-02-20T17:55:24+00:00","description":"Pouf Ours pour enfants en tissu teddy doux. L\u00e9ger, confortable et certifi\u00e9 OEKO TEX. Id\u00e9al pour lire, jouer et se d\u00e9tendre dans la chambre.","breadcrumb":{"@id":"https:\/\/legandgo.com\/fr\/shop\/meubles-pour-enfants\/pouf-ours\/#breadcrumb"},"inLanguage":"fr-FR","potentialAction":[{"@type":"ReadAction","target":["https:\/\/legandgo.com\/fr\/shop\/meubles-pour-enfants\/pouf-ours\/"]}]},{"@type":"ImageObject","inLanguage":"fr-FR","@id":"https:\/\/legandgo.com\/fr\/shop\/meubles-pour-enfants\/pouf-ours\/#primaryimage","url":"https:\/\/legandgo.com\/wp-content\/uploads\/2025\/03\/beanbag-icon.jpg","contentUrl":"https:\/\/legandgo.com\/wp-content\/uploads\/2025\/03\/beanbag-icon.jpg","width":900,"height":900,"caption":"Beanbag"},{"@type":"BreadcrumbList","@id":"https:\/\/legandgo.com\/fr\/shop\/meubles-pour-enfants\/pouf-ours\/#breadcrumb","itemListElement":[{"@type":"ListItem","position":1,"name":"Home","item":"https:\/\/legandgo.com\/fr\/"},{"@type":"ListItem","position":2,"name":"Shop","item":"https:\/\/legandgo.com\/fr\/shop\/"},{"@type":"ListItem","position":3,"name":"Pouf Ours"}]},{"@type":"WebSite","@id":"https:\/\/legandgo.com\/fr\/#website","url":"https:\/\/legandgo.com\/fr\/","name":"leg&amp;go","description":"","publisher":{"@id":"https:\/\/legandgo.com\/fr\/#organization"},"potentialAction":[{"@type":"SearchAction","target":{"@type":"EntryPoint","urlTemplate":"https:\/\/legandgo.com\/fr\/?s={search_term_string}"},"query-input":{"@type":"PropertyValueSpecification","valueRequired":true,"valueName":"search_term_string"}}],"inLanguage":"fr-FR"},{"@type":"Organization","@id":"https:\/\/legandgo.com\/fr\/#organization","name":"leg&go bike","url":"https:\/\/legandgo.com\/fr\/","logo":{"@type":"ImageObject","inLanguage":"fr-FR","@id":"https:\/\/legandgo.com\/fr\/#\/schema\/logo\/image\/","url":"https:\/\/legandgo.com\/wp-content\/uploads\/2021\/03\/logorf.png","contentUrl":"https:\/\/legandgo.com\/wp-content\/uploads\/2021\/03\/logorf.png","width":675,"height":216,"caption":"leg&go bike"},"image":{"@id":"https:\/\/legandgo.com\/fr\/#\/schema\/logo\/image\/"},"sameAs":["https:\/\/www.facebook.com\/legandgo","https:\/\/www.instagram.com\/legandgo\/","https:\/\/www.linkedin.com\/company\/legandgo\/","https:\/\/www.pinterest.com\/legandgo\/","https:\/\/www.youtube.com\/channel\/UC_FBzWPmKWE0g7fcR4Xdfuw\/"]}]}},"_links":{"self":[{"href":"https:\/\/legandgo.com\/fr\/wp-json\/wp\/v2\/product\/37036","targetHints":{"allow":["GET"]}}],"collection":[{"href":"https:\/\/legandgo.com\/fr\/wp-json\/wp\/v2\/product"}],"about":[{"href":"https:\/\/legandgo.com\/fr\/wp-json\/wp\/v2\/types\/product"}],"replies":[{"embeddable":true,"href":"https:\/\/legandgo.com\/fr\/wp-json\/wp\/v2\/comments?post=37036"}],"version-history":[{"count":15,"href":"https:\/\/legandgo.com\/fr\/wp-json\/wp\/v2\/product\/37036\/revisions"}],"predecessor-version":[{"id":52980,"href":"https:\/\/legandgo.com\/fr\/wp-json\/wp\/v2\/product\/37036\/revisions\/52980"}],"wp:featuredmedia":[{"embeddable":true,"href":"https:\/\/legandgo.com\/fr\/wp-json\/wp\/v2\/media\/37118"}],"wp:attachment":[{"href":"https:\/\/legandgo.com\/fr\/wp-json\/wp\/v2\/media?parent=37036"}],"wp:term":[{"taxonomy":"product_brand","embeddable":true,"href":"https:\/\/legandgo.com\/fr\/wp-json\/wp\/v2\/product_brand?post=37036"},{"taxonomy":"product_cat","embeddable":true,"href":"https:\/\/legandgo.com\/fr\/wp-json\/wp\/v2\/product_cat?post=37036"},{"taxonomy":"product_tag","embeddable":true,"href":"https:\/\/legandgo.com\/fr\/wp-json\/wp\/v2\/product_tag?post=37036"}],"curies":[{"name":"wp","href":"https:\/\/api.w.org\/{rel}","templated":true}]}}