{"id":37043,"date":"2025-03-26T16:11:02","date_gmt":"2025-03-26T14:11:02","guid":{"rendered":"https:\/\/legandgo.com\/?post_type=product&#038;p=37043"},"modified":"2026-03-11T20:31:37","modified_gmt":"2026-03-11T18:31:37","slug":"fauteuil-poire","status":"publish","type":"product","link":"https:\/\/legandgo.com\/fr\/shop\/meubles-pour-enfants\/fauteuil-poire\/","title":{"rendered":"Fauteuil Poire"},"content":{"rendered":"<p style=\"font-weight: 400;\">Le fauteuil beanbag Wigiwama associe confort, textures douces et design \u00e9pur\u00e9 pour cr\u00e9er un si\u00e8ge cosy vers lequel les enfants se tournent naturellement. Sa forme l\u00e9g\u00e8rement structur\u00e9e offre une position assise d\u00e9tendue et bien soutenue qui s\u2019int\u00e8gre parfaitement dans une chambre d\u2019enfant, une salle de jeux ou un espace de vie. <\/p>\n<p style=\"font-weight: 400;\">L\u00e9ger et facile \u00e0 d\u00e9placer, il se transporte sans effort d\u2019une pi\u00e8ce \u00e0 l\u2019autre afin que les enfants puissent profiter de leur propre si\u00e8ge confortable pour lire, se d\u00e9tendre ou jouer.<\/p>\n<p style=\"font-weight: 400;\"><strong>Explorez davantage ci-dessous.<\/strong><\/p>\n","protected":false},"excerpt":{"rendered":"<p>Le fauteuil beanbag Wigiwama associe confort, textures douces et design \u00e9pur\u00e9 pour cr\u00e9er un si\u00e8ge cosy vers lequel les enfants se tournent naturellement. Sa forme l\u00e9g\u00e8rement structur\u00e9e offre une position assise d\u00e9tendue et bien soutenue qui s\u2019int\u00e8gre parfaitement dans une chambre d\u2019enfant, une salle de jeux ou un espace de vie. L\u00e9ger et facile \u00e0<a class=\"excerpt-read-more\" href=\"https:\/\/legandgo.com\/fr\/shop\/meubles-pour-enfants\/fauteuil-poire\/\" title=\"ReadFauteuil Poire\">&#8230; Read more &raquo;<\/a><\/p>\n","protected":false},"featured_media":37123,"comment_status":"closed","ping_status":"closed","template":"","meta":{"_acf_changed":false,"inline_featured_image":false,"footnotes":""},"product_brand":[],"product_cat":[1314,406],"product_tag":[749,743,740,747,744,741,751,750,748,745,742,753,746,752],"class_list":{"0":"post-37043","1":"product","2":"type-product","3":"status-publish","4":"has-post-thumbnail","6":"product_cat-meubles","7":"product_cat-meubles-pour-enfants","8":"product_tag-beanbag-chair-fr","9":"product_tag-canape-pour-enfant","10":"product_tag-canape-pour-enfants-fr","11":"product_tag-canapes-play","12":"product_tag-canapes-pour-enfants","13":"product_tag-childrens-sofa-fr","14":"product_tag-kids-beanbag-fr","15":"product_tag-kids-beanbag-chair-fr","16":"product_tag-kids-canape","17":"product_tag-mobilier-de-jeu-souple","18":"product_tag-play-canape","19":"product_tag-playroom-beanbag-fr","20":"product_tag-sieges-pour-enfants","21":"product_tag-toddler-beanbag-fr","22":"product_shipping_class-beanbags-cushions-shipping-fr","24":"first","25":"instock","26":"purchasable","27":"product-type-variable"},"bundled_by":[],"bundle_stock_status":"instock","bundle_stock_quantity":null,"bundle_virtual":false,"bundle_layout":"","bundle_add_to_cart_form_location":"","bundle_editable_in_cart":false,"bundle_sold_individually_context":"","bundle_item_grouping":"","bundle_min_size":"","bundle_max_size":"","bundle_price":[],"bundled_items":[],"bundle_sell_ids":[],"acf":[],"yoast_head":"<!-- This site is optimized with the Yoast SEO plugin v25.9 - https:\/\/yoast.com\/wordpress\/plugins\/seo\/ -->\n<title>Fauteuil Poire &#183; leg&amp;go<\/title>\n<meta name=\"description\" content=\"Pouf Ours pour enfants en tissu teddy doux. L\u00e9ger, confortable et certifi\u00e9 OEKO TEX. Id\u00e9al pour lire, jouer et se d\u00e9tendre dans la chambre.\" \/>\n<meta name=\"robots\" content=\"index, follow, max-snippet:-1, max-image-preview:large, max-video-preview:-1\" \/>\n<link rel=\"canonical\" href=\"https:\/\/legandgo.com\/fr\/shop\/meubles-pour-enfants\/fauteuil-poire\/\" \/>\n<meta property=\"og:locale\" content=\"fr_FR\" \/>\n<meta property=\"og:type\" content=\"article\" \/>\n<meta property=\"og:title\" content=\"Fauteuil Poire &#183; leg&amp;go\" \/>\n<meta property=\"og:description\" content=\"Pouf Ours pour enfants en tissu teddy doux. L\u00e9ger, confortable et certifi\u00e9 OEKO TEX. Id\u00e9al pour lire, jouer et se d\u00e9tendre dans la chambre.\" \/>\n<meta property=\"og:url\" content=\"https:\/\/legandgo.com\/fr\/shop\/meubles-pour-enfants\/fauteuil-poire\/\" \/>\n<meta property=\"og:site_name\" content=\"leg&amp;go\" \/>\n<meta property=\"article:publisher\" content=\"https:\/\/www.facebook.com\/legandgo\" \/>\n<meta property=\"article:modified_time\" content=\"2026-03-11T18:31:37+00:00\" \/>\n<meta property=\"og:image\" content=\"https:\/\/legandgo.com\/wp-content\/uploads\/2025\/03\/beanbag-chair-icon.jpg\" \/>\n\t<meta property=\"og:image:width\" content=\"900\" \/>\n\t<meta property=\"og:image:height\" content=\"900\" \/>\n\t<meta property=\"og:image:type\" content=\"image\/jpeg\" \/>\n<meta name=\"twitter:card\" content=\"summary_large_image\" \/>\n<script type=\"application\/ld+json\" class=\"yoast-schema-graph\">{\"@context\":\"https:\/\/schema.org\",\"@graph\":[{\"@type\":\"WebPage\",\"@id\":\"https:\/\/legandgo.com\/fr\/shop\/meubles-pour-enfants\/fauteuil-poire\/\",\"url\":\"https:\/\/legandgo.com\/fr\/shop\/meubles-pour-enfants\/fauteuil-poire\/\",\"name\":\"Fauteuil Poire &#183; leg&amp;go\",\"isPartOf\":{\"@id\":\"https:\/\/legandgo.com\/fr\/#website\"},\"primaryImageOfPage\":{\"@id\":\"https:\/\/legandgo.com\/fr\/shop\/meubles-pour-enfants\/fauteuil-poire\/#primaryimage\"},\"image\":{\"@id\":\"https:\/\/legandgo.com\/fr\/shop\/meubles-pour-enfants\/fauteuil-poire\/#primaryimage\"},\"thumbnailUrl\":\"https:\/\/legandgo.com\/wp-content\/uploads\/2025\/03\/beanbag-chair-icon.jpg\",\"datePublished\":\"2025-03-26T14:11:02+00:00\",\"dateModified\":\"2026-03-11T18:31:37+00:00\",\"description\":\"Pouf Ours pour enfants en tissu teddy doux. L\u00e9ger, confortable et certifi\u00e9 OEKO TEX. Id\u00e9al pour lire, jouer et se d\u00e9tendre dans la chambre.\",\"breadcrumb\":{\"@id\":\"https:\/\/legandgo.com\/fr\/shop\/meubles-pour-enfants\/fauteuil-poire\/#breadcrumb\"},\"inLanguage\":\"fr-FR\",\"potentialAction\":[{\"@type\":\"ReadAction\",\"target\":[\"https:\/\/legandgo.com\/fr\/shop\/meubles-pour-enfants\/fauteuil-poire\/\"]}]},{\"@type\":\"ImageObject\",\"inLanguage\":\"fr-FR\",\"@id\":\"https:\/\/legandgo.com\/fr\/shop\/meubles-pour-enfants\/fauteuil-poire\/#primaryimage\",\"url\":\"https:\/\/legandgo.com\/wp-content\/uploads\/2025\/03\/beanbag-chair-icon.jpg\",\"contentUrl\":\"https:\/\/legandgo.com\/wp-content\/uploads\/2025\/03\/beanbag-chair-icon.jpg\",\"width\":900,\"height\":900,\"caption\":\"Fauteuil Poire\"},{\"@type\":\"BreadcrumbList\",\"@id\":\"https:\/\/legandgo.com\/fr\/shop\/meubles-pour-enfants\/fauteuil-poire\/#breadcrumb\",\"itemListElement\":[{\"@type\":\"ListItem\",\"position\":1,\"name\":\"Home\",\"item\":\"https:\/\/legandgo.com\/fr\/\"},{\"@type\":\"ListItem\",\"position\":2,\"name\":\"Shop\",\"item\":\"https:\/\/legandgo.com\/fr\/shop\/\"},{\"@type\":\"ListItem\",\"position\":3,\"name\":\"Fauteuil Poire\"}]},{\"@type\":\"WebSite\",\"@id\":\"https:\/\/legandgo.com\/fr\/#website\",\"url\":\"https:\/\/legandgo.com\/fr\/\",\"name\":\"leg&amp;go\",\"description\":\"\",\"publisher\":{\"@id\":\"https:\/\/legandgo.com\/fr\/#organization\"},\"potentialAction\":[{\"@type\":\"SearchAction\",\"target\":{\"@type\":\"EntryPoint\",\"urlTemplate\":\"https:\/\/legandgo.com\/fr\/?s={search_term_string}\"},\"query-input\":{\"@type\":\"PropertyValueSpecification\",\"valueRequired\":true,\"valueName\":\"search_term_string\"}}],\"inLanguage\":\"fr-FR\"},{\"@type\":\"Organization\",\"@id\":\"https:\/\/legandgo.com\/fr\/#organization\",\"name\":\"leg&go bike\",\"url\":\"https:\/\/legandgo.com\/fr\/\",\"logo\":{\"@type\":\"ImageObject\",\"inLanguage\":\"fr-FR\",\"@id\":\"https:\/\/legandgo.com\/fr\/#\/schema\/logo\/image\/\",\"url\":\"https:\/\/legandgo.com\/wp-content\/uploads\/2021\/03\/logorf.png\",\"contentUrl\":\"https:\/\/legandgo.com\/wp-content\/uploads\/2021\/03\/logorf.png\",\"width\":675,\"height\":216,\"caption\":\"leg&go bike\"},\"image\":{\"@id\":\"https:\/\/legandgo.com\/fr\/#\/schema\/logo\/image\/\"},\"sameAs\":[\"https:\/\/www.facebook.com\/legandgo\",\"https:\/\/www.instagram.com\/legandgo\/\",\"https:\/\/www.linkedin.com\/company\/legandgo\/\",\"https:\/\/www.pinterest.com\/legandgo\/\",\"https:\/\/www.youtube.com\/channel\/UC_FBzWPmKWE0g7fcR4Xdfuw\/\"]}]}<\/script>\n<!-- \/ Yoast SEO plugin. -->","yoast_head_json":{"title":"Fauteuil Poire &#183; leg&amp;go","description":"Pouf Ours pour enfants en tissu teddy doux. L\u00e9ger, confortable et certifi\u00e9 OEKO TEX. Id\u00e9al pour lire, jouer et se d\u00e9tendre dans la chambre.","robots":{"index":"index","follow":"follow","max-snippet":"max-snippet:-1","max-image-preview":"max-image-preview:large","max-video-preview":"max-video-preview:-1"},"canonical":"https:\/\/legandgo.com\/fr\/shop\/meubles-pour-enfants\/fauteuil-poire\/","og_locale":"fr_FR","og_type":"article","og_title":"Fauteuil Poire &#183; leg&amp;go","og_description":"Pouf Ours pour enfants en tissu teddy doux. L\u00e9ger, confortable et certifi\u00e9 OEKO TEX. Id\u00e9al pour lire, jouer et se d\u00e9tendre dans la chambre.","og_url":"https:\/\/legandgo.com\/fr\/shop\/meubles-pour-enfants\/fauteuil-poire\/","og_site_name":"leg&amp;go","article_publisher":"https:\/\/www.facebook.com\/legandgo","article_modified_time":"2026-03-11T18:31:37+00:00","og_image":[{"width":900,"height":900,"url":"https:\/\/legandgo.com\/wp-content\/uploads\/2025\/03\/beanbag-chair-icon.jpg","type":"image\/jpeg"}],"twitter_card":"summary_large_image","schema":{"@context":"https:\/\/schema.org","@graph":[{"@type":"WebPage","@id":"https:\/\/legandgo.com\/fr\/shop\/meubles-pour-enfants\/fauteuil-poire\/","url":"https:\/\/legandgo.com\/fr\/shop\/meubles-pour-enfants\/fauteuil-poire\/","name":"Fauteuil Poire &#183; leg&amp;go","isPartOf":{"@id":"https:\/\/legandgo.com\/fr\/#website"},"primaryImageOfPage":{"@id":"https:\/\/legandgo.com\/fr\/shop\/meubles-pour-enfants\/fauteuil-poire\/#primaryimage"},"image":{"@id":"https:\/\/legandgo.com\/fr\/shop\/meubles-pour-enfants\/fauteuil-poire\/#primaryimage"},"thumbnailUrl":"https:\/\/legandgo.com\/wp-content\/uploads\/2025\/03\/beanbag-chair-icon.jpg","datePublished":"2025-03-26T14:11:02+00:00","dateModified":"2026-03-11T18:31:37+00:00","description":"Pouf Ours pour enfants en tissu teddy doux. L\u00e9ger, confortable et certifi\u00e9 OEKO TEX. Id\u00e9al pour lire, jouer et se d\u00e9tendre dans la chambre.","breadcrumb":{"@id":"https:\/\/legandgo.com\/fr\/shop\/meubles-pour-enfants\/fauteuil-poire\/#breadcrumb"},"inLanguage":"fr-FR","potentialAction":[{"@type":"ReadAction","target":["https:\/\/legandgo.com\/fr\/shop\/meubles-pour-enfants\/fauteuil-poire\/"]}]},{"@type":"ImageObject","inLanguage":"fr-FR","@id":"https:\/\/legandgo.com\/fr\/shop\/meubles-pour-enfants\/fauteuil-poire\/#primaryimage","url":"https:\/\/legandgo.com\/wp-content\/uploads\/2025\/03\/beanbag-chair-icon.jpg","contentUrl":"https:\/\/legandgo.com\/wp-content\/uploads\/2025\/03\/beanbag-chair-icon.jpg","width":900,"height":900,"caption":"Fauteuil Poire"},{"@type":"BreadcrumbList","@id":"https:\/\/legandgo.com\/fr\/shop\/meubles-pour-enfants\/fauteuil-poire\/#breadcrumb","itemListElement":[{"@type":"ListItem","position":1,"name":"Home","item":"https:\/\/legandgo.com\/fr\/"},{"@type":"ListItem","position":2,"name":"Shop","item":"https:\/\/legandgo.com\/fr\/shop\/"},{"@type":"ListItem","position":3,"name":"Fauteuil Poire"}]},{"@type":"WebSite","@id":"https:\/\/legandgo.com\/fr\/#website","url":"https:\/\/legandgo.com\/fr\/","name":"leg&amp;go","description":"","publisher":{"@id":"https:\/\/legandgo.com\/fr\/#organization"},"potentialAction":[{"@type":"SearchAction","target":{"@type":"EntryPoint","urlTemplate":"https:\/\/legandgo.com\/fr\/?s={search_term_string}"},"query-input":{"@type":"PropertyValueSpecification","valueRequired":true,"valueName":"search_term_string"}}],"inLanguage":"fr-FR"},{"@type":"Organization","@id":"https:\/\/legandgo.com\/fr\/#organization","name":"leg&go bike","url":"https:\/\/legandgo.com\/fr\/","logo":{"@type":"ImageObject","inLanguage":"fr-FR","@id":"https:\/\/legandgo.com\/fr\/#\/schema\/logo\/image\/","url":"https:\/\/legandgo.com\/wp-content\/uploads\/2021\/03\/logorf.png","contentUrl":"https:\/\/legandgo.com\/wp-content\/uploads\/2021\/03\/logorf.png","width":675,"height":216,"caption":"leg&go bike"},"image":{"@id":"https:\/\/legandgo.com\/fr\/#\/schema\/logo\/image\/"},"sameAs":["https:\/\/www.facebook.com\/legandgo","https:\/\/www.instagram.com\/legandgo\/","https:\/\/www.linkedin.com\/company\/legandgo\/","https:\/\/www.pinterest.com\/legandgo\/","https:\/\/www.youtube.com\/channel\/UC_FBzWPmKWE0g7fcR4Xdfuw\/"]}]}},"_links":{"self":[{"href":"https:\/\/legandgo.com\/fr\/wp-json\/wp\/v2\/product\/37043","targetHints":{"allow":["GET"]}}],"collection":[{"href":"https:\/\/legandgo.com\/fr\/wp-json\/wp\/v2\/product"}],"about":[{"href":"https:\/\/legandgo.com\/fr\/wp-json\/wp\/v2\/types\/product"}],"replies":[{"embeddable":true,"href":"https:\/\/legandgo.com\/fr\/wp-json\/wp\/v2\/comments?post=37043"}],"version-history":[{"count":18,"href":"https:\/\/legandgo.com\/fr\/wp-json\/wp\/v2\/product\/37043\/revisions"}],"predecessor-version":[{"id":53581,"href":"https:\/\/legandgo.com\/fr\/wp-json\/wp\/v2\/product\/37043\/revisions\/53581"}],"wp:featuredmedia":[{"embeddable":true,"href":"https:\/\/legandgo.com\/fr\/wp-json\/wp\/v2\/media\/37123"}],"wp:attachment":[{"href":"https:\/\/legandgo.com\/fr\/wp-json\/wp\/v2\/media?parent=37043"}],"wp:term":[{"taxonomy":"product_brand","embeddable":true,"href":"https:\/\/legandgo.com\/fr\/wp-json\/wp\/v2\/product_brand?post=37043"},{"taxonomy":"product_cat","embeddable":true,"href":"https:\/\/legandgo.com\/fr\/wp-json\/wp\/v2\/product_cat?post=37043"},{"taxonomy":"product_tag","embeddable":true,"href":"https:\/\/legandgo.com\/fr\/wp-json\/wp\/v2\/product_tag?post=37043"}],"curies":[{"name":"wp","href":"https:\/\/api.w.org\/{rel}","templated":true}]}}