{"id":37066,"date":"2025-03-31T09:04:33","date_gmt":"2025-03-31T07:04:33","guid":{"rendered":"https:\/\/legandgo.com\/?post_type=product&#038;p=37066"},"modified":"2026-03-11T20:32:43","modified_gmt":"2026-03-11T18:32:43","slug":"kids-play-sofa","status":"publish","type":"product","link":"https:\/\/legandgo.com\/fr\/shop\/meubles-pour-enfants\/kids-play-sofa\/","title":{"rendered":"Canap\u00e9 de Jeu pour Enfants"},"content":{"rendered":"<p style=\"font-weight: 400;\">Doux mais offrant un bon maintien, il se transforme facilement d\u2019un canap\u00e9 confortable pour enfants en un espace de jeu cr\u00e9atif o\u00f9 l\u2019imagination prend le dessus.<\/p>\n<p style=\"font-weight: 400;\">Le Canap\u00e9 de Jeu pour Enfants Wigiwama est con\u00e7u pour un jeu imaginatif sans fin et des moments de d\u00e9tente tout en douceur. Son design modulaire bien pens\u00e9 compos\u00e9 de 9 pi\u00e8ces permet aux petits constructeurs de cr\u00e9er des cabanes, des voitures, des coins lecture ou des cachettes secr\u00e8tes. <\/p>\n<p style=\"font-weight: 400;\">L\u00e9ger et facile \u00e0 d\u00e9placer, le Canap\u00e9 de Jeu pour Enfants transforme n\u2019importe quelle chambre d\u2019enfant ou salle de jeux en un espace cosy pour lire, se reposer et vivre des aventures quotidiennes.<\/p>\n<p style=\"font-weight: 400;\"><strong>Explorez davantage ci-dessous.<\/strong><\/p>\n","protected":false},"excerpt":{"rendered":"<p>Doux mais offrant un bon maintien, il se transforme facilement d\u2019un canap\u00e9 confortable pour enfants en un espace de jeu cr\u00e9atif o\u00f9 l\u2019imagination prend le dessus. Le Canap\u00e9 de Jeu pour Enfants Wigiwama est con\u00e7u pour un jeu imaginatif sans fin et des moments de d\u00e9tente tout en douceur. Son design modulaire bien pens\u00e9 compos\u00e9<a class=\"excerpt-read-more\" href=\"https:\/\/legandgo.com\/fr\/shop\/meubles-pour-enfants\/kids-play-sofa\/\" title=\"ReadCanap\u00e9 de Jeu pour Enfants\">&#8230; Read more &raquo;<\/a><\/p>\n","protected":false},"featured_media":36932,"comment_status":"closed","ping_status":"closed","template":"","meta":{"_acf_changed":false,"inline_featured_image":false,"footnotes":""},"product_brand":[],"product_cat":[1314,406],"product_tag":[743,740,747,744,1696,741,1249,1701,748,745,1704,742,1250,746,1703,1702,1697],"class_list":{"0":"post-37066","1":"product","2":"type-product","3":"status-publish","4":"has-post-thumbnail","6":"product_cat-meubles","7":"product_cat-meubles-pour-enfants","8":"product_tag-canape-pour-enfant","9":"product_tag-canape-pour-enfants-fr","10":"product_tag-canapes-play","11":"product_tag-canapes-pour-enfants","12":"product_tag-childrens-couch","13":"product_tag-childrens-sofa-fr","14":"product_tag-childrens-sofa-beds","15":"product_tag-childs-fold-out-sofa","16":"product_tag-kids-canape","17":"product_tag-mobilier-de-jeu-souple","18":"product_tag-modular-kids-sofa","19":"product_tag-play-canape","20":"product_tag-playroom-sofa","21":"product_tag-sieges-pour-enfants","22":"product_tag-sofa-settee-for-kids","23":"product_tag-soft-kids","24":"product_tag-toddler-couch","25":"product_shipping_class-settee-sofa-shipping-fr","26":"pa_color-blanc-creme","27":"pa_color-biscuit-fr","28":"pa_color-sucre-brun","29":"pa_color-caramel","31":"first","32":"instock","33":"purchasable","34":"product-type-variable"},"bundled_by":[],"bundle_stock_status":"instock","bundle_stock_quantity":null,"bundle_virtual":false,"bundle_layout":"","bundle_add_to_cart_form_location":"","bundle_editable_in_cart":false,"bundle_sold_individually_context":"","bundle_item_grouping":"","bundle_min_size":"","bundle_max_size":"","bundle_price":[],"bundled_items":[],"bundle_sell_ids":[],"acf":[],"yoast_head":"<!-- This site is optimized with the Yoast SEO plugin v25.9 - https:\/\/yoast.com\/wordpress\/plugins\/seo\/ -->\n<title>Canap\u00e9 de Jeu pour Enfants &#183; leg&amp;go<\/title>\n<meta name=\"description\" content=\"Modern kids sofa seating with a soft-block feel. Modular design that blends comfort, play and style in contemporary homes.\" \/>\n<meta name=\"robots\" content=\"index, follow, max-snippet:-1, max-image-preview:large, max-video-preview:-1\" \/>\n<link rel=\"canonical\" href=\"https:\/\/legandgo.com\/fr\/shop\/meubles-pour-enfants\/kids-play-sofa\/\" \/>\n<meta property=\"og:locale\" content=\"fr_FR\" \/>\n<meta property=\"og:type\" content=\"article\" \/>\n<meta property=\"og:title\" content=\"Canap\u00e9 de Jeu pour Enfants &#183; leg&amp;go\" \/>\n<meta property=\"og:description\" content=\"Modern kids sofa seating with a soft-block feel. Modular design that blends comfort, play and style in contemporary homes.\" \/>\n<meta property=\"og:url\" content=\"https:\/\/legandgo.com\/fr\/shop\/meubles-pour-enfants\/kids-play-sofa\/\" \/>\n<meta property=\"og:site_name\" content=\"leg&amp;go\" \/>\n<meta property=\"article:publisher\" content=\"https:\/\/www.facebook.com\/legandgo\" \/>\n<meta property=\"article:modified_time\" content=\"2026-03-11T18:32:43+00:00\" \/>\n<meta property=\"og:image\" content=\"https:\/\/legandgo.com\/wp-content\/uploads\/2025\/03\/icon-sofa-1.jpg\" \/>\n\t<meta property=\"og:image:width\" content=\"250\" \/>\n\t<meta property=\"og:image:height\" content=\"250\" \/>\n\t<meta property=\"og:image:type\" content=\"image\/jpeg\" \/>\n<meta name=\"twitter:card\" content=\"summary_large_image\" \/>\n<meta name=\"twitter:label1\" content=\"Dur\u00e9e de lecture estim\u00e9e\" \/>\n\t<meta name=\"twitter:data1\" content=\"1 minute\" \/>\n<script type=\"application\/ld+json\" class=\"yoast-schema-graph\">{\"@context\":\"https:\/\/schema.org\",\"@graph\":[{\"@type\":\"WebPage\",\"@id\":\"https:\/\/legandgo.com\/fr\/shop\/meubles-pour-enfants\/kids-play-sofa\/\",\"url\":\"https:\/\/legandgo.com\/fr\/shop\/meubles-pour-enfants\/kids-play-sofa\/\",\"name\":\"Canap\u00e9 de Jeu pour Enfants &#183; leg&amp;go\",\"isPartOf\":{\"@id\":\"https:\/\/legandgo.com\/fr\/#website\"},\"primaryImageOfPage\":{\"@id\":\"https:\/\/legandgo.com\/fr\/shop\/meubles-pour-enfants\/kids-play-sofa\/#primaryimage\"},\"image\":{\"@id\":\"https:\/\/legandgo.com\/fr\/shop\/meubles-pour-enfants\/kids-play-sofa\/#primaryimage\"},\"thumbnailUrl\":\"https:\/\/legandgo.com\/wp-content\/uploads\/2025\/03\/icon-sofa-1.jpg\",\"datePublished\":\"2025-03-31T07:04:33+00:00\",\"dateModified\":\"2026-03-11T18:32:43+00:00\",\"description\":\"Modern kids sofa seating with a soft-block feel. Modular design that blends comfort, play and style in contemporary homes.\",\"breadcrumb\":{\"@id\":\"https:\/\/legandgo.com\/fr\/shop\/meubles-pour-enfants\/kids-play-sofa\/#breadcrumb\"},\"inLanguage\":\"fr-FR\",\"potentialAction\":[{\"@type\":\"ReadAction\",\"target\":[\"https:\/\/legandgo.com\/fr\/shop\/meubles-pour-enfants\/kids-play-sofa\/\"]}]},{\"@type\":\"ImageObject\",\"inLanguage\":\"fr-FR\",\"@id\":\"https:\/\/legandgo.com\/fr\/shop\/meubles-pour-enfants\/kids-play-sofa\/#primaryimage\",\"url\":\"https:\/\/legandgo.com\/wp-content\/uploads\/2025\/03\/icon-sofa-1.jpg\",\"contentUrl\":\"https:\/\/legandgo.com\/wp-content\/uploads\/2025\/03\/icon-sofa-1.jpg\",\"width\":250,\"height\":250,\"caption\":\"play couch kids\"},{\"@type\":\"BreadcrumbList\",\"@id\":\"https:\/\/legandgo.com\/fr\/shop\/meubles-pour-enfants\/kids-play-sofa\/#breadcrumb\",\"itemListElement\":[{\"@type\":\"ListItem\",\"position\":1,\"name\":\"Home\",\"item\":\"https:\/\/legandgo.com\/fr\/\"},{\"@type\":\"ListItem\",\"position\":2,\"name\":\"Shop\",\"item\":\"https:\/\/legandgo.com\/fr\/shop\/\"},{\"@type\":\"ListItem\",\"position\":3,\"name\":\"Canap\u00e9 de Jeu pour Enfants\"}]},{\"@type\":\"WebSite\",\"@id\":\"https:\/\/legandgo.com\/fr\/#website\",\"url\":\"https:\/\/legandgo.com\/fr\/\",\"name\":\"leg&amp;go\",\"description\":\"\",\"publisher\":{\"@id\":\"https:\/\/legandgo.com\/fr\/#organization\"},\"potentialAction\":[{\"@type\":\"SearchAction\",\"target\":{\"@type\":\"EntryPoint\",\"urlTemplate\":\"https:\/\/legandgo.com\/fr\/?s={search_term_string}\"},\"query-input\":{\"@type\":\"PropertyValueSpecification\",\"valueRequired\":true,\"valueName\":\"search_term_string\"}}],\"inLanguage\":\"fr-FR\"},{\"@type\":\"Organization\",\"@id\":\"https:\/\/legandgo.com\/fr\/#organization\",\"name\":\"leg&go bike\",\"url\":\"https:\/\/legandgo.com\/fr\/\",\"logo\":{\"@type\":\"ImageObject\",\"inLanguage\":\"fr-FR\",\"@id\":\"https:\/\/legandgo.com\/fr\/#\/schema\/logo\/image\/\",\"url\":\"https:\/\/legandgo.com\/wp-content\/uploads\/2021\/03\/logorf.png\",\"contentUrl\":\"https:\/\/legandgo.com\/wp-content\/uploads\/2021\/03\/logorf.png\",\"width\":675,\"height\":216,\"caption\":\"leg&go bike\"},\"image\":{\"@id\":\"https:\/\/legandgo.com\/fr\/#\/schema\/logo\/image\/\"},\"sameAs\":[\"https:\/\/www.facebook.com\/legandgo\",\"https:\/\/www.instagram.com\/legandgo\/\",\"https:\/\/www.linkedin.com\/company\/legandgo\/\",\"https:\/\/www.pinterest.com\/legandgo\/\",\"https:\/\/www.youtube.com\/channel\/UC_FBzWPmKWE0g7fcR4Xdfuw\/\"]}]}<\/script>\n<!-- \/ Yoast SEO plugin. -->","yoast_head_json":{"title":"Canap\u00e9 de Jeu pour Enfants &#183; leg&amp;go","description":"Modern kids sofa seating with a soft-block feel. Modular design that blends comfort, play and style in contemporary homes.","robots":{"index":"index","follow":"follow","max-snippet":"max-snippet:-1","max-image-preview":"max-image-preview:large","max-video-preview":"max-video-preview:-1"},"canonical":"https:\/\/legandgo.com\/fr\/shop\/meubles-pour-enfants\/kids-play-sofa\/","og_locale":"fr_FR","og_type":"article","og_title":"Canap\u00e9 de Jeu pour Enfants &#183; leg&amp;go","og_description":"Modern kids sofa seating with a soft-block feel. Modular design that blends comfort, play and style in contemporary homes.","og_url":"https:\/\/legandgo.com\/fr\/shop\/meubles-pour-enfants\/kids-play-sofa\/","og_site_name":"leg&amp;go","article_publisher":"https:\/\/www.facebook.com\/legandgo","article_modified_time":"2026-03-11T18:32:43+00:00","og_image":[{"width":250,"height":250,"url":"https:\/\/legandgo.com\/wp-content\/uploads\/2025\/03\/icon-sofa-1.jpg","type":"image\/jpeg"}],"twitter_card":"summary_large_image","twitter_misc":{"Dur\u00e9e de lecture estim\u00e9e":"1 minute"},"schema":{"@context":"https:\/\/schema.org","@graph":[{"@type":"WebPage","@id":"https:\/\/legandgo.com\/fr\/shop\/meubles-pour-enfants\/kids-play-sofa\/","url":"https:\/\/legandgo.com\/fr\/shop\/meubles-pour-enfants\/kids-play-sofa\/","name":"Canap\u00e9 de Jeu pour Enfants &#183; leg&amp;go","isPartOf":{"@id":"https:\/\/legandgo.com\/fr\/#website"},"primaryImageOfPage":{"@id":"https:\/\/legandgo.com\/fr\/shop\/meubles-pour-enfants\/kids-play-sofa\/#primaryimage"},"image":{"@id":"https:\/\/legandgo.com\/fr\/shop\/meubles-pour-enfants\/kids-play-sofa\/#primaryimage"},"thumbnailUrl":"https:\/\/legandgo.com\/wp-content\/uploads\/2025\/03\/icon-sofa-1.jpg","datePublished":"2025-03-31T07:04:33+00:00","dateModified":"2026-03-11T18:32:43+00:00","description":"Modern kids sofa seating with a soft-block feel. Modular design that blends comfort, play and style in contemporary homes.","breadcrumb":{"@id":"https:\/\/legandgo.com\/fr\/shop\/meubles-pour-enfants\/kids-play-sofa\/#breadcrumb"},"inLanguage":"fr-FR","potentialAction":[{"@type":"ReadAction","target":["https:\/\/legandgo.com\/fr\/shop\/meubles-pour-enfants\/kids-play-sofa\/"]}]},{"@type":"ImageObject","inLanguage":"fr-FR","@id":"https:\/\/legandgo.com\/fr\/shop\/meubles-pour-enfants\/kids-play-sofa\/#primaryimage","url":"https:\/\/legandgo.com\/wp-content\/uploads\/2025\/03\/icon-sofa-1.jpg","contentUrl":"https:\/\/legandgo.com\/wp-content\/uploads\/2025\/03\/icon-sofa-1.jpg","width":250,"height":250,"caption":"play couch kids"},{"@type":"BreadcrumbList","@id":"https:\/\/legandgo.com\/fr\/shop\/meubles-pour-enfants\/kids-play-sofa\/#breadcrumb","itemListElement":[{"@type":"ListItem","position":1,"name":"Home","item":"https:\/\/legandgo.com\/fr\/"},{"@type":"ListItem","position":2,"name":"Shop","item":"https:\/\/legandgo.com\/fr\/shop\/"},{"@type":"ListItem","position":3,"name":"Canap\u00e9 de Jeu pour Enfants"}]},{"@type":"WebSite","@id":"https:\/\/legandgo.com\/fr\/#website","url":"https:\/\/legandgo.com\/fr\/","name":"leg&amp;go","description":"","publisher":{"@id":"https:\/\/legandgo.com\/fr\/#organization"},"potentialAction":[{"@type":"SearchAction","target":{"@type":"EntryPoint","urlTemplate":"https:\/\/legandgo.com\/fr\/?s={search_term_string}"},"query-input":{"@type":"PropertyValueSpecification","valueRequired":true,"valueName":"search_term_string"}}],"inLanguage":"fr-FR"},{"@type":"Organization","@id":"https:\/\/legandgo.com\/fr\/#organization","name":"leg&go bike","url":"https:\/\/legandgo.com\/fr\/","logo":{"@type":"ImageObject","inLanguage":"fr-FR","@id":"https:\/\/legandgo.com\/fr\/#\/schema\/logo\/image\/","url":"https:\/\/legandgo.com\/wp-content\/uploads\/2021\/03\/logorf.png","contentUrl":"https:\/\/legandgo.com\/wp-content\/uploads\/2021\/03\/logorf.png","width":675,"height":216,"caption":"leg&go bike"},"image":{"@id":"https:\/\/legandgo.com\/fr\/#\/schema\/logo\/image\/"},"sameAs":["https:\/\/www.facebook.com\/legandgo","https:\/\/www.instagram.com\/legandgo\/","https:\/\/www.linkedin.com\/company\/legandgo\/","https:\/\/www.pinterest.com\/legandgo\/","https:\/\/www.youtube.com\/channel\/UC_FBzWPmKWE0g7fcR4Xdfuw\/"]}]}},"_links":{"self":[{"href":"https:\/\/legandgo.com\/fr\/wp-json\/wp\/v2\/product\/37066","targetHints":{"allow":["GET"]}}],"collection":[{"href":"https:\/\/legandgo.com\/fr\/wp-json\/wp\/v2\/product"}],"about":[{"href":"https:\/\/legandgo.com\/fr\/wp-json\/wp\/v2\/types\/product"}],"replies":[{"embeddable":true,"href":"https:\/\/legandgo.com\/fr\/wp-json\/wp\/v2\/comments?post=37066"}],"version-history":[{"count":22,"href":"https:\/\/legandgo.com\/fr\/wp-json\/wp\/v2\/product\/37066\/revisions"}],"predecessor-version":[{"id":54293,"href":"https:\/\/legandgo.com\/fr\/wp-json\/wp\/v2\/product\/37066\/revisions\/54293"}],"wp:featuredmedia":[{"embeddable":true,"href":"https:\/\/legandgo.com\/fr\/wp-json\/wp\/v2\/media\/36932"}],"wp:attachment":[{"href":"https:\/\/legandgo.com\/fr\/wp-json\/wp\/v2\/media?parent=37066"}],"wp:term":[{"taxonomy":"product_brand","embeddable":true,"href":"https:\/\/legandgo.com\/fr\/wp-json\/wp\/v2\/product_brand?post=37066"},{"taxonomy":"product_cat","embeddable":true,"href":"https:\/\/legandgo.com\/fr\/wp-json\/wp\/v2\/product_cat?post=37066"},{"taxonomy":"product_tag","embeddable":true,"href":"https:\/\/legandgo.com\/fr\/wp-json\/wp\/v2\/product_tag?post=37066"}],"curies":[{"name":"wp","href":"https:\/\/api.w.org\/{rel}","templated":true}]}}