{"id":37345,"date":"2025-04-04T11:12:18","date_gmt":"2025-04-04T09:12:18","guid":{"rendered":"https:\/\/legandgo.com\/?post_type=product&#038;p=37345"},"modified":"2026-02-20T19:10:19","modified_gmt":"2026-02-20T17:10:19","slug":"coussin-pour-enfants-ours","status":"publish","type":"product","link":"https:\/\/legandgo.com\/fr\/shop\/meubles-pour-enfants\/coussin-pour-enfants-ours\/","title":{"rendered":"Coussin Pour Enfants \u2013 Ours"},"content":{"rendered":"<p style=\"font-weight: 400;\">Le Coussin Ours Wigiwama est un \u00e9l\u00e9ment de d\u00e9coration charmant con\u00e7u pour apporter chaleur et personnalit\u00e9 \u00e0 une chambre d\u2019enfant ou \u00e0 un espace de jeu. L\u00e9ger, c\u00e2lin et facile \u00e0 transporter, il se d\u00e9place partout o\u00f9 le confort est n\u00e9cessaire \u2014 du lit au coin lecture, jusqu\u2019au canap\u00e9 de jeu. <\/p>\n<p style=\"font-weight: 400;\">Sa douce texture en tissu teddy, sa jolie forme d\u2019ours et son rembourrage non allerg\u00e8ne en font un accessoire parfait, aussi bien d\u00e9coratif que pour les c\u00e2lins du quotidien.<\/p>\n<p style=\"font-weight: 400;\"><strong>Explorez davantage ci-dessous.<\/strong><\/p>\n","protected":false},"excerpt":{"rendered":"<p>Le Coussin Ours Wigiwama est un \u00e9l\u00e9ment de d\u00e9coration charmant con\u00e7u pour apporter chaleur et personnalit\u00e9 \u00e0 une chambre d\u2019enfant ou \u00e0 un espace de jeu. L\u00e9ger, c\u00e2lin et facile \u00e0 transporter, il se d\u00e9place partout o\u00f9 le confort est n\u00e9cessaire \u2014 du lit au coin lecture, jusqu\u2019au canap\u00e9 de jeu. Sa douce texture en<a class=\"excerpt-read-more\" href=\"https:\/\/legandgo.com\/fr\/shop\/meubles-pour-enfants\/coussin-pour-enfants-ours\/\" title=\"ReadCoussin Pour Enfants \u2013 Ours\">&#8230; Read more &raquo;<\/a><\/p>\n","protected":false},"featured_media":37252,"comment_status":"closed","ping_status":"closed","template":"","meta":{"_acf_changed":false,"inline_featured_image":false,"footnotes":""},"product_brand":[],"product_cat":[1314,406],"product_tag":[1520,1521,1518,1517,1516,1512,1513,1511,1515,1514,1519,745,746],"class_list":{"0":"post-37345","1":"product","2":"type-product","3":"status-publish","4":"has-post-thumbnail","6":"product_cat-meubles","7":"product_cat-meubles-pour-enfants","8":"product_tag-bear-pillow-kids","9":"product_tag-bear-shaped-cushion","10":"product_tag-childrens-floor-pillows","11":"product_tag-childrens-throw-pillows","12":"product_tag-kids-accent-cushions","13":"product_tag-kids-bear-pillow","14":"product_tag-kids-bear-plush-pillow","15":"product_tag-kids-cushion-bear","16":"product_tag-kids-decorative-cushions","17":"product_tag-kids-pillows","18":"product_tag-kids-plush-cushions","19":"product_tag-mobilier-de-jeu-souple","20":"product_tag-sieges-pour-enfants","21":"product_shipping_class-beanbags-cushions-shipping-fr","22":"pa_color-blanc-creme","23":"pa_color-biscuit-fr","24":"pa_color-erable","25":"pa_color-matcha-fr","26":"pa_color-goyave","28":"first","29":"instock","30":"purchasable","31":"product-type-variable"},"bundled_by":[],"bundle_stock_status":"instock","bundle_stock_quantity":null,"bundle_virtual":false,"bundle_layout":"","bundle_add_to_cart_form_location":"","bundle_editable_in_cart":false,"bundle_sold_individually_context":"","bundle_item_grouping":"","bundle_min_size":"","bundle_max_size":"","bundle_price":[],"bundled_items":[],"bundle_sell_ids":[],"acf":[],"yoast_head":"<!-- This site is optimized with the Yoast SEO plugin v25.9 - https:\/\/yoast.com\/wordpress\/plugins\/seo\/ -->\n<title>Coussin Pour Enfants \u2013 Ours &#183; leg&amp;go<\/title>\n<meta name=\"description\" content=\"Pouf Ours pour enfants en tissu teddy doux. L\u00e9ger, confortable et certifi\u00e9 OEKO TEX. Id\u00e9al pour lire, jouer et se d\u00e9tendre dans la chambre.\" \/>\n<meta name=\"robots\" content=\"index, follow, max-snippet:-1, max-image-preview:large, max-video-preview:-1\" \/>\n<link rel=\"canonical\" href=\"https:\/\/legandgo.com\/fr\/shop\/meubles-pour-enfants\/coussin-pour-enfants-ours\/\" \/>\n<meta property=\"og:locale\" content=\"fr_FR\" \/>\n<meta property=\"og:type\" content=\"article\" \/>\n<meta property=\"og:title\" content=\"Coussin Pour Enfants \u2013 Ours &#183; leg&amp;go\" \/>\n<meta property=\"og:description\" content=\"Pouf Ours pour enfants en tissu teddy doux. L\u00e9ger, confortable et certifi\u00e9 OEKO TEX. Id\u00e9al pour lire, jouer et se d\u00e9tendre dans la chambre.\" \/>\n<meta property=\"og:url\" content=\"https:\/\/legandgo.com\/fr\/shop\/meubles-pour-enfants\/coussin-pour-enfants-ours\/\" \/>\n<meta property=\"og:site_name\" content=\"leg&amp;go\" \/>\n<meta property=\"article:publisher\" content=\"https:\/\/www.facebook.com\/legandgo\" \/>\n<meta property=\"article:modified_time\" content=\"2026-02-20T17:10:19+00:00\" \/>\n<meta property=\"og:image\" content=\"https:\/\/legandgo.com\/wp-content\/uploads\/2025\/03\/matcha-bear-cushion.jpg\" \/>\n\t<meta property=\"og:image:width\" content=\"250\" \/>\n\t<meta property=\"og:image:height\" content=\"250\" \/>\n\t<meta property=\"og:image:type\" content=\"image\/jpeg\" \/>\n<meta name=\"twitter:card\" content=\"summary_large_image\" \/>\n<script type=\"application\/ld+json\" class=\"yoast-schema-graph\">{\"@context\":\"https:\/\/schema.org\",\"@graph\":[{\"@type\":\"WebPage\",\"@id\":\"https:\/\/legandgo.com\/fr\/shop\/meubles-pour-enfants\/coussin-pour-enfants-ours\/\",\"url\":\"https:\/\/legandgo.com\/fr\/shop\/meubles-pour-enfants\/coussin-pour-enfants-ours\/\",\"name\":\"Coussin Pour Enfants \u2013 Ours &#183; leg&amp;go\",\"isPartOf\":{\"@id\":\"https:\/\/legandgo.com\/fr\/#website\"},\"primaryImageOfPage\":{\"@id\":\"https:\/\/legandgo.com\/fr\/shop\/meubles-pour-enfants\/coussin-pour-enfants-ours\/#primaryimage\"},\"image\":{\"@id\":\"https:\/\/legandgo.com\/fr\/shop\/meubles-pour-enfants\/coussin-pour-enfants-ours\/#primaryimage\"},\"thumbnailUrl\":\"https:\/\/legandgo.com\/wp-content\/uploads\/2025\/03\/matcha-bear-cushion.jpg\",\"datePublished\":\"2025-04-04T09:12:18+00:00\",\"dateModified\":\"2026-02-20T17:10:19+00:00\",\"description\":\"Pouf Ours pour enfants en tissu teddy doux. L\u00e9ger, confortable et certifi\u00e9 OEKO TEX. Id\u00e9al pour lire, jouer et se d\u00e9tendre dans la chambre.\",\"breadcrumb\":{\"@id\":\"https:\/\/legandgo.com\/fr\/shop\/meubles-pour-enfants\/coussin-pour-enfants-ours\/#breadcrumb\"},\"inLanguage\":\"fr-FR\",\"potentialAction\":[{\"@type\":\"ReadAction\",\"target\":[\"https:\/\/legandgo.com\/fr\/shop\/meubles-pour-enfants\/coussin-pour-enfants-ours\/\"]}]},{\"@type\":\"ImageObject\",\"inLanguage\":\"fr-FR\",\"@id\":\"https:\/\/legandgo.com\/fr\/shop\/meubles-pour-enfants\/coussin-pour-enfants-ours\/#primaryimage\",\"url\":\"https:\/\/legandgo.com\/wp-content\/uploads\/2025\/03\/matcha-bear-cushion.jpg\",\"contentUrl\":\"https:\/\/legandgo.com\/wp-content\/uploads\/2025\/03\/matcha-bear-cushion.jpg\",\"width\":250,\"height\":250,\"caption\":\"Kids cushion\"},{\"@type\":\"BreadcrumbList\",\"@id\":\"https:\/\/legandgo.com\/fr\/shop\/meubles-pour-enfants\/coussin-pour-enfants-ours\/#breadcrumb\",\"itemListElement\":[{\"@type\":\"ListItem\",\"position\":1,\"name\":\"Home\",\"item\":\"https:\/\/legandgo.com\/fr\/\"},{\"@type\":\"ListItem\",\"position\":2,\"name\":\"Shop\",\"item\":\"https:\/\/legandgo.com\/fr\/shop\/\"},{\"@type\":\"ListItem\",\"position\":3,\"name\":\"Coussin Pour Enfants \u2013 Ours\"}]},{\"@type\":\"WebSite\",\"@id\":\"https:\/\/legandgo.com\/fr\/#website\",\"url\":\"https:\/\/legandgo.com\/fr\/\",\"name\":\"leg&amp;go\",\"description\":\"\",\"publisher\":{\"@id\":\"https:\/\/legandgo.com\/fr\/#organization\"},\"potentialAction\":[{\"@type\":\"SearchAction\",\"target\":{\"@type\":\"EntryPoint\",\"urlTemplate\":\"https:\/\/legandgo.com\/fr\/?s={search_term_string}\"},\"query-input\":{\"@type\":\"PropertyValueSpecification\",\"valueRequired\":true,\"valueName\":\"search_term_string\"}}],\"inLanguage\":\"fr-FR\"},{\"@type\":\"Organization\",\"@id\":\"https:\/\/legandgo.com\/fr\/#organization\",\"name\":\"leg&go bike\",\"url\":\"https:\/\/legandgo.com\/fr\/\",\"logo\":{\"@type\":\"ImageObject\",\"inLanguage\":\"fr-FR\",\"@id\":\"https:\/\/legandgo.com\/fr\/#\/schema\/logo\/image\/\",\"url\":\"https:\/\/legandgo.com\/wp-content\/uploads\/2021\/03\/logorf.png\",\"contentUrl\":\"https:\/\/legandgo.com\/wp-content\/uploads\/2021\/03\/logorf.png\",\"width\":675,\"height\":216,\"caption\":\"leg&go bike\"},\"image\":{\"@id\":\"https:\/\/legandgo.com\/fr\/#\/schema\/logo\/image\/\"},\"sameAs\":[\"https:\/\/www.facebook.com\/legandgo\",\"https:\/\/www.instagram.com\/legandgo\/\",\"https:\/\/www.linkedin.com\/company\/legandgo\/\",\"https:\/\/www.pinterest.com\/legandgo\/\",\"https:\/\/www.youtube.com\/channel\/UC_FBzWPmKWE0g7fcR4Xdfuw\/\"]}]}<\/script>\n<!-- \/ Yoast SEO plugin. -->","yoast_head_json":{"title":"Coussin Pour Enfants \u2013 Ours &#183; leg&amp;go","description":"Pouf Ours pour enfants en tissu teddy doux. L\u00e9ger, confortable et certifi\u00e9 OEKO TEX. Id\u00e9al pour lire, jouer et se d\u00e9tendre dans la chambre.","robots":{"index":"index","follow":"follow","max-snippet":"max-snippet:-1","max-image-preview":"max-image-preview:large","max-video-preview":"max-video-preview:-1"},"canonical":"https:\/\/legandgo.com\/fr\/shop\/meubles-pour-enfants\/coussin-pour-enfants-ours\/","og_locale":"fr_FR","og_type":"article","og_title":"Coussin Pour Enfants \u2013 Ours &#183; leg&amp;go","og_description":"Pouf Ours pour enfants en tissu teddy doux. L\u00e9ger, confortable et certifi\u00e9 OEKO TEX. Id\u00e9al pour lire, jouer et se d\u00e9tendre dans la chambre.","og_url":"https:\/\/legandgo.com\/fr\/shop\/meubles-pour-enfants\/coussin-pour-enfants-ours\/","og_site_name":"leg&amp;go","article_publisher":"https:\/\/www.facebook.com\/legandgo","article_modified_time":"2026-02-20T17:10:19+00:00","og_image":[{"width":250,"height":250,"url":"https:\/\/legandgo.com\/wp-content\/uploads\/2025\/03\/matcha-bear-cushion.jpg","type":"image\/jpeg"}],"twitter_card":"summary_large_image","schema":{"@context":"https:\/\/schema.org","@graph":[{"@type":"WebPage","@id":"https:\/\/legandgo.com\/fr\/shop\/meubles-pour-enfants\/coussin-pour-enfants-ours\/","url":"https:\/\/legandgo.com\/fr\/shop\/meubles-pour-enfants\/coussin-pour-enfants-ours\/","name":"Coussin Pour Enfants \u2013 Ours &#183; leg&amp;go","isPartOf":{"@id":"https:\/\/legandgo.com\/fr\/#website"},"primaryImageOfPage":{"@id":"https:\/\/legandgo.com\/fr\/shop\/meubles-pour-enfants\/coussin-pour-enfants-ours\/#primaryimage"},"image":{"@id":"https:\/\/legandgo.com\/fr\/shop\/meubles-pour-enfants\/coussin-pour-enfants-ours\/#primaryimage"},"thumbnailUrl":"https:\/\/legandgo.com\/wp-content\/uploads\/2025\/03\/matcha-bear-cushion.jpg","datePublished":"2025-04-04T09:12:18+00:00","dateModified":"2026-02-20T17:10:19+00:00","description":"Pouf Ours pour enfants en tissu teddy doux. L\u00e9ger, confortable et certifi\u00e9 OEKO TEX. Id\u00e9al pour lire, jouer et se d\u00e9tendre dans la chambre.","breadcrumb":{"@id":"https:\/\/legandgo.com\/fr\/shop\/meubles-pour-enfants\/coussin-pour-enfants-ours\/#breadcrumb"},"inLanguage":"fr-FR","potentialAction":[{"@type":"ReadAction","target":["https:\/\/legandgo.com\/fr\/shop\/meubles-pour-enfants\/coussin-pour-enfants-ours\/"]}]},{"@type":"ImageObject","inLanguage":"fr-FR","@id":"https:\/\/legandgo.com\/fr\/shop\/meubles-pour-enfants\/coussin-pour-enfants-ours\/#primaryimage","url":"https:\/\/legandgo.com\/wp-content\/uploads\/2025\/03\/matcha-bear-cushion.jpg","contentUrl":"https:\/\/legandgo.com\/wp-content\/uploads\/2025\/03\/matcha-bear-cushion.jpg","width":250,"height":250,"caption":"Kids cushion"},{"@type":"BreadcrumbList","@id":"https:\/\/legandgo.com\/fr\/shop\/meubles-pour-enfants\/coussin-pour-enfants-ours\/#breadcrumb","itemListElement":[{"@type":"ListItem","position":1,"name":"Home","item":"https:\/\/legandgo.com\/fr\/"},{"@type":"ListItem","position":2,"name":"Shop","item":"https:\/\/legandgo.com\/fr\/shop\/"},{"@type":"ListItem","position":3,"name":"Coussin Pour Enfants \u2013 Ours"}]},{"@type":"WebSite","@id":"https:\/\/legandgo.com\/fr\/#website","url":"https:\/\/legandgo.com\/fr\/","name":"leg&amp;go","description":"","publisher":{"@id":"https:\/\/legandgo.com\/fr\/#organization"},"potentialAction":[{"@type":"SearchAction","target":{"@type":"EntryPoint","urlTemplate":"https:\/\/legandgo.com\/fr\/?s={search_term_string}"},"query-input":{"@type":"PropertyValueSpecification","valueRequired":true,"valueName":"search_term_string"}}],"inLanguage":"fr-FR"},{"@type":"Organization","@id":"https:\/\/legandgo.com\/fr\/#organization","name":"leg&go bike","url":"https:\/\/legandgo.com\/fr\/","logo":{"@type":"ImageObject","inLanguage":"fr-FR","@id":"https:\/\/legandgo.com\/fr\/#\/schema\/logo\/image\/","url":"https:\/\/legandgo.com\/wp-content\/uploads\/2021\/03\/logorf.png","contentUrl":"https:\/\/legandgo.com\/wp-content\/uploads\/2021\/03\/logorf.png","width":675,"height":216,"caption":"leg&go bike"},"image":{"@id":"https:\/\/legandgo.com\/fr\/#\/schema\/logo\/image\/"},"sameAs":["https:\/\/www.facebook.com\/legandgo","https:\/\/www.instagram.com\/legandgo\/","https:\/\/www.linkedin.com\/company\/legandgo\/","https:\/\/www.pinterest.com\/legandgo\/","https:\/\/www.youtube.com\/channel\/UC_FBzWPmKWE0g7fcR4Xdfuw\/"]}]}},"_links":{"self":[{"href":"https:\/\/legandgo.com\/fr\/wp-json\/wp\/v2\/product\/37345","targetHints":{"allow":["GET"]}}],"collection":[{"href":"https:\/\/legandgo.com\/fr\/wp-json\/wp\/v2\/product"}],"about":[{"href":"https:\/\/legandgo.com\/fr\/wp-json\/wp\/v2\/types\/product"}],"replies":[{"embeddable":true,"href":"https:\/\/legandgo.com\/fr\/wp-json\/wp\/v2\/comments?post=37345"}],"version-history":[{"count":15,"href":"https:\/\/legandgo.com\/fr\/wp-json\/wp\/v2\/product\/37345\/revisions"}],"predecessor-version":[{"id":52954,"href":"https:\/\/legandgo.com\/fr\/wp-json\/wp\/v2\/product\/37345\/revisions\/52954"}],"wp:featuredmedia":[{"embeddable":true,"href":"https:\/\/legandgo.com\/fr\/wp-json\/wp\/v2\/media\/37252"}],"wp:attachment":[{"href":"https:\/\/legandgo.com\/fr\/wp-json\/wp\/v2\/media?parent=37345"}],"wp:term":[{"taxonomy":"product_brand","embeddable":true,"href":"https:\/\/legandgo.com\/fr\/wp-json\/wp\/v2\/product_brand?post=37345"},{"taxonomy":"product_cat","embeddable":true,"href":"https:\/\/legandgo.com\/fr\/wp-json\/wp\/v2\/product_cat?post=37345"},{"taxonomy":"product_tag","embeddable":true,"href":"https:\/\/legandgo.com\/fr\/wp-json\/wp\/v2\/product_tag?post=37345"}],"curies":[{"name":"wp","href":"https:\/\/api.w.org\/{rel}","templated":true}]}}