{"id":3930,"date":"2021-08-26T16:23:55","date_gmt":"2021-08-26T14:23:55","guid":{"rendered":"https:\/\/legandgo.com\/?post_type=product&#038;p=3930"},"modified":"2026-02-20T12:41:17","modified_gmt":"2026-02-20T10:41:17","slug":"backpack","status":"publish","type":"product","link":"https:\/\/legandgo.com\/fr\/shop\/accessories-fr\/backpack\/","title":{"rendered":"Sac \u00e0 dos"},"content":{"rendered":"<p>Pour les petits explorateurs partant pour de plus longues aventures, notre sac \u00e0 dos pour tout-petits est parfaitement dimensionn\u00e9 pour une gourde, un encas et peut-\u00eatre m\u00eame un doudou ador\u00e9. \u00c0 la fois \u00e9l\u00e9gant et pratique, il accompagne les aventures du quotidien, des sorties au parc aux journ\u00e9es \u00e0 la maternelle. <\/p>\n<p>Le sac \u00e0 dos est r\u00e9sistant \u00e0 l\u2019eau et dispose d\u2019une poche frontale. L\u2019int\u00e9rieur, la poign\u00e9e sup\u00e9rieure et les bretelles r\u00e9glables sont noirs. Il est \u00e9galement dot\u00e9 d\u2019une sangle suppl\u00e9mentaire \u00e0 l\u2019avant pour garantir un ajustement confortable. Pour plus de s\u00e9curit\u00e9, le contour du sac est muni d\u2019un liser\u00e9 r\u00e9fl\u00e9chissant.    <\/p>\n<p>Explorez davantage ci-dessous.<\/p>\n","protected":false},"excerpt":{"rendered":"<p>Sac \u00e0 dos<\/p>\n","protected":false},"featured_media":3868,"comment_status":"closed","ping_status":"closed","template":"","meta":{"_acf_changed":false,"inline_featured_image":false,"footnotes":""},"product_brand":[],"product_cat":[1310,86],"product_tag":[],"class_list":{"0":"post-3930","1":"product","2":"type-product","3":"status-publish","4":"has-post-thumbnail","6":"product_cat-draisiennes-et-plus","7":"product_cat-accessories-fr","8":"product_shipping_class-accessories-shipping-fr","9":"pa_color-type-fleurs-fr","10":"pa_color-type-herissons","11":"pa_color-type-creme-glacee","12":"pa_color-type-montagnes","13":"pa_color-type-ecureuil","15":"first","16":"instock","17":"sale","18":"purchasable","19":"product-type-variable"},"bundled_by":[],"bundle_stock_status":"instock","bundle_stock_quantity":null,"bundle_virtual":false,"bundle_layout":"","bundle_add_to_cart_form_location":"","bundle_editable_in_cart":false,"bundle_sold_individually_context":"","bundle_item_grouping":"","bundle_min_size":"","bundle_max_size":"","bundle_price":[],"bundled_items":[],"bundle_sell_ids":[],"acf":[],"yoast_head":"<!-- This site is optimized with the Yoast SEO plugin v25.9 - https:\/\/yoast.com\/wordpress\/plugins\/seo\/ -->\n<title>Sac \u00e0 dos &#183; leg&amp;go<\/title>\n<meta name=\"description\" content=\"Sac \u00e0 dos pour tout-petits permettant de ranger toutes leurs affaires de mani\u00e8re tr\u00e8s simple.\" \/>\n<meta name=\"robots\" content=\"index, follow, max-snippet:-1, max-image-preview:large, max-video-preview:-1\" \/>\n<link rel=\"canonical\" href=\"https:\/\/legandgo.com\/fr\/shop\/accessories-fr\/backpack\/\" \/>\n<meta property=\"og:locale\" content=\"fr_FR\" \/>\n<meta property=\"og:type\" content=\"article\" \/>\n<meta property=\"og:title\" content=\"Sac \u00e0 dos &#183; leg&amp;go\" \/>\n<meta property=\"og:description\" content=\"Sac \u00e0 dos pour tout-petits permettant de ranger toutes leurs affaires de mani\u00e8re tr\u00e8s simple.\" \/>\n<meta property=\"og:url\" content=\"https:\/\/legandgo.com\/fr\/shop\/accessories-fr\/backpack\/\" \/>\n<meta property=\"og:site_name\" content=\"leg&amp;go\" \/>\n<meta property=\"article:publisher\" content=\"https:\/\/www.facebook.com\/legandgo\" \/>\n<meta property=\"article:modified_time\" content=\"2026-02-20T10:41:17+00:00\" \/>\n<meta property=\"og:image\" content=\"https:\/\/legandgo.com\/wp-content\/uploads\/2021\/08\/backpack-1_720x480px-1.jpg\" \/>\n\t<meta property=\"og:image:width\" content=\"720\" \/>\n\t<meta property=\"og:image:height\" content=\"480\" \/>\n\t<meta property=\"og:image:type\" content=\"image\/jpeg\" \/>\n<meta name=\"twitter:card\" content=\"summary_large_image\" \/>\n<meta name=\"twitter:label1\" content=\"Dur\u00e9e de lecture estim\u00e9e\" \/>\n\t<meta name=\"twitter:data1\" content=\"1 minute\" \/>\n<script type=\"application\/ld+json\" class=\"yoast-schema-graph\">{\"@context\":\"https:\/\/schema.org\",\"@graph\":[{\"@type\":\"WebPage\",\"@id\":\"https:\/\/legandgo.com\/fr\/shop\/accessories-fr\/backpack\/\",\"url\":\"https:\/\/legandgo.com\/fr\/shop\/accessories-fr\/backpack\/\",\"name\":\"Sac \u00e0 dos &#183; leg&amp;go\",\"isPartOf\":{\"@id\":\"https:\/\/legandgo.com\/fr\/#website\"},\"primaryImageOfPage\":{\"@id\":\"https:\/\/legandgo.com\/fr\/shop\/accessories-fr\/backpack\/#primaryimage\"},\"image\":{\"@id\":\"https:\/\/legandgo.com\/fr\/shop\/accessories-fr\/backpack\/#primaryimage\"},\"thumbnailUrl\":\"https:\/\/legandgo.com\/wp-content\/uploads\/2021\/08\/backpack-1_720x480px-1.jpg\",\"datePublished\":\"2021-08-26T14:23:55+00:00\",\"dateModified\":\"2026-02-20T10:41:17+00:00\",\"description\":\"Sac \u00e0 dos pour tout-petits permettant de ranger toutes leurs affaires de mani\u00e8re tr\u00e8s simple.\",\"breadcrumb\":{\"@id\":\"https:\/\/legandgo.com\/fr\/shop\/accessories-fr\/backpack\/#breadcrumb\"},\"inLanguage\":\"fr-FR\",\"potentialAction\":[{\"@type\":\"ReadAction\",\"target\":[\"https:\/\/legandgo.com\/fr\/shop\/accessories-fr\/backpack\/\"]}]},{\"@type\":\"ImageObject\",\"inLanguage\":\"fr-FR\",\"@id\":\"https:\/\/legandgo.com\/fr\/shop\/accessories-fr\/backpack\/#primaryimage\",\"url\":\"https:\/\/legandgo.com\/wp-content\/uploads\/2021\/08\/backpack-1_720x480px-1.jpg\",\"contentUrl\":\"https:\/\/legandgo.com\/wp-content\/uploads\/2021\/08\/backpack-1_720x480px-1.jpg\",\"width\":720,\"height\":480},{\"@type\":\"BreadcrumbList\",\"@id\":\"https:\/\/legandgo.com\/fr\/shop\/accessories-fr\/backpack\/#breadcrumb\",\"itemListElement\":[{\"@type\":\"ListItem\",\"position\":1,\"name\":\"Home\",\"item\":\"https:\/\/legandgo.com\/fr\/\"},{\"@type\":\"ListItem\",\"position\":2,\"name\":\"Shop\",\"item\":\"https:\/\/legandgo.com\/fr\/shop\/\"},{\"@type\":\"ListItem\",\"position\":3,\"name\":\"Sac \u00e0 dos\"}]},{\"@type\":\"WebSite\",\"@id\":\"https:\/\/legandgo.com\/fr\/#website\",\"url\":\"https:\/\/legandgo.com\/fr\/\",\"name\":\"leg&amp;go\",\"description\":\"\",\"publisher\":{\"@id\":\"https:\/\/legandgo.com\/fr\/#organization\"},\"potentialAction\":[{\"@type\":\"SearchAction\",\"target\":{\"@type\":\"EntryPoint\",\"urlTemplate\":\"https:\/\/legandgo.com\/fr\/?s={search_term_string}\"},\"query-input\":{\"@type\":\"PropertyValueSpecification\",\"valueRequired\":true,\"valueName\":\"search_term_string\"}}],\"inLanguage\":\"fr-FR\"},{\"@type\":\"Organization\",\"@id\":\"https:\/\/legandgo.com\/fr\/#organization\",\"name\":\"leg&go bike\",\"url\":\"https:\/\/legandgo.com\/fr\/\",\"logo\":{\"@type\":\"ImageObject\",\"inLanguage\":\"fr-FR\",\"@id\":\"https:\/\/legandgo.com\/fr\/#\/schema\/logo\/image\/\",\"url\":\"https:\/\/legandgo.com\/wp-content\/uploads\/2021\/03\/logorf.png\",\"contentUrl\":\"https:\/\/legandgo.com\/wp-content\/uploads\/2021\/03\/logorf.png\",\"width\":675,\"height\":216,\"caption\":\"leg&go bike\"},\"image\":{\"@id\":\"https:\/\/legandgo.com\/fr\/#\/schema\/logo\/image\/\"},\"sameAs\":[\"https:\/\/www.facebook.com\/legandgo\",\"https:\/\/www.instagram.com\/legandgo\/\",\"https:\/\/www.linkedin.com\/company\/legandgo\/\",\"https:\/\/www.pinterest.com\/legandgo\/\",\"https:\/\/www.youtube.com\/channel\/UC_FBzWPmKWE0g7fcR4Xdfuw\/\"]}]}<\/script>\n<!-- \/ Yoast SEO plugin. -->","yoast_head_json":{"title":"Sac \u00e0 dos &#183; leg&amp;go","description":"Sac \u00e0 dos pour tout-petits permettant de ranger toutes leurs affaires de mani\u00e8re tr\u00e8s simple.","robots":{"index":"index","follow":"follow","max-snippet":"max-snippet:-1","max-image-preview":"max-image-preview:large","max-video-preview":"max-video-preview:-1"},"canonical":"https:\/\/legandgo.com\/fr\/shop\/accessories-fr\/backpack\/","og_locale":"fr_FR","og_type":"article","og_title":"Sac \u00e0 dos &#183; leg&amp;go","og_description":"Sac \u00e0 dos pour tout-petits permettant de ranger toutes leurs affaires de mani\u00e8re tr\u00e8s simple.","og_url":"https:\/\/legandgo.com\/fr\/shop\/accessories-fr\/backpack\/","og_site_name":"leg&amp;go","article_publisher":"https:\/\/www.facebook.com\/legandgo","article_modified_time":"2026-02-20T10:41:17+00:00","og_image":[{"width":720,"height":480,"url":"https:\/\/legandgo.com\/wp-content\/uploads\/2021\/08\/backpack-1_720x480px-1.jpg","type":"image\/jpeg"}],"twitter_card":"summary_large_image","twitter_misc":{"Dur\u00e9e de lecture estim\u00e9e":"1 minute"},"schema":{"@context":"https:\/\/schema.org","@graph":[{"@type":"WebPage","@id":"https:\/\/legandgo.com\/fr\/shop\/accessories-fr\/backpack\/","url":"https:\/\/legandgo.com\/fr\/shop\/accessories-fr\/backpack\/","name":"Sac \u00e0 dos &#183; leg&amp;go","isPartOf":{"@id":"https:\/\/legandgo.com\/fr\/#website"},"primaryImageOfPage":{"@id":"https:\/\/legandgo.com\/fr\/shop\/accessories-fr\/backpack\/#primaryimage"},"image":{"@id":"https:\/\/legandgo.com\/fr\/shop\/accessories-fr\/backpack\/#primaryimage"},"thumbnailUrl":"https:\/\/legandgo.com\/wp-content\/uploads\/2021\/08\/backpack-1_720x480px-1.jpg","datePublished":"2021-08-26T14:23:55+00:00","dateModified":"2026-02-20T10:41:17+00:00","description":"Sac \u00e0 dos pour tout-petits permettant de ranger toutes leurs affaires de mani\u00e8re tr\u00e8s simple.","breadcrumb":{"@id":"https:\/\/legandgo.com\/fr\/shop\/accessories-fr\/backpack\/#breadcrumb"},"inLanguage":"fr-FR","potentialAction":[{"@type":"ReadAction","target":["https:\/\/legandgo.com\/fr\/shop\/accessories-fr\/backpack\/"]}]},{"@type":"ImageObject","inLanguage":"fr-FR","@id":"https:\/\/legandgo.com\/fr\/shop\/accessories-fr\/backpack\/#primaryimage","url":"https:\/\/legandgo.com\/wp-content\/uploads\/2021\/08\/backpack-1_720x480px-1.jpg","contentUrl":"https:\/\/legandgo.com\/wp-content\/uploads\/2021\/08\/backpack-1_720x480px-1.jpg","width":720,"height":480},{"@type":"BreadcrumbList","@id":"https:\/\/legandgo.com\/fr\/shop\/accessories-fr\/backpack\/#breadcrumb","itemListElement":[{"@type":"ListItem","position":1,"name":"Home","item":"https:\/\/legandgo.com\/fr\/"},{"@type":"ListItem","position":2,"name":"Shop","item":"https:\/\/legandgo.com\/fr\/shop\/"},{"@type":"ListItem","position":3,"name":"Sac \u00e0 dos"}]},{"@type":"WebSite","@id":"https:\/\/legandgo.com\/fr\/#website","url":"https:\/\/legandgo.com\/fr\/","name":"leg&amp;go","description":"","publisher":{"@id":"https:\/\/legandgo.com\/fr\/#organization"},"potentialAction":[{"@type":"SearchAction","target":{"@type":"EntryPoint","urlTemplate":"https:\/\/legandgo.com\/fr\/?s={search_term_string}"},"query-input":{"@type":"PropertyValueSpecification","valueRequired":true,"valueName":"search_term_string"}}],"inLanguage":"fr-FR"},{"@type":"Organization","@id":"https:\/\/legandgo.com\/fr\/#organization","name":"leg&go bike","url":"https:\/\/legandgo.com\/fr\/","logo":{"@type":"ImageObject","inLanguage":"fr-FR","@id":"https:\/\/legandgo.com\/fr\/#\/schema\/logo\/image\/","url":"https:\/\/legandgo.com\/wp-content\/uploads\/2021\/03\/logorf.png","contentUrl":"https:\/\/legandgo.com\/wp-content\/uploads\/2021\/03\/logorf.png","width":675,"height":216,"caption":"leg&go bike"},"image":{"@id":"https:\/\/legandgo.com\/fr\/#\/schema\/logo\/image\/"},"sameAs":["https:\/\/www.facebook.com\/legandgo","https:\/\/www.instagram.com\/legandgo\/","https:\/\/www.linkedin.com\/company\/legandgo\/","https:\/\/www.pinterest.com\/legandgo\/","https:\/\/www.youtube.com\/channel\/UC_FBzWPmKWE0g7fcR4Xdfuw\/"]}]}},"_links":{"self":[{"href":"https:\/\/legandgo.com\/fr\/wp-json\/wp\/v2\/product\/3930","targetHints":{"allow":["GET"]}}],"collection":[{"href":"https:\/\/legandgo.com\/fr\/wp-json\/wp\/v2\/product"}],"about":[{"href":"https:\/\/legandgo.com\/fr\/wp-json\/wp\/v2\/types\/product"}],"replies":[{"embeddable":true,"href":"https:\/\/legandgo.com\/fr\/wp-json\/wp\/v2\/comments?post=3930"}],"version-history":[{"count":7,"href":"https:\/\/legandgo.com\/fr\/wp-json\/wp\/v2\/product\/3930\/revisions"}],"predecessor-version":[{"id":52853,"href":"https:\/\/legandgo.com\/fr\/wp-json\/wp\/v2\/product\/3930\/revisions\/52853"}],"wp:featuredmedia":[{"embeddable":true,"href":"https:\/\/legandgo.com\/fr\/wp-json\/wp\/v2\/media\/3868"}],"wp:attachment":[{"href":"https:\/\/legandgo.com\/fr\/wp-json\/wp\/v2\/media?parent=3930"}],"wp:term":[{"taxonomy":"product_brand","embeddable":true,"href":"https:\/\/legandgo.com\/fr\/wp-json\/wp\/v2\/product_brand?post=3930"},{"taxonomy":"product_cat","embeddable":true,"href":"https:\/\/legandgo.com\/fr\/wp-json\/wp\/v2\/product_cat?post=3930"},{"taxonomy":"product_tag","embeddable":true,"href":"https:\/\/legandgo.com\/fr\/wp-json\/wp\/v2\/product_tag?post=3930"}],"curies":[{"name":"wp","href":"https:\/\/api.w.org\/{rel}","templated":true}]}}