{"id":40053,"date":"2025-08-18T09:57:54","date_gmt":"2025-08-18T07:57:54","guid":{"rendered":"https:\/\/legandgo.com\/?post_type=product&#038;p=40053"},"modified":"2026-03-31T12:12:05","modified_gmt":"2026-03-31T10:12:05","slug":"tour-educative-pliable-avec-rail-amovible","status":"publish","type":"product","link":"https:\/\/legandgo.com\/fr\/shop\/tour-dapprentissage-pliable\/tour-educative-pliable-avec-rail-amovible\/","title":{"rendered":"Tour \u00e9ducative pliable avec le rail amovible"},"content":{"rendered":"<p><span style=\"font-weight: 400;\">La tour d\u2019observation pliable pour enfants est con\u00e7ue pour aider les petits et simplifier votre vie quotidienne. Cette tour d\u2019aide permet aux enfants d\u2019atteindre plus facilement les plans de travail, les \u00e9viers et de se sentir int\u00e9gr\u00e9s dans les activit\u00e9s journali\u00e8res. <\/span><\/p>\n","protected":false},"excerpt":{"rendered":"<p>La tour d\u2019observation pliable pour enfants est con\u00e7ue pour aider les petits et simplifier votre vie quotidienne. Cette tour d\u2019aide permet aux enfants d\u2019atteindre plus facilement les plans de travail, les \u00e9viers et de se sentir int\u00e9gr\u00e9s dans les activit\u00e9s journali\u00e8res.<\/p>\n","protected":false},"featured_media":47886,"comment_status":"closed","ping_status":"closed","template":"","meta":{"_acf_changed":false,"inline_featured_image":false,"footnotes":""},"product_brand":[],"product_cat":[1314,247],"product_tag":[1375,1362,1360,1374,1361,1376,1373,1355,1354,1357,1368,1367,1369,1352,1377,1372,1365,1371,1363,1370,1364,1358,1359,1356,1353,1366,1738,1739],"class_list":{"0":"post-40053","1":"product","2":"type-product","3":"status-publish","4":"has-post-thumbnail","6":"product_cat-meubles","7":"product_cat-tour-dapprentissage-pliable","8":"product_tag-children-tower-kitchen","9":"product_tag-collapsible-learning-tower","10":"product_tag-foldable-learning-tower","11":"product_tag-foldable-tower","12":"product_tag-folding-learning-tower","13":"product_tag-kids-observation-tower","14":"product_tag-kitchen-helper-foldable","15":"product_tag-kitchen-helper-tower","16":"product_tag-kitchen-step-stool","17":"product_tag-kitchen-stool-step-stool","18":"product_tag-kitchen-tower-foldable","19":"product_tag-kitchen-tower-helper","20":"product_tag-kitchen-tower-toddler","21":"product_tag-learning-tower","22":"product_tag-learning-tower-adjustable","23":"product_tag-learning-tower-convertible","24":"product_tag-learning-tower-foldable","25":"product_tag-montessori-learning-tower","26":"product_tag-montessori-observation-tower","27":"product_tag-montessori-tower","28":"product_tag-montessori-tower-foldable","29":"product_tag-step-kitchen-stool","30":"product_tag-step-stool-in-kitchen","31":"product_tag-stool-steps-for-kitchen","32":"product_tag-toddler-tower","33":"product_tag-toddler-tower-foldable","34":"product_tag-tour-daide","35":"product_tag-tour-pliable-pour-enfant","36":"product_shipping_class-learning-tower-shipping-fr","37":"pa_color-natural-fr","38":"pa_color-white-fr","39":"pa_color-gray-fr","40":"pa_color-noir","42":"first","43":"instock","44":"sale","45":"purchasable","46":"product-type-variable","47":"has-default-attributes"},"bundled_by":[],"bundle_stock_status":"instock","bundle_stock_quantity":null,"bundle_virtual":false,"bundle_layout":"","bundle_add_to_cart_form_location":"","bundle_editable_in_cart":false,"bundle_sold_individually_context":"","bundle_item_grouping":"","bundle_min_size":"","bundle_max_size":"","bundle_price":[],"bundled_items":[],"bundle_sell_ids":[],"acf":[],"yoast_head":"<!-- This site is optimized with the Yoast SEO plugin v25.9 - https:\/\/yoast.com\/wordpress\/plugins\/seo\/ -->\n<title>Tour \u00e9ducative pliable avec le rail amovible &#183; leg&amp;go<\/title>\n<meta name=\"description\" content=\"Une tour \u00e9ducative pliable qui aide les enfants \u00e0 atteindre les plans de travail et les \u00e9viers en toute s\u00e9curit\u00e9. Livr\u00e9e enti\u00e8rement assembl\u00e9e, peu encombrante, avec rail amovible.\" \/>\n<meta name=\"robots\" content=\"index, follow, max-snippet:-1, max-image-preview:large, max-video-preview:-1\" \/>\n<link rel=\"canonical\" href=\"https:\/\/legandgo.com\/fr\/shop\/tour-dapprentissage-pliable\/tour-educative-pliable-avec-rail-amovible\/\" \/>\n<meta property=\"og:locale\" content=\"fr_FR\" \/>\n<meta property=\"og:type\" content=\"article\" \/>\n<meta property=\"og:title\" content=\"Tour \u00e9ducative pliable avec le rail amovible &#183; leg&amp;go\" \/>\n<meta property=\"og:description\" content=\"Une tour \u00e9ducative pliable qui aide les enfants \u00e0 atteindre les plans de travail et les \u00e9viers en toute s\u00e9curit\u00e9. Livr\u00e9e enti\u00e8rement assembl\u00e9e, peu encombrante, avec rail amovible.\" \/>\n<meta property=\"og:url\" content=\"https:\/\/legandgo.com\/fr\/shop\/tour-dapprentissage-pliable\/tour-educative-pliable-avec-rail-amovible\/\" \/>\n<meta property=\"og:site_name\" content=\"leg&amp;go\" \/>\n<meta property=\"article:publisher\" content=\"https:\/\/www.facebook.com\/legandgo\" \/>\n<meta property=\"article:modified_time\" content=\"2026-03-31T10:12:05+00:00\" \/>\n<meta property=\"og:image\" content=\"https:\/\/legandgo.com\/wp-content\/uploads\/2025\/08\/HTF-04-NT-scaled.jpg\" \/>\n\t<meta property=\"og:image:width\" content=\"2560\" \/>\n\t<meta property=\"og:image:height\" content=\"2560\" \/>\n\t<meta property=\"og:image:type\" content=\"image\/jpeg\" \/>\n<meta name=\"twitter:card\" content=\"summary_large_image\" \/>\n<script type=\"application\/ld+json\" class=\"yoast-schema-graph\">{\"@context\":\"https:\/\/schema.org\",\"@graph\":[{\"@type\":\"WebPage\",\"@id\":\"https:\/\/legandgo.com\/fr\/shop\/tour-dapprentissage-pliable\/tour-educative-pliable-avec-rail-amovible\/\",\"url\":\"https:\/\/legandgo.com\/fr\/shop\/tour-dapprentissage-pliable\/tour-educative-pliable-avec-rail-amovible\/\",\"name\":\"Tour \u00e9ducative pliable avec le rail amovible &#183; leg&amp;go\",\"isPartOf\":{\"@id\":\"https:\/\/legandgo.com\/fr\/#website\"},\"primaryImageOfPage\":{\"@id\":\"https:\/\/legandgo.com\/fr\/shop\/tour-dapprentissage-pliable\/tour-educative-pliable-avec-rail-amovible\/#primaryimage\"},\"image\":{\"@id\":\"https:\/\/legandgo.com\/fr\/shop\/tour-dapprentissage-pliable\/tour-educative-pliable-avec-rail-amovible\/#primaryimage\"},\"thumbnailUrl\":\"https:\/\/legandgo.com\/wp-content\/uploads\/2025\/08\/HTF-04-NT-scaled.jpg\",\"datePublished\":\"2025-08-18T07:57:54+00:00\",\"dateModified\":\"2026-03-31T10:12:05+00:00\",\"description\":\"Une tour \u00e9ducative pliable qui aide les enfants \u00e0 atteindre les plans de travail et les \u00e9viers en toute s\u00e9curit\u00e9. Livr\u00e9e enti\u00e8rement assembl\u00e9e, peu encombrante, avec rail amovible.\",\"breadcrumb\":{\"@id\":\"https:\/\/legandgo.com\/fr\/shop\/tour-dapprentissage-pliable\/tour-educative-pliable-avec-rail-amovible\/#breadcrumb\"},\"inLanguage\":\"fr-FR\",\"potentialAction\":[{\"@type\":\"ReadAction\",\"target\":[\"https:\/\/legandgo.com\/fr\/shop\/tour-dapprentissage-pliable\/tour-educative-pliable-avec-rail-amovible\/\"]}]},{\"@type\":\"ImageObject\",\"inLanguage\":\"fr-FR\",\"@id\":\"https:\/\/legandgo.com\/fr\/shop\/tour-dapprentissage-pliable\/tour-educative-pliable-avec-rail-amovible\/#primaryimage\",\"url\":\"https:\/\/legandgo.com\/wp-content\/uploads\/2025\/08\/HTF-04-NT-scaled.jpg\",\"contentUrl\":\"https:\/\/legandgo.com\/wp-content\/uploads\/2025\/08\/HTF-04-NT-scaled.jpg\",\"width\":2560,\"height\":2560},{\"@type\":\"BreadcrumbList\",\"@id\":\"https:\/\/legandgo.com\/fr\/shop\/tour-dapprentissage-pliable\/tour-educative-pliable-avec-rail-amovible\/#breadcrumb\",\"itemListElement\":[{\"@type\":\"ListItem\",\"position\":1,\"name\":\"Home\",\"item\":\"https:\/\/legandgo.com\/fr\/\"},{\"@type\":\"ListItem\",\"position\":2,\"name\":\"Shop\",\"item\":\"https:\/\/legandgo.com\/fr\/shop\/\"},{\"@type\":\"ListItem\",\"position\":3,\"name\":\"Tour \u00e9ducative pliable avec le rail amovible\"}]},{\"@type\":\"WebSite\",\"@id\":\"https:\/\/legandgo.com\/fr\/#website\",\"url\":\"https:\/\/legandgo.com\/fr\/\",\"name\":\"leg&amp;go\",\"description\":\"\",\"publisher\":{\"@id\":\"https:\/\/legandgo.com\/fr\/#organization\"},\"potentialAction\":[{\"@type\":\"SearchAction\",\"target\":{\"@type\":\"EntryPoint\",\"urlTemplate\":\"https:\/\/legandgo.com\/fr\/?s={search_term_string}\"},\"query-input\":{\"@type\":\"PropertyValueSpecification\",\"valueRequired\":true,\"valueName\":\"search_term_string\"}}],\"inLanguage\":\"fr-FR\"},{\"@type\":\"Organization\",\"@id\":\"https:\/\/legandgo.com\/fr\/#organization\",\"name\":\"leg&go bike\",\"url\":\"https:\/\/legandgo.com\/fr\/\",\"logo\":{\"@type\":\"ImageObject\",\"inLanguage\":\"fr-FR\",\"@id\":\"https:\/\/legandgo.com\/fr\/#\/schema\/logo\/image\/\",\"url\":\"https:\/\/legandgo.com\/wp-content\/uploads\/2021\/03\/logorf.png\",\"contentUrl\":\"https:\/\/legandgo.com\/wp-content\/uploads\/2021\/03\/logorf.png\",\"width\":675,\"height\":216,\"caption\":\"leg&go bike\"},\"image\":{\"@id\":\"https:\/\/legandgo.com\/fr\/#\/schema\/logo\/image\/\"},\"sameAs\":[\"https:\/\/www.facebook.com\/legandgo\",\"https:\/\/www.instagram.com\/legandgo\/\",\"https:\/\/www.linkedin.com\/company\/legandgo\/\",\"https:\/\/www.pinterest.com\/legandgo\/\",\"https:\/\/www.youtube.com\/channel\/UC_FBzWPmKWE0g7fcR4Xdfuw\/\"]}]}<\/script>\n<!-- \/ Yoast SEO plugin. -->","yoast_head_json":{"title":"Tour \u00e9ducative pliable avec le rail amovible &#183; leg&amp;go","description":"Une tour \u00e9ducative pliable qui aide les enfants \u00e0 atteindre les plans de travail et les \u00e9viers en toute s\u00e9curit\u00e9. Livr\u00e9e enti\u00e8rement assembl\u00e9e, peu encombrante, avec rail amovible.","robots":{"index":"index","follow":"follow","max-snippet":"max-snippet:-1","max-image-preview":"max-image-preview:large","max-video-preview":"max-video-preview:-1"},"canonical":"https:\/\/legandgo.com\/fr\/shop\/tour-dapprentissage-pliable\/tour-educative-pliable-avec-rail-amovible\/","og_locale":"fr_FR","og_type":"article","og_title":"Tour \u00e9ducative pliable avec le rail amovible &#183; leg&amp;go","og_description":"Une tour \u00e9ducative pliable qui aide les enfants \u00e0 atteindre les plans de travail et les \u00e9viers en toute s\u00e9curit\u00e9. Livr\u00e9e enti\u00e8rement assembl\u00e9e, peu encombrante, avec rail amovible.","og_url":"https:\/\/legandgo.com\/fr\/shop\/tour-dapprentissage-pliable\/tour-educative-pliable-avec-rail-amovible\/","og_site_name":"leg&amp;go","article_publisher":"https:\/\/www.facebook.com\/legandgo","article_modified_time":"2026-03-31T10:12:05+00:00","og_image":[{"width":2560,"height":2560,"url":"https:\/\/legandgo.com\/wp-content\/uploads\/2025\/08\/HTF-04-NT-scaled.jpg","type":"image\/jpeg"}],"twitter_card":"summary_large_image","schema":{"@context":"https:\/\/schema.org","@graph":[{"@type":"WebPage","@id":"https:\/\/legandgo.com\/fr\/shop\/tour-dapprentissage-pliable\/tour-educative-pliable-avec-rail-amovible\/","url":"https:\/\/legandgo.com\/fr\/shop\/tour-dapprentissage-pliable\/tour-educative-pliable-avec-rail-amovible\/","name":"Tour \u00e9ducative pliable avec le rail amovible &#183; leg&amp;go","isPartOf":{"@id":"https:\/\/legandgo.com\/fr\/#website"},"primaryImageOfPage":{"@id":"https:\/\/legandgo.com\/fr\/shop\/tour-dapprentissage-pliable\/tour-educative-pliable-avec-rail-amovible\/#primaryimage"},"image":{"@id":"https:\/\/legandgo.com\/fr\/shop\/tour-dapprentissage-pliable\/tour-educative-pliable-avec-rail-amovible\/#primaryimage"},"thumbnailUrl":"https:\/\/legandgo.com\/wp-content\/uploads\/2025\/08\/HTF-04-NT-scaled.jpg","datePublished":"2025-08-18T07:57:54+00:00","dateModified":"2026-03-31T10:12:05+00:00","description":"Une tour \u00e9ducative pliable qui aide les enfants \u00e0 atteindre les plans de travail et les \u00e9viers en toute s\u00e9curit\u00e9. Livr\u00e9e enti\u00e8rement assembl\u00e9e, peu encombrante, avec rail amovible.","breadcrumb":{"@id":"https:\/\/legandgo.com\/fr\/shop\/tour-dapprentissage-pliable\/tour-educative-pliable-avec-rail-amovible\/#breadcrumb"},"inLanguage":"fr-FR","potentialAction":[{"@type":"ReadAction","target":["https:\/\/legandgo.com\/fr\/shop\/tour-dapprentissage-pliable\/tour-educative-pliable-avec-rail-amovible\/"]}]},{"@type":"ImageObject","inLanguage":"fr-FR","@id":"https:\/\/legandgo.com\/fr\/shop\/tour-dapprentissage-pliable\/tour-educative-pliable-avec-rail-amovible\/#primaryimage","url":"https:\/\/legandgo.com\/wp-content\/uploads\/2025\/08\/HTF-04-NT-scaled.jpg","contentUrl":"https:\/\/legandgo.com\/wp-content\/uploads\/2025\/08\/HTF-04-NT-scaled.jpg","width":2560,"height":2560},{"@type":"BreadcrumbList","@id":"https:\/\/legandgo.com\/fr\/shop\/tour-dapprentissage-pliable\/tour-educative-pliable-avec-rail-amovible\/#breadcrumb","itemListElement":[{"@type":"ListItem","position":1,"name":"Home","item":"https:\/\/legandgo.com\/fr\/"},{"@type":"ListItem","position":2,"name":"Shop","item":"https:\/\/legandgo.com\/fr\/shop\/"},{"@type":"ListItem","position":3,"name":"Tour \u00e9ducative pliable avec le rail amovible"}]},{"@type":"WebSite","@id":"https:\/\/legandgo.com\/fr\/#website","url":"https:\/\/legandgo.com\/fr\/","name":"leg&amp;go","description":"","publisher":{"@id":"https:\/\/legandgo.com\/fr\/#organization"},"potentialAction":[{"@type":"SearchAction","target":{"@type":"EntryPoint","urlTemplate":"https:\/\/legandgo.com\/fr\/?s={search_term_string}"},"query-input":{"@type":"PropertyValueSpecification","valueRequired":true,"valueName":"search_term_string"}}],"inLanguage":"fr-FR"},{"@type":"Organization","@id":"https:\/\/legandgo.com\/fr\/#organization","name":"leg&go bike","url":"https:\/\/legandgo.com\/fr\/","logo":{"@type":"ImageObject","inLanguage":"fr-FR","@id":"https:\/\/legandgo.com\/fr\/#\/schema\/logo\/image\/","url":"https:\/\/legandgo.com\/wp-content\/uploads\/2021\/03\/logorf.png","contentUrl":"https:\/\/legandgo.com\/wp-content\/uploads\/2021\/03\/logorf.png","width":675,"height":216,"caption":"leg&go bike"},"image":{"@id":"https:\/\/legandgo.com\/fr\/#\/schema\/logo\/image\/"},"sameAs":["https:\/\/www.facebook.com\/legandgo","https:\/\/www.instagram.com\/legandgo\/","https:\/\/www.linkedin.com\/company\/legandgo\/","https:\/\/www.pinterest.com\/legandgo\/","https:\/\/www.youtube.com\/channel\/UC_FBzWPmKWE0g7fcR4Xdfuw\/"]}]}},"_links":{"self":[{"href":"https:\/\/legandgo.com\/fr\/wp-json\/wp\/v2\/product\/40053","targetHints":{"allow":["GET"]}}],"collection":[{"href":"https:\/\/legandgo.com\/fr\/wp-json\/wp\/v2\/product"}],"about":[{"href":"https:\/\/legandgo.com\/fr\/wp-json\/wp\/v2\/types\/product"}],"replies":[{"embeddable":true,"href":"https:\/\/legandgo.com\/fr\/wp-json\/wp\/v2\/comments?post=40053"}],"version-history":[{"count":12,"href":"https:\/\/legandgo.com\/fr\/wp-json\/wp\/v2\/product\/40053\/revisions"}],"predecessor-version":[{"id":51531,"href":"https:\/\/legandgo.com\/fr\/wp-json\/wp\/v2\/product\/40053\/revisions\/51531"}],"wp:featuredmedia":[{"embeddable":true,"href":"https:\/\/legandgo.com\/fr\/wp-json\/wp\/v2\/media\/47886"}],"wp:attachment":[{"href":"https:\/\/legandgo.com\/fr\/wp-json\/wp\/v2\/media?parent=40053"}],"wp:term":[{"taxonomy":"product_brand","embeddable":true,"href":"https:\/\/legandgo.com\/fr\/wp-json\/wp\/v2\/product_brand?post=40053"},{"taxonomy":"product_cat","embeddable":true,"href":"https:\/\/legandgo.com\/fr\/wp-json\/wp\/v2\/product_cat?post=40053"},{"taxonomy":"product_tag","embeddable":true,"href":"https:\/\/legandgo.com\/fr\/wp-json\/wp\/v2\/product_tag?post=40053"}],"curies":[{"name":"wp","href":"https:\/\/api.w.org\/{rel}","templated":true}]}}