{"id":41941,"date":"2024-06-14T15:39:46","date_gmt":"2024-06-14T13:39:46","guid":{"rendered":"https:\/\/legandgo.com\/shop\/non%20class\u00e9\/extraschmaler-lernturm\/"},"modified":"2026-02-24T13:38:12","modified_gmt":"2026-02-24T11:38:12","slug":"extraschmaler-lernturm","status":"publish","type":"product","link":"https:\/\/legandgo.com\/fr\/shop\/tour-dapprentissage-pliable\/extraschmaler-lernturm\/","title":{"rendered":"Tour d\u2019aide ultra-plate"},"content":{"rendered":"<p>D\u00e9couvrez l&#8217;incroyable commodit\u00e9 de la tour d&#8217;aide ultra-mince, con\u00e7ue pour aider les enfants et simplifier votre vie quotidienne.<\/p>\n<p>Dites adieu aux difficult\u00e9s et bonjour \u00e0 l&#8217;autonomie ! La tour d&#8217;aide pliable permet aux enfants d&#8217;atteindre plus facilement les plans de travail, les \u00e9viers et d&#8217;avoir le sentiment de participer aux activit\u00e9s quotidiennes. Et le meilleur ? Il se replie en un format super fin pour un rangement facile et un gain de place.   <\/p>\n","protected":false},"excerpt":{"rendered":"<p>D\u00e9couvrez l&#8217;incroyable commodit\u00e9 de la tour d&#8217;aide ultra-mince, con\u00e7ue pour aider les enfants et simplifier votre vie quotidienne. Dites adieu aux difficult\u00e9s et bonjour \u00e0 l&#8217;autonomie ! La tour d&#8217;aide pliable permet aux enfants d&#8217;atteindre plus facilement les plans de travail, les \u00e9viers et d&#8217;avoir le sentiment de participer aux activit\u00e9s quotidiennes. Et le meilleur<a class=\"excerpt-read-more\" href=\"https:\/\/legandgo.com\/fr\/shop\/tour-dapprentissage-pliable\/extraschmaler-lernturm\/\" title=\"ReadTour d\u2019aide ultra-plate\">&#8230; Read more &raquo;<\/a><\/p>\n","protected":false},"featured_media":41713,"comment_status":"closed","ping_status":"closed","template":"","meta":{"_acf_changed":false,"inline_featured_image":false,"footnotes":""},"product_brand":[],"product_cat":[1314,247],"product_tag":[],"class_list":{"0":"post-41941","1":"product","2":"type-product","3":"status-publish","4":"has-post-thumbnail","6":"product_cat-meubles","7":"product_cat-tour-dapprentissage-pliable","8":"product_shipping_class-learning-tower-shipping-fr","9":"pa_color-natural-fr","10":"pa_color-noir","12":"first","13":"outofstock","14":"purchasable","15":"product-type-variable","16":"has-default-attributes"},"bundled_by":[],"bundle_stock_status":"outofstock","bundle_stock_quantity":null,"bundle_virtual":false,"bundle_layout":"","bundle_add_to_cart_form_location":"","bundle_editable_in_cart":false,"bundle_sold_individually_context":"","bundle_item_grouping":"","bundle_min_size":"","bundle_max_size":"","bundle_price":[],"bundled_items":[],"bundle_sell_ids":[],"acf":[],"yoast_head":"<!-- This site is optimized with the Yoast SEO plugin v25.9 - https:\/\/yoast.com\/wordpress\/plugins\/seo\/ -->\n<title>Ultra Slim Tour d\u2019apprentissage pliable pour enfants<\/title>\n<meta name=\"description\" content=\"Tour d\u2019apprentissage pliable pour enfants qui aide \u00e0 atteindre les plans de travail en toute s\u00e9curit\u00e9. Design ultra fin, pliable \u00e0 plat pour un rangement facile, livr\u00e9 enti\u00e8rement assembl\u00e9.\" \/>\n<meta name=\"robots\" content=\"index, follow, max-snippet:-1, max-image-preview:large, max-video-preview:-1\" \/>\n<link rel=\"canonical\" href=\"https:\/\/legandgo.com\/fr\/shop\/tour-dapprentissage-pliable\/extraschmaler-lernturm\/\" \/>\n<meta property=\"og:locale\" content=\"fr_FR\" \/>\n<meta property=\"og:type\" content=\"article\" \/>\n<meta property=\"og:title\" content=\"Ultra Slim Tour d\u2019apprentissage pliable pour enfants\" \/>\n<meta property=\"og:description\" content=\"Tour d\u2019apprentissage pliable pour enfants qui aide \u00e0 atteindre les plans de travail en toute s\u00e9curit\u00e9. Design ultra fin, pliable \u00e0 plat pour un rangement facile, livr\u00e9 enti\u00e8rement assembl\u00e9.\" \/>\n<meta property=\"og:url\" content=\"https:\/\/legandgo.com\/fr\/shop\/tour-dapprentissage-pliable\/extraschmaler-lernturm\/\" \/>\n<meta property=\"og:site_name\" content=\"leg&amp;go\" \/>\n<meta property=\"article:publisher\" content=\"https:\/\/www.facebook.com\/legandgo\" \/>\n<meta property=\"article:modified_time\" content=\"2026-02-24T11:38:12+00:00\" \/>\n<meta property=\"og:image\" content=\"https:\/\/legandgo.com\/wp-content\/uploads\/2024\/06\/helper-tower-black.jpg\" \/>\n\t<meta property=\"og:image:width\" content=\"1434\" \/>\n\t<meta property=\"og:image:height\" content=\"1434\" \/>\n\t<meta property=\"og:image:type\" content=\"image\/jpeg\" \/>\n<meta name=\"twitter:card\" content=\"summary_large_image\" \/>\n<script type=\"application\/ld+json\" class=\"yoast-schema-graph\">{\"@context\":\"https:\/\/schema.org\",\"@graph\":[{\"@type\":\"WebPage\",\"@id\":\"https:\/\/legandgo.com\/fr\/shop\/tour-dapprentissage-pliable\/extraschmaler-lernturm\/\",\"url\":\"https:\/\/legandgo.com\/fr\/shop\/tour-dapprentissage-pliable\/extraschmaler-lernturm\/\",\"name\":\"Ultra Slim Tour d\u2019apprentissage pliable pour enfants\",\"isPartOf\":{\"@id\":\"https:\/\/legandgo.com\/fr\/#website\"},\"primaryImageOfPage\":{\"@id\":\"https:\/\/legandgo.com\/fr\/shop\/tour-dapprentissage-pliable\/extraschmaler-lernturm\/#primaryimage\"},\"image\":{\"@id\":\"https:\/\/legandgo.com\/fr\/shop\/tour-dapprentissage-pliable\/extraschmaler-lernturm\/#primaryimage\"},\"thumbnailUrl\":\"https:\/\/legandgo.com\/wp-content\/uploads\/2024\/06\/helper-tower-black.jpg\",\"datePublished\":\"2024-06-14T13:39:46+00:00\",\"dateModified\":\"2026-02-24T11:38:12+00:00\",\"description\":\"Tour d\u2019apprentissage pliable pour enfants qui aide \u00e0 atteindre les plans de travail en toute s\u00e9curit\u00e9. Design ultra fin, pliable \u00e0 plat pour un rangement facile, livr\u00e9 enti\u00e8rement assembl\u00e9.\",\"breadcrumb\":{\"@id\":\"https:\/\/legandgo.com\/fr\/shop\/tour-dapprentissage-pliable\/extraschmaler-lernturm\/#breadcrumb\"},\"inLanguage\":\"fr-FR\",\"potentialAction\":[{\"@type\":\"ReadAction\",\"target\":[\"https:\/\/legandgo.com\/fr\/shop\/tour-dapprentissage-pliable\/extraschmaler-lernturm\/\"]}]},{\"@type\":\"ImageObject\",\"inLanguage\":\"fr-FR\",\"@id\":\"https:\/\/legandgo.com\/fr\/shop\/tour-dapprentissage-pliable\/extraschmaler-lernturm\/#primaryimage\",\"url\":\"https:\/\/legandgo.com\/wp-content\/uploads\/2024\/06\/helper-tower-black.jpg\",\"contentUrl\":\"https:\/\/legandgo.com\/wp-content\/uploads\/2024\/06\/helper-tower-black.jpg\",\"width\":1434,\"height\":1434},{\"@type\":\"BreadcrumbList\",\"@id\":\"https:\/\/legandgo.com\/fr\/shop\/tour-dapprentissage-pliable\/extraschmaler-lernturm\/#breadcrumb\",\"itemListElement\":[{\"@type\":\"ListItem\",\"position\":1,\"name\":\"Home\",\"item\":\"https:\/\/legandgo.com\/fr\/\"},{\"@type\":\"ListItem\",\"position\":2,\"name\":\"Shop\",\"item\":\"https:\/\/legandgo.com\/fr\/shop\/\"},{\"@type\":\"ListItem\",\"position\":3,\"name\":\"Tour d\u2019aide ultra-plate\"}]},{\"@type\":\"WebSite\",\"@id\":\"https:\/\/legandgo.com\/fr\/#website\",\"url\":\"https:\/\/legandgo.com\/fr\/\",\"name\":\"leg&amp;go\",\"description\":\"\",\"publisher\":{\"@id\":\"https:\/\/legandgo.com\/fr\/#organization\"},\"potentialAction\":[{\"@type\":\"SearchAction\",\"target\":{\"@type\":\"EntryPoint\",\"urlTemplate\":\"https:\/\/legandgo.com\/fr\/?s={search_term_string}\"},\"query-input\":{\"@type\":\"PropertyValueSpecification\",\"valueRequired\":true,\"valueName\":\"search_term_string\"}}],\"inLanguage\":\"fr-FR\"},{\"@type\":\"Organization\",\"@id\":\"https:\/\/legandgo.com\/fr\/#organization\",\"name\":\"leg&go bike\",\"url\":\"https:\/\/legandgo.com\/fr\/\",\"logo\":{\"@type\":\"ImageObject\",\"inLanguage\":\"fr-FR\",\"@id\":\"https:\/\/legandgo.com\/fr\/#\/schema\/logo\/image\/\",\"url\":\"https:\/\/legandgo.com\/wp-content\/uploads\/2021\/03\/logorf.png\",\"contentUrl\":\"https:\/\/legandgo.com\/wp-content\/uploads\/2021\/03\/logorf.png\",\"width\":675,\"height\":216,\"caption\":\"leg&go bike\"},\"image\":{\"@id\":\"https:\/\/legandgo.com\/fr\/#\/schema\/logo\/image\/\"},\"sameAs\":[\"https:\/\/www.facebook.com\/legandgo\",\"https:\/\/www.instagram.com\/legandgo\/\",\"https:\/\/www.linkedin.com\/company\/legandgo\/\",\"https:\/\/www.pinterest.com\/legandgo\/\",\"https:\/\/www.youtube.com\/channel\/UC_FBzWPmKWE0g7fcR4Xdfuw\/\"]}]}<\/script>\n<!-- \/ Yoast SEO plugin. -->","yoast_head_json":{"title":"Ultra Slim Tour d\u2019apprentissage pliable pour enfants","description":"Tour d\u2019apprentissage pliable pour enfants qui aide \u00e0 atteindre les plans de travail en toute s\u00e9curit\u00e9. Design ultra fin, pliable \u00e0 plat pour un rangement facile, livr\u00e9 enti\u00e8rement assembl\u00e9.","robots":{"index":"index","follow":"follow","max-snippet":"max-snippet:-1","max-image-preview":"max-image-preview:large","max-video-preview":"max-video-preview:-1"},"canonical":"https:\/\/legandgo.com\/fr\/shop\/tour-dapprentissage-pliable\/extraschmaler-lernturm\/","og_locale":"fr_FR","og_type":"article","og_title":"Ultra Slim Tour d\u2019apprentissage pliable pour enfants","og_description":"Tour d\u2019apprentissage pliable pour enfants qui aide \u00e0 atteindre les plans de travail en toute s\u00e9curit\u00e9. Design ultra fin, pliable \u00e0 plat pour un rangement facile, livr\u00e9 enti\u00e8rement assembl\u00e9.","og_url":"https:\/\/legandgo.com\/fr\/shop\/tour-dapprentissage-pliable\/extraschmaler-lernturm\/","og_site_name":"leg&amp;go","article_publisher":"https:\/\/www.facebook.com\/legandgo","article_modified_time":"2026-02-24T11:38:12+00:00","og_image":[{"width":1434,"height":1434,"url":"https:\/\/legandgo.com\/wp-content\/uploads\/2024\/06\/helper-tower-black.jpg","type":"image\/jpeg"}],"twitter_card":"summary_large_image","schema":{"@context":"https:\/\/schema.org","@graph":[{"@type":"WebPage","@id":"https:\/\/legandgo.com\/fr\/shop\/tour-dapprentissage-pliable\/extraschmaler-lernturm\/","url":"https:\/\/legandgo.com\/fr\/shop\/tour-dapprentissage-pliable\/extraschmaler-lernturm\/","name":"Ultra Slim Tour d\u2019apprentissage pliable pour enfants","isPartOf":{"@id":"https:\/\/legandgo.com\/fr\/#website"},"primaryImageOfPage":{"@id":"https:\/\/legandgo.com\/fr\/shop\/tour-dapprentissage-pliable\/extraschmaler-lernturm\/#primaryimage"},"image":{"@id":"https:\/\/legandgo.com\/fr\/shop\/tour-dapprentissage-pliable\/extraschmaler-lernturm\/#primaryimage"},"thumbnailUrl":"https:\/\/legandgo.com\/wp-content\/uploads\/2024\/06\/helper-tower-black.jpg","datePublished":"2024-06-14T13:39:46+00:00","dateModified":"2026-02-24T11:38:12+00:00","description":"Tour d\u2019apprentissage pliable pour enfants qui aide \u00e0 atteindre les plans de travail en toute s\u00e9curit\u00e9. Design ultra fin, pliable \u00e0 plat pour un rangement facile, livr\u00e9 enti\u00e8rement assembl\u00e9.","breadcrumb":{"@id":"https:\/\/legandgo.com\/fr\/shop\/tour-dapprentissage-pliable\/extraschmaler-lernturm\/#breadcrumb"},"inLanguage":"fr-FR","potentialAction":[{"@type":"ReadAction","target":["https:\/\/legandgo.com\/fr\/shop\/tour-dapprentissage-pliable\/extraschmaler-lernturm\/"]}]},{"@type":"ImageObject","inLanguage":"fr-FR","@id":"https:\/\/legandgo.com\/fr\/shop\/tour-dapprentissage-pliable\/extraschmaler-lernturm\/#primaryimage","url":"https:\/\/legandgo.com\/wp-content\/uploads\/2024\/06\/helper-tower-black.jpg","contentUrl":"https:\/\/legandgo.com\/wp-content\/uploads\/2024\/06\/helper-tower-black.jpg","width":1434,"height":1434},{"@type":"BreadcrumbList","@id":"https:\/\/legandgo.com\/fr\/shop\/tour-dapprentissage-pliable\/extraschmaler-lernturm\/#breadcrumb","itemListElement":[{"@type":"ListItem","position":1,"name":"Home","item":"https:\/\/legandgo.com\/fr\/"},{"@type":"ListItem","position":2,"name":"Shop","item":"https:\/\/legandgo.com\/fr\/shop\/"},{"@type":"ListItem","position":3,"name":"Tour d\u2019aide ultra-plate"}]},{"@type":"WebSite","@id":"https:\/\/legandgo.com\/fr\/#website","url":"https:\/\/legandgo.com\/fr\/","name":"leg&amp;go","description":"","publisher":{"@id":"https:\/\/legandgo.com\/fr\/#organization"},"potentialAction":[{"@type":"SearchAction","target":{"@type":"EntryPoint","urlTemplate":"https:\/\/legandgo.com\/fr\/?s={search_term_string}"},"query-input":{"@type":"PropertyValueSpecification","valueRequired":true,"valueName":"search_term_string"}}],"inLanguage":"fr-FR"},{"@type":"Organization","@id":"https:\/\/legandgo.com\/fr\/#organization","name":"leg&go bike","url":"https:\/\/legandgo.com\/fr\/","logo":{"@type":"ImageObject","inLanguage":"fr-FR","@id":"https:\/\/legandgo.com\/fr\/#\/schema\/logo\/image\/","url":"https:\/\/legandgo.com\/wp-content\/uploads\/2021\/03\/logorf.png","contentUrl":"https:\/\/legandgo.com\/wp-content\/uploads\/2021\/03\/logorf.png","width":675,"height":216,"caption":"leg&go bike"},"image":{"@id":"https:\/\/legandgo.com\/fr\/#\/schema\/logo\/image\/"},"sameAs":["https:\/\/www.facebook.com\/legandgo","https:\/\/www.instagram.com\/legandgo\/","https:\/\/www.linkedin.com\/company\/legandgo\/","https:\/\/www.pinterest.com\/legandgo\/","https:\/\/www.youtube.com\/channel\/UC_FBzWPmKWE0g7fcR4Xdfuw\/"]}]}},"_links":{"self":[{"href":"https:\/\/legandgo.com\/fr\/wp-json\/wp\/v2\/product\/41941","targetHints":{"allow":["GET"]}}],"collection":[{"href":"https:\/\/legandgo.com\/fr\/wp-json\/wp\/v2\/product"}],"about":[{"href":"https:\/\/legandgo.com\/fr\/wp-json\/wp\/v2\/types\/product"}],"replies":[{"embeddable":true,"href":"https:\/\/legandgo.com\/fr\/wp-json\/wp\/v2\/comments?post=41941"}],"version-history":[{"count":15,"href":"https:\/\/legandgo.com\/fr\/wp-json\/wp\/v2\/product\/41941\/revisions"}],"predecessor-version":[{"id":53253,"href":"https:\/\/legandgo.com\/fr\/wp-json\/wp\/v2\/product\/41941\/revisions\/53253"}],"wp:featuredmedia":[{"embeddable":true,"href":"https:\/\/legandgo.com\/fr\/wp-json\/wp\/v2\/media\/41713"}],"wp:attachment":[{"href":"https:\/\/legandgo.com\/fr\/wp-json\/wp\/v2\/media?parent=41941"}],"wp:term":[{"taxonomy":"product_brand","embeddable":true,"href":"https:\/\/legandgo.com\/fr\/wp-json\/wp\/v2\/product_brand?post=41941"},{"taxonomy":"product_cat","embeddable":true,"href":"https:\/\/legandgo.com\/fr\/wp-json\/wp\/v2\/product_cat?post=41941"},{"taxonomy":"product_tag","embeddable":true,"href":"https:\/\/legandgo.com\/fr\/wp-json\/wp\/v2\/product_tag?post=41941"}],"curies":[{"name":"wp","href":"https:\/\/api.w.org\/{rel}","templated":true}]}}