{"id":4211,"date":"2021-09-01T10:48:14","date_gmt":"2021-09-01T08:48:14","guid":{"rendered":"https:\/\/legandgo.com\/?post_type=product&#038;p=4211"},"modified":"2026-02-20T12:10:30","modified_gmt":"2026-02-20T10:10:30","slug":"beanie-hat","status":"publish","type":"product","link":"https:\/\/legandgo.com\/fr\/shop\/accessories-fr\/beanie-hat\/","title":{"rendered":"Bonnet Beanie"},"content":{"rendered":"<p style=\"font-weight: 400;\">Deux styles en un essentiel tout doux.<\/p>\n<p style=\"font-weight: 400;\">Notre bonnet Beanie r\u00e9versible est le compagnon id\u00e9al du quotidien pour les b\u00e9b\u00e9s et les enfants. Un c\u00f4t\u00e9 pr\u00e9sente un motif ludique, tandis que l\u2019autre est d\u2019un gris fonc\u00e9 classique, offrant deux styles en un. Con\u00e7u avec soin et fait main en Europe \u00e0 partir de coton biologique certifi\u00e9 GOTS, il allie confort, durabilit\u00e9 et respect de l\u2019environnement.  <\/p>\n<p style=\"font-weight: 400;\"><strong>Explorez davantage ci-dessous.<\/strong><\/p>\n<p>&nbsp;<\/p>\n","protected":false},"excerpt":{"rendered":"<p>Deux styles en un essentiel tout doux. Notre bonnet Beanie r\u00e9versible est le compagnon id\u00e9al du quotidien pour les b\u00e9b\u00e9s et les enfants. Un c\u00f4t\u00e9 pr\u00e9sente un motif ludique, tandis que l\u2019autre est d\u2019un gris fonc\u00e9 classique, offrant deux styles en un. Con\u00e7u avec soin et fait main en Europe \u00e0 partir de coton biologique<a class=\"excerpt-read-more\" href=\"https:\/\/legandgo.com\/fr\/shop\/accessories-fr\/beanie-hat\/\" title=\"ReadBonnet Beanie\">&#8230; Read more &raquo;<\/a><\/p>\n","protected":false},"featured_media":4156,"comment_status":"closed","ping_status":"closed","template":"","meta":{"_acf_changed":false,"inline_featured_image":false,"footnotes":""},"product_brand":[],"product_cat":[1310,86],"product_tag":[],"class_list":{"0":"post-4211","1":"product","2":"type-product","3":"status-publish","4":"has-post-thumbnail","6":"product_cat-draisiennes-et-plus","7":"product_cat-accessories-fr","8":"product_shipping_class-accessories-shipping-fr","9":"pa_color-type-glands","10":"pa_color-type-herissons","11":"pa_color-type-sapins","13":"first","14":"instock","15":"sale","16":"purchasable","17":"product-type-variable","18":"has-default-attributes"},"bundled_by":[],"bundle_stock_status":"instock","bundle_stock_quantity":null,"bundle_virtual":false,"bundle_layout":"","bundle_add_to_cart_form_location":"","bundle_editable_in_cart":false,"bundle_sold_individually_context":"","bundle_item_grouping":"","bundle_min_size":"","bundle_max_size":"","bundle_price":[],"bundled_items":[],"bundle_sell_ids":[],"acf":[],"yoast_head":"<!-- This site is optimized with the Yoast SEO plugin v25.9 - https:\/\/yoast.com\/wordpress\/plugins\/seo\/ -->\n<title>Bonnet Beanie &#183; leg&amp;go<\/title>\n<meta name=\"description\" content=\"Bonnet r\u00e9versible en coton biologique certifi\u00e9 GOTS pour b\u00e9b\u00e9s et enfants. Doux, extensible et fait main en Europe, deux styles en un.\" \/>\n<meta name=\"robots\" content=\"index, follow, max-snippet:-1, max-image-preview:large, max-video-preview:-1\" \/>\n<link rel=\"canonical\" href=\"https:\/\/legandgo.com\/fr\/shop\/accessories-fr\/beanie-hat\/\" \/>\n<meta property=\"og:locale\" content=\"fr_FR\" \/>\n<meta property=\"og:type\" content=\"article\" \/>\n<meta property=\"og:title\" content=\"Bonnet Beanie &#183; leg&amp;go\" \/>\n<meta property=\"og:description\" content=\"Bonnet r\u00e9versible en coton biologique certifi\u00e9 GOTS pour b\u00e9b\u00e9s et enfants. Doux, extensible et fait main en Europe, deux styles en un.\" \/>\n<meta property=\"og:url\" content=\"https:\/\/legandgo.com\/fr\/shop\/accessories-fr\/beanie-hat\/\" \/>\n<meta property=\"og:site_name\" content=\"leg&amp;go\" \/>\n<meta property=\"article:publisher\" content=\"https:\/\/www.facebook.com\/legandgo\" \/>\n<meta property=\"article:modified_time\" content=\"2026-02-20T10:10:30+00:00\" \/>\n<meta property=\"og:image\" content=\"https:\/\/legandgo.com\/wp-content\/uploads\/2021\/08\/legandgo-leggo-wuf-kid-beanie-scarf-12.jpg\" \/>\n\t<meta property=\"og:image:width\" content=\"720\" \/>\n\t<meta property=\"og:image:height\" content=\"480\" \/>\n\t<meta property=\"og:image:type\" content=\"image\/jpeg\" \/>\n<meta name=\"twitter:card\" content=\"summary_large_image\" \/>\n<script type=\"application\/ld+json\" class=\"yoast-schema-graph\">{\"@context\":\"https:\/\/schema.org\",\"@graph\":[{\"@type\":\"WebPage\",\"@id\":\"https:\/\/legandgo.com\/fr\/shop\/accessories-fr\/beanie-hat\/\",\"url\":\"https:\/\/legandgo.com\/fr\/shop\/accessories-fr\/beanie-hat\/\",\"name\":\"Bonnet Beanie &#183; leg&amp;go\",\"isPartOf\":{\"@id\":\"https:\/\/legandgo.com\/fr\/#website\"},\"primaryImageOfPage\":{\"@id\":\"https:\/\/legandgo.com\/fr\/shop\/accessories-fr\/beanie-hat\/#primaryimage\"},\"image\":{\"@id\":\"https:\/\/legandgo.com\/fr\/shop\/accessories-fr\/beanie-hat\/#primaryimage\"},\"thumbnailUrl\":\"https:\/\/legandgo.com\/wp-content\/uploads\/2021\/08\/legandgo-leggo-wuf-kid-beanie-scarf-12.jpg\",\"datePublished\":\"2021-09-01T08:48:14+00:00\",\"dateModified\":\"2026-02-20T10:10:30+00:00\",\"description\":\"Bonnet r\u00e9versible en coton biologique certifi\u00e9 GOTS pour b\u00e9b\u00e9s et enfants. Doux, extensible et fait main en Europe, deux styles en un.\",\"breadcrumb\":{\"@id\":\"https:\/\/legandgo.com\/fr\/shop\/accessories-fr\/beanie-hat\/#breadcrumb\"},\"inLanguage\":\"fr-FR\",\"potentialAction\":[{\"@type\":\"ReadAction\",\"target\":[\"https:\/\/legandgo.com\/fr\/shop\/accessories-fr\/beanie-hat\/\"]}]},{\"@type\":\"ImageObject\",\"inLanguage\":\"fr-FR\",\"@id\":\"https:\/\/legandgo.com\/fr\/shop\/accessories-fr\/beanie-hat\/#primaryimage\",\"url\":\"https:\/\/legandgo.com\/wp-content\/uploads\/2021\/08\/legandgo-leggo-wuf-kid-beanie-scarf-12.jpg\",\"contentUrl\":\"https:\/\/legandgo.com\/wp-content\/uploads\/2021\/08\/legandgo-leggo-wuf-kid-beanie-scarf-12.jpg\",\"width\":720,\"height\":480},{\"@type\":\"BreadcrumbList\",\"@id\":\"https:\/\/legandgo.com\/fr\/shop\/accessories-fr\/beanie-hat\/#breadcrumb\",\"itemListElement\":[{\"@type\":\"ListItem\",\"position\":1,\"name\":\"Home\",\"item\":\"https:\/\/legandgo.com\/fr\/\"},{\"@type\":\"ListItem\",\"position\":2,\"name\":\"Shop\",\"item\":\"https:\/\/legandgo.com\/fr\/shop\/\"},{\"@type\":\"ListItem\",\"position\":3,\"name\":\"Bonnet Beanie\"}]},{\"@type\":\"WebSite\",\"@id\":\"https:\/\/legandgo.com\/fr\/#website\",\"url\":\"https:\/\/legandgo.com\/fr\/\",\"name\":\"leg&amp;go\",\"description\":\"\",\"publisher\":{\"@id\":\"https:\/\/legandgo.com\/fr\/#organization\"},\"potentialAction\":[{\"@type\":\"SearchAction\",\"target\":{\"@type\":\"EntryPoint\",\"urlTemplate\":\"https:\/\/legandgo.com\/fr\/?s={search_term_string}\"},\"query-input\":{\"@type\":\"PropertyValueSpecification\",\"valueRequired\":true,\"valueName\":\"search_term_string\"}}],\"inLanguage\":\"fr-FR\"},{\"@type\":\"Organization\",\"@id\":\"https:\/\/legandgo.com\/fr\/#organization\",\"name\":\"leg&go bike\",\"url\":\"https:\/\/legandgo.com\/fr\/\",\"logo\":{\"@type\":\"ImageObject\",\"inLanguage\":\"fr-FR\",\"@id\":\"https:\/\/legandgo.com\/fr\/#\/schema\/logo\/image\/\",\"url\":\"https:\/\/legandgo.com\/wp-content\/uploads\/2021\/03\/logorf.png\",\"contentUrl\":\"https:\/\/legandgo.com\/wp-content\/uploads\/2021\/03\/logorf.png\",\"width\":675,\"height\":216,\"caption\":\"leg&go bike\"},\"image\":{\"@id\":\"https:\/\/legandgo.com\/fr\/#\/schema\/logo\/image\/\"},\"sameAs\":[\"https:\/\/www.facebook.com\/legandgo\",\"https:\/\/www.instagram.com\/legandgo\/\",\"https:\/\/www.linkedin.com\/company\/legandgo\/\",\"https:\/\/www.pinterest.com\/legandgo\/\",\"https:\/\/www.youtube.com\/channel\/UC_FBzWPmKWE0g7fcR4Xdfuw\/\"]}]}<\/script>\n<!-- \/ Yoast SEO plugin. -->","yoast_head_json":{"title":"Bonnet Beanie &#183; leg&amp;go","description":"Bonnet r\u00e9versible en coton biologique certifi\u00e9 GOTS pour b\u00e9b\u00e9s et enfants. Doux, extensible et fait main en Europe, deux styles en un.","robots":{"index":"index","follow":"follow","max-snippet":"max-snippet:-1","max-image-preview":"max-image-preview:large","max-video-preview":"max-video-preview:-1"},"canonical":"https:\/\/legandgo.com\/fr\/shop\/accessories-fr\/beanie-hat\/","og_locale":"fr_FR","og_type":"article","og_title":"Bonnet Beanie &#183; leg&amp;go","og_description":"Bonnet r\u00e9versible en coton biologique certifi\u00e9 GOTS pour b\u00e9b\u00e9s et enfants. Doux, extensible et fait main en Europe, deux styles en un.","og_url":"https:\/\/legandgo.com\/fr\/shop\/accessories-fr\/beanie-hat\/","og_site_name":"leg&amp;go","article_publisher":"https:\/\/www.facebook.com\/legandgo","article_modified_time":"2026-02-20T10:10:30+00:00","og_image":[{"width":720,"height":480,"url":"https:\/\/legandgo.com\/wp-content\/uploads\/2021\/08\/legandgo-leggo-wuf-kid-beanie-scarf-12.jpg","type":"image\/jpeg"}],"twitter_card":"summary_large_image","schema":{"@context":"https:\/\/schema.org","@graph":[{"@type":"WebPage","@id":"https:\/\/legandgo.com\/fr\/shop\/accessories-fr\/beanie-hat\/","url":"https:\/\/legandgo.com\/fr\/shop\/accessories-fr\/beanie-hat\/","name":"Bonnet Beanie &#183; leg&amp;go","isPartOf":{"@id":"https:\/\/legandgo.com\/fr\/#website"},"primaryImageOfPage":{"@id":"https:\/\/legandgo.com\/fr\/shop\/accessories-fr\/beanie-hat\/#primaryimage"},"image":{"@id":"https:\/\/legandgo.com\/fr\/shop\/accessories-fr\/beanie-hat\/#primaryimage"},"thumbnailUrl":"https:\/\/legandgo.com\/wp-content\/uploads\/2021\/08\/legandgo-leggo-wuf-kid-beanie-scarf-12.jpg","datePublished":"2021-09-01T08:48:14+00:00","dateModified":"2026-02-20T10:10:30+00:00","description":"Bonnet r\u00e9versible en coton biologique certifi\u00e9 GOTS pour b\u00e9b\u00e9s et enfants. Doux, extensible et fait main en Europe, deux styles en un.","breadcrumb":{"@id":"https:\/\/legandgo.com\/fr\/shop\/accessories-fr\/beanie-hat\/#breadcrumb"},"inLanguage":"fr-FR","potentialAction":[{"@type":"ReadAction","target":["https:\/\/legandgo.com\/fr\/shop\/accessories-fr\/beanie-hat\/"]}]},{"@type":"ImageObject","inLanguage":"fr-FR","@id":"https:\/\/legandgo.com\/fr\/shop\/accessories-fr\/beanie-hat\/#primaryimage","url":"https:\/\/legandgo.com\/wp-content\/uploads\/2021\/08\/legandgo-leggo-wuf-kid-beanie-scarf-12.jpg","contentUrl":"https:\/\/legandgo.com\/wp-content\/uploads\/2021\/08\/legandgo-leggo-wuf-kid-beanie-scarf-12.jpg","width":720,"height":480},{"@type":"BreadcrumbList","@id":"https:\/\/legandgo.com\/fr\/shop\/accessories-fr\/beanie-hat\/#breadcrumb","itemListElement":[{"@type":"ListItem","position":1,"name":"Home","item":"https:\/\/legandgo.com\/fr\/"},{"@type":"ListItem","position":2,"name":"Shop","item":"https:\/\/legandgo.com\/fr\/shop\/"},{"@type":"ListItem","position":3,"name":"Bonnet Beanie"}]},{"@type":"WebSite","@id":"https:\/\/legandgo.com\/fr\/#website","url":"https:\/\/legandgo.com\/fr\/","name":"leg&amp;go","description":"","publisher":{"@id":"https:\/\/legandgo.com\/fr\/#organization"},"potentialAction":[{"@type":"SearchAction","target":{"@type":"EntryPoint","urlTemplate":"https:\/\/legandgo.com\/fr\/?s={search_term_string}"},"query-input":{"@type":"PropertyValueSpecification","valueRequired":true,"valueName":"search_term_string"}}],"inLanguage":"fr-FR"},{"@type":"Organization","@id":"https:\/\/legandgo.com\/fr\/#organization","name":"leg&go bike","url":"https:\/\/legandgo.com\/fr\/","logo":{"@type":"ImageObject","inLanguage":"fr-FR","@id":"https:\/\/legandgo.com\/fr\/#\/schema\/logo\/image\/","url":"https:\/\/legandgo.com\/wp-content\/uploads\/2021\/03\/logorf.png","contentUrl":"https:\/\/legandgo.com\/wp-content\/uploads\/2021\/03\/logorf.png","width":675,"height":216,"caption":"leg&go bike"},"image":{"@id":"https:\/\/legandgo.com\/fr\/#\/schema\/logo\/image\/"},"sameAs":["https:\/\/www.facebook.com\/legandgo","https:\/\/www.instagram.com\/legandgo\/","https:\/\/www.linkedin.com\/company\/legandgo\/","https:\/\/www.pinterest.com\/legandgo\/","https:\/\/www.youtube.com\/channel\/UC_FBzWPmKWE0g7fcR4Xdfuw\/"]}]}},"_links":{"self":[{"href":"https:\/\/legandgo.com\/fr\/wp-json\/wp\/v2\/product\/4211","targetHints":{"allow":["GET"]}}],"collection":[{"href":"https:\/\/legandgo.com\/fr\/wp-json\/wp\/v2\/product"}],"about":[{"href":"https:\/\/legandgo.com\/fr\/wp-json\/wp\/v2\/types\/product"}],"replies":[{"embeddable":true,"href":"https:\/\/legandgo.com\/fr\/wp-json\/wp\/v2\/comments?post=4211"}],"version-history":[{"count":8,"href":"https:\/\/legandgo.com\/fr\/wp-json\/wp\/v2\/product\/4211\/revisions"}],"predecessor-version":[{"id":52823,"href":"https:\/\/legandgo.com\/fr\/wp-json\/wp\/v2\/product\/4211\/revisions\/52823"}],"wp:featuredmedia":[{"embeddable":true,"href":"https:\/\/legandgo.com\/fr\/wp-json\/wp\/v2\/media\/4156"}],"wp:attachment":[{"href":"https:\/\/legandgo.com\/fr\/wp-json\/wp\/v2\/media?parent=4211"}],"wp:term":[{"taxonomy":"product_brand","embeddable":true,"href":"https:\/\/legandgo.com\/fr\/wp-json\/wp\/v2\/product_brand?post=4211"},{"taxonomy":"product_cat","embeddable":true,"href":"https:\/\/legandgo.com\/fr\/wp-json\/wp\/v2\/product_cat?post=4211"},{"taxonomy":"product_tag","embeddable":true,"href":"https:\/\/legandgo.com\/fr\/wp-json\/wp\/v2\/product_tag?post=4211"}],"curies":[{"name":"wp","href":"https:\/\/api.w.org\/{rel}","templated":true}]}}