{"id":44127,"date":"2025-09-30T15:42:18","date_gmt":"2025-09-30T13:42:18","guid":{"rendered":"https:\/\/legandgo.com\/shop\/non%20class\u00e9\/poutre-dequilibre\/"},"modified":"2026-03-09T14:53:20","modified_gmt":"2026-03-09T12:53:20","slug":"poutre-dequilibre","status":"publish","type":"product","link":"https:\/\/legandgo.com\/fr\/shop\/planche-dequilibre\/poutre-dequilibre\/","title":{"rendered":"Set de Poutre d\u2019\u00c9quilibre en Bois"},"content":{"rendered":"<p data-start=\"0\" data-end=\"245\">La poutre d\u2019\u00e9quilibre en bois est une fa\u00e7on ludique d\u2019am\u00e9liorer l\u2019\u00e9quilibre et la coordination. Un d\u00e9fi amusant pour votre enfant ! Elle encourage le mouvement actif, renforce la confiance \u00e0 chaque pas et transforme le jeu quotidien en une activit\u00e9 de d\u00e9veloppement enrichissante.<\/p>\n<p data-start=\"247\" data-end=\"266\" data-is-last-node=\"\" data-is-only-node=\"\"><strong>D\u00e9couvrez-en plus ci-dessous.<\/strong><\/p>\n","protected":false},"excerpt":{"rendered":"<p>La poutre d\u2019\u00e9quilibre en bois est une fa\u00e7on ludique d\u2019am\u00e9liorer l\u2019\u00e9quilibre et la coordination. Un d\u00e9fi amusant pour votre enfant ! Elle encourage le mouvement actif, renforce la confiance \u00e0 chaque pas et transforme le jeu quotidien en une activit\u00e9 de d\u00e9veloppement enrichissante. D\u00e9couvrez-en plus ci-dessous.<\/p>\n","protected":false},"featured_media":43917,"comment_status":"closed","ping_status":"closed","template":"","meta":{"_acf_changed":false,"inline_featured_image":false,"footnotes":""},"product_brand":[],"product_cat":[1318,539],"product_tag":[1391,1779,1726,1718,1722,1714,1710,1778],"class_list":{"0":"post-44127","1":"product","2":"type-product","3":"status-publish","4":"has-post-thumbnail","6":"product_cat-categorie-de-jouets","7":"product_cat-planche-dequilibre","8":"product_tag-balance-board","9":"product_tag-balance-boards-deals","10":"product_tag-leg-go-2","11":"product_tag-leg-and-go","12":"product_tag-leg-go","13":"product_tag-leggo","14":"product_tag-legandgo","15":"product_tag-value-balance-boards","16":"product_shipping_class-poutre-dequilibre","18":"first","19":"instock","20":"sale","21":"purchasable","22":"product-type-variable"},"bundled_by":[],"bundle_stock_status":"instock","bundle_stock_quantity":null,"bundle_virtual":false,"bundle_layout":"","bundle_add_to_cart_form_location":"","bundle_editable_in_cart":false,"bundle_sold_individually_context":"","bundle_item_grouping":"","bundle_min_size":"","bundle_max_size":"","bundle_price":[],"bundled_items":[],"bundle_sell_ids":[],"acf":[],"yoast_head":"<!-- This site is optimized with the Yoast SEO plugin v25.9 - https:\/\/yoast.com\/wordpress\/plugins\/seo\/ -->\n<title>Set de Poutre d\u2019\u00c9quilibre en Bois pour Enfants &#183; leg&amp;go<\/title>\n<meta name=\"description\" content=\"Set de poutre d\u2019\u00e9quilibre Leg&amp;Go modulable, assemblable avec 4 ou 6 \u00e9l\u00e9ments. Jouet \u00e9volutif pour tout-petits, id\u00e9al pour d\u00e9velopper l\u2019agilit\u00e9, l\u2019\u00e9quilibre et la coordination de mani\u00e8re ludique.\" \/>\n<meta name=\"robots\" content=\"index, follow, max-snippet:-1, max-image-preview:large, max-video-preview:-1\" \/>\n<link rel=\"canonical\" href=\"https:\/\/legandgo.com\/fr\/shop\/planche-dequilibre\/poutre-dequilibre\/\" \/>\n<meta property=\"og:locale\" content=\"fr_FR\" \/>\n<meta property=\"og:type\" content=\"article\" \/>\n<meta property=\"og:title\" content=\"Set de Poutre d\u2019\u00c9quilibre en Bois pour Enfants &#183; leg&amp;go\" \/>\n<meta property=\"og:description\" content=\"Set de poutre d\u2019\u00e9quilibre Leg&amp;Go modulable, assemblable avec 4 ou 6 \u00e9l\u00e9ments. Jouet \u00e9volutif pour tout-petits, id\u00e9al pour d\u00e9velopper l\u2019agilit\u00e9, l\u2019\u00e9quilibre et la coordination de mani\u00e8re ludique.\" \/>\n<meta property=\"og:url\" content=\"https:\/\/legandgo.com\/fr\/shop\/planche-dequilibre\/poutre-dequilibre\/\" \/>\n<meta property=\"og:site_name\" content=\"leg&amp;go\" \/>\n<meta property=\"article:publisher\" content=\"https:\/\/www.facebook.com\/legandgo\" \/>\n<meta property=\"article:modified_time\" content=\"2026-03-09T12:53:20+00:00\" \/>\n<meta property=\"og:image\" content=\"https:\/\/legandgo.com\/wp-content\/uploads\/2025\/09\/legandgo-balance-beam-path-set-7.jpg\" \/>\n\t<meta property=\"og:image:width\" content=\"1200\" \/>\n\t<meta property=\"og:image:height\" content=\"1200\" \/>\n\t<meta property=\"og:image:type\" content=\"image\/jpeg\" \/>\n<meta name=\"twitter:card\" content=\"summary_large_image\" \/>\n<script type=\"application\/ld+json\" class=\"yoast-schema-graph\">{\"@context\":\"https:\/\/schema.org\",\"@graph\":[{\"@type\":\"WebPage\",\"@id\":\"https:\/\/legandgo.com\/fr\/shop\/planche-dequilibre\/poutre-dequilibre\/\",\"url\":\"https:\/\/legandgo.com\/fr\/shop\/planche-dequilibre\/poutre-dequilibre\/\",\"name\":\"Set de Poutre d\u2019\u00c9quilibre en Bois pour Enfants &#183; leg&amp;go\",\"isPartOf\":{\"@id\":\"https:\/\/legandgo.com\/fr\/#website\"},\"primaryImageOfPage\":{\"@id\":\"https:\/\/legandgo.com\/fr\/shop\/planche-dequilibre\/poutre-dequilibre\/#primaryimage\"},\"image\":{\"@id\":\"https:\/\/legandgo.com\/fr\/shop\/planche-dequilibre\/poutre-dequilibre\/#primaryimage\"},\"thumbnailUrl\":\"https:\/\/legandgo.com\/wp-content\/uploads\/2025\/09\/legandgo-balance-beam-path-set-7.jpg\",\"datePublished\":\"2025-09-30T13:42:18+00:00\",\"dateModified\":\"2026-03-09T12:53:20+00:00\",\"description\":\"Set de poutre d\u2019\u00e9quilibre Leg&Go modulable, assemblable avec 4 ou 6 \u00e9l\u00e9ments. Jouet \u00e9volutif pour tout-petits, id\u00e9al pour d\u00e9velopper l\u2019agilit\u00e9, l\u2019\u00e9quilibre et la coordination de mani\u00e8re ludique.\",\"breadcrumb\":{\"@id\":\"https:\/\/legandgo.com\/fr\/shop\/planche-dequilibre\/poutre-dequilibre\/#breadcrumb\"},\"inLanguage\":\"fr-FR\",\"potentialAction\":[{\"@type\":\"ReadAction\",\"target\":[\"https:\/\/legandgo.com\/fr\/shop\/planche-dequilibre\/poutre-dequilibre\/\"]}]},{\"@type\":\"ImageObject\",\"inLanguage\":\"fr-FR\",\"@id\":\"https:\/\/legandgo.com\/fr\/shop\/planche-dequilibre\/poutre-dequilibre\/#primaryimage\",\"url\":\"https:\/\/legandgo.com\/wp-content\/uploads\/2025\/09\/legandgo-balance-beam-path-set-7.jpg\",\"contentUrl\":\"https:\/\/legandgo.com\/wp-content\/uploads\/2025\/09\/legandgo-balance-beam-path-set-7.jpg\",\"width\":1200,\"height\":1200},{\"@type\":\"BreadcrumbList\",\"@id\":\"https:\/\/legandgo.com\/fr\/shop\/planche-dequilibre\/poutre-dequilibre\/#breadcrumb\",\"itemListElement\":[{\"@type\":\"ListItem\",\"position\":1,\"name\":\"Home\",\"item\":\"https:\/\/legandgo.com\/fr\/\"},{\"@type\":\"ListItem\",\"position\":2,\"name\":\"Shop\",\"item\":\"https:\/\/legandgo.com\/fr\/shop\/\"},{\"@type\":\"ListItem\",\"position\":3,\"name\":\"Set de Poutre d\u2019\u00c9quilibre en Bois\"}]},{\"@type\":\"WebSite\",\"@id\":\"https:\/\/legandgo.com\/fr\/#website\",\"url\":\"https:\/\/legandgo.com\/fr\/\",\"name\":\"leg&amp;go\",\"description\":\"\",\"publisher\":{\"@id\":\"https:\/\/legandgo.com\/fr\/#organization\"},\"potentialAction\":[{\"@type\":\"SearchAction\",\"target\":{\"@type\":\"EntryPoint\",\"urlTemplate\":\"https:\/\/legandgo.com\/fr\/?s={search_term_string}\"},\"query-input\":{\"@type\":\"PropertyValueSpecification\",\"valueRequired\":true,\"valueName\":\"search_term_string\"}}],\"inLanguage\":\"fr-FR\"},{\"@type\":\"Organization\",\"@id\":\"https:\/\/legandgo.com\/fr\/#organization\",\"name\":\"leg&go bike\",\"url\":\"https:\/\/legandgo.com\/fr\/\",\"logo\":{\"@type\":\"ImageObject\",\"inLanguage\":\"fr-FR\",\"@id\":\"https:\/\/legandgo.com\/fr\/#\/schema\/logo\/image\/\",\"url\":\"https:\/\/legandgo.com\/wp-content\/uploads\/2021\/03\/logorf.png\",\"contentUrl\":\"https:\/\/legandgo.com\/wp-content\/uploads\/2021\/03\/logorf.png\",\"width\":675,\"height\":216,\"caption\":\"leg&go bike\"},\"image\":{\"@id\":\"https:\/\/legandgo.com\/fr\/#\/schema\/logo\/image\/\"},\"sameAs\":[\"https:\/\/www.facebook.com\/legandgo\",\"https:\/\/www.instagram.com\/legandgo\/\",\"https:\/\/www.linkedin.com\/company\/legandgo\/\",\"https:\/\/www.pinterest.com\/legandgo\/\",\"https:\/\/www.youtube.com\/channel\/UC_FBzWPmKWE0g7fcR4Xdfuw\/\"]}]}<\/script>\n<!-- \/ Yoast SEO plugin. -->","yoast_head_json":{"title":"Set de Poutre d\u2019\u00c9quilibre en Bois pour Enfants &#183; leg&amp;go","description":"Set de poutre d\u2019\u00e9quilibre Leg&Go modulable, assemblable avec 4 ou 6 \u00e9l\u00e9ments. Jouet \u00e9volutif pour tout-petits, id\u00e9al pour d\u00e9velopper l\u2019agilit\u00e9, l\u2019\u00e9quilibre et la coordination de mani\u00e8re ludique.","robots":{"index":"index","follow":"follow","max-snippet":"max-snippet:-1","max-image-preview":"max-image-preview:large","max-video-preview":"max-video-preview:-1"},"canonical":"https:\/\/legandgo.com\/fr\/shop\/planche-dequilibre\/poutre-dequilibre\/","og_locale":"fr_FR","og_type":"article","og_title":"Set de Poutre d\u2019\u00c9quilibre en Bois pour Enfants &#183; leg&amp;go","og_description":"Set de poutre d\u2019\u00e9quilibre Leg&Go modulable, assemblable avec 4 ou 6 \u00e9l\u00e9ments. Jouet \u00e9volutif pour tout-petits, id\u00e9al pour d\u00e9velopper l\u2019agilit\u00e9, l\u2019\u00e9quilibre et la coordination de mani\u00e8re ludique.","og_url":"https:\/\/legandgo.com\/fr\/shop\/planche-dequilibre\/poutre-dequilibre\/","og_site_name":"leg&amp;go","article_publisher":"https:\/\/www.facebook.com\/legandgo","article_modified_time":"2026-03-09T12:53:20+00:00","og_image":[{"width":1200,"height":1200,"url":"https:\/\/legandgo.com\/wp-content\/uploads\/2025\/09\/legandgo-balance-beam-path-set-7.jpg","type":"image\/jpeg"}],"twitter_card":"summary_large_image","schema":{"@context":"https:\/\/schema.org","@graph":[{"@type":"WebPage","@id":"https:\/\/legandgo.com\/fr\/shop\/planche-dequilibre\/poutre-dequilibre\/","url":"https:\/\/legandgo.com\/fr\/shop\/planche-dequilibre\/poutre-dequilibre\/","name":"Set de Poutre d\u2019\u00c9quilibre en Bois pour Enfants &#183; leg&amp;go","isPartOf":{"@id":"https:\/\/legandgo.com\/fr\/#website"},"primaryImageOfPage":{"@id":"https:\/\/legandgo.com\/fr\/shop\/planche-dequilibre\/poutre-dequilibre\/#primaryimage"},"image":{"@id":"https:\/\/legandgo.com\/fr\/shop\/planche-dequilibre\/poutre-dequilibre\/#primaryimage"},"thumbnailUrl":"https:\/\/legandgo.com\/wp-content\/uploads\/2025\/09\/legandgo-balance-beam-path-set-7.jpg","datePublished":"2025-09-30T13:42:18+00:00","dateModified":"2026-03-09T12:53:20+00:00","description":"Set de poutre d\u2019\u00e9quilibre Leg&Go modulable, assemblable avec 4 ou 6 \u00e9l\u00e9ments. Jouet \u00e9volutif pour tout-petits, id\u00e9al pour d\u00e9velopper l\u2019agilit\u00e9, l\u2019\u00e9quilibre et la coordination de mani\u00e8re ludique.","breadcrumb":{"@id":"https:\/\/legandgo.com\/fr\/shop\/planche-dequilibre\/poutre-dequilibre\/#breadcrumb"},"inLanguage":"fr-FR","potentialAction":[{"@type":"ReadAction","target":["https:\/\/legandgo.com\/fr\/shop\/planche-dequilibre\/poutre-dequilibre\/"]}]},{"@type":"ImageObject","inLanguage":"fr-FR","@id":"https:\/\/legandgo.com\/fr\/shop\/planche-dequilibre\/poutre-dequilibre\/#primaryimage","url":"https:\/\/legandgo.com\/wp-content\/uploads\/2025\/09\/legandgo-balance-beam-path-set-7.jpg","contentUrl":"https:\/\/legandgo.com\/wp-content\/uploads\/2025\/09\/legandgo-balance-beam-path-set-7.jpg","width":1200,"height":1200},{"@type":"BreadcrumbList","@id":"https:\/\/legandgo.com\/fr\/shop\/planche-dequilibre\/poutre-dequilibre\/#breadcrumb","itemListElement":[{"@type":"ListItem","position":1,"name":"Home","item":"https:\/\/legandgo.com\/fr\/"},{"@type":"ListItem","position":2,"name":"Shop","item":"https:\/\/legandgo.com\/fr\/shop\/"},{"@type":"ListItem","position":3,"name":"Set de Poutre d\u2019\u00c9quilibre en Bois"}]},{"@type":"WebSite","@id":"https:\/\/legandgo.com\/fr\/#website","url":"https:\/\/legandgo.com\/fr\/","name":"leg&amp;go","description":"","publisher":{"@id":"https:\/\/legandgo.com\/fr\/#organization"},"potentialAction":[{"@type":"SearchAction","target":{"@type":"EntryPoint","urlTemplate":"https:\/\/legandgo.com\/fr\/?s={search_term_string}"},"query-input":{"@type":"PropertyValueSpecification","valueRequired":true,"valueName":"search_term_string"}}],"inLanguage":"fr-FR"},{"@type":"Organization","@id":"https:\/\/legandgo.com\/fr\/#organization","name":"leg&go bike","url":"https:\/\/legandgo.com\/fr\/","logo":{"@type":"ImageObject","inLanguage":"fr-FR","@id":"https:\/\/legandgo.com\/fr\/#\/schema\/logo\/image\/","url":"https:\/\/legandgo.com\/wp-content\/uploads\/2021\/03\/logorf.png","contentUrl":"https:\/\/legandgo.com\/wp-content\/uploads\/2021\/03\/logorf.png","width":675,"height":216,"caption":"leg&go bike"},"image":{"@id":"https:\/\/legandgo.com\/fr\/#\/schema\/logo\/image\/"},"sameAs":["https:\/\/www.facebook.com\/legandgo","https:\/\/www.instagram.com\/legandgo\/","https:\/\/www.linkedin.com\/company\/legandgo\/","https:\/\/www.pinterest.com\/legandgo\/","https:\/\/www.youtube.com\/channel\/UC_FBzWPmKWE0g7fcR4Xdfuw\/"]}]}},"_links":{"self":[{"href":"https:\/\/legandgo.com\/fr\/wp-json\/wp\/v2\/product\/44127","targetHints":{"allow":["GET"]}}],"collection":[{"href":"https:\/\/legandgo.com\/fr\/wp-json\/wp\/v2\/product"}],"about":[{"href":"https:\/\/legandgo.com\/fr\/wp-json\/wp\/v2\/types\/product"}],"replies":[{"embeddable":true,"href":"https:\/\/legandgo.com\/fr\/wp-json\/wp\/v2\/comments?post=44127"}],"version-history":[{"count":8,"href":"https:\/\/legandgo.com\/fr\/wp-json\/wp\/v2\/product\/44127\/revisions"}],"predecessor-version":[{"id":53879,"href":"https:\/\/legandgo.com\/fr\/wp-json\/wp\/v2\/product\/44127\/revisions\/53879"}],"wp:featuredmedia":[{"embeddable":true,"href":"https:\/\/legandgo.com\/fr\/wp-json\/wp\/v2\/media\/43917"}],"wp:attachment":[{"href":"https:\/\/legandgo.com\/fr\/wp-json\/wp\/v2\/media?parent=44127"}],"wp:term":[{"taxonomy":"product_brand","embeddable":true,"href":"https:\/\/legandgo.com\/fr\/wp-json\/wp\/v2\/product_brand?post=44127"},{"taxonomy":"product_cat","embeddable":true,"href":"https:\/\/legandgo.com\/fr\/wp-json\/wp\/v2\/product_cat?post=44127"},{"taxonomy":"product_tag","embeddable":true,"href":"https:\/\/legandgo.com\/fr\/wp-json\/wp\/v2\/product_tag?post=44127"}],"curies":[{"name":"wp","href":"https:\/\/api.w.org\/{rel}","templated":true}]}}