{"id":44432,"date":"2025-10-03T07:34:23","date_gmt":"2025-10-03T05:34:23","guid":{"rendered":"https:\/\/legandgo.com\/shop\/non%20class\u00e9\/jouet-en-mousse-a-enfourcher-voiture\/"},"modified":"2026-02-24T14:28:27","modified_gmt":"2026-02-24T12:28:27","slug":"jouet-en-mousse-a-enfourcher-voiture","status":"publish","type":"product","link":"https:\/\/legandgo.com\/fr\/shop\/blocs-mousse\/jouet-en-mousse-a-enfourcher-voiture\/","title":{"rendered":"Jouet en mousse \u00e0 enfourcher &#8211; Voiture"},"content":{"rendered":"<p>Attachez votre ceinture pour un voyage amusant. Cet \u00e9quivalent en mousse d\u2019un jouet \u00e0 bascule classique est le moyen id\u00e9al pour exercer l\u2019\u00e9quilibre et l\u2019imagination de votre enfant. Il contribue \u00e9galement au d\u00e9veloppement de la motricit\u00e9 globale, de l\u2019\u00e9quilibre, de la coordination et du d\u00e9veloppement musculaire. C\u2019est une fa\u00e7on excitante pour votre enfant de rester actif et engag\u00e9.<\/p>\n<p><strong>D\u00e9couvrez-en plus ci-dessous.<\/strong><\/p>\n","protected":false},"excerpt":{"rendered":"<p>Attachez votre ceinture pour un voyage amusant. Cet \u00e9quivalent en mousse d\u2019un jouet \u00e0 bascule classique est le moyen id\u00e9al pour exercer l\u2019\u00e9quilibre et l\u2019imagination de votre enfant. Il contribue \u00e9galement au d\u00e9veloppement de la motricit\u00e9 globale, de l\u2019\u00e9quilibre, de la coordination et du d\u00e9veloppement musculaire. C\u2019est une fa\u00e7on excitante pour votre enfant de rester<a class=\"excerpt-read-more\" href=\"https:\/\/legandgo.com\/fr\/shop\/blocs-mousse\/jouet-en-mousse-a-enfourcher-voiture\/\" title=\"ReadJouet en mousse \u00e0 enfourcher &#8211; Voiture\">&#8230; Read more &raquo;<\/a><\/p>\n","protected":false},"featured_media":44392,"comment_status":"closed","ping_status":"closed","template":"","meta":{"_acf_changed":false,"inline_featured_image":false,"footnotes":""},"product_brand":[],"product_cat":[1318,556],"product_tag":[],"class_list":{"0":"post-44432","1":"product","2":"type-product","3":"status-publish","4":"has-post-thumbnail","6":"product_cat-categorie-de-jouets","7":"product_cat-blocs-mousse","8":"product_shipping_class-soft-blocks-fr","10":"first","11":"instock","12":"purchasable","13":"product-type-simple"},"bundled_by":[],"bundle_stock_status":"instock","bundle_stock_quantity":null,"bundle_virtual":false,"bundle_layout":"","bundle_add_to_cart_form_location":"","bundle_editable_in_cart":false,"bundle_sold_individually_context":"","bundle_item_grouping":"","bundle_min_size":"","bundle_max_size":"","bundle_price":[],"bundled_items":[],"bundle_sell_ids":[],"acf":[],"yoast_head":"<!-- This site is optimized with the Yoast SEO plugin v25.9 - https:\/\/yoast.com\/wordpress\/plugins\/seo\/ -->\n<title>Jouet en mousse \u00e0 enfourcher - Voiture &#183; leg&amp;go<\/title>\n<meta name=\"description\" content=\"Jouet \u00e0 bascule pour tout-petits qui transforme chaque pi\u00e8ce en un espace de jeu amusant pour les enfants de 1 \u00e0 5 ans.\" \/>\n<meta name=\"robots\" content=\"index, follow, max-snippet:-1, max-image-preview:large, max-video-preview:-1\" \/>\n<link rel=\"canonical\" href=\"https:\/\/legandgo.com\/fr\/shop\/blocs-mousse\/jouet-en-mousse-a-enfourcher-voiture\/\" \/>\n<meta property=\"og:locale\" content=\"fr_FR\" \/>\n<meta property=\"og:type\" content=\"article\" \/>\n<meta property=\"og:title\" content=\"Jouet en mousse \u00e0 enfourcher - Voiture &#183; leg&amp;go\" \/>\n<meta property=\"og:description\" content=\"Jouet \u00e0 bascule pour tout-petits qui transforme chaque pi\u00e8ce en un espace de jeu amusant pour les enfants de 1 \u00e0 5 ans.\" \/>\n<meta property=\"og:url\" content=\"https:\/\/legandgo.com\/fr\/shop\/blocs-mousse\/jouet-en-mousse-a-enfourcher-voiture\/\" \/>\n<meta property=\"og:site_name\" content=\"leg&amp;go\" \/>\n<meta property=\"article:publisher\" content=\"https:\/\/www.facebook.com\/legandgo\" \/>\n<meta property=\"article:modified_time\" content=\"2026-02-24T12:28:27+00:00\" \/>\n<meta property=\"og:image\" content=\"https:\/\/legandgo.com\/wp-content\/uploads\/2025\/10\/Rocker-car_gray1.jpg\" \/>\n\t<meta property=\"og:image:width\" content=\"1080\" \/>\n\t<meta property=\"og:image:height\" content=\"1080\" \/>\n\t<meta property=\"og:image:type\" content=\"image\/jpeg\" \/>\n<meta name=\"twitter:card\" content=\"summary_large_image\" \/>\n<script type=\"application\/ld+json\" class=\"yoast-schema-graph\">{\"@context\":\"https:\/\/schema.org\",\"@graph\":[{\"@type\":\"WebPage\",\"@id\":\"https:\/\/legandgo.com\/fr\/shop\/blocs-mousse\/jouet-en-mousse-a-enfourcher-voiture\/\",\"url\":\"https:\/\/legandgo.com\/fr\/shop\/blocs-mousse\/jouet-en-mousse-a-enfourcher-voiture\/\",\"name\":\"Jouet en mousse \u00e0 enfourcher - Voiture &#183; leg&amp;go\",\"isPartOf\":{\"@id\":\"https:\/\/legandgo.com\/fr\/#website\"},\"primaryImageOfPage\":{\"@id\":\"https:\/\/legandgo.com\/fr\/shop\/blocs-mousse\/jouet-en-mousse-a-enfourcher-voiture\/#primaryimage\"},\"image\":{\"@id\":\"https:\/\/legandgo.com\/fr\/shop\/blocs-mousse\/jouet-en-mousse-a-enfourcher-voiture\/#primaryimage\"},\"thumbnailUrl\":\"https:\/\/legandgo.com\/wp-content\/uploads\/2025\/10\/Rocker-car_gray1.jpg\",\"datePublished\":\"2025-10-03T05:34:23+00:00\",\"dateModified\":\"2026-02-24T12:28:27+00:00\",\"description\":\"Jouet \u00e0 bascule pour tout-petits qui transforme chaque pi\u00e8ce en un espace de jeu amusant pour les enfants de 1 \u00e0 5 ans.\",\"breadcrumb\":{\"@id\":\"https:\/\/legandgo.com\/fr\/shop\/blocs-mousse\/jouet-en-mousse-a-enfourcher-voiture\/#breadcrumb\"},\"inLanguage\":\"fr-FR\",\"potentialAction\":[{\"@type\":\"ReadAction\",\"target\":[\"https:\/\/legandgo.com\/fr\/shop\/blocs-mousse\/jouet-en-mousse-a-enfourcher-voiture\/\"]}]},{\"@type\":\"ImageObject\",\"inLanguage\":\"fr-FR\",\"@id\":\"https:\/\/legandgo.com\/fr\/shop\/blocs-mousse\/jouet-en-mousse-a-enfourcher-voiture\/#primaryimage\",\"url\":\"https:\/\/legandgo.com\/wp-content\/uploads\/2025\/10\/Rocker-car_gray1.jpg\",\"contentUrl\":\"https:\/\/legandgo.com\/wp-content\/uploads\/2025\/10\/Rocker-car_gray1.jpg\",\"width\":1080,\"height\":1080},{\"@type\":\"BreadcrumbList\",\"@id\":\"https:\/\/legandgo.com\/fr\/shop\/blocs-mousse\/jouet-en-mousse-a-enfourcher-voiture\/#breadcrumb\",\"itemListElement\":[{\"@type\":\"ListItem\",\"position\":1,\"name\":\"Home\",\"item\":\"https:\/\/legandgo.com\/fr\/\"},{\"@type\":\"ListItem\",\"position\":2,\"name\":\"Shop\",\"item\":\"https:\/\/legandgo.com\/fr\/shop\/\"},{\"@type\":\"ListItem\",\"position\":3,\"name\":\"Jouet en mousse \u00e0 enfourcher &#8211; Voiture\"}]},{\"@type\":\"WebSite\",\"@id\":\"https:\/\/legandgo.com\/fr\/#website\",\"url\":\"https:\/\/legandgo.com\/fr\/\",\"name\":\"leg&amp;go\",\"description\":\"\",\"publisher\":{\"@id\":\"https:\/\/legandgo.com\/fr\/#organization\"},\"potentialAction\":[{\"@type\":\"SearchAction\",\"target\":{\"@type\":\"EntryPoint\",\"urlTemplate\":\"https:\/\/legandgo.com\/fr\/?s={search_term_string}\"},\"query-input\":{\"@type\":\"PropertyValueSpecification\",\"valueRequired\":true,\"valueName\":\"search_term_string\"}}],\"inLanguage\":\"fr-FR\"},{\"@type\":\"Organization\",\"@id\":\"https:\/\/legandgo.com\/fr\/#organization\",\"name\":\"leg&go bike\",\"url\":\"https:\/\/legandgo.com\/fr\/\",\"logo\":{\"@type\":\"ImageObject\",\"inLanguage\":\"fr-FR\",\"@id\":\"https:\/\/legandgo.com\/fr\/#\/schema\/logo\/image\/\",\"url\":\"https:\/\/legandgo.com\/wp-content\/uploads\/2021\/03\/logorf.png\",\"contentUrl\":\"https:\/\/legandgo.com\/wp-content\/uploads\/2021\/03\/logorf.png\",\"width\":675,\"height\":216,\"caption\":\"leg&go bike\"},\"image\":{\"@id\":\"https:\/\/legandgo.com\/fr\/#\/schema\/logo\/image\/\"},\"sameAs\":[\"https:\/\/www.facebook.com\/legandgo\",\"https:\/\/www.instagram.com\/legandgo\/\",\"https:\/\/www.linkedin.com\/company\/legandgo\/\",\"https:\/\/www.pinterest.com\/legandgo\/\",\"https:\/\/www.youtube.com\/channel\/UC_FBzWPmKWE0g7fcR4Xdfuw\/\"]}]}<\/script>\n<!-- \/ Yoast SEO plugin. -->","yoast_head_json":{"title":"Jouet en mousse \u00e0 enfourcher - Voiture &#183; leg&amp;go","description":"Jouet \u00e0 bascule pour tout-petits qui transforme chaque pi\u00e8ce en un espace de jeu amusant pour les enfants de 1 \u00e0 5 ans.","robots":{"index":"index","follow":"follow","max-snippet":"max-snippet:-1","max-image-preview":"max-image-preview:large","max-video-preview":"max-video-preview:-1"},"canonical":"https:\/\/legandgo.com\/fr\/shop\/blocs-mousse\/jouet-en-mousse-a-enfourcher-voiture\/","og_locale":"fr_FR","og_type":"article","og_title":"Jouet en mousse \u00e0 enfourcher - Voiture &#183; leg&amp;go","og_description":"Jouet \u00e0 bascule pour tout-petits qui transforme chaque pi\u00e8ce en un espace de jeu amusant pour les enfants de 1 \u00e0 5 ans.","og_url":"https:\/\/legandgo.com\/fr\/shop\/blocs-mousse\/jouet-en-mousse-a-enfourcher-voiture\/","og_site_name":"leg&amp;go","article_publisher":"https:\/\/www.facebook.com\/legandgo","article_modified_time":"2026-02-24T12:28:27+00:00","og_image":[{"width":1080,"height":1080,"url":"https:\/\/legandgo.com\/wp-content\/uploads\/2025\/10\/Rocker-car_gray1.jpg","type":"image\/jpeg"}],"twitter_card":"summary_large_image","schema":{"@context":"https:\/\/schema.org","@graph":[{"@type":"WebPage","@id":"https:\/\/legandgo.com\/fr\/shop\/blocs-mousse\/jouet-en-mousse-a-enfourcher-voiture\/","url":"https:\/\/legandgo.com\/fr\/shop\/blocs-mousse\/jouet-en-mousse-a-enfourcher-voiture\/","name":"Jouet en mousse \u00e0 enfourcher - Voiture &#183; leg&amp;go","isPartOf":{"@id":"https:\/\/legandgo.com\/fr\/#website"},"primaryImageOfPage":{"@id":"https:\/\/legandgo.com\/fr\/shop\/blocs-mousse\/jouet-en-mousse-a-enfourcher-voiture\/#primaryimage"},"image":{"@id":"https:\/\/legandgo.com\/fr\/shop\/blocs-mousse\/jouet-en-mousse-a-enfourcher-voiture\/#primaryimage"},"thumbnailUrl":"https:\/\/legandgo.com\/wp-content\/uploads\/2025\/10\/Rocker-car_gray1.jpg","datePublished":"2025-10-03T05:34:23+00:00","dateModified":"2026-02-24T12:28:27+00:00","description":"Jouet \u00e0 bascule pour tout-petits qui transforme chaque pi\u00e8ce en un espace de jeu amusant pour les enfants de 1 \u00e0 5 ans.","breadcrumb":{"@id":"https:\/\/legandgo.com\/fr\/shop\/blocs-mousse\/jouet-en-mousse-a-enfourcher-voiture\/#breadcrumb"},"inLanguage":"fr-FR","potentialAction":[{"@type":"ReadAction","target":["https:\/\/legandgo.com\/fr\/shop\/blocs-mousse\/jouet-en-mousse-a-enfourcher-voiture\/"]}]},{"@type":"ImageObject","inLanguage":"fr-FR","@id":"https:\/\/legandgo.com\/fr\/shop\/blocs-mousse\/jouet-en-mousse-a-enfourcher-voiture\/#primaryimage","url":"https:\/\/legandgo.com\/wp-content\/uploads\/2025\/10\/Rocker-car_gray1.jpg","contentUrl":"https:\/\/legandgo.com\/wp-content\/uploads\/2025\/10\/Rocker-car_gray1.jpg","width":1080,"height":1080},{"@type":"BreadcrumbList","@id":"https:\/\/legandgo.com\/fr\/shop\/blocs-mousse\/jouet-en-mousse-a-enfourcher-voiture\/#breadcrumb","itemListElement":[{"@type":"ListItem","position":1,"name":"Home","item":"https:\/\/legandgo.com\/fr\/"},{"@type":"ListItem","position":2,"name":"Shop","item":"https:\/\/legandgo.com\/fr\/shop\/"},{"@type":"ListItem","position":3,"name":"Jouet en mousse \u00e0 enfourcher &#8211; Voiture"}]},{"@type":"WebSite","@id":"https:\/\/legandgo.com\/fr\/#website","url":"https:\/\/legandgo.com\/fr\/","name":"leg&amp;go","description":"","publisher":{"@id":"https:\/\/legandgo.com\/fr\/#organization"},"potentialAction":[{"@type":"SearchAction","target":{"@type":"EntryPoint","urlTemplate":"https:\/\/legandgo.com\/fr\/?s={search_term_string}"},"query-input":{"@type":"PropertyValueSpecification","valueRequired":true,"valueName":"search_term_string"}}],"inLanguage":"fr-FR"},{"@type":"Organization","@id":"https:\/\/legandgo.com\/fr\/#organization","name":"leg&go bike","url":"https:\/\/legandgo.com\/fr\/","logo":{"@type":"ImageObject","inLanguage":"fr-FR","@id":"https:\/\/legandgo.com\/fr\/#\/schema\/logo\/image\/","url":"https:\/\/legandgo.com\/wp-content\/uploads\/2021\/03\/logorf.png","contentUrl":"https:\/\/legandgo.com\/wp-content\/uploads\/2021\/03\/logorf.png","width":675,"height":216,"caption":"leg&go bike"},"image":{"@id":"https:\/\/legandgo.com\/fr\/#\/schema\/logo\/image\/"},"sameAs":["https:\/\/www.facebook.com\/legandgo","https:\/\/www.instagram.com\/legandgo\/","https:\/\/www.linkedin.com\/company\/legandgo\/","https:\/\/www.pinterest.com\/legandgo\/","https:\/\/www.youtube.com\/channel\/UC_FBzWPmKWE0g7fcR4Xdfuw\/"]}]}},"_links":{"self":[{"href":"https:\/\/legandgo.com\/fr\/wp-json\/wp\/v2\/product\/44432","targetHints":{"allow":["GET"]}}],"collection":[{"href":"https:\/\/legandgo.com\/fr\/wp-json\/wp\/v2\/product"}],"about":[{"href":"https:\/\/legandgo.com\/fr\/wp-json\/wp\/v2\/types\/product"}],"replies":[{"embeddable":true,"href":"https:\/\/legandgo.com\/fr\/wp-json\/wp\/v2\/comments?post=44432"}],"version-history":[{"count":4,"href":"https:\/\/legandgo.com\/fr\/wp-json\/wp\/v2\/product\/44432\/revisions"}],"predecessor-version":[{"id":52224,"href":"https:\/\/legandgo.com\/fr\/wp-json\/wp\/v2\/product\/44432\/revisions\/52224"}],"wp:featuredmedia":[{"embeddable":true,"href":"https:\/\/legandgo.com\/fr\/wp-json\/wp\/v2\/media\/44392"}],"wp:attachment":[{"href":"https:\/\/legandgo.com\/fr\/wp-json\/wp\/v2\/media?parent=44432"}],"wp:term":[{"taxonomy":"product_brand","embeddable":true,"href":"https:\/\/legandgo.com\/fr\/wp-json\/wp\/v2\/product_brand?post=44432"},{"taxonomy":"product_cat","embeddable":true,"href":"https:\/\/legandgo.com\/fr\/wp-json\/wp\/v2\/product_cat?post=44432"},{"taxonomy":"product_tag","embeddable":true,"href":"https:\/\/legandgo.com\/fr\/wp-json\/wp\/v2\/product_tag?post=44432"}],"curies":[{"name":"wp","href":"https:\/\/api.w.org\/{rel}","templated":true}]}}