{"id":4567,"date":"2021-09-16T14:35:34","date_gmt":"2021-09-16T12:35:34","guid":{"rendered":"https:\/\/legandgo.com\/?post_type=product&#038;p=4567"},"modified":"2026-04-16T10:35:49","modified_gmt":"2026-04-16T08:35:49","slug":"reflective-stickers","status":"publish","type":"product","link":"https:\/\/legandgo.com\/fr\/shop\/accessories-fr\/reflective-stickers\/","title":{"rendered":"Autocollants r\u00e9fl\u00e9chissants"},"content":{"rendered":"<p style=\"font-weight: 400;\">Petits d\u00e9tails. Grande visibilit\u00e9. <\/p>\n<p style=\"font-weight: 400;\">Rester visible \u00e0 tout moment est essentiel. Nos autocollants r\u00e9fl\u00e9chissants sont une solution simple pour am\u00e9liorer la s\u00e9curit\u00e9 tout en gardant une touche ludique. Faciles \u00e0 appliquer sur le v\u00e9lo ou sur le casque de votre petit rider, ils vous permettent de choisir l\u2019emplacement et de cr\u00e9er votre propre disposition ensemble.  <\/p>\n<p style=\"font-weight: 400;\">Roulez en toute s\u00e9curit\u00e9 avec des autocollants r\u00e9fl\u00e9chissants.<\/p>\n<p style=\"font-weight: 400;\"><strong>Explorez davantage ci-dessous.<\/strong><\/p>\n","protected":false},"excerpt":{"rendered":"<p>Petits d\u00e9tails. Grande visibilit\u00e9. Rester visible \u00e0 tout moment est essentiel. Nos autocollants r\u00e9fl\u00e9chissants sont une solution simple pour am\u00e9liorer la s\u00e9curit\u00e9 tout en gardant une touche ludique. Faciles \u00e0 appliquer sur le v\u00e9lo ou sur le casque de votre petit rider, ils vous permettent de choisir l\u2019emplacement et de cr\u00e9er votre propre disposition ensemble.<a class=\"excerpt-read-more\" href=\"https:\/\/legandgo.com\/fr\/shop\/accessories-fr\/reflective-stickers\/\" title=\"ReadAutocollants r\u00e9fl\u00e9chissants\">&#8230; Read more &raquo;<\/a><\/p>\n","protected":false},"featured_media":4399,"comment_status":"closed","ping_status":"closed","template":"","meta":{"_acf_changed":false,"inline_featured_image":false,"footnotes":""},"product_brand":[],"product_cat":[1310,86],"product_tag":[],"class_list":{"0":"post-4567","1":"product","2":"type-product","3":"status-publish","4":"has-post-thumbnail","6":"product_cat-draisiennes-et-plus","7":"product_cat-accessories-fr","8":"product_shipping_class-accessories-shipping-fr","10":"first","11":"instock","12":"sale","13":"purchasable","14":"product-type-simple"},"bundled_by":[],"bundle_stock_status":"instock","bundle_stock_quantity":null,"bundle_virtual":false,"bundle_layout":"","bundle_add_to_cart_form_location":"","bundle_editable_in_cart":false,"bundle_sold_individually_context":"","bundle_item_grouping":"","bundle_min_size":"","bundle_max_size":"","bundle_price":[],"bundled_items":[],"bundle_sell_ids":[],"acf":[],"yoast_head":"<!-- This site is optimized with the Yoast SEO plugin v25.9 - https:\/\/yoast.com\/wordpress\/plugins\/seo\/ -->\n<title>Autocollants r\u00e9fl\u00e9chissants &#183; leg&amp;go<\/title>\n<meta name=\"description\" content=\"Autocollants r\u00e9fl\u00e9chissants pour v\u00e9lo ou casque offrant plus de visibilit\u00e9 en faible luminosit\u00e9. Faciles \u00e0 coller, 2 feuilles incluses.\" \/>\n<meta name=\"robots\" content=\"index, follow, max-snippet:-1, max-image-preview:large, max-video-preview:-1\" \/>\n<link rel=\"canonical\" href=\"https:\/\/legandgo.com\/fr\/shop\/accessories-fr\/reflective-stickers\/\" \/>\n<meta property=\"og:locale\" content=\"fr_FR\" \/>\n<meta property=\"og:type\" content=\"article\" \/>\n<meta property=\"og:title\" content=\"Autocollants r\u00e9fl\u00e9chissants &#183; leg&amp;go\" \/>\n<meta property=\"og:description\" content=\"Autocollants r\u00e9fl\u00e9chissants pour v\u00e9lo ou casque offrant plus de visibilit\u00e9 en faible luminosit\u00e9. Faciles \u00e0 coller, 2 feuilles incluses.\" \/>\n<meta property=\"og:url\" content=\"https:\/\/legandgo.com\/fr\/shop\/accessories-fr\/reflective-stickers\/\" \/>\n<meta property=\"og:site_name\" content=\"leg&amp;go\" \/>\n<meta property=\"article:publisher\" content=\"https:\/\/www.facebook.com\/legandgo\" \/>\n<meta property=\"article:modified_time\" content=\"2026-04-16T08:35:49+00:00\" \/>\n<meta property=\"og:image\" content=\"https:\/\/legandgo.com\/wp-content\/uploads\/2021\/09\/leggo-legandgo-refelective-sticker.jpg\" \/>\n\t<meta property=\"og:image:width\" content=\"300\" \/>\n\t<meta property=\"og:image:height\" content=\"299\" \/>\n\t<meta property=\"og:image:type\" content=\"image\/jpeg\" \/>\n<meta name=\"twitter:card\" content=\"summary_large_image\" \/>\n<script type=\"application\/ld+json\" class=\"yoast-schema-graph\">{\"@context\":\"https:\/\/schema.org\",\"@graph\":[{\"@type\":\"WebPage\",\"@id\":\"https:\/\/legandgo.com\/fr\/shop\/accessories-fr\/reflective-stickers\/\",\"url\":\"https:\/\/legandgo.com\/fr\/shop\/accessories-fr\/reflective-stickers\/\",\"name\":\"Autocollants r\u00e9fl\u00e9chissants &#183; leg&amp;go\",\"isPartOf\":{\"@id\":\"https:\/\/legandgo.com\/fr\/#website\"},\"primaryImageOfPage\":{\"@id\":\"https:\/\/legandgo.com\/fr\/shop\/accessories-fr\/reflective-stickers\/#primaryimage\"},\"image\":{\"@id\":\"https:\/\/legandgo.com\/fr\/shop\/accessories-fr\/reflective-stickers\/#primaryimage\"},\"thumbnailUrl\":\"https:\/\/legandgo.com\/wp-content\/uploads\/2021\/09\/leggo-legandgo-refelective-sticker.jpg\",\"datePublished\":\"2021-09-16T12:35:34+00:00\",\"dateModified\":\"2026-04-16T08:35:49+00:00\",\"description\":\"Autocollants r\u00e9fl\u00e9chissants pour v\u00e9lo ou casque offrant plus de visibilit\u00e9 en faible luminosit\u00e9. Faciles \u00e0 coller, 2 feuilles incluses.\",\"breadcrumb\":{\"@id\":\"https:\/\/legandgo.com\/fr\/shop\/accessories-fr\/reflective-stickers\/#breadcrumb\"},\"inLanguage\":\"fr-FR\",\"potentialAction\":[{\"@type\":\"ReadAction\",\"target\":[\"https:\/\/legandgo.com\/fr\/shop\/accessories-fr\/reflective-stickers\/\"]}]},{\"@type\":\"ImageObject\",\"inLanguage\":\"fr-FR\",\"@id\":\"https:\/\/legandgo.com\/fr\/shop\/accessories-fr\/reflective-stickers\/#primaryimage\",\"url\":\"https:\/\/legandgo.com\/wp-content\/uploads\/2021\/09\/leggo-legandgo-refelective-sticker.jpg\",\"contentUrl\":\"https:\/\/legandgo.com\/wp-content\/uploads\/2021\/09\/leggo-legandgo-refelective-sticker.jpg\",\"width\":300,\"height\":299},{\"@type\":\"BreadcrumbList\",\"@id\":\"https:\/\/legandgo.com\/fr\/shop\/accessories-fr\/reflective-stickers\/#breadcrumb\",\"itemListElement\":[{\"@type\":\"ListItem\",\"position\":1,\"name\":\"Home\",\"item\":\"https:\/\/legandgo.com\/fr\/\"},{\"@type\":\"ListItem\",\"position\":2,\"name\":\"Shop\",\"item\":\"https:\/\/legandgo.com\/fr\/shop\/\"},{\"@type\":\"ListItem\",\"position\":3,\"name\":\"Autocollants r\u00e9fl\u00e9chissants\"}]},{\"@type\":\"WebSite\",\"@id\":\"https:\/\/legandgo.com\/fr\/#website\",\"url\":\"https:\/\/legandgo.com\/fr\/\",\"name\":\"leg&amp;go\",\"description\":\"\",\"publisher\":{\"@id\":\"https:\/\/legandgo.com\/fr\/#organization\"},\"potentialAction\":[{\"@type\":\"SearchAction\",\"target\":{\"@type\":\"EntryPoint\",\"urlTemplate\":\"https:\/\/legandgo.com\/fr\/?s={search_term_string}\"},\"query-input\":{\"@type\":\"PropertyValueSpecification\",\"valueRequired\":true,\"valueName\":\"search_term_string\"}}],\"inLanguage\":\"fr-FR\"},{\"@type\":\"Organization\",\"@id\":\"https:\/\/legandgo.com\/fr\/#organization\",\"name\":\"leg&go bike\",\"url\":\"https:\/\/legandgo.com\/fr\/\",\"logo\":{\"@type\":\"ImageObject\",\"inLanguage\":\"fr-FR\",\"@id\":\"https:\/\/legandgo.com\/fr\/#\/schema\/logo\/image\/\",\"url\":\"https:\/\/legandgo.com\/wp-content\/uploads\/2021\/03\/logorf.png\",\"contentUrl\":\"https:\/\/legandgo.com\/wp-content\/uploads\/2021\/03\/logorf.png\",\"width\":675,\"height\":216,\"caption\":\"leg&go bike\"},\"image\":{\"@id\":\"https:\/\/legandgo.com\/fr\/#\/schema\/logo\/image\/\"},\"sameAs\":[\"https:\/\/www.facebook.com\/legandgo\",\"https:\/\/www.instagram.com\/legandgo\/\",\"https:\/\/www.linkedin.com\/company\/legandgo\/\",\"https:\/\/www.pinterest.com\/legandgo\/\",\"https:\/\/www.youtube.com\/channel\/UC_FBzWPmKWE0g7fcR4Xdfuw\/\"]}]}<\/script>\n<!-- \/ Yoast SEO plugin. -->","yoast_head_json":{"title":"Autocollants r\u00e9fl\u00e9chissants &#183; leg&amp;go","description":"Autocollants r\u00e9fl\u00e9chissants pour v\u00e9lo ou casque offrant plus de visibilit\u00e9 en faible luminosit\u00e9. Faciles \u00e0 coller, 2 feuilles incluses.","robots":{"index":"index","follow":"follow","max-snippet":"max-snippet:-1","max-image-preview":"max-image-preview:large","max-video-preview":"max-video-preview:-1"},"canonical":"https:\/\/legandgo.com\/fr\/shop\/accessories-fr\/reflective-stickers\/","og_locale":"fr_FR","og_type":"article","og_title":"Autocollants r\u00e9fl\u00e9chissants &#183; leg&amp;go","og_description":"Autocollants r\u00e9fl\u00e9chissants pour v\u00e9lo ou casque offrant plus de visibilit\u00e9 en faible luminosit\u00e9. Faciles \u00e0 coller, 2 feuilles incluses.","og_url":"https:\/\/legandgo.com\/fr\/shop\/accessories-fr\/reflective-stickers\/","og_site_name":"leg&amp;go","article_publisher":"https:\/\/www.facebook.com\/legandgo","article_modified_time":"2026-04-16T08:35:49+00:00","og_image":[{"width":300,"height":299,"url":"https:\/\/legandgo.com\/wp-content\/uploads\/2021\/09\/leggo-legandgo-refelective-sticker.jpg","type":"image\/jpeg"}],"twitter_card":"summary_large_image","schema":{"@context":"https:\/\/schema.org","@graph":[{"@type":"WebPage","@id":"https:\/\/legandgo.com\/fr\/shop\/accessories-fr\/reflective-stickers\/","url":"https:\/\/legandgo.com\/fr\/shop\/accessories-fr\/reflective-stickers\/","name":"Autocollants r\u00e9fl\u00e9chissants &#183; leg&amp;go","isPartOf":{"@id":"https:\/\/legandgo.com\/fr\/#website"},"primaryImageOfPage":{"@id":"https:\/\/legandgo.com\/fr\/shop\/accessories-fr\/reflective-stickers\/#primaryimage"},"image":{"@id":"https:\/\/legandgo.com\/fr\/shop\/accessories-fr\/reflective-stickers\/#primaryimage"},"thumbnailUrl":"https:\/\/legandgo.com\/wp-content\/uploads\/2021\/09\/leggo-legandgo-refelective-sticker.jpg","datePublished":"2021-09-16T12:35:34+00:00","dateModified":"2026-04-16T08:35:49+00:00","description":"Autocollants r\u00e9fl\u00e9chissants pour v\u00e9lo ou casque offrant plus de visibilit\u00e9 en faible luminosit\u00e9. Faciles \u00e0 coller, 2 feuilles incluses.","breadcrumb":{"@id":"https:\/\/legandgo.com\/fr\/shop\/accessories-fr\/reflective-stickers\/#breadcrumb"},"inLanguage":"fr-FR","potentialAction":[{"@type":"ReadAction","target":["https:\/\/legandgo.com\/fr\/shop\/accessories-fr\/reflective-stickers\/"]}]},{"@type":"ImageObject","inLanguage":"fr-FR","@id":"https:\/\/legandgo.com\/fr\/shop\/accessories-fr\/reflective-stickers\/#primaryimage","url":"https:\/\/legandgo.com\/wp-content\/uploads\/2021\/09\/leggo-legandgo-refelective-sticker.jpg","contentUrl":"https:\/\/legandgo.com\/wp-content\/uploads\/2021\/09\/leggo-legandgo-refelective-sticker.jpg","width":300,"height":299},{"@type":"BreadcrumbList","@id":"https:\/\/legandgo.com\/fr\/shop\/accessories-fr\/reflective-stickers\/#breadcrumb","itemListElement":[{"@type":"ListItem","position":1,"name":"Home","item":"https:\/\/legandgo.com\/fr\/"},{"@type":"ListItem","position":2,"name":"Shop","item":"https:\/\/legandgo.com\/fr\/shop\/"},{"@type":"ListItem","position":3,"name":"Autocollants r\u00e9fl\u00e9chissants"}]},{"@type":"WebSite","@id":"https:\/\/legandgo.com\/fr\/#website","url":"https:\/\/legandgo.com\/fr\/","name":"leg&amp;go","description":"","publisher":{"@id":"https:\/\/legandgo.com\/fr\/#organization"},"potentialAction":[{"@type":"SearchAction","target":{"@type":"EntryPoint","urlTemplate":"https:\/\/legandgo.com\/fr\/?s={search_term_string}"},"query-input":{"@type":"PropertyValueSpecification","valueRequired":true,"valueName":"search_term_string"}}],"inLanguage":"fr-FR"},{"@type":"Organization","@id":"https:\/\/legandgo.com\/fr\/#organization","name":"leg&go bike","url":"https:\/\/legandgo.com\/fr\/","logo":{"@type":"ImageObject","inLanguage":"fr-FR","@id":"https:\/\/legandgo.com\/fr\/#\/schema\/logo\/image\/","url":"https:\/\/legandgo.com\/wp-content\/uploads\/2021\/03\/logorf.png","contentUrl":"https:\/\/legandgo.com\/wp-content\/uploads\/2021\/03\/logorf.png","width":675,"height":216,"caption":"leg&go bike"},"image":{"@id":"https:\/\/legandgo.com\/fr\/#\/schema\/logo\/image\/"},"sameAs":["https:\/\/www.facebook.com\/legandgo","https:\/\/www.instagram.com\/legandgo\/","https:\/\/www.linkedin.com\/company\/legandgo\/","https:\/\/www.pinterest.com\/legandgo\/","https:\/\/www.youtube.com\/channel\/UC_FBzWPmKWE0g7fcR4Xdfuw\/"]}]}},"_links":{"self":[{"href":"https:\/\/legandgo.com\/fr\/wp-json\/wp\/v2\/product\/4567","targetHints":{"allow":["GET"]}}],"collection":[{"href":"https:\/\/legandgo.com\/fr\/wp-json\/wp\/v2\/product"}],"about":[{"href":"https:\/\/legandgo.com\/fr\/wp-json\/wp\/v2\/types\/product"}],"replies":[{"embeddable":true,"href":"https:\/\/legandgo.com\/fr\/wp-json\/wp\/v2\/comments?post=4567"}],"version-history":[{"count":9,"href":"https:\/\/legandgo.com\/fr\/wp-json\/wp\/v2\/product\/4567\/revisions"}],"predecessor-version":[{"id":52767,"href":"https:\/\/legandgo.com\/fr\/wp-json\/wp\/v2\/product\/4567\/revisions\/52767"}],"wp:featuredmedia":[{"embeddable":true,"href":"https:\/\/legandgo.com\/fr\/wp-json\/wp\/v2\/media\/4399"}],"wp:attachment":[{"href":"https:\/\/legandgo.com\/fr\/wp-json\/wp\/v2\/media?parent=4567"}],"wp:term":[{"taxonomy":"product_brand","embeddable":true,"href":"https:\/\/legandgo.com\/fr\/wp-json\/wp\/v2\/product_brand?post=4567"},{"taxonomy":"product_cat","embeddable":true,"href":"https:\/\/legandgo.com\/fr\/wp-json\/wp\/v2\/product_cat?post=4567"},{"taxonomy":"product_tag","embeddable":true,"href":"https:\/\/legandgo.com\/fr\/wp-json\/wp\/v2\/product_tag?post=4567"}],"curies":[{"name":"wp","href":"https:\/\/api.w.org\/{rel}","templated":true}]}}