{"id":46909,"date":"2025-12-17T11:47:18","date_gmt":"2025-12-17T09:47:18","guid":{"rendered":"https:\/\/legandgo.com\/shop\/non%20class\u00e9\/accessoire-chaise-haute\/"},"modified":"2026-02-23T11:16:50","modified_gmt":"2026-02-23T09:16:50","slug":"accessoire-chaise-haute","status":"publish","type":"product","link":"https:\/\/legandgo.com\/fr\/shop\/meubles\/accessoire-chaise-haute\/","title":{"rendered":"Accessoire Chaise Haute"},"content":{"rendered":"<p>L\u2019Accessoire Chaise Haute transforme votre Tour de Cuisine Transformable en un si\u00e8ge s\u00fbr et confortable pour tout-petit, id\u00e9al pour les repas du quotidien. Il s\u2019attache facilement et en toute s\u00e9curit\u00e9, offrant une solution d\u2019assise stable avec des sangles de s\u00e9curit\u00e9 r\u00e9glables pour maintenir votre enfant bien en place. <\/p>\n<p data-start=\"0\" data-end=\"393\">Con\u00e7u avec soin pour \u00e9voluer avec votre enfant, il peut \u00e9galement \u00eatre adapt\u00e9 \u00e0 d\u2019autres usages au-del\u00e0 des repas.<\/p>\n<p data-start=\"395\" data-end=\"502\" data-is-last-node=\"\" data-is-only-node=\"\"><strong>D\u00e9couvrez plus de fonctionnalit\u00e9s ci-dessous.<\/strong><\/p>\n","protected":false},"excerpt":{"rendered":"<p>L\u2019Accessoire Chaise Haute transforme votre Tour de Cuisine Transformable en un si\u00e8ge s\u00fbr et confortable pour tout-petit, id\u00e9al pour les repas du quotidien. Il s\u2019attache facilement et en toute s\u00e9curit\u00e9, offrant une solution d\u2019assise stable avec des sangles de s\u00e9curit\u00e9 r\u00e9glables pour maintenir votre enfant bien en place. Con\u00e7u avec soin pour \u00e9voluer avec votre<a class=\"excerpt-read-more\" href=\"https:\/\/legandgo.com\/fr\/shop\/meubles\/accessoire-chaise-haute\/\" title=\"ReadAccessoire Chaise Haute\">&#8230; Read more &raquo;<\/a><\/p>\n","protected":false},"featured_media":50798,"comment_status":"closed","ping_status":"closed","template":"","meta":{"_acf_changed":false,"inline_featured_image":false,"footnotes":""},"product_brand":[],"product_cat":[1314],"product_tag":[],"class_list":{"0":"post-46909","1":"product","2":"type-product","3":"status-publish","4":"has-post-thumbnail","6":"product_cat-meubles","7":"product_shipping_class-learning-tower-shipping-fr","9":"first","10":"instock","11":"purchasable","12":"product-type-simple"},"bundled_by":["46784"],"bundle_stock_status":"instock","bundle_stock_quantity":null,"bundle_virtual":false,"bundle_layout":"","bundle_add_to_cart_form_location":"","bundle_editable_in_cart":false,"bundle_sold_individually_context":"","bundle_item_grouping":"","bundle_min_size":"","bundle_max_size":"","bundle_price":[],"bundled_items":[],"bundle_sell_ids":[],"acf":[],"yoast_head":"<!-- This site is optimized with the Yoast SEO plugin v25.9 - https:\/\/yoast.com\/wordpress\/plugins\/seo\/ -->\n<title>Accessoire Chaise Haute pour la Tour Transformable leg&amp;go<\/title>\n<meta name=\"description\" content=\"Accessoire Chaise haute en bois en compl\u00e9ment de la tour de cuisine transformable leg&amp;go, qui se transforme en table avec chaise.\" \/>\n<meta name=\"robots\" content=\"index, follow, max-snippet:-1, max-image-preview:large, max-video-preview:-1\" \/>\n<link rel=\"canonical\" href=\"https:\/\/legandgo.com\/fr\/shop\/meubles\/accessoire-chaise-haute\/\" \/>\n<meta property=\"og:locale\" content=\"fr_FR\" \/>\n<meta property=\"og:type\" content=\"article\" \/>\n<meta property=\"og:title\" content=\"Accessoire Chaise Haute pour la Tour Transformable leg&amp;go\" \/>\n<meta property=\"og:description\" content=\"Accessoire Chaise haute en bois en compl\u00e9ment de la tour de cuisine transformable leg&amp;go, qui se transforme en table avec chaise.\" \/>\n<meta property=\"og:url\" content=\"https:\/\/legandgo.com\/fr\/shop\/meubles\/accessoire-chaise-haute\/\" \/>\n<meta property=\"og:site_name\" content=\"leg&amp;go\" \/>\n<meta property=\"article:publisher\" content=\"https:\/\/www.facebook.com\/legandgo\" \/>\n<meta property=\"article:modified_time\" content=\"2026-02-23T09:16:50+00:00\" \/>\n<meta property=\"og:image\" content=\"https:\/\/legandgo.com\/wp-content\/uploads\/2026\/02\/hight-chair-addon-TKT.jpg\" \/>\n\t<meta property=\"og:image:width\" content=\"2048\" \/>\n\t<meta property=\"og:image:height\" content=\"2048\" \/>\n\t<meta property=\"og:image:type\" content=\"image\/jpeg\" \/>\n<meta name=\"twitter:card\" content=\"summary_large_image\" \/>\n<script type=\"application\/ld+json\" class=\"yoast-schema-graph\">{\"@context\":\"https:\/\/schema.org\",\"@graph\":[{\"@type\":\"WebPage\",\"@id\":\"https:\/\/legandgo.com\/fr\/shop\/meubles\/accessoire-chaise-haute\/\",\"url\":\"https:\/\/legandgo.com\/fr\/shop\/meubles\/accessoire-chaise-haute\/\",\"name\":\"Accessoire Chaise Haute pour la Tour Transformable leg&go\",\"isPartOf\":{\"@id\":\"https:\/\/legandgo.com\/fr\/#website\"},\"primaryImageOfPage\":{\"@id\":\"https:\/\/legandgo.com\/fr\/shop\/meubles\/accessoire-chaise-haute\/#primaryimage\"},\"image\":{\"@id\":\"https:\/\/legandgo.com\/fr\/shop\/meubles\/accessoire-chaise-haute\/#primaryimage\"},\"thumbnailUrl\":\"https:\/\/legandgo.com\/wp-content\/uploads\/2026\/02\/hight-chair-addon-TKT.jpg\",\"datePublished\":\"2025-12-17T09:47:18+00:00\",\"dateModified\":\"2026-02-23T09:16:50+00:00\",\"description\":\"Accessoire Chaise haute en bois en compl\u00e9ment de la tour de cuisine transformable leg&go, qui se transforme en table avec chaise.\",\"breadcrumb\":{\"@id\":\"https:\/\/legandgo.com\/fr\/shop\/meubles\/accessoire-chaise-haute\/#breadcrumb\"},\"inLanguage\":\"fr-FR\",\"potentialAction\":[{\"@type\":\"ReadAction\",\"target\":[\"https:\/\/legandgo.com\/fr\/shop\/meubles\/accessoire-chaise-haute\/\"]}]},{\"@type\":\"ImageObject\",\"inLanguage\":\"fr-FR\",\"@id\":\"https:\/\/legandgo.com\/fr\/shop\/meubles\/accessoire-chaise-haute\/#primaryimage\",\"url\":\"https:\/\/legandgo.com\/wp-content\/uploads\/2026\/02\/hight-chair-addon-TKT.jpg\",\"contentUrl\":\"https:\/\/legandgo.com\/wp-content\/uploads\/2026\/02\/hight-chair-addon-TKT.jpg\",\"width\":2048,\"height\":2048,\"caption\":\"Accessoire Chaise Haute pour Tour de Cuisine Transformable, offrant une solution d\u2019assise s\u00e9curis\u00e9e pour tout-petit\"},{\"@type\":\"BreadcrumbList\",\"@id\":\"https:\/\/legandgo.com\/fr\/shop\/meubles\/accessoire-chaise-haute\/#breadcrumb\",\"itemListElement\":[{\"@type\":\"ListItem\",\"position\":1,\"name\":\"Home\",\"item\":\"https:\/\/legandgo.com\/fr\/\"},{\"@type\":\"ListItem\",\"position\":2,\"name\":\"Shop\",\"item\":\"https:\/\/legandgo.com\/fr\/shop\/\"},{\"@type\":\"ListItem\",\"position\":3,\"name\":\"Accessoire Chaise Haute\"}]},{\"@type\":\"WebSite\",\"@id\":\"https:\/\/legandgo.com\/fr\/#website\",\"url\":\"https:\/\/legandgo.com\/fr\/\",\"name\":\"leg&amp;go\",\"description\":\"\",\"publisher\":{\"@id\":\"https:\/\/legandgo.com\/fr\/#organization\"},\"potentialAction\":[{\"@type\":\"SearchAction\",\"target\":{\"@type\":\"EntryPoint\",\"urlTemplate\":\"https:\/\/legandgo.com\/fr\/?s={search_term_string}\"},\"query-input\":{\"@type\":\"PropertyValueSpecification\",\"valueRequired\":true,\"valueName\":\"search_term_string\"}}],\"inLanguage\":\"fr-FR\"},{\"@type\":\"Organization\",\"@id\":\"https:\/\/legandgo.com\/fr\/#organization\",\"name\":\"leg&go bike\",\"url\":\"https:\/\/legandgo.com\/fr\/\",\"logo\":{\"@type\":\"ImageObject\",\"inLanguage\":\"fr-FR\",\"@id\":\"https:\/\/legandgo.com\/fr\/#\/schema\/logo\/image\/\",\"url\":\"https:\/\/legandgo.com\/wp-content\/uploads\/2021\/03\/logorf.png\",\"contentUrl\":\"https:\/\/legandgo.com\/wp-content\/uploads\/2021\/03\/logorf.png\",\"width\":675,\"height\":216,\"caption\":\"leg&go bike\"},\"image\":{\"@id\":\"https:\/\/legandgo.com\/fr\/#\/schema\/logo\/image\/\"},\"sameAs\":[\"https:\/\/www.facebook.com\/legandgo\",\"https:\/\/www.instagram.com\/legandgo\/\",\"https:\/\/www.linkedin.com\/company\/legandgo\/\",\"https:\/\/www.pinterest.com\/legandgo\/\",\"https:\/\/www.youtube.com\/channel\/UC_FBzWPmKWE0g7fcR4Xdfuw\/\"]}]}<\/script>\n<!-- \/ Yoast SEO plugin. -->","yoast_head_json":{"title":"Accessoire Chaise Haute pour la Tour Transformable leg&go","description":"Accessoire Chaise haute en bois en compl\u00e9ment de la tour de cuisine transformable leg&go, qui se transforme en table avec chaise.","robots":{"index":"index","follow":"follow","max-snippet":"max-snippet:-1","max-image-preview":"max-image-preview:large","max-video-preview":"max-video-preview:-1"},"canonical":"https:\/\/legandgo.com\/fr\/shop\/meubles\/accessoire-chaise-haute\/","og_locale":"fr_FR","og_type":"article","og_title":"Accessoire Chaise Haute pour la Tour Transformable leg&go","og_description":"Accessoire Chaise haute en bois en compl\u00e9ment de la tour de cuisine transformable leg&go, qui se transforme en table avec chaise.","og_url":"https:\/\/legandgo.com\/fr\/shop\/meubles\/accessoire-chaise-haute\/","og_site_name":"leg&amp;go","article_publisher":"https:\/\/www.facebook.com\/legandgo","article_modified_time":"2026-02-23T09:16:50+00:00","og_image":[{"width":2048,"height":2048,"url":"https:\/\/legandgo.com\/wp-content\/uploads\/2026\/02\/hight-chair-addon-TKT.jpg","type":"image\/jpeg"}],"twitter_card":"summary_large_image","schema":{"@context":"https:\/\/schema.org","@graph":[{"@type":"WebPage","@id":"https:\/\/legandgo.com\/fr\/shop\/meubles\/accessoire-chaise-haute\/","url":"https:\/\/legandgo.com\/fr\/shop\/meubles\/accessoire-chaise-haute\/","name":"Accessoire Chaise Haute pour la Tour Transformable leg&go","isPartOf":{"@id":"https:\/\/legandgo.com\/fr\/#website"},"primaryImageOfPage":{"@id":"https:\/\/legandgo.com\/fr\/shop\/meubles\/accessoire-chaise-haute\/#primaryimage"},"image":{"@id":"https:\/\/legandgo.com\/fr\/shop\/meubles\/accessoire-chaise-haute\/#primaryimage"},"thumbnailUrl":"https:\/\/legandgo.com\/wp-content\/uploads\/2026\/02\/hight-chair-addon-TKT.jpg","datePublished":"2025-12-17T09:47:18+00:00","dateModified":"2026-02-23T09:16:50+00:00","description":"Accessoire Chaise haute en bois en compl\u00e9ment de la tour de cuisine transformable leg&go, qui se transforme en table avec chaise.","breadcrumb":{"@id":"https:\/\/legandgo.com\/fr\/shop\/meubles\/accessoire-chaise-haute\/#breadcrumb"},"inLanguage":"fr-FR","potentialAction":[{"@type":"ReadAction","target":["https:\/\/legandgo.com\/fr\/shop\/meubles\/accessoire-chaise-haute\/"]}]},{"@type":"ImageObject","inLanguage":"fr-FR","@id":"https:\/\/legandgo.com\/fr\/shop\/meubles\/accessoire-chaise-haute\/#primaryimage","url":"https:\/\/legandgo.com\/wp-content\/uploads\/2026\/02\/hight-chair-addon-TKT.jpg","contentUrl":"https:\/\/legandgo.com\/wp-content\/uploads\/2026\/02\/hight-chair-addon-TKT.jpg","width":2048,"height":2048,"caption":"Accessoire Chaise Haute pour Tour de Cuisine Transformable, offrant une solution d\u2019assise s\u00e9curis\u00e9e pour tout-petit"},{"@type":"BreadcrumbList","@id":"https:\/\/legandgo.com\/fr\/shop\/meubles\/accessoire-chaise-haute\/#breadcrumb","itemListElement":[{"@type":"ListItem","position":1,"name":"Home","item":"https:\/\/legandgo.com\/fr\/"},{"@type":"ListItem","position":2,"name":"Shop","item":"https:\/\/legandgo.com\/fr\/shop\/"},{"@type":"ListItem","position":3,"name":"Accessoire Chaise Haute"}]},{"@type":"WebSite","@id":"https:\/\/legandgo.com\/fr\/#website","url":"https:\/\/legandgo.com\/fr\/","name":"leg&amp;go","description":"","publisher":{"@id":"https:\/\/legandgo.com\/fr\/#organization"},"potentialAction":[{"@type":"SearchAction","target":{"@type":"EntryPoint","urlTemplate":"https:\/\/legandgo.com\/fr\/?s={search_term_string}"},"query-input":{"@type":"PropertyValueSpecification","valueRequired":true,"valueName":"search_term_string"}}],"inLanguage":"fr-FR"},{"@type":"Organization","@id":"https:\/\/legandgo.com\/fr\/#organization","name":"leg&go bike","url":"https:\/\/legandgo.com\/fr\/","logo":{"@type":"ImageObject","inLanguage":"fr-FR","@id":"https:\/\/legandgo.com\/fr\/#\/schema\/logo\/image\/","url":"https:\/\/legandgo.com\/wp-content\/uploads\/2021\/03\/logorf.png","contentUrl":"https:\/\/legandgo.com\/wp-content\/uploads\/2021\/03\/logorf.png","width":675,"height":216,"caption":"leg&go bike"},"image":{"@id":"https:\/\/legandgo.com\/fr\/#\/schema\/logo\/image\/"},"sameAs":["https:\/\/www.facebook.com\/legandgo","https:\/\/www.instagram.com\/legandgo\/","https:\/\/www.linkedin.com\/company\/legandgo\/","https:\/\/www.pinterest.com\/legandgo\/","https:\/\/www.youtube.com\/channel\/UC_FBzWPmKWE0g7fcR4Xdfuw\/"]}]}},"_links":{"self":[{"href":"https:\/\/legandgo.com\/fr\/wp-json\/wp\/v2\/product\/46909","targetHints":{"allow":["GET"]}}],"collection":[{"href":"https:\/\/legandgo.com\/fr\/wp-json\/wp\/v2\/product"}],"about":[{"href":"https:\/\/legandgo.com\/fr\/wp-json\/wp\/v2\/types\/product"}],"replies":[{"embeddable":true,"href":"https:\/\/legandgo.com\/fr\/wp-json\/wp\/v2\/comments?post=46909"}],"version-history":[{"count":5,"href":"https:\/\/legandgo.com\/fr\/wp-json\/wp\/v2\/product\/46909\/revisions"}],"predecessor-version":[{"id":53065,"href":"https:\/\/legandgo.com\/fr\/wp-json\/wp\/v2\/product\/46909\/revisions\/53065"}],"wp:featuredmedia":[{"embeddable":true,"href":"https:\/\/legandgo.com\/fr\/wp-json\/wp\/v2\/media\/50798"}],"wp:attachment":[{"href":"https:\/\/legandgo.com\/fr\/wp-json\/wp\/v2\/media?parent=46909"}],"wp:term":[{"taxonomy":"product_brand","embeddable":true,"href":"https:\/\/legandgo.com\/fr\/wp-json\/wp\/v2\/product_brand?post=46909"},{"taxonomy":"product_cat","embeddable":true,"href":"https:\/\/legandgo.com\/fr\/wp-json\/wp\/v2\/product_cat?post=46909"},{"taxonomy":"product_tag","embeddable":true,"href":"https:\/\/legandgo.com\/fr\/wp-json\/wp\/v2\/product_tag?post=46909"}],"curies":[{"name":"wp","href":"https:\/\/api.w.org\/{rel}","templated":true}]}}