{"id":46917,"date":"2025-12-17T11:49:34","date_gmt":"2025-12-17T09:49:34","guid":{"rendered":"https:\/\/legandgo.com\/shop\/non%20class\u00e9\/accessoire-plateau-repas\/"},"modified":"2026-02-25T13:58:29","modified_gmt":"2026-02-25T11:58:29","slug":"accessoire-plateau-repas","status":"publish","type":"product","link":"https:\/\/legandgo.com\/fr\/shop\/meubles\/accessoire-plateau-repas\/","title":{"rendered":"Accessoire Plateau repas"},"content":{"rendered":"<p>L\u2019accessoire plateau repas transforme votre tour de cuisine transformable en un espace pratique et s\u00e9curis\u00e9 pour les repas, le jeu et la cr\u00e9ativit\u00e9. Con\u00e7u pour un usage quotidien, il se fixe facilement \u00e0 l\u2019accessoire chaise haute et offre une surface stable pour permettre \u00e0 l\u2019enfant de manger seul confortablement et de participer \u00e0 diff\u00e9rentes activit\u00e9s. <\/p>\n<p>Un accessoire simple qui apporte une grande fonctionnalit\u00e9 au quotidien de votre enfant.<\/p>\n<p><strong>D\u00e9couvrez plus de fonctionnalit\u00e9s ci-dessous.<\/strong><\/p>\n","protected":false},"excerpt":{"rendered":"<p>L\u2019accessoire plateau repas transforme votre tour de cuisine transformable en un espace pratique et s\u00e9curis\u00e9 pour les repas, le jeu et la cr\u00e9ativit\u00e9. Con\u00e7u pour un usage quotidien, il se fixe facilement \u00e0 l\u2019accessoire chaise haute et offre une surface stable pour permettre \u00e0 l\u2019enfant de manger seul confortablement et de participer \u00e0 diff\u00e9rentes activit\u00e9s.<a class=\"excerpt-read-more\" href=\"https:\/\/legandgo.com\/fr\/shop\/meubles\/accessoire-plateau-repas\/\" title=\"ReadAccessoire Plateau repas\">&#8230; Read more &raquo;<\/a><\/p>\n","protected":false},"featured_media":50793,"comment_status":"closed","ping_status":"closed","template":"","meta":{"_acf_changed":false,"inline_featured_image":false,"footnotes":""},"product_brand":[],"product_cat":[1314],"product_tag":[],"class_list":{"0":"post-46917","1":"product","2":"type-product","3":"status-publish","4":"has-post-thumbnail","6":"product_cat-meubles","7":"product_shipping_class-learning-tower-shipping-fr","9":"first","10":"instock","11":"purchasable","12":"product-type-simple"},"bundled_by":["46784"],"bundle_stock_status":"instock","bundle_stock_quantity":null,"bundle_virtual":false,"bundle_layout":"","bundle_add_to_cart_form_location":"","bundle_editable_in_cart":false,"bundle_sold_individually_context":"","bundle_item_grouping":"","bundle_min_size":"","bundle_max_size":"","bundle_price":[],"bundled_items":[],"bundle_sell_ids":[],"acf":[],"yoast_head":"<!-- This site is optimized with the Yoast SEO plugin v25.9 - https:\/\/yoast.com\/wordpress\/plugins\/seo\/ -->\n<title>Accessoire plateau repas pour tour de cuisine transformable<\/title>\n<meta name=\"description\" content=\"Plateau repas en bois pour la tour de cuisine transformable leg&amp;go, qui se transforme en table avec chaise.\" \/>\n<meta name=\"robots\" content=\"index, follow, max-snippet:-1, max-image-preview:large, max-video-preview:-1\" \/>\n<link rel=\"canonical\" href=\"https:\/\/legandgo.com\/fr\/shop\/meubles\/accessoire-plateau-repas\/\" \/>\n<meta property=\"og:locale\" content=\"fr_FR\" \/>\n<meta property=\"og:type\" content=\"article\" \/>\n<meta property=\"og:title\" content=\"Accessoire plateau repas pour tour de cuisine transformable\" \/>\n<meta property=\"og:description\" content=\"Plateau repas en bois pour la tour de cuisine transformable leg&amp;go, qui se transforme en table avec chaise.\" \/>\n<meta property=\"og:url\" content=\"https:\/\/legandgo.com\/fr\/shop\/meubles\/accessoire-plateau-repas\/\" \/>\n<meta property=\"og:site_name\" content=\"leg&amp;go\" \/>\n<meta property=\"article:publisher\" content=\"https:\/\/www.facebook.com\/legandgo\" \/>\n<meta property=\"article:modified_time\" content=\"2026-02-25T11:58:29+00:00\" \/>\n<meta property=\"og:image\" content=\"https:\/\/legandgo.com\/wp-content\/uploads\/2026\/02\/tray-addon-TKT.jpg\" \/>\n\t<meta property=\"og:image:width\" content=\"2048\" \/>\n\t<meta property=\"og:image:height\" content=\"2048\" \/>\n\t<meta property=\"og:image:type\" content=\"image\/jpeg\" \/>\n<meta name=\"twitter:card\" content=\"summary_large_image\" \/>\n<script type=\"application\/ld+json\" class=\"yoast-schema-graph\">{\"@context\":\"https:\/\/schema.org\",\"@graph\":[{\"@type\":\"WebPage\",\"@id\":\"https:\/\/legandgo.com\/fr\/shop\/meubles\/accessoire-plateau-repas\/\",\"url\":\"https:\/\/legandgo.com\/fr\/shop\/meubles\/accessoire-plateau-repas\/\",\"name\":\"Accessoire plateau repas pour tour de cuisine transformable\",\"isPartOf\":{\"@id\":\"https:\/\/legandgo.com\/fr\/#website\"},\"primaryImageOfPage\":{\"@id\":\"https:\/\/legandgo.com\/fr\/shop\/meubles\/accessoire-plateau-repas\/#primaryimage\"},\"image\":{\"@id\":\"https:\/\/legandgo.com\/fr\/shop\/meubles\/accessoire-plateau-repas\/#primaryimage\"},\"thumbnailUrl\":\"https:\/\/legandgo.com\/wp-content\/uploads\/2026\/02\/tray-addon-TKT.jpg\",\"datePublished\":\"2025-12-17T09:49:34+00:00\",\"dateModified\":\"2026-02-25T11:58:29+00:00\",\"description\":\"Plateau repas en bois pour la tour de cuisine transformable leg&go, qui se transforme en table avec chaise.\",\"breadcrumb\":{\"@id\":\"https:\/\/legandgo.com\/fr\/shop\/meubles\/accessoire-plateau-repas\/#breadcrumb\"},\"inLanguage\":\"fr-FR\",\"potentialAction\":[{\"@type\":\"ReadAction\",\"target\":[\"https:\/\/legandgo.com\/fr\/shop\/meubles\/accessoire-plateau-repas\/\"]}]},{\"@type\":\"ImageObject\",\"inLanguage\":\"fr-FR\",\"@id\":\"https:\/\/legandgo.com\/fr\/shop\/meubles\/accessoire-plateau-repas\/#primaryimage\",\"url\":\"https:\/\/legandgo.com\/wp-content\/uploads\/2026\/02\/tray-addon-TKT.jpg\",\"contentUrl\":\"https:\/\/legandgo.com\/wp-content\/uploads\/2026\/02\/tray-addon-TKT.jpg\",\"width\":2048,\"height\":2048,\"caption\":\"Accessoire plateau repas amovible pour tour de cuisine transformable, cr\u00e9ant une surface pratique pour les repas et le jeu\"},{\"@type\":\"BreadcrumbList\",\"@id\":\"https:\/\/legandgo.com\/fr\/shop\/meubles\/accessoire-plateau-repas\/#breadcrumb\",\"itemListElement\":[{\"@type\":\"ListItem\",\"position\":1,\"name\":\"Home\",\"item\":\"https:\/\/legandgo.com\/fr\/\"},{\"@type\":\"ListItem\",\"position\":2,\"name\":\"Shop\",\"item\":\"https:\/\/legandgo.com\/fr\/shop\/\"},{\"@type\":\"ListItem\",\"position\":3,\"name\":\"Accessoire Plateau repas\"}]},{\"@type\":\"WebSite\",\"@id\":\"https:\/\/legandgo.com\/fr\/#website\",\"url\":\"https:\/\/legandgo.com\/fr\/\",\"name\":\"leg&amp;go\",\"description\":\"\",\"publisher\":{\"@id\":\"https:\/\/legandgo.com\/fr\/#organization\"},\"potentialAction\":[{\"@type\":\"SearchAction\",\"target\":{\"@type\":\"EntryPoint\",\"urlTemplate\":\"https:\/\/legandgo.com\/fr\/?s={search_term_string}\"},\"query-input\":{\"@type\":\"PropertyValueSpecification\",\"valueRequired\":true,\"valueName\":\"search_term_string\"}}],\"inLanguage\":\"fr-FR\"},{\"@type\":\"Organization\",\"@id\":\"https:\/\/legandgo.com\/fr\/#organization\",\"name\":\"leg&go bike\",\"url\":\"https:\/\/legandgo.com\/fr\/\",\"logo\":{\"@type\":\"ImageObject\",\"inLanguage\":\"fr-FR\",\"@id\":\"https:\/\/legandgo.com\/fr\/#\/schema\/logo\/image\/\",\"url\":\"https:\/\/legandgo.com\/wp-content\/uploads\/2021\/03\/logorf.png\",\"contentUrl\":\"https:\/\/legandgo.com\/wp-content\/uploads\/2021\/03\/logorf.png\",\"width\":675,\"height\":216,\"caption\":\"leg&go bike\"},\"image\":{\"@id\":\"https:\/\/legandgo.com\/fr\/#\/schema\/logo\/image\/\"},\"sameAs\":[\"https:\/\/www.facebook.com\/legandgo\",\"https:\/\/www.instagram.com\/legandgo\/\",\"https:\/\/www.linkedin.com\/company\/legandgo\/\",\"https:\/\/www.pinterest.com\/legandgo\/\",\"https:\/\/www.youtube.com\/channel\/UC_FBzWPmKWE0g7fcR4Xdfuw\/\"]}]}<\/script>\n<!-- \/ Yoast SEO plugin. -->","yoast_head_json":{"title":"Accessoire plateau repas pour tour de cuisine transformable","description":"Plateau repas en bois pour la tour de cuisine transformable leg&go, qui se transforme en table avec chaise.","robots":{"index":"index","follow":"follow","max-snippet":"max-snippet:-1","max-image-preview":"max-image-preview:large","max-video-preview":"max-video-preview:-1"},"canonical":"https:\/\/legandgo.com\/fr\/shop\/meubles\/accessoire-plateau-repas\/","og_locale":"fr_FR","og_type":"article","og_title":"Accessoire plateau repas pour tour de cuisine transformable","og_description":"Plateau repas en bois pour la tour de cuisine transformable leg&go, qui se transforme en table avec chaise.","og_url":"https:\/\/legandgo.com\/fr\/shop\/meubles\/accessoire-plateau-repas\/","og_site_name":"leg&amp;go","article_publisher":"https:\/\/www.facebook.com\/legandgo","article_modified_time":"2026-02-25T11:58:29+00:00","og_image":[{"width":2048,"height":2048,"url":"https:\/\/legandgo.com\/wp-content\/uploads\/2026\/02\/tray-addon-TKT.jpg","type":"image\/jpeg"}],"twitter_card":"summary_large_image","schema":{"@context":"https:\/\/schema.org","@graph":[{"@type":"WebPage","@id":"https:\/\/legandgo.com\/fr\/shop\/meubles\/accessoire-plateau-repas\/","url":"https:\/\/legandgo.com\/fr\/shop\/meubles\/accessoire-plateau-repas\/","name":"Accessoire plateau repas pour tour de cuisine transformable","isPartOf":{"@id":"https:\/\/legandgo.com\/fr\/#website"},"primaryImageOfPage":{"@id":"https:\/\/legandgo.com\/fr\/shop\/meubles\/accessoire-plateau-repas\/#primaryimage"},"image":{"@id":"https:\/\/legandgo.com\/fr\/shop\/meubles\/accessoire-plateau-repas\/#primaryimage"},"thumbnailUrl":"https:\/\/legandgo.com\/wp-content\/uploads\/2026\/02\/tray-addon-TKT.jpg","datePublished":"2025-12-17T09:49:34+00:00","dateModified":"2026-02-25T11:58:29+00:00","description":"Plateau repas en bois pour la tour de cuisine transformable leg&go, qui se transforme en table avec chaise.","breadcrumb":{"@id":"https:\/\/legandgo.com\/fr\/shop\/meubles\/accessoire-plateau-repas\/#breadcrumb"},"inLanguage":"fr-FR","potentialAction":[{"@type":"ReadAction","target":["https:\/\/legandgo.com\/fr\/shop\/meubles\/accessoire-plateau-repas\/"]}]},{"@type":"ImageObject","inLanguage":"fr-FR","@id":"https:\/\/legandgo.com\/fr\/shop\/meubles\/accessoire-plateau-repas\/#primaryimage","url":"https:\/\/legandgo.com\/wp-content\/uploads\/2026\/02\/tray-addon-TKT.jpg","contentUrl":"https:\/\/legandgo.com\/wp-content\/uploads\/2026\/02\/tray-addon-TKT.jpg","width":2048,"height":2048,"caption":"Accessoire plateau repas amovible pour tour de cuisine transformable, cr\u00e9ant une surface pratique pour les repas et le jeu"},{"@type":"BreadcrumbList","@id":"https:\/\/legandgo.com\/fr\/shop\/meubles\/accessoire-plateau-repas\/#breadcrumb","itemListElement":[{"@type":"ListItem","position":1,"name":"Home","item":"https:\/\/legandgo.com\/fr\/"},{"@type":"ListItem","position":2,"name":"Shop","item":"https:\/\/legandgo.com\/fr\/shop\/"},{"@type":"ListItem","position":3,"name":"Accessoire Plateau repas"}]},{"@type":"WebSite","@id":"https:\/\/legandgo.com\/fr\/#website","url":"https:\/\/legandgo.com\/fr\/","name":"leg&amp;go","description":"","publisher":{"@id":"https:\/\/legandgo.com\/fr\/#organization"},"potentialAction":[{"@type":"SearchAction","target":{"@type":"EntryPoint","urlTemplate":"https:\/\/legandgo.com\/fr\/?s={search_term_string}"},"query-input":{"@type":"PropertyValueSpecification","valueRequired":true,"valueName":"search_term_string"}}],"inLanguage":"fr-FR"},{"@type":"Organization","@id":"https:\/\/legandgo.com\/fr\/#organization","name":"leg&go bike","url":"https:\/\/legandgo.com\/fr\/","logo":{"@type":"ImageObject","inLanguage":"fr-FR","@id":"https:\/\/legandgo.com\/fr\/#\/schema\/logo\/image\/","url":"https:\/\/legandgo.com\/wp-content\/uploads\/2021\/03\/logorf.png","contentUrl":"https:\/\/legandgo.com\/wp-content\/uploads\/2021\/03\/logorf.png","width":675,"height":216,"caption":"leg&go bike"},"image":{"@id":"https:\/\/legandgo.com\/fr\/#\/schema\/logo\/image\/"},"sameAs":["https:\/\/www.facebook.com\/legandgo","https:\/\/www.instagram.com\/legandgo\/","https:\/\/www.linkedin.com\/company\/legandgo\/","https:\/\/www.pinterest.com\/legandgo\/","https:\/\/www.youtube.com\/channel\/UC_FBzWPmKWE0g7fcR4Xdfuw\/"]}]}},"_links":{"self":[{"href":"https:\/\/legandgo.com\/fr\/wp-json\/wp\/v2\/product\/46917","targetHints":{"allow":["GET"]}}],"collection":[{"href":"https:\/\/legandgo.com\/fr\/wp-json\/wp\/v2\/product"}],"about":[{"href":"https:\/\/legandgo.com\/fr\/wp-json\/wp\/v2\/types\/product"}],"replies":[{"embeddable":true,"href":"https:\/\/legandgo.com\/fr\/wp-json\/wp\/v2\/comments?post=46917"}],"version-history":[{"count":9,"href":"https:\/\/legandgo.com\/fr\/wp-json\/wp\/v2\/product\/46917\/revisions"}],"predecessor-version":[{"id":53315,"href":"https:\/\/legandgo.com\/fr\/wp-json\/wp\/v2\/product\/46917\/revisions\/53315"}],"wp:featuredmedia":[{"embeddable":true,"href":"https:\/\/legandgo.com\/fr\/wp-json\/wp\/v2\/media\/50793"}],"wp:attachment":[{"href":"https:\/\/legandgo.com\/fr\/wp-json\/wp\/v2\/media?parent=46917"}],"wp:term":[{"taxonomy":"product_brand","embeddable":true,"href":"https:\/\/legandgo.com\/fr\/wp-json\/wp\/v2\/product_brand?post=46917"},{"taxonomy":"product_cat","embeddable":true,"href":"https:\/\/legandgo.com\/fr\/wp-json\/wp\/v2\/product_cat?post=46917"},{"taxonomy":"product_tag","embeddable":true,"href":"https:\/\/legandgo.com\/fr\/wp-json\/wp\/v2\/product_tag?post=46917"}],"curies":[{"name":"wp","href":"https:\/\/api.w.org\/{rel}","templated":true}]}}