{"id":4695,"date":"2021-09-22T12:04:39","date_gmt":"2021-09-22T10:04:39","guid":{"rendered":"https:\/\/legandgo.com\/?post_type=product&#038;p=4695"},"modified":"2026-02-18T19:34:38","modified_gmt":"2026-02-18T17:34:38","slug":"kids-bern-helmet-nino","status":"publish","type":"product","link":"https:\/\/legandgo.com\/fr\/shop\/accessories-fr\/kids-bern-helmet-nino\/","title":{"rendered":"Casque Enfant Bern (Nino 2.0) MIPS"},"content":{"rendered":"<p style=\"font-weight: 400;\">Nous savons combien il peut \u00eatre difficile de trouver un casque pour enfant qui soit r\u00e9ellement s\u00fbr, confortable et esth\u00e9tique. C\u2019est pourquoi nous avons fait ce choix pour vous. Ajoutez le Bern Nino 2.0 MIPS \u00e0 votre commande et recevez-le le m\u00eame jour que votre v\u00e9lo. <\/p>\n<p style=\"font-weight: 400;\">Con\u00e7u pour envelopper la t\u00eate de l\u2019enfant plut\u00f4t que de simplement reposer dessus, il offre une sensation de s\u00e9curit\u00e9 et de confort pour les trajets du quotidien. Il est compl\u00e9t\u00e9 par une visi\u00e8re souple relevable qui aide \u00e0 prot\u00e9ger les petits yeux du soleil. <\/p>\n<p style=\"font-weight: 400;\"><strong>D\u00e9couvrez-en plus ci-dessous. <\/strong><\/p>\n","protected":false},"excerpt":{"rendered":"<p>Nous savons combien il peut \u00eatre difficile de trouver un casque pour enfant qui soit r\u00e9ellement s\u00fbr, confortable et esth\u00e9tique. C\u2019est pourquoi nous avons fait ce choix pour vous. Ajoutez le Bern Nino 2.0 MIPS \u00e0 votre commande et recevez-le le m\u00eame jour que votre v\u00e9lo. Con\u00e7u pour envelopper la t\u00eate de l\u2019enfant plut\u00f4t que<a class=\"excerpt-read-more\" href=\"https:\/\/legandgo.com\/fr\/shop\/accessories-fr\/kids-bern-helmet-nino\/\" title=\"ReadCasque Enfant Bern (Nino 2.0) MIPS\">&#8230; Read more &raquo;<\/a><\/p>\n","protected":false},"featured_media":15529,"comment_status":"closed","ping_status":"closed","template":"","meta":{"_acf_changed":false,"inline_featured_image":false,"footnotes":""},"product_brand":[],"product_cat":[1310,86],"product_tag":[],"class_list":{"0":"post-4695","1":"product","2":"type-product","3":"status-publish","4":"has-post-thumbnail","6":"product_cat-draisiennes-et-plus","7":"product_cat-accessories-fr","8":"product_shipping_class-accessories-helmet-shipping-fr","10":"first","11":"instock","12":"purchasable","13":"product-type-variable","14":"has-default-attributes"},"bundled_by":[],"bundle_stock_status":"instock","bundle_stock_quantity":null,"bundle_virtual":false,"bundle_layout":"","bundle_add_to_cart_form_location":"","bundle_editable_in_cart":false,"bundle_sold_individually_context":"","bundle_item_grouping":"","bundle_min_size":"","bundle_max_size":"","bundle_price":[],"bundled_items":[],"bundle_sell_ids":[],"acf":[],"yoast_head":"<!-- This site is optimized with the Yoast SEO plugin v25.9 - https:\/\/yoast.com\/wordpress\/plugins\/seo\/ -->\n<title>Casque Enfant Bern (Nino 2.0) MIPS &#183; leg&amp;go<\/title>\n<meta name=\"description\" content=\"Casque enfant Bern Nino 2.0 MIPS offrant s\u00e9curit\u00e9, confort et visi\u00e8re souple pour prot\u00e9ger du soleil. Protection premium pour les petits cyclistes, disponible en deux tailles.\" \/>\n<meta name=\"robots\" content=\"index, follow, max-snippet:-1, max-image-preview:large, max-video-preview:-1\" \/>\n<link rel=\"canonical\" href=\"https:\/\/legandgo.com\/fr\/shop\/accessories-fr\/kids-bern-helmet-nino\/\" \/>\n<meta property=\"og:locale\" content=\"fr_FR\" \/>\n<meta property=\"og:type\" content=\"article\" \/>\n<meta property=\"og:title\" content=\"Casque Enfant Bern (Nino 2.0) MIPS &#183; leg&amp;go\" \/>\n<meta property=\"og:description\" content=\"Casque enfant Bern Nino 2.0 MIPS offrant s\u00e9curit\u00e9, confort et visi\u00e8re souple pour prot\u00e9ger du soleil. Protection premium pour les petits cyclistes, disponible en deux tailles.\" \/>\n<meta property=\"og:url\" content=\"https:\/\/legandgo.com\/fr\/shop\/accessories-fr\/kids-bern-helmet-nino\/\" \/>\n<meta property=\"og:site_name\" content=\"leg&amp;go\" \/>\n<meta property=\"article:publisher\" content=\"https:\/\/www.facebook.com\/legandgo\" \/>\n<meta property=\"article:modified_time\" content=\"2026-02-18T17:34:38+00:00\" \/>\n<meta property=\"og:image\" content=\"https:\/\/legandgo.com\/wp-content\/uploads\/2023\/09\/legandgo-balance-bike-laufrad-kinderfahrrad-bern-helmet-black-300x300-1.jpg\" \/>\n\t<meta property=\"og:image:width\" content=\"300\" \/>\n\t<meta property=\"og:image:height\" content=\"300\" \/>\n\t<meta property=\"og:image:type\" content=\"image\/jpeg\" \/>\n<meta name=\"twitter:card\" content=\"summary_large_image\" \/>\n<meta name=\"twitter:label1\" content=\"Dur\u00e9e de lecture estim\u00e9e\" \/>\n\t<meta name=\"twitter:data1\" content=\"1 minute\" \/>\n<script type=\"application\/ld+json\" class=\"yoast-schema-graph\">{\"@context\":\"https:\/\/schema.org\",\"@graph\":[{\"@type\":\"WebPage\",\"@id\":\"https:\/\/legandgo.com\/fr\/shop\/accessories-fr\/kids-bern-helmet-nino\/\",\"url\":\"https:\/\/legandgo.com\/fr\/shop\/accessories-fr\/kids-bern-helmet-nino\/\",\"name\":\"Casque Enfant Bern (Nino 2.0) MIPS &#183; leg&amp;go\",\"isPartOf\":{\"@id\":\"https:\/\/legandgo.com\/fr\/#website\"},\"primaryImageOfPage\":{\"@id\":\"https:\/\/legandgo.com\/fr\/shop\/accessories-fr\/kids-bern-helmet-nino\/#primaryimage\"},\"image\":{\"@id\":\"https:\/\/legandgo.com\/fr\/shop\/accessories-fr\/kids-bern-helmet-nino\/#primaryimage\"},\"thumbnailUrl\":\"https:\/\/legandgo.com\/wp-content\/uploads\/2023\/09\/legandgo-balance-bike-laufrad-kinderfahrrad-bern-helmet-black-300x300-1.jpg\",\"datePublished\":\"2021-09-22T10:04:39+00:00\",\"dateModified\":\"2026-02-18T17:34:38+00:00\",\"description\":\"Casque enfant Bern Nino 2.0 MIPS offrant s\u00e9curit\u00e9, confort et visi\u00e8re souple pour prot\u00e9ger du soleil. Protection premium pour les petits cyclistes, disponible en deux tailles.\",\"breadcrumb\":{\"@id\":\"https:\/\/legandgo.com\/fr\/shop\/accessories-fr\/kids-bern-helmet-nino\/#breadcrumb\"},\"inLanguage\":\"fr-FR\",\"potentialAction\":[{\"@type\":\"ReadAction\",\"target\":[\"https:\/\/legandgo.com\/fr\/shop\/accessories-fr\/kids-bern-helmet-nino\/\"]}]},{\"@type\":\"ImageObject\",\"inLanguage\":\"fr-FR\",\"@id\":\"https:\/\/legandgo.com\/fr\/shop\/accessories-fr\/kids-bern-helmet-nino\/#primaryimage\",\"url\":\"https:\/\/legandgo.com\/wp-content\/uploads\/2023\/09\/legandgo-balance-bike-laufrad-kinderfahrrad-bern-helmet-black-300x300-1.jpg\",\"contentUrl\":\"https:\/\/legandgo.com\/wp-content\/uploads\/2023\/09\/legandgo-balance-bike-laufrad-kinderfahrrad-bern-helmet-black-300x300-1.jpg\",\"width\":300,\"height\":300},{\"@type\":\"BreadcrumbList\",\"@id\":\"https:\/\/legandgo.com\/fr\/shop\/accessories-fr\/kids-bern-helmet-nino\/#breadcrumb\",\"itemListElement\":[{\"@type\":\"ListItem\",\"position\":1,\"name\":\"Home\",\"item\":\"https:\/\/legandgo.com\/fr\/\"},{\"@type\":\"ListItem\",\"position\":2,\"name\":\"Shop\",\"item\":\"https:\/\/legandgo.com\/fr\/shop\/\"},{\"@type\":\"ListItem\",\"position\":3,\"name\":\"Casque Enfant Bern (Nino 2.0) MIPS\"}]},{\"@type\":\"WebSite\",\"@id\":\"https:\/\/legandgo.com\/fr\/#website\",\"url\":\"https:\/\/legandgo.com\/fr\/\",\"name\":\"leg&amp;go\",\"description\":\"\",\"publisher\":{\"@id\":\"https:\/\/legandgo.com\/fr\/#organization\"},\"potentialAction\":[{\"@type\":\"SearchAction\",\"target\":{\"@type\":\"EntryPoint\",\"urlTemplate\":\"https:\/\/legandgo.com\/fr\/?s={search_term_string}\"},\"query-input\":{\"@type\":\"PropertyValueSpecification\",\"valueRequired\":true,\"valueName\":\"search_term_string\"}}],\"inLanguage\":\"fr-FR\"},{\"@type\":\"Organization\",\"@id\":\"https:\/\/legandgo.com\/fr\/#organization\",\"name\":\"leg&go bike\",\"url\":\"https:\/\/legandgo.com\/fr\/\",\"logo\":{\"@type\":\"ImageObject\",\"inLanguage\":\"fr-FR\",\"@id\":\"https:\/\/legandgo.com\/fr\/#\/schema\/logo\/image\/\",\"url\":\"https:\/\/legandgo.com\/wp-content\/uploads\/2021\/03\/logorf.png\",\"contentUrl\":\"https:\/\/legandgo.com\/wp-content\/uploads\/2021\/03\/logorf.png\",\"width\":675,\"height\":216,\"caption\":\"leg&go bike\"},\"image\":{\"@id\":\"https:\/\/legandgo.com\/fr\/#\/schema\/logo\/image\/\"},\"sameAs\":[\"https:\/\/www.facebook.com\/legandgo\",\"https:\/\/www.instagram.com\/legandgo\/\",\"https:\/\/www.linkedin.com\/company\/legandgo\/\",\"https:\/\/www.pinterest.com\/legandgo\/\",\"https:\/\/www.youtube.com\/channel\/UC_FBzWPmKWE0g7fcR4Xdfuw\/\"]}]}<\/script>\n<!-- \/ Yoast SEO plugin. -->","yoast_head_json":{"title":"Casque Enfant Bern (Nino 2.0) MIPS &#183; leg&amp;go","description":"Casque enfant Bern Nino 2.0 MIPS offrant s\u00e9curit\u00e9, confort et visi\u00e8re souple pour prot\u00e9ger du soleil. Protection premium pour les petits cyclistes, disponible en deux tailles.","robots":{"index":"index","follow":"follow","max-snippet":"max-snippet:-1","max-image-preview":"max-image-preview:large","max-video-preview":"max-video-preview:-1"},"canonical":"https:\/\/legandgo.com\/fr\/shop\/accessories-fr\/kids-bern-helmet-nino\/","og_locale":"fr_FR","og_type":"article","og_title":"Casque Enfant Bern (Nino 2.0) MIPS &#183; leg&amp;go","og_description":"Casque enfant Bern Nino 2.0 MIPS offrant s\u00e9curit\u00e9, confort et visi\u00e8re souple pour prot\u00e9ger du soleil. Protection premium pour les petits cyclistes, disponible en deux tailles.","og_url":"https:\/\/legandgo.com\/fr\/shop\/accessories-fr\/kids-bern-helmet-nino\/","og_site_name":"leg&amp;go","article_publisher":"https:\/\/www.facebook.com\/legandgo","article_modified_time":"2026-02-18T17:34:38+00:00","og_image":[{"width":300,"height":300,"url":"https:\/\/legandgo.com\/wp-content\/uploads\/2023\/09\/legandgo-balance-bike-laufrad-kinderfahrrad-bern-helmet-black-300x300-1.jpg","type":"image\/jpeg"}],"twitter_card":"summary_large_image","twitter_misc":{"Dur\u00e9e de lecture estim\u00e9e":"1 minute"},"schema":{"@context":"https:\/\/schema.org","@graph":[{"@type":"WebPage","@id":"https:\/\/legandgo.com\/fr\/shop\/accessories-fr\/kids-bern-helmet-nino\/","url":"https:\/\/legandgo.com\/fr\/shop\/accessories-fr\/kids-bern-helmet-nino\/","name":"Casque Enfant Bern (Nino 2.0) MIPS &#183; leg&amp;go","isPartOf":{"@id":"https:\/\/legandgo.com\/fr\/#website"},"primaryImageOfPage":{"@id":"https:\/\/legandgo.com\/fr\/shop\/accessories-fr\/kids-bern-helmet-nino\/#primaryimage"},"image":{"@id":"https:\/\/legandgo.com\/fr\/shop\/accessories-fr\/kids-bern-helmet-nino\/#primaryimage"},"thumbnailUrl":"https:\/\/legandgo.com\/wp-content\/uploads\/2023\/09\/legandgo-balance-bike-laufrad-kinderfahrrad-bern-helmet-black-300x300-1.jpg","datePublished":"2021-09-22T10:04:39+00:00","dateModified":"2026-02-18T17:34:38+00:00","description":"Casque enfant Bern Nino 2.0 MIPS offrant s\u00e9curit\u00e9, confort et visi\u00e8re souple pour prot\u00e9ger du soleil. Protection premium pour les petits cyclistes, disponible en deux tailles.","breadcrumb":{"@id":"https:\/\/legandgo.com\/fr\/shop\/accessories-fr\/kids-bern-helmet-nino\/#breadcrumb"},"inLanguage":"fr-FR","potentialAction":[{"@type":"ReadAction","target":["https:\/\/legandgo.com\/fr\/shop\/accessories-fr\/kids-bern-helmet-nino\/"]}]},{"@type":"ImageObject","inLanguage":"fr-FR","@id":"https:\/\/legandgo.com\/fr\/shop\/accessories-fr\/kids-bern-helmet-nino\/#primaryimage","url":"https:\/\/legandgo.com\/wp-content\/uploads\/2023\/09\/legandgo-balance-bike-laufrad-kinderfahrrad-bern-helmet-black-300x300-1.jpg","contentUrl":"https:\/\/legandgo.com\/wp-content\/uploads\/2023\/09\/legandgo-balance-bike-laufrad-kinderfahrrad-bern-helmet-black-300x300-1.jpg","width":300,"height":300},{"@type":"BreadcrumbList","@id":"https:\/\/legandgo.com\/fr\/shop\/accessories-fr\/kids-bern-helmet-nino\/#breadcrumb","itemListElement":[{"@type":"ListItem","position":1,"name":"Home","item":"https:\/\/legandgo.com\/fr\/"},{"@type":"ListItem","position":2,"name":"Shop","item":"https:\/\/legandgo.com\/fr\/shop\/"},{"@type":"ListItem","position":3,"name":"Casque Enfant Bern (Nino 2.0) MIPS"}]},{"@type":"WebSite","@id":"https:\/\/legandgo.com\/fr\/#website","url":"https:\/\/legandgo.com\/fr\/","name":"leg&amp;go","description":"","publisher":{"@id":"https:\/\/legandgo.com\/fr\/#organization"},"potentialAction":[{"@type":"SearchAction","target":{"@type":"EntryPoint","urlTemplate":"https:\/\/legandgo.com\/fr\/?s={search_term_string}"},"query-input":{"@type":"PropertyValueSpecification","valueRequired":true,"valueName":"search_term_string"}}],"inLanguage":"fr-FR"},{"@type":"Organization","@id":"https:\/\/legandgo.com\/fr\/#organization","name":"leg&go bike","url":"https:\/\/legandgo.com\/fr\/","logo":{"@type":"ImageObject","inLanguage":"fr-FR","@id":"https:\/\/legandgo.com\/fr\/#\/schema\/logo\/image\/","url":"https:\/\/legandgo.com\/wp-content\/uploads\/2021\/03\/logorf.png","contentUrl":"https:\/\/legandgo.com\/wp-content\/uploads\/2021\/03\/logorf.png","width":675,"height":216,"caption":"leg&go bike"},"image":{"@id":"https:\/\/legandgo.com\/fr\/#\/schema\/logo\/image\/"},"sameAs":["https:\/\/www.facebook.com\/legandgo","https:\/\/www.instagram.com\/legandgo\/","https:\/\/www.linkedin.com\/company\/legandgo\/","https:\/\/www.pinterest.com\/legandgo\/","https:\/\/www.youtube.com\/channel\/UC_FBzWPmKWE0g7fcR4Xdfuw\/"]}]}},"_links":{"self":[{"href":"https:\/\/legandgo.com\/fr\/wp-json\/wp\/v2\/product\/4695","targetHints":{"allow":["GET"]}}],"collection":[{"href":"https:\/\/legandgo.com\/fr\/wp-json\/wp\/v2\/product"}],"about":[{"href":"https:\/\/legandgo.com\/fr\/wp-json\/wp\/v2\/types\/product"}],"replies":[{"embeddable":true,"href":"https:\/\/legandgo.com\/fr\/wp-json\/wp\/v2\/comments?post=4695"}],"version-history":[{"count":16,"href":"https:\/\/legandgo.com\/fr\/wp-json\/wp\/v2\/product\/4695\/revisions"}],"predecessor-version":[{"id":52417,"href":"https:\/\/legandgo.com\/fr\/wp-json\/wp\/v2\/product\/4695\/revisions\/52417"}],"wp:featuredmedia":[{"embeddable":true,"href":"https:\/\/legandgo.com\/fr\/wp-json\/wp\/v2\/media\/15529"}],"wp:attachment":[{"href":"https:\/\/legandgo.com\/fr\/wp-json\/wp\/v2\/media?parent=4695"}],"wp:term":[{"taxonomy":"product_brand","embeddable":true,"href":"https:\/\/legandgo.com\/fr\/wp-json\/wp\/v2\/product_brand?post=4695"},{"taxonomy":"product_cat","embeddable":true,"href":"https:\/\/legandgo.com\/fr\/wp-json\/wp\/v2\/product_cat?post=4695"},{"taxonomy":"product_tag","embeddable":true,"href":"https:\/\/legandgo.com\/fr\/wp-json\/wp\/v2\/product_tag?post=4695"}],"curies":[{"name":"wp","href":"https:\/\/api.w.org\/{rel}","templated":true}]}}