{"id":48349,"date":"2026-01-19T16:31:47","date_gmt":"2026-01-19T14:31:47","guid":{"rendered":"https:\/\/legandgo.com\/shop\/non%20class\u00e9\/rouleau-de-papier-dessin\/"},"modified":"2026-02-10T16:23:12","modified_gmt":"2026-02-10T14:23:12","slug":"rouleau-de-papier-dessin","status":"publish","type":"product","link":"https:\/\/legandgo.com\/fr\/shop\/categorie-de-jouets\/rouleau-de-papier-dessin\/","title":{"rendered":"Rouleau de papier dessin"},"content":{"rendered":"<p style=\"font-weight: 400;\">Papier sans fin. Cr\u00e9ativit\u00e9 sans fin.<\/p>\n<p style=\"font-weight: 400;\">Laissez la cr\u00e9ativit\u00e9 s\u2019exprimer avec notre rouleau de papier de recharge, sp\u00e9cialement con\u00e7u pour le tableau de dessin mural. Lisse, r\u00e9sistant et parfaitement dimensionn\u00e9 pour les petits artistes qui ne veulent jamais s\u2019arr\u00eater de dessiner.<\/p>\n","protected":false},"excerpt":{"rendered":"<p>Papier sans fin. Cr\u00e9ativit\u00e9 sans fin. Laissez la cr\u00e9ativit\u00e9 s\u2019exprimer avec notre rouleau de papier de recharge, sp\u00e9cialement con\u00e7u pour le tableau de dessin mural. Lisse, r\u00e9sistant et parfaitement dimensionn\u00e9 pour les petits artistes qui ne veulent jamais s\u2019arr\u00eater de dessiner.<\/p>\n","protected":false},"featured_media":48339,"comment_status":"closed","ping_status":"closed","template":"","meta":{"_acf_changed":false,"inline_featured_image":false,"footnotes":""},"product_brand":[],"product_cat":[1318],"product_tag":[],"class_list":{"0":"post-48349","1":"product","2":"type-product","3":"status-publish","4":"has-post-thumbnail","6":"product_cat-categorie-de-jouets","7":"product_shipping_class-drawing-board-shipping","9":"first","10":"instock","11":"purchasable","12":"product-type-simple"},"bundled_by":[],"bundle_stock_status":"instock","bundle_stock_quantity":null,"bundle_virtual":false,"bundle_layout":"","bundle_add_to_cart_form_location":"","bundle_editable_in_cart":false,"bundle_sold_individually_context":"","bundle_item_grouping":"","bundle_min_size":"","bundle_max_size":"","bundle_price":[],"bundled_items":[],"bundle_sell_ids":[],"acf":[],"yoast_head":"<!-- This site is optimized with the Yoast SEO plugin v25.9 - https:\/\/yoast.com\/wordpress\/plugins\/seo\/ -->\n<title>Rouleau de papier dessin &#183; leg&amp;go<\/title>\n<meta name=\"description\" content=\"Rouleau de papier de recharge pour votre tableau de dessin mural. 30 m de long, id\u00e9al pour le dessin, le coloriage et les activit\u00e9s cr\u00e9atives des enfants \u00e0 la maison.\" \/>\n<meta name=\"robots\" content=\"index, follow, max-snippet:-1, max-image-preview:large, max-video-preview:-1\" \/>\n<link rel=\"canonical\" href=\"https:\/\/legandgo.com\/fr\/shop\/categorie-de-jouets\/rouleau-de-papier-dessin\/\" \/>\n<meta property=\"og:locale\" content=\"fr_FR\" \/>\n<meta property=\"og:type\" content=\"article\" \/>\n<meta property=\"og:title\" content=\"Rouleau de papier dessin &#183; leg&amp;go\" \/>\n<meta property=\"og:description\" content=\"Rouleau de papier de recharge pour votre tableau de dessin mural. 30 m de long, id\u00e9al pour le dessin, le coloriage et les activit\u00e9s cr\u00e9atives des enfants \u00e0 la maison.\" \/>\n<meta property=\"og:url\" content=\"https:\/\/legandgo.com\/fr\/shop\/categorie-de-jouets\/rouleau-de-papier-dessin\/\" \/>\n<meta property=\"og:site_name\" content=\"leg&amp;go\" \/>\n<meta property=\"article:publisher\" content=\"https:\/\/www.facebook.com\/legandgo\" \/>\n<meta property=\"article:modified_time\" content=\"2026-02-10T14:23:12+00:00\" \/>\n<meta property=\"og:image\" content=\"https:\/\/legandgo.com\/wp-content\/uploads\/2026\/01\/Drawing-board-paper-roll.jpg\" \/>\n\t<meta property=\"og:image:width\" content=\"1024\" \/>\n\t<meta property=\"og:image:height\" content=\"1024\" \/>\n\t<meta property=\"og:image:type\" content=\"image\/jpeg\" \/>\n<meta name=\"twitter:card\" content=\"summary_large_image\" \/>\n<script type=\"application\/ld+json\" class=\"yoast-schema-graph\">{\"@context\":\"https:\/\/schema.org\",\"@graph\":[{\"@type\":\"WebPage\",\"@id\":\"https:\/\/legandgo.com\/fr\/shop\/categorie-de-jouets\/rouleau-de-papier-dessin\/\",\"url\":\"https:\/\/legandgo.com\/fr\/shop\/categorie-de-jouets\/rouleau-de-papier-dessin\/\",\"name\":\"Rouleau de papier dessin &#183; leg&amp;go\",\"isPartOf\":{\"@id\":\"https:\/\/legandgo.com\/fr\/#website\"},\"primaryImageOfPage\":{\"@id\":\"https:\/\/legandgo.com\/fr\/shop\/categorie-de-jouets\/rouleau-de-papier-dessin\/#primaryimage\"},\"image\":{\"@id\":\"https:\/\/legandgo.com\/fr\/shop\/categorie-de-jouets\/rouleau-de-papier-dessin\/#primaryimage\"},\"thumbnailUrl\":\"https:\/\/legandgo.com\/wp-content\/uploads\/2026\/01\/Drawing-board-paper-roll.jpg\",\"datePublished\":\"2026-01-19T14:31:47+00:00\",\"dateModified\":\"2026-02-10T14:23:12+00:00\",\"description\":\"Rouleau de papier de recharge pour votre tableau de dessin mural. 30 m de long, id\u00e9al pour le dessin, le coloriage et les activit\u00e9s cr\u00e9atives des enfants \u00e0 la maison.\",\"breadcrumb\":{\"@id\":\"https:\/\/legandgo.com\/fr\/shop\/categorie-de-jouets\/rouleau-de-papier-dessin\/#breadcrumb\"},\"inLanguage\":\"fr-FR\",\"potentialAction\":[{\"@type\":\"ReadAction\",\"target\":[\"https:\/\/legandgo.com\/fr\/shop\/categorie-de-jouets\/rouleau-de-papier-dessin\/\"]}]},{\"@type\":\"ImageObject\",\"inLanguage\":\"fr-FR\",\"@id\":\"https:\/\/legandgo.com\/fr\/shop\/categorie-de-jouets\/rouleau-de-papier-dessin\/#primaryimage\",\"url\":\"https:\/\/legandgo.com\/wp-content\/uploads\/2026\/01\/Drawing-board-paper-roll.jpg\",\"contentUrl\":\"https:\/\/legandgo.com\/wp-content\/uploads\/2026\/01\/Drawing-board-paper-roll.jpg\",\"width\":1024,\"height\":1024,\"caption\":\"Paper roll for wall mounted drawing board\"},{\"@type\":\"BreadcrumbList\",\"@id\":\"https:\/\/legandgo.com\/fr\/shop\/categorie-de-jouets\/rouleau-de-papier-dessin\/#breadcrumb\",\"itemListElement\":[{\"@type\":\"ListItem\",\"position\":1,\"name\":\"Home\",\"item\":\"https:\/\/legandgo.com\/fr\/\"},{\"@type\":\"ListItem\",\"position\":2,\"name\":\"Shop\",\"item\":\"https:\/\/legandgo.com\/fr\/shop\/\"},{\"@type\":\"ListItem\",\"position\":3,\"name\":\"Rouleau de papier dessin\"}]},{\"@type\":\"WebSite\",\"@id\":\"https:\/\/legandgo.com\/fr\/#website\",\"url\":\"https:\/\/legandgo.com\/fr\/\",\"name\":\"leg&amp;go\",\"description\":\"\",\"publisher\":{\"@id\":\"https:\/\/legandgo.com\/fr\/#organization\"},\"potentialAction\":[{\"@type\":\"SearchAction\",\"target\":{\"@type\":\"EntryPoint\",\"urlTemplate\":\"https:\/\/legandgo.com\/fr\/?s={search_term_string}\"},\"query-input\":{\"@type\":\"PropertyValueSpecification\",\"valueRequired\":true,\"valueName\":\"search_term_string\"}}],\"inLanguage\":\"fr-FR\"},{\"@type\":\"Organization\",\"@id\":\"https:\/\/legandgo.com\/fr\/#organization\",\"name\":\"leg&go bike\",\"url\":\"https:\/\/legandgo.com\/fr\/\",\"logo\":{\"@type\":\"ImageObject\",\"inLanguage\":\"fr-FR\",\"@id\":\"https:\/\/legandgo.com\/fr\/#\/schema\/logo\/image\/\",\"url\":\"https:\/\/legandgo.com\/wp-content\/uploads\/2021\/03\/logorf.png\",\"contentUrl\":\"https:\/\/legandgo.com\/wp-content\/uploads\/2021\/03\/logorf.png\",\"width\":675,\"height\":216,\"caption\":\"leg&go bike\"},\"image\":{\"@id\":\"https:\/\/legandgo.com\/fr\/#\/schema\/logo\/image\/\"},\"sameAs\":[\"https:\/\/www.facebook.com\/legandgo\",\"https:\/\/www.instagram.com\/legandgo\/\",\"https:\/\/www.linkedin.com\/company\/legandgo\/\",\"https:\/\/www.pinterest.com\/legandgo\/\",\"https:\/\/www.youtube.com\/channel\/UC_FBzWPmKWE0g7fcR4Xdfuw\/\"]}]}<\/script>\n<!-- \/ Yoast SEO plugin. -->","yoast_head_json":{"title":"Rouleau de papier dessin &#183; leg&amp;go","description":"Rouleau de papier de recharge pour votre tableau de dessin mural. 30 m de long, id\u00e9al pour le dessin, le coloriage et les activit\u00e9s cr\u00e9atives des enfants \u00e0 la maison.","robots":{"index":"index","follow":"follow","max-snippet":"max-snippet:-1","max-image-preview":"max-image-preview:large","max-video-preview":"max-video-preview:-1"},"canonical":"https:\/\/legandgo.com\/fr\/shop\/categorie-de-jouets\/rouleau-de-papier-dessin\/","og_locale":"fr_FR","og_type":"article","og_title":"Rouleau de papier dessin &#183; leg&amp;go","og_description":"Rouleau de papier de recharge pour votre tableau de dessin mural. 30 m de long, id\u00e9al pour le dessin, le coloriage et les activit\u00e9s cr\u00e9atives des enfants \u00e0 la maison.","og_url":"https:\/\/legandgo.com\/fr\/shop\/categorie-de-jouets\/rouleau-de-papier-dessin\/","og_site_name":"leg&amp;go","article_publisher":"https:\/\/www.facebook.com\/legandgo","article_modified_time":"2026-02-10T14:23:12+00:00","og_image":[{"width":1024,"height":1024,"url":"https:\/\/legandgo.com\/wp-content\/uploads\/2026\/01\/Drawing-board-paper-roll.jpg","type":"image\/jpeg"}],"twitter_card":"summary_large_image","schema":{"@context":"https:\/\/schema.org","@graph":[{"@type":"WebPage","@id":"https:\/\/legandgo.com\/fr\/shop\/categorie-de-jouets\/rouleau-de-papier-dessin\/","url":"https:\/\/legandgo.com\/fr\/shop\/categorie-de-jouets\/rouleau-de-papier-dessin\/","name":"Rouleau de papier dessin &#183; leg&amp;go","isPartOf":{"@id":"https:\/\/legandgo.com\/fr\/#website"},"primaryImageOfPage":{"@id":"https:\/\/legandgo.com\/fr\/shop\/categorie-de-jouets\/rouleau-de-papier-dessin\/#primaryimage"},"image":{"@id":"https:\/\/legandgo.com\/fr\/shop\/categorie-de-jouets\/rouleau-de-papier-dessin\/#primaryimage"},"thumbnailUrl":"https:\/\/legandgo.com\/wp-content\/uploads\/2026\/01\/Drawing-board-paper-roll.jpg","datePublished":"2026-01-19T14:31:47+00:00","dateModified":"2026-02-10T14:23:12+00:00","description":"Rouleau de papier de recharge pour votre tableau de dessin mural. 30 m de long, id\u00e9al pour le dessin, le coloriage et les activit\u00e9s cr\u00e9atives des enfants \u00e0 la maison.","breadcrumb":{"@id":"https:\/\/legandgo.com\/fr\/shop\/categorie-de-jouets\/rouleau-de-papier-dessin\/#breadcrumb"},"inLanguage":"fr-FR","potentialAction":[{"@type":"ReadAction","target":["https:\/\/legandgo.com\/fr\/shop\/categorie-de-jouets\/rouleau-de-papier-dessin\/"]}]},{"@type":"ImageObject","inLanguage":"fr-FR","@id":"https:\/\/legandgo.com\/fr\/shop\/categorie-de-jouets\/rouleau-de-papier-dessin\/#primaryimage","url":"https:\/\/legandgo.com\/wp-content\/uploads\/2026\/01\/Drawing-board-paper-roll.jpg","contentUrl":"https:\/\/legandgo.com\/wp-content\/uploads\/2026\/01\/Drawing-board-paper-roll.jpg","width":1024,"height":1024,"caption":"Paper roll for wall mounted drawing board"},{"@type":"BreadcrumbList","@id":"https:\/\/legandgo.com\/fr\/shop\/categorie-de-jouets\/rouleau-de-papier-dessin\/#breadcrumb","itemListElement":[{"@type":"ListItem","position":1,"name":"Home","item":"https:\/\/legandgo.com\/fr\/"},{"@type":"ListItem","position":2,"name":"Shop","item":"https:\/\/legandgo.com\/fr\/shop\/"},{"@type":"ListItem","position":3,"name":"Rouleau de papier dessin"}]},{"@type":"WebSite","@id":"https:\/\/legandgo.com\/fr\/#website","url":"https:\/\/legandgo.com\/fr\/","name":"leg&amp;go","description":"","publisher":{"@id":"https:\/\/legandgo.com\/fr\/#organization"},"potentialAction":[{"@type":"SearchAction","target":{"@type":"EntryPoint","urlTemplate":"https:\/\/legandgo.com\/fr\/?s={search_term_string}"},"query-input":{"@type":"PropertyValueSpecification","valueRequired":true,"valueName":"search_term_string"}}],"inLanguage":"fr-FR"},{"@type":"Organization","@id":"https:\/\/legandgo.com\/fr\/#organization","name":"leg&go bike","url":"https:\/\/legandgo.com\/fr\/","logo":{"@type":"ImageObject","inLanguage":"fr-FR","@id":"https:\/\/legandgo.com\/fr\/#\/schema\/logo\/image\/","url":"https:\/\/legandgo.com\/wp-content\/uploads\/2021\/03\/logorf.png","contentUrl":"https:\/\/legandgo.com\/wp-content\/uploads\/2021\/03\/logorf.png","width":675,"height":216,"caption":"leg&go bike"},"image":{"@id":"https:\/\/legandgo.com\/fr\/#\/schema\/logo\/image\/"},"sameAs":["https:\/\/www.facebook.com\/legandgo","https:\/\/www.instagram.com\/legandgo\/","https:\/\/www.linkedin.com\/company\/legandgo\/","https:\/\/www.pinterest.com\/legandgo\/","https:\/\/www.youtube.com\/channel\/UC_FBzWPmKWE0g7fcR4Xdfuw\/"]}]}},"_links":{"self":[{"href":"https:\/\/legandgo.com\/fr\/wp-json\/wp\/v2\/product\/48349","targetHints":{"allow":["GET"]}}],"collection":[{"href":"https:\/\/legandgo.com\/fr\/wp-json\/wp\/v2\/product"}],"about":[{"href":"https:\/\/legandgo.com\/fr\/wp-json\/wp\/v2\/types\/product"}],"replies":[{"embeddable":true,"href":"https:\/\/legandgo.com\/fr\/wp-json\/wp\/v2\/comments?post=48349"}],"version-history":[{"count":3,"href":"https:\/\/legandgo.com\/fr\/wp-json\/wp\/v2\/product\/48349\/revisions"}],"predecessor-version":[{"id":50998,"href":"https:\/\/legandgo.com\/fr\/wp-json\/wp\/v2\/product\/48349\/revisions\/50998"}],"wp:featuredmedia":[{"embeddable":true,"href":"https:\/\/legandgo.com\/fr\/wp-json\/wp\/v2\/media\/48339"}],"wp:attachment":[{"href":"https:\/\/legandgo.com\/fr\/wp-json\/wp\/v2\/media?parent=48349"}],"wp:term":[{"taxonomy":"product_brand","embeddable":true,"href":"https:\/\/legandgo.com\/fr\/wp-json\/wp\/v2\/product_brand?post=48349"},{"taxonomy":"product_cat","embeddable":true,"href":"https:\/\/legandgo.com\/fr\/wp-json\/wp\/v2\/product_cat?post=48349"},{"taxonomy":"product_tag","embeddable":true,"href":"https:\/\/legandgo.com\/fr\/wp-json\/wp\/v2\/product_tag?post=48349"}],"curies":[{"name":"wp","href":"https:\/\/api.w.org\/{rel}","templated":true}]}}