{"id":48399,"date":"2026-01-14T11:42:48","date_gmt":"2026-01-14T09:42:48","guid":{"rendered":"https:\/\/legandgo.com\/?post_type=product&#038;p=48399"},"modified":"2026-02-10T14:54:19","modified_gmt":"2026-02-10T12:54:19","slug":"tableau-mural-a-dessin","status":"publish","type":"product","link":"https:\/\/legandgo.com\/fr\/shop\/categorie-de-jouets\/tableau-mural-a-dessin\/","title":{"rendered":"Tableau mural \u00e0 dessin"},"content":{"rendered":"<p style=\"font-weight: 400;\">Con\u00e7u en pensant aux enfants, notre tableau \u00e0 dessin mural en bois invite \u00e0 des heures de cr\u00e9ativit\u00e9 sans \u00e9cran. Facile \u00e0 monter sur n\u2019importe quel mur, il est dot\u00e9 d\u2019un plateau de rangement int\u00e9gr\u00e9 pour garder crayons et feutres soigneusement organis\u00e9s et toujours \u00e0 port\u00e9e de main.<\/p>\n<p style=\"font-weight: 400;\">La fente d\u2019alimentation du papier, fluide, permet de tirer les dessins termin\u00e9s vers le bas et de les d\u00e9tacher sans effort, favorisant l\u2019autonomie et un jeu ininterrompu. Nous vous recommandons d\u2019ajouter un ou deux rouleaux suppl\u00e9mentaires \u00e0 votre achat afin que les petits artistes ne manquent jamais d\u2019espace pour leurs id\u00e9es.<\/p>\n<p style=\"font-weight: 400;\"><strong>Veuillez noter<\/strong> : la couleur r\u00e9elle du produit peut varier l\u00e9g\u00e8rement en raison des conditions d\u2019\u00e9clairage, des param\u00e8tres d\u2019\u00e9cran et des variations naturelles du grain du bois.<\/p>\n<p style=\"font-weight: 400;\"><strong>D\u00e9couvrez-en davantage ci-dessous.<\/strong><\/p>\n","protected":false},"excerpt":{"rendered":"<p>Con\u00e7u en pensant aux enfants, notre tableau \u00e0 dessin mural en bois invite \u00e0 des heures de cr\u00e9ativit\u00e9 sans \u00e9cran. Facile \u00e0 monter sur n\u2019importe quel mur, il est dot\u00e9 d\u2019un plateau de rangement int\u00e9gr\u00e9 pour garder crayons et feutres soigneusement organis\u00e9s et toujours \u00e0 port\u00e9e de main. La fente d\u2019alimentation du papier, fluide, permet<a class=\"excerpt-read-more\" href=\"https:\/\/legandgo.com\/fr\/shop\/categorie-de-jouets\/tableau-mural-a-dessin\/\" title=\"ReadTableau mural \u00e0 dessin\">&#8230; Read more &raquo;<\/a><\/p>\n","protected":false},"featured_media":48552,"comment_status":"closed","ping_status":"closed","template":"","meta":{"_acf_changed":false,"inline_featured_image":false,"footnotes":""},"product_brand":[],"product_cat":[1318],"product_tag":[],"class_list":{"0":"post-48399","1":"product","2":"type-product","3":"status-publish","4":"has-post-thumbnail","6":"product_cat-categorie-de-jouets","7":"product_shipping_class-drawing-board-shipping","9":"first","10":"instock","11":"purchasable","12":"product-type-variable","13":"has-default-attributes"},"bundled_by":[],"bundle_stock_status":"instock","bundle_stock_quantity":null,"bundle_virtual":false,"bundle_layout":"","bundle_add_to_cart_form_location":"","bundle_editable_in_cart":false,"bundle_sold_individually_context":"","bundle_item_grouping":"","bundle_min_size":"","bundle_max_size":"","bundle_price":[],"bundled_items":[],"bundle_sell_ids":[],"acf":[],"yoast_head":"<!-- This site is optimized with the Yoast SEO plugin v25.9 - https:\/\/yoast.com\/wordpress\/plugins\/seo\/ -->\n<title>Tableau mural \u00e0 dessin &#183; leg&amp;go<\/title>\n<meta name=\"description\" content=\"Tableau mural \u00e0 dessin en bois pour enfants. Un coin cr\u00e9atif gain de place avec tablette pour crayons, id\u00e9al pour dessiner, colorier et jouer sans \u00e9cran.\" \/>\n<meta name=\"robots\" content=\"index, follow, max-snippet:-1, max-image-preview:large, max-video-preview:-1\" \/>\n<link rel=\"canonical\" href=\"https:\/\/legandgo.com\/fr\/shop\/categorie-de-jouets\/tableau-mural-a-dessin\/\" \/>\n<meta property=\"og:locale\" content=\"fr_FR\" \/>\n<meta property=\"og:type\" content=\"article\" \/>\n<meta property=\"og:title\" content=\"Tableau mural \u00e0 dessin &#183; leg&amp;go\" \/>\n<meta property=\"og:description\" content=\"Tableau mural \u00e0 dessin en bois pour enfants. Un coin cr\u00e9atif gain de place avec tablette pour crayons, id\u00e9al pour dessiner, colorier et jouer sans \u00e9cran.\" \/>\n<meta property=\"og:url\" content=\"https:\/\/legandgo.com\/fr\/shop\/categorie-de-jouets\/tableau-mural-a-dessin\/\" \/>\n<meta property=\"og:site_name\" content=\"leg&amp;go\" \/>\n<meta property=\"article:publisher\" content=\"https:\/\/www.facebook.com\/legandgo\" \/>\n<meta property=\"article:modified_time\" content=\"2026-02-10T12:54:19+00:00\" \/>\n<meta property=\"og:image\" content=\"https:\/\/legandgo.com\/wp-content\/uploads\/2026\/01\/Drawing-board-with-paper-roll-scaled.jpg\" \/>\n\t<meta property=\"og:image:width\" content=\"2560\" \/>\n\t<meta property=\"og:image:height\" content=\"2560\" \/>\n\t<meta property=\"og:image:type\" content=\"image\/jpeg\" \/>\n<meta name=\"twitter:card\" content=\"summary_large_image\" \/>\n<meta name=\"twitter:label1\" content=\"Dur\u00e9e de lecture estim\u00e9e\" \/>\n\t<meta name=\"twitter:data1\" content=\"1 minute\" \/>\n<script type=\"application\/ld+json\" class=\"yoast-schema-graph\">{\"@context\":\"https:\/\/schema.org\",\"@graph\":[{\"@type\":\"WebPage\",\"@id\":\"https:\/\/legandgo.com\/fr\/shop\/categorie-de-jouets\/tableau-mural-a-dessin\/\",\"url\":\"https:\/\/legandgo.com\/fr\/shop\/categorie-de-jouets\/tableau-mural-a-dessin\/\",\"name\":\"Tableau mural \u00e0 dessin &#183; leg&amp;go\",\"isPartOf\":{\"@id\":\"https:\/\/legandgo.com\/fr\/#website\"},\"primaryImageOfPage\":{\"@id\":\"https:\/\/legandgo.com\/fr\/shop\/categorie-de-jouets\/tableau-mural-a-dessin\/#primaryimage\"},\"image\":{\"@id\":\"https:\/\/legandgo.com\/fr\/shop\/categorie-de-jouets\/tableau-mural-a-dessin\/#primaryimage\"},\"thumbnailUrl\":\"https:\/\/legandgo.com\/wp-content\/uploads\/2026\/01\/Drawing-board-with-paper-roll-scaled.jpg\",\"datePublished\":\"2026-01-14T09:42:48+00:00\",\"dateModified\":\"2026-02-10T12:54:19+00:00\",\"description\":\"Tableau mural \u00e0 dessin en bois pour enfants. Un coin cr\u00e9atif gain de place avec tablette pour crayons, id\u00e9al pour dessiner, colorier et jouer sans \u00e9cran.\",\"breadcrumb\":{\"@id\":\"https:\/\/legandgo.com\/fr\/shop\/categorie-de-jouets\/tableau-mural-a-dessin\/#breadcrumb\"},\"inLanguage\":\"fr-FR\",\"potentialAction\":[{\"@type\":\"ReadAction\",\"target\":[\"https:\/\/legandgo.com\/fr\/shop\/categorie-de-jouets\/tableau-mural-a-dessin\/\"]}]},{\"@type\":\"ImageObject\",\"inLanguage\":\"fr-FR\",\"@id\":\"https:\/\/legandgo.com\/fr\/shop\/categorie-de-jouets\/tableau-mural-a-dessin\/#primaryimage\",\"url\":\"https:\/\/legandgo.com\/wp-content\/uploads\/2026\/01\/Drawing-board-with-paper-roll-scaled.jpg\",\"contentUrl\":\"https:\/\/legandgo.com\/wp-content\/uploads\/2026\/01\/Drawing-board-with-paper-roll-scaled.jpg\",\"width\":2560,\"height\":2560},{\"@type\":\"BreadcrumbList\",\"@id\":\"https:\/\/legandgo.com\/fr\/shop\/categorie-de-jouets\/tableau-mural-a-dessin\/#breadcrumb\",\"itemListElement\":[{\"@type\":\"ListItem\",\"position\":1,\"name\":\"Home\",\"item\":\"https:\/\/legandgo.com\/fr\/\"},{\"@type\":\"ListItem\",\"position\":2,\"name\":\"Shop\",\"item\":\"https:\/\/legandgo.com\/fr\/shop\/\"},{\"@type\":\"ListItem\",\"position\":3,\"name\":\"Tableau mural \u00e0 dessin\"}]},{\"@type\":\"WebSite\",\"@id\":\"https:\/\/legandgo.com\/fr\/#website\",\"url\":\"https:\/\/legandgo.com\/fr\/\",\"name\":\"leg&amp;go\",\"description\":\"\",\"publisher\":{\"@id\":\"https:\/\/legandgo.com\/fr\/#organization\"},\"potentialAction\":[{\"@type\":\"SearchAction\",\"target\":{\"@type\":\"EntryPoint\",\"urlTemplate\":\"https:\/\/legandgo.com\/fr\/?s={search_term_string}\"},\"query-input\":{\"@type\":\"PropertyValueSpecification\",\"valueRequired\":true,\"valueName\":\"search_term_string\"}}],\"inLanguage\":\"fr-FR\"},{\"@type\":\"Organization\",\"@id\":\"https:\/\/legandgo.com\/fr\/#organization\",\"name\":\"leg&go bike\",\"url\":\"https:\/\/legandgo.com\/fr\/\",\"logo\":{\"@type\":\"ImageObject\",\"inLanguage\":\"fr-FR\",\"@id\":\"https:\/\/legandgo.com\/fr\/#\/schema\/logo\/image\/\",\"url\":\"https:\/\/legandgo.com\/wp-content\/uploads\/2021\/03\/logorf.png\",\"contentUrl\":\"https:\/\/legandgo.com\/wp-content\/uploads\/2021\/03\/logorf.png\",\"width\":675,\"height\":216,\"caption\":\"leg&go bike\"},\"image\":{\"@id\":\"https:\/\/legandgo.com\/fr\/#\/schema\/logo\/image\/\"},\"sameAs\":[\"https:\/\/www.facebook.com\/legandgo\",\"https:\/\/www.instagram.com\/legandgo\/\",\"https:\/\/www.linkedin.com\/company\/legandgo\/\",\"https:\/\/www.pinterest.com\/legandgo\/\",\"https:\/\/www.youtube.com\/channel\/UC_FBzWPmKWE0g7fcR4Xdfuw\/\"]}]}<\/script>\n<!-- \/ Yoast SEO plugin. -->","yoast_head_json":{"title":"Tableau mural \u00e0 dessin &#183; leg&amp;go","description":"Tableau mural \u00e0 dessin en bois pour enfants. Un coin cr\u00e9atif gain de place avec tablette pour crayons, id\u00e9al pour dessiner, colorier et jouer sans \u00e9cran.","robots":{"index":"index","follow":"follow","max-snippet":"max-snippet:-1","max-image-preview":"max-image-preview:large","max-video-preview":"max-video-preview:-1"},"canonical":"https:\/\/legandgo.com\/fr\/shop\/categorie-de-jouets\/tableau-mural-a-dessin\/","og_locale":"fr_FR","og_type":"article","og_title":"Tableau mural \u00e0 dessin &#183; leg&amp;go","og_description":"Tableau mural \u00e0 dessin en bois pour enfants. Un coin cr\u00e9atif gain de place avec tablette pour crayons, id\u00e9al pour dessiner, colorier et jouer sans \u00e9cran.","og_url":"https:\/\/legandgo.com\/fr\/shop\/categorie-de-jouets\/tableau-mural-a-dessin\/","og_site_name":"leg&amp;go","article_publisher":"https:\/\/www.facebook.com\/legandgo","article_modified_time":"2026-02-10T12:54:19+00:00","og_image":[{"width":2560,"height":2560,"url":"https:\/\/legandgo.com\/wp-content\/uploads\/2026\/01\/Drawing-board-with-paper-roll-scaled.jpg","type":"image\/jpeg"}],"twitter_card":"summary_large_image","twitter_misc":{"Dur\u00e9e de lecture estim\u00e9e":"1 minute"},"schema":{"@context":"https:\/\/schema.org","@graph":[{"@type":"WebPage","@id":"https:\/\/legandgo.com\/fr\/shop\/categorie-de-jouets\/tableau-mural-a-dessin\/","url":"https:\/\/legandgo.com\/fr\/shop\/categorie-de-jouets\/tableau-mural-a-dessin\/","name":"Tableau mural \u00e0 dessin &#183; leg&amp;go","isPartOf":{"@id":"https:\/\/legandgo.com\/fr\/#website"},"primaryImageOfPage":{"@id":"https:\/\/legandgo.com\/fr\/shop\/categorie-de-jouets\/tableau-mural-a-dessin\/#primaryimage"},"image":{"@id":"https:\/\/legandgo.com\/fr\/shop\/categorie-de-jouets\/tableau-mural-a-dessin\/#primaryimage"},"thumbnailUrl":"https:\/\/legandgo.com\/wp-content\/uploads\/2026\/01\/Drawing-board-with-paper-roll-scaled.jpg","datePublished":"2026-01-14T09:42:48+00:00","dateModified":"2026-02-10T12:54:19+00:00","description":"Tableau mural \u00e0 dessin en bois pour enfants. Un coin cr\u00e9atif gain de place avec tablette pour crayons, id\u00e9al pour dessiner, colorier et jouer sans \u00e9cran.","breadcrumb":{"@id":"https:\/\/legandgo.com\/fr\/shop\/categorie-de-jouets\/tableau-mural-a-dessin\/#breadcrumb"},"inLanguage":"fr-FR","potentialAction":[{"@type":"ReadAction","target":["https:\/\/legandgo.com\/fr\/shop\/categorie-de-jouets\/tableau-mural-a-dessin\/"]}]},{"@type":"ImageObject","inLanguage":"fr-FR","@id":"https:\/\/legandgo.com\/fr\/shop\/categorie-de-jouets\/tableau-mural-a-dessin\/#primaryimage","url":"https:\/\/legandgo.com\/wp-content\/uploads\/2026\/01\/Drawing-board-with-paper-roll-scaled.jpg","contentUrl":"https:\/\/legandgo.com\/wp-content\/uploads\/2026\/01\/Drawing-board-with-paper-roll-scaled.jpg","width":2560,"height":2560},{"@type":"BreadcrumbList","@id":"https:\/\/legandgo.com\/fr\/shop\/categorie-de-jouets\/tableau-mural-a-dessin\/#breadcrumb","itemListElement":[{"@type":"ListItem","position":1,"name":"Home","item":"https:\/\/legandgo.com\/fr\/"},{"@type":"ListItem","position":2,"name":"Shop","item":"https:\/\/legandgo.com\/fr\/shop\/"},{"@type":"ListItem","position":3,"name":"Tableau mural \u00e0 dessin"}]},{"@type":"WebSite","@id":"https:\/\/legandgo.com\/fr\/#website","url":"https:\/\/legandgo.com\/fr\/","name":"leg&amp;go","description":"","publisher":{"@id":"https:\/\/legandgo.com\/fr\/#organization"},"potentialAction":[{"@type":"SearchAction","target":{"@type":"EntryPoint","urlTemplate":"https:\/\/legandgo.com\/fr\/?s={search_term_string}"},"query-input":{"@type":"PropertyValueSpecification","valueRequired":true,"valueName":"search_term_string"}}],"inLanguage":"fr-FR"},{"@type":"Organization","@id":"https:\/\/legandgo.com\/fr\/#organization","name":"leg&go bike","url":"https:\/\/legandgo.com\/fr\/","logo":{"@type":"ImageObject","inLanguage":"fr-FR","@id":"https:\/\/legandgo.com\/fr\/#\/schema\/logo\/image\/","url":"https:\/\/legandgo.com\/wp-content\/uploads\/2021\/03\/logorf.png","contentUrl":"https:\/\/legandgo.com\/wp-content\/uploads\/2021\/03\/logorf.png","width":675,"height":216,"caption":"leg&go bike"},"image":{"@id":"https:\/\/legandgo.com\/fr\/#\/schema\/logo\/image\/"},"sameAs":["https:\/\/www.facebook.com\/legandgo","https:\/\/www.instagram.com\/legandgo\/","https:\/\/www.linkedin.com\/company\/legandgo\/","https:\/\/www.pinterest.com\/legandgo\/","https:\/\/www.youtube.com\/channel\/UC_FBzWPmKWE0g7fcR4Xdfuw\/"]}]}},"_links":{"self":[{"href":"https:\/\/legandgo.com\/fr\/wp-json\/wp\/v2\/product\/48399","targetHints":{"allow":["GET"]}}],"collection":[{"href":"https:\/\/legandgo.com\/fr\/wp-json\/wp\/v2\/product"}],"about":[{"href":"https:\/\/legandgo.com\/fr\/wp-json\/wp\/v2\/types\/product"}],"replies":[{"embeddable":true,"href":"https:\/\/legandgo.com\/fr\/wp-json\/wp\/v2\/comments?post=48399"}],"version-history":[{"count":5,"href":"https:\/\/legandgo.com\/fr\/wp-json\/wp\/v2\/product\/48399\/revisions"}],"predecessor-version":[{"id":50984,"href":"https:\/\/legandgo.com\/fr\/wp-json\/wp\/v2\/product\/48399\/revisions\/50984"}],"wp:featuredmedia":[{"embeddable":true,"href":"https:\/\/legandgo.com\/fr\/wp-json\/wp\/v2\/media\/48552"}],"wp:attachment":[{"href":"https:\/\/legandgo.com\/fr\/wp-json\/wp\/v2\/media?parent=48399"}],"wp:term":[{"taxonomy":"product_brand","embeddable":true,"href":"https:\/\/legandgo.com\/fr\/wp-json\/wp\/v2\/product_brand?post=48399"},{"taxonomy":"product_cat","embeddable":true,"href":"https:\/\/legandgo.com\/fr\/wp-json\/wp\/v2\/product_cat?post=48399"},{"taxonomy":"product_tag","embeddable":true,"href":"https:\/\/legandgo.com\/fr\/wp-json\/wp\/v2\/product_tag?post=48399"}],"curies":[{"name":"wp","href":"https:\/\/api.w.org\/{rel}","templated":true}]}}