{"id":48416,"date":"2026-01-21T09:03:46","date_gmt":"2026-01-21T07:03:46","guid":{"rendered":"https:\/\/legandgo.com\/?post_type=product&#038;p=48416"},"modified":"2026-02-24T13:59:01","modified_gmt":"2026-02-24T11:59:01","slug":"tableau-mural-a-dessin-kit","status":"publish","type":"product","link":"https:\/\/legandgo.com\/fr\/shop\/toys-fr\/tableau-mural-a-dessin-kit\/","title":{"rendered":"Tableau mural \u00e0 dessin &#8211; Kit"},"content":{"rendered":"<p style=\"font-weight: 400;\">Con\u00e7u en pensant aux enfants, notre tableau de dessin en bois est l\u2019outil id\u00e9al pour des heures de jeu cr\u00e9atif sans \u00e9cran.<\/p>\n<p style=\"font-weight: 400;\">Fix\u00e9 au mur, il est dot\u00e9 d\u2019un plateau de rangement int\u00e9gr\u00e9 permettant de garder crayons et feutres bien organis\u00e9s.<\/p>\n<p style=\"font-weight: 400;\">La fente d\u2019alimentation fluide permet de faire glisser facilement les dessins termin\u00e9s vers le bas et de les d\u00e9tacher proprement.<\/p>\n","protected":false},"excerpt":{"rendered":"<p>Con\u00e7u en pensant aux enfants, notre tableau de dessin en bois est l\u2019outil id\u00e9al pour des heures de jeu cr\u00e9atif sans \u00e9cran. Fix\u00e9 au mur, il est dot\u00e9 d\u2019un plateau de rangement int\u00e9gr\u00e9 permettant de garder crayons et feutres bien organis\u00e9s. La fente d\u2019alimentation fluide permet de faire glisser facilement les dessins termin\u00e9s vers le<a class=\"excerpt-read-more\" href=\"https:\/\/legandgo.com\/fr\/shop\/toys-fr\/tableau-mural-a-dessin-kit\/\" title=\"ReadTableau mural \u00e0 dessin &#8211; Kit\">&#8230; Read more &raquo;<\/a><\/p>\n","protected":false},"featured_media":48418,"comment_status":"closed","ping_status":"closed","template":"","meta":{"_acf_changed":false,"inline_featured_image":false,"footnotes":""},"product_brand":[],"product_cat":[1318,55],"product_tag":[1726,1718,1722,1714,1710],"class_list":{"0":"post-48416","1":"product","2":"type-product","3":"status-publish","4":"has-post-thumbnail","6":"product_cat-categorie-de-jouets","7":"product_cat-toys-fr","8":"product_tag-leg-go-2","9":"product_tag-leg-and-go","10":"product_tag-leg-go","11":"product_tag-leggo","12":"product_tag-legandgo","13":"product_shipping_class-drawing-board-shipping","15":"first","16":"instock","17":"taxable","18":"shipping-taxable","19":"purchasable","20":"product-type-woosb"},"bundled_by":[],"bundle_stock_status":"instock","bundle_stock_quantity":null,"bundle_virtual":false,"bundle_layout":"","bundle_add_to_cart_form_location":"","bundle_editable_in_cart":false,"bundle_sold_individually_context":"","bundle_item_grouping":"","bundle_min_size":"","bundle_max_size":"","bundle_price":[],"bundled_items":[],"bundle_sell_ids":[],"acf":[],"yoast_head":"<!-- This site is optimized with the Yoast SEO plugin v25.9 - https:\/\/yoast.com\/wordpress\/plugins\/seo\/ -->\n<title>Tableau mural \u00e0 dessin - Kit &#183; leg&amp;go<\/title>\n<meta name=\"description\" content=\"Tableau mural \u00e0 dessin en bois pour enfants. Cr\u00e9ez un espace artistique d\u00e9di\u00e9 au dessin et \u00e0 la cr\u00e9ativit\u00e9 gr\u00e2ce \u00e0 un design durable et adapt\u00e9 aux enfants.\" \/>\n<meta name=\"robots\" content=\"index, follow, max-snippet:-1, max-image-preview:large, max-video-preview:-1\" \/>\n<link rel=\"canonical\" href=\"https:\/\/legandgo.com\/fr\/shop\/toys-fr\/tableau-mural-a-dessin-kit\/\" \/>\n<meta property=\"og:locale\" content=\"fr_FR\" \/>\n<meta property=\"og:type\" content=\"article\" \/>\n<meta property=\"og:title\" content=\"Tableau mural \u00e0 dessin - Kit &#183; leg&amp;go\" \/>\n<meta property=\"og:description\" content=\"Tableau mural \u00e0 dessin en bois pour enfants. Cr\u00e9ez un espace artistique d\u00e9di\u00e9 au dessin et \u00e0 la cr\u00e9ativit\u00e9 gr\u00e2ce \u00e0 un design durable et adapt\u00e9 aux enfants.\" \/>\n<meta property=\"og:url\" content=\"https:\/\/legandgo.com\/fr\/shop\/toys-fr\/tableau-mural-a-dessin-kit\/\" \/>\n<meta property=\"og:site_name\" content=\"leg&amp;go\" \/>\n<meta property=\"article:publisher\" content=\"https:\/\/www.facebook.com\/legandgo\" \/>\n<meta property=\"article:modified_time\" content=\"2026-02-24T11:59:01+00:00\" \/>\n<meta property=\"og:image\" content=\"https:\/\/legandgo.com\/wp-content\/uploads\/2026\/01\/wall-mounted-drawing-board-white-background-1-scaled.jpg\" \/>\n\t<meta property=\"og:image:width\" content=\"2560\" \/>\n\t<meta property=\"og:image:height\" content=\"2560\" \/>\n\t<meta property=\"og:image:type\" content=\"image\/jpeg\" \/>\n<meta name=\"twitter:card\" content=\"summary_large_image\" \/>\n<script type=\"application\/ld+json\" class=\"yoast-schema-graph\">{\"@context\":\"https:\/\/schema.org\",\"@graph\":[{\"@type\":\"WebPage\",\"@id\":\"https:\/\/legandgo.com\/fr\/shop\/toys-fr\/tableau-mural-a-dessin-kit\/\",\"url\":\"https:\/\/legandgo.com\/fr\/shop\/toys-fr\/tableau-mural-a-dessin-kit\/\",\"name\":\"Tableau mural \u00e0 dessin - Kit &#183; leg&amp;go\",\"isPartOf\":{\"@id\":\"https:\/\/legandgo.com\/fr\/#website\"},\"primaryImageOfPage\":{\"@id\":\"https:\/\/legandgo.com\/fr\/shop\/toys-fr\/tableau-mural-a-dessin-kit\/#primaryimage\"},\"image\":{\"@id\":\"https:\/\/legandgo.com\/fr\/shop\/toys-fr\/tableau-mural-a-dessin-kit\/#primaryimage\"},\"thumbnailUrl\":\"https:\/\/legandgo.com\/wp-content\/uploads\/2026\/01\/wall-mounted-drawing-board-white-background-1-scaled.jpg\",\"datePublished\":\"2026-01-21T07:03:46+00:00\",\"dateModified\":\"2026-02-24T11:59:01+00:00\",\"description\":\"Tableau mural \u00e0 dessin en bois pour enfants. Cr\u00e9ez un espace artistique d\u00e9di\u00e9 au dessin et \u00e0 la cr\u00e9ativit\u00e9 gr\u00e2ce \u00e0 un design durable et adapt\u00e9 aux enfants.\",\"breadcrumb\":{\"@id\":\"https:\/\/legandgo.com\/fr\/shop\/toys-fr\/tableau-mural-a-dessin-kit\/#breadcrumb\"},\"inLanguage\":\"fr-FR\",\"potentialAction\":[{\"@type\":\"ReadAction\",\"target\":[\"https:\/\/legandgo.com\/fr\/shop\/toys-fr\/tableau-mural-a-dessin-kit\/\"]}]},{\"@type\":\"ImageObject\",\"inLanguage\":\"fr-FR\",\"@id\":\"https:\/\/legandgo.com\/fr\/shop\/toys-fr\/tableau-mural-a-dessin-kit\/#primaryimage\",\"url\":\"https:\/\/legandgo.com\/wp-content\/uploads\/2026\/01\/wall-mounted-drawing-board-white-background-1-scaled.jpg\",\"contentUrl\":\"https:\/\/legandgo.com\/wp-content\/uploads\/2026\/01\/wall-mounted-drawing-board-white-background-1-scaled.jpg\",\"width\":2560,\"height\":2560},{\"@type\":\"BreadcrumbList\",\"@id\":\"https:\/\/legandgo.com\/fr\/shop\/toys-fr\/tableau-mural-a-dessin-kit\/#breadcrumb\",\"itemListElement\":[{\"@type\":\"ListItem\",\"position\":1,\"name\":\"Home\",\"item\":\"https:\/\/legandgo.com\/fr\/\"},{\"@type\":\"ListItem\",\"position\":2,\"name\":\"Shop\",\"item\":\"https:\/\/legandgo.com\/fr\/shop\/\"},{\"@type\":\"ListItem\",\"position\":3,\"name\":\"Tableau mural \u00e0 dessin &#8211; Kit\"}]},{\"@type\":\"WebSite\",\"@id\":\"https:\/\/legandgo.com\/fr\/#website\",\"url\":\"https:\/\/legandgo.com\/fr\/\",\"name\":\"leg&amp;go\",\"description\":\"\",\"publisher\":{\"@id\":\"https:\/\/legandgo.com\/fr\/#organization\"},\"potentialAction\":[{\"@type\":\"SearchAction\",\"target\":{\"@type\":\"EntryPoint\",\"urlTemplate\":\"https:\/\/legandgo.com\/fr\/?s={search_term_string}\"},\"query-input\":{\"@type\":\"PropertyValueSpecification\",\"valueRequired\":true,\"valueName\":\"search_term_string\"}}],\"inLanguage\":\"fr-FR\"},{\"@type\":\"Organization\",\"@id\":\"https:\/\/legandgo.com\/fr\/#organization\",\"name\":\"leg&go bike\",\"url\":\"https:\/\/legandgo.com\/fr\/\",\"logo\":{\"@type\":\"ImageObject\",\"inLanguage\":\"fr-FR\",\"@id\":\"https:\/\/legandgo.com\/fr\/#\/schema\/logo\/image\/\",\"url\":\"https:\/\/legandgo.com\/wp-content\/uploads\/2021\/03\/logorf.png\",\"contentUrl\":\"https:\/\/legandgo.com\/wp-content\/uploads\/2021\/03\/logorf.png\",\"width\":675,\"height\":216,\"caption\":\"leg&go bike\"},\"image\":{\"@id\":\"https:\/\/legandgo.com\/fr\/#\/schema\/logo\/image\/\"},\"sameAs\":[\"https:\/\/www.facebook.com\/legandgo\",\"https:\/\/www.instagram.com\/legandgo\/\",\"https:\/\/www.linkedin.com\/company\/legandgo\/\",\"https:\/\/www.pinterest.com\/legandgo\/\",\"https:\/\/www.youtube.com\/channel\/UC_FBzWPmKWE0g7fcR4Xdfuw\/\"]}]}<\/script>\n<!-- \/ Yoast SEO plugin. -->","yoast_head_json":{"title":"Tableau mural \u00e0 dessin - Kit &#183; leg&amp;go","description":"Tableau mural \u00e0 dessin en bois pour enfants. Cr\u00e9ez un espace artistique d\u00e9di\u00e9 au dessin et \u00e0 la cr\u00e9ativit\u00e9 gr\u00e2ce \u00e0 un design durable et adapt\u00e9 aux enfants.","robots":{"index":"index","follow":"follow","max-snippet":"max-snippet:-1","max-image-preview":"max-image-preview:large","max-video-preview":"max-video-preview:-1"},"canonical":"https:\/\/legandgo.com\/fr\/shop\/toys-fr\/tableau-mural-a-dessin-kit\/","og_locale":"fr_FR","og_type":"article","og_title":"Tableau mural \u00e0 dessin - Kit &#183; leg&amp;go","og_description":"Tableau mural \u00e0 dessin en bois pour enfants. Cr\u00e9ez un espace artistique d\u00e9di\u00e9 au dessin et \u00e0 la cr\u00e9ativit\u00e9 gr\u00e2ce \u00e0 un design durable et adapt\u00e9 aux enfants.","og_url":"https:\/\/legandgo.com\/fr\/shop\/toys-fr\/tableau-mural-a-dessin-kit\/","og_site_name":"leg&amp;go","article_publisher":"https:\/\/www.facebook.com\/legandgo","article_modified_time":"2026-02-24T11:59:01+00:00","og_image":[{"width":2560,"height":2560,"url":"https:\/\/legandgo.com\/wp-content\/uploads\/2026\/01\/wall-mounted-drawing-board-white-background-1-scaled.jpg","type":"image\/jpeg"}],"twitter_card":"summary_large_image","schema":{"@context":"https:\/\/schema.org","@graph":[{"@type":"WebPage","@id":"https:\/\/legandgo.com\/fr\/shop\/toys-fr\/tableau-mural-a-dessin-kit\/","url":"https:\/\/legandgo.com\/fr\/shop\/toys-fr\/tableau-mural-a-dessin-kit\/","name":"Tableau mural \u00e0 dessin - Kit &#183; leg&amp;go","isPartOf":{"@id":"https:\/\/legandgo.com\/fr\/#website"},"primaryImageOfPage":{"@id":"https:\/\/legandgo.com\/fr\/shop\/toys-fr\/tableau-mural-a-dessin-kit\/#primaryimage"},"image":{"@id":"https:\/\/legandgo.com\/fr\/shop\/toys-fr\/tableau-mural-a-dessin-kit\/#primaryimage"},"thumbnailUrl":"https:\/\/legandgo.com\/wp-content\/uploads\/2026\/01\/wall-mounted-drawing-board-white-background-1-scaled.jpg","datePublished":"2026-01-21T07:03:46+00:00","dateModified":"2026-02-24T11:59:01+00:00","description":"Tableau mural \u00e0 dessin en bois pour enfants. Cr\u00e9ez un espace artistique d\u00e9di\u00e9 au dessin et \u00e0 la cr\u00e9ativit\u00e9 gr\u00e2ce \u00e0 un design durable et adapt\u00e9 aux enfants.","breadcrumb":{"@id":"https:\/\/legandgo.com\/fr\/shop\/toys-fr\/tableau-mural-a-dessin-kit\/#breadcrumb"},"inLanguage":"fr-FR","potentialAction":[{"@type":"ReadAction","target":["https:\/\/legandgo.com\/fr\/shop\/toys-fr\/tableau-mural-a-dessin-kit\/"]}]},{"@type":"ImageObject","inLanguage":"fr-FR","@id":"https:\/\/legandgo.com\/fr\/shop\/toys-fr\/tableau-mural-a-dessin-kit\/#primaryimage","url":"https:\/\/legandgo.com\/wp-content\/uploads\/2026\/01\/wall-mounted-drawing-board-white-background-1-scaled.jpg","contentUrl":"https:\/\/legandgo.com\/wp-content\/uploads\/2026\/01\/wall-mounted-drawing-board-white-background-1-scaled.jpg","width":2560,"height":2560},{"@type":"BreadcrumbList","@id":"https:\/\/legandgo.com\/fr\/shop\/toys-fr\/tableau-mural-a-dessin-kit\/#breadcrumb","itemListElement":[{"@type":"ListItem","position":1,"name":"Home","item":"https:\/\/legandgo.com\/fr\/"},{"@type":"ListItem","position":2,"name":"Shop","item":"https:\/\/legandgo.com\/fr\/shop\/"},{"@type":"ListItem","position":3,"name":"Tableau mural \u00e0 dessin &#8211; Kit"}]},{"@type":"WebSite","@id":"https:\/\/legandgo.com\/fr\/#website","url":"https:\/\/legandgo.com\/fr\/","name":"leg&amp;go","description":"","publisher":{"@id":"https:\/\/legandgo.com\/fr\/#organization"},"potentialAction":[{"@type":"SearchAction","target":{"@type":"EntryPoint","urlTemplate":"https:\/\/legandgo.com\/fr\/?s={search_term_string}"},"query-input":{"@type":"PropertyValueSpecification","valueRequired":true,"valueName":"search_term_string"}}],"inLanguage":"fr-FR"},{"@type":"Organization","@id":"https:\/\/legandgo.com\/fr\/#organization","name":"leg&go bike","url":"https:\/\/legandgo.com\/fr\/","logo":{"@type":"ImageObject","inLanguage":"fr-FR","@id":"https:\/\/legandgo.com\/fr\/#\/schema\/logo\/image\/","url":"https:\/\/legandgo.com\/wp-content\/uploads\/2021\/03\/logorf.png","contentUrl":"https:\/\/legandgo.com\/wp-content\/uploads\/2021\/03\/logorf.png","width":675,"height":216,"caption":"leg&go bike"},"image":{"@id":"https:\/\/legandgo.com\/fr\/#\/schema\/logo\/image\/"},"sameAs":["https:\/\/www.facebook.com\/legandgo","https:\/\/www.instagram.com\/legandgo\/","https:\/\/www.linkedin.com\/company\/legandgo\/","https:\/\/www.pinterest.com\/legandgo\/","https:\/\/www.youtube.com\/channel\/UC_FBzWPmKWE0g7fcR4Xdfuw\/"]}]}},"_links":{"self":[{"href":"https:\/\/legandgo.com\/fr\/wp-json\/wp\/v2\/product\/48416","targetHints":{"allow":["GET"]}}],"collection":[{"href":"https:\/\/legandgo.com\/fr\/wp-json\/wp\/v2\/product"}],"about":[{"href":"https:\/\/legandgo.com\/fr\/wp-json\/wp\/v2\/types\/product"}],"replies":[{"embeddable":true,"href":"https:\/\/legandgo.com\/fr\/wp-json\/wp\/v2\/comments?post=48416"}],"version-history":[{"count":8,"href":"https:\/\/legandgo.com\/fr\/wp-json\/wp\/v2\/product\/48416\/revisions"}],"predecessor-version":[{"id":53257,"href":"https:\/\/legandgo.com\/fr\/wp-json\/wp\/v2\/product\/48416\/revisions\/53257"}],"wp:featuredmedia":[{"embeddable":true,"href":"https:\/\/legandgo.com\/fr\/wp-json\/wp\/v2\/media\/48418"}],"wp:attachment":[{"href":"https:\/\/legandgo.com\/fr\/wp-json\/wp\/v2\/media?parent=48416"}],"wp:term":[{"taxonomy":"product_brand","embeddable":true,"href":"https:\/\/legandgo.com\/fr\/wp-json\/wp\/v2\/product_brand?post=48416"},{"taxonomy":"product_cat","embeddable":true,"href":"https:\/\/legandgo.com\/fr\/wp-json\/wp\/v2\/product_cat?post=48416"},{"taxonomy":"product_tag","embeddable":true,"href":"https:\/\/legandgo.com\/fr\/wp-json\/wp\/v2\/product_tag?post=48416"}],"curies":[{"name":"wp","href":"https:\/\/api.w.org\/{rel}","templated":true}]}}