{"id":49110,"date":"2026-01-27T16:12:09","date_gmt":"2026-01-27T14:12:09","guid":{"rendered":"https:\/\/legandgo.com\/shop\/non%20class\u00e9\/tour-de-cuisine-transformable-securestep-pack-combine\/"},"modified":"2026-03-05T17:53:25","modified_gmt":"2026-03-05T15:53:25","slug":"tour-de-cuisine-transformable-securestep-pack-combine","status":"publish","type":"product","link":"https:\/\/legandgo.com\/fr\/shop\/tour-dapprentissage-pliable\/tour-de-cuisine-transformable-securestep-pack-combine\/","title":{"rendered":"Tour de Cuisine Transformable Securestep &amp; Chaise Haute &#8211; Pack Combin\u00e9"},"content":{"rendered":"<p>La tour de cuisine transformable Securestep est une tour d&#8217;apprentissage multifonctionnelle con\u00e7ue comme une solution tout-en-un pour une utilisation quotidienne. Des activit\u00e9s debout aux jeux de table, en passant par l&#8217;alimentation et les moments cr\u00e9atifs avec les accessoires optionnels, elle s&#8217;adapte facilement \u00e0 la croissance de votre enfant, rempla\u00e7ant ainsi plusieurs meubles distincts.<\/p>\n<p><strong>D\u00e9couvrez plus de fonctionnalit\u00e9s ci-dessous<\/strong><\/p>\n","protected":false},"excerpt":{"rendered":"<p>La tour de cuisine transformable Securestep est une tour d&#8217;apprentissage multifonctionnelle con\u00e7ue comme une solution tout-en-un pour une utilisation quotidienne. Des activit\u00e9s debout aux jeux de table, en passant par l&#8217;alimentation et les moments cr\u00e9atifs avec les accessoires optionnels, elle s&#8217;adapte facilement \u00e0 la croissance de votre enfant, rempla\u00e7ant ainsi plusieurs meubles distincts. D\u00e9couvrez plus<a class=\"excerpt-read-more\" href=\"https:\/\/legandgo.com\/fr\/shop\/tour-dapprentissage-pliable\/tour-de-cuisine-transformable-securestep-pack-combine\/\" title=\"ReadTour de Cuisine Transformable Securestep &amp; Chaise Haute &#8211; Pack Combin\u00e9\">&#8230; Read more &raquo;<\/a><\/p>\n","protected":false},"featured_media":51115,"comment_status":"closed","ping_status":"closed","template":"","meta":{"_acf_changed":false,"inline_featured_image":false,"footnotes":""},"product_brand":[],"product_cat":[1314,247],"product_tag":[1362,1360,1361,1352,1365,1726,1718,1722,1714,1710,1738,1739],"class_list":{"0":"post-49110","1":"product","2":"type-product","3":"status-publish","4":"has-post-thumbnail","6":"product_cat-meubles","7":"product_cat-tour-dapprentissage-pliable","8":"product_tag-collapsible-learning-tower","9":"product_tag-foldable-learning-tower","10":"product_tag-folding-learning-tower","11":"product_tag-learning-tower","12":"product_tag-learning-tower-foldable","13":"product_tag-leg-go-2","14":"product_tag-leg-and-go","15":"product_tag-leg-go","16":"product_tag-leggo","17":"product_tag-legandgo","18":"product_tag-tour-daide","19":"product_tag-tour-pliable-pour-enfant","20":"product_shipping_class-learning-tower-shipping-fr","22":"first","23":"instock","24":"purchasable","25":"product-type-woosb"},"bundled_by":[],"bundle_stock_status":"instock","bundle_stock_quantity":null,"bundle_virtual":false,"bundle_layout":"","bundle_add_to_cart_form_location":"","bundle_editable_in_cart":false,"bundle_sold_individually_context":"","bundle_item_grouping":"","bundle_min_size":"","bundle_max_size":"","bundle_price":[],"bundled_items":[],"bundle_sell_ids":[],"acf":[],"yoast_head":"<!-- This site is optimized with the Yoast SEO plugin v25.9 - https:\/\/yoast.com\/wordpress\/plugins\/seo\/ -->\n<title>Tour de Cuisine Transformable &amp; Chaise Haute - Pack Combin\u00e9<\/title>\n<meta name=\"description\" content=\"Tour d\u2019apprentissage transformable qui se transforme en table et chaise haute pour tout-petits. Design s\u00fbr et robuste, avec chaise d\u2019alimentation et plateau en option.\" \/>\n<meta name=\"robots\" content=\"index, follow, max-snippet:-1, max-image-preview:large, max-video-preview:-1\" \/>\n<link rel=\"canonical\" href=\"https:\/\/legandgo.com\/fr\/shop\/tour-dapprentissage-pliable\/tour-de-cuisine-transformable-securestep-pack-combine\/\" \/>\n<meta property=\"og:locale\" content=\"fr_FR\" \/>\n<meta property=\"og:type\" content=\"article\" \/>\n<meta property=\"og:title\" content=\"Tour de Cuisine Transformable &amp; Chaise Haute - Pack Combin\u00e9\" \/>\n<meta property=\"og:description\" content=\"Tour d\u2019apprentissage transformable qui se transforme en table et chaise haute pour tout-petits. Design s\u00fbr et robuste, avec chaise d\u2019alimentation et plateau en option.\" \/>\n<meta property=\"og:url\" content=\"https:\/\/legandgo.com\/fr\/shop\/tour-dapprentissage-pliable\/tour-de-cuisine-transformable-securestep-pack-combine\/\" \/>\n<meta property=\"og:site_name\" content=\"leg&amp;go\" \/>\n<meta property=\"article:publisher\" content=\"https:\/\/www.facebook.com\/legandgo\" \/>\n<meta property=\"article:modified_time\" content=\"2026-03-05T15:53:25+00:00\" \/>\n<meta property=\"og:image\" content=\"https:\/\/legandgo.com\/wp-content\/uploads\/2026\/02\/TKT-02-combo.jpg\" \/>\n\t<meta property=\"og:image:width\" content=\"2048\" \/>\n\t<meta property=\"og:image:height\" content=\"2048\" \/>\n\t<meta property=\"og:image:type\" content=\"image\/jpeg\" \/>\n<meta name=\"twitter:card\" content=\"summary_large_image\" \/>\n<script type=\"application\/ld+json\" class=\"yoast-schema-graph\">{\"@context\":\"https:\/\/schema.org\",\"@graph\":[{\"@type\":\"WebPage\",\"@id\":\"https:\/\/legandgo.com\/fr\/shop\/tour-dapprentissage-pliable\/tour-de-cuisine-transformable-securestep-pack-combine\/\",\"url\":\"https:\/\/legandgo.com\/fr\/shop\/tour-dapprentissage-pliable\/tour-de-cuisine-transformable-securestep-pack-combine\/\",\"name\":\"Tour de Cuisine Transformable & Chaise Haute - Pack Combin\u00e9\",\"isPartOf\":{\"@id\":\"https:\/\/legandgo.com\/fr\/#website\"},\"primaryImageOfPage\":{\"@id\":\"https:\/\/legandgo.com\/fr\/shop\/tour-dapprentissage-pliable\/tour-de-cuisine-transformable-securestep-pack-combine\/#primaryimage\"},\"image\":{\"@id\":\"https:\/\/legandgo.com\/fr\/shop\/tour-dapprentissage-pliable\/tour-de-cuisine-transformable-securestep-pack-combine\/#primaryimage\"},\"thumbnailUrl\":\"https:\/\/legandgo.com\/wp-content\/uploads\/2026\/02\/TKT-02-combo.jpg\",\"datePublished\":\"2026-01-27T14:12:09+00:00\",\"dateModified\":\"2026-03-05T15:53:25+00:00\",\"description\":\"Tour d\u2019apprentissage transformable qui se transforme en table et chaise haute pour tout-petits. Design s\u00fbr et robuste, avec chaise d\u2019alimentation et plateau en option.\",\"breadcrumb\":{\"@id\":\"https:\/\/legandgo.com\/fr\/shop\/tour-dapprentissage-pliable\/tour-de-cuisine-transformable-securestep-pack-combine\/#breadcrumb\"},\"inLanguage\":\"fr-FR\",\"potentialAction\":[{\"@type\":\"ReadAction\",\"target\":[\"https:\/\/legandgo.com\/fr\/shop\/tour-dapprentissage-pliable\/tour-de-cuisine-transformable-securestep-pack-combine\/\"]}]},{\"@type\":\"ImageObject\",\"inLanguage\":\"fr-FR\",\"@id\":\"https:\/\/legandgo.com\/fr\/shop\/tour-dapprentissage-pliable\/tour-de-cuisine-transformable-securestep-pack-combine\/#primaryimage\",\"url\":\"https:\/\/legandgo.com\/wp-content\/uploads\/2026\/02\/TKT-02-combo.jpg\",\"contentUrl\":\"https:\/\/legandgo.com\/wp-content\/uploads\/2026\/02\/TKT-02-combo.jpg\",\"width\":2048,\"height\":2048},{\"@type\":\"BreadcrumbList\",\"@id\":\"https:\/\/legandgo.com\/fr\/shop\/tour-dapprentissage-pliable\/tour-de-cuisine-transformable-securestep-pack-combine\/#breadcrumb\",\"itemListElement\":[{\"@type\":\"ListItem\",\"position\":1,\"name\":\"Home\",\"item\":\"https:\/\/legandgo.com\/fr\/\"},{\"@type\":\"ListItem\",\"position\":2,\"name\":\"Shop\",\"item\":\"https:\/\/legandgo.com\/fr\/shop\/\"},{\"@type\":\"ListItem\",\"position\":3,\"name\":\"Tour de Cuisine Transformable Securestep &amp; Chaise Haute &#8211; Pack Combin\u00e9\"}]},{\"@type\":\"WebSite\",\"@id\":\"https:\/\/legandgo.com\/fr\/#website\",\"url\":\"https:\/\/legandgo.com\/fr\/\",\"name\":\"leg&amp;go\",\"description\":\"\",\"publisher\":{\"@id\":\"https:\/\/legandgo.com\/fr\/#organization\"},\"potentialAction\":[{\"@type\":\"SearchAction\",\"target\":{\"@type\":\"EntryPoint\",\"urlTemplate\":\"https:\/\/legandgo.com\/fr\/?s={search_term_string}\"},\"query-input\":{\"@type\":\"PropertyValueSpecification\",\"valueRequired\":true,\"valueName\":\"search_term_string\"}}],\"inLanguage\":\"fr-FR\"},{\"@type\":\"Organization\",\"@id\":\"https:\/\/legandgo.com\/fr\/#organization\",\"name\":\"leg&go bike\",\"url\":\"https:\/\/legandgo.com\/fr\/\",\"logo\":{\"@type\":\"ImageObject\",\"inLanguage\":\"fr-FR\",\"@id\":\"https:\/\/legandgo.com\/fr\/#\/schema\/logo\/image\/\",\"url\":\"https:\/\/legandgo.com\/wp-content\/uploads\/2021\/03\/logorf.png\",\"contentUrl\":\"https:\/\/legandgo.com\/wp-content\/uploads\/2021\/03\/logorf.png\",\"width\":675,\"height\":216,\"caption\":\"leg&go bike\"},\"image\":{\"@id\":\"https:\/\/legandgo.com\/fr\/#\/schema\/logo\/image\/\"},\"sameAs\":[\"https:\/\/www.facebook.com\/legandgo\",\"https:\/\/www.instagram.com\/legandgo\/\",\"https:\/\/www.linkedin.com\/company\/legandgo\/\",\"https:\/\/www.pinterest.com\/legandgo\/\",\"https:\/\/www.youtube.com\/channel\/UC_FBzWPmKWE0g7fcR4Xdfuw\/\"]}]}<\/script>\n<!-- \/ Yoast SEO plugin. -->","yoast_head_json":{"title":"Tour de Cuisine Transformable & Chaise Haute - Pack Combin\u00e9","description":"Tour d\u2019apprentissage transformable qui se transforme en table et chaise haute pour tout-petits. Design s\u00fbr et robuste, avec chaise d\u2019alimentation et plateau en option.","robots":{"index":"index","follow":"follow","max-snippet":"max-snippet:-1","max-image-preview":"max-image-preview:large","max-video-preview":"max-video-preview:-1"},"canonical":"https:\/\/legandgo.com\/fr\/shop\/tour-dapprentissage-pliable\/tour-de-cuisine-transformable-securestep-pack-combine\/","og_locale":"fr_FR","og_type":"article","og_title":"Tour de Cuisine Transformable & Chaise Haute - Pack Combin\u00e9","og_description":"Tour d\u2019apprentissage transformable qui se transforme en table et chaise haute pour tout-petits. Design s\u00fbr et robuste, avec chaise d\u2019alimentation et plateau en option.","og_url":"https:\/\/legandgo.com\/fr\/shop\/tour-dapprentissage-pliable\/tour-de-cuisine-transformable-securestep-pack-combine\/","og_site_name":"leg&amp;go","article_publisher":"https:\/\/www.facebook.com\/legandgo","article_modified_time":"2026-03-05T15:53:25+00:00","og_image":[{"width":2048,"height":2048,"url":"https:\/\/legandgo.com\/wp-content\/uploads\/2026\/02\/TKT-02-combo.jpg","type":"image\/jpeg"}],"twitter_card":"summary_large_image","schema":{"@context":"https:\/\/schema.org","@graph":[{"@type":"WebPage","@id":"https:\/\/legandgo.com\/fr\/shop\/tour-dapprentissage-pliable\/tour-de-cuisine-transformable-securestep-pack-combine\/","url":"https:\/\/legandgo.com\/fr\/shop\/tour-dapprentissage-pliable\/tour-de-cuisine-transformable-securestep-pack-combine\/","name":"Tour de Cuisine Transformable & Chaise Haute - Pack Combin\u00e9","isPartOf":{"@id":"https:\/\/legandgo.com\/fr\/#website"},"primaryImageOfPage":{"@id":"https:\/\/legandgo.com\/fr\/shop\/tour-dapprentissage-pliable\/tour-de-cuisine-transformable-securestep-pack-combine\/#primaryimage"},"image":{"@id":"https:\/\/legandgo.com\/fr\/shop\/tour-dapprentissage-pliable\/tour-de-cuisine-transformable-securestep-pack-combine\/#primaryimage"},"thumbnailUrl":"https:\/\/legandgo.com\/wp-content\/uploads\/2026\/02\/TKT-02-combo.jpg","datePublished":"2026-01-27T14:12:09+00:00","dateModified":"2026-03-05T15:53:25+00:00","description":"Tour d\u2019apprentissage transformable qui se transforme en table et chaise haute pour tout-petits. Design s\u00fbr et robuste, avec chaise d\u2019alimentation et plateau en option.","breadcrumb":{"@id":"https:\/\/legandgo.com\/fr\/shop\/tour-dapprentissage-pliable\/tour-de-cuisine-transformable-securestep-pack-combine\/#breadcrumb"},"inLanguage":"fr-FR","potentialAction":[{"@type":"ReadAction","target":["https:\/\/legandgo.com\/fr\/shop\/tour-dapprentissage-pliable\/tour-de-cuisine-transformable-securestep-pack-combine\/"]}]},{"@type":"ImageObject","inLanguage":"fr-FR","@id":"https:\/\/legandgo.com\/fr\/shop\/tour-dapprentissage-pliable\/tour-de-cuisine-transformable-securestep-pack-combine\/#primaryimage","url":"https:\/\/legandgo.com\/wp-content\/uploads\/2026\/02\/TKT-02-combo.jpg","contentUrl":"https:\/\/legandgo.com\/wp-content\/uploads\/2026\/02\/TKT-02-combo.jpg","width":2048,"height":2048},{"@type":"BreadcrumbList","@id":"https:\/\/legandgo.com\/fr\/shop\/tour-dapprentissage-pliable\/tour-de-cuisine-transformable-securestep-pack-combine\/#breadcrumb","itemListElement":[{"@type":"ListItem","position":1,"name":"Home","item":"https:\/\/legandgo.com\/fr\/"},{"@type":"ListItem","position":2,"name":"Shop","item":"https:\/\/legandgo.com\/fr\/shop\/"},{"@type":"ListItem","position":3,"name":"Tour de Cuisine Transformable Securestep &amp; Chaise Haute &#8211; Pack Combin\u00e9"}]},{"@type":"WebSite","@id":"https:\/\/legandgo.com\/fr\/#website","url":"https:\/\/legandgo.com\/fr\/","name":"leg&amp;go","description":"","publisher":{"@id":"https:\/\/legandgo.com\/fr\/#organization"},"potentialAction":[{"@type":"SearchAction","target":{"@type":"EntryPoint","urlTemplate":"https:\/\/legandgo.com\/fr\/?s={search_term_string}"},"query-input":{"@type":"PropertyValueSpecification","valueRequired":true,"valueName":"search_term_string"}}],"inLanguage":"fr-FR"},{"@type":"Organization","@id":"https:\/\/legandgo.com\/fr\/#organization","name":"leg&go bike","url":"https:\/\/legandgo.com\/fr\/","logo":{"@type":"ImageObject","inLanguage":"fr-FR","@id":"https:\/\/legandgo.com\/fr\/#\/schema\/logo\/image\/","url":"https:\/\/legandgo.com\/wp-content\/uploads\/2021\/03\/logorf.png","contentUrl":"https:\/\/legandgo.com\/wp-content\/uploads\/2021\/03\/logorf.png","width":675,"height":216,"caption":"leg&go bike"},"image":{"@id":"https:\/\/legandgo.com\/fr\/#\/schema\/logo\/image\/"},"sameAs":["https:\/\/www.facebook.com\/legandgo","https:\/\/www.instagram.com\/legandgo\/","https:\/\/www.linkedin.com\/company\/legandgo\/","https:\/\/www.pinterest.com\/legandgo\/","https:\/\/www.youtube.com\/channel\/UC_FBzWPmKWE0g7fcR4Xdfuw\/"]}]}},"_links":{"self":[{"href":"https:\/\/legandgo.com\/fr\/wp-json\/wp\/v2\/product\/49110","targetHints":{"allow":["GET"]}}],"collection":[{"href":"https:\/\/legandgo.com\/fr\/wp-json\/wp\/v2\/product"}],"about":[{"href":"https:\/\/legandgo.com\/fr\/wp-json\/wp\/v2\/types\/product"}],"replies":[{"embeddable":true,"href":"https:\/\/legandgo.com\/fr\/wp-json\/wp\/v2\/comments?post=49110"}],"version-history":[{"count":10,"href":"https:\/\/legandgo.com\/fr\/wp-json\/wp\/v2\/product\/49110\/revisions"}],"predecessor-version":[{"id":53610,"href":"https:\/\/legandgo.com\/fr\/wp-json\/wp\/v2\/product\/49110\/revisions\/53610"}],"wp:featuredmedia":[{"embeddable":true,"href":"https:\/\/legandgo.com\/fr\/wp-json\/wp\/v2\/media\/51115"}],"wp:attachment":[{"href":"https:\/\/legandgo.com\/fr\/wp-json\/wp\/v2\/media?parent=49110"}],"wp:term":[{"taxonomy":"product_brand","embeddable":true,"href":"https:\/\/legandgo.com\/fr\/wp-json\/wp\/v2\/product_brand?post=49110"},{"taxonomy":"product_cat","embeddable":true,"href":"https:\/\/legandgo.com\/fr\/wp-json\/wp\/v2\/product_cat?post=49110"},{"taxonomy":"product_tag","embeddable":true,"href":"https:\/\/legandgo.com\/fr\/wp-json\/wp\/v2\/product_tag?post=49110"}],"curies":[{"name":"wp","href":"https:\/\/api.w.org\/{rel}","templated":true}]}}