{"id":50849,"date":"2026-02-09T12:39:13","date_gmt":"2026-02-09T10:39:13","guid":{"rendered":"https:\/\/legandgo.com\/shop\/non%20class\u00e9\/complete-riding-set\/"},"modified":"2026-03-10T11:18:03","modified_gmt":"2026-03-10T09:18:03","slug":"complete-riding-set","status":"publish","type":"product","link":"https:\/\/legandgo.com\/fr\/shop\/draisienne3en1\/complete-riding-set\/","title":{"rendered":"Balance Bike 3in1 Ensemble de conduite complet"},"content":{"rendered":"<p style=\"font-weight: 400;\">Un v\u00e9lo. Chaque \u00e9tape.<\/p>\n<p style=\"font-weight: 400;\"><strong>Important : Les add-ons sont con\u00e7us exclusivement pour \u00eatre utilis\u00e9s avec le Balance Bike 3in1 et n\u00e9cessitent le v\u00e9lo pour fonctionner. Le Balance Bike 3in1 doit \u00eatre achet\u00e9 s\u00e9par\u00e9ment. <\/strong><\/p>\n<p style=\"font-weight: 400;\">Des premiers mouvements \u00e0 une conduite assur\u00e9e, le Balance Bike 3in1 Ensemble de conduite complet accompagne votre enfant pendant des ann\u00e9es, se transformant facilement \u00e0 mesure que ses comp\u00e9tences, sa force et sa curiosit\u00e9 \u00e9voluent.<\/p>\n<p style=\"font-weight: 400;\">Un investissement tourn\u00e9 vers l\u2019avenir, con\u00e7u pour remplacer plusieurs v\u00e9los tout en soutenant le d\u00e9veloppement naturel \u00e0 chaque \u00e9tape.<\/p>\n<p style=\"font-weight: 400;\"><strong>D\u00e9couvrez-en plus ci-dessous.<\/strong><\/p>\n","protected":false},"excerpt":{"rendered":"<p>Un v\u00e9lo. Chaque \u00e9tape. Important : Les add-ons sont con\u00e7us exclusivement pour \u00eatre utilis\u00e9s avec le Balance Bike 3in1 et n\u00e9cessitent le v\u00e9lo pour fonctionner. Le Balance Bike 3in1 doit \u00eatre achet\u00e9 s\u00e9par\u00e9ment. Des premiers mouvements \u00e0 une conduite assur\u00e9e, le Balance Bike 3in1 Ensemble de conduite complet accompagne votre enfant pendant des ann\u00e9es, se<a class=\"excerpt-read-more\" href=\"https:\/\/legandgo.com\/fr\/shop\/draisienne3en1\/complete-riding-set\/\" title=\"ReadBalance Bike 3in1 Ensemble de conduite complet\">&#8230; Read more &raquo;<\/a><\/p>\n","protected":false},"featured_media":11016,"comment_status":"closed","ping_status":"closed","template":"","meta":{"_acf_changed":false,"inline_featured_image":false,"footnotes":""},"product_brand":[],"product_cat":[95],"product_tag":[1726,1718,1722,1714,1710],"class_list":{"0":"post-50849","1":"product","2":"type-product","3":"status-publish","4":"has-post-thumbnail","6":"product_cat-draisienne3en1","7":"product_tag-leg-go-2","8":"product_tag-leg-and-go","9":"product_tag-leg-go","10":"product_tag-leggo","11":"product_tag-legandgo","13":"first","14":"instock","15":"taxable","16":"shipping-taxable","17":"purchasable","18":"product-type-woosb"},"bundled_by":[],"bundle_stock_status":"instock","bundle_stock_quantity":null,"bundle_virtual":false,"bundle_layout":"","bundle_add_to_cart_form_location":"","bundle_editable_in_cart":false,"bundle_sold_individually_context":"","bundle_item_grouping":"","bundle_min_size":"","bundle_max_size":"","bundle_price":[],"bundled_items":[],"bundle_sell_ids":[],"acf":[],"yoast_head":"<!-- This site is optimized with the Yoast SEO plugin v25.9 - https:\/\/yoast.com\/wordpress\/plugins\/seo\/ -->\n<title>Balance Bike 3in1 Ensemble de conduite complet &#183; leg&amp;go<\/title>\n<meta name=\"description\" content=\"leg&amp;go Balance Bike 3in1 Complete Riding Set, transform the bike as your child grows to adapt to their needs.\" \/>\n<meta name=\"robots\" content=\"index, follow, max-snippet:-1, max-image-preview:large, max-video-preview:-1\" \/>\n<link rel=\"canonical\" href=\"https:\/\/legandgo.com\/fr\/shop\/draisienne3en1\/complete-riding-set\/\" \/>\n<meta property=\"og:locale\" content=\"fr_FR\" \/>\n<meta property=\"og:type\" content=\"article\" \/>\n<meta property=\"og:title\" content=\"Balance Bike 3in1 Ensemble de conduite complet &#183; leg&amp;go\" \/>\n<meta property=\"og:description\" content=\"leg&amp;go Balance Bike 3in1 Complete Riding Set, transform the bike as your child grows to adapt to their needs.\" \/>\n<meta property=\"og:url\" content=\"https:\/\/legandgo.com\/fr\/shop\/draisienne3en1\/complete-riding-set\/\" \/>\n<meta property=\"og:site_name\" content=\"leg&amp;go\" \/>\n<meta property=\"article:publisher\" content=\"https:\/\/www.facebook.com\/legandgo\" \/>\n<meta property=\"article:modified_time\" content=\"2026-03-10T09:18:03+00:00\" \/>\n<meta property=\"og:image\" content=\"https:\/\/legandgo.com\/wp-content\/uploads\/2021\/02\/legandgo-leggo-balance-bike-full-set-bundle.jpg\" \/>\n\t<meta property=\"og:image:width\" content=\"800\" \/>\n\t<meta property=\"og:image:height\" content=\"800\" \/>\n\t<meta property=\"og:image:type\" content=\"image\/jpeg\" \/>\n<meta name=\"twitter:card\" content=\"summary_large_image\" \/>\n<meta name=\"twitter:label1\" content=\"Dur\u00e9e de lecture estim\u00e9e\" \/>\n\t<meta name=\"twitter:data1\" content=\"1 minute\" \/>\n<script type=\"application\/ld+json\" class=\"yoast-schema-graph\">{\"@context\":\"https:\/\/schema.org\",\"@graph\":[{\"@type\":\"WebPage\",\"@id\":\"https:\/\/legandgo.com\/fr\/shop\/draisienne3en1\/complete-riding-set\/\",\"url\":\"https:\/\/legandgo.com\/fr\/shop\/draisienne3en1\/complete-riding-set\/\",\"name\":\"Balance Bike 3in1 Ensemble de conduite complet &#183; leg&amp;go\",\"isPartOf\":{\"@id\":\"https:\/\/legandgo.com\/fr\/#website\"},\"primaryImageOfPage\":{\"@id\":\"https:\/\/legandgo.com\/fr\/shop\/draisienne3en1\/complete-riding-set\/#primaryimage\"},\"image\":{\"@id\":\"https:\/\/legandgo.com\/fr\/shop\/draisienne3en1\/complete-riding-set\/#primaryimage\"},\"thumbnailUrl\":\"https:\/\/legandgo.com\/wp-content\/uploads\/2021\/02\/legandgo-leggo-balance-bike-full-set-bundle.jpg\",\"datePublished\":\"2026-02-09T10:39:13+00:00\",\"dateModified\":\"2026-03-10T09:18:03+00:00\",\"description\":\"leg&go Balance Bike 3in1 Complete Riding Set, transform the bike as your child grows to adapt to their needs.\",\"breadcrumb\":{\"@id\":\"https:\/\/legandgo.com\/fr\/shop\/draisienne3en1\/complete-riding-set\/#breadcrumb\"},\"inLanguage\":\"fr-FR\",\"potentialAction\":[{\"@type\":\"ReadAction\",\"target\":[\"https:\/\/legandgo.com\/fr\/shop\/draisienne3en1\/complete-riding-set\/\"]}]},{\"@type\":\"ImageObject\",\"inLanguage\":\"fr-FR\",\"@id\":\"https:\/\/legandgo.com\/fr\/shop\/draisienne3en1\/complete-riding-set\/#primaryimage\",\"url\":\"https:\/\/legandgo.com\/wp-content\/uploads\/2021\/02\/legandgo-leggo-balance-bike-full-set-bundle.jpg\",\"contentUrl\":\"https:\/\/legandgo.com\/wp-content\/uploads\/2021\/02\/legandgo-leggo-balance-bike-full-set-bundle.jpg\",\"width\":800,\"height\":800},{\"@type\":\"BreadcrumbList\",\"@id\":\"https:\/\/legandgo.com\/fr\/shop\/draisienne3en1\/complete-riding-set\/#breadcrumb\",\"itemListElement\":[{\"@type\":\"ListItem\",\"position\":1,\"name\":\"Home\",\"item\":\"https:\/\/legandgo.com\/fr\/\"},{\"@type\":\"ListItem\",\"position\":2,\"name\":\"Shop\",\"item\":\"https:\/\/legandgo.com\/fr\/shop\/\"},{\"@type\":\"ListItem\",\"position\":3,\"name\":\"Balance Bike 3in1 Ensemble de conduite complet\"}]},{\"@type\":\"WebSite\",\"@id\":\"https:\/\/legandgo.com\/fr\/#website\",\"url\":\"https:\/\/legandgo.com\/fr\/\",\"name\":\"leg&amp;go\",\"description\":\"\",\"publisher\":{\"@id\":\"https:\/\/legandgo.com\/fr\/#organization\"},\"potentialAction\":[{\"@type\":\"SearchAction\",\"target\":{\"@type\":\"EntryPoint\",\"urlTemplate\":\"https:\/\/legandgo.com\/fr\/?s={search_term_string}\"},\"query-input\":{\"@type\":\"PropertyValueSpecification\",\"valueRequired\":true,\"valueName\":\"search_term_string\"}}],\"inLanguage\":\"fr-FR\"},{\"@type\":\"Organization\",\"@id\":\"https:\/\/legandgo.com\/fr\/#organization\",\"name\":\"leg&go bike\",\"url\":\"https:\/\/legandgo.com\/fr\/\",\"logo\":{\"@type\":\"ImageObject\",\"inLanguage\":\"fr-FR\",\"@id\":\"https:\/\/legandgo.com\/fr\/#\/schema\/logo\/image\/\",\"url\":\"https:\/\/legandgo.com\/wp-content\/uploads\/2021\/03\/logorf.png\",\"contentUrl\":\"https:\/\/legandgo.com\/wp-content\/uploads\/2021\/03\/logorf.png\",\"width\":675,\"height\":216,\"caption\":\"leg&go bike\"},\"image\":{\"@id\":\"https:\/\/legandgo.com\/fr\/#\/schema\/logo\/image\/\"},\"sameAs\":[\"https:\/\/www.facebook.com\/legandgo\",\"https:\/\/www.instagram.com\/legandgo\/\",\"https:\/\/www.linkedin.com\/company\/legandgo\/\",\"https:\/\/www.pinterest.com\/legandgo\/\",\"https:\/\/www.youtube.com\/channel\/UC_FBzWPmKWE0g7fcR4Xdfuw\/\"]}]}<\/script>\n<!-- \/ Yoast SEO plugin. -->","yoast_head_json":{"title":"Balance Bike 3in1 Ensemble de conduite complet &#183; leg&amp;go","description":"leg&go Balance Bike 3in1 Complete Riding Set, transform the bike as your child grows to adapt to their needs.","robots":{"index":"index","follow":"follow","max-snippet":"max-snippet:-1","max-image-preview":"max-image-preview:large","max-video-preview":"max-video-preview:-1"},"canonical":"https:\/\/legandgo.com\/fr\/shop\/draisienne3en1\/complete-riding-set\/","og_locale":"fr_FR","og_type":"article","og_title":"Balance Bike 3in1 Ensemble de conduite complet &#183; leg&amp;go","og_description":"leg&go Balance Bike 3in1 Complete Riding Set, transform the bike as your child grows to adapt to their needs.","og_url":"https:\/\/legandgo.com\/fr\/shop\/draisienne3en1\/complete-riding-set\/","og_site_name":"leg&amp;go","article_publisher":"https:\/\/www.facebook.com\/legandgo","article_modified_time":"2026-03-10T09:18:03+00:00","og_image":[{"width":800,"height":800,"url":"https:\/\/legandgo.com\/wp-content\/uploads\/2021\/02\/legandgo-leggo-balance-bike-full-set-bundle.jpg","type":"image\/jpeg"}],"twitter_card":"summary_large_image","twitter_misc":{"Dur\u00e9e de lecture estim\u00e9e":"1 minute"},"schema":{"@context":"https:\/\/schema.org","@graph":[{"@type":"WebPage","@id":"https:\/\/legandgo.com\/fr\/shop\/draisienne3en1\/complete-riding-set\/","url":"https:\/\/legandgo.com\/fr\/shop\/draisienne3en1\/complete-riding-set\/","name":"Balance Bike 3in1 Ensemble de conduite complet &#183; leg&amp;go","isPartOf":{"@id":"https:\/\/legandgo.com\/fr\/#website"},"primaryImageOfPage":{"@id":"https:\/\/legandgo.com\/fr\/shop\/draisienne3en1\/complete-riding-set\/#primaryimage"},"image":{"@id":"https:\/\/legandgo.com\/fr\/shop\/draisienne3en1\/complete-riding-set\/#primaryimage"},"thumbnailUrl":"https:\/\/legandgo.com\/wp-content\/uploads\/2021\/02\/legandgo-leggo-balance-bike-full-set-bundle.jpg","datePublished":"2026-02-09T10:39:13+00:00","dateModified":"2026-03-10T09:18:03+00:00","description":"leg&go Balance Bike 3in1 Complete Riding Set, transform the bike as your child grows to adapt to their needs.","breadcrumb":{"@id":"https:\/\/legandgo.com\/fr\/shop\/draisienne3en1\/complete-riding-set\/#breadcrumb"},"inLanguage":"fr-FR","potentialAction":[{"@type":"ReadAction","target":["https:\/\/legandgo.com\/fr\/shop\/draisienne3en1\/complete-riding-set\/"]}]},{"@type":"ImageObject","inLanguage":"fr-FR","@id":"https:\/\/legandgo.com\/fr\/shop\/draisienne3en1\/complete-riding-set\/#primaryimage","url":"https:\/\/legandgo.com\/wp-content\/uploads\/2021\/02\/legandgo-leggo-balance-bike-full-set-bundle.jpg","contentUrl":"https:\/\/legandgo.com\/wp-content\/uploads\/2021\/02\/legandgo-leggo-balance-bike-full-set-bundle.jpg","width":800,"height":800},{"@type":"BreadcrumbList","@id":"https:\/\/legandgo.com\/fr\/shop\/draisienne3en1\/complete-riding-set\/#breadcrumb","itemListElement":[{"@type":"ListItem","position":1,"name":"Home","item":"https:\/\/legandgo.com\/fr\/"},{"@type":"ListItem","position":2,"name":"Shop","item":"https:\/\/legandgo.com\/fr\/shop\/"},{"@type":"ListItem","position":3,"name":"Balance Bike 3in1 Ensemble de conduite complet"}]},{"@type":"WebSite","@id":"https:\/\/legandgo.com\/fr\/#website","url":"https:\/\/legandgo.com\/fr\/","name":"leg&amp;go","description":"","publisher":{"@id":"https:\/\/legandgo.com\/fr\/#organization"},"potentialAction":[{"@type":"SearchAction","target":{"@type":"EntryPoint","urlTemplate":"https:\/\/legandgo.com\/fr\/?s={search_term_string}"},"query-input":{"@type":"PropertyValueSpecification","valueRequired":true,"valueName":"search_term_string"}}],"inLanguage":"fr-FR"},{"@type":"Organization","@id":"https:\/\/legandgo.com\/fr\/#organization","name":"leg&go bike","url":"https:\/\/legandgo.com\/fr\/","logo":{"@type":"ImageObject","inLanguage":"fr-FR","@id":"https:\/\/legandgo.com\/fr\/#\/schema\/logo\/image\/","url":"https:\/\/legandgo.com\/wp-content\/uploads\/2021\/03\/logorf.png","contentUrl":"https:\/\/legandgo.com\/wp-content\/uploads\/2021\/03\/logorf.png","width":675,"height":216,"caption":"leg&go bike"},"image":{"@id":"https:\/\/legandgo.com\/fr\/#\/schema\/logo\/image\/"},"sameAs":["https:\/\/www.facebook.com\/legandgo","https:\/\/www.instagram.com\/legandgo\/","https:\/\/www.linkedin.com\/company\/legandgo\/","https:\/\/www.pinterest.com\/legandgo\/","https:\/\/www.youtube.com\/channel\/UC_FBzWPmKWE0g7fcR4Xdfuw\/"]}]}},"_links":{"self":[{"href":"https:\/\/legandgo.com\/fr\/wp-json\/wp\/v2\/product\/50849","targetHints":{"allow":["GET"]}}],"collection":[{"href":"https:\/\/legandgo.com\/fr\/wp-json\/wp\/v2\/product"}],"about":[{"href":"https:\/\/legandgo.com\/fr\/wp-json\/wp\/v2\/types\/product"}],"replies":[{"embeddable":true,"href":"https:\/\/legandgo.com\/fr\/wp-json\/wp\/v2\/comments?post=50849"}],"version-history":[{"count":3,"href":"https:\/\/legandgo.com\/fr\/wp-json\/wp\/v2\/product\/50849\/revisions"}],"predecessor-version":[{"id":51100,"href":"https:\/\/legandgo.com\/fr\/wp-json\/wp\/v2\/product\/50849\/revisions\/51100"}],"wp:featuredmedia":[{"embeddable":true,"href":"https:\/\/legandgo.com\/fr\/wp-json\/wp\/v2\/media\/11016"}],"wp:attachment":[{"href":"https:\/\/legandgo.com\/fr\/wp-json\/wp\/v2\/media?parent=50849"}],"wp:term":[{"taxonomy":"product_brand","embeddable":true,"href":"https:\/\/legandgo.com\/fr\/wp-json\/wp\/v2\/product_brand?post=50849"},{"taxonomy":"product_cat","embeddable":true,"href":"https:\/\/legandgo.com\/fr\/wp-json\/wp\/v2\/product_cat?post=50849"},{"taxonomy":"product_tag","embeddable":true,"href":"https:\/\/legandgo.com\/fr\/wp-json\/wp\/v2\/product_tag?post=50849"}],"curies":[{"name":"wp","href":"https:\/\/api.w.org\/{rel}","templated":true}]}}