{"id":51484,"date":"2026-02-12T14:29:14","date_gmt":"2026-02-12T12:29:14","guid":{"rendered":"https:\/\/legandgo.com\/shop\/non%20class\u00e9\/square-exercise-balance-board\/"},"modified":"2026-03-09T11:46:07","modified_gmt":"2026-03-09T09:46:07","slug":"square-exercise-balance-board","status":"publish","type":"product","link":"https:\/\/legandgo.com\/fr\/shop\/toys-fr\/square-exercise-balance-board\/","title":{"rendered":"Planche d\u2019\u00e9quilibre carr\u00e9e pour l\u2019exercice"},"content":{"rendered":"<p style=\"font-weight: 400;\">L\u00e0 o\u00f9 l\u2019\u00e9quilibre rencontre le mouvement au quotidien.<\/p>\n<p style=\"font-weight: 400;\">Notre planche d\u2019exercice carr\u00e9e avec rouleau transforme les entra\u00eenements en une exp\u00e9rience ludique pour toute la famille. Con\u00e7ue pour renforcer les muscles profonds, tonifier le corps et am\u00e9liorer la coordination, elle favorise un mode de vie plus sain et plus actif.<\/p>\n<p style=\"font-weight: 400;\">Le rouleau en li\u00e8ge naturel fait \u00e9galement office de rouleau de massage pour les \u00e9tirements, tandis que la planche peut aussi \u00eatre utilis\u00e9e comme un support pratique pour votre lit ou votre canap\u00e9.<\/p>\n<p style=\"font-weight: 400;\"><strong>D\u00e9couvrez-en plus ci-dessous.<\/strong><\/p>\n","protected":false},"excerpt":{"rendered":"<p>L\u00e0 o\u00f9 l\u2019\u00e9quilibre rencontre le mouvement au quotidien. Notre planche d\u2019exercice carr\u00e9e avec rouleau transforme les entra\u00eenements en une exp\u00e9rience ludique pour toute la famille. Con\u00e7ue pour renforcer les muscles profonds, tonifier le corps et am\u00e9liorer la coordination, elle favorise un mode de vie plus sain et plus actif. Le rouleau en li\u00e8ge naturel fait<a class=\"excerpt-read-more\" href=\"https:\/\/legandgo.com\/fr\/shop\/toys-fr\/square-exercise-balance-board\/\" title=\"ReadPlanche d\u2019\u00e9quilibre carr\u00e9e pour l\u2019exercice\">&#8230; Read more &raquo;<\/a><\/p>\n","protected":false},"featured_media":61727,"comment_status":"closed","ping_status":"closed","template":"","meta":{"_acf_changed":false,"inline_featured_image":false,"footnotes":""},"product_brand":[],"product_cat":[55,539],"product_tag":[1391,1774,1771,1779,1777,1776,1775,1772,1773,1726,1718,1722,1714,1710,1778],"class_list":{"0":"post-51484","1":"product","2":"type-product","3":"status-publish","4":"has-post-thumbnail","6":"product_cat-toys-fr","7":"product_cat-planche-dequilibre","8":"product_tag-balance-board","9":"product_tag-balance-board-for-kids","10":"product_tag-balance-board-kids","11":"product_tag-balance-boards-deals","12":"product_tag-balance-boards-for-kids","13":"product_tag-balance-boards-sale","14":"product_tag-balanceboard","15":"product_tag-go-balance-board","16":"product_tag-kids-balance-board","17":"product_tag-leg-go-2","18":"product_tag-leg-and-go","19":"product_tag-leg-go","20":"product_tag-leggo","21":"product_tag-legandgo","22":"product_tag-value-balance-boards","23":"product_shipping_class-balance-board-w-roll_m","25":"first","26":"instock","27":"sale","28":"purchasable","29":"product-type-variable","30":"has-default-attributes"},"bundled_by":[],"bundle_stock_status":"instock","bundle_stock_quantity":null,"bundle_virtual":false,"bundle_layout":"","bundle_add_to_cart_form_location":"","bundle_editable_in_cart":false,"bundle_sold_individually_context":"","bundle_item_grouping":"","bundle_min_size":"","bundle_max_size":"","bundle_price":[],"bundled_items":[],"bundle_sell_ids":[],"acf":[],"yoast_head":"<!-- This site is optimized with the Yoast SEO plugin v25.9 - https:\/\/yoast.com\/wordpress\/plugins\/seo\/ -->\n<title>Planche d\u2019\u00e9quilibre carr\u00e9e pour l\u2019exercice &#183; leg&amp;go<\/title>\n<meta name=\"description\" content=\"leg&amp;go Square Exercise Balance Board is perfect for training core strength in an engaging way. For children and adults.\" \/>\n<meta name=\"robots\" content=\"index, follow, max-snippet:-1, max-image-preview:large, max-video-preview:-1\" \/>\n<link rel=\"canonical\" href=\"https:\/\/legandgo.com\/fr\/shop\/toys-fr\/square-exercise-balance-board\/\" \/>\n<meta property=\"og:locale\" content=\"fr_FR\" \/>\n<meta property=\"og:type\" content=\"article\" \/>\n<meta property=\"og:title\" content=\"Planche d\u2019\u00e9quilibre carr\u00e9e pour l\u2019exercice &#183; leg&amp;go\" \/>\n<meta property=\"og:description\" content=\"leg&amp;go Square Exercise Balance Board is perfect for training core strength in an engaging way. For children and adults.\" \/>\n<meta property=\"og:url\" content=\"https:\/\/legandgo.com\/fr\/shop\/toys-fr\/square-exercise-balance-board\/\" \/>\n<meta property=\"og:site_name\" content=\"leg&amp;go\" \/>\n<meta property=\"article:publisher\" content=\"https:\/\/www.facebook.com\/legandgo\" \/>\n<meta property=\"article:modified_time\" content=\"2026-03-09T09:46:07+00:00\" \/>\n<meta property=\"og:image\" content=\"https:\/\/legandgo.com\/wp-content\/uploads\/2026\/02\/legandgo-balance-board-roll-wobble-excersise-2.jpg\" \/>\n\t<meta property=\"og:image:width\" content=\"2560\" \/>\n\t<meta property=\"og:image:height\" content=\"1707\" \/>\n\t<meta property=\"og:image:type\" content=\"image\/jpeg\" \/>\n<meta name=\"twitter:card\" content=\"summary_large_image\" \/>\n<script type=\"application\/ld+json\" class=\"yoast-schema-graph\">{\"@context\":\"https:\/\/schema.org\",\"@graph\":[{\"@type\":\"WebPage\",\"@id\":\"https:\/\/legandgo.com\/fr\/shop\/toys-fr\/square-exercise-balance-board\/\",\"url\":\"https:\/\/legandgo.com\/fr\/shop\/toys-fr\/square-exercise-balance-board\/\",\"name\":\"Planche d\u2019\u00e9quilibre carr\u00e9e pour l\u2019exercice &#183; leg&amp;go\",\"isPartOf\":{\"@id\":\"https:\/\/legandgo.com\/fr\/#website\"},\"primaryImageOfPage\":{\"@id\":\"https:\/\/legandgo.com\/fr\/shop\/toys-fr\/square-exercise-balance-board\/#primaryimage\"},\"image\":{\"@id\":\"https:\/\/legandgo.com\/fr\/shop\/toys-fr\/square-exercise-balance-board\/#primaryimage\"},\"thumbnailUrl\":\"https:\/\/legandgo.com\/wp-content\/uploads\/2026\/02\/1legandgo-balance-board-roll-wobble-excersise-2-square-1.jpg\",\"datePublished\":\"2026-02-12T12:29:14+00:00\",\"dateModified\":\"2026-03-09T09:46:07+00:00\",\"description\":\"leg&go Square Exercise Balance Board is perfect for training core strength in an engaging way. For children and adults.\",\"breadcrumb\":{\"@id\":\"https:\/\/legandgo.com\/fr\/shop\/toys-fr\/square-exercise-balance-board\/#breadcrumb\"},\"inLanguage\":\"fr-FR\",\"potentialAction\":[{\"@type\":\"ReadAction\",\"target\":[\"https:\/\/legandgo.com\/fr\/shop\/toys-fr\/square-exercise-balance-board\/\"]}]},{\"@type\":\"ImageObject\",\"inLanguage\":\"fr-FR\",\"@id\":\"https:\/\/legandgo.com\/fr\/shop\/toys-fr\/square-exercise-balance-board\/#primaryimage\",\"url\":\"https:\/\/legandgo.com\/wp-content\/uploads\/2026\/02\/1legandgo-balance-board-roll-wobble-excersise-2-square-1.jpg\",\"contentUrl\":\"https:\/\/legandgo.com\/wp-content\/uploads\/2026\/02\/1legandgo-balance-board-roll-wobble-excersise-2-square-1.jpg\",\"width\":2560,\"height\":2560},{\"@type\":\"BreadcrumbList\",\"@id\":\"https:\/\/legandgo.com\/fr\/shop\/toys-fr\/square-exercise-balance-board\/#breadcrumb\",\"itemListElement\":[{\"@type\":\"ListItem\",\"position\":1,\"name\":\"Home\",\"item\":\"https:\/\/legandgo.com\/fr\/\"},{\"@type\":\"ListItem\",\"position\":2,\"name\":\"Shop\",\"item\":\"https:\/\/legandgo.com\/fr\/shop\/\"},{\"@type\":\"ListItem\",\"position\":3,\"name\":\"Planche d\u2019\u00e9quilibre carr\u00e9e pour l\u2019exercice\"}]},{\"@type\":\"WebSite\",\"@id\":\"https:\/\/legandgo.com\/fr\/#website\",\"url\":\"https:\/\/legandgo.com\/fr\/\",\"name\":\"leg&amp;go\",\"description\":\"\",\"publisher\":{\"@id\":\"https:\/\/legandgo.com\/fr\/#organization\"},\"potentialAction\":[{\"@type\":\"SearchAction\",\"target\":{\"@type\":\"EntryPoint\",\"urlTemplate\":\"https:\/\/legandgo.com\/fr\/?s={search_term_string}\"},\"query-input\":{\"@type\":\"PropertyValueSpecification\",\"valueRequired\":true,\"valueName\":\"search_term_string\"}}],\"inLanguage\":\"fr-FR\"},{\"@type\":\"Organization\",\"@id\":\"https:\/\/legandgo.com\/fr\/#organization\",\"name\":\"leg&go bike\",\"url\":\"https:\/\/legandgo.com\/fr\/\",\"logo\":{\"@type\":\"ImageObject\",\"inLanguage\":\"fr-FR\",\"@id\":\"https:\/\/legandgo.com\/fr\/#\/schema\/logo\/image\/\",\"url\":\"https:\/\/legandgo.com\/wp-content\/uploads\/2021\/03\/logorf.png\",\"contentUrl\":\"https:\/\/legandgo.com\/wp-content\/uploads\/2021\/03\/logorf.png\",\"width\":675,\"height\":216,\"caption\":\"leg&go bike\"},\"image\":{\"@id\":\"https:\/\/legandgo.com\/fr\/#\/schema\/logo\/image\/\"},\"sameAs\":[\"https:\/\/www.facebook.com\/legandgo\",\"https:\/\/www.instagram.com\/legandgo\/\",\"https:\/\/www.linkedin.com\/company\/legandgo\/\",\"https:\/\/www.pinterest.com\/legandgo\/\",\"https:\/\/www.youtube.com\/channel\/UC_FBzWPmKWE0g7fcR4Xdfuw\/\"]}]}<\/script>\n<!-- \/ Yoast SEO plugin. -->","yoast_head_json":{"title":"Planche d\u2019\u00e9quilibre carr\u00e9e pour l\u2019exercice &#183; leg&amp;go","description":"leg&go Square Exercise Balance Board is perfect for training core strength in an engaging way. For children and adults.","robots":{"index":"index","follow":"follow","max-snippet":"max-snippet:-1","max-image-preview":"max-image-preview:large","max-video-preview":"max-video-preview:-1"},"canonical":"https:\/\/legandgo.com\/fr\/shop\/toys-fr\/square-exercise-balance-board\/","og_locale":"fr_FR","og_type":"article","og_title":"Planche d\u2019\u00e9quilibre carr\u00e9e pour l\u2019exercice &#183; leg&amp;go","og_description":"leg&go Square Exercise Balance Board is perfect for training core strength in an engaging way. For children and adults.","og_url":"https:\/\/legandgo.com\/fr\/shop\/toys-fr\/square-exercise-balance-board\/","og_site_name":"leg&amp;go","article_publisher":"https:\/\/www.facebook.com\/legandgo","article_modified_time":"2026-03-09T09:46:07+00:00","og_image":[{"width":2560,"height":1707,"url":"https:\/\/legandgo.com\/wp-content\/uploads\/2026\/02\/legandgo-balance-board-roll-wobble-excersise-2.jpg","type":"image\/jpeg"}],"twitter_card":"summary_large_image","schema":{"@context":"https:\/\/schema.org","@graph":[{"@type":"WebPage","@id":"https:\/\/legandgo.com\/fr\/shop\/toys-fr\/square-exercise-balance-board\/","url":"https:\/\/legandgo.com\/fr\/shop\/toys-fr\/square-exercise-balance-board\/","name":"Planche d\u2019\u00e9quilibre carr\u00e9e pour l\u2019exercice &#183; leg&amp;go","isPartOf":{"@id":"https:\/\/legandgo.com\/fr\/#website"},"primaryImageOfPage":{"@id":"https:\/\/legandgo.com\/fr\/shop\/toys-fr\/square-exercise-balance-board\/#primaryimage"},"image":{"@id":"https:\/\/legandgo.com\/fr\/shop\/toys-fr\/square-exercise-balance-board\/#primaryimage"},"thumbnailUrl":"https:\/\/legandgo.com\/wp-content\/uploads\/2026\/02\/1legandgo-balance-board-roll-wobble-excersise-2-square-1.jpg","datePublished":"2026-02-12T12:29:14+00:00","dateModified":"2026-03-09T09:46:07+00:00","description":"leg&go Square Exercise Balance Board is perfect for training core strength in an engaging way. For children and adults.","breadcrumb":{"@id":"https:\/\/legandgo.com\/fr\/shop\/toys-fr\/square-exercise-balance-board\/#breadcrumb"},"inLanguage":"fr-FR","potentialAction":[{"@type":"ReadAction","target":["https:\/\/legandgo.com\/fr\/shop\/toys-fr\/square-exercise-balance-board\/"]}]},{"@type":"ImageObject","inLanguage":"fr-FR","@id":"https:\/\/legandgo.com\/fr\/shop\/toys-fr\/square-exercise-balance-board\/#primaryimage","url":"https:\/\/legandgo.com\/wp-content\/uploads\/2026\/02\/1legandgo-balance-board-roll-wobble-excersise-2-square-1.jpg","contentUrl":"https:\/\/legandgo.com\/wp-content\/uploads\/2026\/02\/1legandgo-balance-board-roll-wobble-excersise-2-square-1.jpg","width":2560,"height":2560},{"@type":"BreadcrumbList","@id":"https:\/\/legandgo.com\/fr\/shop\/toys-fr\/square-exercise-balance-board\/#breadcrumb","itemListElement":[{"@type":"ListItem","position":1,"name":"Home","item":"https:\/\/legandgo.com\/fr\/"},{"@type":"ListItem","position":2,"name":"Shop","item":"https:\/\/legandgo.com\/fr\/shop\/"},{"@type":"ListItem","position":3,"name":"Planche d\u2019\u00e9quilibre carr\u00e9e pour l\u2019exercice"}]},{"@type":"WebSite","@id":"https:\/\/legandgo.com\/fr\/#website","url":"https:\/\/legandgo.com\/fr\/","name":"leg&amp;go","description":"","publisher":{"@id":"https:\/\/legandgo.com\/fr\/#organization"},"potentialAction":[{"@type":"SearchAction","target":{"@type":"EntryPoint","urlTemplate":"https:\/\/legandgo.com\/fr\/?s={search_term_string}"},"query-input":{"@type":"PropertyValueSpecification","valueRequired":true,"valueName":"search_term_string"}}],"inLanguage":"fr-FR"},{"@type":"Organization","@id":"https:\/\/legandgo.com\/fr\/#organization","name":"leg&go bike","url":"https:\/\/legandgo.com\/fr\/","logo":{"@type":"ImageObject","inLanguage":"fr-FR","@id":"https:\/\/legandgo.com\/fr\/#\/schema\/logo\/image\/","url":"https:\/\/legandgo.com\/wp-content\/uploads\/2021\/03\/logorf.png","contentUrl":"https:\/\/legandgo.com\/wp-content\/uploads\/2021\/03\/logorf.png","width":675,"height":216,"caption":"leg&go bike"},"image":{"@id":"https:\/\/legandgo.com\/fr\/#\/schema\/logo\/image\/"},"sameAs":["https:\/\/www.facebook.com\/legandgo","https:\/\/www.instagram.com\/legandgo\/","https:\/\/www.linkedin.com\/company\/legandgo\/","https:\/\/www.pinterest.com\/legandgo\/","https:\/\/www.youtube.com\/channel\/UC_FBzWPmKWE0g7fcR4Xdfuw\/"]}]}},"_links":{"self":[{"href":"https:\/\/legandgo.com\/fr\/wp-json\/wp\/v2\/product\/51484","targetHints":{"allow":["GET"]}}],"collection":[{"href":"https:\/\/legandgo.com\/fr\/wp-json\/wp\/v2\/product"}],"about":[{"href":"https:\/\/legandgo.com\/fr\/wp-json\/wp\/v2\/types\/product"}],"replies":[{"embeddable":true,"href":"https:\/\/legandgo.com\/fr\/wp-json\/wp\/v2\/comments?post=51484"}],"version-history":[{"count":5,"href":"https:\/\/legandgo.com\/fr\/wp-json\/wp\/v2\/product\/51484\/revisions"}],"predecessor-version":[{"id":53880,"href":"https:\/\/legandgo.com\/fr\/wp-json\/wp\/v2\/product\/51484\/revisions\/53880"}],"wp:featuredmedia":[{"embeddable":true,"href":"https:\/\/legandgo.com\/fr\/wp-json\/wp\/v2\/media\/61727"}],"wp:attachment":[{"href":"https:\/\/legandgo.com\/fr\/wp-json\/wp\/v2\/media?parent=51484"}],"wp:term":[{"taxonomy":"product_brand","embeddable":true,"href":"https:\/\/legandgo.com\/fr\/wp-json\/wp\/v2\/product_brand?post=51484"},{"taxonomy":"product_cat","embeddable":true,"href":"https:\/\/legandgo.com\/fr\/wp-json\/wp\/v2\/product_cat?post=51484"},{"taxonomy":"product_tag","embeddable":true,"href":"https:\/\/legandgo.com\/fr\/wp-json\/wp\/v2\/product_tag?post=51484"}],"curies":[{"name":"wp","href":"https:\/\/api.w.org\/{rel}","templated":true}]}}