{"id":52045,"date":"2026-02-16T17:02:38","date_gmt":"2026-02-16T15:02:38","guid":{"rendered":"https:\/\/legandgo.com\/shop\/non%20class\u00e9\/tour-de-cuisine-transformable-modustep\/"},"modified":"2026-03-05T17:53:18","modified_gmt":"2026-03-05T15:53:18","slug":"tour-de-cuisine-transformable-modustep","status":"publish","type":"product","link":"https:\/\/legandgo.com\/fr\/shop\/tour-dapprentissage-pliable\/tour-de-cuisine-transformable-modustep\/","title":{"rendered":"Tour de Cuisine Transformable Modustep"},"content":{"rendered":"<p>La Tour de Cuisine Transformable Modustep est une tour d\u2019apprentissage multifonctionnelle con\u00e7ue pour \u00e9voluer avec votre enfant. Elle se transforme facilement d\u2019une tour de cuisine autoportante en un ensemble table et chaise pour tout-petits, facilitant les activit\u00e9s quotidiennes telles que l\u2019entraide, le jeu et l\u2019apprentissage autonome.<\/p>\n<p><strong>D\u00e9couvrez plus de fonctionnalit\u00e9s ci-dessous.<\/strong><\/p>\n","protected":false},"excerpt":{"rendered":"<p>La Tour de Cuisine Transformable Modustep est une tour d\u2019apprentissage multifonctionnelle con\u00e7ue pour \u00e9voluer avec votre enfant. Elle se transforme facilement d\u2019une tour de cuisine autoportante en un ensemble table et chaise pour tout-petits, facilitant les activit\u00e9s quotidiennes telles que l\u2019entraide, le jeu et l\u2019apprentissage autonome. D\u00e9couvrez plus de fonctionnalit\u00e9s ci-dessous.<\/p>\n","protected":false},"featured_media":51885,"comment_status":"closed","ping_status":"closed","template":"","meta":{"_acf_changed":false,"inline_featured_image":false,"footnotes":""},"product_brand":[],"product_cat":[1314,247],"product_tag":[1362,1360,1361,1352,1365,1726,1718,1722,1714,1710,1738,1739],"class_list":{"0":"post-52045","1":"product","2":"type-product","3":"status-publish","4":"has-post-thumbnail","6":"product_cat-meubles","7":"product_cat-tour-dapprentissage-pliable","8":"product_tag-collapsible-learning-tower","9":"product_tag-foldable-learning-tower","10":"product_tag-folding-learning-tower","11":"product_tag-learning-tower","12":"product_tag-learning-tower-foldable","13":"product_tag-leg-go-2","14":"product_tag-leg-and-go","15":"product_tag-leg-go","16":"product_tag-leggo","17":"product_tag-legandgo","18":"product_tag-tour-daide","19":"product_tag-tour-pliable-pour-enfant","21":"first","22":"instock","23":"sale","24":"purchasable","25":"product-type-variable","26":"has-default-attributes"},"bundled_by":[],"bundle_stock_status":"instock","bundle_stock_quantity":null,"bundle_virtual":false,"bundle_layout":"","bundle_add_to_cart_form_location":"","bundle_editable_in_cart":false,"bundle_sold_individually_context":"","bundle_item_grouping":"","bundle_min_size":"","bundle_max_size":"","bundle_price":[],"bundled_items":[],"bundle_sell_ids":[],"acf":[],"yoast_head":"<!-- This site is optimized with the Yoast SEO plugin v25.9 - https:\/\/yoast.com\/wordpress\/plugins\/seo\/ -->\n<title>Tour de Cuisine Transformable 2-en-1 Modustep&#183; leg&amp;go<\/title>\n<meta name=\"description\" content=\"Tour de Cuisine Transformable qui se convertit en table et chaise pour tout-petit. Design 2-en-1 r\u00e9glable en bois, id\u00e9al pour participer en toute s\u00e9curit\u00e9 aux activit\u00e9s en cuisine, jouer et apprendre.\" \/>\n<meta name=\"robots\" content=\"index, follow, max-snippet:-1, max-image-preview:large, max-video-preview:-1\" \/>\n<link rel=\"canonical\" href=\"https:\/\/legandgo.com\/fr\/shop\/tour-dapprentissage-pliable\/tour-de-cuisine-transformable-modustep\/\" \/>\n<meta property=\"og:locale\" content=\"fr_FR\" \/>\n<meta property=\"og:type\" content=\"article\" \/>\n<meta property=\"og:title\" content=\"Tour de Cuisine Transformable 2-en-1 Modustep&#183; leg&amp;go\" \/>\n<meta property=\"og:description\" content=\"Tour de Cuisine Transformable qui se convertit en table et chaise pour tout-petit. Design 2-en-1 r\u00e9glable en bois, id\u00e9al pour participer en toute s\u00e9curit\u00e9 aux activit\u00e9s en cuisine, jouer et apprendre.\" \/>\n<meta property=\"og:url\" content=\"https:\/\/legandgo.com\/fr\/shop\/tour-dapprentissage-pliable\/tour-de-cuisine-transformable-modustep\/\" \/>\n<meta property=\"og:site_name\" content=\"leg&amp;go\" \/>\n<meta property=\"article:publisher\" content=\"https:\/\/www.facebook.com\/legandgo\" \/>\n<meta property=\"article:modified_time\" content=\"2026-03-05T15:53:18+00:00\" \/>\n<meta property=\"og:image\" content=\"https:\/\/legandgo.com\/wp-content\/uploads\/2026\/02\/TKT-03-BK-_white-background.jpg\" \/>\n\t<meta property=\"og:image:width\" content=\"2048\" \/>\n\t<meta property=\"og:image:height\" content=\"2048\" \/>\n\t<meta property=\"og:image:type\" content=\"image\/jpeg\" \/>\n<meta name=\"twitter:card\" content=\"summary_large_image\" \/>\n<script type=\"application\/ld+json\" class=\"yoast-schema-graph\">{\"@context\":\"https:\/\/schema.org\",\"@graph\":[{\"@type\":\"WebPage\",\"@id\":\"https:\/\/legandgo.com\/fr\/shop\/tour-dapprentissage-pliable\/tour-de-cuisine-transformable-modustep\/\",\"url\":\"https:\/\/legandgo.com\/fr\/shop\/tour-dapprentissage-pliable\/tour-de-cuisine-transformable-modustep\/\",\"name\":\"Tour de Cuisine Transformable 2-en-1 Modustep&#183; leg&amp;go\",\"isPartOf\":{\"@id\":\"https:\/\/legandgo.com\/fr\/#website\"},\"primaryImageOfPage\":{\"@id\":\"https:\/\/legandgo.com\/fr\/shop\/tour-dapprentissage-pliable\/tour-de-cuisine-transformable-modustep\/#primaryimage\"},\"image\":{\"@id\":\"https:\/\/legandgo.com\/fr\/shop\/tour-dapprentissage-pliable\/tour-de-cuisine-transformable-modustep\/#primaryimage\"},\"thumbnailUrl\":\"https:\/\/legandgo.com\/wp-content\/uploads\/2026\/02\/TKT-03-BK-_white-background.jpg\",\"datePublished\":\"2026-02-16T15:02:38+00:00\",\"dateModified\":\"2026-03-05T15:53:18+00:00\",\"description\":\"Tour de Cuisine Transformable qui se convertit en table et chaise pour tout-petit. Design 2-en-1 r\u00e9glable en bois, id\u00e9al pour participer en toute s\u00e9curit\u00e9 aux activit\u00e9s en cuisine, jouer et apprendre.\",\"breadcrumb\":{\"@id\":\"https:\/\/legandgo.com\/fr\/shop\/tour-dapprentissage-pliable\/tour-de-cuisine-transformable-modustep\/#breadcrumb\"},\"inLanguage\":\"fr-FR\",\"potentialAction\":[{\"@type\":\"ReadAction\",\"target\":[\"https:\/\/legandgo.com\/fr\/shop\/tour-dapprentissage-pliable\/tour-de-cuisine-transformable-modustep\/\"]}]},{\"@type\":\"ImageObject\",\"inLanguage\":\"fr-FR\",\"@id\":\"https:\/\/legandgo.com\/fr\/shop\/tour-dapprentissage-pliable\/tour-de-cuisine-transformable-modustep\/#primaryimage\",\"url\":\"https:\/\/legandgo.com\/wp-content\/uploads\/2026\/02\/TKT-03-BK-_white-background.jpg\",\"contentUrl\":\"https:\/\/legandgo.com\/wp-content\/uploads\/2026\/02\/TKT-03-BK-_white-background.jpg\",\"width\":2048,\"height\":2048,\"caption\":\"Tour de Cuisine Transformable Modustep sur fond blanc\"},{\"@type\":\"BreadcrumbList\",\"@id\":\"https:\/\/legandgo.com\/fr\/shop\/tour-dapprentissage-pliable\/tour-de-cuisine-transformable-modustep\/#breadcrumb\",\"itemListElement\":[{\"@type\":\"ListItem\",\"position\":1,\"name\":\"Home\",\"item\":\"https:\/\/legandgo.com\/fr\/\"},{\"@type\":\"ListItem\",\"position\":2,\"name\":\"Shop\",\"item\":\"https:\/\/legandgo.com\/fr\/shop\/\"},{\"@type\":\"ListItem\",\"position\":3,\"name\":\"Tour de Cuisine Transformable Modustep\"}]},{\"@type\":\"WebSite\",\"@id\":\"https:\/\/legandgo.com\/fr\/#website\",\"url\":\"https:\/\/legandgo.com\/fr\/\",\"name\":\"leg&amp;go\",\"description\":\"\",\"publisher\":{\"@id\":\"https:\/\/legandgo.com\/fr\/#organization\"},\"potentialAction\":[{\"@type\":\"SearchAction\",\"target\":{\"@type\":\"EntryPoint\",\"urlTemplate\":\"https:\/\/legandgo.com\/fr\/?s={search_term_string}\"},\"query-input\":{\"@type\":\"PropertyValueSpecification\",\"valueRequired\":true,\"valueName\":\"search_term_string\"}}],\"inLanguage\":\"fr-FR\"},{\"@type\":\"Organization\",\"@id\":\"https:\/\/legandgo.com\/fr\/#organization\",\"name\":\"leg&go bike\",\"url\":\"https:\/\/legandgo.com\/fr\/\",\"logo\":{\"@type\":\"ImageObject\",\"inLanguage\":\"fr-FR\",\"@id\":\"https:\/\/legandgo.com\/fr\/#\/schema\/logo\/image\/\",\"url\":\"https:\/\/legandgo.com\/wp-content\/uploads\/2021\/03\/logorf.png\",\"contentUrl\":\"https:\/\/legandgo.com\/wp-content\/uploads\/2021\/03\/logorf.png\",\"width\":675,\"height\":216,\"caption\":\"leg&go bike\"},\"image\":{\"@id\":\"https:\/\/legandgo.com\/fr\/#\/schema\/logo\/image\/\"},\"sameAs\":[\"https:\/\/www.facebook.com\/legandgo\",\"https:\/\/www.instagram.com\/legandgo\/\",\"https:\/\/www.linkedin.com\/company\/legandgo\/\",\"https:\/\/www.pinterest.com\/legandgo\/\",\"https:\/\/www.youtube.com\/channel\/UC_FBzWPmKWE0g7fcR4Xdfuw\/\"]}]}<\/script>\n<!-- \/ Yoast SEO plugin. -->","yoast_head_json":{"title":"Tour de Cuisine Transformable 2-en-1 Modustep&#183; leg&amp;go","description":"Tour de Cuisine Transformable qui se convertit en table et chaise pour tout-petit. Design 2-en-1 r\u00e9glable en bois, id\u00e9al pour participer en toute s\u00e9curit\u00e9 aux activit\u00e9s en cuisine, jouer et apprendre.","robots":{"index":"index","follow":"follow","max-snippet":"max-snippet:-1","max-image-preview":"max-image-preview:large","max-video-preview":"max-video-preview:-1"},"canonical":"https:\/\/legandgo.com\/fr\/shop\/tour-dapprentissage-pliable\/tour-de-cuisine-transformable-modustep\/","og_locale":"fr_FR","og_type":"article","og_title":"Tour de Cuisine Transformable 2-en-1 Modustep&#183; leg&amp;go","og_description":"Tour de Cuisine Transformable qui se convertit en table et chaise pour tout-petit. Design 2-en-1 r\u00e9glable en bois, id\u00e9al pour participer en toute s\u00e9curit\u00e9 aux activit\u00e9s en cuisine, jouer et apprendre.","og_url":"https:\/\/legandgo.com\/fr\/shop\/tour-dapprentissage-pliable\/tour-de-cuisine-transformable-modustep\/","og_site_name":"leg&amp;go","article_publisher":"https:\/\/www.facebook.com\/legandgo","article_modified_time":"2026-03-05T15:53:18+00:00","og_image":[{"width":2048,"height":2048,"url":"https:\/\/legandgo.com\/wp-content\/uploads\/2026\/02\/TKT-03-BK-_white-background.jpg","type":"image\/jpeg"}],"twitter_card":"summary_large_image","schema":{"@context":"https:\/\/schema.org","@graph":[{"@type":"WebPage","@id":"https:\/\/legandgo.com\/fr\/shop\/tour-dapprentissage-pliable\/tour-de-cuisine-transformable-modustep\/","url":"https:\/\/legandgo.com\/fr\/shop\/tour-dapprentissage-pliable\/tour-de-cuisine-transformable-modustep\/","name":"Tour de Cuisine Transformable 2-en-1 Modustep&#183; leg&amp;go","isPartOf":{"@id":"https:\/\/legandgo.com\/fr\/#website"},"primaryImageOfPage":{"@id":"https:\/\/legandgo.com\/fr\/shop\/tour-dapprentissage-pliable\/tour-de-cuisine-transformable-modustep\/#primaryimage"},"image":{"@id":"https:\/\/legandgo.com\/fr\/shop\/tour-dapprentissage-pliable\/tour-de-cuisine-transformable-modustep\/#primaryimage"},"thumbnailUrl":"https:\/\/legandgo.com\/wp-content\/uploads\/2026\/02\/TKT-03-BK-_white-background.jpg","datePublished":"2026-02-16T15:02:38+00:00","dateModified":"2026-03-05T15:53:18+00:00","description":"Tour de Cuisine Transformable qui se convertit en table et chaise pour tout-petit. Design 2-en-1 r\u00e9glable en bois, id\u00e9al pour participer en toute s\u00e9curit\u00e9 aux activit\u00e9s en cuisine, jouer et apprendre.","breadcrumb":{"@id":"https:\/\/legandgo.com\/fr\/shop\/tour-dapprentissage-pliable\/tour-de-cuisine-transformable-modustep\/#breadcrumb"},"inLanguage":"fr-FR","potentialAction":[{"@type":"ReadAction","target":["https:\/\/legandgo.com\/fr\/shop\/tour-dapprentissage-pliable\/tour-de-cuisine-transformable-modustep\/"]}]},{"@type":"ImageObject","inLanguage":"fr-FR","@id":"https:\/\/legandgo.com\/fr\/shop\/tour-dapprentissage-pliable\/tour-de-cuisine-transformable-modustep\/#primaryimage","url":"https:\/\/legandgo.com\/wp-content\/uploads\/2026\/02\/TKT-03-BK-_white-background.jpg","contentUrl":"https:\/\/legandgo.com\/wp-content\/uploads\/2026\/02\/TKT-03-BK-_white-background.jpg","width":2048,"height":2048,"caption":"Tour de Cuisine Transformable Modustep sur fond blanc"},{"@type":"BreadcrumbList","@id":"https:\/\/legandgo.com\/fr\/shop\/tour-dapprentissage-pliable\/tour-de-cuisine-transformable-modustep\/#breadcrumb","itemListElement":[{"@type":"ListItem","position":1,"name":"Home","item":"https:\/\/legandgo.com\/fr\/"},{"@type":"ListItem","position":2,"name":"Shop","item":"https:\/\/legandgo.com\/fr\/shop\/"},{"@type":"ListItem","position":3,"name":"Tour de Cuisine Transformable Modustep"}]},{"@type":"WebSite","@id":"https:\/\/legandgo.com\/fr\/#website","url":"https:\/\/legandgo.com\/fr\/","name":"leg&amp;go","description":"","publisher":{"@id":"https:\/\/legandgo.com\/fr\/#organization"},"potentialAction":[{"@type":"SearchAction","target":{"@type":"EntryPoint","urlTemplate":"https:\/\/legandgo.com\/fr\/?s={search_term_string}"},"query-input":{"@type":"PropertyValueSpecification","valueRequired":true,"valueName":"search_term_string"}}],"inLanguage":"fr-FR"},{"@type":"Organization","@id":"https:\/\/legandgo.com\/fr\/#organization","name":"leg&go bike","url":"https:\/\/legandgo.com\/fr\/","logo":{"@type":"ImageObject","inLanguage":"fr-FR","@id":"https:\/\/legandgo.com\/fr\/#\/schema\/logo\/image\/","url":"https:\/\/legandgo.com\/wp-content\/uploads\/2021\/03\/logorf.png","contentUrl":"https:\/\/legandgo.com\/wp-content\/uploads\/2021\/03\/logorf.png","width":675,"height":216,"caption":"leg&go bike"},"image":{"@id":"https:\/\/legandgo.com\/fr\/#\/schema\/logo\/image\/"},"sameAs":["https:\/\/www.facebook.com\/legandgo","https:\/\/www.instagram.com\/legandgo\/","https:\/\/www.linkedin.com\/company\/legandgo\/","https:\/\/www.pinterest.com\/legandgo\/","https:\/\/www.youtube.com\/channel\/UC_FBzWPmKWE0g7fcR4Xdfuw\/"]}]}},"_links":{"self":[{"href":"https:\/\/legandgo.com\/fr\/wp-json\/wp\/v2\/product\/52045","targetHints":{"allow":["GET"]}}],"collection":[{"href":"https:\/\/legandgo.com\/fr\/wp-json\/wp\/v2\/product"}],"about":[{"href":"https:\/\/legandgo.com\/fr\/wp-json\/wp\/v2\/types\/product"}],"replies":[{"embeddable":true,"href":"https:\/\/legandgo.com\/fr\/wp-json\/wp\/v2\/comments?post=52045"}],"version-history":[{"count":6,"href":"https:\/\/legandgo.com\/fr\/wp-json\/wp\/v2\/product\/52045\/revisions"}],"predecessor-version":[{"id":53609,"href":"https:\/\/legandgo.com\/fr\/wp-json\/wp\/v2\/product\/52045\/revisions\/53609"}],"wp:featuredmedia":[{"embeddable":true,"href":"https:\/\/legandgo.com\/fr\/wp-json\/wp\/v2\/media\/51885"}],"wp:attachment":[{"href":"https:\/\/legandgo.com\/fr\/wp-json\/wp\/v2\/media?parent=52045"}],"wp:term":[{"taxonomy":"product_brand","embeddable":true,"href":"https:\/\/legandgo.com\/fr\/wp-json\/wp\/v2\/product_brand?post=52045"},{"taxonomy":"product_cat","embeddable":true,"href":"https:\/\/legandgo.com\/fr\/wp-json\/wp\/v2\/product_cat?post=52045"},{"taxonomy":"product_tag","embeddable":true,"href":"https:\/\/legandgo.com\/fr\/wp-json\/wp\/v2\/product_tag?post=52045"}],"curies":[{"name":"wp","href":"https:\/\/api.w.org\/{rel}","templated":true}]}}