{"id":52565,"date":"2026-02-19T11:12:06","date_gmt":"2026-02-19T09:12:06","guid":{"rendered":"https:\/\/legandgo.com\/shop\/non%20class\u00e9\/balles-pour-piscine-a-balles-500-pieces\/"},"modified":"2026-02-19T12:18:23","modified_gmt":"2026-02-19T10:18:23","slug":"balles-pour-piscine-a-balles-500-pieces","status":"publish","type":"product","link":"https:\/\/legandgo.com\/fr\/shop\/blocs-mousse\/balles-pour-piscine-a-balles-500-pieces\/","title":{"rendered":"Balles pour Piscine \u00e0 Balles (500 pi\u00e8ces)"},"content":{"rendered":"<p>Cr\u00e9ez l\u2019exp\u00e9rience de jeu soft play parfaite avec notre lot de 500 balles.<\/p>\n<p>Ces balles en plastique, \u00e0 la fois souples et r\u00e9sistantes, sont con\u00e7ues pour remplir parfaitement la piscine \u00e0 balles de votre enfant, transformant n\u2019importe quel espace en une aire de jeu sensorielle s\u00fbre et stimulante.<\/p>\n<p><strong>D\u00e9couvrez plus ci-dessous.<\/strong> <\/p>\n","protected":false},"excerpt":{"rendered":"<p>Cr\u00e9ez l\u2019exp\u00e9rience de jeu soft play parfaite avec notre lot de 500 balles. Ces balles en plastique, \u00e0 la fois souples et r\u00e9sistantes, sont con\u00e7ues pour remplir parfaitement la piscine \u00e0 balles de votre enfant, transformant n\u2019importe quel espace en une aire de jeu sensorielle s\u00fbre et stimulante. D\u00e9couvrez plus ci-dessous.<\/p>\n","protected":false},"featured_media":52497,"comment_status":"closed","ping_status":"closed","template":"","meta":{"_acf_changed":false,"inline_featured_image":false,"footnotes":""},"product_brand":[],"product_cat":[1318,556],"product_tag":[],"class_list":{"0":"post-52565","1":"product","2":"type-product","3":"status-publish","4":"has-post-thumbnail","6":"product_cat-categorie-de-jouets","7":"product_cat-blocs-mousse","8":"product_shipping_class-soft-blocks-fr","10":"first","11":"outofstock","12":"purchasable","13":"product-type-variable"},"bundled_by":[],"bundle_stock_status":"outofstock","bundle_stock_quantity":null,"bundle_virtual":false,"bundle_layout":"","bundle_add_to_cart_form_location":"","bundle_editable_in_cart":false,"bundle_sold_individually_context":"","bundle_item_grouping":"","bundle_min_size":"","bundle_max_size":"","bundle_price":[],"bundled_items":[],"bundle_sell_ids":[],"acf":[],"yoast_head":"<!-- This site is optimized with the Yoast SEO plugin v25.9 - https:\/\/yoast.com\/wordpress\/plugins\/seo\/ -->\n<title>Balles pour Piscine \u00e0 Balles (500 pi\u00e8ces) pour Enfants<\/title>\n<meta name=\"description\" content=\"Lot de 500 balles soft play pour piscine \u00e0 balles. S\u00fbres, r\u00e9sistantes et parfaites pour cr\u00e9er un espace de jeu sensoriel \u00e9l\u00e9gant pour enfants.\" \/>\n<meta name=\"robots\" content=\"index, follow, max-snippet:-1, max-image-preview:large, max-video-preview:-1\" \/>\n<link rel=\"canonical\" href=\"https:\/\/legandgo.com\/fr\/shop\/blocs-mousse\/balles-pour-piscine-a-balles-500-pieces\/\" \/>\n<meta property=\"og:locale\" content=\"fr_FR\" \/>\n<meta property=\"og:type\" content=\"article\" \/>\n<meta property=\"og:title\" content=\"Balles pour Piscine \u00e0 Balles (500 pi\u00e8ces) pour Enfants\" \/>\n<meta property=\"og:description\" content=\"Lot de 500 balles soft play pour piscine \u00e0 balles. S\u00fbres, r\u00e9sistantes et parfaites pour cr\u00e9er un espace de jeu sensoriel \u00e9l\u00e9gant pour enfants.\" \/>\n<meta property=\"og:url\" content=\"https:\/\/legandgo.com\/fr\/shop\/blocs-mousse\/balles-pour-piscine-a-balles-500-pieces\/\" \/>\n<meta property=\"og:site_name\" content=\"leg&amp;go\" \/>\n<meta property=\"article:publisher\" content=\"https:\/\/www.facebook.com\/legandgo\" \/>\n<meta property=\"article:modified_time\" content=\"2026-02-19T10:18:23+00:00\" \/>\n<meta property=\"og:image\" content=\"https:\/\/legandgo.com\/wp-content\/uploads\/2026\/02\/White-soft-ball-set-1.jpg\" \/>\n\t<meta property=\"og:image:width\" content=\"2048\" \/>\n\t<meta property=\"og:image:height\" content=\"2048\" \/>\n\t<meta property=\"og:image:type\" content=\"image\/jpeg\" \/>\n<meta name=\"twitter:card\" content=\"summary_large_image\" \/>\n<script type=\"application\/ld+json\" class=\"yoast-schema-graph\">{\"@context\":\"https:\/\/schema.org\",\"@graph\":[{\"@type\":\"WebPage\",\"@id\":\"https:\/\/legandgo.com\/fr\/shop\/blocs-mousse\/balles-pour-piscine-a-balles-500-pieces\/\",\"url\":\"https:\/\/legandgo.com\/fr\/shop\/blocs-mousse\/balles-pour-piscine-a-balles-500-pieces\/\",\"name\":\"Balles pour Piscine \u00e0 Balles (500 pi\u00e8ces) pour Enfants\",\"isPartOf\":{\"@id\":\"https:\/\/legandgo.com\/fr\/#website\"},\"primaryImageOfPage\":{\"@id\":\"https:\/\/legandgo.com\/fr\/shop\/blocs-mousse\/balles-pour-piscine-a-balles-500-pieces\/#primaryimage\"},\"image\":{\"@id\":\"https:\/\/legandgo.com\/fr\/shop\/blocs-mousse\/balles-pour-piscine-a-balles-500-pieces\/#primaryimage\"},\"thumbnailUrl\":\"https:\/\/legandgo.com\/wp-content\/uploads\/2026\/02\/White-soft-ball-set-1.jpg\",\"datePublished\":\"2026-02-19T09:12:06+00:00\",\"dateModified\":\"2026-02-19T10:18:23+00:00\",\"description\":\"Lot de 500 balles soft play pour piscine \u00e0 balles. S\u00fbres, r\u00e9sistantes et parfaites pour cr\u00e9er un espace de jeu sensoriel \u00e9l\u00e9gant pour enfants.\",\"breadcrumb\":{\"@id\":\"https:\/\/legandgo.com\/fr\/shop\/blocs-mousse\/balles-pour-piscine-a-balles-500-pieces\/#breadcrumb\"},\"inLanguage\":\"fr-FR\",\"potentialAction\":[{\"@type\":\"ReadAction\",\"target\":[\"https:\/\/legandgo.com\/fr\/shop\/blocs-mousse\/balles-pour-piscine-a-balles-500-pieces\/\"]}]},{\"@type\":\"ImageObject\",\"inLanguage\":\"fr-FR\",\"@id\":\"https:\/\/legandgo.com\/fr\/shop\/blocs-mousse\/balles-pour-piscine-a-balles-500-pieces\/#primaryimage\",\"url\":\"https:\/\/legandgo.com\/wp-content\/uploads\/2026\/02\/White-soft-ball-set-1.jpg\",\"contentUrl\":\"https:\/\/legandgo.com\/wp-content\/uploads\/2026\/02\/White-soft-ball-set-1.jpg\",\"width\":2048,\"height\":2048},{\"@type\":\"BreadcrumbList\",\"@id\":\"https:\/\/legandgo.com\/fr\/shop\/blocs-mousse\/balles-pour-piscine-a-balles-500-pieces\/#breadcrumb\",\"itemListElement\":[{\"@type\":\"ListItem\",\"position\":1,\"name\":\"Home\",\"item\":\"https:\/\/legandgo.com\/fr\/\"},{\"@type\":\"ListItem\",\"position\":2,\"name\":\"Shop\",\"item\":\"https:\/\/legandgo.com\/fr\/shop\/\"},{\"@type\":\"ListItem\",\"position\":3,\"name\":\"Balles pour Piscine \u00e0 Balles (500 pi\u00e8ces)\"}]},{\"@type\":\"WebSite\",\"@id\":\"https:\/\/legandgo.com\/fr\/#website\",\"url\":\"https:\/\/legandgo.com\/fr\/\",\"name\":\"leg&amp;go\",\"description\":\"\",\"publisher\":{\"@id\":\"https:\/\/legandgo.com\/fr\/#organization\"},\"potentialAction\":[{\"@type\":\"SearchAction\",\"target\":{\"@type\":\"EntryPoint\",\"urlTemplate\":\"https:\/\/legandgo.com\/fr\/?s={search_term_string}\"},\"query-input\":{\"@type\":\"PropertyValueSpecification\",\"valueRequired\":true,\"valueName\":\"search_term_string\"}}],\"inLanguage\":\"fr-FR\"},{\"@type\":\"Organization\",\"@id\":\"https:\/\/legandgo.com\/fr\/#organization\",\"name\":\"leg&go bike\",\"url\":\"https:\/\/legandgo.com\/fr\/\",\"logo\":{\"@type\":\"ImageObject\",\"inLanguage\":\"fr-FR\",\"@id\":\"https:\/\/legandgo.com\/fr\/#\/schema\/logo\/image\/\",\"url\":\"https:\/\/legandgo.com\/wp-content\/uploads\/2021\/03\/logorf.png\",\"contentUrl\":\"https:\/\/legandgo.com\/wp-content\/uploads\/2021\/03\/logorf.png\",\"width\":675,\"height\":216,\"caption\":\"leg&go bike\"},\"image\":{\"@id\":\"https:\/\/legandgo.com\/fr\/#\/schema\/logo\/image\/\"},\"sameAs\":[\"https:\/\/www.facebook.com\/legandgo\",\"https:\/\/www.instagram.com\/legandgo\/\",\"https:\/\/www.linkedin.com\/company\/legandgo\/\",\"https:\/\/www.pinterest.com\/legandgo\/\",\"https:\/\/www.youtube.com\/channel\/UC_FBzWPmKWE0g7fcR4Xdfuw\/\"]}]}<\/script>\n<!-- \/ Yoast SEO plugin. -->","yoast_head_json":{"title":"Balles pour Piscine \u00e0 Balles (500 pi\u00e8ces) pour Enfants","description":"Lot de 500 balles soft play pour piscine \u00e0 balles. S\u00fbres, r\u00e9sistantes et parfaites pour cr\u00e9er un espace de jeu sensoriel \u00e9l\u00e9gant pour enfants.","robots":{"index":"index","follow":"follow","max-snippet":"max-snippet:-1","max-image-preview":"max-image-preview:large","max-video-preview":"max-video-preview:-1"},"canonical":"https:\/\/legandgo.com\/fr\/shop\/blocs-mousse\/balles-pour-piscine-a-balles-500-pieces\/","og_locale":"fr_FR","og_type":"article","og_title":"Balles pour Piscine \u00e0 Balles (500 pi\u00e8ces) pour Enfants","og_description":"Lot de 500 balles soft play pour piscine \u00e0 balles. S\u00fbres, r\u00e9sistantes et parfaites pour cr\u00e9er un espace de jeu sensoriel \u00e9l\u00e9gant pour enfants.","og_url":"https:\/\/legandgo.com\/fr\/shop\/blocs-mousse\/balles-pour-piscine-a-balles-500-pieces\/","og_site_name":"leg&amp;go","article_publisher":"https:\/\/www.facebook.com\/legandgo","article_modified_time":"2026-02-19T10:18:23+00:00","og_image":[{"width":2048,"height":2048,"url":"https:\/\/legandgo.com\/wp-content\/uploads\/2026\/02\/White-soft-ball-set-1.jpg","type":"image\/jpeg"}],"twitter_card":"summary_large_image","schema":{"@context":"https:\/\/schema.org","@graph":[{"@type":"WebPage","@id":"https:\/\/legandgo.com\/fr\/shop\/blocs-mousse\/balles-pour-piscine-a-balles-500-pieces\/","url":"https:\/\/legandgo.com\/fr\/shop\/blocs-mousse\/balles-pour-piscine-a-balles-500-pieces\/","name":"Balles pour Piscine \u00e0 Balles (500 pi\u00e8ces) pour Enfants","isPartOf":{"@id":"https:\/\/legandgo.com\/fr\/#website"},"primaryImageOfPage":{"@id":"https:\/\/legandgo.com\/fr\/shop\/blocs-mousse\/balles-pour-piscine-a-balles-500-pieces\/#primaryimage"},"image":{"@id":"https:\/\/legandgo.com\/fr\/shop\/blocs-mousse\/balles-pour-piscine-a-balles-500-pieces\/#primaryimage"},"thumbnailUrl":"https:\/\/legandgo.com\/wp-content\/uploads\/2026\/02\/White-soft-ball-set-1.jpg","datePublished":"2026-02-19T09:12:06+00:00","dateModified":"2026-02-19T10:18:23+00:00","description":"Lot de 500 balles soft play pour piscine \u00e0 balles. S\u00fbres, r\u00e9sistantes et parfaites pour cr\u00e9er un espace de jeu sensoriel \u00e9l\u00e9gant pour enfants.","breadcrumb":{"@id":"https:\/\/legandgo.com\/fr\/shop\/blocs-mousse\/balles-pour-piscine-a-balles-500-pieces\/#breadcrumb"},"inLanguage":"fr-FR","potentialAction":[{"@type":"ReadAction","target":["https:\/\/legandgo.com\/fr\/shop\/blocs-mousse\/balles-pour-piscine-a-balles-500-pieces\/"]}]},{"@type":"ImageObject","inLanguage":"fr-FR","@id":"https:\/\/legandgo.com\/fr\/shop\/blocs-mousse\/balles-pour-piscine-a-balles-500-pieces\/#primaryimage","url":"https:\/\/legandgo.com\/wp-content\/uploads\/2026\/02\/White-soft-ball-set-1.jpg","contentUrl":"https:\/\/legandgo.com\/wp-content\/uploads\/2026\/02\/White-soft-ball-set-1.jpg","width":2048,"height":2048},{"@type":"BreadcrumbList","@id":"https:\/\/legandgo.com\/fr\/shop\/blocs-mousse\/balles-pour-piscine-a-balles-500-pieces\/#breadcrumb","itemListElement":[{"@type":"ListItem","position":1,"name":"Home","item":"https:\/\/legandgo.com\/fr\/"},{"@type":"ListItem","position":2,"name":"Shop","item":"https:\/\/legandgo.com\/fr\/shop\/"},{"@type":"ListItem","position":3,"name":"Balles pour Piscine \u00e0 Balles (500 pi\u00e8ces)"}]},{"@type":"WebSite","@id":"https:\/\/legandgo.com\/fr\/#website","url":"https:\/\/legandgo.com\/fr\/","name":"leg&amp;go","description":"","publisher":{"@id":"https:\/\/legandgo.com\/fr\/#organization"},"potentialAction":[{"@type":"SearchAction","target":{"@type":"EntryPoint","urlTemplate":"https:\/\/legandgo.com\/fr\/?s={search_term_string}"},"query-input":{"@type":"PropertyValueSpecification","valueRequired":true,"valueName":"search_term_string"}}],"inLanguage":"fr-FR"},{"@type":"Organization","@id":"https:\/\/legandgo.com\/fr\/#organization","name":"leg&go bike","url":"https:\/\/legandgo.com\/fr\/","logo":{"@type":"ImageObject","inLanguage":"fr-FR","@id":"https:\/\/legandgo.com\/fr\/#\/schema\/logo\/image\/","url":"https:\/\/legandgo.com\/wp-content\/uploads\/2021\/03\/logorf.png","contentUrl":"https:\/\/legandgo.com\/wp-content\/uploads\/2021\/03\/logorf.png","width":675,"height":216,"caption":"leg&go bike"},"image":{"@id":"https:\/\/legandgo.com\/fr\/#\/schema\/logo\/image\/"},"sameAs":["https:\/\/www.facebook.com\/legandgo","https:\/\/www.instagram.com\/legandgo\/","https:\/\/www.linkedin.com\/company\/legandgo\/","https:\/\/www.pinterest.com\/legandgo\/","https:\/\/www.youtube.com\/channel\/UC_FBzWPmKWE0g7fcR4Xdfuw\/"]}]}},"_links":{"self":[{"href":"https:\/\/legandgo.com\/fr\/wp-json\/wp\/v2\/product\/52565","targetHints":{"allow":["GET"]}}],"collection":[{"href":"https:\/\/legandgo.com\/fr\/wp-json\/wp\/v2\/product"}],"about":[{"href":"https:\/\/legandgo.com\/fr\/wp-json\/wp\/v2\/types\/product"}],"replies":[{"embeddable":true,"href":"https:\/\/legandgo.com\/fr\/wp-json\/wp\/v2\/comments?post=52565"}],"version-history":[{"count":2,"href":"https:\/\/legandgo.com\/fr\/wp-json\/wp\/v2\/product\/52565\/revisions"}],"predecessor-version":[{"id":52570,"href":"https:\/\/legandgo.com\/fr\/wp-json\/wp\/v2\/product\/52565\/revisions\/52570"}],"wp:featuredmedia":[{"embeddable":true,"href":"https:\/\/legandgo.com\/fr\/wp-json\/wp\/v2\/media\/52497"}],"wp:attachment":[{"href":"https:\/\/legandgo.com\/fr\/wp-json\/wp\/v2\/media?parent=52565"}],"wp:term":[{"taxonomy":"product_brand","embeddable":true,"href":"https:\/\/legandgo.com\/fr\/wp-json\/wp\/v2\/product_brand?post=52565"},{"taxonomy":"product_cat","embeddable":true,"href":"https:\/\/legandgo.com\/fr\/wp-json\/wp\/v2\/product_cat?post=52565"},{"taxonomy":"product_tag","embeddable":true,"href":"https:\/\/legandgo.com\/fr\/wp-json\/wp\/v2\/product_tag?post=52565"}],"curies":[{"name":"wp","href":"https:\/\/api.w.org\/{rel}","templated":true}]}}