{"id":52749,"date":"2026-02-20T09:48:33","date_gmt":"2026-02-20T07:48:33","guid":{"rendered":"https:\/\/legandgo.com\/shop\/non%20class\u00e9\/piscine-a-balles-avec-500-balles-ensemble-complet\/"},"modified":"2026-02-20T11:25:44","modified_gmt":"2026-02-20T09:25:44","slug":"piscine-a-balles-avec-500-balles-ensemble-complet","status":"publish","type":"product","link":"https:\/\/legandgo.com\/fr\/shop\/blocs-mousse\/piscine-a-balles-avec-500-balles-ensemble-complet\/","title":{"rendered":"Piscine \u00e0 Balles en Mousse avec 500 Balles &#8211; Ensemble Complet"},"content":{"rendered":"<p>Une Piscine \u00e0 Balles pour enfants qui stimule les sens du toucher, de la vue et de la perception corporelle de l\u2019enfant, favorisant ainsi son d\u00e9veloppement sensoriel.<\/p>\n<p>Elle est con\u00e7ue pour accueillir 500 balles rebondissantes afin d\u2019offrir aux b\u00e9b\u00e9s, aux enfants en bas \u00e2ge et aux enfants plus \u00e2g\u00e9s une exp\u00e9rience ludique optimale.<\/p>\n<p>Con\u00e7ue pour les enfants de 1 an et plus, la piscine balles b\u00e9b\u00e9 a des c\u00f4t\u00e9s peu profonds pour que votre b\u00e9b\u00e9 puisse y grimper en toute autonomie<strong>.<\/strong><\/p>\n<p>Explorez davantage ci-dessous.<\/p>\n","protected":false},"excerpt":{"rendered":"<p>Une Piscine \u00e0 Balles pour enfants qui stimule les sens du toucher, de la vue et de la perception corporelle de l\u2019enfant, favorisant ainsi son d\u00e9veloppement sensoriel. Elle est con\u00e7ue pour accueillir 500 balles rebondissantes afin d\u2019offrir aux b\u00e9b\u00e9s, aux enfants en bas \u00e2ge et aux enfants plus \u00e2g\u00e9s une exp\u00e9rience ludique optimale. Con\u00e7ue pour<a class=\"excerpt-read-more\" href=\"https:\/\/legandgo.com\/fr\/shop\/blocs-mousse\/piscine-a-balles-avec-500-balles-ensemble-complet\/\" title=\"ReadPiscine \u00e0 Balles en Mousse avec 500 Balles &#8211; Ensemble Complet\">&#8230; Read more &raquo;<\/a><\/p>\n","protected":false},"featured_media":52735,"comment_status":"closed","ping_status":"closed","template":"","meta":{"_acf_changed":false,"inline_featured_image":false,"footnotes":""},"product_brand":[],"product_cat":[1318,556],"product_tag":[],"class_list":{"0":"post-52749","1":"product","2":"type-product","3":"status-publish","4":"has-post-thumbnail","6":"product_cat-categorie-de-jouets","7":"product_cat-blocs-mousse","8":"product_shipping_class-soft-blocks-fr","10":"first","11":"outofstock","12":"purchasable","13":"product-type-woosb"},"bundled_by":[],"bundle_stock_status":"outofstock","bundle_stock_quantity":null,"bundle_virtual":false,"bundle_layout":"","bundle_add_to_cart_form_location":"","bundle_editable_in_cart":false,"bundle_sold_individually_context":"","bundle_item_grouping":"","bundle_min_size":"","bundle_max_size":"","bundle_price":[],"bundled_items":[],"bundle_sell_ids":[],"acf":[],"yoast_head":"<!-- This site is optimized with the Yoast SEO plugin v25.9 - https:\/\/yoast.com\/wordpress\/plugins\/seo\/ -->\n<title>Piscine \u00e0 Balles en Mousse avec 500 Balles - Ensemble Complet<\/title>\n<meta name=\"description\" content=\"Ensemble complet avec piscine \u00e0 balles en mousse et 500 balles incluses. Id\u00e9al pour un espace de jeu int\u00e9rieur s\u00e9curis\u00e9 pour enfants.\" \/>\n<meta name=\"robots\" content=\"index, follow, max-snippet:-1, max-image-preview:large, max-video-preview:-1\" \/>\n<link rel=\"canonical\" href=\"https:\/\/legandgo.com\/fr\/shop\/blocs-mousse\/piscine-a-balles-avec-500-balles-ensemble-complet\/\" \/>\n<meta property=\"og:locale\" content=\"fr_FR\" \/>\n<meta property=\"og:type\" content=\"article\" \/>\n<meta property=\"og:title\" content=\"Piscine \u00e0 Balles en Mousse avec 500 Balles - Ensemble Complet\" \/>\n<meta property=\"og:description\" content=\"Ensemble complet avec piscine \u00e0 balles en mousse et 500 balles incluses. Id\u00e9al pour un espace de jeu int\u00e9rieur s\u00e9curis\u00e9 pour enfants.\" \/>\n<meta property=\"og:url\" content=\"https:\/\/legandgo.com\/fr\/shop\/blocs-mousse\/piscine-a-balles-avec-500-balles-ensemble-complet\/\" \/>\n<meta property=\"og:site_name\" content=\"leg&amp;go\" \/>\n<meta property=\"article:publisher\" content=\"https:\/\/www.facebook.com\/legandgo\" \/>\n<meta property=\"article:modified_time\" content=\"2026-02-20T09:25:44+00:00\" \/>\n<meta property=\"og:image\" content=\"https:\/\/legandgo.com\/wp-content\/uploads\/2026\/02\/white-ball-pit-with-balls.webp\" \/>\n\t<meta property=\"og:image:width\" content=\"1024\" \/>\n\t<meta property=\"og:image:height\" content=\"1024\" \/>\n\t<meta property=\"og:image:type\" content=\"image\/webp\" \/>\n<meta name=\"twitter:card\" content=\"summary_large_image\" \/>\n<script type=\"application\/ld+json\" class=\"yoast-schema-graph\">{\"@context\":\"https:\/\/schema.org\",\"@graph\":[{\"@type\":\"WebPage\",\"@id\":\"https:\/\/legandgo.com\/fr\/shop\/blocs-mousse\/piscine-a-balles-avec-500-balles-ensemble-complet\/\",\"url\":\"https:\/\/legandgo.com\/fr\/shop\/blocs-mousse\/piscine-a-balles-avec-500-balles-ensemble-complet\/\",\"name\":\"Piscine \u00e0 Balles en Mousse avec 500 Balles - Ensemble Complet\",\"isPartOf\":{\"@id\":\"https:\/\/legandgo.com\/fr\/#website\"},\"primaryImageOfPage\":{\"@id\":\"https:\/\/legandgo.com\/fr\/shop\/blocs-mousse\/piscine-a-balles-avec-500-balles-ensemble-complet\/#primaryimage\"},\"image\":{\"@id\":\"https:\/\/legandgo.com\/fr\/shop\/blocs-mousse\/piscine-a-balles-avec-500-balles-ensemble-complet\/#primaryimage\"},\"thumbnailUrl\":\"https:\/\/legandgo.com\/wp-content\/uploads\/2026\/02\/white-ball-pit-with-balls.webp\",\"datePublished\":\"2026-02-20T07:48:33+00:00\",\"dateModified\":\"2026-02-20T09:25:44+00:00\",\"description\":\"Ensemble complet avec piscine \u00e0 balles en mousse et 500 balles incluses. Id\u00e9al pour un espace de jeu int\u00e9rieur s\u00e9curis\u00e9 pour enfants.\",\"breadcrumb\":{\"@id\":\"https:\/\/legandgo.com\/fr\/shop\/blocs-mousse\/piscine-a-balles-avec-500-balles-ensemble-complet\/#breadcrumb\"},\"inLanguage\":\"fr-FR\",\"potentialAction\":[{\"@type\":\"ReadAction\",\"target\":[\"https:\/\/legandgo.com\/fr\/shop\/blocs-mousse\/piscine-a-balles-avec-500-balles-ensemble-complet\/\"]}]},{\"@type\":\"ImageObject\",\"inLanguage\":\"fr-FR\",\"@id\":\"https:\/\/legandgo.com\/fr\/shop\/blocs-mousse\/piscine-a-balles-avec-500-balles-ensemble-complet\/#primaryimage\",\"url\":\"https:\/\/legandgo.com\/wp-content\/uploads\/2026\/02\/white-ball-pit-with-balls.webp\",\"contentUrl\":\"https:\/\/legandgo.com\/wp-content\/uploads\/2026\/02\/white-ball-pit-with-balls.webp\",\"width\":1024,\"height\":1024,\"caption\":\"Piscine \u00e0 Balles Soft Play avec 500 balles incluses\"},{\"@type\":\"BreadcrumbList\",\"@id\":\"https:\/\/legandgo.com\/fr\/shop\/blocs-mousse\/piscine-a-balles-avec-500-balles-ensemble-complet\/#breadcrumb\",\"itemListElement\":[{\"@type\":\"ListItem\",\"position\":1,\"name\":\"Home\",\"item\":\"https:\/\/legandgo.com\/fr\/\"},{\"@type\":\"ListItem\",\"position\":2,\"name\":\"Shop\",\"item\":\"https:\/\/legandgo.com\/fr\/shop\/\"},{\"@type\":\"ListItem\",\"position\":3,\"name\":\"Piscine \u00e0 Balles en Mousse avec 500 Balles &#8211; Ensemble Complet\"}]},{\"@type\":\"WebSite\",\"@id\":\"https:\/\/legandgo.com\/fr\/#website\",\"url\":\"https:\/\/legandgo.com\/fr\/\",\"name\":\"leg&amp;go\",\"description\":\"\",\"publisher\":{\"@id\":\"https:\/\/legandgo.com\/fr\/#organization\"},\"potentialAction\":[{\"@type\":\"SearchAction\",\"target\":{\"@type\":\"EntryPoint\",\"urlTemplate\":\"https:\/\/legandgo.com\/fr\/?s={search_term_string}\"},\"query-input\":{\"@type\":\"PropertyValueSpecification\",\"valueRequired\":true,\"valueName\":\"search_term_string\"}}],\"inLanguage\":\"fr-FR\"},{\"@type\":\"Organization\",\"@id\":\"https:\/\/legandgo.com\/fr\/#organization\",\"name\":\"leg&go bike\",\"url\":\"https:\/\/legandgo.com\/fr\/\",\"logo\":{\"@type\":\"ImageObject\",\"inLanguage\":\"fr-FR\",\"@id\":\"https:\/\/legandgo.com\/fr\/#\/schema\/logo\/image\/\",\"url\":\"https:\/\/legandgo.com\/wp-content\/uploads\/2021\/03\/logorf.png\",\"contentUrl\":\"https:\/\/legandgo.com\/wp-content\/uploads\/2021\/03\/logorf.png\",\"width\":675,\"height\":216,\"caption\":\"leg&go bike\"},\"image\":{\"@id\":\"https:\/\/legandgo.com\/fr\/#\/schema\/logo\/image\/\"},\"sameAs\":[\"https:\/\/www.facebook.com\/legandgo\",\"https:\/\/www.instagram.com\/legandgo\/\",\"https:\/\/www.linkedin.com\/company\/legandgo\/\",\"https:\/\/www.pinterest.com\/legandgo\/\",\"https:\/\/www.youtube.com\/channel\/UC_FBzWPmKWE0g7fcR4Xdfuw\/\"]}]}<\/script>\n<!-- \/ Yoast SEO plugin. -->","yoast_head_json":{"title":"Piscine \u00e0 Balles en Mousse avec 500 Balles - Ensemble Complet","description":"Ensemble complet avec piscine \u00e0 balles en mousse et 500 balles incluses. Id\u00e9al pour un espace de jeu int\u00e9rieur s\u00e9curis\u00e9 pour enfants.","robots":{"index":"index","follow":"follow","max-snippet":"max-snippet:-1","max-image-preview":"max-image-preview:large","max-video-preview":"max-video-preview:-1"},"canonical":"https:\/\/legandgo.com\/fr\/shop\/blocs-mousse\/piscine-a-balles-avec-500-balles-ensemble-complet\/","og_locale":"fr_FR","og_type":"article","og_title":"Piscine \u00e0 Balles en Mousse avec 500 Balles - Ensemble Complet","og_description":"Ensemble complet avec piscine \u00e0 balles en mousse et 500 balles incluses. Id\u00e9al pour un espace de jeu int\u00e9rieur s\u00e9curis\u00e9 pour enfants.","og_url":"https:\/\/legandgo.com\/fr\/shop\/blocs-mousse\/piscine-a-balles-avec-500-balles-ensemble-complet\/","og_site_name":"leg&amp;go","article_publisher":"https:\/\/www.facebook.com\/legandgo","article_modified_time":"2026-02-20T09:25:44+00:00","og_image":[{"width":1024,"height":1024,"url":"https:\/\/legandgo.com\/wp-content\/uploads\/2026\/02\/white-ball-pit-with-balls.webp","type":"image\/webp"}],"twitter_card":"summary_large_image","schema":{"@context":"https:\/\/schema.org","@graph":[{"@type":"WebPage","@id":"https:\/\/legandgo.com\/fr\/shop\/blocs-mousse\/piscine-a-balles-avec-500-balles-ensemble-complet\/","url":"https:\/\/legandgo.com\/fr\/shop\/blocs-mousse\/piscine-a-balles-avec-500-balles-ensemble-complet\/","name":"Piscine \u00e0 Balles en Mousse avec 500 Balles - Ensemble Complet","isPartOf":{"@id":"https:\/\/legandgo.com\/fr\/#website"},"primaryImageOfPage":{"@id":"https:\/\/legandgo.com\/fr\/shop\/blocs-mousse\/piscine-a-balles-avec-500-balles-ensemble-complet\/#primaryimage"},"image":{"@id":"https:\/\/legandgo.com\/fr\/shop\/blocs-mousse\/piscine-a-balles-avec-500-balles-ensemble-complet\/#primaryimage"},"thumbnailUrl":"https:\/\/legandgo.com\/wp-content\/uploads\/2026\/02\/white-ball-pit-with-balls.webp","datePublished":"2026-02-20T07:48:33+00:00","dateModified":"2026-02-20T09:25:44+00:00","description":"Ensemble complet avec piscine \u00e0 balles en mousse et 500 balles incluses. Id\u00e9al pour un espace de jeu int\u00e9rieur s\u00e9curis\u00e9 pour enfants.","breadcrumb":{"@id":"https:\/\/legandgo.com\/fr\/shop\/blocs-mousse\/piscine-a-balles-avec-500-balles-ensemble-complet\/#breadcrumb"},"inLanguage":"fr-FR","potentialAction":[{"@type":"ReadAction","target":["https:\/\/legandgo.com\/fr\/shop\/blocs-mousse\/piscine-a-balles-avec-500-balles-ensemble-complet\/"]}]},{"@type":"ImageObject","inLanguage":"fr-FR","@id":"https:\/\/legandgo.com\/fr\/shop\/blocs-mousse\/piscine-a-balles-avec-500-balles-ensemble-complet\/#primaryimage","url":"https:\/\/legandgo.com\/wp-content\/uploads\/2026\/02\/white-ball-pit-with-balls.webp","contentUrl":"https:\/\/legandgo.com\/wp-content\/uploads\/2026\/02\/white-ball-pit-with-balls.webp","width":1024,"height":1024,"caption":"Piscine \u00e0 Balles Soft Play avec 500 balles incluses"},{"@type":"BreadcrumbList","@id":"https:\/\/legandgo.com\/fr\/shop\/blocs-mousse\/piscine-a-balles-avec-500-balles-ensemble-complet\/#breadcrumb","itemListElement":[{"@type":"ListItem","position":1,"name":"Home","item":"https:\/\/legandgo.com\/fr\/"},{"@type":"ListItem","position":2,"name":"Shop","item":"https:\/\/legandgo.com\/fr\/shop\/"},{"@type":"ListItem","position":3,"name":"Piscine \u00e0 Balles en Mousse avec 500 Balles &#8211; Ensemble Complet"}]},{"@type":"WebSite","@id":"https:\/\/legandgo.com\/fr\/#website","url":"https:\/\/legandgo.com\/fr\/","name":"leg&amp;go","description":"","publisher":{"@id":"https:\/\/legandgo.com\/fr\/#organization"},"potentialAction":[{"@type":"SearchAction","target":{"@type":"EntryPoint","urlTemplate":"https:\/\/legandgo.com\/fr\/?s={search_term_string}"},"query-input":{"@type":"PropertyValueSpecification","valueRequired":true,"valueName":"search_term_string"}}],"inLanguage":"fr-FR"},{"@type":"Organization","@id":"https:\/\/legandgo.com\/fr\/#organization","name":"leg&go bike","url":"https:\/\/legandgo.com\/fr\/","logo":{"@type":"ImageObject","inLanguage":"fr-FR","@id":"https:\/\/legandgo.com\/fr\/#\/schema\/logo\/image\/","url":"https:\/\/legandgo.com\/wp-content\/uploads\/2021\/03\/logorf.png","contentUrl":"https:\/\/legandgo.com\/wp-content\/uploads\/2021\/03\/logorf.png","width":675,"height":216,"caption":"leg&go bike"},"image":{"@id":"https:\/\/legandgo.com\/fr\/#\/schema\/logo\/image\/"},"sameAs":["https:\/\/www.facebook.com\/legandgo","https:\/\/www.instagram.com\/legandgo\/","https:\/\/www.linkedin.com\/company\/legandgo\/","https:\/\/www.pinterest.com\/legandgo\/","https:\/\/www.youtube.com\/channel\/UC_FBzWPmKWE0g7fcR4Xdfuw\/"]}]}},"_links":{"self":[{"href":"https:\/\/legandgo.com\/fr\/wp-json\/wp\/v2\/product\/52749","targetHints":{"allow":["GET"]}}],"collection":[{"href":"https:\/\/legandgo.com\/fr\/wp-json\/wp\/v2\/product"}],"about":[{"href":"https:\/\/legandgo.com\/fr\/wp-json\/wp\/v2\/types\/product"}],"replies":[{"embeddable":true,"href":"https:\/\/legandgo.com\/fr\/wp-json\/wp\/v2\/comments?post=52749"}],"version-history":[{"count":3,"href":"https:\/\/legandgo.com\/fr\/wp-json\/wp\/v2\/product\/52749\/revisions"}],"predecessor-version":[{"id":52764,"href":"https:\/\/legandgo.com\/fr\/wp-json\/wp\/v2\/product\/52749\/revisions\/52764"}],"wp:featuredmedia":[{"embeddable":true,"href":"https:\/\/legandgo.com\/fr\/wp-json\/wp\/v2\/media\/52735"}],"wp:attachment":[{"href":"https:\/\/legandgo.com\/fr\/wp-json\/wp\/v2\/media?parent=52749"}],"wp:term":[{"taxonomy":"product_brand","embeddable":true,"href":"https:\/\/legandgo.com\/fr\/wp-json\/wp\/v2\/product_brand?post=52749"},{"taxonomy":"product_cat","embeddable":true,"href":"https:\/\/legandgo.com\/fr\/wp-json\/wp\/v2\/product_cat?post=52749"},{"taxonomy":"product_tag","embeddable":true,"href":"https:\/\/legandgo.com\/fr\/wp-json\/wp\/v2\/product_tag?post=52749"}],"curies":[{"name":"wp","href":"https:\/\/api.w.org\/{rel}","templated":true}]}}