{"id":62627,"date":"2026-03-24T11:14:54","date_gmt":"2026-03-24T09:14:54","guid":{"rendered":"https:\/\/legandgo.com\/shop\/non%20class\u00e9\/surf-jouet-porteur-enfant-souple\/"},"modified":"2026-04-17T08:54:49","modified_gmt":"2026-04-17T06:54:49","slug":"surf-jouet-porteur-enfant-souple","status":"publish","type":"product","link":"https:\/\/legandgo.com\/fr\/shop\/blocs-mousse\/surf-jouet-porteur-enfant-souple\/","title":{"rendered":"Surf &#8211; Jouet porteur enfant souple"},"content":{"rendered":"<p>Le Surf est un jouet porteur enfant \u00e0 roues con\u00e7u pour le jeu int\u00e9rieur, le mouvement et le plaisir.<\/p>\n<p>Ce jouet porteur enfant souple, adapt\u00e9 \u00e0 une utilisation en int\u00e9rieur, est \u00e9quip\u00e9 de roues lisses qui n\u2019ab\u00eement pas le sol. Les enfants peuvent rouler, pousser et se d\u00e9placer en toute s\u00e9curit\u00e9 \u00e0 l\u2019int\u00e9rieur tout en d\u00e9veloppant l\u2019\u00e9quilibre, la coordination et la motricit\u00e9.<\/p>\n<p><strong>D\u00e9couvrez plus ci-dessous.<\/strong><\/p>\n","protected":false},"excerpt":{"rendered":"<p>Le Surf est un jouet porteur enfant \u00e0 roues con\u00e7u pour le jeu int\u00e9rieur, le mouvement et le plaisir. Ce jouet porteur enfant souple, adapt\u00e9 \u00e0 une utilisation en int\u00e9rieur, est \u00e9quip\u00e9 de roues lisses qui n\u2019ab\u00eement pas le sol. Les enfants peuvent rouler, pousser et se d\u00e9placer en toute s\u00e9curit\u00e9 \u00e0 l\u2019int\u00e9rieur tout en<a class=\"excerpt-read-more\" href=\"https:\/\/legandgo.com\/fr\/shop\/blocs-mousse\/surf-jouet-porteur-enfant-souple\/\" title=\"ReadSurf &#8211; Jouet porteur enfant souple\">&#8230; Read more &raquo;<\/a><\/p>\n","protected":false},"featured_media":62399,"comment_status":"closed","ping_status":"closed","template":"","meta":{"_acf_changed":false,"inline_featured_image":false,"footnotes":""},"product_brand":[],"product_cat":[1318,556],"product_tag":[],"class_list":{"0":"post-62627","1":"product","2":"type-product","3":"status-publish","4":"has-post-thumbnail","6":"product_cat-categorie-de-jouets","7":"product_cat-blocs-mousse","8":"product_shipping_class-surf-jouet-porteur-enfant-souple","9":"pa_surf-rider-color-blanc","10":"pa_surf-rider-color-bleu","11":"pa_surf-rider-color-rose","12":"pa_surf-rider-color-vert","14":"first","15":"instock","16":"purchasable","17":"product-type-variable"},"bundled_by":[],"bundle_stock_status":"instock","bundle_stock_quantity":null,"bundle_virtual":false,"bundle_layout":"","bundle_add_to_cart_form_location":"","bundle_editable_in_cart":false,"bundle_sold_individually_context":"","bundle_item_grouping":"","bundle_min_size":"","bundle_max_size":"","bundle_price":[],"bundled_items":[],"bundle_sell_ids":[],"acf":[],"yoast_head":"<!-- This site is optimized with the Yoast SEO plugin v25.9 - https:\/\/yoast.com\/wordpress\/plugins\/seo\/ -->\n<title>Surf - Jouet porteur enfant \u00e0 roues pour \u00e9quilibre<\/title>\n<meta name=\"description\" content=\"Le jouet porteur enfant Surf \u00e0 roues est un porteur souple qui aide \u00e0 d\u00e9velopper l\u2019\u00e9quilibre, la coordination et la motricit\u00e9 gr\u00e2ce au jeu actif en int\u00e9rieur.\" \/>\n<meta name=\"robots\" content=\"index, follow, max-snippet:-1, max-image-preview:large, max-video-preview:-1\" \/>\n<link rel=\"canonical\" href=\"https:\/\/legandgo.com\/fr\/shop\/blocs-mousse\/surf-jouet-porteur-enfant-souple\/\" \/>\n<meta property=\"og:locale\" content=\"fr_FR\" \/>\n<meta property=\"og:type\" content=\"article\" \/>\n<meta property=\"og:title\" content=\"Surf - Jouet porteur enfant \u00e0 roues pour \u00e9quilibre\" \/>\n<meta property=\"og:description\" content=\"Le jouet porteur enfant Surf \u00e0 roues est un porteur souple qui aide \u00e0 d\u00e9velopper l\u2019\u00e9quilibre, la coordination et la motricit\u00e9 gr\u00e2ce au jeu actif en int\u00e9rieur.\" \/>\n<meta property=\"og:url\" content=\"https:\/\/legandgo.com\/fr\/shop\/blocs-mousse\/surf-jouet-porteur-enfant-souple\/\" \/>\n<meta property=\"og:site_name\" content=\"leg&amp;go\" \/>\n<meta property=\"article:publisher\" content=\"https:\/\/www.facebook.com\/legandgo\" \/>\n<meta property=\"article:modified_time\" content=\"2026-04-17T06:54:49+00:00\" \/>\n<meta property=\"og:image\" content=\"https:\/\/legandgo.com\/wp-content\/uploads\/2026\/03\/soft-rider-blue.jpg\" \/>\n\t<meta property=\"og:image:width\" content=\"2048\" \/>\n\t<meta property=\"og:image:height\" content=\"2048\" \/>\n\t<meta property=\"og:image:type\" content=\"image\/jpeg\" \/>\n<meta name=\"twitter:card\" content=\"summary_large_image\" \/>\n<script type=\"application\/ld+json\" class=\"yoast-schema-graph\">{\"@context\":\"https:\/\/schema.org\",\"@graph\":[{\"@type\":\"WebPage\",\"@id\":\"https:\/\/legandgo.com\/fr\/shop\/blocs-mousse\/surf-jouet-porteur-enfant-souple\/\",\"url\":\"https:\/\/legandgo.com\/fr\/shop\/blocs-mousse\/surf-jouet-porteur-enfant-souple\/\",\"name\":\"Surf - Jouet porteur enfant \u00e0 roues pour \u00e9quilibre\",\"isPartOf\":{\"@id\":\"https:\/\/legandgo.com\/fr\/#website\"},\"primaryImageOfPage\":{\"@id\":\"https:\/\/legandgo.com\/fr\/shop\/blocs-mousse\/surf-jouet-porteur-enfant-souple\/#primaryimage\"},\"image\":{\"@id\":\"https:\/\/legandgo.com\/fr\/shop\/blocs-mousse\/surf-jouet-porteur-enfant-souple\/#primaryimage\"},\"thumbnailUrl\":\"https:\/\/legandgo.com\/wp-content\/uploads\/2026\/03\/soft-rider-blue.jpg\",\"datePublished\":\"2026-03-24T09:14:54+00:00\",\"dateModified\":\"2026-04-17T06:54:49+00:00\",\"description\":\"Le jouet porteur enfant Surf \u00e0 roues est un porteur souple qui aide \u00e0 d\u00e9velopper l\u2019\u00e9quilibre, la coordination et la motricit\u00e9 gr\u00e2ce au jeu actif en int\u00e9rieur.\",\"breadcrumb\":{\"@id\":\"https:\/\/legandgo.com\/fr\/shop\/blocs-mousse\/surf-jouet-porteur-enfant-souple\/#breadcrumb\"},\"inLanguage\":\"fr-FR\",\"potentialAction\":[{\"@type\":\"ReadAction\",\"target\":[\"https:\/\/legandgo.com\/fr\/shop\/blocs-mousse\/surf-jouet-porteur-enfant-souple\/\"]}]},{\"@type\":\"ImageObject\",\"inLanguage\":\"fr-FR\",\"@id\":\"https:\/\/legandgo.com\/fr\/shop\/blocs-mousse\/surf-jouet-porteur-enfant-souple\/#primaryimage\",\"url\":\"https:\/\/legandgo.com\/wp-content\/uploads\/2026\/03\/soft-rider-blue.jpg\",\"contentUrl\":\"https:\/\/legandgo.com\/wp-content\/uploads\/2026\/03\/soft-rider-blue.jpg\",\"width\":2048,\"height\":2048,\"caption\":\"Jouet porteur enfant Surf \u00e0 roues bleu, porteur souple pour \u00e9quilibre, motricit\u00e9 et jeu int\u00e9rieur.\"},{\"@type\":\"BreadcrumbList\",\"@id\":\"https:\/\/legandgo.com\/fr\/shop\/blocs-mousse\/surf-jouet-porteur-enfant-souple\/#breadcrumb\",\"itemListElement\":[{\"@type\":\"ListItem\",\"position\":1,\"name\":\"Home\",\"item\":\"https:\/\/legandgo.com\/fr\/\"},{\"@type\":\"ListItem\",\"position\":2,\"name\":\"Shop\",\"item\":\"https:\/\/legandgo.com\/fr\/shop\/\"},{\"@type\":\"ListItem\",\"position\":3,\"name\":\"Surf &#8211; Jouet porteur enfant souple\"}]},{\"@type\":\"WebSite\",\"@id\":\"https:\/\/legandgo.com\/fr\/#website\",\"url\":\"https:\/\/legandgo.com\/fr\/\",\"name\":\"leg&amp;go\",\"description\":\"\",\"publisher\":{\"@id\":\"https:\/\/legandgo.com\/fr\/#organization\"},\"potentialAction\":[{\"@type\":\"SearchAction\",\"target\":{\"@type\":\"EntryPoint\",\"urlTemplate\":\"https:\/\/legandgo.com\/fr\/?s={search_term_string}\"},\"query-input\":{\"@type\":\"PropertyValueSpecification\",\"valueRequired\":true,\"valueName\":\"search_term_string\"}}],\"inLanguage\":\"fr-FR\"},{\"@type\":\"Organization\",\"@id\":\"https:\/\/legandgo.com\/fr\/#organization\",\"name\":\"leg&go bike\",\"url\":\"https:\/\/legandgo.com\/fr\/\",\"logo\":{\"@type\":\"ImageObject\",\"inLanguage\":\"fr-FR\",\"@id\":\"https:\/\/legandgo.com\/fr\/#\/schema\/logo\/image\/\",\"url\":\"https:\/\/legandgo.com\/wp-content\/uploads\/2021\/03\/logorf.png\",\"contentUrl\":\"https:\/\/legandgo.com\/wp-content\/uploads\/2021\/03\/logorf.png\",\"width\":675,\"height\":216,\"caption\":\"leg&go bike\"},\"image\":{\"@id\":\"https:\/\/legandgo.com\/fr\/#\/schema\/logo\/image\/\"},\"sameAs\":[\"https:\/\/www.facebook.com\/legandgo\",\"https:\/\/www.instagram.com\/legandgo\/\",\"https:\/\/www.linkedin.com\/company\/legandgo\/\",\"https:\/\/www.pinterest.com\/legandgo\/\",\"https:\/\/www.youtube.com\/channel\/UC_FBzWPmKWE0g7fcR4Xdfuw\/\"]}]}<\/script>\n<!-- \/ Yoast SEO plugin. -->","yoast_head_json":{"title":"Surf - Jouet porteur enfant \u00e0 roues pour \u00e9quilibre","description":"Le jouet porteur enfant Surf \u00e0 roues est un porteur souple qui aide \u00e0 d\u00e9velopper l\u2019\u00e9quilibre, la coordination et la motricit\u00e9 gr\u00e2ce au jeu actif en int\u00e9rieur.","robots":{"index":"index","follow":"follow","max-snippet":"max-snippet:-1","max-image-preview":"max-image-preview:large","max-video-preview":"max-video-preview:-1"},"canonical":"https:\/\/legandgo.com\/fr\/shop\/blocs-mousse\/surf-jouet-porteur-enfant-souple\/","og_locale":"fr_FR","og_type":"article","og_title":"Surf - Jouet porteur enfant \u00e0 roues pour \u00e9quilibre","og_description":"Le jouet porteur enfant Surf \u00e0 roues est un porteur souple qui aide \u00e0 d\u00e9velopper l\u2019\u00e9quilibre, la coordination et la motricit\u00e9 gr\u00e2ce au jeu actif en int\u00e9rieur.","og_url":"https:\/\/legandgo.com\/fr\/shop\/blocs-mousse\/surf-jouet-porteur-enfant-souple\/","og_site_name":"leg&amp;go","article_publisher":"https:\/\/www.facebook.com\/legandgo","article_modified_time":"2026-04-17T06:54:49+00:00","og_image":[{"width":2048,"height":2048,"url":"https:\/\/legandgo.com\/wp-content\/uploads\/2026\/03\/soft-rider-blue.jpg","type":"image\/jpeg"}],"twitter_card":"summary_large_image","schema":{"@context":"https:\/\/schema.org","@graph":[{"@type":"WebPage","@id":"https:\/\/legandgo.com\/fr\/shop\/blocs-mousse\/surf-jouet-porteur-enfant-souple\/","url":"https:\/\/legandgo.com\/fr\/shop\/blocs-mousse\/surf-jouet-porteur-enfant-souple\/","name":"Surf - Jouet porteur enfant \u00e0 roues pour \u00e9quilibre","isPartOf":{"@id":"https:\/\/legandgo.com\/fr\/#website"},"primaryImageOfPage":{"@id":"https:\/\/legandgo.com\/fr\/shop\/blocs-mousse\/surf-jouet-porteur-enfant-souple\/#primaryimage"},"image":{"@id":"https:\/\/legandgo.com\/fr\/shop\/blocs-mousse\/surf-jouet-porteur-enfant-souple\/#primaryimage"},"thumbnailUrl":"https:\/\/legandgo.com\/wp-content\/uploads\/2026\/03\/soft-rider-blue.jpg","datePublished":"2026-03-24T09:14:54+00:00","dateModified":"2026-04-17T06:54:49+00:00","description":"Le jouet porteur enfant Surf \u00e0 roues est un porteur souple qui aide \u00e0 d\u00e9velopper l\u2019\u00e9quilibre, la coordination et la motricit\u00e9 gr\u00e2ce au jeu actif en int\u00e9rieur.","breadcrumb":{"@id":"https:\/\/legandgo.com\/fr\/shop\/blocs-mousse\/surf-jouet-porteur-enfant-souple\/#breadcrumb"},"inLanguage":"fr-FR","potentialAction":[{"@type":"ReadAction","target":["https:\/\/legandgo.com\/fr\/shop\/blocs-mousse\/surf-jouet-porteur-enfant-souple\/"]}]},{"@type":"ImageObject","inLanguage":"fr-FR","@id":"https:\/\/legandgo.com\/fr\/shop\/blocs-mousse\/surf-jouet-porteur-enfant-souple\/#primaryimage","url":"https:\/\/legandgo.com\/wp-content\/uploads\/2026\/03\/soft-rider-blue.jpg","contentUrl":"https:\/\/legandgo.com\/wp-content\/uploads\/2026\/03\/soft-rider-blue.jpg","width":2048,"height":2048,"caption":"Jouet porteur enfant Surf \u00e0 roues bleu, porteur souple pour \u00e9quilibre, motricit\u00e9 et jeu int\u00e9rieur."},{"@type":"BreadcrumbList","@id":"https:\/\/legandgo.com\/fr\/shop\/blocs-mousse\/surf-jouet-porteur-enfant-souple\/#breadcrumb","itemListElement":[{"@type":"ListItem","position":1,"name":"Home","item":"https:\/\/legandgo.com\/fr\/"},{"@type":"ListItem","position":2,"name":"Shop","item":"https:\/\/legandgo.com\/fr\/shop\/"},{"@type":"ListItem","position":3,"name":"Surf &#8211; Jouet porteur enfant souple"}]},{"@type":"WebSite","@id":"https:\/\/legandgo.com\/fr\/#website","url":"https:\/\/legandgo.com\/fr\/","name":"leg&amp;go","description":"","publisher":{"@id":"https:\/\/legandgo.com\/fr\/#organization"},"potentialAction":[{"@type":"SearchAction","target":{"@type":"EntryPoint","urlTemplate":"https:\/\/legandgo.com\/fr\/?s={search_term_string}"},"query-input":{"@type":"PropertyValueSpecification","valueRequired":true,"valueName":"search_term_string"}}],"inLanguage":"fr-FR"},{"@type":"Organization","@id":"https:\/\/legandgo.com\/fr\/#organization","name":"leg&go bike","url":"https:\/\/legandgo.com\/fr\/","logo":{"@type":"ImageObject","inLanguage":"fr-FR","@id":"https:\/\/legandgo.com\/fr\/#\/schema\/logo\/image\/","url":"https:\/\/legandgo.com\/wp-content\/uploads\/2021\/03\/logorf.png","contentUrl":"https:\/\/legandgo.com\/wp-content\/uploads\/2021\/03\/logorf.png","width":675,"height":216,"caption":"leg&go bike"},"image":{"@id":"https:\/\/legandgo.com\/fr\/#\/schema\/logo\/image\/"},"sameAs":["https:\/\/www.facebook.com\/legandgo","https:\/\/www.instagram.com\/legandgo\/","https:\/\/www.linkedin.com\/company\/legandgo\/","https:\/\/www.pinterest.com\/legandgo\/","https:\/\/www.youtube.com\/channel\/UC_FBzWPmKWE0g7fcR4Xdfuw\/"]}]}},"_links":{"self":[{"href":"https:\/\/legandgo.com\/fr\/wp-json\/wp\/v2\/product\/62627","targetHints":{"allow":["GET"]}}],"collection":[{"href":"https:\/\/legandgo.com\/fr\/wp-json\/wp\/v2\/product"}],"about":[{"href":"https:\/\/legandgo.com\/fr\/wp-json\/wp\/v2\/types\/product"}],"replies":[{"embeddable":true,"href":"https:\/\/legandgo.com\/fr\/wp-json\/wp\/v2\/comments?post=62627"}],"version-history":[{"count":2,"href":"https:\/\/legandgo.com\/fr\/wp-json\/wp\/v2\/product\/62627\/revisions"}],"predecessor-version":[{"id":63417,"href":"https:\/\/legandgo.com\/fr\/wp-json\/wp\/v2\/product\/62627\/revisions\/63417"}],"wp:featuredmedia":[{"embeddable":true,"href":"https:\/\/legandgo.com\/fr\/wp-json\/wp\/v2\/media\/62399"}],"wp:attachment":[{"href":"https:\/\/legandgo.com\/fr\/wp-json\/wp\/v2\/media?parent=62627"}],"wp:term":[{"taxonomy":"product_brand","embeddable":true,"href":"https:\/\/legandgo.com\/fr\/wp-json\/wp\/v2\/product_brand?post=62627"},{"taxonomy":"product_cat","embeddable":true,"href":"https:\/\/legandgo.com\/fr\/wp-json\/wp\/v2\/product_cat?post=62627"},{"taxonomy":"product_tag","embeddable":true,"href":"https:\/\/legandgo.com\/fr\/wp-json\/wp\/v2\/product_tag?post=62627"}],"curies":[{"name":"wp","href":"https:\/\/api.w.org\/{rel}","templated":true}]}}