{"id":63727,"date":"2026-04-22T16:13:09","date_gmt":"2026-04-22T14:13:09","guid":{"rendered":"https:\/\/legandgo.com\/shop\/non%20class\u00e9\/bicycle-go\/"},"modified":"2026-04-23T10:19:37","modified_gmt":"2026-04-23T08:19:37","slug":"bicycle-go","status":"publish","type":"product","link":"https:\/\/legandgo.com\/fr\/shop\/draisiennes-et-plus\/bicycle-go\/","title":{"rendered":"Bicycle Go"},"content":{"rendered":"<p style=\"font-weight: 400;\">Le premier v\u00e9lo \u00e0 p\u00e9dales 14\u2033 ultra l\u00e9ger, con\u00e7u pour d\u00e9marrer en toute confiance.<\/p>\n<p style=\"font-weight: 400;\">Gr\u00e2ce \u00e0 son cadre en bois l\u00e9ger (seulement 4,9 kg), sa g\u00e9om\u00e9trie intuitive et ses d\u00e9tails pens\u00e9s pour la s\u00e9curit\u00e9, Bicycle Go rend l\u2019apprentissage du v\u00e9lo naturel d\u00e8s les premiers coups de p\u00e9dale.<\/p>\n<p style=\"font-weight: 400;\">Con\u00e7u pour les enfants \u00e0 partir de 3 ans.<br \/>\n<strong>D\u00e9couvrez-en plus ci-dessous.<\/strong><\/p>\n","protected":false},"excerpt":{"rendered":"<p>Le premier v\u00e9lo \u00e0 p\u00e9dales 14\u2033 ultra l\u00e9ger, con\u00e7u pour d\u00e9marrer en toute confiance. Gr\u00e2ce \u00e0 son cadre en bois l\u00e9ger (seulement 4,9 kg), sa g\u00e9om\u00e9trie intuitive et ses d\u00e9tails pens\u00e9s pour la s\u00e9curit\u00e9, Bicycle Go rend l\u2019apprentissage du v\u00e9lo naturel d\u00e8s les premiers coups de p\u00e9dale. Con\u00e7u pour les enfants \u00e0 partir de 3<a class=\"excerpt-read-more\" href=\"https:\/\/legandgo.com\/fr\/shop\/draisiennes-et-plus\/bicycle-go\/\" title=\"ReadBicycle Go\">&#8230; Read more &raquo;<\/a><\/p>\n","protected":false},"featured_media":63684,"comment_status":"open","ping_status":"closed","template":"","meta":{"_acf_changed":false,"inline_featured_image":false,"footnotes":""},"product_brand":[],"product_cat":[1310],"product_tag":[1810,1811,1809],"class_list":{"0":"post-63727","1":"product","2":"type-product","3":"status-publish","4":"has-post-thumbnail","6":"product_cat-draisiennes-et-plus","7":"product_tag-bicyclette","8":"product_tag-velo-a-pedales","9":"product_tag-velo-dequilibre","10":"product_shipping_class-bike-shipping-fr","12":"first","13":"instock","14":"sale","15":"purchasable","16":"product-type-simple"},"bundled_by":[],"bundle_stock_status":"instock","bundle_stock_quantity":null,"bundle_virtual":false,"bundle_layout":"","bundle_add_to_cart_form_location":"","bundle_editable_in_cart":false,"bundle_sold_individually_context":"","bundle_item_grouping":"","bundle_min_size":"","bundle_max_size":"","bundle_price":[],"bundled_items":[],"bundle_sell_ids":[],"acf":[],"yoast_head":"<!-- This site is optimized with the Yoast SEO plugin v25.9 - https:\/\/yoast.com\/wordpress\/plugins\/seo\/ -->\n<title>Bicycle Go &#183; leg&amp;go<\/title>\n<meta name=\"description\" content=\"Le premier v\u00e9lo leg&amp;go pour les enfants de 3 ans et plus. Parfait pour apprendre \u00e0 p\u00e9daler en toute s\u00e9curit\u00e9.\" \/>\n<meta name=\"robots\" content=\"index, follow, max-snippet:-1, max-image-preview:large, max-video-preview:-1\" \/>\n<link rel=\"canonical\" href=\"https:\/\/legandgo.com\/fr\/shop\/draisiennes-et-plus\/bicycle-go\/\" \/>\n<meta property=\"og:locale\" content=\"fr_FR\" \/>\n<meta property=\"og:type\" content=\"article\" \/>\n<meta property=\"og:title\" content=\"Bicycle Go &#183; leg&amp;go\" \/>\n<meta property=\"og:description\" content=\"Le premier v\u00e9lo leg&amp;go pour les enfants de 3 ans et plus. Parfait pour apprendre \u00e0 p\u00e9daler en toute s\u00e9curit\u00e9.\" \/>\n<meta property=\"og:url\" content=\"https:\/\/legandgo.com\/fr\/shop\/draisiennes-et-plus\/bicycle-go\/\" \/>\n<meta property=\"og:site_name\" content=\"leg&amp;go\" \/>\n<meta property=\"article:publisher\" content=\"https:\/\/www.facebook.com\/legandgo\" \/>\n<meta property=\"article:modified_time\" content=\"2026-04-23T08:19:37+00:00\" \/>\n<meta property=\"og:image\" content=\"https:\/\/legandgo.com\/wp-content\/uploads\/2026\/04\/legandgo-pedal-bike-add-on-3-scaled.png\" \/>\n\t<meta property=\"og:image:width\" content=\"2560\" \/>\n\t<meta property=\"og:image:height\" content=\"1708\" \/>\n\t<meta property=\"og:image:type\" content=\"image\/png\" \/>\n<meta name=\"twitter:card\" content=\"summary_large_image\" \/>\n<script type=\"application\/ld+json\" class=\"yoast-schema-graph\">{\"@context\":\"https:\/\/schema.org\",\"@graph\":[{\"@type\":\"WebPage\",\"@id\":\"https:\/\/legandgo.com\/fr\/shop\/draisiennes-et-plus\/bicycle-go\/\",\"url\":\"https:\/\/legandgo.com\/fr\/shop\/draisiennes-et-plus\/bicycle-go\/\",\"name\":\"Bicycle Go &#183; leg&amp;go\",\"isPartOf\":{\"@id\":\"https:\/\/legandgo.com\/fr\/#website\"},\"primaryImageOfPage\":{\"@id\":\"https:\/\/legandgo.com\/fr\/shop\/draisiennes-et-plus\/bicycle-go\/#primaryimage\"},\"image\":{\"@id\":\"https:\/\/legandgo.com\/fr\/shop\/draisiennes-et-plus\/bicycle-go\/#primaryimage\"},\"thumbnailUrl\":\"https:\/\/legandgo.com\/wp-content\/uploads\/2026\/04\/legandgo-pedal-bike-add-on-3-scaled.png\",\"datePublished\":\"2026-04-22T14:13:09+00:00\",\"dateModified\":\"2026-04-23T08:19:37+00:00\",\"description\":\"Le premier v\u00e9lo leg&go pour les enfants de 3 ans et plus. Parfait pour apprendre \u00e0 p\u00e9daler en toute s\u00e9curit\u00e9.\",\"breadcrumb\":{\"@id\":\"https:\/\/legandgo.com\/fr\/shop\/draisiennes-et-plus\/bicycle-go\/#breadcrumb\"},\"inLanguage\":\"fr-FR\",\"potentialAction\":[{\"@type\":\"ReadAction\",\"target\":[\"https:\/\/legandgo.com\/fr\/shop\/draisiennes-et-plus\/bicycle-go\/\"]}]},{\"@type\":\"ImageObject\",\"inLanguage\":\"fr-FR\",\"@id\":\"https:\/\/legandgo.com\/fr\/shop\/draisiennes-et-plus\/bicycle-go\/#primaryimage\",\"url\":\"https:\/\/legandgo.com\/wp-content\/uploads\/2026\/04\/legandgo-pedal-bike-add-on-3-scaled.png\",\"contentUrl\":\"https:\/\/legandgo.com\/wp-content\/uploads\/2026\/04\/legandgo-pedal-bike-add-on-3-scaled.png\",\"width\":2560,\"height\":1708},{\"@type\":\"BreadcrumbList\",\"@id\":\"https:\/\/legandgo.com\/fr\/shop\/draisiennes-et-plus\/bicycle-go\/#breadcrumb\",\"itemListElement\":[{\"@type\":\"ListItem\",\"position\":1,\"name\":\"Home\",\"item\":\"https:\/\/legandgo.com\/fr\/\"},{\"@type\":\"ListItem\",\"position\":2,\"name\":\"Shop\",\"item\":\"https:\/\/legandgo.com\/fr\/shop\/\"},{\"@type\":\"ListItem\",\"position\":3,\"name\":\"Bicycle Go\"}]},{\"@type\":\"WebSite\",\"@id\":\"https:\/\/legandgo.com\/fr\/#website\",\"url\":\"https:\/\/legandgo.com\/fr\/\",\"name\":\"leg&amp;go\",\"description\":\"\",\"publisher\":{\"@id\":\"https:\/\/legandgo.com\/fr\/#organization\"},\"potentialAction\":[{\"@type\":\"SearchAction\",\"target\":{\"@type\":\"EntryPoint\",\"urlTemplate\":\"https:\/\/legandgo.com\/fr\/?s={search_term_string}\"},\"query-input\":{\"@type\":\"PropertyValueSpecification\",\"valueRequired\":true,\"valueName\":\"search_term_string\"}}],\"inLanguage\":\"fr-FR\"},{\"@type\":\"Organization\",\"@id\":\"https:\/\/legandgo.com\/fr\/#organization\",\"name\":\"leg&go bike\",\"url\":\"https:\/\/legandgo.com\/fr\/\",\"logo\":{\"@type\":\"ImageObject\",\"inLanguage\":\"fr-FR\",\"@id\":\"https:\/\/legandgo.com\/fr\/#\/schema\/logo\/image\/\",\"url\":\"https:\/\/legandgo.com\/wp-content\/uploads\/2021\/03\/logorf.png\",\"contentUrl\":\"https:\/\/legandgo.com\/wp-content\/uploads\/2021\/03\/logorf.png\",\"width\":675,\"height\":216,\"caption\":\"leg&go bike\"},\"image\":{\"@id\":\"https:\/\/legandgo.com\/fr\/#\/schema\/logo\/image\/\"},\"sameAs\":[\"https:\/\/www.facebook.com\/legandgo\",\"https:\/\/www.instagram.com\/legandgo\/\",\"https:\/\/www.linkedin.com\/company\/legandgo\/\",\"https:\/\/www.pinterest.com\/legandgo\/\",\"https:\/\/www.youtube.com\/channel\/UC_FBzWPmKWE0g7fcR4Xdfuw\/\"]}]}<\/script>\n<!-- \/ Yoast SEO plugin. -->","yoast_head_json":{"title":"Bicycle Go &#183; leg&amp;go","description":"Le premier v\u00e9lo leg&go pour les enfants de 3 ans et plus. Parfait pour apprendre \u00e0 p\u00e9daler en toute s\u00e9curit\u00e9.","robots":{"index":"index","follow":"follow","max-snippet":"max-snippet:-1","max-image-preview":"max-image-preview:large","max-video-preview":"max-video-preview:-1"},"canonical":"https:\/\/legandgo.com\/fr\/shop\/draisiennes-et-plus\/bicycle-go\/","og_locale":"fr_FR","og_type":"article","og_title":"Bicycle Go &#183; leg&amp;go","og_description":"Le premier v\u00e9lo leg&go pour les enfants de 3 ans et plus. Parfait pour apprendre \u00e0 p\u00e9daler en toute s\u00e9curit\u00e9.","og_url":"https:\/\/legandgo.com\/fr\/shop\/draisiennes-et-plus\/bicycle-go\/","og_site_name":"leg&amp;go","article_publisher":"https:\/\/www.facebook.com\/legandgo","article_modified_time":"2026-04-23T08:19:37+00:00","og_image":[{"width":2560,"height":1708,"url":"https:\/\/legandgo.com\/wp-content\/uploads\/2026\/04\/legandgo-pedal-bike-add-on-3-scaled.png","type":"image\/png"}],"twitter_card":"summary_large_image","schema":{"@context":"https:\/\/schema.org","@graph":[{"@type":"WebPage","@id":"https:\/\/legandgo.com\/fr\/shop\/draisiennes-et-plus\/bicycle-go\/","url":"https:\/\/legandgo.com\/fr\/shop\/draisiennes-et-plus\/bicycle-go\/","name":"Bicycle Go &#183; leg&amp;go","isPartOf":{"@id":"https:\/\/legandgo.com\/fr\/#website"},"primaryImageOfPage":{"@id":"https:\/\/legandgo.com\/fr\/shop\/draisiennes-et-plus\/bicycle-go\/#primaryimage"},"image":{"@id":"https:\/\/legandgo.com\/fr\/shop\/draisiennes-et-plus\/bicycle-go\/#primaryimage"},"thumbnailUrl":"https:\/\/legandgo.com\/wp-content\/uploads\/2026\/04\/legandgo-pedal-bike-add-on-3-scaled.png","datePublished":"2026-04-22T14:13:09+00:00","dateModified":"2026-04-23T08:19:37+00:00","description":"Le premier v\u00e9lo leg&go pour les enfants de 3 ans et plus. Parfait pour apprendre \u00e0 p\u00e9daler en toute s\u00e9curit\u00e9.","breadcrumb":{"@id":"https:\/\/legandgo.com\/fr\/shop\/draisiennes-et-plus\/bicycle-go\/#breadcrumb"},"inLanguage":"fr-FR","potentialAction":[{"@type":"ReadAction","target":["https:\/\/legandgo.com\/fr\/shop\/draisiennes-et-plus\/bicycle-go\/"]}]},{"@type":"ImageObject","inLanguage":"fr-FR","@id":"https:\/\/legandgo.com\/fr\/shop\/draisiennes-et-plus\/bicycle-go\/#primaryimage","url":"https:\/\/legandgo.com\/wp-content\/uploads\/2026\/04\/legandgo-pedal-bike-add-on-3-scaled.png","contentUrl":"https:\/\/legandgo.com\/wp-content\/uploads\/2026\/04\/legandgo-pedal-bike-add-on-3-scaled.png","width":2560,"height":1708},{"@type":"BreadcrumbList","@id":"https:\/\/legandgo.com\/fr\/shop\/draisiennes-et-plus\/bicycle-go\/#breadcrumb","itemListElement":[{"@type":"ListItem","position":1,"name":"Home","item":"https:\/\/legandgo.com\/fr\/"},{"@type":"ListItem","position":2,"name":"Shop","item":"https:\/\/legandgo.com\/fr\/shop\/"},{"@type":"ListItem","position":3,"name":"Bicycle Go"}]},{"@type":"WebSite","@id":"https:\/\/legandgo.com\/fr\/#website","url":"https:\/\/legandgo.com\/fr\/","name":"leg&amp;go","description":"","publisher":{"@id":"https:\/\/legandgo.com\/fr\/#organization"},"potentialAction":[{"@type":"SearchAction","target":{"@type":"EntryPoint","urlTemplate":"https:\/\/legandgo.com\/fr\/?s={search_term_string}"},"query-input":{"@type":"PropertyValueSpecification","valueRequired":true,"valueName":"search_term_string"}}],"inLanguage":"fr-FR"},{"@type":"Organization","@id":"https:\/\/legandgo.com\/fr\/#organization","name":"leg&go bike","url":"https:\/\/legandgo.com\/fr\/","logo":{"@type":"ImageObject","inLanguage":"fr-FR","@id":"https:\/\/legandgo.com\/fr\/#\/schema\/logo\/image\/","url":"https:\/\/legandgo.com\/wp-content\/uploads\/2021\/03\/logorf.png","contentUrl":"https:\/\/legandgo.com\/wp-content\/uploads\/2021\/03\/logorf.png","width":675,"height":216,"caption":"leg&go bike"},"image":{"@id":"https:\/\/legandgo.com\/fr\/#\/schema\/logo\/image\/"},"sameAs":["https:\/\/www.facebook.com\/legandgo","https:\/\/www.instagram.com\/legandgo\/","https:\/\/www.linkedin.com\/company\/legandgo\/","https:\/\/www.pinterest.com\/legandgo\/","https:\/\/www.youtube.com\/channel\/UC_FBzWPmKWE0g7fcR4Xdfuw\/"]}]}},"_links":{"self":[{"href":"https:\/\/legandgo.com\/fr\/wp-json\/wp\/v2\/product\/63727","targetHints":{"allow":["GET"]}}],"collection":[{"href":"https:\/\/legandgo.com\/fr\/wp-json\/wp\/v2\/product"}],"about":[{"href":"https:\/\/legandgo.com\/fr\/wp-json\/wp\/v2\/types\/product"}],"replies":[{"embeddable":true,"href":"https:\/\/legandgo.com\/fr\/wp-json\/wp\/v2\/comments?post=63727"}],"version-history":[{"count":2,"href":"https:\/\/legandgo.com\/fr\/wp-json\/wp\/v2\/product\/63727\/revisions"}],"predecessor-version":[{"id":63735,"href":"https:\/\/legandgo.com\/fr\/wp-json\/wp\/v2\/product\/63727\/revisions\/63735"}],"wp:featuredmedia":[{"embeddable":true,"href":"https:\/\/legandgo.com\/fr\/wp-json\/wp\/v2\/media\/63684"}],"wp:attachment":[{"href":"https:\/\/legandgo.com\/fr\/wp-json\/wp\/v2\/media?parent=63727"}],"wp:term":[{"taxonomy":"product_brand","embeddable":true,"href":"https:\/\/legandgo.com\/fr\/wp-json\/wp\/v2\/product_brand?post=63727"},{"taxonomy":"product_cat","embeddable":true,"href":"https:\/\/legandgo.com\/fr\/wp-json\/wp\/v2\/product_cat?post=63727"},{"taxonomy":"product_tag","embeddable":true,"href":"https:\/\/legandgo.com\/fr\/wp-json\/wp\/v2\/product_tag?post=63727"}],"curies":[{"name":"wp","href":"https:\/\/api.w.org\/{rel}","templated":true}]}}