{"id":63863,"date":"2026-04-24T18:33:27","date_gmt":"2026-04-24T16:33:27","guid":{"rendered":"https:\/\/legandgo.com\/shop\/non class\u00e9\/elephino-bascule\/"},"modified":"2026-04-24T18:42:42","modified_gmt":"2026-04-24T16:42:42","slug":"elephino-bascule","status":"publish","type":"product","link":"https:\/\/legandgo.com\/fr\/shop\/toys-fr\/elephino-bascule\/","title":{"rendered":"Elephino Bascule"},"content":{"rendered":"<p style=\"font-weight: 400;\">L&#8217;Elephino Rocker est un fauteuil \u00e0 bascule magnifiquement con\u00e7u pour les b\u00e9b\u00e9s, qui leur permet d&#8217;acqu\u00e9rir \u00e9quilibre et coordination d\u00e8s qu&#8217;ils peuvent s&#8217;asseoir.<\/p>\n<p style=\"font-weight: 400;\">Gr\u00e2ce \u00e0 sa g\u00e9om\u00e9trie soigneusement \u00e9tudi\u00e9e et \u00e0 sa construction en bois naturel, il offre une exp\u00e9rience de basculement calme et stable qui favorise le d\u00e9veloppement des jeunes enfants gr\u00e2ce \u00e0 des mouvements intuitifs.<\/p>\n<p style=\"font-weight: 400;\"><strong>D\u00e9couvrir plus ci dessous.<\/strong><\/p>\n","protected":false},"excerpt":{"rendered":"<p>L&#8217;Elephino Rocker est un fauteuil \u00e0 bascule magnifiquement con\u00e7u pour les b\u00e9b\u00e9s, qui leur permet d&#8217;acqu\u00e9rir \u00e9quilibre et coordination d\u00e8s qu&#8217;ils peuvent s&#8217;asseoir. Gr\u00e2ce \u00e0 sa g\u00e9om\u00e9trie soigneusement \u00e9tudi\u00e9e et \u00e0 sa construction en bois naturel, il offre une exp\u00e9rience de basculement calme et stable qui favorise le d\u00e9veloppement des jeunes enfants gr\u00e2ce \u00e0 des<a class=\"excerpt-read-more\" href=\"https:\/\/legandgo.com\/fr\/shop\/toys-fr\/elephino-bascule\/\" title=\"ReadElephino Bascule\">&#8230; Read more &raquo;<\/a><\/p>\n","protected":false},"featured_media":49680,"comment_status":"closed","ping_status":"closed","template":"","meta":{"_acf_changed":false,"inline_featured_image":false,"footnotes":""},"product_brand":[],"product_cat":[1318,55],"product_tag":[1824,1826,1825],"class_list":{"0":"post-63863","1":"product","2":"type-product","3":"status-publish","4":"has-post-thumbnail","6":"product_cat-categorie-de-jouets","7":"product_cat-toys-fr","8":"product_tag-chaise-a-bascule","9":"product_tag-chaise-a-bascule-pour-tout-petits","10":"product_tag-rocking-elephant","11":"product_shipping_class-bike-bundle-shipping-fr","12":"pa_color-white-fr","13":"pa_color-gray-fr","15":"first","16":"instock","17":"sale","18":"purchasable","19":"product-type-variable"},"bundled_by":[],"bundle_stock_status":"instock","bundle_stock_quantity":null,"bundle_virtual":false,"bundle_layout":"","bundle_add_to_cart_form_location":"","bundle_editable_in_cart":false,"bundle_sold_individually_context":"","bundle_item_grouping":"","bundle_min_size":"","bundle_max_size":"","bundle_price":[],"bundled_items":[],"bundle_sell_ids":[],"acf":[],"yoast_head":"<!-- This site is optimized with the Yoast SEO plugin v25.9 - https:\/\/yoast.com\/wordpress\/plugins\/seo\/ -->\n<title>Elephino Bascule &#183; leg&amp;go<\/title>\n<meta name=\"description\" content=\"Chaise \u00e0 bascule pour les b\u00e9b\u00e9s de plus de 6 mois. Le design \u00e9l\u00e9gant de l&#039;\u00e9l\u00e9phant permet aux enfants d&#039;apprendre l&#039;\u00e9quilibre avant m\u00eame de commencer \u00e0 marcher.\" \/>\n<meta name=\"robots\" content=\"index, follow, max-snippet:-1, max-image-preview:large, max-video-preview:-1\" \/>\n<link rel=\"canonical\" href=\"https:\/\/legandgo.com\/fr\/shop\/toys-fr\/elephino-bascule\/\" \/>\n<meta property=\"og:locale\" content=\"fr_FR\" \/>\n<meta property=\"og:type\" content=\"article\" \/>\n<meta property=\"og:title\" content=\"Elephino Bascule &#183; leg&amp;go\" \/>\n<meta property=\"og:description\" content=\"Chaise \u00e0 bascule pour les b\u00e9b\u00e9s de plus de 6 mois. Le design \u00e9l\u00e9gant de l&#039;\u00e9l\u00e9phant permet aux enfants d&#039;apprendre l&#039;\u00e9quilibre avant m\u00eame de commencer \u00e0 marcher.\" \/>\n<meta property=\"og:url\" content=\"https:\/\/legandgo.com\/fr\/shop\/toys-fr\/elephino-bascule\/\" \/>\n<meta property=\"og:site_name\" content=\"leg&amp;go\" \/>\n<meta property=\"article:publisher\" content=\"https:\/\/www.facebook.com\/legandgo\" \/>\n<meta property=\"article:modified_time\" content=\"2026-04-24T16:42:42+00:00\" \/>\n<meta property=\"og:image\" content=\"https:\/\/legandgo.com\/wp-content\/uploads\/2020\/08\/legandgo-rocking-elephant-add-on-1.png\" \/>\n\t<meta property=\"og:image:width\" content=\"750\" \/>\n\t<meta property=\"og:image:height\" content=\"550\" \/>\n\t<meta property=\"og:image:type\" content=\"image\/png\" \/>\n<meta name=\"twitter:card\" content=\"summary_large_image\" \/>\n<script type=\"application\/ld+json\" class=\"yoast-schema-graph\">{\"@context\":\"https:\/\/schema.org\",\"@graph\":[{\"@type\":\"WebPage\",\"@id\":\"https:\/\/legandgo.com\/fr\/shop\/toys-fr\/elephino-bascule\/\",\"url\":\"https:\/\/legandgo.com\/fr\/shop\/toys-fr\/elephino-bascule\/\",\"name\":\"Elephino Bascule &#183; leg&amp;go\",\"isPartOf\":{\"@id\":\"https:\/\/legandgo.com\/fr\/#website\"},\"primaryImageOfPage\":{\"@id\":\"https:\/\/legandgo.com\/fr\/shop\/toys-fr\/elephino-bascule\/#primaryimage\"},\"image\":{\"@id\":\"https:\/\/legandgo.com\/fr\/shop\/toys-fr\/elephino-bascule\/#primaryimage\"},\"thumbnailUrl\":\"https:\/\/legandgo.com\/wp-content\/uploads\/2020\/08\/legandgo-rocking-elephant-add-on-1.png\",\"datePublished\":\"2026-04-24T16:33:27+00:00\",\"dateModified\":\"2026-04-24T16:42:42+00:00\",\"description\":\"Chaise \u00e0 bascule pour les b\u00e9b\u00e9s de plus de 6 mois. Le design \u00e9l\u00e9gant de l'\u00e9l\u00e9phant permet aux enfants d'apprendre l'\u00e9quilibre avant m\u00eame de commencer \u00e0 marcher.\",\"breadcrumb\":{\"@id\":\"https:\/\/legandgo.com\/fr\/shop\/toys-fr\/elephino-bascule\/#breadcrumb\"},\"inLanguage\":\"fr-FR\",\"potentialAction\":[{\"@type\":\"ReadAction\",\"target\":[\"https:\/\/legandgo.com\/fr\/shop\/toys-fr\/elephino-bascule\/\"]}]},{\"@type\":\"ImageObject\",\"inLanguage\":\"fr-FR\",\"@id\":\"https:\/\/legandgo.com\/fr\/shop\/toys-fr\/elephino-bascule\/#primaryimage\",\"url\":\"https:\/\/legandgo.com\/wp-content\/uploads\/2020\/08\/legandgo-rocking-elephant-add-on-1.png\",\"contentUrl\":\"https:\/\/legandgo.com\/wp-content\/uploads\/2020\/08\/legandgo-rocking-elephant-add-on-1.png\",\"width\":750,\"height\":550},{\"@type\":\"BreadcrumbList\",\"@id\":\"https:\/\/legandgo.com\/fr\/shop\/toys-fr\/elephino-bascule\/#breadcrumb\",\"itemListElement\":[{\"@type\":\"ListItem\",\"position\":1,\"name\":\"Home\",\"item\":\"https:\/\/legandgo.com\/fr\/\"},{\"@type\":\"ListItem\",\"position\":2,\"name\":\"Shop\",\"item\":\"https:\/\/legandgo.com\/fr\/shop\/\"},{\"@type\":\"ListItem\",\"position\":3,\"name\":\"Elephino Bascule\"}]},{\"@type\":\"WebSite\",\"@id\":\"https:\/\/legandgo.com\/fr\/#website\",\"url\":\"https:\/\/legandgo.com\/fr\/\",\"name\":\"leg&amp;go\",\"description\":\"\",\"publisher\":{\"@id\":\"https:\/\/legandgo.com\/fr\/#organization\"},\"potentialAction\":[{\"@type\":\"SearchAction\",\"target\":{\"@type\":\"EntryPoint\",\"urlTemplate\":\"https:\/\/legandgo.com\/fr\/?s={search_term_string}\"},\"query-input\":{\"@type\":\"PropertyValueSpecification\",\"valueRequired\":true,\"valueName\":\"search_term_string\"}}],\"inLanguage\":\"fr-FR\"},{\"@type\":\"Organization\",\"@id\":\"https:\/\/legandgo.com\/fr\/#organization\",\"name\":\"leg&go bike\",\"url\":\"https:\/\/legandgo.com\/fr\/\",\"logo\":{\"@type\":\"ImageObject\",\"inLanguage\":\"fr-FR\",\"@id\":\"https:\/\/legandgo.com\/fr\/#\/schema\/logo\/image\/\",\"url\":\"https:\/\/legandgo.com\/wp-content\/uploads\/2021\/03\/logorf.png\",\"contentUrl\":\"https:\/\/legandgo.com\/wp-content\/uploads\/2021\/03\/logorf.png\",\"width\":675,\"height\":216,\"caption\":\"leg&go bike\"},\"image\":{\"@id\":\"https:\/\/legandgo.com\/fr\/#\/schema\/logo\/image\/\"},\"sameAs\":[\"https:\/\/www.facebook.com\/legandgo\",\"https:\/\/www.instagram.com\/legandgo\/\",\"https:\/\/www.linkedin.com\/company\/legandgo\/\",\"https:\/\/www.pinterest.com\/legandgo\/\",\"https:\/\/www.youtube.com\/channel\/UC_FBzWPmKWE0g7fcR4Xdfuw\/\"]}]}<\/script>\n<!-- \/ Yoast SEO plugin. -->","yoast_head_json":{"title":"Elephino Bascule &#183; leg&amp;go","description":"Chaise \u00e0 bascule pour les b\u00e9b\u00e9s de plus de 6 mois. Le design \u00e9l\u00e9gant de l'\u00e9l\u00e9phant permet aux enfants d'apprendre l'\u00e9quilibre avant m\u00eame de commencer \u00e0 marcher.","robots":{"index":"index","follow":"follow","max-snippet":"max-snippet:-1","max-image-preview":"max-image-preview:large","max-video-preview":"max-video-preview:-1"},"canonical":"https:\/\/legandgo.com\/fr\/shop\/toys-fr\/elephino-bascule\/","og_locale":"fr_FR","og_type":"article","og_title":"Elephino Bascule &#183; leg&amp;go","og_description":"Chaise \u00e0 bascule pour les b\u00e9b\u00e9s de plus de 6 mois. Le design \u00e9l\u00e9gant de l'\u00e9l\u00e9phant permet aux enfants d'apprendre l'\u00e9quilibre avant m\u00eame de commencer \u00e0 marcher.","og_url":"https:\/\/legandgo.com\/fr\/shop\/toys-fr\/elephino-bascule\/","og_site_name":"leg&amp;go","article_publisher":"https:\/\/www.facebook.com\/legandgo","article_modified_time":"2026-04-24T16:42:42+00:00","og_image":[{"width":750,"height":550,"url":"https:\/\/legandgo.com\/wp-content\/uploads\/2020\/08\/legandgo-rocking-elephant-add-on-1.png","type":"image\/png"}],"twitter_card":"summary_large_image","schema":{"@context":"https:\/\/schema.org","@graph":[{"@type":"WebPage","@id":"https:\/\/legandgo.com\/fr\/shop\/toys-fr\/elephino-bascule\/","url":"https:\/\/legandgo.com\/fr\/shop\/toys-fr\/elephino-bascule\/","name":"Elephino Bascule &#183; leg&amp;go","isPartOf":{"@id":"https:\/\/legandgo.com\/fr\/#website"},"primaryImageOfPage":{"@id":"https:\/\/legandgo.com\/fr\/shop\/toys-fr\/elephino-bascule\/#primaryimage"},"image":{"@id":"https:\/\/legandgo.com\/fr\/shop\/toys-fr\/elephino-bascule\/#primaryimage"},"thumbnailUrl":"https:\/\/legandgo.com\/wp-content\/uploads\/2020\/08\/legandgo-rocking-elephant-add-on-1.png","datePublished":"2026-04-24T16:33:27+00:00","dateModified":"2026-04-24T16:42:42+00:00","description":"Chaise \u00e0 bascule pour les b\u00e9b\u00e9s de plus de 6 mois. Le design \u00e9l\u00e9gant de l'\u00e9l\u00e9phant permet aux enfants d'apprendre l'\u00e9quilibre avant m\u00eame de commencer \u00e0 marcher.","breadcrumb":{"@id":"https:\/\/legandgo.com\/fr\/shop\/toys-fr\/elephino-bascule\/#breadcrumb"},"inLanguage":"fr-FR","potentialAction":[{"@type":"ReadAction","target":["https:\/\/legandgo.com\/fr\/shop\/toys-fr\/elephino-bascule\/"]}]},{"@type":"ImageObject","inLanguage":"fr-FR","@id":"https:\/\/legandgo.com\/fr\/shop\/toys-fr\/elephino-bascule\/#primaryimage","url":"https:\/\/legandgo.com\/wp-content\/uploads\/2020\/08\/legandgo-rocking-elephant-add-on-1.png","contentUrl":"https:\/\/legandgo.com\/wp-content\/uploads\/2020\/08\/legandgo-rocking-elephant-add-on-1.png","width":750,"height":550},{"@type":"BreadcrumbList","@id":"https:\/\/legandgo.com\/fr\/shop\/toys-fr\/elephino-bascule\/#breadcrumb","itemListElement":[{"@type":"ListItem","position":1,"name":"Home","item":"https:\/\/legandgo.com\/fr\/"},{"@type":"ListItem","position":2,"name":"Shop","item":"https:\/\/legandgo.com\/fr\/shop\/"},{"@type":"ListItem","position":3,"name":"Elephino Bascule"}]},{"@type":"WebSite","@id":"https:\/\/legandgo.com\/fr\/#website","url":"https:\/\/legandgo.com\/fr\/","name":"leg&amp;go","description":"","publisher":{"@id":"https:\/\/legandgo.com\/fr\/#organization"},"potentialAction":[{"@type":"SearchAction","target":{"@type":"EntryPoint","urlTemplate":"https:\/\/legandgo.com\/fr\/?s={search_term_string}"},"query-input":{"@type":"PropertyValueSpecification","valueRequired":true,"valueName":"search_term_string"}}],"inLanguage":"fr-FR"},{"@type":"Organization","@id":"https:\/\/legandgo.com\/fr\/#organization","name":"leg&go bike","url":"https:\/\/legandgo.com\/fr\/","logo":{"@type":"ImageObject","inLanguage":"fr-FR","@id":"https:\/\/legandgo.com\/fr\/#\/schema\/logo\/image\/","url":"https:\/\/legandgo.com\/wp-content\/uploads\/2021\/03\/logorf.png","contentUrl":"https:\/\/legandgo.com\/wp-content\/uploads\/2021\/03\/logorf.png","width":675,"height":216,"caption":"leg&go bike"},"image":{"@id":"https:\/\/legandgo.com\/fr\/#\/schema\/logo\/image\/"},"sameAs":["https:\/\/www.facebook.com\/legandgo","https:\/\/www.instagram.com\/legandgo\/","https:\/\/www.linkedin.com\/company\/legandgo\/","https:\/\/www.pinterest.com\/legandgo\/","https:\/\/www.youtube.com\/channel\/UC_FBzWPmKWE0g7fcR4Xdfuw\/"]}]}},"_links":{"self":[{"href":"https:\/\/legandgo.com\/fr\/wp-json\/wp\/v2\/product\/63863","targetHints":{"allow":["GET"]}}],"collection":[{"href":"https:\/\/legandgo.com\/fr\/wp-json\/wp\/v2\/product"}],"about":[{"href":"https:\/\/legandgo.com\/fr\/wp-json\/wp\/v2\/types\/product"}],"replies":[{"embeddable":true,"href":"https:\/\/legandgo.com\/fr\/wp-json\/wp\/v2\/comments?post=63863"}],"version-history":[{"count":0,"href":"https:\/\/legandgo.com\/fr\/wp-json\/wp\/v2\/product\/63863\/revisions"}],"wp:featuredmedia":[{"embeddable":true,"href":"https:\/\/legandgo.com\/fr\/wp-json\/wp\/v2\/media\/49680"}],"wp:attachment":[{"href":"https:\/\/legandgo.com\/fr\/wp-json\/wp\/v2\/media?parent=63863"}],"wp:term":[{"taxonomy":"product_brand","embeddable":true,"href":"https:\/\/legandgo.com\/fr\/wp-json\/wp\/v2\/product_brand?post=63863"},{"taxonomy":"product_cat","embeddable":true,"href":"https:\/\/legandgo.com\/fr\/wp-json\/wp\/v2\/product_cat?post=63863"},{"taxonomy":"product_tag","embeddable":true,"href":"https:\/\/legandgo.com\/fr\/wp-json\/wp\/v2\/product_tag?post=63863"}],"curies":[{"name":"wp","href":"https:\/\/api.w.org\/{rel}","templated":true}]}}