{"id":66631,"date":"2026-05-07T12:32:05","date_gmt":"2026-05-07T10:32:05","guid":{"rendered":"https:\/\/legandgo.com\/shop\/non%20class\u00e9\/tour-dapprentissage-pliable-zigzag\/"},"modified":"2026-05-08T07:39:16","modified_gmt":"2026-05-08T05:39:16","slug":"tour-dapprentissage-pliable-zigzag","status":"publish","type":"product","link":"https:\/\/legandgo.com\/fr\/shop\/tour-dapprentissage-pliable\/tour-dapprentissage-pliable-zigzag\/","title":{"rendered":"Tour d\u2019apprentissage pliable ZigZag"},"content":{"rendered":"<p>La tour d\u2019apprentissage pliable ZigZag est con\u00e7ue pour favoriser l\u2019autonomie de votre enfant tout en facilitant le quotidien des parents.<\/p>\n<p>Gr\u00e2ce \u00e0 une barre de s\u00e9curit\u00e9 int\u00e9gr\u00e9e offrant plus de stabilit\u00e9 et de s\u00e9curit\u00e9, elle assure une tranquillit\u00e9 d\u2019esprit aux parents pendant que les enfants explorent et participent aux activit\u00e9s quotidiennes.<\/p>\n<p>Son design pliable et peu encombrant permet un rangement facile lorsqu\u2019elle n\u2019est pas utilis\u00e9e.<\/p>\n<p><strong>D\u00e9couvrez plus de fonctionnalit\u00e9s ci-dessous.<\/strong><\/p>\n","protected":false},"excerpt":{"rendered":"<p>La tour d\u2019apprentissage pliable ZigZag est con\u00e7ue pour favoriser l\u2019autonomie de votre enfant tout en facilitant le quotidien des parents. Gr\u00e2ce \u00e0 une barre de s\u00e9curit\u00e9 int\u00e9gr\u00e9e offrant plus de stabilit\u00e9 et de s\u00e9curit\u00e9, elle assure une tranquillit\u00e9 d\u2019esprit aux parents pendant que les enfants explorent et participent aux activit\u00e9s quotidiennes. Son design pliable et<a class=\"excerpt-read-more\" href=\"https:\/\/legandgo.com\/fr\/shop\/tour-dapprentissage-pliable\/tour-dapprentissage-pliable-zigzag\/\" title=\"ReadTour d\u2019apprentissage pliable ZigZag\">&#8230; Read more &raquo;<\/a><\/p>\n","protected":false},"featured_media":66420,"comment_status":"closed","ping_status":"closed","template":"","meta":{"_acf_changed":false,"inline_featured_image":false,"footnotes":""},"product_brand":[],"product_cat":[1314,247],"product_tag":[],"class_list":{"0":"post-66631","1":"product","2":"type-product","3":"status-publish","4":"has-post-thumbnail","6":"product_cat-meubles","7":"product_cat-tour-dapprentissage-pliable","8":"product_shipping_class-learning-tower-shipping-fr","10":"first","11":"instock","12":"sale","13":"purchasable","14":"product-type-variable","15":"has-default-attributes"},"bundled_by":[],"bundle_stock_status":"instock","bundle_stock_quantity":null,"bundle_virtual":false,"bundle_layout":"","bundle_add_to_cart_form_location":"","bundle_editable_in_cart":false,"bundle_sold_individually_context":"","bundle_item_grouping":"","bundle_min_size":"","bundle_max_size":"","bundle_price":[],"bundled_items":[],"bundle_sell_ids":[],"acf":[],"yoast_head":"<!-- This site is optimized with the Yoast SEO plugin v25.9 - https:\/\/yoast.com\/wordpress\/plugins\/seo\/ -->\n<title>Tour d\u2019apprentissage pliable ZigZag &#183; leg&amp;go<\/title>\n<meta name=\"description\" content=\"Tour d\u2019apprentissage pliable avec barre de s\u00e9curit\u00e9 et design compact. Aidez votre enfant \u00e0 atteindre le plan de travail en toute s\u00e9curit\u00e9 et \u00e0 participer au quotidien.\" \/>\n<meta name=\"robots\" content=\"index, follow, max-snippet:-1, max-image-preview:large, max-video-preview:-1\" \/>\n<link rel=\"canonical\" href=\"https:\/\/legandgo.com\/fr\/shop\/tour-dapprentissage-pliable\/tour-dapprentissage-pliable-zigzag\/\" \/>\n<meta property=\"og:locale\" content=\"fr_FR\" \/>\n<meta property=\"og:type\" content=\"article\" \/>\n<meta property=\"og:title\" content=\"Tour d\u2019apprentissage pliable ZigZag &#183; leg&amp;go\" \/>\n<meta property=\"og:description\" content=\"Tour d\u2019apprentissage pliable avec barre de s\u00e9curit\u00e9 et design compact. Aidez votre enfant \u00e0 atteindre le plan de travail en toute s\u00e9curit\u00e9 et \u00e0 participer au quotidien.\" \/>\n<meta property=\"og:url\" content=\"https:\/\/legandgo.com\/fr\/shop\/tour-dapprentissage-pliable\/tour-dapprentissage-pliable-zigzag\/\" \/>\n<meta property=\"og:site_name\" content=\"leg&amp;go\" \/>\n<meta property=\"article:publisher\" content=\"https:\/\/www.facebook.com\/legandgo\" \/>\n<meta property=\"article:modified_time\" content=\"2026-05-08T05:39:16+00:00\" \/>\n<meta property=\"og:image\" content=\"https:\/\/legandgo.com\/wp-content\/uploads\/2026\/05\/HTF-05-NT.jpg\" \/>\n\t<meta property=\"og:image:width\" content=\"2048\" \/>\n\t<meta property=\"og:image:height\" content=\"2048\" \/>\n\t<meta property=\"og:image:type\" content=\"image\/jpeg\" \/>\n<meta name=\"twitter:card\" content=\"summary_large_image\" \/>\n<script type=\"application\/ld+json\" class=\"yoast-schema-graph\">{\"@context\":\"https:\/\/schema.org\",\"@graph\":[{\"@type\":\"WebPage\",\"@id\":\"https:\/\/legandgo.com\/fr\/shop\/tour-dapprentissage-pliable\/tour-dapprentissage-pliable-zigzag\/\",\"url\":\"https:\/\/legandgo.com\/fr\/shop\/tour-dapprentissage-pliable\/tour-dapprentissage-pliable-zigzag\/\",\"name\":\"Tour d\u2019apprentissage pliable ZigZag &#183; leg&amp;go\",\"isPartOf\":{\"@id\":\"https:\/\/legandgo.com\/fr\/#website\"},\"primaryImageOfPage\":{\"@id\":\"https:\/\/legandgo.com\/fr\/shop\/tour-dapprentissage-pliable\/tour-dapprentissage-pliable-zigzag\/#primaryimage\"},\"image\":{\"@id\":\"https:\/\/legandgo.com\/fr\/shop\/tour-dapprentissage-pliable\/tour-dapprentissage-pliable-zigzag\/#primaryimage\"},\"thumbnailUrl\":\"https:\/\/legandgo.com\/wp-content\/uploads\/2026\/05\/HTF-05-NT.jpg\",\"datePublished\":\"2026-05-07T10:32:05+00:00\",\"dateModified\":\"2026-05-08T05:39:16+00:00\",\"description\":\"Tour d\u2019apprentissage pliable avec barre de s\u00e9curit\u00e9 et design compact. Aidez votre enfant \u00e0 atteindre le plan de travail en toute s\u00e9curit\u00e9 et \u00e0 participer au quotidien.\",\"breadcrumb\":{\"@id\":\"https:\/\/legandgo.com\/fr\/shop\/tour-dapprentissage-pliable\/tour-dapprentissage-pliable-zigzag\/#breadcrumb\"},\"inLanguage\":\"fr-FR\",\"potentialAction\":[{\"@type\":\"ReadAction\",\"target\":[\"https:\/\/legandgo.com\/fr\/shop\/tour-dapprentissage-pliable\/tour-dapprentissage-pliable-zigzag\/\"]}]},{\"@type\":\"ImageObject\",\"inLanguage\":\"fr-FR\",\"@id\":\"https:\/\/legandgo.com\/fr\/shop\/tour-dapprentissage-pliable\/tour-dapprentissage-pliable-zigzag\/#primaryimage\",\"url\":\"https:\/\/legandgo.com\/wp-content\/uploads\/2026\/05\/HTF-05-NT.jpg\",\"contentUrl\":\"https:\/\/legandgo.com\/wp-content\/uploads\/2026\/05\/HTF-05-NT.jpg\",\"width\":2048,\"height\":2048,\"caption\":\"Tour d\u2019apprentissage pliable en bois ZigZag design, vue produit\"},{\"@type\":\"BreadcrumbList\",\"@id\":\"https:\/\/legandgo.com\/fr\/shop\/tour-dapprentissage-pliable\/tour-dapprentissage-pliable-zigzag\/#breadcrumb\",\"itemListElement\":[{\"@type\":\"ListItem\",\"position\":1,\"name\":\"Home\",\"item\":\"https:\/\/legandgo.com\/fr\/\"},{\"@type\":\"ListItem\",\"position\":2,\"name\":\"Shop\",\"item\":\"https:\/\/legandgo.com\/fr\/shop\/\"},{\"@type\":\"ListItem\",\"position\":3,\"name\":\"Tour d\u2019apprentissage pliable ZigZag\"}]},{\"@type\":\"WebSite\",\"@id\":\"https:\/\/legandgo.com\/fr\/#website\",\"url\":\"https:\/\/legandgo.com\/fr\/\",\"name\":\"leg&amp;go\",\"description\":\"\",\"publisher\":{\"@id\":\"https:\/\/legandgo.com\/fr\/#organization\"},\"potentialAction\":[{\"@type\":\"SearchAction\",\"target\":{\"@type\":\"EntryPoint\",\"urlTemplate\":\"https:\/\/legandgo.com\/fr\/?s={search_term_string}\"},\"query-input\":{\"@type\":\"PropertyValueSpecification\",\"valueRequired\":true,\"valueName\":\"search_term_string\"}}],\"inLanguage\":\"fr-FR\"},{\"@type\":\"Organization\",\"@id\":\"https:\/\/legandgo.com\/fr\/#organization\",\"name\":\"leg&go bike\",\"url\":\"https:\/\/legandgo.com\/fr\/\",\"logo\":{\"@type\":\"ImageObject\",\"inLanguage\":\"fr-FR\",\"@id\":\"https:\/\/legandgo.com\/fr\/#\/schema\/logo\/image\/\",\"url\":\"https:\/\/legandgo.com\/wp-content\/uploads\/2021\/03\/logorf.png\",\"contentUrl\":\"https:\/\/legandgo.com\/wp-content\/uploads\/2021\/03\/logorf.png\",\"width\":675,\"height\":216,\"caption\":\"leg&go bike\"},\"image\":{\"@id\":\"https:\/\/legandgo.com\/fr\/#\/schema\/logo\/image\/\"},\"sameAs\":[\"https:\/\/www.facebook.com\/legandgo\",\"https:\/\/www.instagram.com\/legandgo\/\",\"https:\/\/www.linkedin.com\/company\/legandgo\/\",\"https:\/\/www.pinterest.com\/legandgo\/\",\"https:\/\/www.youtube.com\/channel\/UC_FBzWPmKWE0g7fcR4Xdfuw\/\"]}]}<\/script>\n<!-- \/ Yoast SEO plugin. -->","yoast_head_json":{"title":"Tour d\u2019apprentissage pliable ZigZag &#183; leg&amp;go","description":"Tour d\u2019apprentissage pliable avec barre de s\u00e9curit\u00e9 et design compact. Aidez votre enfant \u00e0 atteindre le plan de travail en toute s\u00e9curit\u00e9 et \u00e0 participer au quotidien.","robots":{"index":"index","follow":"follow","max-snippet":"max-snippet:-1","max-image-preview":"max-image-preview:large","max-video-preview":"max-video-preview:-1"},"canonical":"https:\/\/legandgo.com\/fr\/shop\/tour-dapprentissage-pliable\/tour-dapprentissage-pliable-zigzag\/","og_locale":"fr_FR","og_type":"article","og_title":"Tour d\u2019apprentissage pliable ZigZag &#183; leg&amp;go","og_description":"Tour d\u2019apprentissage pliable avec barre de s\u00e9curit\u00e9 et design compact. Aidez votre enfant \u00e0 atteindre le plan de travail en toute s\u00e9curit\u00e9 et \u00e0 participer au quotidien.","og_url":"https:\/\/legandgo.com\/fr\/shop\/tour-dapprentissage-pliable\/tour-dapprentissage-pliable-zigzag\/","og_site_name":"leg&amp;go","article_publisher":"https:\/\/www.facebook.com\/legandgo","article_modified_time":"2026-05-08T05:39:16+00:00","og_image":[{"width":2048,"height":2048,"url":"https:\/\/legandgo.com\/wp-content\/uploads\/2026\/05\/HTF-05-NT.jpg","type":"image\/jpeg"}],"twitter_card":"summary_large_image","schema":{"@context":"https:\/\/schema.org","@graph":[{"@type":"WebPage","@id":"https:\/\/legandgo.com\/fr\/shop\/tour-dapprentissage-pliable\/tour-dapprentissage-pliable-zigzag\/","url":"https:\/\/legandgo.com\/fr\/shop\/tour-dapprentissage-pliable\/tour-dapprentissage-pliable-zigzag\/","name":"Tour d\u2019apprentissage pliable ZigZag &#183; leg&amp;go","isPartOf":{"@id":"https:\/\/legandgo.com\/fr\/#website"},"primaryImageOfPage":{"@id":"https:\/\/legandgo.com\/fr\/shop\/tour-dapprentissage-pliable\/tour-dapprentissage-pliable-zigzag\/#primaryimage"},"image":{"@id":"https:\/\/legandgo.com\/fr\/shop\/tour-dapprentissage-pliable\/tour-dapprentissage-pliable-zigzag\/#primaryimage"},"thumbnailUrl":"https:\/\/legandgo.com\/wp-content\/uploads\/2026\/05\/HTF-05-NT.jpg","datePublished":"2026-05-07T10:32:05+00:00","dateModified":"2026-05-08T05:39:16+00:00","description":"Tour d\u2019apprentissage pliable avec barre de s\u00e9curit\u00e9 et design compact. Aidez votre enfant \u00e0 atteindre le plan de travail en toute s\u00e9curit\u00e9 et \u00e0 participer au quotidien.","breadcrumb":{"@id":"https:\/\/legandgo.com\/fr\/shop\/tour-dapprentissage-pliable\/tour-dapprentissage-pliable-zigzag\/#breadcrumb"},"inLanguage":"fr-FR","potentialAction":[{"@type":"ReadAction","target":["https:\/\/legandgo.com\/fr\/shop\/tour-dapprentissage-pliable\/tour-dapprentissage-pliable-zigzag\/"]}]},{"@type":"ImageObject","inLanguage":"fr-FR","@id":"https:\/\/legandgo.com\/fr\/shop\/tour-dapprentissage-pliable\/tour-dapprentissage-pliable-zigzag\/#primaryimage","url":"https:\/\/legandgo.com\/wp-content\/uploads\/2026\/05\/HTF-05-NT.jpg","contentUrl":"https:\/\/legandgo.com\/wp-content\/uploads\/2026\/05\/HTF-05-NT.jpg","width":2048,"height":2048,"caption":"Tour d\u2019apprentissage pliable en bois ZigZag design, vue produit"},{"@type":"BreadcrumbList","@id":"https:\/\/legandgo.com\/fr\/shop\/tour-dapprentissage-pliable\/tour-dapprentissage-pliable-zigzag\/#breadcrumb","itemListElement":[{"@type":"ListItem","position":1,"name":"Home","item":"https:\/\/legandgo.com\/fr\/"},{"@type":"ListItem","position":2,"name":"Shop","item":"https:\/\/legandgo.com\/fr\/shop\/"},{"@type":"ListItem","position":3,"name":"Tour d\u2019apprentissage pliable ZigZag"}]},{"@type":"WebSite","@id":"https:\/\/legandgo.com\/fr\/#website","url":"https:\/\/legandgo.com\/fr\/","name":"leg&amp;go","description":"","publisher":{"@id":"https:\/\/legandgo.com\/fr\/#organization"},"potentialAction":[{"@type":"SearchAction","target":{"@type":"EntryPoint","urlTemplate":"https:\/\/legandgo.com\/fr\/?s={search_term_string}"},"query-input":{"@type":"PropertyValueSpecification","valueRequired":true,"valueName":"search_term_string"}}],"inLanguage":"fr-FR"},{"@type":"Organization","@id":"https:\/\/legandgo.com\/fr\/#organization","name":"leg&go bike","url":"https:\/\/legandgo.com\/fr\/","logo":{"@type":"ImageObject","inLanguage":"fr-FR","@id":"https:\/\/legandgo.com\/fr\/#\/schema\/logo\/image\/","url":"https:\/\/legandgo.com\/wp-content\/uploads\/2021\/03\/logorf.png","contentUrl":"https:\/\/legandgo.com\/wp-content\/uploads\/2021\/03\/logorf.png","width":675,"height":216,"caption":"leg&go bike"},"image":{"@id":"https:\/\/legandgo.com\/fr\/#\/schema\/logo\/image\/"},"sameAs":["https:\/\/www.facebook.com\/legandgo","https:\/\/www.instagram.com\/legandgo\/","https:\/\/www.linkedin.com\/company\/legandgo\/","https:\/\/www.pinterest.com\/legandgo\/","https:\/\/www.youtube.com\/channel\/UC_FBzWPmKWE0g7fcR4Xdfuw\/"]}]}},"_links":{"self":[{"href":"https:\/\/legandgo.com\/fr\/wp-json\/wp\/v2\/product\/66631","targetHints":{"allow":["GET"]}}],"collection":[{"href":"https:\/\/legandgo.com\/fr\/wp-json\/wp\/v2\/product"}],"about":[{"href":"https:\/\/legandgo.com\/fr\/wp-json\/wp\/v2\/types\/product"}],"replies":[{"embeddable":true,"href":"https:\/\/legandgo.com\/fr\/wp-json\/wp\/v2\/comments?post=66631"}],"version-history":[{"count":1,"href":"https:\/\/legandgo.com\/fr\/wp-json\/wp\/v2\/product\/66631\/revisions"}],"predecessor-version":[{"id":66638,"href":"https:\/\/legandgo.com\/fr\/wp-json\/wp\/v2\/product\/66631\/revisions\/66638"}],"wp:featuredmedia":[{"embeddable":true,"href":"https:\/\/legandgo.com\/fr\/wp-json\/wp\/v2\/media\/66420"}],"wp:attachment":[{"href":"https:\/\/legandgo.com\/fr\/wp-json\/wp\/v2\/media?parent=66631"}],"wp:term":[{"taxonomy":"product_brand","embeddable":true,"href":"https:\/\/legandgo.com\/fr\/wp-json\/wp\/v2\/product_brand?post=66631"},{"taxonomy":"product_cat","embeddable":true,"href":"https:\/\/legandgo.com\/fr\/wp-json\/wp\/v2\/product_cat?post=66631"},{"taxonomy":"product_tag","embeddable":true,"href":"https:\/\/legandgo.com\/fr\/wp-json\/wp\/v2\/product_tag?post=66631"}],"curies":[{"name":"wp","href":"https:\/\/api.w.org\/{rel}","templated":true}]}}