{"id":6711,"date":"2022-03-01T14:46:38","date_gmt":"2022-03-01T12:46:38","guid":{"rendered":"https:\/\/legandgo.com\/shop\/non%20class\u00e9\/table-et-chaise-pour-le-mur-suedois-des-grimpeurs\/"},"modified":"2026-04-08T17:35:33","modified_gmt":"2026-04-08T15:35:33","slug":"table-et-chaise-pour-le-mur-suedois-des-grimpeurs","status":"publish","type":"product","link":"https:\/\/legandgo.com\/fr\/shop\/toys-fr\/table-et-chaise-pour-le-mur-suedois-des-grimpeurs\/","title":{"rendered":"Table et Chaise pour le Mur Su\u00e9dois des Grimpeurs"},"content":{"rendered":"<p style=\"font-weight: 400;\">Du mouvement aux moments de concentration.<\/p>\n<p style=\"font-weight: 400;\">Notre module Table &amp; Chaise transforme votre Mur su\u00e9dois et Triangle d\u2019escalade 2en1 en un espace d\u00e9di\u00e9 \u00e0 la cr\u00e9ativit\u00e9, \u00e0 l\u2019apprentissage et aux activit\u00e9s du quotidien.<\/p>\n<p style=\"font-weight: 400;\">Positionnez simplement la table \u00e0 la hauteur souhait\u00e9e pour cr\u00e9er une surface confortable pour dessiner, \u00e9crire, faire des puzzles ou bricoler. Elle peut m\u00eame servir de table pratique pour un ordinateur portable pour les adultes.<\/p>\n<p style=\"font-weight: 400;\">Veuillez noter : Le set Mur su\u00e9dois 2en1 n\u2019est pas inclus, est n\u00e9cessaire pour ce produit et doit \u00eatre achet\u00e9 s\u00e9par\u00e9ment.<\/p>\n<p style=\"font-weight: 400;\"><strong>Explorez davantage ci-dessous.<\/strong><\/p>\n","protected":false},"excerpt":{"rendered":"<p>Du mouvement aux moments de concentration. Notre module Table &amp; Chaise transforme votre Mur su\u00e9dois et Triangle d\u2019escalade 2en1 en un espace d\u00e9di\u00e9 \u00e0 la cr\u00e9ativit\u00e9, \u00e0 l\u2019apprentissage et aux activit\u00e9s du quotidien. Positionnez simplement la table \u00e0 la hauteur souhait\u00e9e pour cr\u00e9er une surface confortable pour dessiner, \u00e9crire, faire des puzzles ou bricoler. Elle<a class=\"excerpt-read-more\" href=\"https:\/\/legandgo.com\/fr\/shop\/toys-fr\/table-et-chaise-pour-le-mur-suedois-des-grimpeurs\/\" title=\"ReadTable et Chaise pour le Mur Su\u00e9dois des Grimpeurs\">&#8230; Read more &raquo;<\/a><\/p>\n","protected":false},"featured_media":53838,"comment_status":"closed","ping_status":"closed","template":"","meta":{"_acf_changed":false,"inline_featured_image":false,"footnotes":""},"product_brand":[],"product_cat":[1318,55],"product_tag":[],"class_list":{"0":"post-6711","1":"product","2":"type-product","3":"status-publish","4":"has-post-thumbnail","6":"product_cat-categorie-de-jouets","7":"product_cat-toys-fr","8":"product_shipping_class-climbers-shipping-fr","10":"first","11":"instock","12":"sale","13":"purchasable","14":"product-type-simple"},"bundled_by":[],"bundle_stock_status":"instock","bundle_stock_quantity":null,"bundle_virtual":false,"bundle_layout":"","bundle_add_to_cart_form_location":"","bundle_editable_in_cart":false,"bundle_sold_individually_context":"","bundle_item_grouping":"","bundle_min_size":"","bundle_max_size":"","bundle_price":[],"bundled_items":[],"bundle_sell_ids":[],"acf":[],"yoast_head":"<!-- This site is optimized with the Yoast SEO plugin v25.9 - https:\/\/yoast.com\/wordpress\/plugins\/seo\/ -->\n<title>Table et Chaise pour le Mur Su\u00e9dois des Grimpeurs &#183; leg&amp;go<\/title>\n<meta name=\"description\" content=\"Table and chair add on for leg&amp;go swedish wall - climbing triangle set. Turn the woodenactivity set into a place to sit and relax\" \/>\n<meta name=\"robots\" content=\"index, follow, max-snippet:-1, max-image-preview:large, max-video-preview:-1\" \/>\n<link rel=\"canonical\" href=\"https:\/\/legandgo.com\/fr\/shop\/toys-fr\/table-et-chaise-pour-le-mur-suedois-des-grimpeurs\/\" \/>\n<meta property=\"og:locale\" content=\"fr_FR\" \/>\n<meta property=\"og:type\" content=\"article\" \/>\n<meta property=\"og:title\" content=\"Table et Chaise pour le Mur Su\u00e9dois des Grimpeurs &#183; leg&amp;go\" \/>\n<meta property=\"og:description\" content=\"Table and chair add on for leg&amp;go swedish wall - climbing triangle set. Turn the woodenactivity set into a place to sit and relax\" \/>\n<meta property=\"og:url\" content=\"https:\/\/legandgo.com\/fr\/shop\/toys-fr\/table-et-chaise-pour-le-mur-suedois-des-grimpeurs\/\" \/>\n<meta property=\"og:site_name\" content=\"leg&amp;go\" \/>\n<meta property=\"article:publisher\" content=\"https:\/\/www.facebook.com\/legandgo\" \/>\n<meta property=\"article:modified_time\" content=\"2026-04-08T15:35:33+00:00\" \/>\n<meta property=\"og:image\" content=\"https:\/\/legandgo.com\/wp-content\/uploads\/2022\/03\/Swedish-wall-table-and-chair-addon.jpg\" \/>\n\t<meta property=\"og:image:width\" content=\"2048\" \/>\n\t<meta property=\"og:image:height\" content=\"2048\" \/>\n\t<meta property=\"og:image:type\" content=\"image\/jpeg\" \/>\n<meta name=\"twitter:card\" content=\"summary_large_image\" \/>\n<meta name=\"twitter:label1\" content=\"Dur\u00e9e de lecture estim\u00e9e\" \/>\n\t<meta name=\"twitter:data1\" content=\"1 minute\" \/>\n<script type=\"application\/ld+json\" class=\"yoast-schema-graph\">{\"@context\":\"https:\/\/schema.org\",\"@graph\":[{\"@type\":\"WebPage\",\"@id\":\"https:\/\/legandgo.com\/fr\/shop\/toys-fr\/table-et-chaise-pour-le-mur-suedois-des-grimpeurs\/\",\"url\":\"https:\/\/legandgo.com\/fr\/shop\/toys-fr\/table-et-chaise-pour-le-mur-suedois-des-grimpeurs\/\",\"name\":\"Table et Chaise pour le Mur Su\u00e9dois des Grimpeurs &#183; leg&amp;go\",\"isPartOf\":{\"@id\":\"https:\/\/legandgo.com\/fr\/#website\"},\"primaryImageOfPage\":{\"@id\":\"https:\/\/legandgo.com\/fr\/shop\/toys-fr\/table-et-chaise-pour-le-mur-suedois-des-grimpeurs\/#primaryimage\"},\"image\":{\"@id\":\"https:\/\/legandgo.com\/fr\/shop\/toys-fr\/table-et-chaise-pour-le-mur-suedois-des-grimpeurs\/#primaryimage\"},\"thumbnailUrl\":\"https:\/\/legandgo.com\/wp-content\/uploads\/2022\/03\/Swedish-wall-table-and-chair-addon.jpg\",\"datePublished\":\"2022-03-01T12:46:38+00:00\",\"dateModified\":\"2026-04-08T15:35:33+00:00\",\"description\":\"Table and chair add on for leg&go swedish wall - climbing triangle set. Turn the woodenactivity set into a place to sit and relax\",\"breadcrumb\":{\"@id\":\"https:\/\/legandgo.com\/fr\/shop\/toys-fr\/table-et-chaise-pour-le-mur-suedois-des-grimpeurs\/#breadcrumb\"},\"inLanguage\":\"fr-FR\",\"potentialAction\":[{\"@type\":\"ReadAction\",\"target\":[\"https:\/\/legandgo.com\/fr\/shop\/toys-fr\/table-et-chaise-pour-le-mur-suedois-des-grimpeurs\/\"]}]},{\"@type\":\"ImageObject\",\"inLanguage\":\"fr-FR\",\"@id\":\"https:\/\/legandgo.com\/fr\/shop\/toys-fr\/table-et-chaise-pour-le-mur-suedois-des-grimpeurs\/#primaryimage\",\"url\":\"https:\/\/legandgo.com\/wp-content\/uploads\/2022\/03\/Swedish-wall-table-and-chair-addon.jpg\",\"contentUrl\":\"https:\/\/legandgo.com\/wp-content\/uploads\/2022\/03\/Swedish-wall-table-and-chair-addon.jpg\",\"width\":2048,\"height\":2048},{\"@type\":\"BreadcrumbList\",\"@id\":\"https:\/\/legandgo.com\/fr\/shop\/toys-fr\/table-et-chaise-pour-le-mur-suedois-des-grimpeurs\/#breadcrumb\",\"itemListElement\":[{\"@type\":\"ListItem\",\"position\":1,\"name\":\"Home\",\"item\":\"https:\/\/legandgo.com\/fr\/\"},{\"@type\":\"ListItem\",\"position\":2,\"name\":\"Shop\",\"item\":\"https:\/\/legandgo.com\/fr\/shop\/\"},{\"@type\":\"ListItem\",\"position\":3,\"name\":\"Table et Chaise pour le Mur Su\u00e9dois des Grimpeurs\"}]},{\"@type\":\"WebSite\",\"@id\":\"https:\/\/legandgo.com\/fr\/#website\",\"url\":\"https:\/\/legandgo.com\/fr\/\",\"name\":\"leg&amp;go\",\"description\":\"\",\"publisher\":{\"@id\":\"https:\/\/legandgo.com\/fr\/#organization\"},\"potentialAction\":[{\"@type\":\"SearchAction\",\"target\":{\"@type\":\"EntryPoint\",\"urlTemplate\":\"https:\/\/legandgo.com\/fr\/?s={search_term_string}\"},\"query-input\":{\"@type\":\"PropertyValueSpecification\",\"valueRequired\":true,\"valueName\":\"search_term_string\"}}],\"inLanguage\":\"fr-FR\"},{\"@type\":\"Organization\",\"@id\":\"https:\/\/legandgo.com\/fr\/#organization\",\"name\":\"leg&go bike\",\"url\":\"https:\/\/legandgo.com\/fr\/\",\"logo\":{\"@type\":\"ImageObject\",\"inLanguage\":\"fr-FR\",\"@id\":\"https:\/\/legandgo.com\/fr\/#\/schema\/logo\/image\/\",\"url\":\"https:\/\/legandgo.com\/wp-content\/uploads\/2021\/03\/logorf.png\",\"contentUrl\":\"https:\/\/legandgo.com\/wp-content\/uploads\/2021\/03\/logorf.png\",\"width\":675,\"height\":216,\"caption\":\"leg&go bike\"},\"image\":{\"@id\":\"https:\/\/legandgo.com\/fr\/#\/schema\/logo\/image\/\"},\"sameAs\":[\"https:\/\/www.facebook.com\/legandgo\",\"https:\/\/www.instagram.com\/legandgo\/\",\"https:\/\/www.linkedin.com\/company\/legandgo\/\",\"https:\/\/www.pinterest.com\/legandgo\/\",\"https:\/\/www.youtube.com\/channel\/UC_FBzWPmKWE0g7fcR4Xdfuw\/\"]}]}<\/script>\n<!-- \/ Yoast SEO plugin. -->","yoast_head_json":{"title":"Table et Chaise pour le Mur Su\u00e9dois des Grimpeurs &#183; leg&amp;go","description":"Table and chair add on for leg&go swedish wall - climbing triangle set. Turn the woodenactivity set into a place to sit and relax","robots":{"index":"index","follow":"follow","max-snippet":"max-snippet:-1","max-image-preview":"max-image-preview:large","max-video-preview":"max-video-preview:-1"},"canonical":"https:\/\/legandgo.com\/fr\/shop\/toys-fr\/table-et-chaise-pour-le-mur-suedois-des-grimpeurs\/","og_locale":"fr_FR","og_type":"article","og_title":"Table et Chaise pour le Mur Su\u00e9dois des Grimpeurs &#183; leg&amp;go","og_description":"Table and chair add on for leg&go swedish wall - climbing triangle set. Turn the woodenactivity set into a place to sit and relax","og_url":"https:\/\/legandgo.com\/fr\/shop\/toys-fr\/table-et-chaise-pour-le-mur-suedois-des-grimpeurs\/","og_site_name":"leg&amp;go","article_publisher":"https:\/\/www.facebook.com\/legandgo","article_modified_time":"2026-04-08T15:35:33+00:00","og_image":[{"width":2048,"height":2048,"url":"https:\/\/legandgo.com\/wp-content\/uploads\/2022\/03\/Swedish-wall-table-and-chair-addon.jpg","type":"image\/jpeg"}],"twitter_card":"summary_large_image","twitter_misc":{"Dur\u00e9e de lecture estim\u00e9e":"1 minute"},"schema":{"@context":"https:\/\/schema.org","@graph":[{"@type":"WebPage","@id":"https:\/\/legandgo.com\/fr\/shop\/toys-fr\/table-et-chaise-pour-le-mur-suedois-des-grimpeurs\/","url":"https:\/\/legandgo.com\/fr\/shop\/toys-fr\/table-et-chaise-pour-le-mur-suedois-des-grimpeurs\/","name":"Table et Chaise pour le Mur Su\u00e9dois des Grimpeurs &#183; leg&amp;go","isPartOf":{"@id":"https:\/\/legandgo.com\/fr\/#website"},"primaryImageOfPage":{"@id":"https:\/\/legandgo.com\/fr\/shop\/toys-fr\/table-et-chaise-pour-le-mur-suedois-des-grimpeurs\/#primaryimage"},"image":{"@id":"https:\/\/legandgo.com\/fr\/shop\/toys-fr\/table-et-chaise-pour-le-mur-suedois-des-grimpeurs\/#primaryimage"},"thumbnailUrl":"https:\/\/legandgo.com\/wp-content\/uploads\/2022\/03\/Swedish-wall-table-and-chair-addon.jpg","datePublished":"2022-03-01T12:46:38+00:00","dateModified":"2026-04-08T15:35:33+00:00","description":"Table and chair add on for leg&go swedish wall - climbing triangle set. Turn the woodenactivity set into a place to sit and relax","breadcrumb":{"@id":"https:\/\/legandgo.com\/fr\/shop\/toys-fr\/table-et-chaise-pour-le-mur-suedois-des-grimpeurs\/#breadcrumb"},"inLanguage":"fr-FR","potentialAction":[{"@type":"ReadAction","target":["https:\/\/legandgo.com\/fr\/shop\/toys-fr\/table-et-chaise-pour-le-mur-suedois-des-grimpeurs\/"]}]},{"@type":"ImageObject","inLanguage":"fr-FR","@id":"https:\/\/legandgo.com\/fr\/shop\/toys-fr\/table-et-chaise-pour-le-mur-suedois-des-grimpeurs\/#primaryimage","url":"https:\/\/legandgo.com\/wp-content\/uploads\/2022\/03\/Swedish-wall-table-and-chair-addon.jpg","contentUrl":"https:\/\/legandgo.com\/wp-content\/uploads\/2022\/03\/Swedish-wall-table-and-chair-addon.jpg","width":2048,"height":2048},{"@type":"BreadcrumbList","@id":"https:\/\/legandgo.com\/fr\/shop\/toys-fr\/table-et-chaise-pour-le-mur-suedois-des-grimpeurs\/#breadcrumb","itemListElement":[{"@type":"ListItem","position":1,"name":"Home","item":"https:\/\/legandgo.com\/fr\/"},{"@type":"ListItem","position":2,"name":"Shop","item":"https:\/\/legandgo.com\/fr\/shop\/"},{"@type":"ListItem","position":3,"name":"Table et Chaise pour le Mur Su\u00e9dois des Grimpeurs"}]},{"@type":"WebSite","@id":"https:\/\/legandgo.com\/fr\/#website","url":"https:\/\/legandgo.com\/fr\/","name":"leg&amp;go","description":"","publisher":{"@id":"https:\/\/legandgo.com\/fr\/#organization"},"potentialAction":[{"@type":"SearchAction","target":{"@type":"EntryPoint","urlTemplate":"https:\/\/legandgo.com\/fr\/?s={search_term_string}"},"query-input":{"@type":"PropertyValueSpecification","valueRequired":true,"valueName":"search_term_string"}}],"inLanguage":"fr-FR"},{"@type":"Organization","@id":"https:\/\/legandgo.com\/fr\/#organization","name":"leg&go bike","url":"https:\/\/legandgo.com\/fr\/","logo":{"@type":"ImageObject","inLanguage":"fr-FR","@id":"https:\/\/legandgo.com\/fr\/#\/schema\/logo\/image\/","url":"https:\/\/legandgo.com\/wp-content\/uploads\/2021\/03\/logorf.png","contentUrl":"https:\/\/legandgo.com\/wp-content\/uploads\/2021\/03\/logorf.png","width":675,"height":216,"caption":"leg&go bike"},"image":{"@id":"https:\/\/legandgo.com\/fr\/#\/schema\/logo\/image\/"},"sameAs":["https:\/\/www.facebook.com\/legandgo","https:\/\/www.instagram.com\/legandgo\/","https:\/\/www.linkedin.com\/company\/legandgo\/","https:\/\/www.pinterest.com\/legandgo\/","https:\/\/www.youtube.com\/channel\/UC_FBzWPmKWE0g7fcR4Xdfuw\/"]}]}},"_links":{"self":[{"href":"https:\/\/legandgo.com\/fr\/wp-json\/wp\/v2\/product\/6711","targetHints":{"allow":["GET"]}}],"collection":[{"href":"https:\/\/legandgo.com\/fr\/wp-json\/wp\/v2\/product"}],"about":[{"href":"https:\/\/legandgo.com\/fr\/wp-json\/wp\/v2\/types\/product"}],"replies":[{"embeddable":true,"href":"https:\/\/legandgo.com\/fr\/wp-json\/wp\/v2\/comments?post=6711"}],"version-history":[{"count":12,"href":"https:\/\/legandgo.com\/fr\/wp-json\/wp\/v2\/product\/6711\/revisions"}],"predecessor-version":[{"id":53842,"href":"https:\/\/legandgo.com\/fr\/wp-json\/wp\/v2\/product\/6711\/revisions\/53842"}],"wp:featuredmedia":[{"embeddable":true,"href":"https:\/\/legandgo.com\/fr\/wp-json\/wp\/v2\/media\/53838"}],"wp:attachment":[{"href":"https:\/\/legandgo.com\/fr\/wp-json\/wp\/v2\/media?parent=6711"}],"wp:term":[{"taxonomy":"product_brand","embeddable":true,"href":"https:\/\/legandgo.com\/fr\/wp-json\/wp\/v2\/product_brand?post=6711"},{"taxonomy":"product_cat","embeddable":true,"href":"https:\/\/legandgo.com\/fr\/wp-json\/wp\/v2\/product_cat?post=6711"},{"taxonomy":"product_tag","embeddable":true,"href":"https:\/\/legandgo.com\/fr\/wp-json\/wp\/v2\/product_tag?post=6711"}],"curies":[{"name":"wp","href":"https:\/\/api.w.org\/{rel}","templated":true}]}}