{"id":67484,"date":"2026-05-13T17:42:28","date_gmt":"2026-05-13T15:42:28","guid":{"rendered":"https:\/\/legandgo.com\/shop\/non%20class\u00e9\/planche-porte-crayon\/"},"modified":"2026-05-14T16:11:06","modified_gmt":"2026-05-14T14:11:06","slug":"planche-porte-crayon","status":"publish","type":"product","link":"https:\/\/legandgo.com\/fr\/shop\/toys-fr\/planche-porte-crayon\/","title":{"rendered":"Planche \u00e0 dessin avec porte-crayon"},"content":{"rendered":"<p style=\"font-weight: 400;\">Transformez n&#8217;importe quel mur en un coin cr\u00e9atif calme et inspirant gr\u00e2ce \u00e0 ce tableau \u00e0 dessin mural pour enfants dot\u00e9 de porte-gobelets int\u00e9gr\u00e9s, d&#8217;une \u00e9tag\u00e8re de rangement int\u00e9gr\u00e9e et d&#8217;un distributeur de rouleaux de papier con\u00e7u pour encourager les jeux sans \u00e9cran.<\/p>\n<p style=\"font-weight: 400;\">Le syst\u00e8me de descente du papier permet aux enfants d&#8217;attraper facilement du papier neuf lorsque l&#8217;inspiration leur vient, tandis que l&#8217;\u00e9tag\u00e8re inf\u00e9rieure permet de garder les fournitures artistiques pr\u00e9f\u00e9r\u00e9es visibles et \u00e0 port\u00e9e de main. Fix\u00e9 directement au mur, il cr\u00e9e une installation cr\u00e9ative \u00e0 la fois belle et pratique, sans encombrer l&#8217;espace au sol. <\/p>\n<p style=\"font-weight: 400;\">Remarque : les gobelets ne sont pas inclus. Tout gobelet ou r\u00e9cipient r\u00e9utilisable de taille standard s&#8217;adaptera aux supports. <\/p>\n<p style=\"font-weight: 400;\"><strong>D\u00e9couvrir plus ci dessous.<\/strong><\/p>\n","protected":false},"excerpt":{"rendered":"<p>Transformez n&#8217;importe quel mur en un coin cr\u00e9atif calme et inspirant gr\u00e2ce \u00e0 ce tableau \u00e0 dessin mural pour enfants dot\u00e9 de porte-gobelets int\u00e9gr\u00e9s, d&#8217;une \u00e9tag\u00e8re de rangement int\u00e9gr\u00e9e et d&#8217;un distributeur de rouleaux de papier con\u00e7u pour encourager les jeux sans \u00e9cran. Le syst\u00e8me de descente du papier permet aux enfants d&#8217;attraper facilement du<a class=\"excerpt-read-more\" href=\"https:\/\/legandgo.com\/fr\/shop\/toys-fr\/planche-porte-crayon\/\" title=\"ReadPlanche \u00e0 dessin avec porte-crayon\">&#8230; Read more &raquo;<\/a><\/p>\n","protected":false},"featured_media":67274,"comment_status":"closed","ping_status":"closed","template":"","meta":{"_acf_changed":false,"inline_featured_image":false,"footnotes":""},"product_brand":[],"product_cat":[1318,55],"product_tag":[],"class_list":{"0":"post-67484","1":"product","2":"type-product","3":"status-publish","4":"has-post-thumbnail","6":"product_cat-categorie-de-jouets","7":"product_cat-toys-fr","9":"first","10":"instock","11":"sale","12":"purchasable","13":"product-type-variable"},"bundled_by":[],"bundle_stock_status":"instock","bundle_stock_quantity":null,"bundle_virtual":false,"bundle_layout":"","bundle_add_to_cart_form_location":"","bundle_editable_in_cart":false,"bundle_sold_individually_context":"","bundle_item_grouping":"","bundle_min_size":"","bundle_max_size":"","bundle_price":[],"bundled_items":[],"bundle_sell_ids":[],"acf":[],"yoast_head":"<!-- This site is optimized with the Yoast SEO plugin v25.9 - https:\/\/yoast.com\/wordpress\/plugins\/seo\/ -->\n<title>Planche \u00e0 dessin avec porte-crayon &#183; leg&amp;go<\/title>\n<meta name=\"description\" content=\"leg&amp;go wall mounted drawingTransformez n&#039;importe quel mur en un coin cr\u00e9atif calme et inspirant gr\u00e2ce \u00e0 ce tableau de dessin mural pour enfants dot\u00e9 de porte-gobelets int\u00e9gr\u00e9s, d&#039;une \u00e9tag\u00e8re de rangement int\u00e9gr\u00e9e et d&#039;un distributeur de rouleaux de papier con\u00e7u pour encourager les jeux sans \u00e9cran.\" \/>\n<meta name=\"robots\" content=\"index, follow, max-snippet:-1, max-image-preview:large, max-video-preview:-1\" \/>\n<link rel=\"canonical\" href=\"https:\/\/legandgo.com\/fr\/shop\/toys-fr\/planche-porte-crayon\/\" \/>\n<meta property=\"og:locale\" content=\"fr_FR\" \/>\n<meta property=\"og:type\" content=\"article\" \/>\n<meta property=\"og:title\" content=\"Planche \u00e0 dessin avec porte-crayon &#183; leg&amp;go\" \/>\n<meta property=\"og:description\" content=\"leg&amp;go wall mounted drawingTransformez n&#039;importe quel mur en un coin cr\u00e9atif calme et inspirant gr\u00e2ce \u00e0 ce tableau de dessin mural pour enfants dot\u00e9 de porte-gobelets int\u00e9gr\u00e9s, d&#039;une \u00e9tag\u00e8re de rangement int\u00e9gr\u00e9e et d&#039;un distributeur de rouleaux de papier con\u00e7u pour encourager les jeux sans \u00e9cran.\" \/>\n<meta property=\"og:url\" content=\"https:\/\/legandgo.com\/fr\/shop\/toys-fr\/planche-porte-crayon\/\" \/>\n<meta property=\"og:site_name\" content=\"leg&amp;go\" \/>\n<meta property=\"article:publisher\" content=\"https:\/\/www.facebook.com\/legandgo\" \/>\n<meta property=\"article:modified_time\" content=\"2026-05-14T14:11:06+00:00\" \/>\n<meta property=\"og:image\" content=\"https:\/\/legandgo.com\/wp-content\/uploads\/2026\/05\/cup-drawing-board-white-background.jpg\" \/>\n\t<meta property=\"og:image:width\" content=\"1000\" \/>\n\t<meta property=\"og:image:height\" content=\"1000\" \/>\n\t<meta property=\"og:image:type\" content=\"image\/jpeg\" \/>\n<meta name=\"twitter:card\" content=\"summary_large_image\" \/>\n<meta name=\"twitter:label1\" content=\"Dur\u00e9e de lecture estim\u00e9e\" \/>\n\t<meta name=\"twitter:data1\" content=\"1 minute\" \/>\n<script type=\"application\/ld+json\" class=\"yoast-schema-graph\">{\"@context\":\"https:\/\/schema.org\",\"@graph\":[{\"@type\":\"WebPage\",\"@id\":\"https:\/\/legandgo.com\/fr\/shop\/toys-fr\/planche-porte-crayon\/\",\"url\":\"https:\/\/legandgo.com\/fr\/shop\/toys-fr\/planche-porte-crayon\/\",\"name\":\"Planche \u00e0 dessin avec porte-crayon &#183; leg&amp;go\",\"isPartOf\":{\"@id\":\"https:\/\/legandgo.com\/fr\/#website\"},\"primaryImageOfPage\":{\"@id\":\"https:\/\/legandgo.com\/fr\/shop\/toys-fr\/planche-porte-crayon\/#primaryimage\"},\"image\":{\"@id\":\"https:\/\/legandgo.com\/fr\/shop\/toys-fr\/planche-porte-crayon\/#primaryimage\"},\"thumbnailUrl\":\"https:\/\/legandgo.com\/wp-content\/uploads\/2026\/05\/cup-drawing-board-white-background.jpg\",\"datePublished\":\"2026-05-13T15:42:28+00:00\",\"dateModified\":\"2026-05-14T14:11:06+00:00\",\"description\":\"leg&go wall mounted drawingTransformez n'importe quel mur en un coin cr\u00e9atif calme et inspirant gr\u00e2ce \u00e0 ce tableau de dessin mural pour enfants dot\u00e9 de porte-gobelets int\u00e9gr\u00e9s, d'une \u00e9tag\u00e8re de rangement int\u00e9gr\u00e9e et d'un distributeur de rouleaux de papier con\u00e7u pour encourager les jeux sans \u00e9cran.\",\"breadcrumb\":{\"@id\":\"https:\/\/legandgo.com\/fr\/shop\/toys-fr\/planche-porte-crayon\/#breadcrumb\"},\"inLanguage\":\"fr-FR\",\"potentialAction\":[{\"@type\":\"ReadAction\",\"target\":[\"https:\/\/legandgo.com\/fr\/shop\/toys-fr\/planche-porte-crayon\/\"]}]},{\"@type\":\"ImageObject\",\"inLanguage\":\"fr-FR\",\"@id\":\"https:\/\/legandgo.com\/fr\/shop\/toys-fr\/planche-porte-crayon\/#primaryimage\",\"url\":\"https:\/\/legandgo.com\/wp-content\/uploads\/2026\/05\/cup-drawing-board-white-background.jpg\",\"contentUrl\":\"https:\/\/legandgo.com\/wp-content\/uploads\/2026\/05\/cup-drawing-board-white-background.jpg\",\"width\":1000,\"height\":1000},{\"@type\":\"BreadcrumbList\",\"@id\":\"https:\/\/legandgo.com\/fr\/shop\/toys-fr\/planche-porte-crayon\/#breadcrumb\",\"itemListElement\":[{\"@type\":\"ListItem\",\"position\":1,\"name\":\"Home\",\"item\":\"https:\/\/legandgo.com\/fr\/\"},{\"@type\":\"ListItem\",\"position\":2,\"name\":\"Shop\",\"item\":\"https:\/\/legandgo.com\/fr\/shop\/\"},{\"@type\":\"ListItem\",\"position\":3,\"name\":\"Planche \u00e0 dessin avec porte-crayon\"}]},{\"@type\":\"WebSite\",\"@id\":\"https:\/\/legandgo.com\/fr\/#website\",\"url\":\"https:\/\/legandgo.com\/fr\/\",\"name\":\"leg&amp;go\",\"description\":\"\",\"publisher\":{\"@id\":\"https:\/\/legandgo.com\/fr\/#organization\"},\"potentialAction\":[{\"@type\":\"SearchAction\",\"target\":{\"@type\":\"EntryPoint\",\"urlTemplate\":\"https:\/\/legandgo.com\/fr\/?s={search_term_string}\"},\"query-input\":{\"@type\":\"PropertyValueSpecification\",\"valueRequired\":true,\"valueName\":\"search_term_string\"}}],\"inLanguage\":\"fr-FR\"},{\"@type\":\"Organization\",\"@id\":\"https:\/\/legandgo.com\/fr\/#organization\",\"name\":\"leg&go bike\",\"url\":\"https:\/\/legandgo.com\/fr\/\",\"logo\":{\"@type\":\"ImageObject\",\"inLanguage\":\"fr-FR\",\"@id\":\"https:\/\/legandgo.com\/fr\/#\/schema\/logo\/image\/\",\"url\":\"https:\/\/legandgo.com\/wp-content\/uploads\/2021\/03\/logorf.png\",\"contentUrl\":\"https:\/\/legandgo.com\/wp-content\/uploads\/2021\/03\/logorf.png\",\"width\":675,\"height\":216,\"caption\":\"leg&go bike\"},\"image\":{\"@id\":\"https:\/\/legandgo.com\/fr\/#\/schema\/logo\/image\/\"},\"sameAs\":[\"https:\/\/www.facebook.com\/legandgo\",\"https:\/\/www.instagram.com\/legandgo\/\",\"https:\/\/www.linkedin.com\/company\/legandgo\/\",\"https:\/\/www.pinterest.com\/legandgo\/\",\"https:\/\/www.youtube.com\/channel\/UC_FBzWPmKWE0g7fcR4Xdfuw\/\"]}]}<\/script>\n<!-- \/ Yoast SEO plugin. -->","yoast_head_json":{"title":"Planche \u00e0 dessin avec porte-crayon &#183; leg&amp;go","description":"leg&go wall mounted drawingTransformez n'importe quel mur en un coin cr\u00e9atif calme et inspirant gr\u00e2ce \u00e0 ce tableau de dessin mural pour enfants dot\u00e9 de porte-gobelets int\u00e9gr\u00e9s, d'une \u00e9tag\u00e8re de rangement int\u00e9gr\u00e9e et d'un distributeur de rouleaux de papier con\u00e7u pour encourager les jeux sans \u00e9cran.","robots":{"index":"index","follow":"follow","max-snippet":"max-snippet:-1","max-image-preview":"max-image-preview:large","max-video-preview":"max-video-preview:-1"},"canonical":"https:\/\/legandgo.com\/fr\/shop\/toys-fr\/planche-porte-crayon\/","og_locale":"fr_FR","og_type":"article","og_title":"Planche \u00e0 dessin avec porte-crayon &#183; leg&amp;go","og_description":"leg&go wall mounted drawingTransformez n'importe quel mur en un coin cr\u00e9atif calme et inspirant gr\u00e2ce \u00e0 ce tableau de dessin mural pour enfants dot\u00e9 de porte-gobelets int\u00e9gr\u00e9s, d'une \u00e9tag\u00e8re de rangement int\u00e9gr\u00e9e et d'un distributeur de rouleaux de papier con\u00e7u pour encourager les jeux sans \u00e9cran.","og_url":"https:\/\/legandgo.com\/fr\/shop\/toys-fr\/planche-porte-crayon\/","og_site_name":"leg&amp;go","article_publisher":"https:\/\/www.facebook.com\/legandgo","article_modified_time":"2026-05-14T14:11:06+00:00","og_image":[{"width":1000,"height":1000,"url":"https:\/\/legandgo.com\/wp-content\/uploads\/2026\/05\/cup-drawing-board-white-background.jpg","type":"image\/jpeg"}],"twitter_card":"summary_large_image","twitter_misc":{"Dur\u00e9e de lecture estim\u00e9e":"1 minute"},"schema":{"@context":"https:\/\/schema.org","@graph":[{"@type":"WebPage","@id":"https:\/\/legandgo.com\/fr\/shop\/toys-fr\/planche-porte-crayon\/","url":"https:\/\/legandgo.com\/fr\/shop\/toys-fr\/planche-porte-crayon\/","name":"Planche \u00e0 dessin avec porte-crayon &#183; leg&amp;go","isPartOf":{"@id":"https:\/\/legandgo.com\/fr\/#website"},"primaryImageOfPage":{"@id":"https:\/\/legandgo.com\/fr\/shop\/toys-fr\/planche-porte-crayon\/#primaryimage"},"image":{"@id":"https:\/\/legandgo.com\/fr\/shop\/toys-fr\/planche-porte-crayon\/#primaryimage"},"thumbnailUrl":"https:\/\/legandgo.com\/wp-content\/uploads\/2026\/05\/cup-drawing-board-white-background.jpg","datePublished":"2026-05-13T15:42:28+00:00","dateModified":"2026-05-14T14:11:06+00:00","description":"leg&go wall mounted drawingTransformez n'importe quel mur en un coin cr\u00e9atif calme et inspirant gr\u00e2ce \u00e0 ce tableau de dessin mural pour enfants dot\u00e9 de porte-gobelets int\u00e9gr\u00e9s, d'une \u00e9tag\u00e8re de rangement int\u00e9gr\u00e9e et d'un distributeur de rouleaux de papier con\u00e7u pour encourager les jeux sans \u00e9cran.","breadcrumb":{"@id":"https:\/\/legandgo.com\/fr\/shop\/toys-fr\/planche-porte-crayon\/#breadcrumb"},"inLanguage":"fr-FR","potentialAction":[{"@type":"ReadAction","target":["https:\/\/legandgo.com\/fr\/shop\/toys-fr\/planche-porte-crayon\/"]}]},{"@type":"ImageObject","inLanguage":"fr-FR","@id":"https:\/\/legandgo.com\/fr\/shop\/toys-fr\/planche-porte-crayon\/#primaryimage","url":"https:\/\/legandgo.com\/wp-content\/uploads\/2026\/05\/cup-drawing-board-white-background.jpg","contentUrl":"https:\/\/legandgo.com\/wp-content\/uploads\/2026\/05\/cup-drawing-board-white-background.jpg","width":1000,"height":1000},{"@type":"BreadcrumbList","@id":"https:\/\/legandgo.com\/fr\/shop\/toys-fr\/planche-porte-crayon\/#breadcrumb","itemListElement":[{"@type":"ListItem","position":1,"name":"Home","item":"https:\/\/legandgo.com\/fr\/"},{"@type":"ListItem","position":2,"name":"Shop","item":"https:\/\/legandgo.com\/fr\/shop\/"},{"@type":"ListItem","position":3,"name":"Planche \u00e0 dessin avec porte-crayon"}]},{"@type":"WebSite","@id":"https:\/\/legandgo.com\/fr\/#website","url":"https:\/\/legandgo.com\/fr\/","name":"leg&amp;go","description":"","publisher":{"@id":"https:\/\/legandgo.com\/fr\/#organization"},"potentialAction":[{"@type":"SearchAction","target":{"@type":"EntryPoint","urlTemplate":"https:\/\/legandgo.com\/fr\/?s={search_term_string}"},"query-input":{"@type":"PropertyValueSpecification","valueRequired":true,"valueName":"search_term_string"}}],"inLanguage":"fr-FR"},{"@type":"Organization","@id":"https:\/\/legandgo.com\/fr\/#organization","name":"leg&go bike","url":"https:\/\/legandgo.com\/fr\/","logo":{"@type":"ImageObject","inLanguage":"fr-FR","@id":"https:\/\/legandgo.com\/fr\/#\/schema\/logo\/image\/","url":"https:\/\/legandgo.com\/wp-content\/uploads\/2021\/03\/logorf.png","contentUrl":"https:\/\/legandgo.com\/wp-content\/uploads\/2021\/03\/logorf.png","width":675,"height":216,"caption":"leg&go bike"},"image":{"@id":"https:\/\/legandgo.com\/fr\/#\/schema\/logo\/image\/"},"sameAs":["https:\/\/www.facebook.com\/legandgo","https:\/\/www.instagram.com\/legandgo\/","https:\/\/www.linkedin.com\/company\/legandgo\/","https:\/\/www.pinterest.com\/legandgo\/","https:\/\/www.youtube.com\/channel\/UC_FBzWPmKWE0g7fcR4Xdfuw\/"]}]}},"_links":{"self":[{"href":"https:\/\/legandgo.com\/fr\/wp-json\/wp\/v2\/product\/67484","targetHints":{"allow":["GET"]}}],"collection":[{"href":"https:\/\/legandgo.com\/fr\/wp-json\/wp\/v2\/product"}],"about":[{"href":"https:\/\/legandgo.com\/fr\/wp-json\/wp\/v2\/types\/product"}],"replies":[{"embeddable":true,"href":"https:\/\/legandgo.com\/fr\/wp-json\/wp\/v2\/comments?post=67484"}],"version-history":[{"count":3,"href":"https:\/\/legandgo.com\/fr\/wp-json\/wp\/v2\/product\/67484\/revisions"}],"predecessor-version":[{"id":67518,"href":"https:\/\/legandgo.com\/fr\/wp-json\/wp\/v2\/product\/67484\/revisions\/67518"}],"wp:featuredmedia":[{"embeddable":true,"href":"https:\/\/legandgo.com\/fr\/wp-json\/wp\/v2\/media\/67274"}],"wp:attachment":[{"href":"https:\/\/legandgo.com\/fr\/wp-json\/wp\/v2\/media?parent=67484"}],"wp:term":[{"taxonomy":"product_brand","embeddable":true,"href":"https:\/\/legandgo.com\/fr\/wp-json\/wp\/v2\/product_brand?post=67484"},{"taxonomy":"product_cat","embeddable":true,"href":"https:\/\/legandgo.com\/fr\/wp-json\/wp\/v2\/product_cat?post=67484"},{"taxonomy":"product_tag","embeddable":true,"href":"https:\/\/legandgo.com\/fr\/wp-json\/wp\/v2\/product_tag?post=67484"}],"curies":[{"name":"wp","href":"https:\/\/api.w.org\/{rel}","templated":true}]}}