{"id":979,"date":"2021-02-08T14:10:03","date_gmt":"2021-02-08T14:10:03","guid":{"rendered":"https:\/\/legandgo.com\/product\/montessori-geoboard-small\/"},"modified":"2026-03-23T13:55:47","modified_gmt":"2026-03-23T11:55:47","slug":"geoboard-montessori","status":"publish","type":"product","link":"https:\/\/legandgo.com\/fr\/shop\/toys-fr\/geoboard-montessori\/","title":{"rendered":"G\u00e9oboard Montessori"},"content":{"rendered":"<p style=\"font-weight: 400;\">Quand le jeu rencontre la pens\u00e9e math\u00e9matique pr\u00e9coce.<\/p>\n<p style=\"font-weight: 400;\">Notre G\u00e9oboard invite les enfants \u00e0 explorer les motifs, les formes et la cr\u00e9ativit\u00e9 par le biais d&#8217;un jeu pratique.<\/p>\n<p style=\"font-weight: 400;\">En \u00e9tirant des bandes color\u00e9es autour de chevilles en bois lisse, les enfants d\u00e9veloppent naturellement la motricit\u00e9 fine, la concentration et les premi\u00e8res notions de math\u00e9matiques.<\/p>\n<p style=\"font-weight: 400;\">Comprend 36 \u00e9lastiques color\u00e9s.<\/p>\n<p style=\"font-weight: 400;\"><strong>D\u00e9couvrez-en plus ci-dessous. <\/strong><\/p>\n","protected":false},"excerpt":{"rendered":"<p>Quand le jeu rencontre la pens\u00e9e math\u00e9matique pr\u00e9coce. Notre G\u00e9oboard invite les enfants \u00e0 explorer les motifs, les formes et la cr\u00e9ativit\u00e9 par le biais d&#8217;un jeu pratique. En \u00e9tirant des bandes color\u00e9es autour de chevilles en bois lisse, les enfants d\u00e9veloppent naturellement la motricit\u00e9 fine, la concentration et les premi\u00e8res notions de math\u00e9matiques. Comprend<a class=\"excerpt-read-more\" href=\"https:\/\/legandgo.com\/fr\/shop\/toys-fr\/geoboard-montessori\/\" title=\"ReadG\u00e9oboard Montessori\">&#8230; Read more &raquo;<\/a><\/p>\n","protected":false},"featured_media":48429,"comment_status":"closed","ping_status":"closed","template":"","meta":{"_acf_changed":false,"inline_featured_image":false,"footnotes":""},"product_brand":[],"product_cat":[1318,55],"product_tag":[],"class_list":{"0":"post-979","1":"product","2":"type-product","3":"status-publish","4":"has-post-thumbnail","6":"product_cat-categorie-de-jouets","7":"product_cat-toys-fr","8":"product_shipping_class-toys-shipping-fr","9":"pa_color-type-bouleau","10":"pa_color-type-chene","11":"pa_color-type-noyer","13":"first","14":"instock","15":"purchasable","16":"product-type-simple"},"bundled_by":[],"bundle_stock_status":"instock","bundle_stock_quantity":null,"bundle_virtual":false,"bundle_layout":"","bundle_add_to_cart_form_location":"","bundle_editable_in_cart":false,"bundle_sold_individually_context":"","bundle_item_grouping":"","bundle_min_size":"","bundle_max_size":"","bundle_price":[],"bundled_items":[],"bundle_sell_ids":[],"acf":[],"yoast_head":"<!-- This site is optimized with the Yoast SEO plugin v25.9 - https:\/\/yoast.com\/wordpress\/plugins\/seo\/ -->\n<title>G\u00e9oboard Montessori &#183; leg&amp;go<\/title>\n<meta name=\"description\" content=\"La rencontre du jeu et de la pens\u00e9e math\u00e9matique. Explorez les concepts math\u00e9matiques avec leg&amp;go Geoboard. Parfait pour jouer en toute tranquillit\u00e9.\" \/>\n<meta name=\"robots\" content=\"index, follow, max-snippet:-1, max-image-preview:large, max-video-preview:-1\" \/>\n<link rel=\"canonical\" href=\"https:\/\/legandgo.com\/fr\/shop\/toys-fr\/geoboard-montessori\/\" \/>\n<meta property=\"og:locale\" content=\"fr_FR\" \/>\n<meta property=\"og:type\" content=\"article\" \/>\n<meta property=\"og:title\" content=\"G\u00e9oboard Montessori &#183; leg&amp;go\" \/>\n<meta property=\"og:description\" content=\"La rencontre du jeu et de la pens\u00e9e math\u00e9matique. Explorez les concepts math\u00e9matiques avec leg&amp;go Geoboard. Parfait pour jouer en toute tranquillit\u00e9.\" \/>\n<meta property=\"og:url\" content=\"https:\/\/legandgo.com\/fr\/shop\/toys-fr\/geoboard-montessori\/\" \/>\n<meta property=\"og:site_name\" content=\"leg&amp;go\" \/>\n<meta property=\"article:publisher\" content=\"https:\/\/www.facebook.com\/legandgo\" \/>\n<meta property=\"article:modified_time\" content=\"2026-03-23T11:55:47+00:00\" \/>\n<meta property=\"og:image\" content=\"https:\/\/legandgo.com\/wp-content\/uploads\/2021\/02\/Geogoard-birch-white-background-scaled.jpg\" \/>\n\t<meta property=\"og:image:width\" content=\"2560\" \/>\n\t<meta property=\"og:image:height\" content=\"2560\" \/>\n\t<meta property=\"og:image:type\" content=\"image\/jpeg\" \/>\n<meta name=\"twitter:card\" content=\"summary_large_image\" \/>\n<script type=\"application\/ld+json\" class=\"yoast-schema-graph\">{\"@context\":\"https:\/\/schema.org\",\"@graph\":[{\"@type\":\"WebPage\",\"@id\":\"https:\/\/legandgo.com\/fr\/shop\/toys-fr\/geoboard-montessori\/\",\"url\":\"https:\/\/legandgo.com\/fr\/shop\/toys-fr\/geoboard-montessori\/\",\"name\":\"G\u00e9oboard Montessori &#183; leg&amp;go\",\"isPartOf\":{\"@id\":\"https:\/\/legandgo.com\/fr\/#website\"},\"primaryImageOfPage\":{\"@id\":\"https:\/\/legandgo.com\/fr\/shop\/toys-fr\/geoboard-montessori\/#primaryimage\"},\"image\":{\"@id\":\"https:\/\/legandgo.com\/fr\/shop\/toys-fr\/geoboard-montessori\/#primaryimage\"},\"thumbnailUrl\":\"https:\/\/legandgo.com\/wp-content\/uploads\/2021\/02\/Geogoard-birch-white-background-scaled.jpg\",\"datePublished\":\"2021-02-08T14:10:03+00:00\",\"dateModified\":\"2026-03-23T11:55:47+00:00\",\"description\":\"La rencontre du jeu et de la pens\u00e9e math\u00e9matique. Explorez les concepts math\u00e9matiques avec leg&go Geoboard. Parfait pour jouer en toute tranquillit\u00e9.\",\"breadcrumb\":{\"@id\":\"https:\/\/legandgo.com\/fr\/shop\/toys-fr\/geoboard-montessori\/#breadcrumb\"},\"inLanguage\":\"fr-FR\",\"potentialAction\":[{\"@type\":\"ReadAction\",\"target\":[\"https:\/\/legandgo.com\/fr\/shop\/toys-fr\/geoboard-montessori\/\"]}]},{\"@type\":\"ImageObject\",\"inLanguage\":\"fr-FR\",\"@id\":\"https:\/\/legandgo.com\/fr\/shop\/toys-fr\/geoboard-montessori\/#primaryimage\",\"url\":\"https:\/\/legandgo.com\/wp-content\/uploads\/2021\/02\/Geogoard-birch-white-background-scaled.jpg\",\"contentUrl\":\"https:\/\/legandgo.com\/wp-content\/uploads\/2021\/02\/Geogoard-birch-white-background-scaled.jpg\",\"width\":2560,\"height\":2560},{\"@type\":\"BreadcrumbList\",\"@id\":\"https:\/\/legandgo.com\/fr\/shop\/toys-fr\/geoboard-montessori\/#breadcrumb\",\"itemListElement\":[{\"@type\":\"ListItem\",\"position\":1,\"name\":\"Home\",\"item\":\"https:\/\/legandgo.com\/fr\/\"},{\"@type\":\"ListItem\",\"position\":2,\"name\":\"Shop\",\"item\":\"https:\/\/legandgo.com\/fr\/shop\/\"},{\"@type\":\"ListItem\",\"position\":3,\"name\":\"G\u00e9oboard Montessori\"}]},{\"@type\":\"WebSite\",\"@id\":\"https:\/\/legandgo.com\/fr\/#website\",\"url\":\"https:\/\/legandgo.com\/fr\/\",\"name\":\"leg&amp;go\",\"description\":\"\",\"publisher\":{\"@id\":\"https:\/\/legandgo.com\/fr\/#organization\"},\"potentialAction\":[{\"@type\":\"SearchAction\",\"target\":{\"@type\":\"EntryPoint\",\"urlTemplate\":\"https:\/\/legandgo.com\/fr\/?s={search_term_string}\"},\"query-input\":{\"@type\":\"PropertyValueSpecification\",\"valueRequired\":true,\"valueName\":\"search_term_string\"}}],\"inLanguage\":\"fr-FR\"},{\"@type\":\"Organization\",\"@id\":\"https:\/\/legandgo.com\/fr\/#organization\",\"name\":\"leg&go bike\",\"url\":\"https:\/\/legandgo.com\/fr\/\",\"logo\":{\"@type\":\"ImageObject\",\"inLanguage\":\"fr-FR\",\"@id\":\"https:\/\/legandgo.com\/fr\/#\/schema\/logo\/image\/\",\"url\":\"https:\/\/legandgo.com\/wp-content\/uploads\/2021\/03\/logorf.png\",\"contentUrl\":\"https:\/\/legandgo.com\/wp-content\/uploads\/2021\/03\/logorf.png\",\"width\":675,\"height\":216,\"caption\":\"leg&go bike\"},\"image\":{\"@id\":\"https:\/\/legandgo.com\/fr\/#\/schema\/logo\/image\/\"},\"sameAs\":[\"https:\/\/www.facebook.com\/legandgo\",\"https:\/\/www.instagram.com\/legandgo\/\",\"https:\/\/www.linkedin.com\/company\/legandgo\/\",\"https:\/\/www.pinterest.com\/legandgo\/\",\"https:\/\/www.youtube.com\/channel\/UC_FBzWPmKWE0g7fcR4Xdfuw\/\"]}]}<\/script>\n<!-- \/ Yoast SEO plugin. -->","yoast_head_json":{"title":"G\u00e9oboard Montessori &#183; leg&amp;go","description":"La rencontre du jeu et de la pens\u00e9e math\u00e9matique. Explorez les concepts math\u00e9matiques avec leg&go Geoboard. Parfait pour jouer en toute tranquillit\u00e9.","robots":{"index":"index","follow":"follow","max-snippet":"max-snippet:-1","max-image-preview":"max-image-preview:large","max-video-preview":"max-video-preview:-1"},"canonical":"https:\/\/legandgo.com\/fr\/shop\/toys-fr\/geoboard-montessori\/","og_locale":"fr_FR","og_type":"article","og_title":"G\u00e9oboard Montessori &#183; leg&amp;go","og_description":"La rencontre du jeu et de la pens\u00e9e math\u00e9matique. Explorez les concepts math\u00e9matiques avec leg&go Geoboard. Parfait pour jouer en toute tranquillit\u00e9.","og_url":"https:\/\/legandgo.com\/fr\/shop\/toys-fr\/geoboard-montessori\/","og_site_name":"leg&amp;go","article_publisher":"https:\/\/www.facebook.com\/legandgo","article_modified_time":"2026-03-23T11:55:47+00:00","og_image":[{"width":2560,"height":2560,"url":"https:\/\/legandgo.com\/wp-content\/uploads\/2021\/02\/Geogoard-birch-white-background-scaled.jpg","type":"image\/jpeg"}],"twitter_card":"summary_large_image","schema":{"@context":"https:\/\/schema.org","@graph":[{"@type":"WebPage","@id":"https:\/\/legandgo.com\/fr\/shop\/toys-fr\/geoboard-montessori\/","url":"https:\/\/legandgo.com\/fr\/shop\/toys-fr\/geoboard-montessori\/","name":"G\u00e9oboard Montessori &#183; leg&amp;go","isPartOf":{"@id":"https:\/\/legandgo.com\/fr\/#website"},"primaryImageOfPage":{"@id":"https:\/\/legandgo.com\/fr\/shop\/toys-fr\/geoboard-montessori\/#primaryimage"},"image":{"@id":"https:\/\/legandgo.com\/fr\/shop\/toys-fr\/geoboard-montessori\/#primaryimage"},"thumbnailUrl":"https:\/\/legandgo.com\/wp-content\/uploads\/2021\/02\/Geogoard-birch-white-background-scaled.jpg","datePublished":"2021-02-08T14:10:03+00:00","dateModified":"2026-03-23T11:55:47+00:00","description":"La rencontre du jeu et de la pens\u00e9e math\u00e9matique. Explorez les concepts math\u00e9matiques avec leg&go Geoboard. Parfait pour jouer en toute tranquillit\u00e9.","breadcrumb":{"@id":"https:\/\/legandgo.com\/fr\/shop\/toys-fr\/geoboard-montessori\/#breadcrumb"},"inLanguage":"fr-FR","potentialAction":[{"@type":"ReadAction","target":["https:\/\/legandgo.com\/fr\/shop\/toys-fr\/geoboard-montessori\/"]}]},{"@type":"ImageObject","inLanguage":"fr-FR","@id":"https:\/\/legandgo.com\/fr\/shop\/toys-fr\/geoboard-montessori\/#primaryimage","url":"https:\/\/legandgo.com\/wp-content\/uploads\/2021\/02\/Geogoard-birch-white-background-scaled.jpg","contentUrl":"https:\/\/legandgo.com\/wp-content\/uploads\/2021\/02\/Geogoard-birch-white-background-scaled.jpg","width":2560,"height":2560},{"@type":"BreadcrumbList","@id":"https:\/\/legandgo.com\/fr\/shop\/toys-fr\/geoboard-montessori\/#breadcrumb","itemListElement":[{"@type":"ListItem","position":1,"name":"Home","item":"https:\/\/legandgo.com\/fr\/"},{"@type":"ListItem","position":2,"name":"Shop","item":"https:\/\/legandgo.com\/fr\/shop\/"},{"@type":"ListItem","position":3,"name":"G\u00e9oboard Montessori"}]},{"@type":"WebSite","@id":"https:\/\/legandgo.com\/fr\/#website","url":"https:\/\/legandgo.com\/fr\/","name":"leg&amp;go","description":"","publisher":{"@id":"https:\/\/legandgo.com\/fr\/#organization"},"potentialAction":[{"@type":"SearchAction","target":{"@type":"EntryPoint","urlTemplate":"https:\/\/legandgo.com\/fr\/?s={search_term_string}"},"query-input":{"@type":"PropertyValueSpecification","valueRequired":true,"valueName":"search_term_string"}}],"inLanguage":"fr-FR"},{"@type":"Organization","@id":"https:\/\/legandgo.com\/fr\/#organization","name":"leg&go bike","url":"https:\/\/legandgo.com\/fr\/","logo":{"@type":"ImageObject","inLanguage":"fr-FR","@id":"https:\/\/legandgo.com\/fr\/#\/schema\/logo\/image\/","url":"https:\/\/legandgo.com\/wp-content\/uploads\/2021\/03\/logorf.png","contentUrl":"https:\/\/legandgo.com\/wp-content\/uploads\/2021\/03\/logorf.png","width":675,"height":216,"caption":"leg&go bike"},"image":{"@id":"https:\/\/legandgo.com\/fr\/#\/schema\/logo\/image\/"},"sameAs":["https:\/\/www.facebook.com\/legandgo","https:\/\/www.instagram.com\/legandgo\/","https:\/\/www.linkedin.com\/company\/legandgo\/","https:\/\/www.pinterest.com\/legandgo\/","https:\/\/www.youtube.com\/channel\/UC_FBzWPmKWE0g7fcR4Xdfuw\/"]}]}},"_links":{"self":[{"href":"https:\/\/legandgo.com\/fr\/wp-json\/wp\/v2\/product\/979","targetHints":{"allow":["GET"]}}],"collection":[{"href":"https:\/\/legandgo.com\/fr\/wp-json\/wp\/v2\/product"}],"about":[{"href":"https:\/\/legandgo.com\/fr\/wp-json\/wp\/v2\/types\/product"}],"replies":[{"embeddable":true,"href":"https:\/\/legandgo.com\/fr\/wp-json\/wp\/v2\/comments?post=979"}],"version-history":[{"count":12,"href":"https:\/\/legandgo.com\/fr\/wp-json\/wp\/v2\/product\/979\/revisions"}],"predecessor-version":[{"id":62376,"href":"https:\/\/legandgo.com\/fr\/wp-json\/wp\/v2\/product\/979\/revisions\/62376"}],"wp:featuredmedia":[{"embeddable":true,"href":"https:\/\/legandgo.com\/fr\/wp-json\/wp\/v2\/media\/48429"}],"wp:attachment":[{"href":"https:\/\/legandgo.com\/fr\/wp-json\/wp\/v2\/media?parent=979"}],"wp:term":[{"taxonomy":"product_brand","embeddable":true,"href":"https:\/\/legandgo.com\/fr\/wp-json\/wp\/v2\/product_brand?post=979"},{"taxonomy":"product_cat","embeddable":true,"href":"https:\/\/legandgo.com\/fr\/wp-json\/wp\/v2\/product_cat?post=979"},{"taxonomy":"product_tag","embeddable":true,"href":"https:\/\/legandgo.com\/fr\/wp-json\/wp\/v2\/product_tag?post=979"}],"curies":[{"name":"wp","href":"https:\/\/api.w.org\/{rel}","templated":true}]}}