{"id":43433,"date":"2025-09-19T14:13:41","date_gmt":"2025-09-19T12:13:41","guid":{"rendered":"https:\/\/legandgo.com\/diventa-un-affiliato-leggo\/"},"modified":"2025-09-19T14:14:58","modified_gmt":"2025-09-19T12:14:58","slug":"diventa-un-affiliato-leggo","status":"publish","type":"page","link":"https:\/\/legandgo.com\/it\/diventa-un-affiliato-leggo\/","title":{"rendered":"Diventa un affiliato Leg&amp;go"},"content":{"rendered":"\n<div class=\"show-desktop\"><img decoding=\"async\" src=\"https:\/\/legandgo.com\/wp-content\/themes\/legandgo2\/img\/afilliate-header-pc.jpg\" alt=\"\" class=\"wp-image-1702\"\/><\/div>\n\n<div class=\"show-mobile\"><img decoding=\"async\" src=\"https:\/\/legandgo.com\/wp-content\/themes\/legandgo2\/img\/afilliate-header-mob.jpg\" alt=\"\" class=\"wp-image-1714\"\/><\/div>\n\n<p><\/p>\n\n<h2 class=\"has-text-align-left wp-block-heading\">Chi siamo?<\/h2>\n\n<p class=\"has-text-align-left\">Leg&amp;go \u00e8 la prima e unica bicicletta per bambini in legno al mondo che pu\u00f2 essere trasformata in 8 modi diversi, garantendo la sostenibilit\u00e0, il design eccezionale e la qualit\u00e0 duratura che i genitori cercano. <\/p>\n\n<p class=\"has-text-align-left\">Il telaio in legno di alta qualit\u00e0 pu\u00f2 essere regolato in base all&#8217;et\u00e0, alla taglia e alle preferenze grazie a numerosi pacchetti di estensione, consentendo alla bicicletta di crescere insieme al bambino dai 6 mesi ai 6 anni di et\u00e0.<\/p>\n\n<p class=\"has-text-align-left\">I prodotti Leg&amp;go possono essere acquistati online e spediti in tutto il mondo. <\/p>\n\n<p><\/p>\n\n<p><\/p>\n\n<h2 class=\"has-text-align-left wp-block-heading\">Chi pu\u00f2 aderire?<\/h2>\n\n<p class=\"has-text-align-left\">Stiamo cercando affiliati che si adattino al tema del nostro marchio. <\/p>\n\n<p class=\"has-text-align-left\">Gli affiliati possono essere editori, siti dedicati al ciclismo amatoriale, forum sul ciclismo, siti di recensioni di prodotti, social media e altro ancora. Forse hai un canale YouTube, una bacheca Pinterest o un feed Instagram con un pubblico di neogenitori? Perfetto, allora il programma di affiliazione leg&amp;go \u00e8 un ottimo modo per iniziare a guadagnare una commissione sugli acquisti effettuati dai visitatori che indirizzi!<\/p>\n\n<p><\/p>\n\n<p><\/p>\n\n<h2 class=\"has-text-align-left wp-block-heading\">Quali sono i vantaggi dell&#8217;adesione? <\/h2>\n\n<ul class=\"wp-block-list\"><li>Commissioni altamente competitive a partire dal 3%, con importi maggiori disponibili per gli affiliati con prestazioni elevate.<\/li><li>Prezzo medio degli ordini elevato, compreso tra 295 EUR e 630 EUR.<\/li><li>Durata dei cookie di 30 giorni; guadagna commissioni dal traffico che invii per un mese intero.<\/li><li>Ti forniamo banner professionali, annunci testuali, interviste, descrizioni dei prodotti: tutto ci\u00f2 di cui hai bisogno per aumentare le vendite.<\/li><li>Assistenza da parte del nostro responsabile affiliati.<\/li><li>Opzioni di monitoraggio e reportistica dettagliata fornite attraverso la comoda piattaforma di affiliazione.<\/li><\/ul>\n\n<p><\/p>\n\n<p><\/p>\n\n<h2 class=\"has-text-align-left wp-block-heading\"> Come funziona?<\/h2>\n\n<p class=\"has-text-align-left\">Dopo aver aderito al programma, tutto ci\u00f2 che devi fare \u00e8 inserire un link verso il nostro sito nel tuo. I link contengono un codice speciale che traccia da quale sito proviene un cliente e, quando effettua un ordine presso di noi, ricevi una commissione per ogni articolo acquistato!<\/p>\n\n<p class=\"has-text-align-left\">\u00c8 semplice e trasparente: gestiamo il nostro programma di affiliazione con la piattaforma Target Circle, il che significa che tutte le tue vendite vengono tracciate da un sistema esterno di terze parti, cos\u00ec puoi essere sicuro dei tuoi progressi e ricevere rapporti sui tuoi guadagni.<\/p>\n\n<p><\/p>\n\n<p><\/p>\n\n<h2 class=\"has-text-align-left wp-block-heading\"> Come candidarsi?<strong> <\/strong> <\/h2>\n\n<p class=\"has-text-align-left\"><a href=\"https:\/\/legandgo.targetcircle.com\/signup?ref=legandgo\" target=\"_blank\" rel=\"noreferrer noopener\">Registrati qui<\/a> per diventare un nostro partner affiliato. Se hai domande, non esitare a contattarci all&#8217;indirizzo <a href=\"mailto:affiliate@legandgo.com\">affiliate@legandgo.com<\/a>. Entro tre giorni ti contatteremo con ulteriori istruzioni su come iniziare a guadagnare con noi. Non vediamo l&#8217;ora di conoscerti!<\/p>\n\n<p><\/p>\n\n<p><\/p>\n\n<p><\/p>\n","protected":false},"excerpt":{"rendered":"<p>Chi siamo? Leg&amp;go \u00e8 la prima e unica bicicletta per bambini in legno al mondo che pu\u00f2 essere trasformata in 8 modi diversi, garantendo la sostenibilit\u00e0, il design eccezionale e la qualit\u00e0 duratura che i genitori cercano. Il telaio in legno di alta qualit\u00e0 pu\u00f2 essere regolato in base all&#8217;et\u00e0, alla taglia e alle preferenze<a class=\"excerpt-read-more\" href=\"https:\/\/legandgo.com\/it\/diventa-un-affiliato-leggo\/\" title=\"ReadDiventa un affiliato Leg&amp;go\">&#8230; Read more &raquo;<\/a><\/p>\n","protected":false},"author":1,"featured_media":0,"parent":0,"menu_order":14,"comment_status":"closed","ping_status":"closed","template":"","meta":{"_acf_changed":false,"inline_featured_image":false,"footnotes":""},"class_list":["post-43433","page","type-page","status-publish","hentry"],"acf":[],"yoast_head":"<!-- This site is optimized with the Yoast SEO plugin v25.9 - https:\/\/yoast.com\/wordpress\/plugins\/seo\/ -->\n<title>Diventa un affiliato Leg&amp;go &#183; leg&amp;go<\/title>\n<meta name=\"robots\" content=\"noindex, follow\" \/>\n<meta property=\"og:locale\" content=\"it_IT\" \/>\n<meta property=\"og:type\" content=\"article\" \/>\n<meta property=\"og:title\" content=\"Diventa un affiliato Leg&amp;go &#183; leg&amp;go\" \/>\n<meta property=\"og:description\" content=\"Chi siamo? Leg&amp;go \u00e8 la prima e unica bicicletta per bambini in legno al mondo che pu\u00f2 essere trasformata in 8 modi diversi, garantendo la sostenibilit\u00e0, il design eccezionale e la qualit\u00e0 duratura che i genitori cercano. Il telaio in legno di alta qualit\u00e0 pu\u00f2 essere regolato in base all&#8217;et\u00e0, alla taglia e alle preferenze... Read more &raquo;\" \/>\n<meta property=\"og:url\" content=\"https:\/\/legandgo.com\/it\/diventa-un-affiliato-leggo\/\" \/>\n<meta property=\"og:site_name\" content=\"leg&amp;go\" \/>\n<meta property=\"article:publisher\" content=\"https:\/\/www.facebook.com\/legandgo\" \/>\n<meta property=\"article:modified_time\" content=\"2025-09-19T12:14:58+00:00\" \/>\n<meta property=\"og:image\" content=\"https:\/\/legandgo.com\/wp-content\/uploads\/2021\/02\/572a9dff7e0dea6b91d5e27979d5f64e.jpg\" \/>\n\t<meta property=\"og:image:width\" content=\"1200\" \/>\n\t<meta property=\"og:image:height\" content=\"675\" \/>\n\t<meta property=\"og:image:type\" content=\"image\/jpeg\" \/>\n<meta name=\"twitter:card\" content=\"summary_large_image\" \/>\n<meta name=\"twitter:label1\" content=\"Est. reading time\" \/>\n\t<meta name=\"twitter:data1\" content=\"2 minuti\" \/>\n<script type=\"application\/ld+json\" class=\"yoast-schema-graph\">{\"@context\":\"https:\/\/schema.org\",\"@graph\":[{\"@type\":\"WebPage\",\"@id\":\"https:\/\/legandgo.com\/it\/diventa-un-affiliato-leggo\/\",\"url\":\"https:\/\/legandgo.com\/it\/diventa-un-affiliato-leggo\/\",\"name\":\"Diventa un affiliato Leg&amp;go &#183; leg&amp;go\",\"isPartOf\":{\"@id\":\"https:\/\/legandgo.com\/it\/#website\"},\"primaryImageOfPage\":{\"@id\":\"https:\/\/legandgo.com\/it\/diventa-un-affiliato-leggo\/#primaryimage\"},\"image\":{\"@id\":\"https:\/\/legandgo.com\/it\/diventa-un-affiliato-leggo\/#primaryimage\"},\"thumbnailUrl\":\"https:\/\/legandgo.com\/wp-content\/themes\/legandgo2\/img\/afilliate-header-pc.jpg\",\"datePublished\":\"2025-09-19T12:13:41+00:00\",\"dateModified\":\"2025-09-19T12:14:58+00:00\",\"breadcrumb\":{\"@id\":\"https:\/\/legandgo.com\/it\/diventa-un-affiliato-leggo\/#breadcrumb\"},\"inLanguage\":\"it-IT\",\"potentialAction\":[{\"@type\":\"ReadAction\",\"target\":[\"https:\/\/legandgo.com\/it\/diventa-un-affiliato-leggo\/\"]}]},{\"@type\":\"ImageObject\",\"inLanguage\":\"it-IT\",\"@id\":\"https:\/\/legandgo.com\/it\/diventa-un-affiliato-leggo\/#primaryimage\",\"url\":\"https:\/\/legandgo.com\/wp-content\/themes\/legandgo2\/img\/afilliate-header-pc.jpg\",\"contentUrl\":\"https:\/\/legandgo.com\/wp-content\/themes\/legandgo2\/img\/afilliate-header-pc.jpg\"},{\"@type\":\"BreadcrumbList\",\"@id\":\"https:\/\/legandgo.com\/it\/diventa-un-affiliato-leggo\/#breadcrumb\",\"itemListElement\":[{\"@type\":\"ListItem\",\"position\":1,\"name\":\"Home\",\"item\":\"https:\/\/legandgo.com\/it\/\"},{\"@type\":\"ListItem\",\"position\":2,\"name\":\"Diventa un affiliato Leg&amp;go\"}]},{\"@type\":\"WebSite\",\"@id\":\"https:\/\/legandgo.com\/it\/#website\",\"url\":\"https:\/\/legandgo.com\/it\/\",\"name\":\"leg&amp;go\",\"description\":\"\",\"publisher\":{\"@id\":\"https:\/\/legandgo.com\/it\/#organization\"},\"potentialAction\":[{\"@type\":\"SearchAction\",\"target\":{\"@type\":\"EntryPoint\",\"urlTemplate\":\"https:\/\/legandgo.com\/it\/?s={search_term_string}\"},\"query-input\":{\"@type\":\"PropertyValueSpecification\",\"valueRequired\":true,\"valueName\":\"search_term_string\"}}],\"inLanguage\":\"it-IT\"},{\"@type\":\"Organization\",\"@id\":\"https:\/\/legandgo.com\/it\/#organization\",\"name\":\"leg&go bike\",\"url\":\"https:\/\/legandgo.com\/it\/\",\"logo\":{\"@type\":\"ImageObject\",\"inLanguage\":\"it-IT\",\"@id\":\"https:\/\/legandgo.com\/it\/#\/schema\/logo\/image\/\",\"url\":\"https:\/\/legandgo.com\/wp-content\/uploads\/2021\/03\/logorf.png\",\"contentUrl\":\"https:\/\/legandgo.com\/wp-content\/uploads\/2021\/03\/logorf.png\",\"width\":675,\"height\":216,\"caption\":\"leg&go bike\"},\"image\":{\"@id\":\"https:\/\/legandgo.com\/it\/#\/schema\/logo\/image\/\"},\"sameAs\":[\"https:\/\/www.facebook.com\/legandgo\",\"https:\/\/www.instagram.com\/legandgo\/\",\"https:\/\/www.linkedin.com\/company\/legandgo\/\",\"https:\/\/www.pinterest.com\/legandgo\/\",\"https:\/\/www.youtube.com\/channel\/UC_FBzWPmKWE0g7fcR4Xdfuw\/\"]}]}<\/script>\n<!-- \/ Yoast SEO plugin. -->","yoast_head_json":{"title":"Diventa un affiliato Leg&amp;go &#183; leg&amp;go","robots":{"index":"noindex","follow":"follow"},"og_locale":"it_IT","og_type":"article","og_title":"Diventa un affiliato Leg&amp;go &#183; leg&amp;go","og_description":"Chi siamo? Leg&amp;go \u00e8 la prima e unica bicicletta per bambini in legno al mondo che pu\u00f2 essere trasformata in 8 modi diversi, garantendo la sostenibilit\u00e0, il design eccezionale e la qualit\u00e0 duratura che i genitori cercano. Il telaio in legno di alta qualit\u00e0 pu\u00f2 essere regolato in base all&#8217;et\u00e0, alla taglia e alle preferenze... Read more &raquo;","og_url":"https:\/\/legandgo.com\/it\/diventa-un-affiliato-leggo\/","og_site_name":"leg&amp;go","article_publisher":"https:\/\/www.facebook.com\/legandgo","article_modified_time":"2025-09-19T12:14:58+00:00","og_image":[{"width":1200,"height":675,"url":"https:\/\/legandgo.com\/wp-content\/uploads\/2021\/02\/572a9dff7e0dea6b91d5e27979d5f64e.jpg","type":"image\/jpeg"}],"twitter_card":"summary_large_image","twitter_misc":{"Est. reading time":"2 minuti"},"schema":{"@context":"https:\/\/schema.org","@graph":[{"@type":"WebPage","@id":"https:\/\/legandgo.com\/it\/diventa-un-affiliato-leggo\/","url":"https:\/\/legandgo.com\/it\/diventa-un-affiliato-leggo\/","name":"Diventa un affiliato Leg&amp;go &#183; leg&amp;go","isPartOf":{"@id":"https:\/\/legandgo.com\/it\/#website"},"primaryImageOfPage":{"@id":"https:\/\/legandgo.com\/it\/diventa-un-affiliato-leggo\/#primaryimage"},"image":{"@id":"https:\/\/legandgo.com\/it\/diventa-un-affiliato-leggo\/#primaryimage"},"thumbnailUrl":"https:\/\/legandgo.com\/wp-content\/themes\/legandgo2\/img\/afilliate-header-pc.jpg","datePublished":"2025-09-19T12:13:41+00:00","dateModified":"2025-09-19T12:14:58+00:00","breadcrumb":{"@id":"https:\/\/legandgo.com\/it\/diventa-un-affiliato-leggo\/#breadcrumb"},"inLanguage":"it-IT","potentialAction":[{"@type":"ReadAction","target":["https:\/\/legandgo.com\/it\/diventa-un-affiliato-leggo\/"]}]},{"@type":"ImageObject","inLanguage":"it-IT","@id":"https:\/\/legandgo.com\/it\/diventa-un-affiliato-leggo\/#primaryimage","url":"https:\/\/legandgo.com\/wp-content\/themes\/legandgo2\/img\/afilliate-header-pc.jpg","contentUrl":"https:\/\/legandgo.com\/wp-content\/themes\/legandgo2\/img\/afilliate-header-pc.jpg"},{"@type":"BreadcrumbList","@id":"https:\/\/legandgo.com\/it\/diventa-un-affiliato-leggo\/#breadcrumb","itemListElement":[{"@type":"ListItem","position":1,"name":"Home","item":"https:\/\/legandgo.com\/it\/"},{"@type":"ListItem","position":2,"name":"Diventa un affiliato Leg&amp;go"}]},{"@type":"WebSite","@id":"https:\/\/legandgo.com\/it\/#website","url":"https:\/\/legandgo.com\/it\/","name":"leg&amp;go","description":"","publisher":{"@id":"https:\/\/legandgo.com\/it\/#organization"},"potentialAction":[{"@type":"SearchAction","target":{"@type":"EntryPoint","urlTemplate":"https:\/\/legandgo.com\/it\/?s={search_term_string}"},"query-input":{"@type":"PropertyValueSpecification","valueRequired":true,"valueName":"search_term_string"}}],"inLanguage":"it-IT"},{"@type":"Organization","@id":"https:\/\/legandgo.com\/it\/#organization","name":"leg&go bike","url":"https:\/\/legandgo.com\/it\/","logo":{"@type":"ImageObject","inLanguage":"it-IT","@id":"https:\/\/legandgo.com\/it\/#\/schema\/logo\/image\/","url":"https:\/\/legandgo.com\/wp-content\/uploads\/2021\/03\/logorf.png","contentUrl":"https:\/\/legandgo.com\/wp-content\/uploads\/2021\/03\/logorf.png","width":675,"height":216,"caption":"leg&go bike"},"image":{"@id":"https:\/\/legandgo.com\/it\/#\/schema\/logo\/image\/"},"sameAs":["https:\/\/www.facebook.com\/legandgo","https:\/\/www.instagram.com\/legandgo\/","https:\/\/www.linkedin.com\/company\/legandgo\/","https:\/\/www.pinterest.com\/legandgo\/","https:\/\/www.youtube.com\/channel\/UC_FBzWPmKWE0g7fcR4Xdfuw\/"]}]}},"_links":{"self":[{"href":"https:\/\/legandgo.com\/it\/wp-json\/wp\/v2\/pages\/43433","targetHints":{"allow":["GET"]}}],"collection":[{"href":"https:\/\/legandgo.com\/it\/wp-json\/wp\/v2\/pages"}],"about":[{"href":"https:\/\/legandgo.com\/it\/wp-json\/wp\/v2\/types\/page"}],"author":[{"embeddable":true,"href":"https:\/\/legandgo.com\/it\/wp-json\/wp\/v2\/users\/1"}],"replies":[{"embeddable":true,"href":"https:\/\/legandgo.com\/it\/wp-json\/wp\/v2\/comments?post=43433"}],"version-history":[{"count":1,"href":"https:\/\/legandgo.com\/it\/wp-json\/wp\/v2\/pages\/43433\/revisions"}],"predecessor-version":[{"id":43434,"href":"https:\/\/legandgo.com\/it\/wp-json\/wp\/v2\/pages\/43433\/revisions\/43434"}],"wp:attachment":[{"href":"https:\/\/legandgo.com\/it\/wp-json\/wp\/v2\/media?parent=43433"}],"curies":[{"name":"wp","href":"https:\/\/api.w.org\/{rel}","templated":true}]}}